{"id":8934,"date":"2022-06-30T13:06:18","date_gmt":"2022-06-30T13:06:18","guid":{"rendered":"https:\/\/www.rppiscinas.com\/pt\/?page_id=8934"},"modified":"2022-07-07T14:38:00","modified_gmt":"2022-07-07T14:38:00","slug":"piscinas-soleo","status":"publish","type":"page","link":"https:\/\/www.rppiscinas.com\/pt\/piscinas-soleo\/","title":{"rendered":"Piscinas Soleo"},"content":{"rendered":"<div id='layer_slider_1' class='avia-layerslider main_color avia-shadow  avia-builder-el-0  el_before_av_section  avia-builder-el-first  container_wrap fullsize' style='  height: 621px;' ><\/div>\n<section class=\"av_textblock_section \"  itemscope=\"itemscope\" itemtype=\"https:\/\/schema.org\/CreativeWork\" ><div class='avia_textblock  '   itemprop=\"text\" ><p>Click here to add your own text<\/p>\n<\/div><\/section>\n<div id='av_section_1' class='avia-section main_color avia-section-default avia-no-border-styling avia-bg-style-scroll  avia-builder-el-1  el_after_av_layerslider  el_before_av_layout_row    av-minimum-height av-minimum-height-100 container_wrap fullsize' style='background-color: #0099e5;  '  ><div class='container' ><div class='template-page content  av-content-full alpha units'><div class='post-entry post-entry-type-page post-entry-8934'><div class='entry-content-wrapper clearfix'>\n<div class=\"flex_column av_one_full  av-animated-generic fade-in  flex_column_div av-zero-column-padding first  avia-builder-el-2  el_before_av_one_full  avia-builder-el-first   \" style='margin-top:90px; margin-bottom:30px; border-radius:0px; '><section class=\"av_textblock_section \"  itemscope=\"itemscope\" itemtype=\"https:\/\/schema.org\/CreativeWork\" ><div class='avia_textblock  av_inherit_color '  style='color:#ffffff; '  itemprop=\"text\" ><h1 style=\"text-align: center;\">Conhe\u00e7a uma piscina Soleo<\/h1>\n<\/div><\/section><\/div><div class=\"flex_column av_one_fifth  flex_column_div av-zero-column-padding first   \" style='border-radius:0px; '><\/div><div class=\"flex_column av_three_fifth  av-animated-generic fade-in  flex_column_div av-zero-column-padding    \" style='border-radius:0px; '><p><section class=\"av_textblock_section \"  itemscope=\"itemscope\" itemtype=\"https:\/\/schema.org\/CreativeWork\" ><div class='avia_textblock  '   itemprop=\"text\" ><p>As piscinas Soleo, al\u00e9m da sua simplicidade e rapidezde instala\u00e7\u00e3o, oferecerem o m\u00e1ximo de conforto aos seus utilizadores. Versatil, adapta-se aos diferentes tipos de clima e solo, permitindo uma infinita possibilidade de piscinas de qualidade superior. \u00c9, ainda, perfeita para a aplica\u00e7\u00e3o de todo o tipo de acabamentos de alta qualidade.<\/p>\n<p>O seu sistema modular, em pain\u00e9is de a\u00e7o de \u00faltima gera\u00e7\u00e3o, \u00e9 patenteado pelo Grupo RPI e traduz-se na melhor alternativa \u00e0s estruturas tradicionais de bet\u00e3o e \u00e0s piscinas pr\u00e9-fabricadas de fibra.<\/p>\n<\/div><\/section><br \/>\n<div style='height:50px' class='hr hr-invisible   '><span class='hr-inner ' ><span class='hr-inner-style'><\/span><\/span><\/div><br \/>\n<div class='avia-button-wrap avia-button-center  '><a href='https:\/\/www.rppiscinas.com\/pt\/homepage\/orcamento-piscina\/'  class='avia-button   avia-icon_select-no avia-color-light avia-size-x-large avia-position-center '   ><span class='avia_iconbox_title' >PEDIR OR\u00c7AMENTO<\/span><\/a><\/div><\/p><\/div><div class=\"flex_column av_one_fifth  flex_column_div av-zero-column-padding    \" style='border-radius:0px; '><\/div>\n\n<div id='av-layout-grid-1' class='av-layout-grid-container entry-content-wrapper main_color av-flex-cells     av-cell-min-height av-cell-min-height-25 container_wrap fullsize' style=' '  >\n<div class=\"flex_cell no_margin av_one_half    av-zero-padding \" style='vertical-align:top; padding:0px; '><div class='flex_cell_inner' ><\/div><\/div><div class=\"flex_cell no_margin av_one_half    \" style='vertical-align:middle; padding:30px 90px 30px 90px ; '><div class='flex_cell_inner' ><section class=\"av_textblock_section \"  itemscope=\"itemscope\" itemtype=\"https:\/\/schema.org\/CreativeWork\" ><div class='avia_textblock  '   itemprop=\"text\" ><h1>Soleo skimmer<\/h1>\n<\/div><\/section><br \/>\n<section class=\"av_textblock_section \"  itemscope=\"itemscope\" itemtype=\"https:\/\/schema.org\/CreativeWork\" ><div class='avia_textblock  '   itemprop=\"text\" ><p>As possibilidades de instala\u00e7\u00e3o das piscinas Soleo s\u00e3o inesgot\u00e1veis, independentemente da configura\u00e7\u00e3o ou natureza do terreno (plano, c\u00f4ncavo, com inclina\u00e7\u00e3o acentuada, em socalcos ou at\u00e9 com uma nascente de \u00e1gua). As piscinas Soleo, desenvolvidas com tecnologia de ponta, apresentam uma gama de piscinas de 4 tipologias distintas.<\/p>\n<\/div><\/section><br \/>\n<div class='avia-button-wrap avia-button-left  '><a href=''  class='avia-button   avia-icon_select-no avia-color-custom avia-size-large avia-position-left '  style='background-color:#444444; border-color:#444444; color:#ffffff; ' ><span class='avia_iconbox_title' >SAIBA MAIS<\/span><\/a><\/div><br \/>\n<div class='avia-button-wrap avia-button-left  '><a href=''  class='avia-button   avia-icon_select-no avia-color-dark avia-size-large avia-position-left '   ><span class='avia_iconbox_title' >PEDIR OR\u00c7AMENTO<\/span><\/a><\/div><\/p>\n<\/div><\/div>\n<\/div>\n<div id='av-layout-grid-2' class='av-layout-grid-container entry-content-wrapper main_color av-flex-cells     av-cell-min-height av-cell-min-height-25 container_wrap fullsize' style=' '  >\n<div class=\"flex_cell no_margin av_one_half    \" style='vertical-align:middle; padding:30px 90px 30px 90px ; '><div class='flex_cell_inner' ><section class=\"av_textblock_section \"  itemscope=\"itemscope\" itemtype=\"https:\/\/schema.org\/CreativeWork\" ><div class='avia_textblock  '   itemprop=\"text\" ><h1>Soleo infinity<\/h1>\n<\/div><\/section><br \/>\n<section class=\"av_textblock_section \"  itemscope=\"itemscope\" itemtype=\"https:\/\/schema.org\/CreativeWork\" ><div class='avia_textblock  '   itemprop=\"text\" ><p>As possibilidades de instala\u00e7\u00e3o das piscinas Soleo s\u00e3o inesgot\u00e1veis, independentemente da configura\u00e7\u00e3o ou natureza do terreno (plano, c\u00f4ncavo, com inclina\u00e7\u00e3o acentuada, em socalcos ou at\u00e9 com uma nascente de \u00e1gua). As piscinas Soleo, desenvolvidas com tecnologia de ponta, apresentam uma gama de piscinas de 4 tipologias distintas.<\/p>\n<\/div><\/section><br \/>\n<div class='avia-button-wrap avia-button-left  '><a href=''  class='avia-button   avia-icon_select-no avia-color-custom avia-size-large avia-position-left '  style='background-color:#444444; border-color:#444444; color:#ffffff; ' ><span class='avia_iconbox_title' >SAIBA MAIS<\/span><\/a><\/div><br \/>\n<div class='avia-button-wrap avia-button-left  '><a href=''  class='avia-button   avia-icon_select-no avia-color-dark avia-size-large avia-position-left '   ><span class='avia_iconbox_title' >PEDIR OR\u00c7AMENTO<\/span><\/a><\/div><\/p>\n<\/div><\/div><div class=\"flex_cell no_margin av_one_half    av-zero-padding \" style='vertical-align:middle; padding:0px; '><div class='flex_cell_inner' ><\/div><\/div>\n<\/div>\n<div id='av-layout-grid-3' class='av-layout-grid-container entry-content-wrapper main_color av-flex-cells     av-cell-min-height av-cell-min-height-25 container_wrap fullsize' style=' '  >\n<div class=\"flex_cell no_margin av_one_half    av-zero-padding \" style='vertical-align:top; padding:0px; '><div class='flex_cell_inner' ><\/div><\/div><div class=\"flex_cell no_margin av_one_half    \" style='vertical-align:middle; padding:30px 90px 30px 90px ; '><div class='flex_cell_inner' ><section class=\"av_textblock_section \"  itemscope=\"itemscope\" itemtype=\"https:\/\/schema.org\/CreativeWork\" ><div class='avia_textblock  '   itemprop=\"text\" ><h1>Soleo overflow<\/h1>\n<\/div><\/section><br \/>\n<section class=\"av_textblock_section \"  itemscope=\"itemscope\" itemtype=\"https:\/\/schema.org\/CreativeWork\" ><div class='avia_textblock  '   itemprop=\"text\" ><p>As possibilidades de instala\u00e7\u00e3o das piscinas Soleo s\u00e3o inesgot\u00e1veis, independentemente da configura\u00e7\u00e3o ou natureza do terreno (plano, c\u00f4ncavo, com inclina\u00e7\u00e3o acentuada, em socalcos ou at\u00e9 com uma nascente de \u00e1gua). As piscinas Soleo, desenvolvidas com tecnologia de ponta, apresentam uma gama de piscinas de 4 tipologias distintas.<\/p>\n<\/div><\/section><br \/>\n<div class='avia-button-wrap avia-button-left  '><a href=''  class='avia-button   avia-icon_select-no avia-color-custom avia-size-large avia-position-left '  style='background-color:#444444; border-color:#444444; color:#ffffff; ' ><span class='avia_iconbox_title' >SAIBA MAIS<\/span><\/a><\/div><br \/>\n<div class='avia-button-wrap avia-button-left  '><a href=''  class='avia-button   avia-icon_select-no avia-color-dark avia-size-large avia-position-left '   ><span class='avia_iconbox_title' >PEDIR OR\u00c7AMENTO<\/span><\/a><\/div><\/p>\n<\/div><\/div>\n<\/div>\n","protected":false},"excerpt":{"rendered":"","protected":false},"author":1,"featured_media":0,"parent":0,"menu_order":0,"comment_status":"closed","ping_status":"closed","template":"","meta":[],"yoast_head":"<!-- This site is optimized with the Yoast SEO plugin v20.3 - https:\/\/yoast.com\/wordpress\/plugins\/seo\/ -->\n<title>Piscinas Soleo - Soleo Piscinas<\/title>\n<meta name=\"robots\" content=\"index, follow, max-snippet:-1, max-image-preview:large, max-video-preview:-1\" \/>\n<link rel=\"canonical\" href=\"https:\/\/www.rppiscinas.com\/pt\/piscinas-soleo\/\" \/>\n<meta property=\"og:locale\" content=\"pt_PT\" \/>\n<meta property=\"og:type\" content=\"article\" \/>\n<meta property=\"og:title\" content=\"Piscinas Soleo - Soleo Piscinas\" \/>\n<meta property=\"og:url\" content=\"https:\/\/www.rppiscinas.com\/pt\/piscinas-soleo\/\" \/>\n<meta property=\"og:site_name\" content=\"Soleo Piscinas\" \/>\n<meta property=\"article:publisher\" content=\"https:\/\/www.facebook.com\/soleopiscinas\" \/>\n<meta property=\"article:modified_time\" content=\"2022-07-07T14:38:00+00:00\" \/>\n<meta property=\"og:image\" content=\"https:\/\/www.rppiscinas.com\/pt\/wp-content\/uploads\/2018\/06\/piscina1.jpg\" \/>\n\t<meta property=\"og:image:width\" content=\"1200\" \/>\n\t<meta property=\"og:image:height\" content=\"603\" \/>\n\t<meta property=\"og:image:type\" content=\"image\/jpeg\" \/>\n<meta name=\"twitter:label1\" content=\"Tempo estimado de leitura\" \/>\n\t<meta name=\"twitter:data1\" content=\"12 minutos\" \/>\n<script type=\"application\/ld+json\" class=\"yoast-schema-graph\">{\"@context\":\"https:\/\/schema.org\",\"@graph\":[{\"@type\":\"WebPage\",\"@id\":\"https:\/\/www.rppiscinas.com\/pt\/piscinas-soleo\/\",\"url\":\"https:\/\/www.rppiscinas.com\/pt\/piscinas-soleo\/\",\"name\":\"Piscinas Soleo - Soleo Piscinas\",\"isPartOf\":{\"@id\":\"https:\/\/www.rppiscinas.com\/pt\/#website\"},\"datePublished\":\"2022-06-30T13:06:18+00:00\",\"dateModified\":\"2022-07-07T14:38:00+00:00\",\"breadcrumb\":{\"@id\":\"https:\/\/www.rppiscinas.com\/pt\/piscinas-soleo\/#breadcrumb\"},\"inLanguage\":\"pt-PT\",\"potentialAction\":[{\"@type\":\"ReadAction\",\"target\":[\"https:\/\/www.rppiscinas.com\/pt\/piscinas-soleo\/\"]}]},{\"@type\":\"BreadcrumbList\",\"@id\":\"https:\/\/www.rppiscinas.com\/pt\/piscinas-soleo\/#breadcrumb\",\"itemListElement\":[{\"@type\":\"ListItem\",\"position\":1,\"name\":\"Home\",\"item\":\"https:\/\/www.rppiscinas.com\/pt\/\"},{\"@type\":\"ListItem\",\"position\":2,\"name\":\"Piscinas Soleo\"}]},{\"@type\":\"WebSite\",\"@id\":\"https:\/\/www.rppiscinas.com\/pt\/#website\",\"url\":\"https:\/\/www.rppiscinas.com\/pt\/\",\"name\":\"Soleo Piscinas\",\"description\":\"Mais do que uma piscina\",\"publisher\":{\"@id\":\"https:\/\/www.rppiscinas.com\/pt\/#organization\"},\"alternateName\":\"Soleo Piscinas\",\"potentialAction\":[{\"@type\":\"SearchAction\",\"target\":{\"@type\":\"EntryPoint\",\"urlTemplate\":\"https:\/\/www.rppiscinas.com\/pt\/?s={search_term_string}\"},\"query-input\":\"required name=search_term_string\"}],\"inLanguage\":\"pt-PT\"},{\"@type\":\"Organization\",\"@id\":\"https:\/\/www.rppiscinas.com\/pt\/#organization\",\"name\":\"Soleo Piscinas\",\"url\":\"https:\/\/www.rppiscinas.com\/pt\/\",\"logo\":{\"@type\":\"ImageObject\",\"inLanguage\":\"pt-PT\",\"@id\":\"https:\/\/www.rppiscinas.com\/pt\/#\/schema\/logo\/image\/\",\"url\":\"https:\/\/www.rppiscinas.com\/pt\/wp-content\/uploads\/2025\/03\/logowebsite-1.png\",\"contentUrl\":\"https:\/\/www.rppiscinas.com\/pt\/wp-content\/uploads\/2025\/03\/logowebsite-1.png\",\"width\":160,\"height\":75,\"caption\":\"Soleo Piscinas\"},\"image\":{\"@id\":\"https:\/\/www.rppiscinas.com\/pt\/#\/schema\/logo\/image\/\"},\"sameAs\":[\"https:\/\/www.facebook.com\/soleopiscinas\",\"https:\/\/www.instagram.com\/soleopiscinas\/\",\"https:\/\/pt.pinterest.com\/soleopiscinas\/\"]}]}<\/script>\n<!-- \/ Yoast SEO plugin. -->","yoast_head_json":{"title":"Piscinas Soleo - Soleo Piscinas","robots":{"index":"index","follow":"follow","max-snippet":"max-snippet:-1","max-image-preview":"max-image-preview:large","max-video-preview":"max-video-preview:-1"},"canonical":"https:\/\/www.rppiscinas.com\/pt\/piscinas-soleo\/","og_locale":"pt_PT","og_type":"article","og_title":"Piscinas Soleo - Soleo Piscinas","og_url":"https:\/\/www.rppiscinas.com\/pt\/piscinas-soleo\/","og_site_name":"Soleo Piscinas","article_publisher":"https:\/\/www.facebook.com\/soleopiscinas","article_modified_time":"2022-07-07T14:38:00+00:00","og_image":[{"width":1200,"height":603,"url":"https:\/\/www.rppiscinas.com\/pt\/wp-content\/uploads\/2018\/06\/piscina1.jpg","type":"image\/jpeg"}],"twitter_misc":{"Tempo estimado de leitura":"12 minutos"},"schema":{"@context":"https:\/\/schema.org","@graph":[{"@type":"WebPage","@id":"https:\/\/www.rppiscinas.com\/pt\/piscinas-soleo\/","url":"https:\/\/www.rppiscinas.com\/pt\/piscinas-soleo\/","name":"Piscinas Soleo - Soleo Piscinas","isPartOf":{"@id":"https:\/\/www.rppiscinas.com\/pt\/#website"},"datePublished":"2022-06-30T13:06:18+00:00","dateModified":"2022-07-07T14:38:00+00:00","breadcrumb":{"@id":"https:\/\/www.rppiscinas.com\/pt\/piscinas-soleo\/#breadcrumb"},"inLanguage":"pt-PT","potentialAction":[{"@type":"ReadAction","target":["https:\/\/www.rppiscinas.com\/pt\/piscinas-soleo\/"]}]},{"@type":"BreadcrumbList","@id":"https:\/\/www.rppiscinas.com\/pt\/piscinas-soleo\/#breadcrumb","itemListElement":[{"@type":"ListItem","position":1,"name":"Home","item":"https:\/\/www.rppiscinas.com\/pt\/"},{"@type":"ListItem","position":2,"name":"Piscinas Soleo"}]},{"@type":"WebSite","@id":"https:\/\/www.rppiscinas.com\/pt\/#website","url":"https:\/\/www.rppiscinas.com\/pt\/","name":"Soleo Piscinas","description":"Mais do que uma piscina","publisher":{"@id":"https:\/\/www.rppiscinas.com\/pt\/#organization"},"alternateName":"Soleo Piscinas","potentialAction":[{"@type":"SearchAction","target":{"@type":"EntryPoint","urlTemplate":"https:\/\/www.rppiscinas.com\/pt\/?s={search_term_string}"},"query-input":"required name=search_term_string"}],"inLanguage":"pt-PT"},{"@type":"Organization","@id":"https:\/\/www.rppiscinas.com\/pt\/#organization","name":"Soleo Piscinas","url":"https:\/\/www.rppiscinas.com\/pt\/","logo":{"@type":"ImageObject","inLanguage":"pt-PT","@id":"https:\/\/www.rppiscinas.com\/pt\/#\/schema\/logo\/image\/","url":"https:\/\/www.rppiscinas.com\/pt\/wp-content\/uploads\/2025\/03\/logowebsite-1.png","contentUrl":"https:\/\/www.rppiscinas.com\/pt\/wp-content\/uploads\/2025\/03\/logowebsite-1.png","width":160,"height":75,"caption":"Soleo Piscinas"},"image":{"@id":"https:\/\/www.rppiscinas.com\/pt\/#\/schema\/logo\/image\/"},"sameAs":["https:\/\/www.facebook.com\/soleopiscinas","https:\/\/www.instagram.com\/soleopiscinas\/","https:\/\/pt.pinterest.com\/soleopiscinas\/"]}]}},"_links":{"self":[{"href":"https:\/\/www.rppiscinas.com\/pt\/wp-json\/wp\/v2\/pages\/8934"}],"collection":[{"href":"https:\/\/www.rppiscinas.com\/pt\/wp-json\/wp\/v2\/pages"}],"about":[{"href":"https:\/\/www.rppiscinas.com\/pt\/wp-json\/wp\/v2\/types\/page"}],"author":[{"embeddable":true,"href":"https:\/\/www.rppiscinas.com\/pt\/wp-json\/wp\/v2\/users\/1"}],"replies":[{"embeddable":true,"href":"https:\/\/www.rppiscinas.com\/pt\/wp-json\/wp\/v2\/comments?post=8934"}],"version-history":[{"count":31,"href":"https:\/\/www.rppiscinas.com\/pt\/wp-json\/wp\/v2\/pages\/8934\/revisions"}],"predecessor-version":[{"id":19839,"href":"https:\/\/www.rppiscinas.com\/pt\/wp-json\/wp\/v2\/pages\/8934\/revisions\/19839"}],"wp:attachment":[{"href":"https:\/\/www.rppiscinas.com\/pt\/wp-json\/wp\/v2\/media?parent=8934"}],"curies":[{"name":"wp","href":"https:\/\/api.w.org\/{rel}","templated":true}]}}