{"id":8634,"date":"2022-05-11T14:54:14","date_gmt":"2022-05-11T14:54:14","guid":{"rendered":"https:\/\/www.rppiscinas.com\/pt\/?page_id=8634"},"modified":"2023-02-20T17:38:55","modified_gmt":"2023-02-20T17:38:55","slug":"politica-de-responsabilidade-social","status":"publish","type":"page","link":"https:\/\/www.rppiscinas.com\/pt\/politica-de-responsabilidade-social\/","title":{"rendered":"Pol\u00edtica de Responsabilidade social"},"content":{"rendered":"<div class=\"flex_column av_one_full  flex_column_div av-zero-column-padding first  avia-builder-el-0  avia-builder-el-no-sibling  \" style='border-radius:0px; '><div class=\"togglecontainer   toggle_close_all  avia-builder-el-1  avia-builder-el-no-sibling  \" >\n<section class=\"av_toggle_section\"  itemscope=\"itemscope\" itemtype=\"https:\/\/schema.org\/CreativeWork\"  >    <div class=\"single_toggle\" data-tags=\"{All} \"  >        <p data-fake-id=\"#toggle-id-1\" class=\"toggler \"  itemprop=\"headline\"   >POL\u00cdTICA DE RESPONSABILIDADE SOCIAL<span class=\"toggle_icon\" >        <span class=\"vert_icon\"><\/span><span class=\"hor_icon\"><\/span><\/span><\/p>        <div id=\"toggle-id-1-container\" class=\"toggle_wrap \"  >            <div class=\"toggle_content invers-color \"  itemprop=\"text\"   ><p>A Pol\u00edtica de Responsabilidade social da<strong> R.P Industries S.A<\/strong> encontra-se alinhada com os princ\u00edpios de Responsabilidade Social SMETA, orientando e mobilizando a <strong>R.P Industries S.A<\/strong> e os seus colaboradores na procura da constante melhoria cont\u00ednua e da efic\u00e1cia e efici\u00eancia do Sistema de Gest\u00e3o de Responsabilidade Social, observando os princ\u00edpios:<\/p>\n<h4><strong>O Emprego \u00e9 Escolhido livremente<\/strong><\/h4>\n<p>A <strong>R.P Industries S.A<\/strong> n\u00e3o recorre nem admite o uso de trabalho for\u00e7ado, escravo ou n\u00e3o volunt\u00e1rio quer seja atrav\u00e9s de uma obriga\u00e7\u00e3o f\u00edsica, por via de amea\u00e7as ou outros m\u00e9todos for\u00e7ados ou participando em tr\u00e1fico de seres humanos para explora\u00e7\u00e3o laboral, nem ret\u00e9m quaisquer documentos do colaborador.<\/p>\n<p>Respeito pela Liberdade de Associa\u00e7\u00e3o e Negocia\u00e7\u00f5es Coletivas<\/p>\n<p>A <strong>R.P Industries S.A<\/strong> respeita o direito dos trabalhadores \u00e0 cria\u00e7\u00e3o de sindicatos ou outros tipos de associa\u00e7\u00f5es de trabalhadores e \u00e0 participa\u00e7\u00e3o em negocia\u00e7\u00f5es coletivas, facilitando este processo.<\/p>\n<h4><strong>Seguran\u00e7a e higiene nas Condi\u00e7\u00f5es de Trabalho<\/strong><\/h4>\n<p>A <strong>R.P Industries S.A<\/strong> garante o cumprimento das normas de seguran\u00e7a, sa\u00fade, higiene e bem-estar no local de trabalho.<\/p>\n<p>Para isso:<\/p>\n<p>Assegura um ambiente de trabalho seguro e saud\u00e1vel, tomando as medidas adequadas de forma a evitar acidentes de trabalho;<\/p>\n<p>Tem organizado servi\u00e7os de sa\u00fade e seguran\u00e7a com vista a minimizar a probabilidade de doen\u00e7as profissionais e acidentes de trabalho;<\/p>\n<p>Disponibiliza forma\u00e7\u00e3o regular nesta mat\u00e9ria a todos os colaboradores da<strong> R.P Industries S.A.<\/strong><\/p>\n<h4><strong>N\u00e3o ao Trabalho Infantil<\/strong><\/h4>\n<p>A<strong> R.P Industries S.A<\/strong> n\u00e3o recorre nem admite o uso de trabalho infantil, n\u00e3o expondo, deste modo, jovens trabalhadores a situa\u00e7\u00f5es perigosas.<\/p>\n<p>Tamb\u00e9m no relacionamento com os seus fornecedores, a <strong>R.P Industries S.A<\/strong> sensibiliza para esta pr\u00e1tica.<\/p>\n<h4><strong>Dignidade nos sal\u00e1rios<\/strong><\/h4>\n<p>A <strong>R.P Industries S.A<\/strong> garante que o sal\u00e1rio pago diretamente ao colaborador, \u00e9 pelo menos igual ao m\u00ednimo legal.<\/p>\n<p>e assegura que os sal\u00e1rios e demais presta\u00e7\u00f5es s\u00e3o pagas em total conformidade com as leis aplic\u00e1veis.<\/p>\n<h4><strong>Horas de Trabalho n\u00e3o excessivas<\/strong><\/h4>\n<p>A <strong>R.P Industries S.A c<\/strong>umpre a legisla\u00e7\u00e3o relativa ao hor\u00e1rio de trabalho.<\/p>\n<h4><strong>N\u00e3o \u00e0 Discrimina\u00e7\u00e3o<\/strong><\/h4>\n<p>A <strong>R.P Industries S.A<\/strong> reprova qualquer forma de discrimina\u00e7\u00e3o, seja em raz\u00e3o da ra\u00e7a, etnia, sexo, idade, defici\u00eancia f\u00edsica, convic\u00e7\u00e3o religiosa, opini\u00e3o ou filia\u00e7\u00e3o pol\u00edtica ou perten\u00e7a a sindicato e garante a igualdade de oportunidades.<\/p>\n<h4>Trabalho Regular ser\u00e1 proporcionado<\/h4>\n<p>A <strong>R.P Industries S.A<\/strong> contrata trabalhadores com base em contratos documentados de acordo com a legisla\u00e7\u00e3o, visando a estabilidade no trabalho.<\/p>\n<h4>N\u00e3o ao tratamento Desumano e Severo<\/h4>\n<p>A <strong>R.P Industries S.A<\/strong> n\u00e3o tolera nem colabora com qualquer tipo de abuso f\u00edsico ou disciplinar, amea\u00e7a de abuso f\u00edsico, sexual ou outros tipos de ass\u00e9dio e abuso verbal ou outras formas de intimida\u00e7\u00e3o.<\/p>\n            <\/div>        <\/div>    <\/div><\/section>\n<section class=\"av_toggle_section\"  itemscope=\"itemscope\" itemtype=\"https:\/\/schema.org\/CreativeWork\"  >    <div class=\"single_toggle\" data-tags=\"{All} \"  >        <p data-fake-id=\"#toggle-id-2\" class=\"toggler \"  itemprop=\"headline\"   >POL\u00cdTICA AMBIENTAL<span class=\"toggle_icon\" >        <span class=\"vert_icon\"><\/span><span class=\"hor_icon\"><\/span><\/span><\/p>        <div id=\"toggle-id-2-container\" class=\"toggle_wrap \"  >            <div class=\"toggle_content invers-color \"  itemprop=\"text\"   ><p>No \u00e2mbito das nossas preocupa\u00e7\u00f5es ambientais encontram-se a Biodiversidade, as Altera\u00e7\u00f5es Clim\u00e1ticas e a Gest\u00e3o de Res\u00edduos, refletidas nos seguintes princ\u00edpios de atua\u00e7\u00e3o:<\/p>\n<ul>\n<li>\u00a0Procurar o crescimento econ\u00f3mico com respeito pela prote\u00e7\u00e3o do Ambiente;<\/li>\n<li>Controlar os aspetos ambientais que possam ter impacto na <strong>R.P Industries S.A<\/strong> e nas partes com as quais se relaciona;<\/li>\n<li>Promover e incentivar pr\u00e1ticas de gest\u00e3o ambiental e ecoefici\u00eancia ao longo da cadeia de fornecimento.<\/li>\n<\/ul>\n            <\/div>        <\/div>    <\/div><\/section>\n<section class=\"av_toggle_section\"  itemscope=\"itemscope\" itemtype=\"https:\/\/schema.org\/CreativeWork\"  >    <div class=\"single_toggle\" data-tags=\"{All} \"  >        <p data-fake-id=\"#toggle-id-3\" class=\"toggler \"  itemprop=\"headline\"   >POL\u00cdTICA DE \u00c9TICA E ANTI-CORRUP\u00c7\u00c3O<span class=\"toggle_icon\" >        <span class=\"vert_icon\"><\/span><span class=\"hor_icon\"><\/span><\/span><\/p>        <div id=\"toggle-id-3-container\" class=\"toggle_wrap \"  >            <div class=\"toggle_content invers-color \"  itemprop=\"text\"   ><p>Acreditamos que a concretiza\u00e7\u00e3o dos nossos interesses de longo prazo est\u00e1 necessariamente alicer\u00e7ada no estrito cumprimento dos mais elevados padr\u00f5es de conduta \u00e9tica. Assumimos a convic\u00e7\u00e3o de que as preocupa\u00e7\u00f5es di\u00e1rias com a efici\u00eancia ou o crescimento econ\u00f3mico n\u00e3o podem ser dissociadas de uma conduta \u00e9tica e respons\u00e1vel. Todos aqueles que se relacionam connosco nas nossas atividades comerciais, institucionais e sociais, t\u00eam interesse leg\u00edtimo na transpar\u00eancia, no di\u00e1logo e na atitude \u00e9tica da<strong> R.P Industries S.A<\/strong> e dos seus colaboradores.<br \/>\nAssim, assumimos o compromisso com uma conduta \u00e9tica nos nossos relacionamentos internos e externos, tendo como objetivo o refor\u00e7o dos padr\u00f5es \u00e9ticos aplic\u00e1veis e a cria\u00e7\u00e3o de um ambiente de trabalho que promova o respeito, a integridade e a equidade.<br \/>\nEsta Pol\u00edtica \u00e9 aplic\u00e1vel a todos os colaboradores, vinculando os mesmos, independentemente da sua fun\u00e7\u00e3o ou posi\u00e7\u00e3o hier\u00e1rquica:<\/p>\n<h4>Atividades Pol\u00edticas e Sindicais<\/h4>\n<p>No exerc\u00edcio de atividades pol\u00edtico-partid\u00e1rias ou sindicais, os colaboradores devem respeitar os princ\u00edpios constitucionais e o quadro legal aplic\u00e1vel, devendo agir com prud\u00eancia e respeito, de modo a evitar conflitos e a preservar a independ\u00eancia.<\/p>\n<h4>Recurso a Atividades Ilegais e Il\u00edcitas<\/h4>\n<p>O recurso a meios ou atividades ilegais ou il\u00edcitas por parte de um colaborador, com ou sem objetivo de retirar benef\u00edcios a t\u00edtulo pr\u00f3prio ou para terceiros, \u00e9 condenado.<\/p>\n<h4>Utiliza\u00e7\u00e3o de Recursos da R.P Industries S.A<\/h4>\n<p>Os recursos da<strong> R.P Industries S.A<\/strong> devem ser usados de forma eficiente, com vista \u00e0 prossecu\u00e7\u00e3o dos objetivos definidos e n\u00e3o para fins pessoais ou outros, devendo os colaboradores zelar pela prote\u00e7\u00e3o e bom estado de conserva\u00e7\u00e3o do patrim\u00f3nio da<strong> R.P Industries S.A<\/strong> procurando sempre maximizar a sua produtividade.<\/p>\n<h4>Confidencialidade e Sigilo Profissional<\/h4>\n<p>O sigilo profissional aplica-se a todos os colaboradores, especialmente nas situa\u00e7\u00f5es em que, pela sua import\u00e2ncia ou legisla\u00e7\u00e3o existente, n\u00e3o devam ser do conhecimento do p\u00fablico em geral.<br \/>\nOs colaboradores da<strong> R.P Industries S.A<\/strong> devem sempre atuar com discri\u00e7\u00e3o em rela\u00e7\u00e3o a factos e informa\u00e7\u00f5es a que tenham acedido durante o exerc\u00edcio das suas fun\u00e7\u00f5es.<\/p>\n<h4>Relacionamento com Clientes, Fornecedores e outras Entidades<\/h4>\n<p>Os colaboradores devem lutar ativamente contra todas as formas de corrup\u00e7\u00e3o, ativa ou passiva, tendo especial aten\u00e7\u00e3o a qualquer forma de pagamentos, favores e cumplicidades que possam induzir a cria\u00e7\u00e3o de vantagens il\u00edcitas, que constituem formas subtis de corrup\u00e7\u00e3o, tais como ofertas ou recebimentos de clientes ou fornecedores.<br \/>\nN\u00e3o toleramos quaisquer atos de corrup\u00e7\u00e3o, extors\u00e3o, fraude ou suborno e sensibilizamos todos os fornecedores e outras partes relevantes deste princ\u00edpio e de todas as pr\u00e1ticas coerentes com o mesmo.<\/p>\n            <\/div>        <\/div>    <\/div><\/section>\n<\/div><\/div>\n","protected":false},"excerpt":{"rendered":"","protected":false},"author":1,"featured_media":0,"parent":0,"menu_order":0,"comment_status":"closed","ping_status":"closed","template":"","meta":[],"yoast_head":"<!-- This site is optimized with the Yoast SEO plugin v20.3 - https:\/\/yoast.com\/wordpress\/plugins\/seo\/ -->\n<title>Pol\u00edtica de Responsabilidade social - Soleo Piscinas<\/title>\n<meta name=\"robots\" content=\"index, follow, max-snippet:-1, max-image-preview:large, max-video-preview:-1\" \/>\n<link rel=\"canonical\" href=\"https:\/\/www.rppiscinas.com\/pt\/politica-de-responsabilidade-social\/\" \/>\n<meta property=\"og:locale\" content=\"pt_PT\" \/>\n<meta property=\"og:type\" content=\"article\" \/>\n<meta property=\"og:title\" content=\"Pol\u00edtica de Responsabilidade social - Soleo Piscinas\" \/>\n<meta property=\"og:url\" content=\"https:\/\/www.rppiscinas.com\/pt\/politica-de-responsabilidade-social\/\" \/>\n<meta property=\"og:site_name\" content=\"Soleo Piscinas\" \/>\n<meta property=\"article:publisher\" content=\"https:\/\/www.facebook.com\/soleopiscinas\" \/>\n<meta property=\"article:modified_time\" content=\"2023-02-20T17:38:55+00:00\" \/>\n<meta property=\"og:image\" content=\"https:\/\/www.rppiscinas.com\/pt\/wp-content\/uploads\/2018\/06\/piscina1.jpg\" \/>\n\t<meta property=\"og:image:width\" content=\"1200\" \/>\n\t<meta property=\"og:image:height\" content=\"603\" \/>\n\t<meta property=\"og:image:type\" content=\"image\/jpeg\" \/>\n<meta name=\"twitter:label1\" content=\"Tempo estimado de leitura\" \/>\n\t<meta name=\"twitter:data1\" content=\"6 minutos\" \/>\n<script type=\"application\/ld+json\" class=\"yoast-schema-graph\">{\"@context\":\"https:\/\/schema.org\",\"@graph\":[{\"@type\":\"WebPage\",\"@id\":\"https:\/\/www.rppiscinas.com\/pt\/politica-de-responsabilidade-social\/\",\"url\":\"https:\/\/www.rppiscinas.com\/pt\/politica-de-responsabilidade-social\/\",\"name\":\"Pol\u00edtica de Responsabilidade social - Soleo Piscinas\",\"isPartOf\":{\"@id\":\"https:\/\/www.rppiscinas.com\/pt\/#website\"},\"datePublished\":\"2022-05-11T14:54:14+00:00\",\"dateModified\":\"2023-02-20T17:38:55+00:00\",\"breadcrumb\":{\"@id\":\"https:\/\/www.rppiscinas.com\/pt\/politica-de-responsabilidade-social\/#breadcrumb\"},\"inLanguage\":\"pt-PT\",\"potentialAction\":[{\"@type\":\"ReadAction\",\"target\":[\"https:\/\/www.rppiscinas.com\/pt\/politica-de-responsabilidade-social\/\"]}]},{\"@type\":\"BreadcrumbList\",\"@id\":\"https:\/\/www.rppiscinas.com\/pt\/politica-de-responsabilidade-social\/#breadcrumb\",\"itemListElement\":[{\"@type\":\"ListItem\",\"position\":1,\"name\":\"Home\",\"item\":\"https:\/\/www.rppiscinas.com\/pt\/\"},{\"@type\":\"ListItem\",\"position\":2,\"name\":\"Pol\u00edtica de Responsabilidade social\"}]},{\"@type\":\"WebSite\",\"@id\":\"https:\/\/www.rppiscinas.com\/pt\/#website\",\"url\":\"https:\/\/www.rppiscinas.com\/pt\/\",\"name\":\"Soleo Piscinas\",\"description\":\"Mais do que uma piscina\",\"publisher\":{\"@id\":\"https:\/\/www.rppiscinas.com\/pt\/#organization\"},\"alternateName\":\"Soleo Piscinas\",\"potentialAction\":[{\"@type\":\"SearchAction\",\"target\":{\"@type\":\"EntryPoint\",\"urlTemplate\":\"https:\/\/www.rppiscinas.com\/pt\/?s={search_term_string}\"},\"query-input\":\"required name=search_term_string\"}],\"inLanguage\":\"pt-PT\"},{\"@type\":\"Organization\",\"@id\":\"https:\/\/www.rppiscinas.com\/pt\/#organization\",\"name\":\"Soleo Piscinas\",\"url\":\"https:\/\/www.rppiscinas.com\/pt\/\",\"logo\":{\"@type\":\"ImageObject\",\"inLanguage\":\"pt-PT\",\"@id\":\"https:\/\/www.rppiscinas.com\/pt\/#\/schema\/logo\/image\/\",\"url\":\"https:\/\/www.rppiscinas.com\/pt\/wp-content\/uploads\/2025\/03\/logowebsite-1.png\",\"contentUrl\":\"https:\/\/www.rppiscinas.com\/pt\/wp-content\/uploads\/2025\/03\/logowebsite-1.png\",\"width\":160,\"height\":75,\"caption\":\"Soleo Piscinas\"},\"image\":{\"@id\":\"https:\/\/www.rppiscinas.com\/pt\/#\/schema\/logo\/image\/\"},\"sameAs\":[\"https:\/\/www.facebook.com\/soleopiscinas\",\"https:\/\/www.instagram.com\/soleopiscinas\/\",\"https:\/\/pt.pinterest.com\/soleopiscinas\/\"]}]}<\/script>\n<!-- \/ Yoast SEO plugin. -->","yoast_head_json":{"title":"Pol\u00edtica de Responsabilidade social - Soleo Piscinas","robots":{"index":"index","follow":"follow","max-snippet":"max-snippet:-1","max-image-preview":"max-image-preview:large","max-video-preview":"max-video-preview:-1"},"canonical":"https:\/\/www.rppiscinas.com\/pt\/politica-de-responsabilidade-social\/","og_locale":"pt_PT","og_type":"article","og_title":"Pol\u00edtica de Responsabilidade social - Soleo Piscinas","og_url":"https:\/\/www.rppiscinas.com\/pt\/politica-de-responsabilidade-social\/","og_site_name":"Soleo Piscinas","article_publisher":"https:\/\/www.facebook.com\/soleopiscinas","article_modified_time":"2023-02-20T17:38:55+00:00","og_image":[{"width":1200,"height":603,"url":"https:\/\/www.rppiscinas.com\/pt\/wp-content\/uploads\/2018\/06\/piscina1.jpg","type":"image\/jpeg"}],"twitter_misc":{"Tempo estimado de leitura":"6 minutos"},"schema":{"@context":"https:\/\/schema.org","@graph":[{"@type":"WebPage","@id":"https:\/\/www.rppiscinas.com\/pt\/politica-de-responsabilidade-social\/","url":"https:\/\/www.rppiscinas.com\/pt\/politica-de-responsabilidade-social\/","name":"Pol\u00edtica de Responsabilidade social - Soleo Piscinas","isPartOf":{"@id":"https:\/\/www.rppiscinas.com\/pt\/#website"},"datePublished":"2022-05-11T14:54:14+00:00","dateModified":"2023-02-20T17:38:55+00:00","breadcrumb":{"@id":"https:\/\/www.rppiscinas.com\/pt\/politica-de-responsabilidade-social\/#breadcrumb"},"inLanguage":"pt-PT","potentialAction":[{"@type":"ReadAction","target":["https:\/\/www.rppiscinas.com\/pt\/politica-de-responsabilidade-social\/"]}]},{"@type":"BreadcrumbList","@id":"https:\/\/www.rppiscinas.com\/pt\/politica-de-responsabilidade-social\/#breadcrumb","itemListElement":[{"@type":"ListItem","position":1,"name":"Home","item":"https:\/\/www.rppiscinas.com\/pt\/"},{"@type":"ListItem","position":2,"name":"Pol\u00edtica de Responsabilidade social"}]},{"@type":"WebSite","@id":"https:\/\/www.rppiscinas.com\/pt\/#website","url":"https:\/\/www.rppiscinas.com\/pt\/","name":"Soleo Piscinas","description":"Mais do que uma piscina","publisher":{"@id":"https:\/\/www.rppiscinas.com\/pt\/#organization"},"alternateName":"Soleo Piscinas","potentialAction":[{"@type":"SearchAction","target":{"@type":"EntryPoint","urlTemplate":"https:\/\/www.rppiscinas.com\/pt\/?s={search_term_string}"},"query-input":"required name=search_term_string"}],"inLanguage":"pt-PT"},{"@type":"Organization","@id":"https:\/\/www.rppiscinas.com\/pt\/#organization","name":"Soleo Piscinas","url":"https:\/\/www.rppiscinas.com\/pt\/","logo":{"@type":"ImageObject","inLanguage":"pt-PT","@id":"https:\/\/www.rppiscinas.com\/pt\/#\/schema\/logo\/image\/","url":"https:\/\/www.rppiscinas.com\/pt\/wp-content\/uploads\/2025\/03\/logowebsite-1.png","contentUrl":"https:\/\/www.rppiscinas.com\/pt\/wp-content\/uploads\/2025\/03\/logowebsite-1.png","width":160,"height":75,"caption":"Soleo Piscinas"},"image":{"@id":"https:\/\/www.rppiscinas.com\/pt\/#\/schema\/logo\/image\/"},"sameAs":["https:\/\/www.facebook.com\/soleopiscinas","https:\/\/www.instagram.com\/soleopiscinas\/","https:\/\/pt.pinterest.com\/soleopiscinas\/"]}]}},"_links":{"self":[{"href":"https:\/\/www.rppiscinas.com\/pt\/wp-json\/wp\/v2\/pages\/8634"}],"collection":[{"href":"https:\/\/www.rppiscinas.com\/pt\/wp-json\/wp\/v2\/pages"}],"about":[{"href":"https:\/\/www.rppiscinas.com\/pt\/wp-json\/wp\/v2\/types\/page"}],"author":[{"embeddable":true,"href":"https:\/\/www.rppiscinas.com\/pt\/wp-json\/wp\/v2\/users\/1"}],"replies":[{"embeddable":true,"href":"https:\/\/www.rppiscinas.com\/pt\/wp-json\/wp\/v2\/comments?post=8634"}],"version-history":[{"count":2,"href":"https:\/\/www.rppiscinas.com\/pt\/wp-json\/wp\/v2\/pages\/8634\/revisions"}],"predecessor-version":[{"id":18150,"href":"https:\/\/www.rppiscinas.com\/pt\/wp-json\/wp\/v2\/pages\/8634\/revisions\/18150"}],"wp:attachment":[{"href":"https:\/\/www.rppiscinas.com\/pt\/wp-json\/wp\/v2\/media?parent=8634"}],"curies":[{"name":"wp","href":"https:\/\/api.w.org\/{rel}","templated":true}]}}