{"id":7871,"date":"2021-05-06T15:57:55","date_gmt":"2021-05-06T15:57:55","guid":{"rendered":"https:\/\/www.rppiscinas.com\/pt\/?page_id=7871"},"modified":"2025-03-06T16:06:00","modified_gmt":"2025-03-06T16:06:00","slug":"missao-visao-e-valores","status":"publish","type":"page","link":"https:\/\/www.rppiscinas.com\/pt\/missao-visao-e-valores\/","title":{"rendered":"Miss\u00e3o, Vis\u00e3o e Valores"},"content":{"rendered":"<div id='av_section_1' class='avia-section main_color avia-section-default avia-no-shadow avia-bg-style-scroll  avia-builder-el-0  el_before_av_section  avia-builder-el-first   container_wrap fullsize' style=' '  ><div class='container' ><main  role=\"main\" itemprop=\"mainContentOfPage\"  class='template-page content  av-content-full alpha units'><div class='post-entry post-entry-type-page post-entry-7871'><div class='entry-content-wrapper clearfix'>\n<div class=\"flex_column av_one_half  flex_column_div first  avia-builder-el-1  el_before_av_one_half  avia-builder-el-first  \" ><div class='avia-image-container avia_animated_image avia_animate_when_almost_visible left-to-right av-styling-    avia-builder-el-2  avia-builder-el-no-sibling  avia-align-right '  itemprop=\"image\" itemscope=\"itemscope\" itemtype=\"https:\/\/schema.org\/ImageObject\"  ><div class='avia-image-container-inner'><div class='avia-image-overlay-wrap'><img class='avia_image' src='http:\/\/grouprpi.com\/pt\/wp-content\/uploads\/inovacao.png' alt='' title=''   itemprop=\"thumbnailUrl\"  \/><\/div><\/div><\/div><\/div><div class=\"flex_column av_one_half  flex_column_div   avia-builder-el-3  el_after_av_one_half  avia-builder-el-last  \" ><section class=\"av_textblock_section \"  itemscope=\"itemscope\" itemtype=\"https:\/\/schema.org\/CreativeWork\" ><div class='avia_textblock  '   itemprop=\"text\" ><h1>Miss\u00e3o<\/h1>\n<\/div><\/section><br \/>\n<div  class='hr hr-short hr-left   avia-builder-el-5  el_after_av_textblock  el_before_av_textblock '><span class='hr-inner ' ><span class='hr-inner-style'><\/span><\/span><\/div><br \/>\n<section class=\"av_textblock_section \"  itemscope=\"itemscope\" itemtype=\"https:\/\/schema.org\/CreativeWork\" ><div class='avia_textblock  '   itemprop=\"text\" ><p>Acreditamos que fazer melhor \u00e9 sempre poss\u00edvel. Temos o objetivo de crescer inovando, preservar n\u00edveis de qualidade dos nossos produtos e servi\u00e7os, proporcionar confian\u00e7a aos nossos clientes como parceiro privilegiado para concretiza\u00e7\u00e3o dos seus objetivos, atuando de forma social e economicamente sustent\u00e1vel.<\/p>\n<\/div><\/section><br \/>\n<div  class='hr hr-short hr-left   avia-builder-el-7  el_after_av_textblock  avia-builder-el-last '><span class='hr-inner ' ><span class='hr-inner-style'><\/span><\/span><\/div><\/p><\/div>\n\n<\/div><\/div><\/main><!-- close content main element --><\/div><\/div><div id='av_section_2' class='avia-section alternate_color avia-section-default avia-no-shadow avia-bg-style-scroll  avia-builder-el-8  el_after_av_section  el_before_av_section   container_wrap fullsize' style=' '  ><div class='container' ><div class='template-page content  av-content-full alpha units'><div class='post-entry post-entry-type-page post-entry-7871'><div class='entry-content-wrapper clearfix'>\n<div class=\"flex_column av_one_half  flex_column_div first  avia-builder-el-9  el_before_av_one_half  avia-builder-el-first  \" ><section class=\"av_textblock_section \"  itemscope=\"itemscope\" itemtype=\"https:\/\/schema.org\/CreativeWork\" ><div class='avia_textblock  '   itemprop=\"text\" ><h1>Vis\u00e3o<\/h1>\n<\/div><\/section><br \/>\n<div  class='hr hr-short hr-left   avia-builder-el-11  el_after_av_textblock  el_before_av_textblock '><span class='hr-inner ' ><span class='hr-inner-style'><\/span><\/span><\/div><br \/>\n<section class=\"av_textblock_section \"  itemscope=\"itemscope\" itemtype=\"https:\/\/schema.org\/CreativeWork\" ><div class='avia_textblock  '   itemprop=\"text\" ><p>A RP Industries, S.A.\u00a0 desde a sua funda\u00e7\u00e3o, privilegia uma cultura baseada no rigor, na consist\u00eancia dos seus comportamentos, na orienta\u00e7\u00e3o para o mercado e na antecipa\u00e7\u00e3o da sua evolu\u00e7\u00e3o. Procura uma lideran\u00e7a pela qualidade e inova\u00e7\u00e3o nos mercados mais exigentes e no refor\u00e7o dos fatores que valorizam o seu neg\u00f3cio, num mercado cada vez mais globalizado e competitivo.<\/p>\n<\/div><\/section><br \/>\n<div  class='hr hr-short hr-left   avia-builder-el-13  el_after_av_textblock  avia-builder-el-last '><span class='hr-inner ' ><span class='hr-inner-style'><\/span><\/span><\/div><\/p><\/div><div class=\"flex_column av_one_half  flex_column_div   avia-builder-el-14  el_after_av_one_half  avia-builder-el-last  \" ><div class='avia-image-container avia_animated_image avia_animate_when_almost_visible left-to-right av-styling-    avia-builder-el-15  avia-builder-el-no-sibling  avia-align-right '  itemprop=\"image\" itemscope=\"itemscope\" itemtype=\"https:\/\/schema.org\/ImageObject\"  ><div class='avia-image-container-inner'><div class='avia-image-overlay-wrap'><img class='avia_image' src='http:\/\/grouprpi.com\/pt\/wp-content\/uploads\/estrategia2.png' alt='' title=''   itemprop=\"thumbnailUrl\"  \/><\/div><\/div><\/div><\/div>\n\n<\/div><\/div><\/div><!-- close content main div --><\/div><\/div><div id='av_section_3' class='avia-section main_color avia-section-default avia-no-shadow avia-bg-style-scroll  avia-builder-el-16  el_after_av_section  avia-builder-el-last   container_wrap fullsize' style=' '  ><div class='container' ><div class='template-page content  av-content-full alpha units'><div class='post-entry post-entry-type-page post-entry-7871'><div class='entry-content-wrapper clearfix'>\n<div class=\"flex_column av_one_half  flex_column_div first  avia-builder-el-17  el_before_av_one_half  avia-builder-el-first  \" ><div class='avia-image-container avia_animated_image avia_animate_when_almost_visible left-to-right av-styling-    avia-builder-el-18  avia-builder-el-no-sibling  avia-align-right '  itemprop=\"image\" itemscope=\"itemscope\" itemtype=\"https:\/\/schema.org\/ImageObject\"  ><div class='avia-image-container-inner'><div class='avia-image-overlay-wrap'><img class='avia_image' src='http:\/\/grouprpi.com\/pt\/wp-content\/uploads\/solidez.png' alt='' title=''   itemprop=\"thumbnailUrl\"  \/><\/div><\/div><\/div><\/div><div class=\"flex_column av_one_half  flex_column_div   avia-builder-el-19  el_after_av_one_half  avia-builder-el-last  \" ><section class=\"av_textblock_section \"  itemscope=\"itemscope\" itemtype=\"https:\/\/schema.org\/CreativeWork\" ><div class='avia_textblock  '   itemprop=\"text\" ><h1>Valores<\/h1>\n<\/div><\/section><br \/>\n<div  class='hr hr-short hr-left   avia-builder-el-21  el_after_av_textblock  el_before_av_textblock '><span class='hr-inner ' ><span class='hr-inner-style'><\/span><\/span><\/div><br \/>\n<section class=\"av_textblock_section \"  itemscope=\"itemscope\" itemtype=\"https:\/\/schema.org\/CreativeWork\" ><div class='avia_textblock  '   itemprop=\"text\" ><ul>\n<li><strong>Igualdade e n\u00e3o discrimina\u00e7\u00e3o<\/strong><br \/>\nCompreender e respeitar a cultura e os valores dos nossos clientes, colaboradores e outras partes interessadas.<\/li>\n<li><strong>Concilia\u00e7\u00e3o<\/strong><br \/>\nIncrementar a motiva\u00e7\u00e3o dos nossos colaboradores com base numa aten\u00e7\u00e3o cont\u00ednua \u00e0s suas necessidades pessoais, familiares e profissionais.<\/li>\n<li><strong>Responsabiliza\u00e7\u00e3o<\/strong><br \/>\nCumprir integralmente o acordado com os nossos clientes, colaboradores e outras partes interessadas. Ter pessoas comprometidas com o Sucesso.<\/li>\n<li><strong>Transpar\u00eancia<\/strong><br \/>\nPromover uma atua\u00e7\u00e3o baseada num conjunto de pr\u00e1ticas organizacionais e processos transparentes e rela\u00e7\u00f5es claras\u00a0 dirigidas a todas as partes interessadas.<\/li>\n<li><strong>Equidade e Integridade<\/strong><br \/>\nSustentar toda a atua\u00e7\u00e3o organizacional em princ\u00edpios de isen\u00e7\u00e3o, igualdade e justi\u00e7a, promovendo uma pol\u00edtica de honestidade, equidade e respeito pelo pr\u00f3ximo e por todas as partes interessadas.<\/li>\n<li><strong>\u00c9tica Profissional<\/strong><br \/>\nTrabalhar com \u00e9tica Profissional.<\/li>\n<li><b><b>Respeito pelas Partes Interessadas<br \/>\n<\/b><\/b>Respeitar, considerar e responder \u00e0s necessidades das suas partes interessadas.<\/li>\n<\/ul>\n<\/div><\/section><br \/>\n<div  class='hr hr-short hr-left   avia-builder-el-23  el_after_av_textblock  avia-builder-el-last '><span class='hr-inner ' ><span class='hr-inner-style'><\/span><\/span><\/div><\/p><\/div>\n","protected":false},"excerpt":{"rendered":"","protected":false},"author":1,"featured_media":0,"parent":0,"menu_order":0,"comment_status":"closed","ping_status":"closed","template":"","meta":[],"yoast_head":"<!-- This site is optimized with the Yoast SEO plugin v20.3 - https:\/\/yoast.com\/wordpress\/plugins\/seo\/ -->\n<title>Miss\u00e3o, Vis\u00e3o e Valores - Soleo Piscinas<\/title>\n<meta name=\"robots\" content=\"index, follow, max-snippet:-1, max-image-preview:large, max-video-preview:-1\" \/>\n<link rel=\"canonical\" href=\"https:\/\/www.rppiscinas.com\/pt\/missao-visao-e-valores\/\" \/>\n<meta property=\"og:locale\" content=\"pt_PT\" \/>\n<meta property=\"og:type\" content=\"article\" \/>\n<meta property=\"og:title\" content=\"Miss\u00e3o, Vis\u00e3o e Valores - Soleo Piscinas\" \/>\n<meta property=\"og:url\" content=\"https:\/\/www.rppiscinas.com\/pt\/missao-visao-e-valores\/\" \/>\n<meta property=\"og:site_name\" content=\"Soleo Piscinas\" \/>\n<meta property=\"article:publisher\" content=\"https:\/\/www.facebook.com\/soleopiscinas\" \/>\n<meta property=\"article:modified_time\" content=\"2025-03-06T16:06:00+00:00\" \/>\n<meta property=\"og:image\" content=\"https:\/\/www.rppiscinas.com\/pt\/wp-content\/uploads\/2018\/06\/piscina1.jpg\" \/>\n\t<meta property=\"og:image:width\" content=\"1200\" \/>\n\t<meta property=\"og:image:height\" content=\"603\" \/>\n\t<meta property=\"og:image:type\" content=\"image\/jpeg\" \/>\n<meta name=\"twitter:label1\" content=\"Tempo estimado de leitura\" \/>\n\t<meta name=\"twitter:data1\" content=\"3 minutos\" \/>\n<script type=\"application\/ld+json\" class=\"yoast-schema-graph\">{\"@context\":\"https:\/\/schema.org\",\"@graph\":[{\"@type\":\"WebPage\",\"@id\":\"https:\/\/www.rppiscinas.com\/pt\/missao-visao-e-valores\/\",\"url\":\"https:\/\/www.rppiscinas.com\/pt\/missao-visao-e-valores\/\",\"name\":\"Miss\u00e3o, Vis\u00e3o e Valores - Soleo Piscinas\",\"isPartOf\":{\"@id\":\"https:\/\/www.rppiscinas.com\/pt\/#website\"},\"datePublished\":\"2021-05-06T15:57:55+00:00\",\"dateModified\":\"2025-03-06T16:06:00+00:00\",\"breadcrumb\":{\"@id\":\"https:\/\/www.rppiscinas.com\/pt\/missao-visao-e-valores\/#breadcrumb\"},\"inLanguage\":\"pt-PT\",\"potentialAction\":[{\"@type\":\"ReadAction\",\"target\":[\"https:\/\/www.rppiscinas.com\/pt\/missao-visao-e-valores\/\"]}]},{\"@type\":\"BreadcrumbList\",\"@id\":\"https:\/\/www.rppiscinas.com\/pt\/missao-visao-e-valores\/#breadcrumb\",\"itemListElement\":[{\"@type\":\"ListItem\",\"position\":1,\"name\":\"Home\",\"item\":\"https:\/\/www.rppiscinas.com\/pt\/\"},{\"@type\":\"ListItem\",\"position\":2,\"name\":\"Miss\u00e3o, Vis\u00e3o e Valores\"}]},{\"@type\":\"WebSite\",\"@id\":\"https:\/\/www.rppiscinas.com\/pt\/#website\",\"url\":\"https:\/\/www.rppiscinas.com\/pt\/\",\"name\":\"Soleo Piscinas\",\"description\":\"Mais do que uma piscina\",\"publisher\":{\"@id\":\"https:\/\/www.rppiscinas.com\/pt\/#organization\"},\"alternateName\":\"Soleo Piscinas\",\"potentialAction\":[{\"@type\":\"SearchAction\",\"target\":{\"@type\":\"EntryPoint\",\"urlTemplate\":\"https:\/\/www.rppiscinas.com\/pt\/?s={search_term_string}\"},\"query-input\":\"required name=search_term_string\"}],\"inLanguage\":\"pt-PT\"},{\"@type\":\"Organization\",\"@id\":\"https:\/\/www.rppiscinas.com\/pt\/#organization\",\"name\":\"Soleo Piscinas\",\"url\":\"https:\/\/www.rppiscinas.com\/pt\/\",\"logo\":{\"@type\":\"ImageObject\",\"inLanguage\":\"pt-PT\",\"@id\":\"https:\/\/www.rppiscinas.com\/pt\/#\/schema\/logo\/image\/\",\"url\":\"https:\/\/www.rppiscinas.com\/pt\/wp-content\/uploads\/2025\/03\/logowebsite-1.png\",\"contentUrl\":\"https:\/\/www.rppiscinas.com\/pt\/wp-content\/uploads\/2025\/03\/logowebsite-1.png\",\"width\":160,\"height\":75,\"caption\":\"Soleo Piscinas\"},\"image\":{\"@id\":\"https:\/\/www.rppiscinas.com\/pt\/#\/schema\/logo\/image\/\"},\"sameAs\":[\"https:\/\/www.facebook.com\/soleopiscinas\",\"https:\/\/www.instagram.com\/soleopiscinas\/\",\"https:\/\/pt.pinterest.com\/soleopiscinas\/\"]}]}<\/script>\n<!-- \/ Yoast SEO plugin. -->","yoast_head_json":{"title":"Miss\u00e3o, Vis\u00e3o e Valores - Soleo Piscinas","robots":{"index":"index","follow":"follow","max-snippet":"max-snippet:-1","max-image-preview":"max-image-preview:large","max-video-preview":"max-video-preview:-1"},"canonical":"https:\/\/www.rppiscinas.com\/pt\/missao-visao-e-valores\/","og_locale":"pt_PT","og_type":"article","og_title":"Miss\u00e3o, Vis\u00e3o e Valores - Soleo Piscinas","og_url":"https:\/\/www.rppiscinas.com\/pt\/missao-visao-e-valores\/","og_site_name":"Soleo Piscinas","article_publisher":"https:\/\/www.facebook.com\/soleopiscinas","article_modified_time":"2025-03-06T16:06:00+00:00","og_image":[{"width":1200,"height":603,"url":"https:\/\/www.rppiscinas.com\/pt\/wp-content\/uploads\/2018\/06\/piscina1.jpg","type":"image\/jpeg"}],"twitter_misc":{"Tempo estimado de leitura":"3 minutos"},"schema":{"@context":"https:\/\/schema.org","@graph":[{"@type":"WebPage","@id":"https:\/\/www.rppiscinas.com\/pt\/missao-visao-e-valores\/","url":"https:\/\/www.rppiscinas.com\/pt\/missao-visao-e-valores\/","name":"Miss\u00e3o, Vis\u00e3o e Valores - Soleo Piscinas","isPartOf":{"@id":"https:\/\/www.rppiscinas.com\/pt\/#website"},"datePublished":"2021-05-06T15:57:55+00:00","dateModified":"2025-03-06T16:06:00+00:00","breadcrumb":{"@id":"https:\/\/www.rppiscinas.com\/pt\/missao-visao-e-valores\/#breadcrumb"},"inLanguage":"pt-PT","potentialAction":[{"@type":"ReadAction","target":["https:\/\/www.rppiscinas.com\/pt\/missao-visao-e-valores\/"]}]},{"@type":"BreadcrumbList","@id":"https:\/\/www.rppiscinas.com\/pt\/missao-visao-e-valores\/#breadcrumb","itemListElement":[{"@type":"ListItem","position":1,"name":"Home","item":"https:\/\/www.rppiscinas.com\/pt\/"},{"@type":"ListItem","position":2,"name":"Miss\u00e3o, Vis\u00e3o e Valores"}]},{"@type":"WebSite","@id":"https:\/\/www.rppiscinas.com\/pt\/#website","url":"https:\/\/www.rppiscinas.com\/pt\/","name":"Soleo Piscinas","description":"Mais do que uma piscina","publisher":{"@id":"https:\/\/www.rppiscinas.com\/pt\/#organization"},"alternateName":"Soleo Piscinas","potentialAction":[{"@type":"SearchAction","target":{"@type":"EntryPoint","urlTemplate":"https:\/\/www.rppiscinas.com\/pt\/?s={search_term_string}"},"query-input":"required name=search_term_string"}],"inLanguage":"pt-PT"},{"@type":"Organization","@id":"https:\/\/www.rppiscinas.com\/pt\/#organization","name":"Soleo Piscinas","url":"https:\/\/www.rppiscinas.com\/pt\/","logo":{"@type":"ImageObject","inLanguage":"pt-PT","@id":"https:\/\/www.rppiscinas.com\/pt\/#\/schema\/logo\/image\/","url":"https:\/\/www.rppiscinas.com\/pt\/wp-content\/uploads\/2025\/03\/logowebsite-1.png","contentUrl":"https:\/\/www.rppiscinas.com\/pt\/wp-content\/uploads\/2025\/03\/logowebsite-1.png","width":160,"height":75,"caption":"Soleo Piscinas"},"image":{"@id":"https:\/\/www.rppiscinas.com\/pt\/#\/schema\/logo\/image\/"},"sameAs":["https:\/\/www.facebook.com\/soleopiscinas","https:\/\/www.instagram.com\/soleopiscinas\/","https:\/\/pt.pinterest.com\/soleopiscinas\/"]}]}},"_links":{"self":[{"href":"https:\/\/www.rppiscinas.com\/pt\/wp-json\/wp\/v2\/pages\/7871"}],"collection":[{"href":"https:\/\/www.rppiscinas.com\/pt\/wp-json\/wp\/v2\/pages"}],"about":[{"href":"https:\/\/www.rppiscinas.com\/pt\/wp-json\/wp\/v2\/types\/page"}],"author":[{"embeddable":true,"href":"https:\/\/www.rppiscinas.com\/pt\/wp-json\/wp\/v2\/users\/1"}],"replies":[{"embeddable":true,"href":"https:\/\/www.rppiscinas.com\/pt\/wp-json\/wp\/v2\/comments?post=7871"}],"version-history":[{"count":5,"href":"https:\/\/www.rppiscinas.com\/pt\/wp-json\/wp\/v2\/pages\/7871\/revisions"}],"predecessor-version":[{"id":20592,"href":"https:\/\/www.rppiscinas.com\/pt\/wp-json\/wp\/v2\/pages\/7871\/revisions\/20592"}],"wp:attachment":[{"href":"https:\/\/www.rppiscinas.com\/pt\/wp-json\/wp\/v2\/media?parent=7871"}],"curies":[{"name":"wp","href":"https:\/\/api.w.org\/{rel}","templated":true}]}}