{"id":7104,"date":"2019-07-09T14:36:56","date_gmt":"2019-07-09T14:36:56","guid":{"rendered":"https:\/\/www.rppiscinas.com\/pt\/?page_id=7104"},"modified":"2021-07-21T13:32:07","modified_gmt":"2021-07-21T13:32:07","slug":"projetos-cofinanciados-por-ue","status":"publish","type":"page","link":"https:\/\/www.rppiscinas.com\/pt\/projetos-cofinanciados-por-ue\/","title":{"rendered":"Projetos Cofinanciados por UE"},"content":{"rendered":"<div class=\"flex_column av_one_full  flex_column_div av-zero-column-padding first  avia-builder-el-0  avia-builder-el-no-sibling  \" style='border-radius:0px; '><div class=\"tabcontainer   top_tab   avia-builder-el-1  avia-builder-el-no-sibling  \">\n\n<section class=\"av_tab_section\"  itemscope=\"itemscope\" itemtype=\"https:\/\/schema.org\/CreativeWork\" >    <div aria-controls=\"tab-id-1\" role=\"tab\" tabindex=\"0\" data-fake-id=\"#tab-id-1\" class=\"tab active_tab\"  itemprop=\"headline\" >SI Inova\u00e7\u00e3o<\/div>\n    <div id=\"tab-id-1-container\" class=\"tab_content active_tab_content\" aria-hidden=\"false\">\n        <div class=\"tab_inner_content invers-color\"  itemprop=\"text\" >\n<div class=\"flex_column av_one_full flex_column_div av-zero-column-padding first avia-builder-el-0 el_before_av_textblock avia-builder-el-first \">\n<section class=\"av_textblock_section \">\n<div class=\"avia_textblock \">\n<p><a class=\"alignnone\" href=\"http:\/\/www.norte2020.pt\/\" target=\"_blank\" rel=\"noopener noreferrer\"><img decoding=\"async\" loading=\"lazy\" class=\"alignnone size-full wp-image-5124\" src=\"https:\/\/www.rppiscinas.com\/pt\/wp-content\/uploads\/2017\/02\/a.jpg\" sizes=\"(max-width: 326px) 100vw, 326px\" srcset=\"https:\/\/www.rppiscinas.com\/pt\/wp-content\/uploads\/2017\/02\/a.jpg 326w, https:\/\/www.rppiscinas.com\/pt\/wp-content\/uploads\/2017\/02\/a-300x92.jpg 300w\" alt=\"\" width=\"326\" height=\"100\" \/><\/a><a class=\"alignnone\" href=\"https:\/\/www.portugal2020.pt\/Portal2020\" target=\"_blank\" rel=\"noopener noreferrer\"><img decoding=\"async\" loading=\"lazy\" class=\"alignnone size-full wp-image-5125\" src=\"https:\/\/www.rppiscinas.com\/pt\/wp-content\/uploads\/2017\/02\/b.jpg\" alt=\"\" width=\"192\" height=\"100\" \/><\/a><a class=\"alignnone\" href=\"http:\/\/eur-lex.europa.eu\/legal-content\/PT\/TXT\/?uri=URISERV:g24234\" target=\"_blank\" rel=\"noopener noreferrer\"><img decoding=\"async\" loading=\"lazy\" class=\"alignnone size-full wp-image-5126\" src=\"https:\/\/www.rppiscinas.com\/pt\/wp-content\/uploads\/2017\/02\/c.jpg\" alt=\"\" width=\"288\" height=\"100\" \/><\/a><\/p>\n<\/div>\n<\/section>\n<\/div>\n<section class=\"av_textblock_section \">\n<div class=\"avia_textblock \">\n<p><strong>Designa\u00e7\u00e3o do projeto:<\/strong> Expans\u00e3o da capacidade e flexibilidade produtiva com vista \u00e0 produ\u00e7\u00e3o personalizada em massa.<\/p>\n<p><strong>C\u00f3digo do projeto:<\/strong> NORTE-02-0853-FEDER-014520<\/p>\n<p><strong>Objetivo principal:<\/strong> Refor\u00e7ar a competitividade das pequenas e m\u00e9dias empresas<\/p>\n<p><strong>Regi\u00e3o de interven\u00e7\u00e3o:<\/strong> Braga<\/p>\n<p><strong>Entidade benefici\u00e1ria:<\/strong> R.P. INDUSTRIES PISCINAS, S.A.<\/p>\n<p><strong>Data de aprova\u00e7\u00e3o:<\/strong> 15-04-2016<\/p>\n<p><strong>Data de in\u00edcio:<\/strong> 01-10-2015<\/p>\n<p><strong>Data de conclus\u00e3o:<\/strong> 30-09-2017<\/p>\n<p><strong>Custo total eleg\u00edvel:<\/strong> 1.314.911,00 \u20ac<\/p>\n<p><strong>Apoio financeiro da Uni\u00e3o Europeia:<\/strong> FEDER &#8211; 788.946,60 \u20ac<\/p>\n<p><strong>Objetivos, atividades e resultados esperados\/atingidos:<\/strong><\/p>\n<p>A R.P. INDUSTRIES, S.A \u00e9 uma empresa de m\u00e9dia dimens\u00e3o, com a sua sede social localizada na freguesia de Sobreposta, concelho e distrito de Braga.<\/p>\n<p>Tendo como principal foco a produ\u00e7\u00e3o e comercializa\u00e7\u00e3o de piscinas e equipamentos, a R.P. INDUSTRIES, SA tem vindo ao longo dos anos a proceder a uma aposta continua na investiga\u00e7\u00e3o e desenvolvimento de novos produtos que permitam obter os melhores resultados na sua utiliza\u00e7\u00e3o e aplica\u00e7\u00e3o.<\/p>\n<p>A candidatura visou o aumento da capacidade de uma unidade j\u00e1 existente com a aquisi\u00e7\u00e3o de novos equipamentos produtivos, prevendo, investimentos na:<\/p>\n<ul>\n<li>Amplia\u00e7\u00e3o das instala\u00e7\u00f5es para acolher os equipamentos adquiridos, criando melhores condi\u00e7\u00f5es para a labora\u00e7\u00e3o sem causar entropias ao longo de todo o processo produtivo;<\/li>\n<li>Aquisi\u00e7\u00e3o de hardware e software espec\u00edfico que permitam o controlo de toda a atividade nacional e internacional.<\/li>\n<li>Cria\u00e7\u00e3o de condi\u00e7\u00f5es para um melhor acondicionamento dos produtos;<\/li>\n<li>Investimentos na \u00e1rea do marketing.<\/li>\n<\/ul>\n<p><strong>Indicadores de Resultados:<\/strong><\/p>\n<p>VN \u2013 4.500.000 \u20ac<\/p>\n<p>VAB \u2013 1.836.960 e<\/p>\n<p>RH Qualificados &#8211; 16<\/p>\n<\/div>\n<\/section>\n\n        <\/div>\n    <\/div>\n<\/section>\n\n<section class=\"av_tab_section\"  itemscope=\"itemscope\" itemtype=\"https:\/\/schema.org\/CreativeWork\" >    <div aria-controls=\"tab-id-2\" role=\"tab\" tabindex=\"0\" data-fake-id=\"#tab-id-2\" class=\"tab \"  itemprop=\"headline\" >SI Internacionaliza\u00e7\u00e3o <\/div>\n    <div id=\"tab-id-2-container\" class=\"tab_content \" aria-hidden=\"true\">\n        <div class=\"tab_inner_content invers-color\"  itemprop=\"text\" >\n<div class=\"flex_column av_one_full flex_column_div av-zero-column-padding first avia-builder-el-0 el_before_av_textblock avia-builder-el-first \">\n<section class=\"av_textblock_section \">\n<div class=\"avia_textblock \">\n<p><a class=\"alignnone\" href=\"http:\/\/www.poci-compete2020.pt\/\" target=\"_blank\" rel=\"noopener noreferrer\"><img decoding=\"async\" loading=\"lazy\" class=\"alignnone wp-image-5118 size-full\" title=\"Logotipo Compete 2020 \" src=\"https:\/\/www.rppiscinas.com\/pt\/wp-content\/uploads\/2017\/02\/1.jpg\" alt=\"Logotipo Compete 2020 \" width=\"265\" height=\"90\" \/><\/a><a class=\"alignnone\" href=\"https:\/\/www.portugal2020.pt\/Portal2020\" target=\"_blank\" rel=\"noopener noreferrer\"><img decoding=\"async\" loading=\"lazy\" class=\"alignnone wp-image-5119 size-full\" title=\"Logotipo Portugal 2020 \" src=\"https:\/\/www.rppiscinas.com\/pt\/wp-content\/uploads\/2017\/02\/2.jpg\" alt=\"Logotipo Portugal 2020 \" width=\"251\" height=\"90\" \/><\/a><a class=\"alignnone\" href=\"http:\/\/eur-lex.europa.eu\/legal-content\/PT\/TXT\/?uri=URISERV:g24234\" target=\"_blank\" rel=\"noopener noreferrer\"><img decoding=\"async\" loading=\"lazy\" class=\"alignnone wp-image-5120 size-full\" title=\"Logotipo Uni\u00e3o Europeia\" src=\"https:\/\/www.rppiscinas.com\/pt\/wp-content\/uploads\/2017\/02\/3.jpg\" sizes=\"(max-width: 329px) 100vw, 329px\" srcset=\"https:\/\/www.rppiscinas.com\/pt\/wp-content\/uploads\/2017\/02\/3.jpg 329w, https:\/\/www.rppiscinas.com\/pt\/wp-content\/uploads\/2017\/02\/3-300x82.jpg 300w\" alt=\"Logotipo Uni\u00e3o Europeia\" width=\"329\" height=\"90\" \/><\/a><\/p>\n<\/div>\n<\/section>\n<\/div>\n<section class=\"av_textblock_section \">\n<div class=\"avia_textblock \">\n<p><strong>Projeto n.\u00ba\u00a0<\/strong>19884<\/p>\n<p><strong>Apoio no \u00e2mbito do sistema de incentivos\u00a0<\/strong>\u00e0 Internacionaliza\u00e7\u00e3o das PME<\/p>\n<p><strong>Designa\u00e7\u00e3o do projeto<\/strong>: Refor\u00e7o da presen\u00e7a da RPI nos mercados internacionais<\/p>\n<p><strong>Data de aprova\u00e7\u00e3o:<\/strong> 18.07.2017<\/p>\n<p><strong>Data de in\u00edcio:<\/strong> 02.05.2016<\/p>\n<p><strong>Data de conclus\u00e3o:<\/strong> 01.05.2019<\/p>\n<p><strong>Custo total eleg\u00edvel<\/strong>: 706.415,00\u20ac<\/p>\n<p><strong>Apoio financeiro da Uni\u00e3o Europeia<\/strong>: FEDER \u2013 317.886,75 \u20ac<\/p>\n<p><strong>S\u00edntese projeto:<\/strong>\u00a0O presente projeto tem por objetivo o refor\u00e7o da presen\u00e7a da RPI nos mercados internacionais. A empresa tem j\u00e1 uma presen\u00e7a ativa nos mercados internacionais, que se traduz num volume de neg\u00f3cio internacional na ordem dos 58%, mas tem consciente que existe um enorme potencial de aceita\u00e7\u00e3o dos seus produtos nos mercados internacionais. Como tal foram delineadas v\u00e1rias a\u00e7\u00f5es que visam a promo\u00e7\u00e3o e divulga\u00e7\u00e3o da RPI nos mercados onde j\u00e1 atua e em novos mercados onde foram detetados potenciais neg\u00f3cios.<\/p>\n<p><img decoding=\"async\" loading=\"lazy\" class=\"size-full wp-image-7163 alignleft\" src=\"https:\/\/www.rppiscinas.com\/pt\/wp-content\/uploads\/2020\/02\/piscinas_rp.png\" alt=\"\" width=\"900\" height=\"368\" srcset=\"https:\/\/www.rppiscinas.com\/pt\/wp-content\/uploads\/2020\/02\/piscinas_rp.png 900w, https:\/\/www.rppiscinas.com\/pt\/wp-content\/uploads\/2020\/02\/piscinas_rp-300x123.png 300w, https:\/\/www.rppiscinas.com\/pt\/wp-content\/uploads\/2020\/02\/piscinas_rp-768x314.png 768w, https:\/\/www.rppiscinas.com\/pt\/wp-content\/uploads\/2020\/02\/piscinas_rp-705x288.png 705w, https:\/\/www.rppiscinas.com\/pt\/wp-content\/uploads\/2020\/02\/piscinas_rp-450x184.png 450w\" sizes=\"(max-width: 900px) 100vw, 900px\" \/><\/p>\n<\/div>\n<div class=\"avia_textblock \"><\/div>\n<\/section>\n\n        <\/div>\n    <\/div>\n<\/section>\n\n<section class=\"av_tab_section\"  itemscope=\"itemscope\" itemtype=\"https:\/\/schema.org\/CreativeWork\" >    <div aria-controls=\"tab-id-3\" role=\"tab\" tabindex=\"0\" data-fake-id=\"#tab-id-3\" class=\"tab \"  itemprop=\"headline\" >SI Qualifica\u00e7\u00e3o<\/div>\n    <div id=\"tab-id-3-container\" class=\"tab_content \" aria-hidden=\"true\">\n        <div class=\"tab_inner_content invers-color\"  itemprop=\"text\" >\n<div class=\"flex_column av_one_full flex_column_div av-zero-column-padding first avia-builder-el-0 el_before_av_textblock avia-builder-el-first \">\n<section class=\"av_textblock_section \">\n<div class=\"avia_textblock \">\n<p><img decoding=\"async\" loading=\"lazy\" class=\"alignleft size-large wp-image-7199\" src=\"https:\/\/www.rppiscinas.com\/pt\/wp-content\/uploads\/2020\/03\/Modelos-Barras-FUNDOS-v04_3logos-FEDER-descritivo-1030x158.png\" alt=\"\" width=\"1030\" height=\"158\" srcset=\"https:\/\/www.rppiscinas.com\/pt\/wp-content\/uploads\/2020\/03\/Modelos-Barras-FUNDOS-v04_3logos-FEDER-descritivo-1030x158.png 1030w, https:\/\/www.rppiscinas.com\/pt\/wp-content\/uploads\/2020\/03\/Modelos-Barras-FUNDOS-v04_3logos-FEDER-descritivo-300x46.png 300w, https:\/\/www.rppiscinas.com\/pt\/wp-content\/uploads\/2020\/03\/Modelos-Barras-FUNDOS-v04_3logos-FEDER-descritivo-768x118.png 768w, https:\/\/www.rppiscinas.com\/pt\/wp-content\/uploads\/2020\/03\/Modelos-Barras-FUNDOS-v04_3logos-FEDER-descritivo-1500x230.png 1500w, https:\/\/www.rppiscinas.com\/pt\/wp-content\/uploads\/2020\/03\/Modelos-Barras-FUNDOS-v04_3logos-FEDER-descritivo-705x108.png 705w, https:\/\/www.rppiscinas.com\/pt\/wp-content\/uploads\/2020\/03\/Modelos-Barras-FUNDOS-v04_3logos-FEDER-descritivo-450x69.png 450w\" sizes=\"(max-width: 1030px) 100vw, 1030px\" \/><\/p>\n<\/div>\n<\/section>\n<\/div>\n<section class=\"av_textblock_section \">\n<div class=\"avia_textblock \">\n<p><strong>Projeto n.\u00ba <\/strong>45771<\/p>\n<p><strong>Apoio no \u00e2mbito do sistema de incentivos\u00a0<\/strong>\u00e0 Qualifica\u00e7\u00e3o das PME<\/p>\n<p><strong>Designa\u00e7\u00e3o do projeto<\/strong>: Inova\u00e7\u00e3o organizacional e de marketing no \u00e2mbito da economia, ind\u00fastria e soft skills organizacionais 4.0<\/p>\n<p><strong>Custo total eleg\u00edvel<\/strong>: 457.325,00\u20ac<\/p>\n<p><strong>Apoio financeiro da Uni\u00e3o Europeia<\/strong>: FEDER \u2013 205.796,25\u20ac<\/p>\n<p><strong>S\u00edntese projeto:<\/strong> O presente projeto tem por objetivo a inova\u00e7\u00e3o organizacional e de marketing no \u00e2mbito da economia, ind\u00fastria e soft skills organizacionais 4.0. Neste sentido, a empresa visa a implementa\u00e7\u00e3o de sistema de informa\u00e7\u00e3o que assegurem a transi\u00e7\u00e3o da organiza\u00e7\u00e3o da RPI para a vers\u00e3o 4.0, recorrendo a marketing\/canais digitais como ferramenta de intera\u00e7\u00e3o\/conquista para os segmentos B2C\/B2B, preparando-se ainda para os clientes, colaboradores, parceiros do futuro.<\/p>\n<p><img decoding=\"async\" loading=\"lazy\" class=\"size-full wp-image-7163 alignleft\" src=\"https:\/\/www.rppiscinas.com\/pt\/wp-content\/uploads\/2020\/02\/piscinas_rp.png\" alt=\"\" width=\"900\" height=\"368\" srcset=\"https:\/\/www.rppiscinas.com\/pt\/wp-content\/uploads\/2020\/02\/piscinas_rp.png 900w, https:\/\/www.rppiscinas.com\/pt\/wp-content\/uploads\/2020\/02\/piscinas_rp-300x123.png 300w, https:\/\/www.rppiscinas.com\/pt\/wp-content\/uploads\/2020\/02\/piscinas_rp-768x314.png 768w, https:\/\/www.rppiscinas.com\/pt\/wp-content\/uploads\/2020\/02\/piscinas_rp-705x288.png 705w, https:\/\/www.rppiscinas.com\/pt\/wp-content\/uploads\/2020\/02\/piscinas_rp-450x184.png 450w\" sizes=\"(max-width: 900px) 100vw, 900px\" \/><\/p>\n<\/div>\n<div class=\"avia_textblock \"><\/div>\n<\/section>\n\n        <\/div>\n    <\/div>\n<\/section>\n\n<section class=\"av_tab_section\"  itemscope=\"itemscope\" itemtype=\"https:\/\/schema.org\/CreativeWork\" >    <div aria-controls=\"tab-id-4\" role=\"tab\" tabindex=\"0\" data-fake-id=\"#tab-id-4\" class=\"tab \"  itemprop=\"headline\" >SI Internacionaliza\u00e7\u00e3o <\/div>\n    <div id=\"tab-id-4-container\" class=\"tab_content \" aria-hidden=\"true\">\n        <div class=\"tab_inner_content invers-color\"  itemprop=\"text\" >\n<div class=\"flex_column av_one_full flex_column_div av-zero-column-padding first avia-builder-el-0 el_before_av_textblock avia-builder-el-first \">\n<section class=\"av_textblock_section \">\n<div class=\"avia_textblock \">\n<p><a class=\"alignnone\" href=\"http:\/\/www.poci-compete2020.pt\/\" target=\"_blank\" rel=\"noopener noreferrer\"><img decoding=\"async\" loading=\"lazy\" class=\"alignnone wp-image-5118 size-full\" title=\"Logotipo Compete 2020 \" src=\"https:\/\/www.rppiscinas.com\/pt\/wp-content\/uploads\/2017\/02\/1.jpg\" alt=\"Logotipo Compete 2020 \" width=\"265\" height=\"90\" \/><\/a><a class=\"alignnone\" href=\"https:\/\/www.portugal2020.pt\/Portal2020\" target=\"_blank\" rel=\"noopener noreferrer\"><img decoding=\"async\" loading=\"lazy\" class=\"alignnone wp-image-5119 size-full\" title=\"Logotipo Portugal 2020 \" src=\"https:\/\/www.rppiscinas.com\/pt\/wp-content\/uploads\/2017\/02\/2.jpg\" alt=\"Logotipo Portugal 2020 \" width=\"251\" height=\"90\" \/><\/a><a class=\"alignnone\" href=\"http:\/\/eur-lex.europa.eu\/legal-content\/PT\/TXT\/?uri=URISERV:g24234\" target=\"_blank\" rel=\"noopener noreferrer\"><img decoding=\"async\" loading=\"lazy\" class=\"alignnone wp-image-5120 size-full\" title=\"Logotipo Uni\u00e3o Europeia\" src=\"https:\/\/www.rppiscinas.com\/pt\/wp-content\/uploads\/2017\/02\/3.jpg\" sizes=\"(max-width: 329px) 100vw, 329px\" srcset=\"https:\/\/www.rppiscinas.com\/pt\/wp-content\/uploads\/2017\/02\/3.jpg 329w, https:\/\/www.rppiscinas.com\/pt\/wp-content\/uploads\/2017\/02\/3-300x82.jpg 300w\" alt=\"Logotipo Uni\u00e3o Europeia\" width=\"329\" height=\"90\" \/><\/a><\/p>\n<\/div>\n<\/section>\n<\/div>\n<section class=\"av_textblock_section \">\n<div class=\"avia_textblock \">\n<p><strong>Projeto n.\u00ba\u00a0<\/strong>071321<\/p>\n<p><strong>Apoio no \u00e2mbito do sistema de incentivos\u00a0<\/strong>\u00e0 Internacionaliza\u00e7\u00e3o das PME<\/p>\n<p><strong>Designa\u00e7\u00e3o do projeto<\/strong>: Capacita\u00e7\u00e3o da estrat\u00e9gia de marketing internacional da RPI, para refor\u00e7o, consolida\u00e7\u00e3o e dinamiza\u00e7\u00e3o de mercados internacionais.<\/p>\n<p><strong>Data de aprova\u00e7\u00e3o:<\/strong>\u00a006.04.2021<\/p>\n<p><strong>Data de in\u00edcio:<\/strong>\u00a013.03.2021<\/p>\n<p><strong>Data de conclus\u00e3o:<\/strong>\u00a012.03.2023<\/p>\n<p><strong>Custo total eleg\u00edvel<\/strong>: 499.963,00\u20ac<\/p>\n<p><strong>Apoio financeiro da Uni\u00e3o Europeia<\/strong>: FEDER \u2013 224.983,35 \u20ac<\/p>\n<p><strong>S\u00edntese projeto:<\/strong>\u00a0O presente projeto tem por objetivo o refor\u00e7o da presen\u00e7a da RPI nos mercados internacionais. A empresa tem j\u00e1 uma presen\u00e7a ativa nos mercados internacionais, mas pretende aumentar a sua presen\u00e7a para 65.3% do seu Volume de Neg\u00f3cios, pois tem consciente que existe um enorme potencial de aceita\u00e7\u00e3o dos seus produtos nos mercados internacionais. Como tal foram delineadas v\u00e1rias a\u00e7\u00f5es que visam a promo\u00e7\u00e3o e divulga\u00e7\u00e3o da RPI nos mercados onde j\u00e1 atua e em novos mercados onde foram detetados potenciais neg\u00f3cios.<\/p>\n<p><img decoding=\"async\" loading=\"lazy\" class=\"size-full wp-image-7163 alignleft\" src=\"https:\/\/www.rppiscinas.com\/pt\/wp-content\/uploads\/2020\/02\/piscinas_rp.png\" alt=\"\" width=\"900\" height=\"368\" srcset=\"https:\/\/www.rppiscinas.com\/pt\/wp-content\/uploads\/2020\/02\/piscinas_rp.png 900w, https:\/\/www.rppiscinas.com\/pt\/wp-content\/uploads\/2020\/02\/piscinas_rp-300x123.png 300w, https:\/\/www.rppiscinas.com\/pt\/wp-content\/uploads\/2020\/02\/piscinas_rp-768x314.png 768w, https:\/\/www.rppiscinas.com\/pt\/wp-content\/uploads\/2020\/02\/piscinas_rp-705x288.png 705w, https:\/\/www.rppiscinas.com\/pt\/wp-content\/uploads\/2020\/02\/piscinas_rp-450x184.png 450w\" sizes=\"(max-width: 900px) 100vw, 900px\" \/><\/p>\n<\/div>\n<div class=\"avia_textblock \"><\/div>\n<\/section>\n\n        <\/div>\n    <\/div>\n<\/section>\n\n<\/div><\/div>\n","protected":false},"excerpt":{"rendered":"","protected":false},"author":1,"featured_media":0,"parent":0,"menu_order":0,"comment_status":"closed","ping_status":"closed","template":"","meta":[],"yoast_head":"<!-- This site is optimized with the Yoast SEO plugin v20.3 - https:\/\/yoast.com\/wordpress\/plugins\/seo\/ -->\n<title>Projetos Cofinanciados por UE - Soleo Piscinas<\/title>\n<meta name=\"robots\" content=\"index, follow, max-snippet:-1, max-image-preview:large, max-video-preview:-1\" \/>\n<link rel=\"canonical\" href=\"https:\/\/www.rppiscinas.com\/pt\/projetos-cofinanciados-por-ue\/\" \/>\n<meta property=\"og:locale\" content=\"pt_PT\" \/>\n<meta property=\"og:type\" content=\"article\" \/>\n<meta property=\"og:title\" content=\"Projetos Cofinanciados por UE - Soleo Piscinas\" \/>\n<meta property=\"og:url\" content=\"https:\/\/www.rppiscinas.com\/pt\/projetos-cofinanciados-por-ue\/\" \/>\n<meta property=\"og:site_name\" content=\"Soleo Piscinas\" \/>\n<meta property=\"article:publisher\" content=\"https:\/\/www.facebook.com\/soleopiscinas\" \/>\n<meta property=\"article:modified_time\" content=\"2021-07-21T13:32:07+00:00\" \/>\n<meta property=\"og:image\" content=\"https:\/\/www.rppiscinas.com\/pt\/wp-content\/uploads\/2017\/02\/a.jpg\" \/>\n<meta name=\"twitter:label1\" content=\"Tempo estimado de leitura\" \/>\n\t<meta name=\"twitter:data1\" content=\"4 minutos\" \/>\n<script type=\"application\/ld+json\" class=\"yoast-schema-graph\">{\"@context\":\"https:\/\/schema.org\",\"@graph\":[{\"@type\":\"WebPage\",\"@id\":\"https:\/\/www.rppiscinas.com\/pt\/projetos-cofinanciados-por-ue\/\",\"url\":\"https:\/\/www.rppiscinas.com\/pt\/projetos-cofinanciados-por-ue\/\",\"name\":\"Projetos Cofinanciados por UE - Soleo Piscinas\",\"isPartOf\":{\"@id\":\"https:\/\/www.rppiscinas.com\/pt\/#website\"},\"datePublished\":\"2019-07-09T14:36:56+00:00\",\"dateModified\":\"2021-07-21T13:32:07+00:00\",\"breadcrumb\":{\"@id\":\"https:\/\/www.rppiscinas.com\/pt\/projetos-cofinanciados-por-ue\/#breadcrumb\"},\"inLanguage\":\"pt-PT\",\"potentialAction\":[{\"@type\":\"ReadAction\",\"target\":[\"https:\/\/www.rppiscinas.com\/pt\/projetos-cofinanciados-por-ue\/\"]}]},{\"@type\":\"BreadcrumbList\",\"@id\":\"https:\/\/www.rppiscinas.com\/pt\/projetos-cofinanciados-por-ue\/#breadcrumb\",\"itemListElement\":[{\"@type\":\"ListItem\",\"position\":1,\"name\":\"Home\",\"item\":\"https:\/\/www.rppiscinas.com\/pt\/\"},{\"@type\":\"ListItem\",\"position\":2,\"name\":\"Projetos Cofinanciados por UE\"}]},{\"@type\":\"WebSite\",\"@id\":\"https:\/\/www.rppiscinas.com\/pt\/#website\",\"url\":\"https:\/\/www.rppiscinas.com\/pt\/\",\"name\":\"Soleo Piscinas\",\"description\":\"Mais do que uma piscina\",\"publisher\":{\"@id\":\"https:\/\/www.rppiscinas.com\/pt\/#organization\"},\"alternateName\":\"Soleo Piscinas\",\"potentialAction\":[{\"@type\":\"SearchAction\",\"target\":{\"@type\":\"EntryPoint\",\"urlTemplate\":\"https:\/\/www.rppiscinas.com\/pt\/?s={search_term_string}\"},\"query-input\":\"required name=search_term_string\"}],\"inLanguage\":\"pt-PT\"},{\"@type\":\"Organization\",\"@id\":\"https:\/\/www.rppiscinas.com\/pt\/#organization\",\"name\":\"Soleo Piscinas\",\"url\":\"https:\/\/www.rppiscinas.com\/pt\/\",\"logo\":{\"@type\":\"ImageObject\",\"inLanguage\":\"pt-PT\",\"@id\":\"https:\/\/www.rppiscinas.com\/pt\/#\/schema\/logo\/image\/\",\"url\":\"https:\/\/www.rppiscinas.com\/pt\/wp-content\/uploads\/2025\/03\/logowebsite-1.png\",\"contentUrl\":\"https:\/\/www.rppiscinas.com\/pt\/wp-content\/uploads\/2025\/03\/logowebsite-1.png\",\"width\":160,\"height\":75,\"caption\":\"Soleo Piscinas\"},\"image\":{\"@id\":\"https:\/\/www.rppiscinas.com\/pt\/#\/schema\/logo\/image\/\"},\"sameAs\":[\"https:\/\/www.facebook.com\/soleopiscinas\",\"https:\/\/www.instagram.com\/soleopiscinas\/\",\"https:\/\/pt.pinterest.com\/soleopiscinas\/\"]}]}<\/script>\n<!-- \/ Yoast SEO plugin. -->","yoast_head_json":{"title":"Projetos Cofinanciados por UE - Soleo Piscinas","robots":{"index":"index","follow":"follow","max-snippet":"max-snippet:-1","max-image-preview":"max-image-preview:large","max-video-preview":"max-video-preview:-1"},"canonical":"https:\/\/www.rppiscinas.com\/pt\/projetos-cofinanciados-por-ue\/","og_locale":"pt_PT","og_type":"article","og_title":"Projetos Cofinanciados por UE - Soleo Piscinas","og_url":"https:\/\/www.rppiscinas.com\/pt\/projetos-cofinanciados-por-ue\/","og_site_name":"Soleo Piscinas","article_publisher":"https:\/\/www.facebook.com\/soleopiscinas","article_modified_time":"2021-07-21T13:32:07+00:00","og_image":[{"url":"https:\/\/www.rppiscinas.com\/pt\/wp-content\/uploads\/2017\/02\/a.jpg"}],"twitter_misc":{"Tempo estimado de leitura":"4 minutos"},"schema":{"@context":"https:\/\/schema.org","@graph":[{"@type":"WebPage","@id":"https:\/\/www.rppiscinas.com\/pt\/projetos-cofinanciados-por-ue\/","url":"https:\/\/www.rppiscinas.com\/pt\/projetos-cofinanciados-por-ue\/","name":"Projetos Cofinanciados por UE - Soleo Piscinas","isPartOf":{"@id":"https:\/\/www.rppiscinas.com\/pt\/#website"},"datePublished":"2019-07-09T14:36:56+00:00","dateModified":"2021-07-21T13:32:07+00:00","breadcrumb":{"@id":"https:\/\/www.rppiscinas.com\/pt\/projetos-cofinanciados-por-ue\/#breadcrumb"},"inLanguage":"pt-PT","potentialAction":[{"@type":"ReadAction","target":["https:\/\/www.rppiscinas.com\/pt\/projetos-cofinanciados-por-ue\/"]}]},{"@type":"BreadcrumbList","@id":"https:\/\/www.rppiscinas.com\/pt\/projetos-cofinanciados-por-ue\/#breadcrumb","itemListElement":[{"@type":"ListItem","position":1,"name":"Home","item":"https:\/\/www.rppiscinas.com\/pt\/"},{"@type":"ListItem","position":2,"name":"Projetos Cofinanciados por UE"}]},{"@type":"WebSite","@id":"https:\/\/www.rppiscinas.com\/pt\/#website","url":"https:\/\/www.rppiscinas.com\/pt\/","name":"Soleo Piscinas","description":"Mais do que uma piscina","publisher":{"@id":"https:\/\/www.rppiscinas.com\/pt\/#organization"},"alternateName":"Soleo Piscinas","potentialAction":[{"@type":"SearchAction","target":{"@type":"EntryPoint","urlTemplate":"https:\/\/www.rppiscinas.com\/pt\/?s={search_term_string}"},"query-input":"required name=search_term_string"}],"inLanguage":"pt-PT"},{"@type":"Organization","@id":"https:\/\/www.rppiscinas.com\/pt\/#organization","name":"Soleo Piscinas","url":"https:\/\/www.rppiscinas.com\/pt\/","logo":{"@type":"ImageObject","inLanguage":"pt-PT","@id":"https:\/\/www.rppiscinas.com\/pt\/#\/schema\/logo\/image\/","url":"https:\/\/www.rppiscinas.com\/pt\/wp-content\/uploads\/2025\/03\/logowebsite-1.png","contentUrl":"https:\/\/www.rppiscinas.com\/pt\/wp-content\/uploads\/2025\/03\/logowebsite-1.png","width":160,"height":75,"caption":"Soleo Piscinas"},"image":{"@id":"https:\/\/www.rppiscinas.com\/pt\/#\/schema\/logo\/image\/"},"sameAs":["https:\/\/www.facebook.com\/soleopiscinas","https:\/\/www.instagram.com\/soleopiscinas\/","https:\/\/pt.pinterest.com\/soleopiscinas\/"]}]}},"_links":{"self":[{"href":"https:\/\/www.rppiscinas.com\/pt\/wp-json\/wp\/v2\/pages\/7104"}],"collection":[{"href":"https:\/\/www.rppiscinas.com\/pt\/wp-json\/wp\/v2\/pages"}],"about":[{"href":"https:\/\/www.rppiscinas.com\/pt\/wp-json\/wp\/v2\/types\/page"}],"author":[{"embeddable":true,"href":"https:\/\/www.rppiscinas.com\/pt\/wp-json\/wp\/v2\/users\/1"}],"replies":[{"embeddable":true,"href":"https:\/\/www.rppiscinas.com\/pt\/wp-json\/wp\/v2\/comments?post=7104"}],"version-history":[{"count":8,"href":"https:\/\/www.rppiscinas.com\/pt\/wp-json\/wp\/v2\/pages\/7104\/revisions"}],"predecessor-version":[{"id":7885,"href":"https:\/\/www.rppiscinas.com\/pt\/wp-json\/wp\/v2\/pages\/7104\/revisions\/7885"}],"wp:attachment":[{"href":"https:\/\/www.rppiscinas.com\/pt\/wp-json\/wp\/v2\/media?parent=7104"}],"curies":[{"name":"wp","href":"https:\/\/api.w.org\/{rel}","templated":true}]}}