{"id":7019,"date":"2019-04-03T11:05:14","date_gmt":"2019-04-03T11:05:14","guid":{"rendered":"https:\/\/www.rppiscinas.com\/pt\/?page_id=7019"},"modified":"2023-04-17T16:34:42","modified_gmt":"2023-04-17T16:34:42","slug":"condicoes-de-venda","status":"publish","type":"page","link":"https:\/\/www.rppiscinas.com\/pt\/condicoes-de-venda\/","title":{"rendered":"condicoes de venda"},"content":{"rendered":"<div class=\"flex_column av_one_full  flex_column_div av-zero-column-padding first  avia-builder-el-0  avia-builder-el-no-sibling  \" style='border-radius:0px; '><section class=\"av_textblock_section \"  itemscope=\"itemscope\" itemtype=\"https:\/\/schema.org\/CreativeWork\" ><div class='avia_textblock  '   itemprop=\"text\" ><h2>CONDI\u00c7\u00d5ES GERAIS DE VENDA<\/h2>\n<\/div><\/section><br \/>\n<div class=\"togglecontainer   toggle_close_all  avia-builder-el-2  el_after_av_textblock  avia-builder-el-last  \" >\n<section class=\"av_toggle_section\"  itemscope=\"itemscope\" itemtype=\"https:\/\/schema.org\/CreativeWork\"  >    <div class=\"single_toggle\" data-tags=\"{All} \"  >        <p data-fake-id=\"#toggle-id-1\" class=\"toggler \"  itemprop=\"headline\"   >I.ACEITA\u00c7\u00c3O DA ENCOMENDA<span class=\"toggle_icon\" >        <span class=\"vert_icon\"><\/span><span class=\"hor_icon\"><\/span><\/span><\/p>        <div id=\"toggle-id-1-container\" class=\"toggle_wrap \"  >            <div class=\"toggle_content invers-color \"  itemprop=\"text\"   ><ol>\n<li>\u00a0As encomendas confiadas aos nossos colaboradores ou agentes s\u00e3o aceites depois de formalmente confirmadas por escrito por parte da R.P. INDUSTRIES, SA.<\/li>\n<li>Os pre\u00e7os e informa\u00e7\u00f5es descritas nos nossos cat\u00e1logos e pre\u00e7\u00e1rios n\u00e3o comprometem definitivamente a R.P. INDUSTRIES, SA, a qual se reserva no direito de efectuar qualquer modifica\u00e7\u00e3o que julgue necess\u00e1ria.<\/li>\n<li>Os materiais s\u00e3o encomendados conforme as descri\u00e7\u00f5es t\u00e9cnicas dos equipamentos em vigor na data da encomenda, as quais o cliente reconhece ter total conhecimento.<\/li>\n<li>\u00a0Em caso de algum fornecimento adicional ou pedido de modifica\u00e7\u00f5es da encomenda, as condi\u00e7\u00f5es consentidas na encomenda inicial n\u00e3o podem ser automaticamente aplicadas \u00e0 encomenda complementar ou \u00e0 sua modifica\u00e7\u00e3o. Os pre\u00e7os e os prazos de entrega ser\u00e3o novamente discutidos.<\/li>\n<\/ol>\n            <\/div>        <\/div>    <\/div><\/section>\n<section class=\"av_toggle_section\"  itemscope=\"itemscope\" itemtype=\"https:\/\/schema.org\/CreativeWork\"  >    <div class=\"single_toggle\" data-tags=\"{All} \"  >        <p data-fake-id=\"#toggle-id-2\" class=\"toggler \"  itemprop=\"headline\"   >II. ENTREGAS \u2013 RECEP\u00c7\u00c3O DA ENCOMENDA<span class=\"toggle_icon\" >        <span class=\"vert_icon\"><\/span><span class=\"hor_icon\"><\/span><\/span><\/p>        <div id=\"toggle-id-2-container\" class=\"toggle_wrap \"  >            <div class=\"toggle_content invers-color \"  itemprop=\"text\"   ><ol>\n<li>Salvo acordo das partes sobre um prazo de entrega mais longo e salvo circunst\u00e2ncias independentes da vontade da R.P. INDUSTRIES, SA, a entrega ser\u00e1 efectuada dentro do prazo m\u00e1ximo de 12 semanas a partir da data da encomenda, no respetivo endere\u00e7o e data prevista.<\/li>\n<li>\u00a0O endere\u00e7o inicial da entrega, indicado sob responsabilidade do cliente, deve normalmente ser acess\u00edvel ao cami\u00e3o de transporte. De qualquer forma, o cliente \u00e9 o respons\u00e1vel por assegurar um local de descarga o mais pr\u00f3ximo poss\u00edvel do seu domic\u00edlio.<\/li>\n<li>\u00a0A entrega da encomenda s\u00f3 pode efectuar-se depois de regularizados os montantes previstos a pagamento antes da entrega. Os atrasos nos pagamentos dos montantes previstos, antes da entrega da encomenda, prorrogam o respetivo prazo de entrega.<\/li>\n<li>Apesar de todos os esfor\u00e7os por parte da R.P. INDUSTRIES, SA para manter e respeitar os prazos de entrega das encomendas, estes valem a t\u00edtulo meramente indicativo. Consequentemente, o cliente n\u00e3o poder\u00e1 denunciar a venda, tendo por base uma eventual modifica\u00e7\u00e3o dos prazos de entrega.<\/li>\n<li>\u00a0As mercadorias viajam por conta e risco do destinat\u00e1rio qualquer que seja o meio de transporte ou a modalidade de pagamento, porte pago ou a pagar.<br \/>\nAs reservas ou constata\u00e7\u00f5es estipuladas pelo cliente, ou pelo seu mandat\u00e1rio\/representante, efetuadas na guia de transporte que faz prova de recep\u00e7\u00e3o da mercadoria, s\u00e3o as \u00fanicas que ser\u00e3o aceites.<br \/>\nO cliente obriga-se a n\u00e3o adiar o levantamento da encomenda, no que diz respeito ao lugar e data previamente acordados, sem pr\u00e9vio acordo escrito da parte da R.P. INDUSTRIES, SA, ficando sujeito a suportar integralmente todas as despesas suplementares de manuten\u00e7\u00e3o, armazenamento de mercadoria(s), e de todos os riscos de deteriora\u00e7\u00e3o desta(s), que possam resultar da recusa de levantamento, da entrega ou do pagamento \u00e0 entrega.<\/li>\n<\/ol>\n            <\/div>        <\/div>    <\/div><\/section>\n<section class=\"av_toggle_section\"  itemscope=\"itemscope\" itemtype=\"https:\/\/schema.org\/CreativeWork\"  >    <div class=\"single_toggle\" data-tags=\"{All} \"  >        <p data-fake-id=\"#toggle-id-3\" class=\"toggler \"  itemprop=\"headline\"   >II. ENTREGAS \u2013 RECEP\u00c7\u00c3O DA ENCOMENDA<span class=\"toggle_icon\" >        <span class=\"vert_icon\"><\/span><span class=\"hor_icon\"><\/span><\/span><\/p>        <div id=\"toggle-id-3-container\" class=\"toggle_wrap \"  >            <div class=\"toggle_content invers-color \"  itemprop=\"text\"   ><ol>\n<li>Salvo acordo das partes sobre um prazo de entrega mais longo e salvo circunst\u00e2ncias independentes da vontade da R.P. INDUSTRIES, SA, a entrega ser\u00e1 efectuada dentro do prazo m\u00e1ximo de 12 semanas a partir da data da encomenda, no respetivo endere\u00e7o e data prevista.<\/li>\n<li>\u00a0O endere\u00e7o inicial da entrega, indicado sob responsabilidade do cliente, deve normalmente ser acess\u00edvel ao cami\u00e3o de transporte. De qualquer forma, o cliente \u00e9 o respons\u00e1vel por assegurar um local de descarga o mais pr\u00f3ximo poss\u00edvel do seu domic\u00edlio.<\/li>\n<li>\u00a0A entrega da encomenda s\u00f3 pode efectuar-se depois de regularizados os montantes previstos a pagamento antes da entrega. Os atrasos nos pagamentos dos montantes previstos, antes da entrega da encomenda, prorrogam o respetivo prazo de entrega.<\/li>\n<li>Apesar de todos os esfor\u00e7os por parte da R.P. INDUSTRIES, SA para manter e respeitar os prazos de entrega das encomendas, estes valem a t\u00edtulo meramente indicativo. Consequentemente, o cliente n\u00e3o poder\u00e1 denunciar a venda, tendo por base uma eventual modifica\u00e7\u00e3o dos prazos de entrega.<\/li>\n<li>\u00a0As mercadorias viajam por conta e risco do destinat\u00e1rio qualquer que seja o meio de transporte ou a modalidade de pagamento, porte pago ou a pagar.<br \/>\nAs reservas ou constata\u00e7\u00f5es estipuladas pelo cliente, ou pelo seu mandat\u00e1rio\/representante, efetuadas na guia de transporte que faz prova de recep\u00e7\u00e3o da mercadoria, s\u00e3o as \u00fanicas que ser\u00e3o aceites.<br \/>\nO cliente obriga-se a n\u00e3o adiar o levantamento da encomenda, no que diz respeito ao lugar e data previamente acordados, sem pr\u00e9vio acordo escrito da parte da R.P. INDUSTRIES, SA, ficando sujeito a suportar integralmente todas as despesas suplementares de manuten\u00e7\u00e3o, armazenamento de mercadoria(s), e de todos os riscos de deteriora\u00e7\u00e3o desta(s), que possam resultar da recusa de levantamento, da entrega ou do pagamento \u00e0 entrega.<\/li>\n<\/ol>\n            <\/div>        <\/div>    <\/div><\/section>\n<section class=\"av_toggle_section\"  itemscope=\"itemscope\" itemtype=\"https:\/\/schema.org\/CreativeWork\"  >    <div class=\"single_toggle\" data-tags=\"{All} \"  >        <p data-fake-id=\"#toggle-id-4\" class=\"toggler \"  itemprop=\"headline\"   >III. INSTALA\u00c7\u00c3O<span class=\"toggle_icon\" >        <span class=\"vert_icon\"><\/span><span class=\"hor_icon\"><\/span><\/span><\/p>        <div id=\"toggle-id-4-container\" class=\"toggle_wrap \"  >            <div class=\"toggle_content invers-color \"  itemprop=\"text\"   ><p>Salvo estipula\u00e7\u00e3o contr\u00e1ria e claramente indicada na encomenda e confirmada pela R.P. INDUSTRIES, SA, os trabalhos de instala\u00e7\u00e3o em geral, n\u00e3o est\u00e3o compreendidos no pre\u00e7o de fornecimento dos materiais e, por esse motivo, ficam a cargo da responsabilidade do cliente. A R.P. INDUSTRIES, SA, em circunst\u00e2ncia alguma pder\u00e1 ser responsabilizada por uma deficiente instala\u00e7\u00e3o do produto, ou m\u00e1 utiliza\u00e7\u00e3o do mesmo, sendo a garantia de instala\u00e7\u00e3o da total e exclusiva responsabilidade do instalador.<\/p>\n            <\/div>        <\/div>    <\/div><\/section>\n<section class=\"av_toggle_section\"  itemscope=\"itemscope\" itemtype=\"https:\/\/schema.org\/CreativeWork\"  >    <div class=\"single_toggle\" data-tags=\"{All} \"  >        <p data-fake-id=\"#toggle-id-5\" class=\"toggler \"  itemprop=\"headline\"   >IV. PRE\u00c7O E CONDI\u00c7\u00d5ES DE PAGAMENTO<span class=\"toggle_icon\" >        <span class=\"vert_icon\"><\/span><span class=\"hor_icon\"><\/span><\/span><\/p>        <div id=\"toggle-id-5-container\" class=\"toggle_wrap \"  >            <div class=\"toggle_content invers-color \"  itemprop=\"text\"   ><ol>\n<li>O montante sem impostos (s\/IVA) do pre\u00e7o total acordado s\u00f3 se torna definitivo ap\u00f3s o pagamento de um sinal igual ou superior a 30%.<\/li>\n<li>A entrega implica a emiss\u00e3o de Factura\/Recibo e faz correr o prazo de garantia.<\/li>\n<li>\u00a0As facturas s\u00e3o pagas na totalidade segundo as condi\u00e7\u00f5es de pagamento expressamente aceites pelo cliente e pela R.P. INDUSTRIES, SA. S\u00f3 ser\u00e1 efetuado um desconto de pronto pagamento no caso de se verificar um pagamento total e efectivo no acto da encomenda.<\/li>\n<li>\u00a0Todos os pagamentos em atraso, sem o acordo escrito da R.P. INDUSTRIES, SA, implicam o pagamento imediato do saldo em d\u00edvida e est\u00e3o sujeitos \u00e0 cobran\u00e7a de juros de acordo com a lei em vigor. Todas as despesas de contencioso e de justi\u00e7a, que possam resultar do n\u00e3o cumprimento de obriga\u00e7\u00f5es por parte do comprador, ser\u00e3o integralmente suportadas por este \u00faltimo.<\/li>\n<\/ol>\n            <\/div>        <\/div>    <\/div><\/section>\n<section class=\"av_toggle_section\"  itemscope=\"itemscope\" itemtype=\"https:\/\/schema.org\/CreativeWork\"  >    <div class=\"single_toggle\" data-tags=\"{All} \"  >        <p data-fake-id=\"#toggle-id-6\" class=\"toggler \"  itemprop=\"headline\"   >V. RESOLU\u00c7\u00c3O<span class=\"toggle_icon\" >        <span class=\"vert_icon\"><\/span><span class=\"hor_icon\"><\/span><\/span><\/p>        <div id=\"toggle-id-6-container\" class=\"toggle_wrap \"  >            <div class=\"toggle_content invers-color \"  itemprop=\"text\"   ><p>O cliente n\u00e3o beneficia do direito de livre resolu\u00e7\u00e3o do contrato, nos termos do art. 17.\u00ba, n.\u00ba 1, do\u00a0\u00a0DL n.\u00ba 24\/2014, de 14 de Fevereiro.<\/p>\n            <\/div>        <\/div>    <\/div><\/section>\n<section class=\"av_toggle_section\"  itemscope=\"itemscope\" itemtype=\"https:\/\/schema.org\/CreativeWork\"  >    <div class=\"single_toggle\" data-tags=\"{All} \"  >        <p data-fake-id=\"#toggle-id-7\" class=\"toggler \"  itemprop=\"headline\"   >VII. GARANTIAS<span class=\"toggle_icon\" >        <span class=\"vert_icon\"><\/span><span class=\"hor_icon\"><\/span><\/span><\/p>        <div id=\"toggle-id-7-container\" class=\"toggle_wrap \"  >            <div class=\"toggle_content invers-color \"  itemprop=\"text\"   ><p>1. A estrutura em a\u00e7o STEELPRIME \u2013 25 anos de garantia e a estrutura em a\u00e7o PRIMASTEEL \u2013 30 anos de garantia \u2013 s\u00e3o garantidas contra perfura\u00e7\u00f5es causadas pela corros\u00e3o. Se al\u00e9m de todo o cuidado prestado na escolha do nosso a\u00e7o e na qualidade do nosso fabrico, ao longo dos anos, aparecer na estrutura uma perfura\u00e7\u00e3o causada pela ferrugem, a R.P. INDUSTRIES, SA assume a responsabilidade de enviar gratuitamente e diretamente ao propriet\u00e1rio da piscina o painel ou os pain\u00e9is novos correspondentes apenas aos pain\u00e9is defeituosos. Esta garantia n\u00e3o ser\u00e1 aplicada para danos causados pela falta de cuidado, por fuga de \u00e1gua na piscina, por uma m\u00e1 manuten\u00e7\u00e3o ou por um tratamento da \u00e1gua inadequado a este tipo de estrutura.<br \/>\n2. O liner 75\/100 comercializado pela R.P. INDUSTRIES, SA \u00e9 garantido por 15 anos, apenas e exclusivamente, sobre as soldaduras. Esta garantia \u00e9 degressiva sendo os primeiros 10 anos garantidos a 100% e os restantes 5 degressivos (11\u00ba ano: 50%; 12\u00ba ano: 40%; 13\u00ba ano: 30%; 14\u00ba ano: 20%; 15\u00ba ano: 10%).<br \/>\nA tela armada 150\/100 comercializada pela R.P. INDUSTRIES, SA apresenta uma garantia de 10 anos efetivos, apenas e exclusivamente, sobre as soldaduras.<br \/>\nNo caso do revestimento em liner 75\/100 ou em tela armada 150\/100, o propriet\u00e1rio deve avisar a R.P. INDUSTRIES, SA, no prazo de 10 dias, ap\u00f3s a descoberta de qualquer um dos seguintes defeitos:<br \/>\na) O enfraquecimento da ou das soldaduras, que \u00e9 coberto por esta garantia, tem de ser o \u00fanico eventual defeito do liner ou da tela armada.<br \/>\nb) O enfraquecimento da ou das juntas, tem de ser causado unicamente por um defeito do material ou por um erro no seu fabrico.<br \/>\nc) Uma perfura\u00e7\u00e3o ou um rasgo, que n\u00e3o resulta em princ\u00edpio de um defeito de fabrico ou do material, mas sim geralmente por uma das seguintes causas:<br \/>\n\u2013 m\u00e1 utiliza\u00e7\u00e3o da vara telesc\u00f3pica,<br \/>\n\u2013 objetos que caiam dentro da piscina,<br \/>\n\u2013 esvaziamento da piscina sem a presen\u00e7a de um t\u00e9cnico da R.P. INDUSTRIES, SA,<br \/>\n\u2013 atos de vandalismo.<br \/>\nEste tipo de perfura\u00e7\u00e3o, rasgo, orif\u00edcio, ou qualquer outro semelhante, n\u00e3o s\u00e3o abrangidos pela garantia, assim como a conserva\u00e7\u00e3o da cor e o aparecimento de n\u00f3doas, rugas ou vincos, seja qual for a sua natureza.<br \/>\nOs cortes, defeitos, n\u00f3doas ou manchas causadas por meios ou agentes mec\u00e2nicos e qu\u00edmicos, s\u00e3o exclu\u00eddos da garantia. A perda de cor do liner, bem como o aparecimento de rugas ou vincos s\u00e3o tamb\u00e9m exclu\u00eddos da garantia, sendo estes o resultado de:<br \/>\n\u2013 um tratamento da \u00e1gua inadequado (lix\u00edvia, hipoclorito de s\u00f3dio ou similares),<br \/>\n\u2013 uma sobreclora\u00e7\u00e3o permanente da \u00e1gua superior aos n\u00edveis aconselhados,<br \/>\n\u2013 um n\u00edvel de PH desequilibrado,<br \/>\n\u2013 alguns sistemas de esteriliza\u00e7\u00e3o autom\u00e1tica da \u00e1gua n\u00e3o recomendados pela R.P. INDUSTRIES, SA.<br \/>\n\u2013 A utiliza\u00e7\u00e3o de produtos que n\u00e3o os indicados para o tratamento da \u00e1gua da piscina ou de produtos \u00e0 base de cobre ou seus derivados, assim como produtos incompat\u00edveis com a manuten\u00e7\u00e3o da tela armada, anulam a garantia. O tratamento da \u00e1gua da piscina deve ser conforme a legisla\u00e7\u00e3o em vigor. A compatibilidade dos tratamentos da \u00e1gua da piscina com tela armada \u00e9 da inteira responsabilidade do utilizador. O enchimento da piscina e o corte das pe\u00e7as implicam a aceita\u00e7\u00e3o da cor e a conformidade da tela armada com a planta da encomenda.<br \/>\nA condi\u00e7\u00e3o da garantia aplicar-se-\u00e1 ap\u00f3s o enchimento da piscina e da verifica\u00e7\u00e3o pelo cliente de que n\u00e3o se constata qualquer um dos defeitos descritos anteriormente.<br \/>\n3. Motores, Bombas, Filtros, Electrolisadores, Bombas de Calor, Desumidificadores, Spas, Robots e, de uma forma geral, todo o equipamento el\u00e9trico, excetuando as l\u00e2mpadas, tem uma garantia de 3 anos conforme legisla\u00e7\u00e3o em vigor contra qualquer defeito de funcionamento proveniente de um defeito de fabrico ou de concep\u00e7\u00e3o e deve obedecer \u00e0s seguintes condi\u00e7\u00f5es: o defeito deve aparecer num per\u00edodo de 36 meses ap\u00f3s a entrega da encomenda. N\u00e3o ser\u00e3o abrangidos pela garantia defeitos que resultam de uma interven\u00e7\u00e3o sobre o produto n\u00e3o autorizada pela R.P. INDUSTRIES, SA, ou que resultam de defeito decorrente do uso anormal ou inadequado do produto, de uma neglig\u00eancia ou de uma falta de manuten\u00e7\u00e3o por parte do comprador ou de qualquer utilizador por si autorizado, ou ainda por motivo de for\u00e7a maior, tais como cat\u00e1strofes\/causas naturais ou acidentais.<br \/>\n4. Todas as garantias cessar\u00e3o automaticamente se forem efetuadas repara\u00e7\u00f5es ou altera\u00e7\u00f5es nos produtos, equipamentos, ou na obra, por outra entidade sem o consentimento escrito da R.P. INDUSTRIES, SA.<br \/>\nA R.P. INDUSTRIES, SA n\u00e3o ser\u00e1 respons\u00e1vel por danos causados na obra provocados por deslocamento de terras ou altera\u00e7\u00e3o das condi\u00e7\u00f5es de assentamento, motivados por altera\u00e7\u00f5es das condi\u00e7\u00f5es existentes na \u00e1rea envolvente, que dependam de obras que n\u00e3o foram efetuadas pela nossa empresa ou que n\u00e3o sejam previs\u00edveis \u00e0 data da constru\u00e7\u00e3o.<br \/>\nAs reclama\u00e7\u00f5es devem ser efetuadas formalmente atrav\u00e9s do envio de fotografias e a descri\u00e7\u00e3o dos factos ocorridos. Em caso de eventual necessidade de substitui\u00e7\u00e3o, uma amostra com o defeito e a parte com a refer\u00eancia da tela armada dever\u00e3o ser enviados \u00e0 R.P. INDUSTRIES, SA, num prazo de 10 dias, a partir da data de reclama\u00e7\u00e3o.<br \/>\nNa garantia, a R.P. INDUSTRIES, SA substituir\u00e1 gratuitamente as pe\u00e7as defeituosas. Todas as substitui\u00e7\u00f5es ser\u00e3o devidamente faturadas. Ap\u00f3s an\u00e1lise do problema, e no caso da responsabilidade por parte da R.P. INDUSTRIES, SA ser confirmada, ser\u00e1 emitida uma nota de cr\u00e9dito.<\/p>\n            <\/div>        <\/div>    <\/div><\/section>\n<section class=\"av_toggle_section\"  itemscope=\"itemscope\" itemtype=\"https:\/\/schema.org\/CreativeWork\"  >    <div class=\"single_toggle\" data-tags=\"{All} \"  >        <p data-fake-id=\"#toggle-id-8\" class=\"toggler \"  itemprop=\"headline\"   >VIII. TRIBUNAIS COMPETENTES<span class=\"toggle_icon\" >        <span class=\"vert_icon\"><\/span><span class=\"hor_icon\"><\/span><\/span><\/p>        <div id=\"toggle-id-8-container\" class=\"toggle_wrap \"  >            <div class=\"toggle_content invers-color \"  itemprop=\"text\"   ><p>S\u00f3 os tribunais da localidade da sede social da R.P. INDUSTRIES, SA ser\u00e3o competentes para resolver qualquer tipo de lit\u00edgio resultante do contrato, com expressa ren\u00fancia a qualquer outro.<br \/>\nEm caso de lit\u00edgio o consumidor poder\u00e1 recorrer ao CIAB \u2013 Tribunal Arbitral de Consumo, com s\u00edtio na internet em http:\/\/www.ciab.pt\/pt\/, e-mail: geral@ciab.pt, com morada em Rua D. Afonso Henriques, 1, 4700-030 Braga.<\/p>\n            <\/div>        <\/div>    <\/div><\/section>\n<\/div><\/p><\/div>\n","protected":false},"excerpt":{"rendered":"","protected":false},"author":1,"featured_media":0,"parent":0,"menu_order":0,"comment_status":"closed","ping_status":"closed","template":"","meta":[],"yoast_head":"<!-- This site is optimized with the Yoast SEO plugin v20.3 - https:\/\/yoast.com\/wordpress\/plugins\/seo\/ -->\n<title>condicoes de venda - Soleo Piscinas<\/title>\n<meta name=\"robots\" content=\"index, follow, max-snippet:-1, max-image-preview:large, max-video-preview:-1\" \/>\n<link rel=\"canonical\" href=\"https:\/\/www.rppiscinas.com\/pt\/condicoes-de-venda\/\" \/>\n<meta property=\"og:locale\" content=\"pt_PT\" \/>\n<meta property=\"og:type\" content=\"article\" \/>\n<meta property=\"og:title\" content=\"condicoes de venda - Soleo Piscinas\" \/>\n<meta property=\"og:url\" content=\"https:\/\/www.rppiscinas.com\/pt\/condicoes-de-venda\/\" \/>\n<meta property=\"og:site_name\" content=\"Soleo Piscinas\" \/>\n<meta property=\"article:publisher\" content=\"https:\/\/www.facebook.com\/soleopiscinas\" \/>\n<meta property=\"article:modified_time\" content=\"2023-04-17T16:34:42+00:00\" \/>\n<meta property=\"og:image\" content=\"https:\/\/www.rppiscinas.com\/pt\/wp-content\/uploads\/2018\/06\/piscina1.jpg\" \/>\n\t<meta property=\"og:image:width\" content=\"1200\" \/>\n\t<meta property=\"og:image:height\" content=\"603\" \/>\n\t<meta property=\"og:image:type\" content=\"image\/jpeg\" \/>\n<meta name=\"twitter:label1\" content=\"Tempo estimado de leitura\" \/>\n\t<meta name=\"twitter:data1\" content=\"11 minutos\" \/>\n<script type=\"application\/ld+json\" class=\"yoast-schema-graph\">{\"@context\":\"https:\/\/schema.org\",\"@graph\":[{\"@type\":\"WebPage\",\"@id\":\"https:\/\/www.rppiscinas.com\/pt\/condicoes-de-venda\/\",\"url\":\"https:\/\/www.rppiscinas.com\/pt\/condicoes-de-venda\/\",\"name\":\"condicoes de venda - Soleo Piscinas\",\"isPartOf\":{\"@id\":\"https:\/\/www.rppiscinas.com\/pt\/#website\"},\"datePublished\":\"2019-04-03T11:05:14+00:00\",\"dateModified\":\"2023-04-17T16:34:42+00:00\",\"breadcrumb\":{\"@id\":\"https:\/\/www.rppiscinas.com\/pt\/condicoes-de-venda\/#breadcrumb\"},\"inLanguage\":\"pt-PT\",\"potentialAction\":[{\"@type\":\"ReadAction\",\"target\":[\"https:\/\/www.rppiscinas.com\/pt\/condicoes-de-venda\/\"]}]},{\"@type\":\"BreadcrumbList\",\"@id\":\"https:\/\/www.rppiscinas.com\/pt\/condicoes-de-venda\/#breadcrumb\",\"itemListElement\":[{\"@type\":\"ListItem\",\"position\":1,\"name\":\"Home\",\"item\":\"https:\/\/www.rppiscinas.com\/pt\/\"},{\"@type\":\"ListItem\",\"position\":2,\"name\":\"condicoes de venda\"}]},{\"@type\":\"WebSite\",\"@id\":\"https:\/\/www.rppiscinas.com\/pt\/#website\",\"url\":\"https:\/\/www.rppiscinas.com\/pt\/\",\"name\":\"Soleo Piscinas\",\"description\":\"Mais do que uma piscina\",\"publisher\":{\"@id\":\"https:\/\/www.rppiscinas.com\/pt\/#organization\"},\"alternateName\":\"Soleo Piscinas\",\"potentialAction\":[{\"@type\":\"SearchAction\",\"target\":{\"@type\":\"EntryPoint\",\"urlTemplate\":\"https:\/\/www.rppiscinas.com\/pt\/?s={search_term_string}\"},\"query-input\":\"required name=search_term_string\"}],\"inLanguage\":\"pt-PT\"},{\"@type\":\"Organization\",\"@id\":\"https:\/\/www.rppiscinas.com\/pt\/#organization\",\"name\":\"Soleo Piscinas\",\"url\":\"https:\/\/www.rppiscinas.com\/pt\/\",\"logo\":{\"@type\":\"ImageObject\",\"inLanguage\":\"pt-PT\",\"@id\":\"https:\/\/www.rppiscinas.com\/pt\/#\/schema\/logo\/image\/\",\"url\":\"https:\/\/www.rppiscinas.com\/pt\/wp-content\/uploads\/2025\/03\/logowebsite-1.png\",\"contentUrl\":\"https:\/\/www.rppiscinas.com\/pt\/wp-content\/uploads\/2025\/03\/logowebsite-1.png\",\"width\":160,\"height\":75,\"caption\":\"Soleo Piscinas\"},\"image\":{\"@id\":\"https:\/\/www.rppiscinas.com\/pt\/#\/schema\/logo\/image\/\"},\"sameAs\":[\"https:\/\/www.facebook.com\/soleopiscinas\",\"https:\/\/www.instagram.com\/soleopiscinas\/\",\"https:\/\/pt.pinterest.com\/soleopiscinas\/\"]}]}<\/script>\n<!-- \/ Yoast SEO plugin. -->","yoast_head_json":{"title":"condicoes de venda - Soleo Piscinas","robots":{"index":"index","follow":"follow","max-snippet":"max-snippet:-1","max-image-preview":"max-image-preview:large","max-video-preview":"max-video-preview:-1"},"canonical":"https:\/\/www.rppiscinas.com\/pt\/condicoes-de-venda\/","og_locale":"pt_PT","og_type":"article","og_title":"condicoes de venda - Soleo Piscinas","og_url":"https:\/\/www.rppiscinas.com\/pt\/condicoes-de-venda\/","og_site_name":"Soleo Piscinas","article_publisher":"https:\/\/www.facebook.com\/soleopiscinas","article_modified_time":"2023-04-17T16:34:42+00:00","og_image":[{"width":1200,"height":603,"url":"https:\/\/www.rppiscinas.com\/pt\/wp-content\/uploads\/2018\/06\/piscina1.jpg","type":"image\/jpeg"}],"twitter_misc":{"Tempo estimado de leitura":"11 minutos"},"schema":{"@context":"https:\/\/schema.org","@graph":[{"@type":"WebPage","@id":"https:\/\/www.rppiscinas.com\/pt\/condicoes-de-venda\/","url":"https:\/\/www.rppiscinas.com\/pt\/condicoes-de-venda\/","name":"condicoes de venda - Soleo Piscinas","isPartOf":{"@id":"https:\/\/www.rppiscinas.com\/pt\/#website"},"datePublished":"2019-04-03T11:05:14+00:00","dateModified":"2023-04-17T16:34:42+00:00","breadcrumb":{"@id":"https:\/\/www.rppiscinas.com\/pt\/condicoes-de-venda\/#breadcrumb"},"inLanguage":"pt-PT","potentialAction":[{"@type":"ReadAction","target":["https:\/\/www.rppiscinas.com\/pt\/condicoes-de-venda\/"]}]},{"@type":"BreadcrumbList","@id":"https:\/\/www.rppiscinas.com\/pt\/condicoes-de-venda\/#breadcrumb","itemListElement":[{"@type":"ListItem","position":1,"name":"Home","item":"https:\/\/www.rppiscinas.com\/pt\/"},{"@type":"ListItem","position":2,"name":"condicoes de venda"}]},{"@type":"WebSite","@id":"https:\/\/www.rppiscinas.com\/pt\/#website","url":"https:\/\/www.rppiscinas.com\/pt\/","name":"Soleo Piscinas","description":"Mais do que uma piscina","publisher":{"@id":"https:\/\/www.rppiscinas.com\/pt\/#organization"},"alternateName":"Soleo Piscinas","potentialAction":[{"@type":"SearchAction","target":{"@type":"EntryPoint","urlTemplate":"https:\/\/www.rppiscinas.com\/pt\/?s={search_term_string}"},"query-input":"required name=search_term_string"}],"inLanguage":"pt-PT"},{"@type":"Organization","@id":"https:\/\/www.rppiscinas.com\/pt\/#organization","name":"Soleo Piscinas","url":"https:\/\/www.rppiscinas.com\/pt\/","logo":{"@type":"ImageObject","inLanguage":"pt-PT","@id":"https:\/\/www.rppiscinas.com\/pt\/#\/schema\/logo\/image\/","url":"https:\/\/www.rppiscinas.com\/pt\/wp-content\/uploads\/2025\/03\/logowebsite-1.png","contentUrl":"https:\/\/www.rppiscinas.com\/pt\/wp-content\/uploads\/2025\/03\/logowebsite-1.png","width":160,"height":75,"caption":"Soleo Piscinas"},"image":{"@id":"https:\/\/www.rppiscinas.com\/pt\/#\/schema\/logo\/image\/"},"sameAs":["https:\/\/www.facebook.com\/soleopiscinas","https:\/\/www.instagram.com\/soleopiscinas\/","https:\/\/pt.pinterest.com\/soleopiscinas\/"]}]}},"_links":{"self":[{"href":"https:\/\/www.rppiscinas.com\/pt\/wp-json\/wp\/v2\/pages\/7019"}],"collection":[{"href":"https:\/\/www.rppiscinas.com\/pt\/wp-json\/wp\/v2\/pages"}],"about":[{"href":"https:\/\/www.rppiscinas.com\/pt\/wp-json\/wp\/v2\/types\/page"}],"author":[{"embeddable":true,"href":"https:\/\/www.rppiscinas.com\/pt\/wp-json\/wp\/v2\/users\/1"}],"replies":[{"embeddable":true,"href":"https:\/\/www.rppiscinas.com\/pt\/wp-json\/wp\/v2\/comments?post=7019"}],"version-history":[{"count":7,"href":"https:\/\/www.rppiscinas.com\/pt\/wp-json\/wp\/v2\/pages\/7019\/revisions"}],"predecessor-version":[{"id":19814,"href":"https:\/\/www.rppiscinas.com\/pt\/wp-json\/wp\/v2\/pages\/7019\/revisions\/19814"}],"wp:attachment":[{"href":"https:\/\/www.rppiscinas.com\/pt\/wp-json\/wp\/v2\/media?parent=7019"}],"curies":[{"name":"wp","href":"https:\/\/api.w.org\/{rel}","templated":true}]}}