{"id":6681,"date":"2019-03-29T16:26:49","date_gmt":"2019-03-29T16:26:49","guid":{"rendered":"https:\/\/www.rppiscinas.com\/pt\/?page_id=6681"},"modified":"2025-05-30T10:33:48","modified_gmt":"2025-05-30T10:33:48","slug":"orcamento-piscina","status":"publish","type":"page","link":"https:\/\/www.rppiscinas.com\/pt\/homepage\/orcamento-piscina\/","title":{"rendered":"Or\u00e7amento Piscina"},"content":{"rendered":"<div class=\"flex_column av_one_full  flex_column_div av-zero-column-padding first  avia-builder-el-0  el_before_av_one_full  avia-builder-el-first  \" style='border-radius:0px; '><section class=\"av_textblock_section \"  itemscope=\"itemscope\" itemtype=\"https:\/\/schema.org\/CreativeWork\" ><div class='avia_textblock  '   itemprop=\"text\" ><h1 style=\"text-align: center;\">O PROJETO DA SUA VIDA<\/h1>\n<h3 style=\"text-align: center;\">MERECE SER TRATADO, N\u00c3O S\u00d3 COM RESPONSABILIDADE, MAS TAMB\u00c9M COM OUSADIA<\/h3>\n<p style=\"text-align: center;\">Dessa forma, entregue-nos o seu projeto e receba assim um estudo de piscina verdadeiramente adaptado \u00e0s suas necessidades.<br \/>\nQuer seja uma piscina retangular, quer seja uma piscina com linhas direitas ou org\u00e2nicas, certamente a equipa SOLEO saber\u00e1 indicar-lhe qual o modelo ideal para o seu projeto.<br \/>\n<strong>Surpreendentemente os nossos profissionais saber\u00e3o dar forma ao seu sonho! <\/strong><\/p>\n<\/div><\/section><\/div>\n<div class=\"flex_column av_one_full  flex_column_div first  avia-builder-el-2  el_after_av_one_full  el_before_av_one_half  column-top-margin\" style='padding:0px 0px 0px 0px ; border-radius:0px; '><section class=\"av_textblock_section \"  itemscope=\"itemscope\" itemtype=\"https:\/\/schema.org\/CreativeWork\" ><div class='avia_textblock  '   itemprop=\"text\" ><p style=\"text-align: center;\"><div role=\"form\" class=\"wpcf7\" id=\"wpcf7-f21164-o1\" lang=\"pt-PT\" dir=\"ltr\">\n<div class=\"screen-reader-response\"><\/div>\n<form action=\"\/pt\/wp-json\/wp\/v2\/pages\/6681#wpcf7-f21164-o1\" method=\"post\" class=\"wpcf7-form wpcf7-acceptance-as-validation\" enctype=\"multipart\/form-data\" novalidate=\"novalidate\">\n<div style=\"display: none;\">\n<input type=\"hidden\" name=\"_wpcf7\" value=\"21164\" \/>\n<input type=\"hidden\" name=\"_wpcf7_version\" value=\"5.0.5\" \/>\n<input type=\"hidden\" name=\"_wpcf7_locale\" value=\"pt_PT\" \/>\n<input type=\"hidden\" name=\"_wpcf7_unit_tag\" value=\"wpcf7-f21164-o1\" \/>\n<input type=\"hidden\" name=\"_wpcf7_container_post\" value=\"0\" \/>\n<input type=\"hidden\" name=\"_wpcf7cf_hidden_group_fields\" value=\"\" \/>\n<input type=\"hidden\" name=\"_wpcf7cf_hidden_groups\" value=\"\" \/>\n<input type=\"hidden\" name=\"_wpcf7cf_visible_groups\" value=\"\" \/>\n<input type=\"hidden\" name=\"_wpcf7cf_options\" value=\"{&quot;form_id&quot;:21164,&quot;conditions&quot;:[{&quot;then_field&quot;:&quot;grupo_morada_diferente&quot;,&quot;and_rules&quot;:[{&quot;if_field&quot;:&quot;morada_diferente&quot;,&quot;operator&quot;:&quot;equals&quot;,&quot;if_value&quot;:&quot;A morada de instala\\u00e7\\u00e3o \\u00e9 diferente da que indiquei acima&quot;}]},{&quot;then_field&quot;:&quot;group-quais&quot;,&quot;and_rules&quot;:[{&quot;if_field&quot;:&quot;menu_conhecer&quot;,&quot;operator&quot;:&quot;equals&quot;,&quot;if_value&quot;:&quot;outros&quot;}]}],&quot;settings&quot;:false}\" \/>\n<\/div>\n<div class=\"avia_ajax_form\">\n<p class=\"first_form form_element form_element_half\">Nome*<br \/>\n    <span class=\"wpcf7-form-control-wrap nome\"><input type=\"text\" name=\"nome\" value=\"\" size=\"40\" class=\"wpcf7-form-control wpcf7-text wpcf7-validates-as-required text_input\" aria-required=\"true\" aria-invalid=\"false\" \/><\/span> <\/p>\n<p class=\"form_element form_element_half\">Apelido*<br \/>\n    <span class=\"wpcf7-form-control-wrap apelido\"><input type=\"text\" name=\"apelido\" value=\"\" size=\"40\" class=\"wpcf7-form-control wpcf7-text wpcf7-validates-as-required text_input\" aria-required=\"true\" aria-invalid=\"false\" \/><\/span> <\/p>\n<p class=\"first_form form_element form_element_half\">C\u00f3digo Postal*<br \/>\n    <span class=\"wpcf7-form-control-wrap codigopostal\"><input type=\"text\" name=\"codigopostal\" value=\"\" size=\"40\" class=\"wpcf7-form-control wpcf7-text wpcf7-validates-as-required text_input\" aria-required=\"true\" aria-invalid=\"false\" \/><\/span> <\/p>\n<p class=\"form_element form_element_half\">Localidade*<br \/>\n    <span class=\"wpcf7-form-control-wrap localidade\"><input type=\"text\" name=\"localidade\" value=\"\" size=\"40\" class=\"wpcf7-form-control wpcf7-text wpcf7-validates-as-required text_input\" aria-required=\"true\" aria-invalid=\"false\" \/><\/span> <\/p>\n<p><span class=\"wpcf7-form-control-wrap morada_diferente\"><span class=\"wpcf7-form-control wpcf7-checkbox\"><span class=\"wpcf7-list-item first last\"><label><input type=\"checkbox\" name=\"morada_diferente[]\" value=\"A morada de instala\u00e7\u00e3o \u00e9 diferente da que indiquei acima\" \/><span class=\"wpcf7-list-item-label\">A morada de instala\u00e7\u00e3o \u00e9 diferente da que indiquei acima<\/span><\/label><\/span><\/span><\/span><\/p>\n<div id=\"grupo_morada_diferente\"  data-class=\"wpcf7cf_group\">\n   Localidade instala\u00e7\u00e3o:<br \/>\n    <span class=\"wpcf7-form-control-wrap morada_instalacao\"><input type=\"text\" name=\"morada_instalacao\" value=\"\" size=\"40\" class=\"wpcf7-form-control wpcf7-text wpcf7-validates-as-required text_input\" aria-required=\"true\" aria-invalid=\"false\" \/><\/span><\/p>\n<p>    C\u00f3digo Postal instala\u00e7\u00e3o:<br \/>\n    <span class=\"wpcf7-form-control-wrap localidade_instalacao\"><input type=\"text\" name=\"localidade_instalacao\" value=\"\" size=\"40\" class=\"wpcf7-form-control wpcf7-text wpcf7-validates-as-required text_input\" aria-required=\"true\" aria-invalid=\"false\" \/><\/span>\n<\/p><\/div>\n<p class=\"first_form form_element form_element_half\">Email*<br \/>\n    <span class=\"wpcf7-form-control-wrap your-email\"><input type=\"email\" name=\"your-email\" value=\"\" size=\"40\" class=\"wpcf7-form-control wpcf7-text wpcf7-email wpcf7-validates-as-required wpcf7-validates-as-email text_input\" aria-required=\"true\" aria-invalid=\"false\" \/><\/span> <\/p>\n<p class=\"form_element form_element_half\">Telefone \/ Telem\u00f3vel*<br \/>\n    <span class=\"wpcf7-form-control-wrap telefone\"><input type=\"tel\" name=\"telefone\" value=\"\" size=\"40\" class=\"wpcf7-form-control wpcf7-text wpcf7-tel wpcf7-validates-as-required wpcf7-validates-as-tel text_input\" aria-required=\"true\" aria-invalid=\"false\" \/><\/span> <\/p>\n<p class=\"first_form form_element form_fullwidth\">Mensagem<br \/>\n    <span class=\"wpcf7-form-control-wrap mensagem\"><textarea name=\"mensagem\" cols=\"40\" rows=\"10\" class=\"wpcf7-form-control wpcf7-textarea text_area\" aria-invalid=\"false\"><\/textarea><\/span> <\/p>\n<\/div>\n<p>Como conheceu a nossa empresa?*<br \/>\n<span class=\"wpcf7-form-control-wrap menu_conhecer\"><select name=\"menu_conhecer\" class=\"wpcf7-form-control wpcf7-select wpcf7-validates-as-required\" aria-required=\"true\" aria-invalid=\"false\"><option value=\"\">---<\/option><option value=\"recomendado por amigos ou familiares\">recomendado por amigos ou familiares<\/option><option value=\"presen\u00e7a em Feiras\">presen\u00e7a em Feiras<\/option><option value=\"outdoors\">outdoors<\/option><option value=\"redes sociais\">redes sociais<\/option><option value=\"pesquisa em motores de busca\">pesquisa em motores de busca<\/option><option value=\"patrocinio SCBRAGA\">patrocinio SCBRAGA<\/option><option value=\"revistas ou artigos\">revistas ou artigos<\/option><option value=\"outros\">outros<\/option><\/select><\/span><\/p>\n<div id=\"group-quais\"  data-class=\"wpcf7cf_group\">\nIndique quais?*<br \/>\n<span class=\"wpcf7-form-control-wrap texto_outros\"><textarea name=\"texto_outros\" cols=\"40\" rows=\"10\" class=\"wpcf7-form-control wpcf7-textarea wpcf7-validates-as-required\" aria-required=\"true\" aria-invalid=\"false\"><\/textarea><\/span>\n<\/div>\n<p>\nAnexo:<br \/>\n<span class=\"wpcf7-form-control-wrap file-135\"><input type=\"file\" name=\"file-135\" size=\"40\" class=\"wpcf7-form-control wpcf7-file\" id=\"of_anexo1\" accept=\".jpg,.jpeg,.png,.tif,.tiff,.doc,.pdf,.dwg,.zip,.rar,.xls\" aria-invalid=\"false\" \/><\/span><\/p>\n<p><span class=\"wpcf7-form-control-wrap acceptance-390\"><span class=\"wpcf7-form-control wpcf7-acceptance\"><span class=\"wpcf7-list-item\"><label><input type=\"checkbox\" name=\"acceptance-390\" value=\"1\" aria-invalid=\"false\" id=\"politica\" \/><span class=\"wpcf7-list-item-label\">Tenho conhecimento e aceito a<a href=\"https:\/\/www.rppiscinas.com\/pt\/politica-de-privacidade\" target=\"_blank\"> Pol\u00edtica de Privacidade<\/a><\/span><\/label><\/span><\/span><\/span><br \/>\n<span class=\"wpcf7-form-control-wrap acceptance-231\"><span class=\"wpcf7-form-control wpcf7-acceptance optional\"><span class=\"wpcf7-list-item\"><label><input type=\"checkbox\" name=\"acceptance-231\" value=\"1\" aria-invalid=\"false\" id=\"autorizo\" \/><span class=\"wpcf7-list-item-label\">Autorizo o tratamento dos dados pessoais para marketing de produtos e servi\u00e7os<\/span><\/label><\/span><\/span><\/span><\/p>\n<p>Os campos assinalados com * s\u00e3o obrigat\u00f3rios.<\/p>\n<p><span class=\"wpcf7-form-control-wrap math-quiz\"><label><span class=\"wpcf7-quiz-label\">8+12=?<\/span> <input type=\"text\" name=\"math-quiz\" size=\"40\" class=\"wpcf7-form-control wpcf7-quiz\" autocomplete=\"off\" aria-required=\"true\" aria-invalid=\"false\" \/><\/label><input type=\"hidden\" name=\"_wpcf7_quiz_answer_math-quiz\" value=\"91e6736f7c62dbf8a7c1f9b6aaff417c\" \/><\/span><\/p>\n<p><input type=\"submit\" value=\"Enviar\" class=\"wpcf7-form-control wpcf7-submit\" id=\"of_btn_envia\" \/><\/p>\n<p><script>\ndocument.addEventListener( 'wpcf7mailsent', function( event ) {\n    location = '\/\/www.rppiscinas.com\/pt\/obrigado-nos-contactar\/';\n}, false );\n<\/script><\/p>\n<input type='hidden' class='wpcf7-pum' value='{\"closepopup\":false,\"closedelay\":0,\"openpopup\":false,\"openpopup_id\":0}' \/><div class=\"wpcf7-response-output wpcf7-display-none\"><\/div><\/form><\/div><\/p>\n<\/div><\/section><\/div><div class=\"flex_column av_one_half  flex_column_div av-zero-column-padding first  avia-builder-el-4  el_after_av_one_full  el_before_av_one_half  column-top-margin\" style='border-radius:0px; '><section class=\"av_textblock_section \"  itemscope=\"itemscope\" itemtype=\"https:\/\/schema.org\/CreativeWork\" ><div class='avia_textblock  '   itemprop=\"text\" ><h2 style=\"text-align: left;\"><span style=\"font-size: medium;\">OR\u00c7AMENTO PISCINA NA M\u00c3O DE PROFISSIONAIS<\/span><\/h2>\n<p style=\"text-align: left;\">A equipa de arquitetos, designers ou engenheiros SOLEO, ir\u00e3o certamente encontrar a forma ideal para lhe disponibilizar um or\u00e7amento piscina que acima de tudo ir\u00e1 de encontro aquilo com que sempre sonhou.<br \/>\nO know how obtido ao longo dos anos, tem servido principalmente para a equipa SOLEO tirar o m\u00e1ximo de partido de uma tecnologia exclusiva e inovadora.<br \/>\nNesse sentido, seguindo todos os princ\u00edpios e valores fundamentais, a equipa SOLEO aplica a cada projeto um empenho e dedica\u00e7\u00e3o \u00fanicos. Certamente tal facto tem reflecte-se sobretudo no resultado final de cada obra SOLEO.<\/p>\n<p style=\"text-align: left;\">\n<p style=\"text-align: left;\">\n<\/div><\/section><\/div><\/p>\n<div class=\"flex_column av_one_half  flex_column_div av-zero-column-padding   avia-builder-el-6  el_after_av_one_half  avia-builder-el-last  column-top-margin\" style='border-radius:0px; '><section class=\"av_textblock_section \"  itemscope=\"itemscope\" itemtype=\"https:\/\/schema.org\/CreativeWork\" ><div class='avia_textblock  '   itemprop=\"text\" ><h2 style=\"text-align: left;\"><span style=\"font-size: 16px;\">A TECNOLOGIA DE UM L\u00cdDER<\/span><\/h2>\n<h4 style=\"text-align: left;\"><\/h4>\n<p style=\"text-align: left;\">L\u00edder do mercado desde 1994, SOLEO \u00e9 respons\u00e1vel pela introdu\u00e7\u00e3o de importantes inova\u00e7\u00f5es ou conceitos que inegavelmente revolucionaram o mundo das piscinas. Com especial destaque para tecnologias modulares, como por exemplo as piscinas em kit ou piscinas pr\u00e9-fabricadas, a marca \u00e9 da mesma forma detentora de in\u00fameras patentes.<br \/>\nDessa forma, as piscinas da marca SOLEO refor\u00e7am o seu car\u00e1ter de exclusividade e inova\u00e7\u00e3o refor\u00e7ado.\u00a0Em resumo, estas s\u00e3o algumas das vantagens aplicadas a cada or\u00e7amento piscina SOLEO!<\/p>\n<p style=\"text-align: left;\">\n<\/div><\/section><\/div>\n","protected":false},"excerpt":{"rendered":"","protected":false},"author":1,"featured_media":0,"parent":734,"menu_order":0,"comment_status":"closed","ping_status":"closed","template":"","meta":[],"yoast_head":"<!-- This site is optimized with the Yoast SEO plugin v20.3 - https:\/\/yoast.com\/wordpress\/plugins\/seo\/ -->\n<title>Or\u00e7amento piscina SOLEO | Uma piscina para a vida<\/title>\n<meta name=\"description\" content=\"Ao solicitar o or\u00e7amento piscina SOLEO, ter\u00e1 acesso a uma tecnologia de \u00faltima gera\u00e7\u00e3o no que respeita a piscinas. Uma equipa de profissionais especializados saber\u00e3o encontrar a solu\u00e7\u00e3o ideal para o seu projeto.\" \/>\n<meta name=\"robots\" content=\"index, follow, max-snippet:-1, max-image-preview:large, max-video-preview:-1\" \/>\n<link rel=\"canonical\" href=\"https:\/\/www.rppiscinas.com\/pt\/homepage\/orcamento-piscina\/\" \/>\n<meta property=\"og:locale\" content=\"pt_PT\" \/>\n<meta property=\"og:type\" content=\"article\" \/>\n<meta property=\"og:title\" content=\"Or\u00e7amento piscina SOLEO | Uma piscina para a vida\" \/>\n<meta property=\"og:description\" content=\"Ao solicitar o or\u00e7amento piscina SOLEO, ter\u00e1 acesso a uma tecnologia de \u00faltima gera\u00e7\u00e3o no que respeita a piscinas. Uma equipa de profissionais especializados saber\u00e3o encontrar a solu\u00e7\u00e3o ideal para o seu projeto.\" \/>\n<meta property=\"og:url\" content=\"https:\/\/www.rppiscinas.com\/pt\/homepage\/orcamento-piscina\/\" \/>\n<meta property=\"og:site_name\" content=\"Soleo Piscinas\" \/>\n<meta property=\"article:publisher\" content=\"https:\/\/www.facebook.com\/soleopiscinas\" \/>\n<meta property=\"article:modified_time\" content=\"2025-05-30T10:33:48+00:00\" \/>\n<meta property=\"og:image\" content=\"https:\/\/www.rppiscinas.com\/pt\/wp-content\/uploads\/2018\/06\/piscina1.jpg\" \/>\n\t<meta property=\"og:image:width\" content=\"1200\" \/>\n\t<meta property=\"og:image:height\" content=\"603\" \/>\n\t<meta property=\"og:image:type\" content=\"image\/jpeg\" \/>\n<meta name=\"twitter:label1\" content=\"Tempo estimado de leitura\" \/>\n\t<meta name=\"twitter:data1\" content=\"3 minutos\" \/>\n<script type=\"application\/ld+json\" class=\"yoast-schema-graph\">{\"@context\":\"https:\/\/schema.org\",\"@graph\":[{\"@type\":\"WebPage\",\"@id\":\"https:\/\/www.rppiscinas.com\/pt\/homepage\/orcamento-piscina\/\",\"url\":\"https:\/\/www.rppiscinas.com\/pt\/homepage\/orcamento-piscina\/\",\"name\":\"Or\u00e7amento piscina SOLEO | Uma piscina para a vida\",\"isPartOf\":{\"@id\":\"https:\/\/www.rppiscinas.com\/pt\/#website\"},\"datePublished\":\"2019-03-29T16:26:49+00:00\",\"dateModified\":\"2025-05-30T10:33:48+00:00\",\"description\":\"Ao solicitar o or\u00e7amento piscina SOLEO, ter\u00e1 acesso a uma tecnologia de \u00faltima gera\u00e7\u00e3o no que respeita a piscinas. Uma equipa de profissionais especializados saber\u00e3o encontrar a solu\u00e7\u00e3o ideal para o seu projeto.\",\"breadcrumb\":{\"@id\":\"https:\/\/www.rppiscinas.com\/pt\/homepage\/orcamento-piscina\/#breadcrumb\"},\"inLanguage\":\"pt-PT\",\"potentialAction\":[{\"@type\":\"ReadAction\",\"target\":[\"https:\/\/www.rppiscinas.com\/pt\/homepage\/orcamento-piscina\/\"]}]},{\"@type\":\"BreadcrumbList\",\"@id\":\"https:\/\/www.rppiscinas.com\/pt\/homepage\/orcamento-piscina\/#breadcrumb\",\"itemListElement\":[{\"@type\":\"ListItem\",\"position\":1,\"name\":\"Home\",\"item\":\"https:\/\/www.rppiscinas.com\/pt\/\"},{\"@type\":\"ListItem\",\"position\":2,\"name\":\"Homepage\",\"item\":\"https:\/\/www.rppiscinas.com\/pt\/\"},{\"@type\":\"ListItem\",\"position\":3,\"name\":\"Or\u00e7amento Piscina\"}]},{\"@type\":\"WebSite\",\"@id\":\"https:\/\/www.rppiscinas.com\/pt\/#website\",\"url\":\"https:\/\/www.rppiscinas.com\/pt\/\",\"name\":\"Soleo Piscinas\",\"description\":\"Mais do que uma piscina\",\"publisher\":{\"@id\":\"https:\/\/www.rppiscinas.com\/pt\/#organization\"},\"alternateName\":\"Soleo Piscinas\",\"potentialAction\":[{\"@type\":\"SearchAction\",\"target\":{\"@type\":\"EntryPoint\",\"urlTemplate\":\"https:\/\/www.rppiscinas.com\/pt\/?s={search_term_string}\"},\"query-input\":\"required name=search_term_string\"}],\"inLanguage\":\"pt-PT\"},{\"@type\":\"Organization\",\"@id\":\"https:\/\/www.rppiscinas.com\/pt\/#organization\",\"name\":\"Soleo Piscinas\",\"url\":\"https:\/\/www.rppiscinas.com\/pt\/\",\"logo\":{\"@type\":\"ImageObject\",\"inLanguage\":\"pt-PT\",\"@id\":\"https:\/\/www.rppiscinas.com\/pt\/#\/schema\/logo\/image\/\",\"url\":\"https:\/\/www.rppiscinas.com\/pt\/wp-content\/uploads\/2025\/03\/logowebsite-1.png\",\"contentUrl\":\"https:\/\/www.rppiscinas.com\/pt\/wp-content\/uploads\/2025\/03\/logowebsite-1.png\",\"width\":160,\"height\":75,\"caption\":\"Soleo Piscinas\"},\"image\":{\"@id\":\"https:\/\/www.rppiscinas.com\/pt\/#\/schema\/logo\/image\/\"},\"sameAs\":[\"https:\/\/www.facebook.com\/soleopiscinas\",\"https:\/\/www.instagram.com\/soleopiscinas\/\",\"https:\/\/pt.pinterest.com\/soleopiscinas\/\"]}]}<\/script>\n<!-- \/ Yoast SEO plugin. -->","yoast_head_json":{"title":"Or\u00e7amento piscina SOLEO | Uma piscina para a vida","description":"Ao solicitar o or\u00e7amento piscina SOLEO, ter\u00e1 acesso a uma tecnologia de \u00faltima gera\u00e7\u00e3o no que respeita a piscinas. Uma equipa de profissionais especializados saber\u00e3o encontrar a solu\u00e7\u00e3o ideal para o seu projeto.","robots":{"index":"index","follow":"follow","max-snippet":"max-snippet:-1","max-image-preview":"max-image-preview:large","max-video-preview":"max-video-preview:-1"},"canonical":"https:\/\/www.rppiscinas.com\/pt\/homepage\/orcamento-piscina\/","og_locale":"pt_PT","og_type":"article","og_title":"Or\u00e7amento piscina SOLEO | Uma piscina para a vida","og_description":"Ao solicitar o or\u00e7amento piscina SOLEO, ter\u00e1 acesso a uma tecnologia de \u00faltima gera\u00e7\u00e3o no que respeita a piscinas. Uma equipa de profissionais especializados saber\u00e3o encontrar a solu\u00e7\u00e3o ideal para o seu projeto.","og_url":"https:\/\/www.rppiscinas.com\/pt\/homepage\/orcamento-piscina\/","og_site_name":"Soleo Piscinas","article_publisher":"https:\/\/www.facebook.com\/soleopiscinas","article_modified_time":"2025-05-30T10:33:48+00:00","og_image":[{"width":1200,"height":603,"url":"https:\/\/www.rppiscinas.com\/pt\/wp-content\/uploads\/2018\/06\/piscina1.jpg","type":"image\/jpeg"}],"twitter_misc":{"Tempo estimado de leitura":"3 minutos"},"schema":{"@context":"https:\/\/schema.org","@graph":[{"@type":"WebPage","@id":"https:\/\/www.rppiscinas.com\/pt\/homepage\/orcamento-piscina\/","url":"https:\/\/www.rppiscinas.com\/pt\/homepage\/orcamento-piscina\/","name":"Or\u00e7amento piscina SOLEO | Uma piscina para a vida","isPartOf":{"@id":"https:\/\/www.rppiscinas.com\/pt\/#website"},"datePublished":"2019-03-29T16:26:49+00:00","dateModified":"2025-05-30T10:33:48+00:00","description":"Ao solicitar o or\u00e7amento piscina SOLEO, ter\u00e1 acesso a uma tecnologia de \u00faltima gera\u00e7\u00e3o no que respeita a piscinas. Uma equipa de profissionais especializados saber\u00e3o encontrar a solu\u00e7\u00e3o ideal para o seu projeto.","breadcrumb":{"@id":"https:\/\/www.rppiscinas.com\/pt\/homepage\/orcamento-piscina\/#breadcrumb"},"inLanguage":"pt-PT","potentialAction":[{"@type":"ReadAction","target":["https:\/\/www.rppiscinas.com\/pt\/homepage\/orcamento-piscina\/"]}]},{"@type":"BreadcrumbList","@id":"https:\/\/www.rppiscinas.com\/pt\/homepage\/orcamento-piscina\/#breadcrumb","itemListElement":[{"@type":"ListItem","position":1,"name":"Home","item":"https:\/\/www.rppiscinas.com\/pt\/"},{"@type":"ListItem","position":2,"name":"Homepage","item":"https:\/\/www.rppiscinas.com\/pt\/"},{"@type":"ListItem","position":3,"name":"Or\u00e7amento Piscina"}]},{"@type":"WebSite","@id":"https:\/\/www.rppiscinas.com\/pt\/#website","url":"https:\/\/www.rppiscinas.com\/pt\/","name":"Soleo Piscinas","description":"Mais do que uma piscina","publisher":{"@id":"https:\/\/www.rppiscinas.com\/pt\/#organization"},"alternateName":"Soleo Piscinas","potentialAction":[{"@type":"SearchAction","target":{"@type":"EntryPoint","urlTemplate":"https:\/\/www.rppiscinas.com\/pt\/?s={search_term_string}"},"query-input":"required name=search_term_string"}],"inLanguage":"pt-PT"},{"@type":"Organization","@id":"https:\/\/www.rppiscinas.com\/pt\/#organization","name":"Soleo Piscinas","url":"https:\/\/www.rppiscinas.com\/pt\/","logo":{"@type":"ImageObject","inLanguage":"pt-PT","@id":"https:\/\/www.rppiscinas.com\/pt\/#\/schema\/logo\/image\/","url":"https:\/\/www.rppiscinas.com\/pt\/wp-content\/uploads\/2025\/03\/logowebsite-1.png","contentUrl":"https:\/\/www.rppiscinas.com\/pt\/wp-content\/uploads\/2025\/03\/logowebsite-1.png","width":160,"height":75,"caption":"Soleo Piscinas"},"image":{"@id":"https:\/\/www.rppiscinas.com\/pt\/#\/schema\/logo\/image\/"},"sameAs":["https:\/\/www.facebook.com\/soleopiscinas","https:\/\/www.instagram.com\/soleopiscinas\/","https:\/\/pt.pinterest.com\/soleopiscinas\/"]}]}},"_links":{"self":[{"href":"https:\/\/www.rppiscinas.com\/pt\/wp-json\/wp\/v2\/pages\/6681"}],"collection":[{"href":"https:\/\/www.rppiscinas.com\/pt\/wp-json\/wp\/v2\/pages"}],"about":[{"href":"https:\/\/www.rppiscinas.com\/pt\/wp-json\/wp\/v2\/types\/page"}],"author":[{"embeddable":true,"href":"https:\/\/www.rppiscinas.com\/pt\/wp-json\/wp\/v2\/users\/1"}],"replies":[{"embeddable":true,"href":"https:\/\/www.rppiscinas.com\/pt\/wp-json\/wp\/v2\/comments?post=6681"}],"version-history":[{"count":67,"href":"https:\/\/www.rppiscinas.com\/pt\/wp-json\/wp\/v2\/pages\/6681\/revisions"}],"predecessor-version":[{"id":21696,"href":"https:\/\/www.rppiscinas.com\/pt\/wp-json\/wp\/v2\/pages\/6681\/revisions\/21696"}],"up":[{"embeddable":true,"href":"https:\/\/www.rppiscinas.com\/pt\/wp-json\/wp\/v2\/pages\/734"}],"wp:attachment":[{"href":"https:\/\/www.rppiscinas.com\/pt\/wp-json\/wp\/v2\/media?parent=6681"}],"curies":[{"name":"wp","href":"https:\/\/api.w.org\/{rel}","templated":true}]}}