{"id":4914,"date":"2015-07-30T17:35:39","date_gmt":"2015-07-30T17:35:39","guid":{"rendered":"http:\/\/rppiscinas.com\/pt\/?page_id=4914"},"modified":"2022-07-22T17:04:56","modified_gmt":"2022-07-22T17:04:56","slug":"piscina-infinita","status":"publish","type":"page","link":"https:\/\/www.rppiscinas.com\/pt\/piscina-infinita\/","title":{"rendered":"Piscina Infinita"},"content":{"rendered":"<div id='layer_slider_1' class='avia-layerslider main_color avia-shadow  avia-builder-el-0  el_before_av_button  avia-builder-el-first  container_wrap fullsize' style='  height: 601px;' ><\/div><div id='after_layer_slider_1' class='main_color av_default_container_wrap container_wrap fullsize' style=' '  ><div class='container' ><div class='template-page content  av-content-full alpha units'><div class='post-entry post-entry-type-page post-entry-4914'><div class='entry-content-wrapper clearfix'>\n<div class='avia-button-wrap avia-button-left  avia-builder-el-1  el_after_av_layerslider  el_before_av_button  avia-builder-el-first '><a href='https:\/\/www.rppiscinas.com\/pt\/caleira-finlandesa\/'  class='avia-button   avia-icon_select-no avia-color-theme-color avia-size-small avia-position-left '   ><span class='avia_iconbox_title' >T\u00e9cnica<\/span><\/a><\/div>\n<div class='avia-button-wrap avia-button-left  avia-builder-el-2  el_after_av_button  el_before_av_button '><a href='https:\/\/www.rppiscinas.com\/pt\/estrutura-piscina-oveflow\/'  class='avia-button   avia-icon_select-no avia-color-theme-color avia-size-small avia-position-left '   ><span class='avia_iconbox_title' >Estrutura<\/span><\/a><\/div>\n<div class='avia-button-wrap avia-button-left  avia-builder-el-3  el_after_av_button  el_before_av_hr '><a href='https:\/\/www.rppiscinas.com\/pt\/modelos-de-piscinas-fundos\/'  class='avia-button   avia-icon_select-no avia-color-theme-color avia-size-small avia-position-left '   ><span class='avia_iconbox_title' >Fundos<\/span><\/a><\/div>\n<div  class='hr hr-default   avia-builder-el-4  el_after_av_button  el_before_av_one_full '><span class='hr-inner ' ><span class='hr-inner-style'><\/span><\/span><\/div>\n<div class=\"flex_column av_one_full  flex_column_div first  avia-builder-el-5  el_after_av_hr  el_before_av_one_full  \" ><section class=\"av_textblock_section \"  itemscope=\"itemscope\" itemtype=\"https:\/\/schema.org\/CreativeWork\" ><div class='avia_textblock  '   itemprop=\"text\" ><h1>PISCINA INFINITA\u00a0SOLEO INFINITY\u00a0&#8211;\u00a0TRANSBORDO<\/h1>\n<p><strong>Piscina infinita<\/strong> da gama SOLEO INFINITY \u00e9 um conceito construtivo desenvolvido pela RP INDUSTRIES para a instala\u00e7\u00e3o de piscinas com transbordo. Com recurso \u00e0 exclusiva tecnologia SOLEO, a RP INDUSTRIES permite a constru\u00e7\u00e3o de uma piscina infinita em a\u00e7o e com possibilidade de revestimento em tela armada 150\/100 ou pastilha de vidro.<\/p>\n<\/div><\/section><\/div>\n<div class=\"flex_column av_one_full  flex_column_div av-zero-column-padding first  avia-builder-el-7  el_after_av_one_full  el_before_av_hr  column-top-margin\" style='border-radius:0px; '><div class=' grid-sort-container isotope   no_margin-container with-excerpt-container grid-total-even grid-col-4 grid-links-' data-portfolio-id='1'><div data-ajax-id='4933' class=' grid-entry flex_column isotope-item all_sort no_margin post-entry post-entry-4933 grid-entry-overview grid-loop-1 grid-parity-odd  piscinas-infinity_sort  av_one_fourth first default_av_fullwidth '><article class='main_color inner-entry'  itemscope=\"itemscope\" itemtype=\"https:\/\/schema.org\/CreativeWork\" ><a href='https:\/\/www.rppiscinas.com\/pt\/portfolio-item\/sentra-infinity\/' title='Sentra Infinity'  data-rel='grid-1' class='grid-image avia-hover-fx'><img width=\"257\" height=\"183\" src=\"https:\/\/www.rppiscinas.com\/pt\/wp-content\/uploads\/2015\/07\/piscinas-infinity-sentra-destaque.jpg\" class=\"attachment-portfolio_small size-portfolio_small wp-post-image\" alt=\"\" decoding=\"async\" loading=\"lazy\" \/><\/a><div class='grid-content'><div class='avia-arrow'><\/div><header class=\"entry-content-header\"><h3 class='grid-entry-title entry-title'  itemprop=\"headline\" ><a href='https:\/\/www.rppiscinas.com\/pt\/portfolio-item\/sentra-infinity\/' title='Sentra Infinity'>Sentra Infinity<\/a><\/h3><\/header><\/div><footer class=\"entry-footer\"><\/footer><\/article><\/div><div data-ajax-id='4930' class=' grid-entry flex_column isotope-item all_sort no_margin post-entry post-entry-4930 grid-entry-overview grid-loop-2 grid-parity-even  piscinas-infinity_sort  av_one_fourth  default_av_fullwidth '><article class='main_color inner-entry'  itemscope=\"itemscope\" itemtype=\"https:\/\/schema.org\/CreativeWork\" ><a href='https:\/\/www.rppiscinas.com\/pt\/portfolio-item\/cordoba-infinity\/' title='Cordoba R15 Infinity'  data-rel='grid-1' class='grid-image avia-hover-fx'><img width=\"257\" height=\"183\" src=\"https:\/\/www.rppiscinas.com\/pt\/wp-content\/uploads\/2015\/07\/piscinas-infinity-cordoba-destaque.jpg\" class=\"attachment-portfolio_small size-portfolio_small wp-post-image\" alt=\"\" decoding=\"async\" loading=\"lazy\" \/><\/a><div class='grid-content'><div class='avia-arrow'><\/div><header class=\"entry-content-header\"><h3 class='grid-entry-title entry-title'  itemprop=\"headline\" ><a href='https:\/\/www.rppiscinas.com\/pt\/portfolio-item\/cordoba-infinity\/' title='Cordoba R15 Infinity'>Cordoba R15 Infinity<\/a><\/h3><\/header><\/div><footer class=\"entry-footer\"><\/footer><\/article><\/div><div data-ajax-id='4926' class=' grid-entry flex_column isotope-item all_sort no_margin post-entry post-entry-4926 grid-entry-overview grid-loop-3 grid-parity-odd  piscinas-infinity_sort  av_one_fourth  default_av_fullwidth '><article class='main_color inner-entry'  itemscope=\"itemscope\" itemtype=\"https:\/\/schema.org\/CreativeWork\" ><a href='https:\/\/www.rppiscinas.com\/pt\/portfolio-item\/santiago-r15-infinity\/' title='Santiago R15 Infinity'  data-rel='grid-1' class='grid-image avia-hover-fx'><img width=\"257\" height=\"183\" src=\"https:\/\/www.rppiscinas.com\/pt\/wp-content\/uploads\/2015\/07\/piscina-soleo-infinity-santiago-01.jpg\" class=\"attachment-portfolio_small size-portfolio_small wp-post-image\" alt=\"Piscina SOLEO Infinity Santiago\" decoding=\"async\" loading=\"lazy\" \/><\/a><div class='grid-content'><div class='avia-arrow'><\/div><header class=\"entry-content-header\"><h3 class='grid-entry-title entry-title'  itemprop=\"headline\" ><a href='https:\/\/www.rppiscinas.com\/pt\/portfolio-item\/santiago-r15-infinity\/' title='Santiago R15 Infinity'>Santiago R15 Infinity<\/a><\/h3><\/header><\/div><footer class=\"entry-footer\"><\/footer><\/article><\/div><div data-ajax-id='4919' class=' grid-entry flex_column isotope-item all_sort no_margin post-entry post-entry-4919 grid-entry-overview grid-loop-4 grid-parity-even  post-entry-last  piscinas-infinity_sort  av_one_fourth  default_av_fullwidth '><article class='main_color inner-entry'  itemscope=\"itemscope\" itemtype=\"https:\/\/schema.org\/CreativeWork\" ><a href='https:\/\/www.rppiscinas.com\/pt\/portfolio-item\/rectangle-infinity\/' title='Rectangle Infinity'  data-rel='grid-1' class='grid-image avia-hover-fx'><img width=\"257\" height=\"183\" src=\"https:\/\/www.rppiscinas.com\/pt\/wp-content\/uploads\/2015\/07\/piscinas-infinity-rectangle-destaque.jpg\" class=\"attachment-portfolio_small size-portfolio_small wp-post-image\" alt=\"Piscina de a\u00e7o SOLEO Infinity\" decoding=\"async\" loading=\"lazy\" \/><\/a><div class='grid-content'><div class='avia-arrow'><\/div><header class=\"entry-content-header\"><h3 class='grid-entry-title entry-title'  itemprop=\"headline\" ><a href='https:\/\/www.rppiscinas.com\/pt\/portfolio-item\/rectangle-infinity\/' title='Rectangle Infinity'>Rectangle Infinity<\/a><\/h3><\/header><\/div><footer class=\"entry-footer\"><\/footer><\/article><\/div><\/div><\/div>\n<div  class='hr hr-short hr-center   avia-builder-el-9  el_after_av_one_full  el_before_av_hr '><span class='hr-inner ' ><span class='hr-inner-style'><\/span><\/span><\/div>\n<div  class='hr hr-default   avia-builder-el-10  el_after_av_hr  el_before_av_one_full '><span class='hr-inner ' ><span class='hr-inner-style'><\/span><\/span><\/div>\n<div class=\"flex_column av_one_full  flex_column_div first  avia-builder-el-11  el_after_av_hr  avia-builder-el-last  \" ><section class=\"av_textblock_section \"  itemscope=\"itemscope\" itemtype=\"https:\/\/schema.org\/CreativeWork\" ><div class='avia_textblock  '   itemprop=\"text\" ><p><strong>PISCINA INFINITA SOLEO <\/strong><\/p>\n<p><strong>Piscina infinita<\/strong> em a\u00e7o galvanizado <strong>SOLEO<\/strong>, desenvolvida com base num conceito est\u00e9tico que permite a cria\u00e7\u00e3o de um efeito visual ou ilus\u00e3o \u00f3tica onde a \u00e1gua se transforma num prolongamento da linha do horizonte. A est\u00e9tica resultante da instala\u00e7\u00e3o de uma <strong>piscina infinita SOLEO<\/strong> oferece efeitos est\u00e9ticos surpreendente, transformando-se na continuidade do ambiente circundante da pr\u00f3pria piscina.<\/p>\n<p>Utilizada em distintas situa\u00e7\u00f5es, a instala\u00e7\u00e3o de uma piscina infinita \u00e9 grande parte das vezes realizada para dar uma resposta eficaz \u00e0 configura\u00e7\u00e3o de terrenos mais complexos e com declives acentuados.<\/p>\n<p>Recorrendo a processos de \u00faltima gera\u00e7\u00e3o a tecnologia SOLEO INFINITY utiliza para a sua concep\u00e7\u00e3o os pain\u00e9is em a\u00e7o galvanizado RPI, com possibilidade de aplica\u00e7\u00e3o de revestimento em tela armada 150\/100 ou pastilha de vidro AQUAVITREO. Gra\u00e7as a esta tecnologia inovadora \u00e9 poss\u00edvel a instala\u00e7\u00e3o de uma piscina infinita em pouco mais de 7 a 8 dias.<\/p>\n<p>Com vantagens exclusivas a tecnologia <strong>SOLEO INFINITY<\/strong>, desenvolvida para a instala\u00e7\u00e3o de uma piscina infinita <a title=\"Permanent Link: O segredo de uma piscina infinita\" href=\"\/\/www.rppiscinas.com\/pt\/o-segredo-de-uma-piscina-infinita\/\" rel=\"bookmark\">(O segredo de uma piscina infinita <\/a>), permite contornar as fragilidades normalmente associadas \u00e0s tecnologias convencionais de bet\u00e3o, que em grande parte das vezes obrigam \u00e0 realiza\u00e7\u00e3o de manuten\u00e7\u00f5es regulares, assim como a repara\u00e7\u00f5es que implicam investimentos consider\u00e1veis.<\/p>\n<p>Desta forma, al\u00e9m do sistema construtivo SOLEO RP INDUSTRIES apresentar como estrutura o a\u00e7o mais resistente do mercado utilizado na constru\u00e7\u00e3o de piscinas, permite ainda na globalidade do conceito, disponibilizar um sistema de qualidade superior no que respeita \u00e0 resist\u00eancia a fen\u00f3menos como a atividade s\u00edsmica, amplitude t\u00e9rmica ou a compacta\u00e7\u00e3o natural das terras.<\/p>\n<\/div><\/section><\/div>\n","protected":false},"excerpt":{"rendered":"","protected":false},"author":1,"featured_media":0,"parent":0,"menu_order":0,"comment_status":"closed","ping_status":"closed","template":"","meta":[],"yoast_head":"<!-- This site is optimized with the Yoast SEO plugin v20.3 - https:\/\/yoast.com\/wordpress\/plugins\/seo\/ -->\n<title>Piscina infinita SOLEO Infinity | RP Industries Piscinas<\/title>\n<meta name=\"description\" content=\"Piscina infinita SOLEO INFINITY desenvolvida para a instala\u00e7\u00e3o de piscinas de transbordo com revestimento em tela armada ou pastilha de vidro.\" \/>\n<meta name=\"robots\" content=\"index, follow, max-snippet:-1, max-image-preview:large, max-video-preview:-1\" \/>\n<link rel=\"canonical\" href=\"https:\/\/www.rppiscinas.com\/pt\/piscina-infinita\/\" \/>\n<meta property=\"og:locale\" content=\"pt_PT\" \/>\n<meta property=\"og:type\" content=\"article\" \/>\n<meta property=\"og:title\" content=\"Piscina infinita SOLEO Infinity | RP Industries Piscinas\" \/>\n<meta property=\"og:description\" content=\"Piscina infinita SOLEO INFINITY desenvolvida para a instala\u00e7\u00e3o de piscinas de transbordo com revestimento em tela armada ou pastilha de vidro.\" \/>\n<meta property=\"og:url\" content=\"https:\/\/www.rppiscinas.com\/pt\/piscina-infinita\/\" \/>\n<meta property=\"og:site_name\" content=\"Soleo Piscinas\" \/>\n<meta property=\"article:publisher\" content=\"https:\/\/www.facebook.com\/soleopiscinas\" \/>\n<meta property=\"article:modified_time\" content=\"2022-07-22T17:04:56+00:00\" \/>\n<meta property=\"og:image\" content=\"https:\/\/www.rppiscinas.com\/pt\/wp-content\/uploads\/2018\/06\/piscina1.jpg\" \/>\n\t<meta property=\"og:image:width\" content=\"1200\" \/>\n\t<meta property=\"og:image:height\" content=\"603\" \/>\n\t<meta property=\"og:image:type\" content=\"image\/jpeg\" \/>\n<meta name=\"twitter:label1\" content=\"Tempo estimado de leitura\" \/>\n\t<meta name=\"twitter:data1\" content=\"3 minutos\" \/>\n<script type=\"application\/ld+json\" class=\"yoast-schema-graph\">{\"@context\":\"https:\/\/schema.org\",\"@graph\":[{\"@type\":\"WebPage\",\"@id\":\"https:\/\/www.rppiscinas.com\/pt\/piscina-infinita\/\",\"url\":\"https:\/\/www.rppiscinas.com\/pt\/piscina-infinita\/\",\"name\":\"Piscina infinita SOLEO Infinity | RP Industries Piscinas\",\"isPartOf\":{\"@id\":\"https:\/\/www.rppiscinas.com\/pt\/#website\"},\"datePublished\":\"2015-07-30T17:35:39+00:00\",\"dateModified\":\"2022-07-22T17:04:56+00:00\",\"description\":\"Piscina infinita SOLEO INFINITY desenvolvida para a instala\u00e7\u00e3o de piscinas de transbordo com revestimento em tela armada ou pastilha de vidro.\",\"breadcrumb\":{\"@id\":\"https:\/\/www.rppiscinas.com\/pt\/piscina-infinita\/#breadcrumb\"},\"inLanguage\":\"pt-PT\",\"potentialAction\":[{\"@type\":\"ReadAction\",\"target\":[\"https:\/\/www.rppiscinas.com\/pt\/piscina-infinita\/\"]}]},{\"@type\":\"BreadcrumbList\",\"@id\":\"https:\/\/www.rppiscinas.com\/pt\/piscina-infinita\/#breadcrumb\",\"itemListElement\":[{\"@type\":\"ListItem\",\"position\":1,\"name\":\"Home\",\"item\":\"https:\/\/www.rppiscinas.com\/pt\/\"},{\"@type\":\"ListItem\",\"position\":2,\"name\":\"Piscina Infinita\"}]},{\"@type\":\"WebSite\",\"@id\":\"https:\/\/www.rppiscinas.com\/pt\/#website\",\"url\":\"https:\/\/www.rppiscinas.com\/pt\/\",\"name\":\"Soleo Piscinas\",\"description\":\"Mais do que uma piscina\",\"publisher\":{\"@id\":\"https:\/\/www.rppiscinas.com\/pt\/#organization\"},\"alternateName\":\"Soleo Piscinas\",\"potentialAction\":[{\"@type\":\"SearchAction\",\"target\":{\"@type\":\"EntryPoint\",\"urlTemplate\":\"https:\/\/www.rppiscinas.com\/pt\/?s={search_term_string}\"},\"query-input\":\"required name=search_term_string\"}],\"inLanguage\":\"pt-PT\"},{\"@type\":\"Organization\",\"@id\":\"https:\/\/www.rppiscinas.com\/pt\/#organization\",\"name\":\"Soleo Piscinas\",\"url\":\"https:\/\/www.rppiscinas.com\/pt\/\",\"logo\":{\"@type\":\"ImageObject\",\"inLanguage\":\"pt-PT\",\"@id\":\"https:\/\/www.rppiscinas.com\/pt\/#\/schema\/logo\/image\/\",\"url\":\"https:\/\/www.rppiscinas.com\/pt\/wp-content\/uploads\/2025\/03\/logowebsite-1.png\",\"contentUrl\":\"https:\/\/www.rppiscinas.com\/pt\/wp-content\/uploads\/2025\/03\/logowebsite-1.png\",\"width\":160,\"height\":75,\"caption\":\"Soleo Piscinas\"},\"image\":{\"@id\":\"https:\/\/www.rppiscinas.com\/pt\/#\/schema\/logo\/image\/\"},\"sameAs\":[\"https:\/\/www.facebook.com\/soleopiscinas\",\"https:\/\/www.instagram.com\/soleopiscinas\/\",\"https:\/\/pt.pinterest.com\/soleopiscinas\/\"]}]}<\/script>\n<!-- \/ Yoast SEO plugin. -->","yoast_head_json":{"title":"Piscina infinita SOLEO Infinity | RP Industries Piscinas","description":"Piscina infinita SOLEO INFINITY desenvolvida para a instala\u00e7\u00e3o de piscinas de transbordo com revestimento em tela armada ou pastilha de vidro.","robots":{"index":"index","follow":"follow","max-snippet":"max-snippet:-1","max-image-preview":"max-image-preview:large","max-video-preview":"max-video-preview:-1"},"canonical":"https:\/\/www.rppiscinas.com\/pt\/piscina-infinita\/","og_locale":"pt_PT","og_type":"article","og_title":"Piscina infinita SOLEO Infinity | RP Industries Piscinas","og_description":"Piscina infinita SOLEO INFINITY desenvolvida para a instala\u00e7\u00e3o de piscinas de transbordo com revestimento em tela armada ou pastilha de vidro.","og_url":"https:\/\/www.rppiscinas.com\/pt\/piscina-infinita\/","og_site_name":"Soleo Piscinas","article_publisher":"https:\/\/www.facebook.com\/soleopiscinas","article_modified_time":"2022-07-22T17:04:56+00:00","og_image":[{"width":1200,"height":603,"url":"https:\/\/www.rppiscinas.com\/pt\/wp-content\/uploads\/2018\/06\/piscina1.jpg","type":"image\/jpeg"}],"twitter_misc":{"Tempo estimado de leitura":"3 minutos"},"schema":{"@context":"https:\/\/schema.org","@graph":[{"@type":"WebPage","@id":"https:\/\/www.rppiscinas.com\/pt\/piscina-infinita\/","url":"https:\/\/www.rppiscinas.com\/pt\/piscina-infinita\/","name":"Piscina infinita SOLEO Infinity | RP Industries Piscinas","isPartOf":{"@id":"https:\/\/www.rppiscinas.com\/pt\/#website"},"datePublished":"2015-07-30T17:35:39+00:00","dateModified":"2022-07-22T17:04:56+00:00","description":"Piscina infinita SOLEO INFINITY desenvolvida para a instala\u00e7\u00e3o de piscinas de transbordo com revestimento em tela armada ou pastilha de vidro.","breadcrumb":{"@id":"https:\/\/www.rppiscinas.com\/pt\/piscina-infinita\/#breadcrumb"},"inLanguage":"pt-PT","potentialAction":[{"@type":"ReadAction","target":["https:\/\/www.rppiscinas.com\/pt\/piscina-infinita\/"]}]},{"@type":"BreadcrumbList","@id":"https:\/\/www.rppiscinas.com\/pt\/piscina-infinita\/#breadcrumb","itemListElement":[{"@type":"ListItem","position":1,"name":"Home","item":"https:\/\/www.rppiscinas.com\/pt\/"},{"@type":"ListItem","position":2,"name":"Piscina Infinita"}]},{"@type":"WebSite","@id":"https:\/\/www.rppiscinas.com\/pt\/#website","url":"https:\/\/www.rppiscinas.com\/pt\/","name":"Soleo Piscinas","description":"Mais do que uma piscina","publisher":{"@id":"https:\/\/www.rppiscinas.com\/pt\/#organization"},"alternateName":"Soleo Piscinas","potentialAction":[{"@type":"SearchAction","target":{"@type":"EntryPoint","urlTemplate":"https:\/\/www.rppiscinas.com\/pt\/?s={search_term_string}"},"query-input":"required name=search_term_string"}],"inLanguage":"pt-PT"},{"@type":"Organization","@id":"https:\/\/www.rppiscinas.com\/pt\/#organization","name":"Soleo Piscinas","url":"https:\/\/www.rppiscinas.com\/pt\/","logo":{"@type":"ImageObject","inLanguage":"pt-PT","@id":"https:\/\/www.rppiscinas.com\/pt\/#\/schema\/logo\/image\/","url":"https:\/\/www.rppiscinas.com\/pt\/wp-content\/uploads\/2025\/03\/logowebsite-1.png","contentUrl":"https:\/\/www.rppiscinas.com\/pt\/wp-content\/uploads\/2025\/03\/logowebsite-1.png","width":160,"height":75,"caption":"Soleo Piscinas"},"image":{"@id":"https:\/\/www.rppiscinas.com\/pt\/#\/schema\/logo\/image\/"},"sameAs":["https:\/\/www.facebook.com\/soleopiscinas","https:\/\/www.instagram.com\/soleopiscinas\/","https:\/\/pt.pinterest.com\/soleopiscinas\/"]}]}},"_links":{"self":[{"href":"https:\/\/www.rppiscinas.com\/pt\/wp-json\/wp\/v2\/pages\/4914"}],"collection":[{"href":"https:\/\/www.rppiscinas.com\/pt\/wp-json\/wp\/v2\/pages"}],"about":[{"href":"https:\/\/www.rppiscinas.com\/pt\/wp-json\/wp\/v2\/types\/page"}],"author":[{"embeddable":true,"href":"https:\/\/www.rppiscinas.com\/pt\/wp-json\/wp\/v2\/users\/1"}],"replies":[{"embeddable":true,"href":"https:\/\/www.rppiscinas.com\/pt\/wp-json\/wp\/v2\/comments?post=4914"}],"version-history":[{"count":12,"href":"https:\/\/www.rppiscinas.com\/pt\/wp-json\/wp\/v2\/pages\/4914\/revisions"}],"predecessor-version":[{"id":18798,"href":"https:\/\/www.rppiscinas.com\/pt\/wp-json\/wp\/v2\/pages\/4914\/revisions\/18798"}],"wp:attachment":[{"href":"https:\/\/www.rppiscinas.com\/pt\/wp-json\/wp\/v2\/media?parent=4914"}],"curies":[{"name":"wp","href":"https:\/\/api.w.org\/{rel}","templated":true}]}}