{"id":4873,"date":"2015-07-29T11:01:46","date_gmt":"2015-07-29T11:01:46","guid":{"rendered":"http:\/\/rppiscinas.com\/pt\/?page_id=4873"},"modified":"2025-03-06T16:10:42","modified_gmt":"2025-03-06T16:10:42","slug":"empresas-de-piscinas","status":"publish","type":"page","link":"https:\/\/www.rppiscinas.com\/pt\/empresas-de-piscinas\/","title":{"rendered":"Empresas de Piscinas SOLEO"},"content":{"rendered":"<div id='layer_slider_1' class='avia-layerslider main_color avia-shadow  avia-builder-el-0  el_before_av_one_full  avia-builder-el-first  container_wrap fullsize' style='  height: 351px;' ><\/div><div id='after_layer_slider_1' class='main_color av_default_container_wrap container_wrap fullsize' style=' '  ><div class='container' ><div class='template-page content  av-content-full alpha units'><div class='post-entry post-entry-type-page post-entry-4873'><div class='entry-content-wrapper clearfix'>\n<div class=\"flex_column av_one_full  flex_column_div first  avia-builder-el-1  el_after_av_layerslider  el_before_av_one_third  avia-builder-el-first  \" ><section class=\"av_textblock_section \"  itemscope=\"itemscope\" itemtype=\"https:\/\/schema.org\/CreativeWork\" ><div class='avia_textblock  '   itemprop=\"text\" ><h1 style=\"text-align: left;\">NA VANGUARDA DAS EMPRESAS DE PISCINAS<\/h1>\n<p style=\"text-align: left;\">Criada em 1994, a RP INDUSTRIES faz parte de um grupo restrito de <strong>empresas de piscinas<\/strong> especializadas no <strong>desenvolvimento<\/strong>, <strong>produ\u00e7\u00e3o<\/strong> e <strong>constru\u00e7\u00e3o de piscinas<\/strong>.\u00a0Com mais de 20 anos de lideran\u00e7a e uma intensa atividade ligada ao mundo das piscinas, a RP INDUSTRIES destaca-se das demais empresas de piscinas pela excel\u00eancia do seu servi\u00e7o e pela qualidade dos seus produtos.<\/p>\n<p style=\"text-align: left;\">O resultado do conceito RP INDUSTRIES traduz-se numa permanente aten\u00e7\u00e3o \u00e0s necessidades dos seus clientes, permitindo responder, com uma vasta gama de produtos e solu\u00e7\u00f5es, \u00e0s mais elevadas expectativas.<br \/>\nCom mais de 52 500 piscinas instaladas em todo o mundo, a RP INDUSTRIES tornou-se uma refer\u00eancia incontorn\u00e1vel no \u00e2mbito mundial de empresas de piscinas ao desenvolver e produzir <strong>sistemas construtivos \u00fanicos no sector<\/strong>.\u00a0Prova disso, s\u00e3o as in\u00fameras patentes que a empresa tem vindo a registar no decorrer do desenvolvimento dos seus produtos.<\/p>\n<p style=\"text-align: left;\">A aposta clara na investiga\u00e7\u00e3o e desenvolvimento de solu\u00e7\u00f5es de excel\u00eancia, tem permitido \u00e0 RP INDUSTRIES o lan\u00e7amento de produtos inovadores que em muitos casos acabaram por revolucionar o conceito de constru\u00e7\u00e3o de uma piscina.\u00a0Toda esta conjuga\u00e7\u00e3o de fatores permitem \u00e0 RP INDUSTRIES uma presen\u00e7a de destaque nos mais importantes <strong>mercados mundiais<\/strong>, sendo na atualidade uma das mais i<strong>mportantes empresas de piscinas<\/strong>.<\/p>\n<\/div><\/section><\/div>\n<div class=\"flex_column av_one_third  flex_column_div first  avia-builder-el-3  el_after_av_one_full  el_before_av_one_third  column-top-margin\" ><section class=\"av_textblock_section \"  itemscope=\"itemscope\" itemtype=\"https:\/\/schema.org\/CreativeWork\" ><div class='avia_textblock  '   itemprop=\"text\" ><h4><strong>Prest\u00edgio de uma marca reconhecida<\/strong><\/h4>\n<\/div><\/section><br \/>\n<section class=\"av_textblock_section \"  itemscope=\"itemscope\" itemtype=\"https:\/\/schema.org\/CreativeWork\" ><div class='avia_textblock  '   itemprop=\"text\" ><p>Detentora de reconhecidas marcas no sector, \u00e9 com a gama SOLEO que a RP INDUSTRIES usufrui de um protagonismo singular no mercado global de empresas de piscinas. O recurso a uma solu\u00e7\u00e3o construtiva de \u00faltima gera\u00e7\u00e3o, associada a uma inquestion\u00e1vel resist\u00eancia e funcionalidade, tornou poss\u00edvel a milhares de clientes a concretiza\u00e7\u00e3o das mais complexas realiza\u00e7\u00f5es, independentemente do tipo de terreno ou modelo a instalar.<\/p>\n<\/div><\/section><\/p><\/div>\n<div class=\"flex_column av_one_third  flex_column_div av-zero-column-padding   avia-builder-el-6  el_after_av_one_third  el_before_av_one_third  column-top-margin\" style='border-radius:0px; '><section class=\"av_textblock_section \"  itemscope=\"itemscope\" itemtype=\"https:\/\/schema.org\/CreativeWork\" ><div class='avia_textblock  '   itemprop=\"text\" ><h4><strong>Produtos e servi\u00e7os de excel\u00eancia<\/strong><\/h4>\n<h4><\/h4>\n<\/div><\/section><br \/>\n<section class=\"av_textblock_section \"  itemscope=\"itemscope\" itemtype=\"https:\/\/schema.org\/CreativeWork\" ><div class='avia_textblock  '   itemprop=\"text\" ><p>Com especial aten\u00e7\u00e3o \u00e0s necessidades dos seus clientes, a empresa\u00a0possui equipas especializadas, assim como um inovador conceito de pontos de venda.\u00a0A alta especializa\u00e7\u00e3o das equipas RPI permitem ao\u00a0cliente usufruir\u00a0de um servi\u00e7o que passa pelo desenvolvimento do produto, pela fabrica\u00e7\u00e3o at\u00e9 \u00e0 instala\u00e7\u00e3o final da piscina. Desta forma, \u00e9 poss\u00edvel\u00a0usufruir\u00a0das vantagens exclusivas de uma das\u00a0principais empresas de piscinas.<\/p>\n<\/div><\/section><\/p><\/div>\n<div class=\"flex_column av_one_third  flex_column_div av-zero-column-padding   avia-builder-el-9  el_after_av_one_third  el_before_av_hr  column-top-margin\" style='border-radius:0px; '><section class=\"av_textblock_section \"  itemscope=\"itemscope\" itemtype=\"https:\/\/schema.org\/CreativeWork\" ><div class='avia_textblock  '   itemprop=\"text\" ><h4><strong>Unidades industriais de refer\u00eancia<\/strong><\/h4>\n<h4><\/h4>\n<\/div><\/section><br \/>\n<section class=\"av_textblock_section \"  itemscope=\"itemscope\" itemtype=\"https:\/\/schema.org\/CreativeWork\" ><div class='avia_textblock  '   itemprop=\"text\" ><p>Detentora de modernas unidades industrias, a RPI desenvolve e fabrica os seus pr\u00f3prios produtos.\u00a0Com recurso \u00e0s mais recentes tecnologias industriais a empresa fabrica equipamentos e solu\u00e7\u00f5es para piscinas.\u00a0Pain\u00e9is em a\u00e7o para piscinas, escadas, liners, coberturas, bordaduras e pavimentos em pedra reconstitu\u00edda s\u00e3o solu\u00e7\u00f5es que a empresa\u00a0produz diretamente de Portugal para o mundo.<\/p>\n<\/div><\/section><\/p><\/div>\n<div  class='hr hr-default   avia-builder-el-12  el_after_av_one_third  el_before_av_section  avia-builder-el-last '><span class='hr-inner ' ><span class='hr-inner-style'><\/span><\/span><\/div>\n<\/div><\/div><\/div><!-- close content main div --><\/div><\/div><div id='av_section_1' class='avia-section main_color avia-section-default avia-no-shadow avia-full-stretch avia-bg-style-fixed  avia-builder-el-13  el_after_av_hr  el_before_av_textblock   container_wrap fullsize' style='background-color: #528cbf; background-repeat: no-repeat; background-image: url(https:\/\/www.rppiscinas.com\/pt\/wp-content\/uploads\/2015\/07\/empresas-de-piscinas-soleo-Background.jpg);background-attachment: fixed; background-position: top left;  '  data-section-bg-repeat='stretch'><div class='container' ><div class='template-page content  av-content-full alpha units'><div class='post-entry post-entry-type-page post-entry-4873'><div class='entry-content-wrapper clearfix'>\n<section class=\"av_textblock_section \"  itemscope=\"itemscope\" itemtype=\"https:\/\/schema.org\/CreativeWork\" ><div class='avia_textblock  '   itemprop=\"text\" ><h1 style=\"text-align: center;\"><span style=\"color: #ffffff;\">RP INDUSTRIES &#8211; As raz\u00f5es da diferen\u00e7a<\/span><\/h1>\n<\/div><\/section>\n<div class=\"flex_column av_one_third  flex_column_div first  avia-builder-el-15  el_after_av_textblock  el_before_av_one_third  column-top-margin\" ><article class=\"iconbox iconbox_top main_color    avia-builder-el-16  avia-builder-el-no-sibling  \"  itemscope=\"itemscope\" itemtype=\"https:\/\/schema.org\/CreativeWork\" ><div class=\"iconbox_content\"><header class=\"entry-content-header\"><div class=\"iconbox_icon heading-color \" aria-hidden='true' data-av_icon='\ue8b1' data-av_iconfont='entypo-fontello'  ><\/div><h3 class='iconbox_content_title '  itemprop=\"headline\"  >SOLIDEZ<\/h3><\/header><div class='iconbox_content_container  '  itemprop=\"text\"  ><ul style=\"text-align: left;\">\n<li>Fabricante de piscinas 100% portugu\u00eas<\/li>\n<li>L\u00edder de mercado h\u00e1 mais de 20 anos<\/li>\n<li>PME L\u00edder h\u00e1 8 anos consecutivos<\/li>\n<li>Presente em mais de 30 pa\u00edses<\/li>\n<li>Equipas altamente qualificadas<\/li>\n<li>Departamento de assist\u00eancia t\u00e9cnica<\/li>\n<li>Unidades industrias de \u00faltima gera\u00e7\u00e3o<\/li>\n<\/ul>\n<\/div><\/div><footer class=\"entry-footer\"><\/footer><\/article><\/div><div class=\"flex_column av_one_third  flex_column_div av-zero-column-padding   avia-builder-el-17  el_after_av_one_third  el_before_av_one_third  column-top-margin\" style='border-radius:0px; '><article class=\"iconbox iconbox_top main_color    avia-builder-el-18  avia-builder-el-no-sibling  \"  itemscope=\"itemscope\" itemtype=\"https:\/\/schema.org\/CreativeWork\" ><div class=\"iconbox_content\"><header class=\"entry-content-header\"><div class=\"iconbox_icon heading-color \" aria-hidden='true' data-av_icon='\ue855' data-av_iconfont='entypo-fontello'  ><\/div><h3 class='iconbox_content_title '  itemprop=\"headline\"  >TECNOLOGIA<\/h3><\/header><div class='iconbox_content_container  '  itemprop=\"text\"  ><ul style=\"text-align: left;\">\n<li>Centenas de modelos dispon\u00edveis<\/li>\n<li>Facilidade e rapidez de instala\u00e7\u00e3o<\/li>\n<li>Garantias exclusivas at\u00e9 30 anos<\/li>\n<li>Produtos testados em\u00a0laborat\u00f3rios<\/li>\n<li>Vantagens face \u00e0s t\u00e9cnicas em bet\u00e3o<\/li>\n<li>Tecnologia\u00a0antiss\u00edsmica<\/li>\n<li>Sistemas exclusivos e patenteados<\/li>\n<\/ul>\n<\/div><\/div><footer class=\"entry-footer\"><\/footer><\/article><\/div><div class=\"flex_column av_one_third  flex_column_div av-zero-column-padding   avia-builder-el-19  el_after_av_one_third  avia-builder-el-last  column-top-margin\" style='border-radius:0px; '><article class=\"iconbox iconbox_top main_color    avia-builder-el-20  avia-builder-el-no-sibling  \"  itemscope=\"itemscope\" itemtype=\"https:\/\/schema.org\/CreativeWork\" ><div class=\"iconbox_content\"><header class=\"entry-content-header\"><div class=\"iconbox_icon heading-color \" aria-hidden='true' data-av_icon='\ue80b' data-av_iconfont='entypo-fontello'  ><\/div><h3 class='iconbox_content_title '  itemprop=\"headline\"  >PROXIMIDADE<\/h3><\/header><div class='iconbox_content_container  '  itemprop=\"text\"  ><ul style=\"text-align: left;\">\n<li>Uma rede comercial pr\u00f3xima de si<\/li>\n<li>Equipas especializadas em\u00a0projeto<\/li>\n<li>Servi\u00e7o de assist\u00eancia permanente<\/li>\n<li>Cat\u00e1logos\u00a0de produto<\/li>\n<li>Videos demonstrativos<\/li>\n<li>Or\u00e7amentos personalizados<\/li>\n<li>Rapidez de resposta<\/li>\n<\/ul>\n<\/div><\/div><footer class=\"entry-footer\"><\/footer><\/article><\/div>\n<\/div><\/div><\/div><!-- close content main div --><\/div><\/div><div id='after_section_1' class='main_color av_default_container_wrap container_wrap fullsize' style=' '  ><div class='container' ><div class='template-page content  av-content-full alpha units'><div class='post-entry post-entry-type-page post-entry-4873'><div class='entry-content-wrapper clearfix'>\n<section class=\"av_textblock_section \"  itemscope=\"itemscope\" itemtype=\"https:\/\/schema.org\/CreativeWork\" ><div class='avia_textblock  '   itemprop=\"text\" ><h2 style=\"text-align: center;\">MARCAS DE REFER\u00caNCIA NO SETOR DE PISCINAS<\/h2>\n<p style=\"text-align: center;\">Capaz de conquistar a confian\u00e7a de milhares de clientes em todo o mundo, as\u00a0RP INDUSTRIES \u00e9 especializada no desenvolvimento de solu\u00e7\u00f5es para o mercado das piscinas. A especial aten\u00e7\u00e3o dedicada \u00e0\u00a0investiga\u00e7\u00e3o e desenvolvimento permite \u00e0 empresa assegurar uma qualidade de produto acima da m\u00e9dia que em grande parte dos casos resultam em solu\u00e7\u00f5es exclusivas e patenteadas.<\/p>\n<p style=\"text-align: center;\">Durante a sua atividade no setor a RP INDUSTRIES\u00a0foi capaz de implementar importantes inova\u00e7\u00f5es no setor com a cria\u00e7\u00e3o\u00a0das suas prestigiadas marcas:<\/p>\n<p style=\"text-align: center;\">\u2022 <b>SOLEO<\/b> (Piscina em estrutura de a\u00e7o + bet\u00e3o + liner)<br \/>\n\u2022 <b>NATURALIS<\/b> (Piscina semi enterrada em bet\u00e3o, aspeto madeira)<br \/>\n\u2022 <b>INOBLOCK<\/b> (Piscina 100% bet\u00e3o com duplo isolamento t\u00e9rmico)<br \/>\n\u2022 <b>SOLEO PRO<\/b> (Piscinas ol\u00edmpicas \/ p\u00fablicas)<br \/>\n\u2022 <b>LINOV<\/b> (Liners e coberturas para piscinas)<br \/>\n\u2022 <b>FABISTONE<\/b> (Pedra natural reconstitu\u00edda)<\/p>\n<p style=\"text-align: center;\">\n<p style=\"text-align: center;\">\n<\/div><\/section>\n<div  class='hr hr-default   avia-builder-el-22  el_after_av_textblock  el_before_av_button '><span class='hr-inner ' ><span class='hr-inner-style'><\/span><\/span><\/div>\n<div class='avia-button-wrap avia-button-center  avia-builder-el-23  el_after_av_hr  avia-builder-el-last '><a href='http:\/\/www.grouprpi.com'  class='avia-button   avia-icon_select-yes-left-icon avia-color-black avia-size-x-large avia-position-center '  target=\"_blank\"   ><span class='avia_button_icon avia_button_icon_left ' aria-hidden='true' data-av_icon='\ue8b1' data-av_iconfont='entypo-fontello'><\/span><span class='avia_iconbox_title' >Saiba mais em www.grouprpi.com<\/span><\/a><\/div>\n","protected":false},"excerpt":{"rendered":"","protected":false},"author":1,"featured_media":0,"parent":0,"menu_order":0,"comment_status":"closed","ping_status":"closed","template":"","meta":[],"yoast_head":"<!-- This site is optimized with the Yoast SEO plugin v20.3 - https:\/\/yoast.com\/wordpress\/plugins\/seo\/ -->\n<title>Empresas de Piscinas SOLEO | RP Industries Piscinas<\/title>\n<meta name=\"description\" content=\"L\u00edder de mercado a RP INDUSTRIES \u00e9 uma das principais empresas de piscinas especializadas no desenvolvimento, produ\u00e7\u00e3o e constru\u00e7\u00e3o de piscinas.\" \/>\n<meta name=\"robots\" content=\"index, follow, max-snippet:-1, max-image-preview:large, max-video-preview:-1\" \/>\n<link rel=\"canonical\" href=\"https:\/\/www.rppiscinas.com\/pt\/empresas-de-piscinas\/\" \/>\n<meta property=\"og:locale\" content=\"pt_PT\" \/>\n<meta property=\"og:type\" content=\"article\" \/>\n<meta property=\"og:title\" content=\"Empresas de Piscinas SOLEO | RP Industries Piscinas\" \/>\n<meta property=\"og:description\" content=\"L\u00edder de mercado a RP INDUSTRIES \u00e9 uma das principais empresas de piscinas especializadas no desenvolvimento, produ\u00e7\u00e3o e constru\u00e7\u00e3o de piscinas.\" \/>\n<meta property=\"og:url\" content=\"https:\/\/www.rppiscinas.com\/pt\/empresas-de-piscinas\/\" \/>\n<meta property=\"og:site_name\" content=\"Soleo Piscinas\" \/>\n<meta property=\"article:publisher\" content=\"https:\/\/www.facebook.com\/soleopiscinas\" \/>\n<meta property=\"article:modified_time\" content=\"2025-03-06T16:10:42+00:00\" \/>\n<meta property=\"og:image\" content=\"https:\/\/www.rppiscinas.com\/pt\/wp-content\/uploads\/2018\/06\/piscina1.jpg\" \/>\n\t<meta property=\"og:image:width\" content=\"1200\" \/>\n\t<meta property=\"og:image:height\" content=\"603\" \/>\n\t<meta property=\"og:image:type\" content=\"image\/jpeg\" \/>\n<meta name=\"twitter:label1\" content=\"Tempo estimado de leitura\" \/>\n\t<meta name=\"twitter:data1\" content=\"5 minutos\" \/>\n<script type=\"application\/ld+json\" class=\"yoast-schema-graph\">{\"@context\":\"https:\/\/schema.org\",\"@graph\":[{\"@type\":\"WebPage\",\"@id\":\"https:\/\/www.rppiscinas.com\/pt\/empresas-de-piscinas\/\",\"url\":\"https:\/\/www.rppiscinas.com\/pt\/empresas-de-piscinas\/\",\"name\":\"Empresas de Piscinas SOLEO | RP Industries Piscinas\",\"isPartOf\":{\"@id\":\"https:\/\/www.rppiscinas.com\/pt\/#website\"},\"datePublished\":\"2015-07-29T11:01:46+00:00\",\"dateModified\":\"2025-03-06T16:10:42+00:00\",\"description\":\"L\u00edder de mercado a RP INDUSTRIES \u00e9 uma das principais empresas de piscinas especializadas no desenvolvimento, produ\u00e7\u00e3o e constru\u00e7\u00e3o de piscinas.\",\"breadcrumb\":{\"@id\":\"https:\/\/www.rppiscinas.com\/pt\/empresas-de-piscinas\/#breadcrumb\"},\"inLanguage\":\"pt-PT\",\"potentialAction\":[{\"@type\":\"ReadAction\",\"target\":[\"https:\/\/www.rppiscinas.com\/pt\/empresas-de-piscinas\/\"]}]},{\"@type\":\"BreadcrumbList\",\"@id\":\"https:\/\/www.rppiscinas.com\/pt\/empresas-de-piscinas\/#breadcrumb\",\"itemListElement\":[{\"@type\":\"ListItem\",\"position\":1,\"name\":\"Home\",\"item\":\"https:\/\/www.rppiscinas.com\/pt\/\"},{\"@type\":\"ListItem\",\"position\":2,\"name\":\"Empresas de Piscinas SOLEO\"}]},{\"@type\":\"WebSite\",\"@id\":\"https:\/\/www.rppiscinas.com\/pt\/#website\",\"url\":\"https:\/\/www.rppiscinas.com\/pt\/\",\"name\":\"Soleo Piscinas\",\"description\":\"Mais do que uma piscina\",\"publisher\":{\"@id\":\"https:\/\/www.rppiscinas.com\/pt\/#organization\"},\"alternateName\":\"Soleo Piscinas\",\"potentialAction\":[{\"@type\":\"SearchAction\",\"target\":{\"@type\":\"EntryPoint\",\"urlTemplate\":\"https:\/\/www.rppiscinas.com\/pt\/?s={search_term_string}\"},\"query-input\":\"required name=search_term_string\"}],\"inLanguage\":\"pt-PT\"},{\"@type\":\"Organization\",\"@id\":\"https:\/\/www.rppiscinas.com\/pt\/#organization\",\"name\":\"Soleo Piscinas\",\"url\":\"https:\/\/www.rppiscinas.com\/pt\/\",\"logo\":{\"@type\":\"ImageObject\",\"inLanguage\":\"pt-PT\",\"@id\":\"https:\/\/www.rppiscinas.com\/pt\/#\/schema\/logo\/image\/\",\"url\":\"https:\/\/www.rppiscinas.com\/pt\/wp-content\/uploads\/2025\/03\/logowebsite-1.png\",\"contentUrl\":\"https:\/\/www.rppiscinas.com\/pt\/wp-content\/uploads\/2025\/03\/logowebsite-1.png\",\"width\":160,\"height\":75,\"caption\":\"Soleo Piscinas\"},\"image\":{\"@id\":\"https:\/\/www.rppiscinas.com\/pt\/#\/schema\/logo\/image\/\"},\"sameAs\":[\"https:\/\/www.facebook.com\/soleopiscinas\",\"https:\/\/www.instagram.com\/soleopiscinas\/\",\"https:\/\/pt.pinterest.com\/soleopiscinas\/\"]}]}<\/script>\n<!-- \/ Yoast SEO plugin. -->","yoast_head_json":{"title":"Empresas de Piscinas SOLEO | RP Industries Piscinas","description":"L\u00edder de mercado a RP INDUSTRIES \u00e9 uma das principais empresas de piscinas especializadas no desenvolvimento, produ\u00e7\u00e3o e constru\u00e7\u00e3o de piscinas.","robots":{"index":"index","follow":"follow","max-snippet":"max-snippet:-1","max-image-preview":"max-image-preview:large","max-video-preview":"max-video-preview:-1"},"canonical":"https:\/\/www.rppiscinas.com\/pt\/empresas-de-piscinas\/","og_locale":"pt_PT","og_type":"article","og_title":"Empresas de Piscinas SOLEO | RP Industries Piscinas","og_description":"L\u00edder de mercado a RP INDUSTRIES \u00e9 uma das principais empresas de piscinas especializadas no desenvolvimento, produ\u00e7\u00e3o e constru\u00e7\u00e3o de piscinas.","og_url":"https:\/\/www.rppiscinas.com\/pt\/empresas-de-piscinas\/","og_site_name":"Soleo Piscinas","article_publisher":"https:\/\/www.facebook.com\/soleopiscinas","article_modified_time":"2025-03-06T16:10:42+00:00","og_image":[{"width":1200,"height":603,"url":"https:\/\/www.rppiscinas.com\/pt\/wp-content\/uploads\/2018\/06\/piscina1.jpg","type":"image\/jpeg"}],"twitter_misc":{"Tempo estimado de leitura":"5 minutos"},"schema":{"@context":"https:\/\/schema.org","@graph":[{"@type":"WebPage","@id":"https:\/\/www.rppiscinas.com\/pt\/empresas-de-piscinas\/","url":"https:\/\/www.rppiscinas.com\/pt\/empresas-de-piscinas\/","name":"Empresas de Piscinas SOLEO | RP Industries Piscinas","isPartOf":{"@id":"https:\/\/www.rppiscinas.com\/pt\/#website"},"datePublished":"2015-07-29T11:01:46+00:00","dateModified":"2025-03-06T16:10:42+00:00","description":"L\u00edder de mercado a RP INDUSTRIES \u00e9 uma das principais empresas de piscinas especializadas no desenvolvimento, produ\u00e7\u00e3o e constru\u00e7\u00e3o de piscinas.","breadcrumb":{"@id":"https:\/\/www.rppiscinas.com\/pt\/empresas-de-piscinas\/#breadcrumb"},"inLanguage":"pt-PT","potentialAction":[{"@type":"ReadAction","target":["https:\/\/www.rppiscinas.com\/pt\/empresas-de-piscinas\/"]}]},{"@type":"BreadcrumbList","@id":"https:\/\/www.rppiscinas.com\/pt\/empresas-de-piscinas\/#breadcrumb","itemListElement":[{"@type":"ListItem","position":1,"name":"Home","item":"https:\/\/www.rppiscinas.com\/pt\/"},{"@type":"ListItem","position":2,"name":"Empresas de Piscinas SOLEO"}]},{"@type":"WebSite","@id":"https:\/\/www.rppiscinas.com\/pt\/#website","url":"https:\/\/www.rppiscinas.com\/pt\/","name":"Soleo Piscinas","description":"Mais do que uma piscina","publisher":{"@id":"https:\/\/www.rppiscinas.com\/pt\/#organization"},"alternateName":"Soleo Piscinas","potentialAction":[{"@type":"SearchAction","target":{"@type":"EntryPoint","urlTemplate":"https:\/\/www.rppiscinas.com\/pt\/?s={search_term_string}"},"query-input":"required name=search_term_string"}],"inLanguage":"pt-PT"},{"@type":"Organization","@id":"https:\/\/www.rppiscinas.com\/pt\/#organization","name":"Soleo Piscinas","url":"https:\/\/www.rppiscinas.com\/pt\/","logo":{"@type":"ImageObject","inLanguage":"pt-PT","@id":"https:\/\/www.rppiscinas.com\/pt\/#\/schema\/logo\/image\/","url":"https:\/\/www.rppiscinas.com\/pt\/wp-content\/uploads\/2025\/03\/logowebsite-1.png","contentUrl":"https:\/\/www.rppiscinas.com\/pt\/wp-content\/uploads\/2025\/03\/logowebsite-1.png","width":160,"height":75,"caption":"Soleo Piscinas"},"image":{"@id":"https:\/\/www.rppiscinas.com\/pt\/#\/schema\/logo\/image\/"},"sameAs":["https:\/\/www.facebook.com\/soleopiscinas","https:\/\/www.instagram.com\/soleopiscinas\/","https:\/\/pt.pinterest.com\/soleopiscinas\/"]}]}},"_links":{"self":[{"href":"https:\/\/www.rppiscinas.com\/pt\/wp-json\/wp\/v2\/pages\/4873"}],"collection":[{"href":"https:\/\/www.rppiscinas.com\/pt\/wp-json\/wp\/v2\/pages"}],"about":[{"href":"https:\/\/www.rppiscinas.com\/pt\/wp-json\/wp\/v2\/types\/page"}],"author":[{"embeddable":true,"href":"https:\/\/www.rppiscinas.com\/pt\/wp-json\/wp\/v2\/users\/1"}],"replies":[{"embeddable":true,"href":"https:\/\/www.rppiscinas.com\/pt\/wp-json\/wp\/v2\/comments?post=4873"}],"version-history":[{"count":35,"href":"https:\/\/www.rppiscinas.com\/pt\/wp-json\/wp\/v2\/pages\/4873\/revisions"}],"predecessor-version":[{"id":20593,"href":"https:\/\/www.rppiscinas.com\/pt\/wp-json\/wp\/v2\/pages\/4873\/revisions\/20593"}],"wp:attachment":[{"href":"https:\/\/www.rppiscinas.com\/pt\/wp-json\/wp\/v2\/media?parent=4873"}],"curies":[{"name":"wp","href":"https:\/\/api.w.org\/{rel}","templated":true}]}}