{"id":4692,"date":"2015-06-16T10:46:00","date_gmt":"2015-06-16T10:46:00","guid":{"rendered":"http:\/\/rppiscinas.com\/pt\/?page_id=4692"},"modified":"2017-05-16T12:09:17","modified_gmt":"2017-05-16T12:09:17","slug":"certificados-de-piscinas-soleo","status":"publish","type":"page","link":"https:\/\/www.rppiscinas.com\/pt\/certificados-de-piscinas-soleo\/","title":{"rendered":"Certificados de Piscinas SOLEO"},"content":{"rendered":"<div class=\"flex_column av_one_half  flex_column_div first  avia-builder-el-0  el_before_av_one_half  avia-builder-el-first  \" ><section class=\"av_textblock_section \"  itemscope=\"itemscope\" itemtype=\"https:\/\/schema.org\/CreativeWork\" ><div class='avia_textblock  '   itemprop=\"text\" ><h4>Certificados de piscinas SOLEO<\/h4>\n<p><strong>Certificados de piscinas<\/strong> e toda a <strong>documenta\u00e7\u00e3o<\/strong> que ateste a qualidade de um produto, s\u00e3o sempre bem-vindos no momento de adquirir uma piscina.<\/p>\n<p>Na altura de entregar um cheque para a compra da sua piscina certifique-se que o faz a uma <strong>empresa de confian\u00e7a<\/strong>.\u00a0Trata-se de um investimento a longo prazo que n\u00e3o pode ser tratado de forma leviana.<\/p>\n<p><span style=\"line-height: 1.5em;\">Nos tempos que correm \u00e9 comum deparar-nos com empresas que desaparecem com a mesma rapidez com que aparecem, ou mesmo outras que com t\u00e9cnicas de vendas pouco convencionais proporcionam um mundo de facilidades que devem despertar no cliente uma atitude vigilante e de desconfian\u00e7a.<br \/>\n<\/span><span style=\"line-height: 1.5em;\">Tenha cuidado para n\u00e3o escolher um construtor que faz parte dos tais <em><strong>habilidosos<\/strong><\/em> que o tentam enganar. Um trabalho mal feito \u00e9 sempre caro e a compara\u00e7\u00e3o entre dois or\u00e7amentos nem sempre \u00e9 bem-feita. A maior parte dos or\u00e7amentos n\u00e3o fala do IVA, nem dos 23%, nem na garantia de uma empresa respons\u00e1vel e organizada, que cumpre com as suas obriga\u00e7\u00f5es salariais e fiscais.<\/span><\/p>\n<p>Exija <strong>declara\u00e7\u00f5es<\/strong>, <strong>certificados de piscinas<\/strong> e <strong>fichas t\u00e9cnicas<\/strong> de produto. Pe\u00e7a todo o tipo de documenta\u00e7\u00e3o e provas que lhe garantam que n\u00e3o est\u00e1 a ser enganado.<\/p>\n<\/div><\/section><\/div><div class=\"flex_column av_one_half  flex_column_div av-zero-column-padding   avia-builder-el-2  el_after_av_one_half  el_before_av_hr  \" style='border-radius:0px; '><div class='avia-image-container  av-styling-    avia-builder-el-3  avia-builder-el-no-sibling  avia-align-center '  itemprop=\"image\" itemscope=\"itemscope\" itemtype=\"https:\/\/schema.org\/ImageObject\"  ><div class='avia-image-container-inner'><div class='avia-image-overlay-wrap'><img class='avia_image' src='\/\/www.rppiscinas.com\/pt\/wp-content\/uploads\/2015\/06\/certificados-de-piscinas-soleo-01.jpg' alt='Certificados de Piscinas SOLEO' title='Certificados de Piscinas '   itemprop=\"thumbnailUrl\"  \/><\/div><\/div><\/div><\/div><\/p>\n<div  class='hr hr-default   avia-builder-el-4  el_after_av_one_half  el_before_av_one_third '><span class='hr-inner ' ><span class='hr-inner-style'><\/span><\/span><\/div>\n<div class=\"flex_column av_one_third  flex_column_div first  avia-builder-el-5  el_after_av_hr  el_before_av_one_third  \" ><p><div class='avia-image-container  av-styling-    avia-builder-el-6  el_before_av_textblock  avia-builder-el-first  avia-align-center '  itemprop=\"image\" itemscope=\"itemscope\" itemtype=\"https:\/\/schema.org\/ImageObject\"  ><div class='avia-image-container-inner'><div class='avia-image-overlay-wrap'><img class='avia_image' src='\/\/www.rppiscinas.com\/pt\/wp-content\/uploads\/2015\/06\/certificados-depiscinas-PME.jpg' alt='' title='Certificados de Piscinas'   itemprop=\"thumbnailUrl\"  \/><\/div><\/div><\/div><br \/>\n<section class=\"av_textblock_section \"  itemscope=\"itemscope\" itemtype=\"https:\/\/schema.org\/CreativeWork\" ><div class='avia_textblock  '   itemprop=\"text\" ><h4><span style=\"color: #1692de;\">8 anos consecutivos PME L\u00edder<\/span><\/h4>\n<p>Depois de em 2010 ter alcan\u00e7ado o estatuto de PME Excel\u00eancia, a RP INDUSTRIES v\u00ea reconhecido o esfor\u00e7o desenvolvido, particularmente quando num contexto econ\u00f3mico-financeiro adverso demonstrou ser uma empresa s\u00f3lida e de confian\u00e7a.<\/p>\n<\/div><\/section><\/p><\/div><div class=\"flex_column av_one_third  flex_column_div av-zero-column-padding   avia-builder-el-8  el_after_av_one_third  el_before_av_one_third  \" style='border-radius:0px; '><p><div class='avia-image-container  av-styling-    avia-builder-el-9  el_before_av_textblock  avia-builder-el-first  avia-align-center '  itemprop=\"image\" itemscope=\"itemscope\" itemtype=\"https:\/\/schema.org\/ImageObject\"  ><div class='avia-image-container-inner'><div class='avia-image-overlay-wrap'><img class='avia_image' src='\/\/www.rppiscinas.com\/pt\/wp-content\/uploads\/2015\/06\/certificados-de-piscinas-Testes-rp.jpg' alt='Certificados de piscinas - Testes' title='Certificados de piscinas'   itemprop=\"thumbnailUrl\"  \/><\/div><\/div><\/div><br \/>\n<section class=\"av_textblock_section \"  itemscope=\"itemscope\" itemtype=\"https:\/\/schema.org\/CreativeWork\" ><div class='avia_textblock  '   itemprop=\"text\" ><h4><span style=\"color: #1692de;\">Produtos Testados e Certificados<\/span><\/h4>\n<p><span style=\"line-height: 1.5em;\">Para validar a qualidade dos seus produtos a RP INDUSTRIES submete regularmente os seus produtos a testes em laborat\u00f3rios independentes. Desta forma \u00e9 poss\u00edvel n\u00e3o s\u00f3 testar a qualidade como contribuir para a evolu\u00e7\u00e3o dos produtos.<\/span><\/p>\n<\/div><\/section><\/p><\/div><\/p>\n<div class=\"flex_column av_one_third  flex_column_div av-zero-column-padding   avia-builder-el-11  el_after_av_one_third  el_before_av_one_third  \" style='border-radius:0px; '><div class='avia-image-container  av-styling-    avia-builder-el-12  el_before_av_textblock  avia-builder-el-first  avia-align-center '  itemprop=\"image\" itemscope=\"itemscope\" itemtype=\"https:\/\/schema.org\/ImageObject\"  ><div class='avia-image-container-inner'><div class='avia-image-overlay-wrap'><img class='avia_image' src='\/\/www.rppiscinas.com\/pt\/wp-content\/uploads\/2015\/06\/certificados-de-piscinas-Alvara.jpg' alt='Certificados de Piscinas - Alvar\u00e1 de Constru\u00e7\u00e3o' title='Certificados de Piscinas'   itemprop=\"thumbnailUrl\"  \/><\/div><\/div><\/div>\n<section class=\"av_textblock_section \"  itemscope=\"itemscope\" itemtype=\"https:\/\/schema.org\/CreativeWork\" ><div class='avia_textblock  '   itemprop=\"text\" ><h4><span style=\"color: #1692de;\">Alvar\u00e1 de Constru\u00e7\u00e3o<\/span><\/h4>\n<p>O alvar\u00e1 \u00e9 uma licen\u00e7a obrigat\u00f3ria e renov\u00e1vel que habilita uma empresa para a execu\u00e7\u00e3o de obras no setor da constru\u00e7\u00e3o. A RP INDUSTRIES \u00e9 detentora de alvar\u00e1 que certifica a sua atua\u00e7\u00e3o no mercado.<\/p>\n<\/div><\/section><\/div>\n<div class=\"flex_column av_one_third  flex_column_div first  avia-builder-el-14  el_after_av_one_third  el_before_av_one_third  column-top-margin\" ><div class='avia-image-container  av-styling-    avia-builder-el-15  el_before_av_textblock  avia-builder-el-first  avia-align-center '  itemprop=\"image\" itemscope=\"itemscope\" itemtype=\"https:\/\/schema.org\/ImageObject\"  ><div class='avia-image-container-inner'><div class='avia-image-overlay-wrap'><img class='avia_image' src='\/\/www.rppiscinas.com\/pt\/wp-content\/uploads\/2015\/06\/certificados-de-piscinas-Seguranca-Social.jpg' alt='Certificados Piscinas - Seguran\u00e7a Social' title='Certificados Piscinas'   itemprop=\"thumbnailUrl\"  \/><\/div><\/div><\/div>\n<section class=\"av_textblock_section \"  itemscope=\"itemscope\" itemtype=\"https:\/\/schema.org\/CreativeWork\" ><div class='avia_textblock  '   itemprop=\"text\" ><h4><span style=\"color: #1692de;\"><b>Certid\u00e3o Seguran\u00e7a Social<\/b><\/span><\/h4>\n<p><span style=\"line-height: 1.5em;\">A certid\u00e3o de n\u00e3o d\u00edvida \u00e0 Seguran\u00e7a Social certifica a credibilidade da empresa na sua atua\u00e7\u00e3o no mercado. Este documento integra o dossier de certificados de piscinas que a empresa apresenta.\u00a0<\/span><\/p>\n<\/div><\/section><\/div>\n<div class=\"flex_column av_one_third  flex_column_div av-zero-column-padding   avia-builder-el-17  el_after_av_one_third  el_before_av_one_third  column-top-margin\" style='border-radius:0px; '><div class='avia-image-container  av-styling-    avia-builder-el-18  el_before_av_textblock  avia-builder-el-first  avia-align-center '  itemprop=\"image\" itemscope=\"itemscope\" itemtype=\"https:\/\/schema.org\/ImageObject\"  ><div class='avia-image-container-inner'><div class='avia-image-overlay-wrap'><img class='avia_image' src='\/\/www.rppiscinas.com\/pt\/wp-content\/uploads\/2015\/06\/certificados-de-piscinas-Financas.jpg' alt='Certificados de Piscinas - Finan\u00e7as' title='Certificados de Piscinas'   itemprop=\"thumbnailUrl\"  \/><\/div><\/div><\/div>\n<section class=\"av_textblock_section \"  itemscope=\"itemscope\" itemtype=\"https:\/\/schema.org\/CreativeWork\" ><div class='avia_textblock  '   itemprop=\"text\" ><h4><span style=\"color: #1692de;\"><b>Certid\u00e3o de Finan\u00e7as<\/b><\/span><\/h4>\n<p><span style=\"line-height: 1.5em;\">Da mesma forma do que a certid\u00e3o da Seguran\u00e7a Social, a certid\u00e3o de n\u00e3o d\u00edvida \u00e0s Finan\u00e7as demonstra a responsabilidade da empresa perante as suas obriga\u00e7\u00f5es para com os seus clientes e a sociedade em geral.<\/span><\/p>\n<\/div><\/section><\/div>\n<div class=\"flex_column av_one_third  flex_column_div av-zero-column-padding   avia-builder-el-20  el_after_av_one_third  avia-builder-el-last  column-top-margin\" style='border-radius:0px; '><div class='avia-image-container  av-styling-    avia-builder-el-21  el_before_av_textblock  avia-builder-el-first  avia-align-center '  itemprop=\"image\" itemscope=\"itemscope\" itemtype=\"https:\/\/schema.org\/ImageObject\"  ><div class='avia-image-container-inner'><div class='avia-image-overlay-wrap'><img class='avia_image' src='\/\/www.rppiscinas.com\/pt\/wp-content\/uploads\/2015\/06\/certificados-de-piscinas-Seguros.jpg' alt='Certificados de Piscinas - Seguros' title='Certificados de Piscinas'   itemprop=\"thumbnailUrl\"  \/><\/div><\/div><\/div>\n<section class=\"av_textblock_section \"  itemscope=\"itemscope\" itemtype=\"https:\/\/schema.org\/CreativeWork\" ><div class='avia_textblock  '   itemprop=\"text\" ><h4><span style=\"color: #1692de;\"><b>Seguros<\/b><\/span><\/h4>\n<p><span style=\"line-height: 1.5em;\">A empresa atua no mercado com um forte sentido de responsabilidade. No dossier de certificados de piscinas SOLEO \u00e9 disponibilizado para consulta os seguros de responsabilidade civil e de acidentes de trabalho.<\/span><\/p>\n<\/div><\/section><\/div>\n","protected":false},"excerpt":{"rendered":"","protected":false},"author":1,"featured_media":0,"parent":0,"menu_order":0,"comment_status":"open","ping_status":"open","template":"","meta":[],"yoast_head":"<!-- This site is optimized with the Yoast SEO plugin v20.3 - https:\/\/yoast.com\/wordpress\/plugins\/seo\/ -->\n<title>Certificado de piscinas SOLEO RP | Documentos RP Industries<\/title>\n<meta name=\"description\" content=\"Nesta p\u00e1gina pode ficar a conhecer todos os documentos e certificados de piscinas que permitem \u00e0 SOLEO RP estar na vanguarda mundial do mercado de piscinas.\" \/>\n<meta name=\"robots\" content=\"index, follow, max-snippet:-1, max-image-preview:large, max-video-preview:-1\" \/>\n<link rel=\"canonical\" href=\"https:\/\/www.rppiscinas.com\/pt\/certificados-de-piscinas-soleo\/\" \/>\n<meta property=\"og:locale\" content=\"pt_PT\" \/>\n<meta property=\"og:type\" content=\"article\" \/>\n<meta property=\"og:title\" content=\"Certificado de piscinas SOLEO RP | Documentos RP Industries\" \/>\n<meta property=\"og:description\" content=\"Nesta p\u00e1gina pode ficar a conhecer todos os documentos e certificados de piscinas que permitem \u00e0 SOLEO RP estar na vanguarda mundial do mercado de piscinas.\" \/>\n<meta property=\"og:url\" content=\"https:\/\/www.rppiscinas.com\/pt\/certificados-de-piscinas-soleo\/\" \/>\n<meta property=\"og:site_name\" content=\"Soleo Piscinas\" \/>\n<meta property=\"article:publisher\" content=\"https:\/\/www.facebook.com\/soleopiscinas\" \/>\n<meta property=\"article:modified_time\" content=\"2017-05-16T12:09:17+00:00\" \/>\n<meta property=\"og:image\" content=\"https:\/\/www.rppiscinas.com\/pt\/wp-content\/uploads\/2018\/06\/piscina1.jpg\" \/>\n\t<meta property=\"og:image:width\" content=\"1200\" \/>\n\t<meta property=\"og:image:height\" content=\"603\" \/>\n\t<meta property=\"og:image:type\" content=\"image\/jpeg\" \/>\n<meta name=\"twitter:label1\" content=\"Tempo estimado de leitura\" \/>\n\t<meta name=\"twitter:data1\" content=\"5 minutos\" \/>\n<script type=\"application\/ld+json\" class=\"yoast-schema-graph\">{\"@context\":\"https:\/\/schema.org\",\"@graph\":[{\"@type\":\"WebPage\",\"@id\":\"https:\/\/www.rppiscinas.com\/pt\/certificados-de-piscinas-soleo\/\",\"url\":\"https:\/\/www.rppiscinas.com\/pt\/certificados-de-piscinas-soleo\/\",\"name\":\"Certificado de piscinas SOLEO RP | Documentos RP Industries\",\"isPartOf\":{\"@id\":\"https:\/\/www.rppiscinas.com\/pt\/#website\"},\"datePublished\":\"2015-06-16T10:46:00+00:00\",\"dateModified\":\"2017-05-16T12:09:17+00:00\",\"description\":\"Nesta p\u00e1gina pode ficar a conhecer todos os documentos e certificados de piscinas que permitem \u00e0 SOLEO RP estar na vanguarda mundial do mercado de piscinas.\",\"breadcrumb\":{\"@id\":\"https:\/\/www.rppiscinas.com\/pt\/certificados-de-piscinas-soleo\/#breadcrumb\"},\"inLanguage\":\"pt-PT\",\"potentialAction\":[{\"@type\":\"ReadAction\",\"target\":[\"https:\/\/www.rppiscinas.com\/pt\/certificados-de-piscinas-soleo\/\"]}]},{\"@type\":\"BreadcrumbList\",\"@id\":\"https:\/\/www.rppiscinas.com\/pt\/certificados-de-piscinas-soleo\/#breadcrumb\",\"itemListElement\":[{\"@type\":\"ListItem\",\"position\":1,\"name\":\"Home\",\"item\":\"https:\/\/www.rppiscinas.com\/pt\/\"},{\"@type\":\"ListItem\",\"position\":2,\"name\":\"Certificados de Piscinas SOLEO\"}]},{\"@type\":\"WebSite\",\"@id\":\"https:\/\/www.rppiscinas.com\/pt\/#website\",\"url\":\"https:\/\/www.rppiscinas.com\/pt\/\",\"name\":\"Soleo Piscinas\",\"description\":\"Mais do que uma piscina\",\"publisher\":{\"@id\":\"https:\/\/www.rppiscinas.com\/pt\/#organization\"},\"alternateName\":\"Soleo Piscinas\",\"potentialAction\":[{\"@type\":\"SearchAction\",\"target\":{\"@type\":\"EntryPoint\",\"urlTemplate\":\"https:\/\/www.rppiscinas.com\/pt\/?s={search_term_string}\"},\"query-input\":\"required name=search_term_string\"}],\"inLanguage\":\"pt-PT\"},{\"@type\":\"Organization\",\"@id\":\"https:\/\/www.rppiscinas.com\/pt\/#organization\",\"name\":\"Soleo Piscinas\",\"url\":\"https:\/\/www.rppiscinas.com\/pt\/\",\"logo\":{\"@type\":\"ImageObject\",\"inLanguage\":\"pt-PT\",\"@id\":\"https:\/\/www.rppiscinas.com\/pt\/#\/schema\/logo\/image\/\",\"url\":\"https:\/\/www.rppiscinas.com\/pt\/wp-content\/uploads\/2025\/03\/logowebsite-1.png\",\"contentUrl\":\"https:\/\/www.rppiscinas.com\/pt\/wp-content\/uploads\/2025\/03\/logowebsite-1.png\",\"width\":160,\"height\":75,\"caption\":\"Soleo Piscinas\"},\"image\":{\"@id\":\"https:\/\/www.rppiscinas.com\/pt\/#\/schema\/logo\/image\/\"},\"sameAs\":[\"https:\/\/www.facebook.com\/soleopiscinas\",\"https:\/\/www.instagram.com\/soleopiscinas\/\",\"https:\/\/pt.pinterest.com\/soleopiscinas\/\"]}]}<\/script>\n<!-- \/ Yoast SEO plugin. -->","yoast_head_json":{"title":"Certificado de piscinas SOLEO RP | Documentos RP Industries","description":"Nesta p\u00e1gina pode ficar a conhecer todos os documentos e certificados de piscinas que permitem \u00e0 SOLEO RP estar na vanguarda mundial do mercado de piscinas.","robots":{"index":"index","follow":"follow","max-snippet":"max-snippet:-1","max-image-preview":"max-image-preview:large","max-video-preview":"max-video-preview:-1"},"canonical":"https:\/\/www.rppiscinas.com\/pt\/certificados-de-piscinas-soleo\/","og_locale":"pt_PT","og_type":"article","og_title":"Certificado de piscinas SOLEO RP | Documentos RP Industries","og_description":"Nesta p\u00e1gina pode ficar a conhecer todos os documentos e certificados de piscinas que permitem \u00e0 SOLEO RP estar na vanguarda mundial do mercado de piscinas.","og_url":"https:\/\/www.rppiscinas.com\/pt\/certificados-de-piscinas-soleo\/","og_site_name":"Soleo Piscinas","article_publisher":"https:\/\/www.facebook.com\/soleopiscinas","article_modified_time":"2017-05-16T12:09:17+00:00","og_image":[{"width":1200,"height":603,"url":"https:\/\/www.rppiscinas.com\/pt\/wp-content\/uploads\/2018\/06\/piscina1.jpg","type":"image\/jpeg"}],"twitter_misc":{"Tempo estimado de leitura":"5 minutos"},"schema":{"@context":"https:\/\/schema.org","@graph":[{"@type":"WebPage","@id":"https:\/\/www.rppiscinas.com\/pt\/certificados-de-piscinas-soleo\/","url":"https:\/\/www.rppiscinas.com\/pt\/certificados-de-piscinas-soleo\/","name":"Certificado de piscinas SOLEO RP | Documentos RP Industries","isPartOf":{"@id":"https:\/\/www.rppiscinas.com\/pt\/#website"},"datePublished":"2015-06-16T10:46:00+00:00","dateModified":"2017-05-16T12:09:17+00:00","description":"Nesta p\u00e1gina pode ficar a conhecer todos os documentos e certificados de piscinas que permitem \u00e0 SOLEO RP estar na vanguarda mundial do mercado de piscinas.","breadcrumb":{"@id":"https:\/\/www.rppiscinas.com\/pt\/certificados-de-piscinas-soleo\/#breadcrumb"},"inLanguage":"pt-PT","potentialAction":[{"@type":"ReadAction","target":["https:\/\/www.rppiscinas.com\/pt\/certificados-de-piscinas-soleo\/"]}]},{"@type":"BreadcrumbList","@id":"https:\/\/www.rppiscinas.com\/pt\/certificados-de-piscinas-soleo\/#breadcrumb","itemListElement":[{"@type":"ListItem","position":1,"name":"Home","item":"https:\/\/www.rppiscinas.com\/pt\/"},{"@type":"ListItem","position":2,"name":"Certificados de Piscinas SOLEO"}]},{"@type":"WebSite","@id":"https:\/\/www.rppiscinas.com\/pt\/#website","url":"https:\/\/www.rppiscinas.com\/pt\/","name":"Soleo Piscinas","description":"Mais do que uma piscina","publisher":{"@id":"https:\/\/www.rppiscinas.com\/pt\/#organization"},"alternateName":"Soleo Piscinas","potentialAction":[{"@type":"SearchAction","target":{"@type":"EntryPoint","urlTemplate":"https:\/\/www.rppiscinas.com\/pt\/?s={search_term_string}"},"query-input":"required name=search_term_string"}],"inLanguage":"pt-PT"},{"@type":"Organization","@id":"https:\/\/www.rppiscinas.com\/pt\/#organization","name":"Soleo Piscinas","url":"https:\/\/www.rppiscinas.com\/pt\/","logo":{"@type":"ImageObject","inLanguage":"pt-PT","@id":"https:\/\/www.rppiscinas.com\/pt\/#\/schema\/logo\/image\/","url":"https:\/\/www.rppiscinas.com\/pt\/wp-content\/uploads\/2025\/03\/logowebsite-1.png","contentUrl":"https:\/\/www.rppiscinas.com\/pt\/wp-content\/uploads\/2025\/03\/logowebsite-1.png","width":160,"height":75,"caption":"Soleo Piscinas"},"image":{"@id":"https:\/\/www.rppiscinas.com\/pt\/#\/schema\/logo\/image\/"},"sameAs":["https:\/\/www.facebook.com\/soleopiscinas","https:\/\/www.instagram.com\/soleopiscinas\/","https:\/\/pt.pinterest.com\/soleopiscinas\/"]}]}},"_links":{"self":[{"href":"https:\/\/www.rppiscinas.com\/pt\/wp-json\/wp\/v2\/pages\/4692"}],"collection":[{"href":"https:\/\/www.rppiscinas.com\/pt\/wp-json\/wp\/v2\/pages"}],"about":[{"href":"https:\/\/www.rppiscinas.com\/pt\/wp-json\/wp\/v2\/types\/page"}],"author":[{"embeddable":true,"href":"https:\/\/www.rppiscinas.com\/pt\/wp-json\/wp\/v2\/users\/1"}],"replies":[{"embeddable":true,"href":"https:\/\/www.rppiscinas.com\/pt\/wp-json\/wp\/v2\/comments?post=4692"}],"version-history":[{"count":12,"href":"https:\/\/www.rppiscinas.com\/pt\/wp-json\/wp\/v2\/pages\/4692\/revisions"}],"predecessor-version":[{"id":5294,"href":"https:\/\/www.rppiscinas.com\/pt\/wp-json\/wp\/v2\/pages\/4692\/revisions\/5294"}],"wp:attachment":[{"href":"https:\/\/www.rppiscinas.com\/pt\/wp-json\/wp\/v2\/media?parent=4692"}],"curies":[{"name":"wp","href":"https:\/\/api.w.org\/{rel}","templated":true}]}}