{"id":4188,"date":"2015-05-07T09:42:01","date_gmt":"2015-05-07T09:42:01","guid":{"rendered":"http:\/\/rppiscinas.com\/pt\/?page_id=4188"},"modified":"2018-05-03T11:56:19","modified_gmt":"2018-05-03T11:56:19","slug":"cookies","status":"publish","type":"page","link":"https:\/\/www.rppiscinas.com\/pt\/cookies\/","title":{"rendered":"Pol\u00edtica de Cookies"},"content":{"rendered":"<h2><strong>O que \u00e9 uma COOKIE?<\/strong><\/h2>\n<p>Um cookie \u00e9 um pequeno ficheiro de texto, que \u00e9 colocado no seu disco r\u00edgido a partir de uma p\u00e1gina web.<\/p>\n<p>A fun\u00e7\u00e3o de um cookie \u00e9 indicar ao servidor web que regressou a uma determinada p\u00e1gina\/site, de modo a que as informa\u00e7\u00f5es previamente fornecidas possam ser recuperadas e lhe permitam recorrer \u00e0s funcionalidades do site usadas anteriormente.<\/p>\n<p>Os cookies n\u00e3o t\u00eam qualquer efeito prejudicial para o seu processador e n\u00e3o cont\u00eam v\u00edrus. Os cookies a partir das nossas p\u00e1ginas da Internet n\u00e3o apresentam informa\u00e7\u00f5es relativas aos seus dados pessoais. Pode desactivar, a qualquer altura, a utiliza\u00e7\u00e3o de cookies nas configura\u00e7\u00f5es do seu browser.<br \/>\nGeralmente, os cookies das nossas p\u00e1ginas web s\u00e3o somente utilizados na avalia\u00e7\u00e3o an\u00f3nima e estat\u00edstica e para fins de aperfei\u00e7oamento da orienta\u00e7\u00e3o do cliente.<\/p>\n<p>&nbsp;<\/p>\n<h2><strong>Utiliza\u00e7\u00e3o de Cookies<\/strong><\/h2>\n<p>Relativamente \u00e0 utiliza\u00e7\u00e3o de cookies, este website utiliza cookies em determinadas \u00e1reas para poder oferecer uma melhor experi\u00eancia ao utilizador, com base nas suas visitas anteriores. O utilizador poder\u00e1 sempre configurar o seu browser para recusar a utiliza\u00e7\u00e3o de cookies, e consequente armazenamento de dados no disco r\u00edgido, no entanto, nesse caso, o website ou partes do mesmo podem n\u00e3o funcionar corretamente.<\/p>\n<p>&nbsp;<\/p>\n<p>A R.P. Industries, S.A. n\u00e3o partilha cookies com terceiros, incluindo fornecedores externos de dados ou outros websites.<\/p>\n<p>Ao navegar neste site sem alterar as defini\u00e7\u00f5es de cookies do seu web browser, o utilizador expressamente concorda com a utiliza\u00e7\u00e3o de cookies pela R.P. Industries, S.A.<\/p>\n","protected":false},"excerpt":{"rendered":"<p>O que \u00e9 uma COOKIE? Um cookie \u00e9 um pequeno ficheiro de texto, que \u00e9 colocado no seu disco r\u00edgido a partir de uma p\u00e1gina web. A fun\u00e7\u00e3o de um cookie \u00e9 indicar ao servidor web que regressou a uma determinada p\u00e1gina\/site, de modo a que as informa\u00e7\u00f5es previamente fornecidas possam ser recuperadas e lhe [&hellip;]<\/p>\n","protected":false},"author":1,"featured_media":0,"parent":0,"menu_order":0,"comment_status":"open","ping_status":"open","template":"","meta":[],"yoast_head":"<!-- This site is optimized with the Yoast SEO plugin v20.3 - https:\/\/yoast.com\/wordpress\/plugins\/seo\/ -->\n<title>Pol\u00edtica de Cookies - Soleo Piscinas<\/title>\n<meta name=\"robots\" content=\"index, follow, max-snippet:-1, max-image-preview:large, max-video-preview:-1\" \/>\n<link rel=\"canonical\" href=\"https:\/\/www.rppiscinas.com\/pt\/cookies\/\" \/>\n<meta property=\"og:locale\" content=\"pt_PT\" \/>\n<meta property=\"og:type\" content=\"article\" \/>\n<meta property=\"og:title\" content=\"Pol\u00edtica de Cookies - Soleo Piscinas\" \/>\n<meta property=\"og:description\" content=\"O que \u00e9 uma COOKIE? Um cookie \u00e9 um pequeno ficheiro de texto, que \u00e9 colocado no seu disco r\u00edgido a partir de uma p\u00e1gina web. A fun\u00e7\u00e3o de um cookie \u00e9 indicar ao servidor web que regressou a uma determinada p\u00e1gina\/site, de modo a que as informa\u00e7\u00f5es previamente fornecidas possam ser recuperadas e lhe [&hellip;]\" \/>\n<meta property=\"og:url\" content=\"https:\/\/www.rppiscinas.com\/pt\/cookies\/\" \/>\n<meta property=\"og:site_name\" content=\"Soleo Piscinas\" \/>\n<meta property=\"article:publisher\" content=\"https:\/\/www.facebook.com\/soleopiscinas\" \/>\n<meta property=\"article:modified_time\" content=\"2018-05-03T11:56:19+00:00\" \/>\n<meta property=\"og:image\" content=\"https:\/\/www.rppiscinas.com\/pt\/wp-content\/uploads\/2018\/06\/piscina1.jpg\" \/>\n\t<meta property=\"og:image:width\" content=\"1200\" \/>\n\t<meta property=\"og:image:height\" content=\"603\" \/>\n\t<meta property=\"og:image:type\" content=\"image\/jpeg\" \/>\n<meta name=\"twitter:label1\" content=\"Tempo estimado de leitura\" \/>\n\t<meta name=\"twitter:data1\" content=\"1 minuto\" \/>\n<script type=\"application\/ld+json\" class=\"yoast-schema-graph\">{\"@context\":\"https:\/\/schema.org\",\"@graph\":[{\"@type\":\"WebPage\",\"@id\":\"https:\/\/www.rppiscinas.com\/pt\/cookies\/\",\"url\":\"https:\/\/www.rppiscinas.com\/pt\/cookies\/\",\"name\":\"Pol\u00edtica de Cookies - Soleo Piscinas\",\"isPartOf\":{\"@id\":\"https:\/\/www.rppiscinas.com\/pt\/#website\"},\"datePublished\":\"2015-05-07T09:42:01+00:00\",\"dateModified\":\"2018-05-03T11:56:19+00:00\",\"breadcrumb\":{\"@id\":\"https:\/\/www.rppiscinas.com\/pt\/cookies\/#breadcrumb\"},\"inLanguage\":\"pt-PT\",\"potentialAction\":[{\"@type\":\"ReadAction\",\"target\":[\"https:\/\/www.rppiscinas.com\/pt\/cookies\/\"]}]},{\"@type\":\"BreadcrumbList\",\"@id\":\"https:\/\/www.rppiscinas.com\/pt\/cookies\/#breadcrumb\",\"itemListElement\":[{\"@type\":\"ListItem\",\"position\":1,\"name\":\"Home\",\"item\":\"https:\/\/www.rppiscinas.com\/pt\/\"},{\"@type\":\"ListItem\",\"position\":2,\"name\":\"Pol\u00edtica de Cookies\"}]},{\"@type\":\"WebSite\",\"@id\":\"https:\/\/www.rppiscinas.com\/pt\/#website\",\"url\":\"https:\/\/www.rppiscinas.com\/pt\/\",\"name\":\"Soleo Piscinas\",\"description\":\"Mais do que uma piscina\",\"publisher\":{\"@id\":\"https:\/\/www.rppiscinas.com\/pt\/#organization\"},\"alternateName\":\"Soleo Piscinas\",\"potentialAction\":[{\"@type\":\"SearchAction\",\"target\":{\"@type\":\"EntryPoint\",\"urlTemplate\":\"https:\/\/www.rppiscinas.com\/pt\/?s={search_term_string}\"},\"query-input\":\"required name=search_term_string\"}],\"inLanguage\":\"pt-PT\"},{\"@type\":\"Organization\",\"@id\":\"https:\/\/www.rppiscinas.com\/pt\/#organization\",\"name\":\"Soleo Piscinas\",\"url\":\"https:\/\/www.rppiscinas.com\/pt\/\",\"logo\":{\"@type\":\"ImageObject\",\"inLanguage\":\"pt-PT\",\"@id\":\"https:\/\/www.rppiscinas.com\/pt\/#\/schema\/logo\/image\/\",\"url\":\"https:\/\/www.rppiscinas.com\/pt\/wp-content\/uploads\/2025\/03\/logowebsite-1.png\",\"contentUrl\":\"https:\/\/www.rppiscinas.com\/pt\/wp-content\/uploads\/2025\/03\/logowebsite-1.png\",\"width\":160,\"height\":75,\"caption\":\"Soleo Piscinas\"},\"image\":{\"@id\":\"https:\/\/www.rppiscinas.com\/pt\/#\/schema\/logo\/image\/\"},\"sameAs\":[\"https:\/\/www.facebook.com\/soleopiscinas\",\"https:\/\/www.instagram.com\/soleopiscinas\/\",\"https:\/\/pt.pinterest.com\/soleopiscinas\/\"]}]}<\/script>\n<!-- \/ Yoast SEO plugin. -->","yoast_head_json":{"title":"Pol\u00edtica de Cookies - Soleo Piscinas","robots":{"index":"index","follow":"follow","max-snippet":"max-snippet:-1","max-image-preview":"max-image-preview:large","max-video-preview":"max-video-preview:-1"},"canonical":"https:\/\/www.rppiscinas.com\/pt\/cookies\/","og_locale":"pt_PT","og_type":"article","og_title":"Pol\u00edtica de Cookies - Soleo Piscinas","og_description":"O que \u00e9 uma COOKIE? Um cookie \u00e9 um pequeno ficheiro de texto, que \u00e9 colocado no seu disco r\u00edgido a partir de uma p\u00e1gina web. A fun\u00e7\u00e3o de um cookie \u00e9 indicar ao servidor web que regressou a uma determinada p\u00e1gina\/site, de modo a que as informa\u00e7\u00f5es previamente fornecidas possam ser recuperadas e lhe [&hellip;]","og_url":"https:\/\/www.rppiscinas.com\/pt\/cookies\/","og_site_name":"Soleo Piscinas","article_publisher":"https:\/\/www.facebook.com\/soleopiscinas","article_modified_time":"2018-05-03T11:56:19+00:00","og_image":[{"width":1200,"height":603,"url":"https:\/\/www.rppiscinas.com\/pt\/wp-content\/uploads\/2018\/06\/piscina1.jpg","type":"image\/jpeg"}],"twitter_misc":{"Tempo estimado de leitura":"1 minuto"},"schema":{"@context":"https:\/\/schema.org","@graph":[{"@type":"WebPage","@id":"https:\/\/www.rppiscinas.com\/pt\/cookies\/","url":"https:\/\/www.rppiscinas.com\/pt\/cookies\/","name":"Pol\u00edtica de Cookies - Soleo Piscinas","isPartOf":{"@id":"https:\/\/www.rppiscinas.com\/pt\/#website"},"datePublished":"2015-05-07T09:42:01+00:00","dateModified":"2018-05-03T11:56:19+00:00","breadcrumb":{"@id":"https:\/\/www.rppiscinas.com\/pt\/cookies\/#breadcrumb"},"inLanguage":"pt-PT","potentialAction":[{"@type":"ReadAction","target":["https:\/\/www.rppiscinas.com\/pt\/cookies\/"]}]},{"@type":"BreadcrumbList","@id":"https:\/\/www.rppiscinas.com\/pt\/cookies\/#breadcrumb","itemListElement":[{"@type":"ListItem","position":1,"name":"Home","item":"https:\/\/www.rppiscinas.com\/pt\/"},{"@type":"ListItem","position":2,"name":"Pol\u00edtica de Cookies"}]},{"@type":"WebSite","@id":"https:\/\/www.rppiscinas.com\/pt\/#website","url":"https:\/\/www.rppiscinas.com\/pt\/","name":"Soleo Piscinas","description":"Mais do que uma piscina","publisher":{"@id":"https:\/\/www.rppiscinas.com\/pt\/#organization"},"alternateName":"Soleo Piscinas","potentialAction":[{"@type":"SearchAction","target":{"@type":"EntryPoint","urlTemplate":"https:\/\/www.rppiscinas.com\/pt\/?s={search_term_string}"},"query-input":"required name=search_term_string"}],"inLanguage":"pt-PT"},{"@type":"Organization","@id":"https:\/\/www.rppiscinas.com\/pt\/#organization","name":"Soleo Piscinas","url":"https:\/\/www.rppiscinas.com\/pt\/","logo":{"@type":"ImageObject","inLanguage":"pt-PT","@id":"https:\/\/www.rppiscinas.com\/pt\/#\/schema\/logo\/image\/","url":"https:\/\/www.rppiscinas.com\/pt\/wp-content\/uploads\/2025\/03\/logowebsite-1.png","contentUrl":"https:\/\/www.rppiscinas.com\/pt\/wp-content\/uploads\/2025\/03\/logowebsite-1.png","width":160,"height":75,"caption":"Soleo Piscinas"},"image":{"@id":"https:\/\/www.rppiscinas.com\/pt\/#\/schema\/logo\/image\/"},"sameAs":["https:\/\/www.facebook.com\/soleopiscinas","https:\/\/www.instagram.com\/soleopiscinas\/","https:\/\/pt.pinterest.com\/soleopiscinas\/"]}]}},"_links":{"self":[{"href":"https:\/\/www.rppiscinas.com\/pt\/wp-json\/wp\/v2\/pages\/4188"}],"collection":[{"href":"https:\/\/www.rppiscinas.com\/pt\/wp-json\/wp\/v2\/pages"}],"about":[{"href":"https:\/\/www.rppiscinas.com\/pt\/wp-json\/wp\/v2\/types\/page"}],"author":[{"embeddable":true,"href":"https:\/\/www.rppiscinas.com\/pt\/wp-json\/wp\/v2\/users\/1"}],"replies":[{"embeddable":true,"href":"https:\/\/www.rppiscinas.com\/pt\/wp-json\/wp\/v2\/comments?post=4188"}],"version-history":[{"count":3,"href":"https:\/\/www.rppiscinas.com\/pt\/wp-json\/wp\/v2\/pages\/4188\/revisions"}],"predecessor-version":[{"id":5950,"href":"https:\/\/www.rppiscinas.com\/pt\/wp-json\/wp\/v2\/pages\/4188\/revisions\/5950"}],"wp:attachment":[{"href":"https:\/\/www.rppiscinas.com\/pt\/wp-json\/wp\/v2\/media?parent=4188"}],"curies":[{"name":"wp","href":"https:\/\/api.w.org\/{rel}","templated":true}]}}