{"id":4059,"date":"2015-04-22T12:54:47","date_gmt":"2015-04-22T12:54:47","guid":{"rendered":"http:\/\/rppiscinas.com\/pt\/?page_id=4059"},"modified":"2022-06-17T16:33:37","modified_gmt":"2022-06-17T16:33:37","slug":"visita-comercial","status":"publish","type":"page","link":"https:\/\/www.rppiscinas.com\/pt\/visita-comercial\/","title":{"rendered":"Formul\u00e1rio visita comercial"},"content":{"rendered":"<div class=\"flex_column av_one_full  flex_column_div first  avia-builder-el-0  el_before_av_one_half  avia-builder-el-first  \" ><section class=\"av_textblock_section \"  itemscope=\"itemscope\" itemtype=\"https:\/\/schema.org\/CreativeWork\" ><div class='avia_textblock  '   itemprop=\"text\" ><p>Porque na RP Industries estabelecemos logo no primeiro contacto uma rela\u00e7\u00e3o de proximidade com os clientes, poder\u00e1 agendar a visita de um dos nossos t\u00e9cnicos comerciais a sua casa para, no terreno, este lhe fornecer a melhor solu\u00e7\u00e3o para o seu caso particular. N\u00e3o perca tempo e decida qual a forma e a dimens\u00e3o da piscina dos seus sonhos!<\/p>\n<p><strong>Para nos contactar diretamente, por favor utilize o formul\u00e1rio em baixo.\u00a0<\/strong><\/p>\n<\/div><\/section><\/div>\n<div class=\"flex_column av_one_half  flex_column_div first  avia-builder-el-2  el_after_av_one_full  avia-builder-el-last  column-top-margin\" ><section class=\"av_textblock_section \"  itemscope=\"itemscope\" itemtype=\"https:\/\/schema.org\/CreativeWork\" ><div class='avia_textblock  '   itemprop=\"text\" ><h4><span style=\"font-size: 1em; line-height: 1.5em;\">Dados Pessoais:<\/span><\/h4>\n<p>(*)\u00a0Campos obrigat\u00f3rios<\/p>\n<div role=\"form\" class=\"wpcf7\" id=\"wpcf7-f4058-o1\" lang=\"pt-PT\" dir=\"ltr\">\n<div class=\"screen-reader-response\"><\/div>\n<form action=\"\/pt\/wp-json\/wp\/v2\/pages\/4059#wpcf7-f4058-o1\" method=\"post\" class=\"wpcf7-form\" novalidate=\"novalidate\">\n<div style=\"display: none;\">\n<input type=\"hidden\" name=\"_wpcf7\" value=\"4058\" \/>\n<input type=\"hidden\" name=\"_wpcf7_version\" value=\"5.0.5\" \/>\n<input type=\"hidden\" name=\"_wpcf7_locale\" value=\"pt_PT\" \/>\n<input type=\"hidden\" name=\"_wpcf7_unit_tag\" value=\"wpcf7-f4058-o1\" \/>\n<input type=\"hidden\" name=\"_wpcf7_container_post\" value=\"0\" \/>\n<input type=\"hidden\" name=\"_wpcf7cf_hidden_group_fields\" value=\"\" \/>\n<input type=\"hidden\" name=\"_wpcf7cf_hidden_groups\" value=\"\" \/>\n<input type=\"hidden\" name=\"_wpcf7cf_visible_groups\" value=\"\" \/>\n<input type=\"hidden\" name=\"_wpcf7cf_options\" value=\"{&quot;form_id&quot;:4058,&quot;conditions&quot;:[{&quot;then_field&quot;:&quot;group-quais&quot;,&quot;and_rules&quot;:[{&quot;if_field&quot;:&quot;menu_conhecer&quot;,&quot;operator&quot;:&quot;equals&quot;,&quot;if_value&quot;:&quot;outros&quot;}]}],&quot;settings&quot;:false}\" \/>\n<\/div>\n<p>Nome*<br \/>\n    <span class=\"wpcf7-form-control-wrap your-name\"><input type=\"text\" name=\"your-name\" value=\"\" size=\"40\" class=\"wpcf7-form-control wpcf7-text wpcf7-validates-as-required force_largura\" aria-required=\"true\" aria-invalid=\"false\" \/><\/span> <\/p>\n<p>Localidade*<br \/>\n     <span class=\"wpcf7-form-control-wrap Localidade\"><input type=\"text\" name=\"Localidade\" value=\"\" size=\"40\" class=\"wpcf7-form-control wpcf7-text wpcf7-validates-as-required force_largura\" aria-required=\"true\" aria-invalid=\"false\" \/><\/span> <\/p>\n<p>Telem\u00f3vel<br \/>\n    <span class=\"wpcf7-form-control-wrap tel-477\"><input type=\"tel\" name=\"tel-477\" value=\"\" size=\"40\" class=\"wpcf7-form-control wpcf7-text wpcf7-tel wpcf7-validates-as-required wpcf7-validates-as-tel\" aria-required=\"true\" aria-invalid=\"false\" \/><\/span> <\/p>\n<p>Email*<br \/>\n    <span class=\"wpcf7-form-control-wrap your-email\"><input type=\"email\" name=\"your-email\" value=\"\" size=\"40\" class=\"wpcf7-form-control wpcf7-text wpcf7-email wpcf7-validates-as-required wpcf7-validates-as-email force_largura\" aria-required=\"true\" aria-invalid=\"false\" \/><\/span> <\/p>\n<p>Como conheceu a nossa empresa?*<br \/>\n<span class=\"wpcf7-form-control-wrap menu_conhecer\"><select name=\"menu_conhecer\" class=\"wpcf7-form-control wpcf7-select wpcf7-validates-as-required\" aria-required=\"true\" aria-invalid=\"false\"><option value=\"\">---<\/option><option value=\"j\u00e1 conhecia\">j\u00e1 conhecia<\/option><option value=\"recomendado por amigos ou familiares\">recomendado por amigos ou familiares<\/option><option value=\"presen\u00e7a em Feiras\">presen\u00e7a em Feiras<\/option><option value=\"outdoors\">outdoors<\/option><option value=\"redes sociais\">redes sociais<\/option><option value=\"pesquisa em motores de busca\">pesquisa em motores de busca<\/option><option value=\"patrocinio SCBRAGA\">patrocinio SCBRAGA<\/option><option value=\"revistas ou artigos\">revistas ou artigos<\/option><option value=\"outros\">outros<\/option><\/select><\/span><\/p>\n<div id=\"group-quais\"  data-class=\"wpcf7cf_group\">\nIndique quais?*<br \/>\n<span class=\"wpcf7-form-control-wrap texto_outros\"><textarea name=\"texto_outros\" cols=\"40\" rows=\"10\" class=\"wpcf7-form-control wpcf7-textarea wpcf7-validates-as-required\" aria-required=\"true\" aria-invalid=\"false\"><\/textarea><\/span>\n<\/div>\n<p>A sua mensagem<br \/>\n    <span class=\"wpcf7-form-control-wrap your-message\"><textarea name=\"your-message\" cols=\"40\" rows=\"10\" class=\"wpcf7-form-control wpcf7-textarea\" aria-invalid=\"false\"><\/textarea><\/span> <\/p>\n<p><span class=\"wpcf7-form-control-wrap acceptance-390\"><span class=\"wpcf7-form-control wpcf7-acceptance\"><span class=\"wpcf7-list-item\"><label><input type=\"checkbox\" name=\"acceptance-390\" value=\"1\" aria-invalid=\"false\" id=\"politica\" \/><span class=\"wpcf7-list-item-label\">Tenho conhecimento e aceito a<a href=\"https:\/\/www.rppiscinas.com\/pt\/politica-de-privacidade\" target=\"_blank\"> Pol\u00edtica de Privacidade<\/a><\/span><\/label><\/span><\/span><\/span><br \/>\n<span class=\"wpcf7-form-control-wrap acceptance-231\"><span class=\"wpcf7-form-control wpcf7-acceptance optional\"><span class=\"wpcf7-list-item\"><label><input type=\"checkbox\" name=\"acceptance-231\" value=\"1\" aria-invalid=\"false\" id=\"autorizo\" \/><span class=\"wpcf7-list-item-label\">Autorizo o tratamento dos dados pessoais para marketing de produtos e servi\u00e7os<\/span><\/label><\/span><\/span><\/span><\/p>\n<p><span class=\"wpcf7-form-control-wrap math-quiz\"><label><span class=\"wpcf7-quiz-label\">13+37=?<\/span> <input type=\"text\" name=\"math-quiz\" size=\"40\" class=\"wpcf7-form-control wpcf7-quiz\" autocomplete=\"off\" aria-required=\"true\" aria-invalid=\"false\" \/><\/label><input type=\"hidden\" name=\"_wpcf7_quiz_answer_math-quiz\" value=\"08fd0dbf23c9fd90d10c17190c3221ae\" \/><\/span><\/p>\n<p><input type=\"submit\" value=\"Enviar\" class=\"wpcf7-form-control wpcf7-submit\" \/><\/p>\n<input type='hidden' class='wpcf7-pum' value='{\"closepopup\":false,\"closedelay\":0,\"openpopup\":false,\"openpopup_id\":0}' \/><div class=\"wpcf7-response-output wpcf7-display-none\"><\/div><\/form><\/div>\n<\/div><\/section><\/div>\n","protected":false},"excerpt":{"rendered":"","protected":false},"author":1,"featured_media":0,"parent":0,"menu_order":0,"comment_status":"open","ping_status":"open","template":"","meta":[],"yoast_head":"<!-- This site is optimized with the Yoast SEO plugin v20.3 - https:\/\/yoast.com\/wordpress\/plugins\/seo\/ -->\n<title>Formul\u00e1rio visita comercial | RP Industries<\/title>\n<meta name=\"description\" content=\"Porque na RP Industries estabelecemos logo no primeiro contacto uma rela\u00e7\u00e3o de proximidade com os clientes, poder\u00e1 agendar a visita de um dos nossos t\u00e9cnicos comerciais a sua casa.\" \/>\n<meta name=\"robots\" content=\"index, follow, max-snippet:-1, max-image-preview:large, max-video-preview:-1\" \/>\n<link rel=\"canonical\" href=\"https:\/\/www.rppiscinas.com\/pt\/visita-comercial\/\" \/>\n<meta property=\"og:locale\" content=\"pt_PT\" \/>\n<meta property=\"og:type\" content=\"article\" \/>\n<meta property=\"og:title\" content=\"Formul\u00e1rio visita comercial | RP Industries\" \/>\n<meta property=\"og:description\" content=\"Porque na RP Industries estabelecemos logo no primeiro contacto uma rela\u00e7\u00e3o de proximidade com os clientes, poder\u00e1 agendar a visita de um dos nossos t\u00e9cnicos comerciais a sua casa.\" \/>\n<meta property=\"og:url\" content=\"https:\/\/www.rppiscinas.com\/pt\/visita-comercial\/\" \/>\n<meta property=\"og:site_name\" content=\"Soleo Piscinas\" \/>\n<meta property=\"article:publisher\" content=\"https:\/\/www.facebook.com\/soleopiscinas\" \/>\n<meta property=\"article:modified_time\" content=\"2022-06-17T16:33:37+00:00\" \/>\n<meta property=\"og:image\" content=\"https:\/\/www.rppiscinas.com\/pt\/wp-content\/uploads\/2018\/06\/piscina1.jpg\" \/>\n\t<meta property=\"og:image:width\" content=\"1200\" \/>\n\t<meta property=\"og:image:height\" content=\"603\" \/>\n\t<meta property=\"og:image:type\" content=\"image\/jpeg\" \/>\n<meta name=\"twitter:label1\" content=\"Tempo estimado de leitura\" \/>\n\t<meta name=\"twitter:data1\" content=\"1 minuto\" \/>\n<script type=\"application\/ld+json\" class=\"yoast-schema-graph\">{\"@context\":\"https:\/\/schema.org\",\"@graph\":[{\"@type\":\"WebPage\",\"@id\":\"https:\/\/www.rppiscinas.com\/pt\/visita-comercial\/\",\"url\":\"https:\/\/www.rppiscinas.com\/pt\/visita-comercial\/\",\"name\":\"Formul\u00e1rio visita comercial | RP Industries\",\"isPartOf\":{\"@id\":\"https:\/\/www.rppiscinas.com\/pt\/#website\"},\"datePublished\":\"2015-04-22T12:54:47+00:00\",\"dateModified\":\"2022-06-17T16:33:37+00:00\",\"description\":\"Porque na RP Industries estabelecemos logo no primeiro contacto uma rela\u00e7\u00e3o de proximidade com os clientes, poder\u00e1 agendar a visita de um dos nossos t\u00e9cnicos comerciais a sua casa.\",\"breadcrumb\":{\"@id\":\"https:\/\/www.rppiscinas.com\/pt\/visita-comercial\/#breadcrumb\"},\"inLanguage\":\"pt-PT\",\"potentialAction\":[{\"@type\":\"ReadAction\",\"target\":[\"https:\/\/www.rppiscinas.com\/pt\/visita-comercial\/\"]}]},{\"@type\":\"BreadcrumbList\",\"@id\":\"https:\/\/www.rppiscinas.com\/pt\/visita-comercial\/#breadcrumb\",\"itemListElement\":[{\"@type\":\"ListItem\",\"position\":1,\"name\":\"Home\",\"item\":\"https:\/\/www.rppiscinas.com\/pt\/\"},{\"@type\":\"ListItem\",\"position\":2,\"name\":\"Formul\u00e1rio visita comercial\"}]},{\"@type\":\"WebSite\",\"@id\":\"https:\/\/www.rppiscinas.com\/pt\/#website\",\"url\":\"https:\/\/www.rppiscinas.com\/pt\/\",\"name\":\"Soleo Piscinas\",\"description\":\"Mais do que uma piscina\",\"publisher\":{\"@id\":\"https:\/\/www.rppiscinas.com\/pt\/#organization\"},\"alternateName\":\"Soleo Piscinas\",\"potentialAction\":[{\"@type\":\"SearchAction\",\"target\":{\"@type\":\"EntryPoint\",\"urlTemplate\":\"https:\/\/www.rppiscinas.com\/pt\/?s={search_term_string}\"},\"query-input\":\"required name=search_term_string\"}],\"inLanguage\":\"pt-PT\"},{\"@type\":\"Organization\",\"@id\":\"https:\/\/www.rppiscinas.com\/pt\/#organization\",\"name\":\"Soleo Piscinas\",\"url\":\"https:\/\/www.rppiscinas.com\/pt\/\",\"logo\":{\"@type\":\"ImageObject\",\"inLanguage\":\"pt-PT\",\"@id\":\"https:\/\/www.rppiscinas.com\/pt\/#\/schema\/logo\/image\/\",\"url\":\"https:\/\/www.rppiscinas.com\/pt\/wp-content\/uploads\/2025\/03\/logowebsite-1.png\",\"contentUrl\":\"https:\/\/www.rppiscinas.com\/pt\/wp-content\/uploads\/2025\/03\/logowebsite-1.png\",\"width\":160,\"height\":75,\"caption\":\"Soleo Piscinas\"},\"image\":{\"@id\":\"https:\/\/www.rppiscinas.com\/pt\/#\/schema\/logo\/image\/\"},\"sameAs\":[\"https:\/\/www.facebook.com\/soleopiscinas\",\"https:\/\/www.instagram.com\/soleopiscinas\/\",\"https:\/\/pt.pinterest.com\/soleopiscinas\/\"]}]}<\/script>\n<!-- \/ Yoast SEO plugin. -->","yoast_head_json":{"title":"Formul\u00e1rio visita comercial | RP Industries","description":"Porque na RP Industries estabelecemos logo no primeiro contacto uma rela\u00e7\u00e3o de proximidade com os clientes, poder\u00e1 agendar a visita de um dos nossos t\u00e9cnicos comerciais a sua casa.","robots":{"index":"index","follow":"follow","max-snippet":"max-snippet:-1","max-image-preview":"max-image-preview:large","max-video-preview":"max-video-preview:-1"},"canonical":"https:\/\/www.rppiscinas.com\/pt\/visita-comercial\/","og_locale":"pt_PT","og_type":"article","og_title":"Formul\u00e1rio visita comercial | RP Industries","og_description":"Porque na RP Industries estabelecemos logo no primeiro contacto uma rela\u00e7\u00e3o de proximidade com os clientes, poder\u00e1 agendar a visita de um dos nossos t\u00e9cnicos comerciais a sua casa.","og_url":"https:\/\/www.rppiscinas.com\/pt\/visita-comercial\/","og_site_name":"Soleo Piscinas","article_publisher":"https:\/\/www.facebook.com\/soleopiscinas","article_modified_time":"2022-06-17T16:33:37+00:00","og_image":[{"width":1200,"height":603,"url":"https:\/\/www.rppiscinas.com\/pt\/wp-content\/uploads\/2018\/06\/piscina1.jpg","type":"image\/jpeg"}],"twitter_misc":{"Tempo estimado de leitura":"1 minuto"},"schema":{"@context":"https:\/\/schema.org","@graph":[{"@type":"WebPage","@id":"https:\/\/www.rppiscinas.com\/pt\/visita-comercial\/","url":"https:\/\/www.rppiscinas.com\/pt\/visita-comercial\/","name":"Formul\u00e1rio visita comercial | RP Industries","isPartOf":{"@id":"https:\/\/www.rppiscinas.com\/pt\/#website"},"datePublished":"2015-04-22T12:54:47+00:00","dateModified":"2022-06-17T16:33:37+00:00","description":"Porque na RP Industries estabelecemos logo no primeiro contacto uma rela\u00e7\u00e3o de proximidade com os clientes, poder\u00e1 agendar a visita de um dos nossos t\u00e9cnicos comerciais a sua casa.","breadcrumb":{"@id":"https:\/\/www.rppiscinas.com\/pt\/visita-comercial\/#breadcrumb"},"inLanguage":"pt-PT","potentialAction":[{"@type":"ReadAction","target":["https:\/\/www.rppiscinas.com\/pt\/visita-comercial\/"]}]},{"@type":"BreadcrumbList","@id":"https:\/\/www.rppiscinas.com\/pt\/visita-comercial\/#breadcrumb","itemListElement":[{"@type":"ListItem","position":1,"name":"Home","item":"https:\/\/www.rppiscinas.com\/pt\/"},{"@type":"ListItem","position":2,"name":"Formul\u00e1rio visita comercial"}]},{"@type":"WebSite","@id":"https:\/\/www.rppiscinas.com\/pt\/#website","url":"https:\/\/www.rppiscinas.com\/pt\/","name":"Soleo Piscinas","description":"Mais do que uma piscina","publisher":{"@id":"https:\/\/www.rppiscinas.com\/pt\/#organization"},"alternateName":"Soleo Piscinas","potentialAction":[{"@type":"SearchAction","target":{"@type":"EntryPoint","urlTemplate":"https:\/\/www.rppiscinas.com\/pt\/?s={search_term_string}"},"query-input":"required name=search_term_string"}],"inLanguage":"pt-PT"},{"@type":"Organization","@id":"https:\/\/www.rppiscinas.com\/pt\/#organization","name":"Soleo Piscinas","url":"https:\/\/www.rppiscinas.com\/pt\/","logo":{"@type":"ImageObject","inLanguage":"pt-PT","@id":"https:\/\/www.rppiscinas.com\/pt\/#\/schema\/logo\/image\/","url":"https:\/\/www.rppiscinas.com\/pt\/wp-content\/uploads\/2025\/03\/logowebsite-1.png","contentUrl":"https:\/\/www.rppiscinas.com\/pt\/wp-content\/uploads\/2025\/03\/logowebsite-1.png","width":160,"height":75,"caption":"Soleo Piscinas"},"image":{"@id":"https:\/\/www.rppiscinas.com\/pt\/#\/schema\/logo\/image\/"},"sameAs":["https:\/\/www.facebook.com\/soleopiscinas","https:\/\/www.instagram.com\/soleopiscinas\/","https:\/\/pt.pinterest.com\/soleopiscinas\/"]}]}},"_links":{"self":[{"href":"https:\/\/www.rppiscinas.com\/pt\/wp-json\/wp\/v2\/pages\/4059"}],"collection":[{"href":"https:\/\/www.rppiscinas.com\/pt\/wp-json\/wp\/v2\/pages"}],"about":[{"href":"https:\/\/www.rppiscinas.com\/pt\/wp-json\/wp\/v2\/types\/page"}],"author":[{"embeddable":true,"href":"https:\/\/www.rppiscinas.com\/pt\/wp-json\/wp\/v2\/users\/1"}],"replies":[{"embeddable":true,"href":"https:\/\/www.rppiscinas.com\/pt\/wp-json\/wp\/v2\/comments?post=4059"}],"version-history":[{"count":19,"href":"https:\/\/www.rppiscinas.com\/pt\/wp-json\/wp\/v2\/pages\/4059\/revisions"}],"predecessor-version":[{"id":21211,"href":"https:\/\/www.rppiscinas.com\/pt\/wp-json\/wp\/v2\/pages\/4059\/revisions\/21211"}],"wp:attachment":[{"href":"https:\/\/www.rppiscinas.com\/pt\/wp-json\/wp\/v2\/media?parent=4059"}],"curies":[{"name":"wp","href":"https:\/\/api.w.org\/{rel}","templated":true}]}}