{"id":3962,"date":"2014-09-06T16:12:03","date_gmt":"2014-09-06T16:12:03","guid":{"rendered":"http:\/\/rppiscinas.com\/pt\/?page_id=3962"},"modified":"2020-05-21T14:56:23","modified_gmt":"2020-05-21T14:56:23","slug":"catalogo-de-piscinas","status":"publish","type":"page","link":"https:\/\/www.rppiscinas.com\/pt\/catalogo-de-piscinas\/","title":{"rendered":"Cat\u00e1logo de Piscinas"},"content":{"rendered":"<div class=\"flex_column av_one_full  flex_column_div first  avia-builder-el-0  el_before_av_hr  avia-builder-el-first  \" ><p><div class='avia-button-wrap avia-button-left  avia-builder-el-1  el_before_av_button  avia-builder-el-first '><a href='https:\/\/www.rppiscinas.com\/pt\/piscinas-em-kit\/'  class='avia-button   avia-icon_select-no avia-color-theme-color avia-size-small avia-position-left '   ><span class='avia_iconbox_title' >Pedido de Or\u00e7amento<\/span><\/a><\/div><br \/>\n<div class='avia-button-wrap avia-button-left  avia-builder-el-2  el_after_av_button  el_before_av_button '><a href='javascript:void(0)'  class='avia-button   avia-icon_select-no avia-color-orange avia-size-small avia-position-left '   ><span class='avia_iconbox_title' >Pedido de Cat\u00e1logo<\/span><\/a><\/div><br \/>\n<div class='avia-button-wrap avia-button-left  avia-builder-el-3  el_after_av_button  el_before_av_button '><a href='https:\/\/www.rppiscinas.com\/pt\/visita-comercial\/'  class='avia-button   avia-icon_select-no avia-color-theme-color avia-size-small avia-position-left '   ><span class='avia_iconbox_title' >Visita Comercial<\/span><\/a><\/div><br \/>\n<div class='avia-button-wrap avia-button-left  avia-builder-el-4  el_after_av_button  avia-builder-el-last '><a href='https:\/\/www.rppiscinas.com\/pt\/limpeza-de-piscinas\/'  class='avia-button   avia-icon_select-no avia-color-theme-color avia-size-small avia-position-left '   ><span class='avia_iconbox_title' >Visita T\u00e9cnica<\/span><\/a><\/div><\/p><\/div>\n<div  class='hr hr-default   avia-builder-el-5  el_after_av_one_full  el_before_av_two_third '><span class='hr-inner ' ><span class='hr-inner-style'><\/span><\/span><\/div>\n<div class=\"flex_column av_two_third  flex_column_div first  avia-builder-el-6  el_after_av_hr  el_before_av_one_third  \" ><section class=\"av_textblock_section \"  itemscope=\"itemscope\" itemtype=\"https:\/\/schema.org\/CreativeWork\" ><div class='avia_textblock  '   itemprop=\"text\" ><h2><span style=\"color: #000000;\">Cat\u00e1logo de piscinas\u00a0<\/span><\/h2>\n<h3><span style=\"color: #1692de;\"><strong>Um mundo de solu\u00e7\u00f5es para piscinas<\/strong><\/span><\/h3>\n<p style=\"text-align: justify;\">No cat\u00e1logo de piscinas e equipamentos RP INDUSTRIES pode encontrar as melhores solu\u00e7\u00f5es para a constru\u00e7\u00e3o de uma piscina no seu jardim ou terra\u00e7o. As \u00faltimas novidades, fotografias das mais relevantes realiza\u00e7\u00f5es levadas a cabo pela RP INDUSTRIES em todo o mundo, equipamentos de \u00faltima gera\u00e7\u00e3o ou as mais relevantes inova\u00e7\u00f5es no setor das piscinas. Tudo pode ser consultado no cat\u00e1logo de piscinas SOLEO.<\/p>\n<\/div><\/section><\/div>\n<div class=\"flex_column av_one_third  flex_column_div av-zero-column-padding   avia-builder-el-8  el_after_av_two_third  el_before_av_hr  \" style='border-radius:0px; '><div class='avia-image-container  av-styling-    avia-builder-el-9  avia-builder-el-no-sibling   avia-align-center '  itemprop=\"image\" itemscope=\"itemscope\" itemtype=\"https:\/\/schema.org\/ImageObject\"  ><div class='avia-image-container-inner'><div class='avia-image-overlay-wrap'><img class='avia_image' src='https:\/\/www.rppiscinas.com\/pt\/wp-content\/uploads\/2020\/05\/catalogo_piscinas_soleo.jpg' alt='' title='catalogo_piscinas_soleo' height=\"418\" width=\"600\"  itemprop=\"thumbnailUrl\"  \/><\/div><\/div><\/div><\/div>\n<div  class='hr hr-default   avia-builder-el-10  el_after_av_one_third  el_before_av_textblock '><span class='hr-inner ' ><span class='hr-inner-style'><\/span><\/span><\/div>\n<section class=\"av_textblock_section \"  itemscope=\"itemscope\" itemtype=\"https:\/\/schema.org\/CreativeWork\" ><div class='avia_textblock  '   itemprop=\"text\" ><h2 style=\"text-align: center;\"><span style=\"color: #1692de;\">Cat\u00e1logo de piscinas, wellness e coberturas \u00a0<\/span><\/h2>\n<p style=\"text-align: center;\">\u00a0Na gama de cat\u00e1logos RP INDUSTRIES, poder\u00e1 obter toda a informa\u00e7\u00e3o sobre piscinas e equipamentos. O cat\u00e1logo de piscinas SOLEO d\u00e1-lhe a oportunidade de consultar fotografias de espa\u00e7os em perfeita harmonia com uma piscina RP INDUSTRIES. Ao consultar os cat\u00e1logos de Wellness ou de Coberturas para piscinas poder\u00e1 ficar a par das solu\u00e7\u00f5es de vanguarda .<\/p>\n<p style=\"text-align: center;\">.<\/p>\n<\/div><\/section>\n<div class=\"flex_column av_one_third  flex_column_div first  avia-builder-el-12  el_after_av_textblock  el_before_av_one_third  column-top-margin\" ><p><div class='avia-image-container  av-styling-    avia-builder-el-13  el_before_av_textblock  avia-builder-el-first   avia-align-center '  itemprop=\"image\" itemscope=\"itemscope\" itemtype=\"https:\/\/schema.org\/ImageObject\"  ><div class='avia-image-container-inner'><div class='avia-image-overlay-wrap'><a href='https:\/\/www.rppiscinas.com\/pt\/pedido-de-catalogo\/' class='avia_image'  ><img class='avia_image ' src='https:\/\/www.rppiscinas.com\/pt\/wp-content\/uploads\/2020\/05\/catalogo_piscinas_soleo.jpg' alt='' title='catalogo_piscinas_soleo'  itemprop=\"thumbnailUrl\"  \/><\/a><\/div><\/div><\/div><br \/>\n<section class=\"av_textblock_section \"  itemscope=\"itemscope\" itemtype=\"https:\/\/schema.org\/CreativeWork\" ><div class='avia_textblock  '   itemprop=\"text\" ><p><strong>Cat\u00e1logo de piscinas<br \/>\n<\/strong>Com mais de 52 000 piscinas em todo o mundo, a RP INDUSTRIES disponibiliza no seu cat\u00e1logo de piscinas SOLEO algumas das mais relevantes execu\u00e7\u00f5es mundiais. Saiba tudo sobre a tecnologia que permitiu \u00e0s piscinas SOLEO ser uma refer\u00eancia internacional.<\/p>\n<\/div><\/section><br \/>\n<div class='avia-button-wrap avia-button-left  avia-builder-el-15  el_after_av_textblock  avia-builder-el-last '><a href='https:\/\/www.rppiscinas.com\/pt\/pedido-de-catalogo\/'  class='avia-button   avia-icon_select-no avia-color-blue avia-size-small avia-position-left '   ><span class='avia_iconbox_title' >Solicite cat\u00e1logo<\/span><\/a><\/div><\/p><\/div>\n<div class=\"flex_column av_one_third  flex_column_div av-zero-column-padding   avia-builder-el-16  el_after_av_one_third  el_before_av_one_third  column-top-margin\" style='border-radius:0px; '><p><div class='avia-image-container  av-styling-    avia-builder-el-17  el_before_av_textblock  avia-builder-el-first   avia-align-center '  itemprop=\"image\" itemscope=\"itemscope\" itemtype=\"https:\/\/schema.org\/ImageObject\"  ><div class='avia-image-container-inner'><div class='avia-image-overlay-wrap'><a href='\/\/www.rppiscinas.com\/pt\/pedido-de-catalogo-de-wellness\/' class='avia_image'  ><img class='avia_image ' src='https:\/\/www.rppiscinas.com\/pt\/wp-content\/uploads\/2020\/05\/catalogo_welness2.jpg' alt='' title='catalogo_welness2'  itemprop=\"thumbnailUrl\"  \/><\/a><\/div><\/div><\/div><br \/>\n<section class=\"av_textblock_section \"  itemscope=\"itemscope\" itemtype=\"https:\/\/schema.org\/CreativeWork\" ><div class='avia_textblock  '   itemprop=\"text\" ><p><strong>Cat\u00e1logo de Wellness<br \/>\n<\/strong>A sa\u00fade e o bem-estar \u00e9 uma constante preocupa\u00e7\u00e3o de quem pretende usufruir de uma qualidade de vida \u00fanica. No cat\u00e1logo Wellness RP INDUSTRIES poder\u00e1 encontrar as melhores solu\u00e7\u00f5es em saunas, spas e banhos turcos.<\/p>\n<\/div><\/section><br \/>\n<div class='avia-button-wrap avia-button-left  avia-builder-el-19  el_after_av_textblock  avia-builder-el-last '><a href='\/\/www.rppiscinas.com\/pt\/pedido-de-catalogo-de-wellness\/'  class='avia-button   avia-icon_select-no avia-color-blue avia-size-small avia-position-left '   ><span class='avia_iconbox_title' >Solicite cat\u00e1logo<\/span><\/a><\/div><\/p><\/div><div class=\"flex_column av_one_third  flex_column_div av-zero-column-padding   avia-builder-el-20  el_after_av_one_third  el_before_av_hr  column-top-margin\" style='border-radius:0px; '><p><div class='avia-image-container  av-styling-    avia-builder-el-21  el_before_av_textblock  avia-builder-el-first   avia-align-center '  itemprop=\"image\" itemscope=\"itemscope\" itemtype=\"https:\/\/schema.org\/ImageObject\"  ><div class='avia-image-container-inner'><div class='avia-image-overlay-wrap'><a href=' \/\/www.rppiscinas.com\/pt\/pedido-catalogo-de-coberturas' class='avia_image'  ><img class='avia_image ' src='https:\/\/www.rppiscinas.com\/pt\/wp-content\/uploads\/2020\/05\/catalogo_coberturas.jpg' alt='' title='catalogo_coberturas'  itemprop=\"thumbnailUrl\"  \/><\/a><\/div><\/div><\/div><br \/>\n<section class=\"av_textblock_section \"  itemscope=\"itemscope\" itemtype=\"https:\/\/schema.org\/CreativeWork\" ><div class='avia_textblock  '   itemprop=\"text\" ><p><strong>Cat\u00e1logo de Coberturas<br \/>\n<\/strong>SOLEO disponibiliza uma gama completa de coberturas para piscinas. Capazes de dotar a sua piscina com o m\u00e1ximo de seguran\u00e7a, a gama de coberturas SOLEO oferece, ainda, est\u00e9tica de excel\u00eancia e poupan\u00e7as surpreendentes.<\/p>\n<\/div><\/section><br \/>\n<div class='avia-button-wrap avia-button-left  avia-builder-el-23  el_after_av_textblock  avia-builder-el-last '><a href=' \/\/www.rppiscinas.com\/pt\/pedido-catalogo-de-coberturas'  class='avia-button   avia-icon_select-no avia-color-blue avia-size-small avia-position-left '   ><span class='avia_iconbox_title' >Solicite cat\u00e1logo<\/span><\/a><\/div><\/p><\/div><div  class='hr hr-default   avia-builder-el-24  el_after_av_one_third  avia-builder-el-last '><span class='hr-inner ' ><span class='hr-inner-style'><\/span><\/span><\/div><\/p>\n","protected":false},"excerpt":{"rendered":"","protected":false},"author":1,"featured_media":0,"parent":0,"menu_order":0,"comment_status":"open","ping_status":"open","template":"","meta":[],"yoast_head":"<!-- This site is optimized with the Yoast SEO plugin v20.3 - https:\/\/yoast.com\/wordpress\/plugins\/seo\/ -->\n<title>Cat\u00e1logo de Piscinas, Wellness e Coberturas SOLEO RP INDUSTRIES<\/title>\n<meta name=\"description\" content=\"Cat\u00e1logo de piscinas e equipamentos SOLEO onde poder\u00e1 ter acesso a solu\u00e7\u00f5es de excel\u00eancia para a realiza\u00e7\u00e3o de uma piscina no seu terra\u00e7o ou jardim.\" \/>\n<meta name=\"robots\" content=\"index, follow, max-snippet:-1, max-image-preview:large, max-video-preview:-1\" \/>\n<link rel=\"canonical\" href=\"https:\/\/www.rppiscinas.com\/pt\/catalogo-de-piscinas\/\" \/>\n<meta property=\"og:locale\" content=\"pt_PT\" \/>\n<meta property=\"og:type\" content=\"article\" \/>\n<meta property=\"og:title\" content=\"Cat\u00e1logo de Piscinas, Wellness e Coberturas SOLEO RP INDUSTRIES\" \/>\n<meta property=\"og:description\" content=\"Cat\u00e1logo de piscinas e equipamentos SOLEO onde poder\u00e1 ter acesso a solu\u00e7\u00f5es de excel\u00eancia para a realiza\u00e7\u00e3o de uma piscina no seu terra\u00e7o ou jardim.\" \/>\n<meta property=\"og:url\" content=\"https:\/\/www.rppiscinas.com\/pt\/catalogo-de-piscinas\/\" \/>\n<meta property=\"og:site_name\" content=\"Soleo Piscinas\" \/>\n<meta property=\"article:publisher\" content=\"https:\/\/www.facebook.com\/soleopiscinas\" \/>\n<meta property=\"article:modified_time\" content=\"2020-05-21T14:56:23+00:00\" \/>\n<meta property=\"og:image\" content=\"https:\/\/www.rppiscinas.com\/pt\/wp-content\/uploads\/2018\/06\/piscina1.jpg\" \/>\n\t<meta property=\"og:image:width\" content=\"1200\" \/>\n\t<meta property=\"og:image:height\" content=\"603\" \/>\n\t<meta property=\"og:image:type\" content=\"image\/jpeg\" \/>\n<meta name=\"twitter:label1\" content=\"Tempo estimado de leitura\" \/>\n\t<meta name=\"twitter:data1\" content=\"6 minutos\" \/>\n<script type=\"application\/ld+json\" class=\"yoast-schema-graph\">{\"@context\":\"https:\/\/schema.org\",\"@graph\":[{\"@type\":\"WebPage\",\"@id\":\"https:\/\/www.rppiscinas.com\/pt\/catalogo-de-piscinas\/\",\"url\":\"https:\/\/www.rppiscinas.com\/pt\/catalogo-de-piscinas\/\",\"name\":\"Cat\u00e1logo de Piscinas, Wellness e Coberturas SOLEO RP INDUSTRIES\",\"isPartOf\":{\"@id\":\"https:\/\/www.rppiscinas.com\/pt\/#website\"},\"datePublished\":\"2014-09-06T16:12:03+00:00\",\"dateModified\":\"2020-05-21T14:56:23+00:00\",\"description\":\"Cat\u00e1logo de piscinas e equipamentos SOLEO onde poder\u00e1 ter acesso a solu\u00e7\u00f5es de excel\u00eancia para a realiza\u00e7\u00e3o de uma piscina no seu terra\u00e7o ou jardim.\",\"breadcrumb\":{\"@id\":\"https:\/\/www.rppiscinas.com\/pt\/catalogo-de-piscinas\/#breadcrumb\"},\"inLanguage\":\"pt-PT\",\"potentialAction\":[{\"@type\":\"ReadAction\",\"target\":[\"https:\/\/www.rppiscinas.com\/pt\/catalogo-de-piscinas\/\"]}]},{\"@type\":\"BreadcrumbList\",\"@id\":\"https:\/\/www.rppiscinas.com\/pt\/catalogo-de-piscinas\/#breadcrumb\",\"itemListElement\":[{\"@type\":\"ListItem\",\"position\":1,\"name\":\"Home\",\"item\":\"https:\/\/www.rppiscinas.com\/pt\/\"},{\"@type\":\"ListItem\",\"position\":2,\"name\":\"Cat\u00e1logo de Piscinas\"}]},{\"@type\":\"WebSite\",\"@id\":\"https:\/\/www.rppiscinas.com\/pt\/#website\",\"url\":\"https:\/\/www.rppiscinas.com\/pt\/\",\"name\":\"Soleo Piscinas\",\"description\":\"Mais do que uma piscina\",\"publisher\":{\"@id\":\"https:\/\/www.rppiscinas.com\/pt\/#organization\"},\"alternateName\":\"Soleo Piscinas\",\"potentialAction\":[{\"@type\":\"SearchAction\",\"target\":{\"@type\":\"EntryPoint\",\"urlTemplate\":\"https:\/\/www.rppiscinas.com\/pt\/?s={search_term_string}\"},\"query-input\":\"required name=search_term_string\"}],\"inLanguage\":\"pt-PT\"},{\"@type\":\"Organization\",\"@id\":\"https:\/\/www.rppiscinas.com\/pt\/#organization\",\"name\":\"Soleo Piscinas\",\"url\":\"https:\/\/www.rppiscinas.com\/pt\/\",\"logo\":{\"@type\":\"ImageObject\",\"inLanguage\":\"pt-PT\",\"@id\":\"https:\/\/www.rppiscinas.com\/pt\/#\/schema\/logo\/image\/\",\"url\":\"https:\/\/www.rppiscinas.com\/pt\/wp-content\/uploads\/2025\/03\/logowebsite-1.png\",\"contentUrl\":\"https:\/\/www.rppiscinas.com\/pt\/wp-content\/uploads\/2025\/03\/logowebsite-1.png\",\"width\":160,\"height\":75,\"caption\":\"Soleo Piscinas\"},\"image\":{\"@id\":\"https:\/\/www.rppiscinas.com\/pt\/#\/schema\/logo\/image\/\"},\"sameAs\":[\"https:\/\/www.facebook.com\/soleopiscinas\",\"https:\/\/www.instagram.com\/soleopiscinas\/\",\"https:\/\/pt.pinterest.com\/soleopiscinas\/\"]}]}<\/script>\n<!-- \/ Yoast SEO plugin. -->","yoast_head_json":{"title":"Cat\u00e1logo de Piscinas, Wellness e Coberturas SOLEO RP INDUSTRIES","description":"Cat\u00e1logo de piscinas e equipamentos SOLEO onde poder\u00e1 ter acesso a solu\u00e7\u00f5es de excel\u00eancia para a realiza\u00e7\u00e3o de uma piscina no seu terra\u00e7o ou jardim.","robots":{"index":"index","follow":"follow","max-snippet":"max-snippet:-1","max-image-preview":"max-image-preview:large","max-video-preview":"max-video-preview:-1"},"canonical":"https:\/\/www.rppiscinas.com\/pt\/catalogo-de-piscinas\/","og_locale":"pt_PT","og_type":"article","og_title":"Cat\u00e1logo de Piscinas, Wellness e Coberturas SOLEO RP INDUSTRIES","og_description":"Cat\u00e1logo de piscinas e equipamentos SOLEO onde poder\u00e1 ter acesso a solu\u00e7\u00f5es de excel\u00eancia para a realiza\u00e7\u00e3o de uma piscina no seu terra\u00e7o ou jardim.","og_url":"https:\/\/www.rppiscinas.com\/pt\/catalogo-de-piscinas\/","og_site_name":"Soleo Piscinas","article_publisher":"https:\/\/www.facebook.com\/soleopiscinas","article_modified_time":"2020-05-21T14:56:23+00:00","og_image":[{"width":1200,"height":603,"url":"https:\/\/www.rppiscinas.com\/pt\/wp-content\/uploads\/2018\/06\/piscina1.jpg","type":"image\/jpeg"}],"twitter_misc":{"Tempo estimado de leitura":"6 minutos"},"schema":{"@context":"https:\/\/schema.org","@graph":[{"@type":"WebPage","@id":"https:\/\/www.rppiscinas.com\/pt\/catalogo-de-piscinas\/","url":"https:\/\/www.rppiscinas.com\/pt\/catalogo-de-piscinas\/","name":"Cat\u00e1logo de Piscinas, Wellness e Coberturas SOLEO RP INDUSTRIES","isPartOf":{"@id":"https:\/\/www.rppiscinas.com\/pt\/#website"},"datePublished":"2014-09-06T16:12:03+00:00","dateModified":"2020-05-21T14:56:23+00:00","description":"Cat\u00e1logo de piscinas e equipamentos SOLEO onde poder\u00e1 ter acesso a solu\u00e7\u00f5es de excel\u00eancia para a realiza\u00e7\u00e3o de uma piscina no seu terra\u00e7o ou jardim.","breadcrumb":{"@id":"https:\/\/www.rppiscinas.com\/pt\/catalogo-de-piscinas\/#breadcrumb"},"inLanguage":"pt-PT","potentialAction":[{"@type":"ReadAction","target":["https:\/\/www.rppiscinas.com\/pt\/catalogo-de-piscinas\/"]}]},{"@type":"BreadcrumbList","@id":"https:\/\/www.rppiscinas.com\/pt\/catalogo-de-piscinas\/#breadcrumb","itemListElement":[{"@type":"ListItem","position":1,"name":"Home","item":"https:\/\/www.rppiscinas.com\/pt\/"},{"@type":"ListItem","position":2,"name":"Cat\u00e1logo de Piscinas"}]},{"@type":"WebSite","@id":"https:\/\/www.rppiscinas.com\/pt\/#website","url":"https:\/\/www.rppiscinas.com\/pt\/","name":"Soleo Piscinas","description":"Mais do que uma piscina","publisher":{"@id":"https:\/\/www.rppiscinas.com\/pt\/#organization"},"alternateName":"Soleo Piscinas","potentialAction":[{"@type":"SearchAction","target":{"@type":"EntryPoint","urlTemplate":"https:\/\/www.rppiscinas.com\/pt\/?s={search_term_string}"},"query-input":"required name=search_term_string"}],"inLanguage":"pt-PT"},{"@type":"Organization","@id":"https:\/\/www.rppiscinas.com\/pt\/#organization","name":"Soleo Piscinas","url":"https:\/\/www.rppiscinas.com\/pt\/","logo":{"@type":"ImageObject","inLanguage":"pt-PT","@id":"https:\/\/www.rppiscinas.com\/pt\/#\/schema\/logo\/image\/","url":"https:\/\/www.rppiscinas.com\/pt\/wp-content\/uploads\/2025\/03\/logowebsite-1.png","contentUrl":"https:\/\/www.rppiscinas.com\/pt\/wp-content\/uploads\/2025\/03\/logowebsite-1.png","width":160,"height":75,"caption":"Soleo Piscinas"},"image":{"@id":"https:\/\/www.rppiscinas.com\/pt\/#\/schema\/logo\/image\/"},"sameAs":["https:\/\/www.facebook.com\/soleopiscinas","https:\/\/www.instagram.com\/soleopiscinas\/","https:\/\/pt.pinterest.com\/soleopiscinas\/"]}]}},"_links":{"self":[{"href":"https:\/\/www.rppiscinas.com\/pt\/wp-json\/wp\/v2\/pages\/3962"}],"collection":[{"href":"https:\/\/www.rppiscinas.com\/pt\/wp-json\/wp\/v2\/pages"}],"about":[{"href":"https:\/\/www.rppiscinas.com\/pt\/wp-json\/wp\/v2\/types\/page"}],"author":[{"embeddable":true,"href":"https:\/\/www.rppiscinas.com\/pt\/wp-json\/wp\/v2\/users\/1"}],"replies":[{"embeddable":true,"href":"https:\/\/www.rppiscinas.com\/pt\/wp-json\/wp\/v2\/comments?post=3962"}],"version-history":[{"count":23,"href":"https:\/\/www.rppiscinas.com\/pt\/wp-json\/wp\/v2\/pages\/3962\/revisions"}],"predecessor-version":[{"id":21208,"href":"https:\/\/www.rppiscinas.com\/pt\/wp-json\/wp\/v2\/pages\/3962\/revisions\/21208"}],"wp:attachment":[{"href":"https:\/\/www.rppiscinas.com\/pt\/wp-json\/wp\/v2\/media?parent=3962"}],"curies":[{"name":"wp","href":"https:\/\/api.w.org\/{rel}","templated":true}]}}