{"id":3937,"date":"2014-09-06T11:28:26","date_gmt":"2014-09-06T11:28:26","guid":{"rendered":"http:\/\/rppiscinas.com\/pt\/?page_id=3937"},"modified":"2025-03-06T15:59:08","modified_gmt":"2025-03-06T15:59:08","slug":"informacoes-precos-de-piscinas","status":"publish","type":"page","link":"https:\/\/www.rppiscinas.com\/pt\/informacoes-precos-de-piscinas\/","title":{"rendered":"Informa\u00e7\u00f5es"},"content":{"rendered":"<div class=\"flex_column av_one_full  flex_column_div first  avia-builder-el-0  el_before_av_hr  avia-builder-el-first  \" ><p><div class='avia-button-wrap avia-button-left  avia-builder-el-1  el_before_av_button  avia-builder-el-first  '><a href='https:\/\/www.rppiscinas.com\/pt\/homepage\/orcamento-piscina\/'  class='avia-button   avia-icon_select-no avia-color-theme-color avia-size-small avia-position-left '   ><span class='avia_iconbox_title' >Pedido de Or\u00e7amento<\/span><\/a><\/div><br \/>\n<div class='avia-button-wrap avia-button-left  avia-builder-el-2  el_after_av_button  el_before_av_button '><a href='https:\/\/www.rppiscinas.com\/pt\/catalogo-de-piscinas\/'  class='avia-button   avia-icon_select-no avia-color-theme-color avia-size-small avia-position-left '   ><span class='avia_iconbox_title' >Pedido de Cat\u00e1logo<\/span><\/a><\/div><br \/>\n<div class='avia-button-wrap avia-button-left  avia-builder-el-3  el_after_av_button  el_before_av_button '><a href='\/\/www.rppiscinas.com\/pt\/visita-comercial\/'  class='avia-button   avia-icon_select-no avia-color-theme-color avia-size-small avia-position-left '   ><span class='avia_iconbox_title' >Visita Comercial<\/span><\/a><\/div><br \/>\n<div class='avia-button-wrap avia-button-left  avia-builder-el-4  el_after_av_button  avia-builder-el-last '><a href='\/\/www.rppiscinas.com\/pt\/limpeza-de-piscinas\/'  class='avia-button   avia-icon_select-no avia-color-theme-color avia-size-small avia-position-left '   ><span class='avia_iconbox_title' >Visita T\u00e9cnica<\/span><\/a><\/div><\/p><\/div><div  class='hr hr-default   avia-builder-el-5  el_after_av_one_full  el_before_av_one_full '><span class='hr-inner ' ><span class='hr-inner-style'><\/span><\/span><\/div><\/p>\n<div class=\"flex_column av_one_full  flex_column_div first  avia-builder-el-6  el_after_av_hr  el_before_av_hr  \" ><section class=\"av_textblock_section \"  itemscope=\"itemscope\" itemtype=\"https:\/\/schema.org\/CreativeWork\" ><div class='avia_textblock  '   itemprop=\"text\" ><h2><span style=\"color: #000000;\">Tudo sobre pre\u00e7os de piscinas&#8230;\u00a0<\/span><\/h2>\n<h3><span style=\"color: #1692de;\"><strong>Solicite j\u00e1 o seu or\u00e7amento, o seu cat\u00e1logo ou agende uma visita comercial<\/strong><\/span><\/h3>\n<div>\n<div>SOLEO\u00a0disponibiliza-lhe\u00a0toda a informa\u00e7\u00e3o necess\u00e1ria sobre os seus produtos,\u00a0pre\u00e7os de piscinas e equipamentos. Nesta \u00e1rea pode efetuar o seu\u00a0pedido de or\u00e7amento e assim ter acesso privilegiado aos pre\u00e7os\u00a0de piscinas da gama SOLEO. Solicite, ainda, o seu cat\u00e1logo e fique a conhecer a excel\u00eancia da empresa e a raz\u00e3o pela qual \u00e9 na atualidade uma das principais refer\u00eancias mundiais na instala\u00e7\u00e3o de piscinas. Se o seu projeto se encontra em andamento, ou pretende instalar uma piscina na sua atual moradia solicite a uma visita comercial e receba os conselhos dos nossos t\u00e9cnicos comerciais que o ajudar\u00e3o a encontrar a melhor solu\u00e7\u00e3o para o seu caso.<\/div>\n<div>No caso da piscina j\u00e1 fazer parte da sua vida, \u00e9 normal que necessite de apoio em alguns dos procedimentos a realizar na sua manuten\u00e7\u00e3o. Com mais de duas d\u00e9cadas de experi\u00eancia, quem melhor do que a RP INDUSTRIES para o ajudar nessas quest\u00f5es. Deixe tudo nas m\u00e3os dos profissionais RP INDUSTRIES e pe\u00e7a a visita de uma equipa t\u00e9cnica associada ao servi\u00e7o pretendido.<\/div>\n<div><\/div>\n<div><\/div>\n<\/div>\n<\/div><\/section><\/div>\n<div  class='hr hr-default   avia-builder-el-8  el_after_av_one_full  el_before_av_one_fourth '><span class='hr-inner ' ><span class='hr-inner-style'><\/span><\/span><\/div>\n<div class=\"flex_column av_one_fourth  flex_column_div first  avia-builder-el-9  el_after_av_hr  el_before_av_one_fourth  \" ><p><div class='avia-image-container  av-styling-    avia-builder-el-10  el_before_av_textblock  avia-builder-el-first  avia-align-center '  itemprop=\"image\" itemscope=\"itemscope\" itemtype=\"https:\/\/schema.org\/ImageObject\"  ><div class='avia-image-container-inner'><div class='avia-image-overlay-wrap'><a href='https:\/\/www.rppiscinas.com\/pt\/piscinas-em-kit\/' class='avia_image'  ><img class='avia_image ' src='\/\/www.rppiscinas.com\/pt\/wp-content\/uploads\/2014\/09\/precos_de_piscinas_RP_orcamento-300x209.jpg' alt='pre\u00e7os de piscinas RP - Or\u00e7amento' title='pre\u00e7os de piscinas RP - Or\u00e7amento'  itemprop=\"thumbnailUrl\"  \/><\/a><\/div><\/div><\/div><br \/>\n<section class=\"av_textblock_section \"  itemscope=\"itemscope\" itemtype=\"https:\/\/schema.org\/CreativeWork\" ><div class='avia_textblock  '   itemprop=\"text\" ><h4>Or\u00e7amento de piscina<\/h4>\n<p><span style=\"line-height: 1.5em;\">Comece por solicitar o or\u00e7amento para a solu\u00e7\u00e3o do projeto com que sempre sonhou e obtenha os pre\u00e7os de piscinas que melhor respondam \u00e0 resolu\u00e7\u00e3o do seu projeto. Com a nossa experi\u00eancia saberemos dar forma ao seu sonho.<\/span><\/p>\n<\/div><\/section><br \/>\n<div class='avia-button-wrap avia-button-left  avia-builder-el-12  el_after_av_textblock  avia-builder-el-last '><a href='https:\/\/www.rppiscinas.com\/pt\/piscinas-em-kit\/'  class='avia-button   avia-icon_select-no avia-color-blue avia-size-small avia-position-left '   ><span class='avia_iconbox_title' >Saiba mais<\/span><\/a><\/div><\/p><\/div>\n<div class=\"flex_column av_one_fourth  flex_column_div av-zero-column-padding   avia-builder-el-13  el_after_av_one_fourth  el_before_av_one_fourth  \" style='border-radius:0px; '><p><div class='avia-image-container  av-styling-    avia-builder-el-14  el_before_av_textblock  avia-builder-el-first  avia-align-center '  itemprop=\"image\" itemscope=\"itemscope\" itemtype=\"https:\/\/schema.org\/ImageObject\"  ><div class='avia-image-container-inner'><div class='avia-image-overlay-wrap'><a href='https:\/\/www.rppiscinas.com\/pt\/catalogo-de-piscinas\/' class='avia_image'  ><img class='avia_image ' src='\/\/www.rppiscinas.com\/pt\/wp-content\/uploads\/2014\/09\/precos_de_piscinas_RP_catalogos-300x209.jpg' alt='pre\u00e7os de piscinas RP - cat\u00e1logo' title='pre\u00e7os de piscinas RP - cat\u00e1logo'  itemprop=\"thumbnailUrl\"  \/><\/a><\/div><\/div><\/div><br \/>\n<section class=\"av_textblock_section \"  itemscope=\"itemscope\" itemtype=\"https:\/\/schema.org\/CreativeWork\" ><div class='avia_textblock  '   itemprop=\"text\" ><h4>Cat\u00e1logos RP INDUSTRIES<\/h4>\n<p>Com um conjunto de solu\u00e7\u00f5es para piscinas, a RP INDUSTRIES disponibiliza os seus cat\u00e1logos de piscinas, coberturas e wellness.\u00a0Descubra toda a excel\u00eancia\u00a0da gama associada ao equil\u00edbrio dos pre\u00e7os de piscinas.<\/p>\n<\/div><\/section><br \/>\n<div class='avia-button-wrap avia-button-left  avia-builder-el-16  el_after_av_textblock  avia-builder-el-last '><a href='https:\/\/www.rppiscinas.com\/pt\/catalogo-de-piscinas\/'  class='avia-button   avia-icon_select-no avia-color-blue avia-size-small avia-position-left '   ><span class='avia_iconbox_title' >Saiba mais<\/span><\/a><\/div><\/p><\/div>\n<div class=\"flex_column av_one_fourth  flex_column_div av-zero-column-padding   avia-builder-el-17  el_after_av_one_fourth  el_before_av_one_fourth  \" style='border-radius:0px; '><p><div class='avia-image-container  av-styling-    avia-builder-el-18  el_before_av_textblock  avia-builder-el-first  avia-align-center '  itemprop=\"image\" itemscope=\"itemscope\" itemtype=\"https:\/\/schema.org\/ImageObject\"  ><div class='avia-image-container-inner'><div class='avia-image-overlay-wrap'><a href='\/\/www.rppiscinas.com\/pt\/visita-comercial\/' class='avia_image'  ><img class='avia_image ' src='\/\/www.rppiscinas.com\/pt\/wp-content\/uploads\/2014\/09\/precos_de_piscinas_RP_comercial-300x209.jpg' alt='Pre\u00e7os de piscinas RP Comercial' title='pre\u00e7os de piscinas RP Comercial'  itemprop=\"thumbnailUrl\"  \/><\/a><\/div><\/div><\/div><br \/>\n<section class=\"av_textblock_section \"  itemscope=\"itemscope\" itemtype=\"https:\/\/schema.org\/CreativeWork\" ><div class='avia_textblock  '   itemprop=\"text\" ><h4>Visita Comercial<\/h4>\n<p>Se o projeto da sua piscina \u00e9 uma realidade pr\u00f3xima, mas ainda lhe restam alguma d\u00favidas que gostaria de ver esclarecidas, n\u00e3o hesite em solicitar a presen\u00e7a de um t\u00e9cnico comercial RP INDUSTRIES junto do local de instala\u00e7\u00e3o.<\/p>\n<\/div><\/section><br \/>\n<div class='avia-button-wrap avia-button-left  avia-builder-el-20  el_after_av_textblock  avia-builder-el-last '><a href='\/\/www.rppiscinas.com\/pt\/visita-comercial\/'  class='avia-button   avia-icon_select-no avia-color-blue avia-size-small avia-position-left '   ><span class='avia_iconbox_title' >Saiba mais<\/span><\/a><\/div><\/p><\/div>\n<div class=\"flex_column av_one_fourth  flex_column_div av-zero-column-padding   avia-builder-el-21  el_after_av_one_fourth  avia-builder-el-last  \" style='border-radius:0px; '><p><div class='avia-image-container  av-styling-    avia-builder-el-22  el_before_av_textblock  avia-builder-el-first  avia-align-center '  itemprop=\"image\" itemscope=\"itemscope\" itemtype=\"https:\/\/schema.org\/ImageObject\"  ><div class='avia-image-container-inner'><div class='avia-image-overlay-wrap'><a href='\/\/www.rppiscinas.com\/pt\/limpeza-de-piscinas\/' class='avia_image'  ><img class='avia_image ' src='\/\/www.rppiscinas.com\/pt\/wp-content\/uploads\/2014\/09\/piscinas-soleo-rp-equipas-tecnicas.jpg' alt='Piscinas SOLEO Equipas' title='Piscinas SOLEO RP'  itemprop=\"thumbnailUrl\"  \/><\/a><\/div><\/div><\/div><br \/>\n<section class=\"av_textblock_section \"  itemscope=\"itemscope\" itemtype=\"https:\/\/schema.org\/CreativeWork\" ><div class='avia_textblock  '   itemprop=\"text\" ><h4>Visita T\u00e9cnica<\/h4>\n<p>Os procedimentos de manuten\u00e7\u00e3o da sua piscina s\u00e3o extremamente importantes para o seu perfeito funcionamento ao longo dos anos. A RP INDUSTRIES conta com a experi\u00eancia de mais de 20 anos para o ajudar nesta tarefa.<\/p>\n<\/div><\/section><br \/>\n<div class='avia-button-wrap avia-button-left  avia-builder-el-24  el_after_av_textblock  avia-builder-el-last '><a href='\/\/www.rppiscinas.com\/pt\/limpeza-de-piscinas\/'  class='avia-button   avia-icon_select-no avia-color-blue avia-size-small avia-position-left '   ><span class='avia_iconbox_title' >Saiba mais<\/span><\/a><\/div><\/p><\/div>\n","protected":false},"excerpt":{"rendered":"","protected":false},"author":1,"featured_media":0,"parent":0,"menu_order":0,"comment_status":"open","ping_status":"open","template":"","meta":[],"yoast_head":"<!-- This site is optimized with the Yoast SEO plugin v20.3 - https:\/\/yoast.com\/wordpress\/plugins\/seo\/ -->\n<title>Pre\u00e7os de Piscinas SOLEO RP Industries - Cat\u00e1logos e Or\u00e7amentos<\/title>\n<meta name=\"description\" content=\"Pre\u00e7os de piscinas SOLEO com acesso privilegiado atrav\u00e9s do pedido de or\u00e7amento ou de cat\u00e1logo da sua piscina SOLEO RP Industries.\" \/>\n<meta name=\"robots\" content=\"index, follow, max-snippet:-1, max-image-preview:large, max-video-preview:-1\" \/>\n<link rel=\"canonical\" href=\"https:\/\/www.rppiscinas.com\/pt\/informacoes-precos-de-piscinas\/\" \/>\n<meta property=\"og:locale\" content=\"pt_PT\" \/>\n<meta property=\"og:type\" content=\"article\" \/>\n<meta property=\"og:title\" content=\"Pre\u00e7os de Piscinas SOLEO RP Industries - Cat\u00e1logos e Or\u00e7amentos\" \/>\n<meta property=\"og:description\" content=\"Pre\u00e7os de piscinas SOLEO com acesso privilegiado atrav\u00e9s do pedido de or\u00e7amento ou de cat\u00e1logo da sua piscina SOLEO RP Industries.\" \/>\n<meta property=\"og:url\" content=\"https:\/\/www.rppiscinas.com\/pt\/informacoes-precos-de-piscinas\/\" \/>\n<meta property=\"og:site_name\" content=\"Soleo Piscinas\" \/>\n<meta property=\"article:publisher\" content=\"https:\/\/www.facebook.com\/soleopiscinas\" \/>\n<meta property=\"article:modified_time\" content=\"2025-03-06T15:59:08+00:00\" \/>\n<meta property=\"og:image\" content=\"https:\/\/www.rppiscinas.com\/pt\/wp-content\/uploads\/2018\/06\/piscina1.jpg\" \/>\n\t<meta property=\"og:image:width\" content=\"1200\" \/>\n\t<meta property=\"og:image:height\" content=\"603\" \/>\n\t<meta property=\"og:image:type\" content=\"image\/jpeg\" \/>\n<meta name=\"twitter:label1\" content=\"Tempo estimado de leitura\" \/>\n\t<meta name=\"twitter:data1\" content=\"4 minutos\" \/>\n<script type=\"application\/ld+json\" class=\"yoast-schema-graph\">{\"@context\":\"https:\/\/schema.org\",\"@graph\":[{\"@type\":\"WebPage\",\"@id\":\"https:\/\/www.rppiscinas.com\/pt\/informacoes-precos-de-piscinas\/\",\"url\":\"https:\/\/www.rppiscinas.com\/pt\/informacoes-precos-de-piscinas\/\",\"name\":\"Pre\u00e7os de Piscinas SOLEO RP Industries - Cat\u00e1logos e Or\u00e7amentos\",\"isPartOf\":{\"@id\":\"https:\/\/www.rppiscinas.com\/pt\/#website\"},\"datePublished\":\"2014-09-06T11:28:26+00:00\",\"dateModified\":\"2025-03-06T15:59:08+00:00\",\"description\":\"Pre\u00e7os de piscinas SOLEO com acesso privilegiado atrav\u00e9s do pedido de or\u00e7amento ou de cat\u00e1logo da sua piscina SOLEO RP Industries.\",\"breadcrumb\":{\"@id\":\"https:\/\/www.rppiscinas.com\/pt\/informacoes-precos-de-piscinas\/#breadcrumb\"},\"inLanguage\":\"pt-PT\",\"potentialAction\":[{\"@type\":\"ReadAction\",\"target\":[\"https:\/\/www.rppiscinas.com\/pt\/informacoes-precos-de-piscinas\/\"]}]},{\"@type\":\"BreadcrumbList\",\"@id\":\"https:\/\/www.rppiscinas.com\/pt\/informacoes-precos-de-piscinas\/#breadcrumb\",\"itemListElement\":[{\"@type\":\"ListItem\",\"position\":1,\"name\":\"Home\",\"item\":\"https:\/\/www.rppiscinas.com\/pt\/\"},{\"@type\":\"ListItem\",\"position\":2,\"name\":\"Informa\u00e7\u00f5es\"}]},{\"@type\":\"WebSite\",\"@id\":\"https:\/\/www.rppiscinas.com\/pt\/#website\",\"url\":\"https:\/\/www.rppiscinas.com\/pt\/\",\"name\":\"Soleo Piscinas\",\"description\":\"Mais do que uma piscina\",\"publisher\":{\"@id\":\"https:\/\/www.rppiscinas.com\/pt\/#organization\"},\"alternateName\":\"Soleo Piscinas\",\"potentialAction\":[{\"@type\":\"SearchAction\",\"target\":{\"@type\":\"EntryPoint\",\"urlTemplate\":\"https:\/\/www.rppiscinas.com\/pt\/?s={search_term_string}\"},\"query-input\":\"required name=search_term_string\"}],\"inLanguage\":\"pt-PT\"},{\"@type\":\"Organization\",\"@id\":\"https:\/\/www.rppiscinas.com\/pt\/#organization\",\"name\":\"Soleo Piscinas\",\"url\":\"https:\/\/www.rppiscinas.com\/pt\/\",\"logo\":{\"@type\":\"ImageObject\",\"inLanguage\":\"pt-PT\",\"@id\":\"https:\/\/www.rppiscinas.com\/pt\/#\/schema\/logo\/image\/\",\"url\":\"https:\/\/www.rppiscinas.com\/pt\/wp-content\/uploads\/2025\/03\/logowebsite-1.png\",\"contentUrl\":\"https:\/\/www.rppiscinas.com\/pt\/wp-content\/uploads\/2025\/03\/logowebsite-1.png\",\"width\":160,\"height\":75,\"caption\":\"Soleo Piscinas\"},\"image\":{\"@id\":\"https:\/\/www.rppiscinas.com\/pt\/#\/schema\/logo\/image\/\"},\"sameAs\":[\"https:\/\/www.facebook.com\/soleopiscinas\",\"https:\/\/www.instagram.com\/soleopiscinas\/\",\"https:\/\/pt.pinterest.com\/soleopiscinas\/\"]}]}<\/script>\n<!-- \/ Yoast SEO plugin. -->","yoast_head_json":{"title":"Pre\u00e7os de Piscinas SOLEO RP Industries - Cat\u00e1logos e Or\u00e7amentos","description":"Pre\u00e7os de piscinas SOLEO com acesso privilegiado atrav\u00e9s do pedido de or\u00e7amento ou de cat\u00e1logo da sua piscina SOLEO RP Industries.","robots":{"index":"index","follow":"follow","max-snippet":"max-snippet:-1","max-image-preview":"max-image-preview:large","max-video-preview":"max-video-preview:-1"},"canonical":"https:\/\/www.rppiscinas.com\/pt\/informacoes-precos-de-piscinas\/","og_locale":"pt_PT","og_type":"article","og_title":"Pre\u00e7os de Piscinas SOLEO RP Industries - Cat\u00e1logos e Or\u00e7amentos","og_description":"Pre\u00e7os de piscinas SOLEO com acesso privilegiado atrav\u00e9s do pedido de or\u00e7amento ou de cat\u00e1logo da sua piscina SOLEO RP Industries.","og_url":"https:\/\/www.rppiscinas.com\/pt\/informacoes-precos-de-piscinas\/","og_site_name":"Soleo Piscinas","article_publisher":"https:\/\/www.facebook.com\/soleopiscinas","article_modified_time":"2025-03-06T15:59:08+00:00","og_image":[{"width":1200,"height":603,"url":"https:\/\/www.rppiscinas.com\/pt\/wp-content\/uploads\/2018\/06\/piscina1.jpg","type":"image\/jpeg"}],"twitter_misc":{"Tempo estimado de leitura":"4 minutos"},"schema":{"@context":"https:\/\/schema.org","@graph":[{"@type":"WebPage","@id":"https:\/\/www.rppiscinas.com\/pt\/informacoes-precos-de-piscinas\/","url":"https:\/\/www.rppiscinas.com\/pt\/informacoes-precos-de-piscinas\/","name":"Pre\u00e7os de Piscinas SOLEO RP Industries - Cat\u00e1logos e Or\u00e7amentos","isPartOf":{"@id":"https:\/\/www.rppiscinas.com\/pt\/#website"},"datePublished":"2014-09-06T11:28:26+00:00","dateModified":"2025-03-06T15:59:08+00:00","description":"Pre\u00e7os de piscinas SOLEO com acesso privilegiado atrav\u00e9s do pedido de or\u00e7amento ou de cat\u00e1logo da sua piscina SOLEO RP Industries.","breadcrumb":{"@id":"https:\/\/www.rppiscinas.com\/pt\/informacoes-precos-de-piscinas\/#breadcrumb"},"inLanguage":"pt-PT","potentialAction":[{"@type":"ReadAction","target":["https:\/\/www.rppiscinas.com\/pt\/informacoes-precos-de-piscinas\/"]}]},{"@type":"BreadcrumbList","@id":"https:\/\/www.rppiscinas.com\/pt\/informacoes-precos-de-piscinas\/#breadcrumb","itemListElement":[{"@type":"ListItem","position":1,"name":"Home","item":"https:\/\/www.rppiscinas.com\/pt\/"},{"@type":"ListItem","position":2,"name":"Informa\u00e7\u00f5es"}]},{"@type":"WebSite","@id":"https:\/\/www.rppiscinas.com\/pt\/#website","url":"https:\/\/www.rppiscinas.com\/pt\/","name":"Soleo Piscinas","description":"Mais do que uma piscina","publisher":{"@id":"https:\/\/www.rppiscinas.com\/pt\/#organization"},"alternateName":"Soleo Piscinas","potentialAction":[{"@type":"SearchAction","target":{"@type":"EntryPoint","urlTemplate":"https:\/\/www.rppiscinas.com\/pt\/?s={search_term_string}"},"query-input":"required name=search_term_string"}],"inLanguage":"pt-PT"},{"@type":"Organization","@id":"https:\/\/www.rppiscinas.com\/pt\/#organization","name":"Soleo Piscinas","url":"https:\/\/www.rppiscinas.com\/pt\/","logo":{"@type":"ImageObject","inLanguage":"pt-PT","@id":"https:\/\/www.rppiscinas.com\/pt\/#\/schema\/logo\/image\/","url":"https:\/\/www.rppiscinas.com\/pt\/wp-content\/uploads\/2025\/03\/logowebsite-1.png","contentUrl":"https:\/\/www.rppiscinas.com\/pt\/wp-content\/uploads\/2025\/03\/logowebsite-1.png","width":160,"height":75,"caption":"Soleo Piscinas"},"image":{"@id":"https:\/\/www.rppiscinas.com\/pt\/#\/schema\/logo\/image\/"},"sameAs":["https:\/\/www.facebook.com\/soleopiscinas","https:\/\/www.instagram.com\/soleopiscinas\/","https:\/\/pt.pinterest.com\/soleopiscinas\/"]}]}},"_links":{"self":[{"href":"https:\/\/www.rppiscinas.com\/pt\/wp-json\/wp\/v2\/pages\/3937"}],"collection":[{"href":"https:\/\/www.rppiscinas.com\/pt\/wp-json\/wp\/v2\/pages"}],"about":[{"href":"https:\/\/www.rppiscinas.com\/pt\/wp-json\/wp\/v2\/types\/page"}],"author":[{"embeddable":true,"href":"https:\/\/www.rppiscinas.com\/pt\/wp-json\/wp\/v2\/users\/1"}],"replies":[{"embeddable":true,"href":"https:\/\/www.rppiscinas.com\/pt\/wp-json\/wp\/v2\/comments?post=3937"}],"version-history":[{"count":34,"href":"https:\/\/www.rppiscinas.com\/pt\/wp-json\/wp\/v2\/pages\/3937\/revisions"}],"predecessor-version":[{"id":20591,"href":"https:\/\/www.rppiscinas.com\/pt\/wp-json\/wp\/v2\/pages\/3937\/revisions\/20591"}],"wp:attachment":[{"href":"https:\/\/www.rppiscinas.com\/pt\/wp-json\/wp\/v2\/media?parent=3937"}],"curies":[{"name":"wp","href":"https:\/\/api.w.org\/{rel}","templated":true}]}}