{"id":3864,"date":"2014-09-04T17:15:53","date_gmt":"2014-09-04T17:15:53","guid":{"rendered":"http:\/\/rppiscinas.com\/pt\/?page_id=3864"},"modified":"2025-07-31T14:57:33","modified_gmt":"2025-07-31T14:57:33","slug":"filtros-para-piscinas","status":"publish","type":"page","link":"https:\/\/www.rppiscinas.com\/pt\/filtros-para-piscinas\/","title":{"rendered":"Filtros para piscinas"},"content":{"rendered":"<div class=\"flex_column av_one_full  flex_column_div first  avia-builder-el-0  el_before_av_hr  avia-builder-el-first  \" ><p><div class='avia-button-wrap avia-button-left  avia-builder-el-1  el_before_av_button  avia-builder-el-first '><a href='https:\/\/www.rppiscinas.com\/pt\/liner-piscinas\/'  class='avia-button   avia-icon_select-no avia-color-theme-color avia-size-small avia-position-left '   ><span class='avia_iconbox_title' >Liners<\/span><\/a><\/div><br \/>\n<div class='avia-button-wrap avia-button-left  avia-builder-el-2  el_after_av_button  el_before_av_button '><a href='https:\/\/www.rppiscinas.com\/pt\/bordaduras-para-piscinas\/'  class='avia-button   avia-icon_select-no avia-color-theme-color avia-size-small avia-position-left '   ><span class='avia_iconbox_title' >Bordaduras<\/span><\/a><\/div><br \/>\n<div class='avia-button-wrap avia-button-left  avia-builder-el-3  el_after_av_button  el_before_av_button '><a href='https:\/\/www.rppiscinas.com\/pt\/tratamento-de-piscinas\/'  class='avia-button   avia-icon_select-no avia-color-theme-color avia-size-small avia-position-left '   ><span class='avia_iconbox_title' >Desinfe\u00e7\u00e3o<\/span><\/a><\/div><br \/>\n<div class='avia-button-wrap avia-button-left  avia-builder-el-4  el_after_av_button  el_before_av_button '><a href='https:\/\/www.rppiscinas.com\/pt\/aquecimento-de-piscinas\/'  class='avia-button   avia-icon_select-no avia-color-theme-color avia-size-small avia-position-left '   ><span class='avia_iconbox_title' >Aquecimento<\/span><\/a><\/div><br \/>\n<div class='avia-button-wrap avia-button-left  avia-builder-el-5  el_after_av_button  el_before_av_button '><a href='https:\/\/www.rppiscinas.com\/pt\/manutencao-de-piscinas\/'  class='avia-button   avia-icon_select-no avia-color-theme-color avia-size-small avia-position-left '   ><span class='avia_iconbox_title' >Manuten\u00e7\u00e3o<\/span><\/a><\/div><br \/>\n<div class='avia-button-wrap avia-button-left  avia-builder-el-6  el_after_av_button  el_before_av_button '><a href='https:\/\/www.rppiscinas.com\/pt\/acessorios-de-piscinas\/'  class='avia-button   avia-icon_select-no avia-color-theme-color avia-size-small avia-position-left '   ><span class='avia_iconbox_title' >Acess\u00f3rios<\/span><\/a><\/div><br \/>\n<div class='avia-button-wrap avia-button-left  avia-builder-el-7  el_after_av_button  avia-builder-el-last '><a href='javascript:void(0)'  class='avia-button   avia-icon_select-no avia-color-orange avia-size-small avia-position-left '   ><span class='avia_iconbox_title' >Filtra\u00e7\u00e3o<\/span><\/a><\/div><\/p><\/div><div  class='hr hr-default   avia-builder-el-8  el_after_av_one_full  el_before_av_two_third '><span class='hr-inner ' ><span class='hr-inner-style'><\/span><\/span><\/div><\/p>\n<div class=\"flex_column av_two_third  flex_column_div first  avia-builder-el-9  el_after_av_hr  el_before_av_one_third  \" ><section class=\"av_textblock_section \"  itemscope=\"itemscope\" itemtype=\"https:\/\/schema.org\/CreativeWork\" ><div class='avia_textblock  '   itemprop=\"text\" ><h2><span style=\"color: #000000;\">Filtros para piscinas\u00a0<\/span><\/h2>\n<h3><span style=\"color: #1692de;\"><strong>Filtros para piscinas para uma \u00e1gua saud\u00e1vel&#8230;<\/strong><\/span><\/h3>\n<p>Filtros para piscinas, bombas e acess\u00f3rios de filtra\u00e7\u00e3o desenvolvidos para oferecer uma qualidade da \u00e1gua inquestion\u00e1vel. \u00c9 no momento da instala\u00e7\u00e3o da piscina que tudo deve ser idealizado e o tratamento f\u00edsico da \u00e1gua n\u00e3o foge \u00e0 regra. Desta forma, \u00e9 da m\u00e1xima import\u00e2ncia que o sistema de filtra\u00e7\u00e3o seja devidamente dimensionado e assegure que que a \u00e1gua da piscina passe pelo filtro pelo menos 2,5 por dia.<\/p>\n<p><strong>&#8211; Eficaz filtra\u00e7\u00e3o da \u00e1gua;<\/strong><br \/>\n<strong>&#8211; Bombas silenciosas;<br \/>\n<\/strong><strong>&#8211; <strong>Facilidade de manuseamento<\/strong>;<br \/>\n&#8211; Elevada resist\u00eancia e longevidade.\u00a0<\/strong><\/p>\n<\/div><\/section><\/div>\n<div class=\"flex_column av_one_third  flex_column_div av-zero-column-padding   avia-builder-el-11  el_after_av_two_third  el_before_av_hr  \" style='border-radius:0px; '><div class='avia-image-container  av-styling-    avia-builder-el-12  avia-builder-el-no-sibling  avia-align-center '  itemprop=\"image\" itemscope=\"itemscope\" itemtype=\"https:\/\/schema.org\/ImageObject\"  ><div class='avia-image-container-inner'><div class='avia-image-overlay-wrap'><img class='avia_image' src='\/\/www.rppiscinas.com\/pt\/wp-content\/uploads\/2014\/09\/filtros_para_piscinas_soleo.jpg' alt='Filtros para piscinas SOLEO' title='Filtros para piscinas SOLEO'   itemprop=\"thumbnailUrl\"  \/><\/div><\/div><\/div><\/div>\n<div  class='hr hr-default   avia-builder-el-13  el_after_av_one_third  el_before_av_textblock '><span class='hr-inner ' ><span class='hr-inner-style'><\/span><\/span><\/div>\n<section class=\"av_textblock_section \"  itemscope=\"itemscope\" itemtype=\"https:\/\/schema.org\/CreativeWork\" ><div class='avia_textblock  '   itemprop=\"text\" ><h2 style=\"text-align: center;\"><span style=\"color: #1692de;\">Bombas e filtros para piscinas SOLEO \u00a0<\/span><\/h2>\n<p style=\"text-align: center;\">Filtros para piscinas SOLEO desenvolvidos com reconhecidas solu\u00e7\u00f5es que permitem garantir uma \u00e1gua l\u00edmpida e cristalina. Na gama de solu\u00e7\u00f5es de <strong>filtros para piscinas SOLEO<\/strong> temos dispon\u00edveis os <strong>filtros de areia<\/strong> \u2013 uma das solu\u00e7\u00f5es mais utilizadas e eficazes em todo o mundo, e ainda, os <strong>filtros de cartucho<\/strong> \u2013 uma solu\u00e7\u00e3o mais ecol\u00f3gica capaz de apresentar uma fineza de filtra\u00e7\u00e3o de qualidade superior.<\/p>\n<p style=\"text-align: center;\">.<\/p>\n<\/div><\/section>\n<div class=\"flex_column av_one_fourth  flex_column_div first  avia-builder-el-15  el_after_av_textblock  el_before_av_one_fourth  column-top-margin\" ><p><div class='avia-image-container  av-styling-    avia-builder-el-16  el_before_av_textblock  avia-builder-el-first   avia-align-center '  itemprop=\"image\" itemscope=\"itemscope\" itemtype=\"https:\/\/schema.org\/ImageObject\"  ><div class='avia-image-container-inner'><div class='avia-image-overlay-wrap'><img class='avia_image' src='https:\/\/www.rppiscinas.com\/pt\/wp-content\/uploads\/2022\/07\/filtros_piscinas.jpg' alt='' title='filtros_piscinas' height=\"220\" width=\"292\"  itemprop=\"thumbnailUrl\"  \/><\/div><\/div><\/div><br \/>\n<section class=\"av_textblock_section \"  itemscope=\"itemscope\" itemtype=\"https:\/\/schema.org\/CreativeWork\" ><div class='avia_textblock  '   itemprop=\"text\" ><p><strong>Filtro de Areia<br \/>\n<\/strong>Extremamente eficaz \u00e9 a solu\u00e7\u00e3o mais utilizada para filtrar a \u00e1gua da piscina.<\/p>\n<\/div><\/section><br \/>\n<div class='avia-button-wrap avia-button-left  avia-builder-el-18  el_after_av_textblock  avia-builder-el-last  '><a href='https:\/\/www.aquashop.pt\/67-filtros-para-piscinas'  class='avia-button   avia-icon_select-no avia-color-blue avia-size-small avia-position-left '  target=\"_blank\"   ><span class='avia_iconbox_title' >COMPRAR<\/span><\/a><\/div><\/p><\/div>\n<div class=\"flex_column av_one_fourth  flex_column_div av-zero-column-padding   avia-builder-el-19  el_after_av_one_fourth  el_before_av_one_fourth  column-top-margin\" style='border-radius:0px; '><p><div class='avia-image-container  av-styling-    avia-builder-el-20  el_before_av_textblock  avia-builder-el-first   avia-align-center '  itemprop=\"image\" itemscope=\"itemscope\" itemtype=\"https:\/\/schema.org\/ImageObject\"  ><div class='avia-image-container-inner'><div class='avia-image-overlay-wrap'><img class='avia_image' src='https:\/\/www.rppiscinas.com\/pt\/wp-content\/uploads\/2022\/07\/filtro_cartucho_piscinas.jpg' alt='' title='filtro_cartucho_piscinas' height=\"220\" width=\"292\"  itemprop=\"thumbnailUrl\"  \/><\/div><\/div><\/div><br \/>\n<section class=\"av_textblock_section \"  itemscope=\"itemscope\" itemtype=\"https:\/\/schema.org\/CreativeWork\" ><div class='avia_textblock  '   itemprop=\"text\" ><p><strong>Filtro de Cartucho<br \/>\n<\/strong>Solu\u00e7\u00e3o ecol\u00f3gica ideal para piscinas de interior ou com desinfe\u00e7\u00e3o por sal.<\/p>\n<\/div><\/section><br \/>\n<div class='avia-button-wrap avia-button-left  avia-builder-el-22  el_after_av_textblock  avia-builder-el-last '><a href='\/\/www.rppiscinas.com\/pt\/pedido-de-orcamento\/?equip=Filtro de Cartucho'  class='avia-button   avia-icon_select-no avia-color-blue avia-size-small avia-position-left '   ><span class='avia_iconbox_title' >Solicite Or\u00e7amento<\/span><\/a><\/div><\/p><\/div>\n<div class=\"flex_column av_one_fourth  flex_column_div av-zero-column-padding   avia-builder-el-23  el_after_av_one_fourth  el_before_av_one_fourth  column-top-margin\" style='border-radius:0px; '><p><div class='avia-image-container  av-styling-    avia-builder-el-24  el_before_av_textblock  avia-builder-el-first  avia-align-center '  itemprop=\"image\" itemscope=\"itemscope\" itemtype=\"https:\/\/schema.org\/ImageObject\"  ><div class='avia-image-container-inner'><div class='avia-image-overlay-wrap'><img class='avia_image' src='\/\/www.rppiscinas.com\/pt\/wp-content\/uploads\/2014\/09\/Filtros_para_piscinas_RP_skimfiltre.jpg' alt='' title='Filtros para piscinas SOLEO'   itemprop=\"thumbnailUrl\"  \/><\/div><\/div><\/div><br \/>\n<section class=\"av_textblock_section \"  itemscope=\"itemscope\" itemtype=\"https:\/\/schema.org\/CreativeWork\" ><div class='avia_textblock  '   itemprop=\"text\" ><p><strong>Skimfiltre<br \/>\n<\/strong>Combina\u00e7\u00e3o de filtro com skimmer ideal para instalar em piscinas elevadas.<\/p>\n<\/div><\/section><br \/>\n<div class='avia-button-wrap avia-button-left  avia-builder-el-26  el_after_av_textblock  avia-builder-el-last '><a href='\/\/www.rppiscinas.com\/pt\/pedido-de-orcamento\/?equip=SkimFiltre'  class='avia-button   avia-icon_select-no avia-color-blue avia-size-small avia-position-left '   ><span class='avia_iconbox_title' >Solicite Or\u00e7amento<\/span><\/a><\/div><\/p><\/div>\n<div class=\"flex_column av_one_fourth  flex_column_div av-zero-column-padding   avia-builder-el-27  el_after_av_one_fourth  el_before_av_section  avia-builder-el-last  column-top-margin\" style='border-radius:0px; '><p><div class='avia-image-container  av-styling-    avia-builder-el-28  el_before_av_textblock  avia-builder-el-first   avia-align-center '  itemprop=\"image\" itemscope=\"itemscope\" itemtype=\"https:\/\/schema.org\/ImageObject\"  ><div class='avia-image-container-inner'><div class='avia-image-overlay-wrap'><img class='avia_image' src='https:\/\/www.rppiscinas.com\/pt\/wp-content\/uploads\/2022\/07\/bombas_piscinas.jpg' alt='' title='bombas_piscinas' height=\"220\" width=\"292\"  itemprop=\"thumbnailUrl\"  \/><\/div><\/div><\/div><br \/>\n<section class=\"av_textblock_section \"  itemscope=\"itemscope\" itemtype=\"https:\/\/schema.org\/CreativeWork\" ><div class='avia_textblock  '   itemprop=\"text\" ><p><strong>Bombas de filtra\u00e7\u00e3o<br \/>\n<\/strong><span style=\"line-height: 1.5em;\">Extremamente silenciosas as bombas SOLEO asseguram longas utiliza\u00e7\u00f5es.<\/span><\/p>\n<\/div><\/section><br \/>\n<div class='avia-button-wrap avia-button-left  avia-builder-el-30  el_after_av_textblock  avia-builder-el-last  '><a href='https:\/\/www.aquashop.pt\/68-bombas-de-circulacao-de-agua'  class='avia-button   avia-icon_select-no avia-color-blue avia-size-small avia-position-left '  target=\"_blank\"   ><span class='avia_iconbox_title' >COMPRAR<\/span><\/a><\/div><\/p><\/div>\n<\/div><\/div><\/div><!-- close content main div --><\/div><\/div><div id='av_section_1' class='avia-section main_color avia-section-default avia-no-shadow avia-bg-style-fixed  avia-builder-el-31  el_after_av_one_fourth  el_before_av_one_third   container_wrap fullsize' style=' '  ><div class='container' ><div class='template-page content  av-content-full alpha units'><div class='post-entry post-entry-type-page post-entry-3864'><div class='entry-content-wrapper clearfix'>\n<div class=\"flex_column av_one_third  flex_column_div first  avia-builder-el-32  el_before_av_two_third  avia-builder-el-first  \" ><div class='avia-image-container  av-styling-    avia-builder-el-33  avia-builder-el-no-sibling  avia-align-center '  itemprop=\"image\" itemscope=\"itemscope\" itemtype=\"https:\/\/schema.org\/ImageObject\"  ><div class='avia-image-container-inner'><div class='avia-image-overlay-wrap'><img class='avia_image' src='\/\/www.rppiscinas.com\/pt\/wp-content\/uploads\/2014\/09\/filtracao_de_piscinas_soleo-299x300.png' alt='' title='Filtros para piscinas SOLEO'   itemprop=\"thumbnailUrl\"  \/><\/div><\/div><\/div><\/div><div class=\"flex_column av_two_third  flex_column_div   avia-builder-el-34  el_after_av_one_third  avia-builder-el-last  \" ><section class=\"av_textblock_section \"  itemscope=\"itemscope\" itemtype=\"https:\/\/schema.org\/CreativeWork\" ><div class='avia_textblock  '   itemprop=\"text\" ><h2>Local T\u00e9cnico de Filtra\u00e7\u00e3o<\/h2>\n<p>Solu\u00e7\u00e3o de excel\u00eancia para a implementa\u00e7\u00e3o das bombas e filtros para piscinas nas suas imedia\u00e7\u00f5es. O conceito utilizado no seu desenvolvimento, permite acondicionar, no seu interior, os equipamentos de filtra\u00e7\u00e3o de forma dissimulada. Desta forma, \u00e9 assegurado o perfeito funcionamento dos equipamentos sem comprometer a est\u00e9tica do espa\u00e7o envolvente.<\/p>\n<p><strong><br \/>\n&#8211; Resistente e de longa longevidade;<br \/>\n&#8211; F\u00e1cil manuseamento;<br \/>\n&#8211; F\u00e1cil acesso.<span style=\"color: #ffffff;\"><br \/>\n<\/span><\/strong><\/p>\n<\/div><\/section><br \/>\n<div class='avia-button-wrap avia-button-left  avia-builder-el-36  el_after_av_textblock  avia-builder-el-last  '><a href='\/\/www.rppiscinas.com\/pt\/pedido-de-orcamento\/?equip=Local T\u00e9cnico de Filtra\u00e7\u00e3o'  class='avia-button   avia-icon_select-no avia-color-blue avia-size-small avia-position-left '   ><span class='avia_iconbox_title' >Solicite Or\u00e7amento<\/span><\/a><\/div><\/p><\/div>\n<\/div><\/div><\/div><!-- close content main div --><\/div><\/div><div id='after_section_1' class='main_color av_default_container_wrap container_wrap fullsize' style=' '  ><div class='container' ><div class='template-page content  av-content-full alpha units'><div class='post-entry post-entry-type-page post-entry-3864'><div class='entry-content-wrapper clearfix'>\n<div class=\"flex_column av_one_third  flex_column_div first  avia-builder-el-37  el_after_av_section  el_before_av_two_third  avia-builder-el-first  \" ><div class='avia-image-container  av-styling-    avia-builder-el-38  avia-builder-el-no-sibling   avia-align-center '  itemprop=\"image\" itemscope=\"itemscope\" itemtype=\"https:\/\/schema.org\/ImageObject\"  ><div class='avia-image-container-inner'><div class='avia-image-overlay-wrap'><img class='avia_image' src='https:\/\/www.rppiscinas.com\/pt\/wp-content\/uploads\/2022\/07\/Filtros_para_piscinas_RP_cartuchos_areia_2.jpg' alt='' title='Filtros_para_piscinas_RP_cartuchos_areia_2' height=\"220\" width=\"292\"  itemprop=\"thumbnailUrl\"  \/><\/div><\/div><\/div><\/div>\n<div class=\"flex_column av_two_third  flex_column_div av-zero-column-padding   avia-builder-el-39  el_after_av_one_third  avia-builder-el-last  \" style='border-radius:0px; '><section class=\"av_textblock_section \"  itemscope=\"itemscope\" itemtype=\"https:\/\/schema.org\/CreativeWork\" ><div class='avia_textblock  '   itemprop=\"text\" ><h4 style=\"text-align: left;\">AREIA E CARTUCHOS PARA FILTROS<\/h4>\n<p><span style=\"line-height: 1.5em;\">Para que a efic\u00e1cia dos filtros para piscinas se mantenha intoc\u00e1vel\u00a0, seja de areia ou de cartucho, \u00e9 necess\u00e1rio que a respetiva carga filtrante se apresente em perfeitas condi\u00e7\u00f5es. Como qualquer consum\u00edvel, a carga filtrante do filtro, areia ou cartucho, tem um tempo de vida \u00fatil e deve ser substitu\u00edda na devida altura.\u00a0<\/span><\/p>\n<p>Com uma experi\u00eancia de mais de duas d\u00e9cadas no tratamento de piscinas, a RP INDUSTRIES d\u00e1-lhe todo o apoio nos corretos procedimentos a adotar com o seu equipamento de filtra\u00e7\u00e3o.<\/p>\n<\/div><\/section><br \/>\n<div class='avia-button-wrap avia-button-left  avia-builder-el-41  el_after_av_textblock  avia-builder-el-last '><a href='http:\/\/aquashop.pt\/pt\/index.php?id_category=30&controller=category'  class='avia-button   avia-icon_select-no avia-color-blue avia-size-small avia-position-left '  target=\"_blank\"   ><span class='avia_iconbox_title' >COMPRAR<\/span><\/a><\/div><\/p><\/div>\n","protected":false},"excerpt":{"rendered":"","protected":false},"author":1,"featured_media":0,"parent":0,"menu_order":0,"comment_status":"open","ping_status":"open","template":"","meta":[],"yoast_head":"<!-- This site is optimized with the Yoast SEO plugin v20.3 - https:\/\/yoast.com\/wordpress\/plugins\/seo\/ -->\n<title>Filtros para Piscinas SOLEO RP | Filtros e bombas<\/title>\n<meta name=\"description\" content=\"Filtros para piscinas SOLEO com uma gama de filtros de areia, filtros de cartucho, bombas para piscinas, assim como solu\u00e7\u00f5es e acess\u00f3rios de filtra\u00e7\u00e3o.\" \/>\n<meta name=\"robots\" content=\"index, follow, max-snippet:-1, max-image-preview:large, max-video-preview:-1\" \/>\n<link rel=\"canonical\" href=\"https:\/\/www.rppiscinas.com\/pt\/filtros-para-piscinas\/\" \/>\n<meta property=\"og:locale\" content=\"pt_PT\" \/>\n<meta property=\"og:type\" content=\"article\" \/>\n<meta property=\"og:title\" content=\"Filtros para Piscinas SOLEO RP | Filtros e bombas\" \/>\n<meta property=\"og:description\" content=\"Filtros para piscinas SOLEO com uma gama de filtros de areia, filtros de cartucho, bombas para piscinas, assim como solu\u00e7\u00f5es e acess\u00f3rios de filtra\u00e7\u00e3o.\" \/>\n<meta property=\"og:url\" content=\"https:\/\/www.rppiscinas.com\/pt\/filtros-para-piscinas\/\" \/>\n<meta property=\"og:site_name\" content=\"Soleo Piscinas\" \/>\n<meta property=\"article:publisher\" content=\"https:\/\/www.facebook.com\/soleopiscinas\" \/>\n<meta property=\"article:modified_time\" content=\"2025-07-31T14:57:33+00:00\" \/>\n<meta property=\"og:image\" content=\"https:\/\/www.rppiscinas.com\/pt\/wp-content\/uploads\/2018\/06\/piscina1.jpg\" \/>\n\t<meta property=\"og:image:width\" content=\"1200\" \/>\n\t<meta property=\"og:image:height\" content=\"603\" \/>\n\t<meta property=\"og:image:type\" content=\"image\/jpeg\" \/>\n<meta name=\"twitter:label1\" content=\"Tempo estimado de leitura\" \/>\n\t<meta name=\"twitter:data1\" content=\"5 minutos\" \/>\n<script type=\"application\/ld+json\" class=\"yoast-schema-graph\">{\"@context\":\"https:\/\/schema.org\",\"@graph\":[{\"@type\":\"WebPage\",\"@id\":\"https:\/\/www.rppiscinas.com\/pt\/filtros-para-piscinas\/\",\"url\":\"https:\/\/www.rppiscinas.com\/pt\/filtros-para-piscinas\/\",\"name\":\"Filtros para Piscinas SOLEO RP | Filtros e bombas\",\"isPartOf\":{\"@id\":\"https:\/\/www.rppiscinas.com\/pt\/#website\"},\"datePublished\":\"2014-09-04T17:15:53+00:00\",\"dateModified\":\"2025-07-31T14:57:33+00:00\",\"description\":\"Filtros para piscinas SOLEO com uma gama de filtros de areia, filtros de cartucho, bombas para piscinas, assim como solu\u00e7\u00f5es e acess\u00f3rios de filtra\u00e7\u00e3o.\",\"breadcrumb\":{\"@id\":\"https:\/\/www.rppiscinas.com\/pt\/filtros-para-piscinas\/#breadcrumb\"},\"inLanguage\":\"pt-PT\",\"potentialAction\":[{\"@type\":\"ReadAction\",\"target\":[\"https:\/\/www.rppiscinas.com\/pt\/filtros-para-piscinas\/\"]}]},{\"@type\":\"BreadcrumbList\",\"@id\":\"https:\/\/www.rppiscinas.com\/pt\/filtros-para-piscinas\/#breadcrumb\",\"itemListElement\":[{\"@type\":\"ListItem\",\"position\":1,\"name\":\"Home\",\"item\":\"https:\/\/www.rppiscinas.com\/pt\/\"},{\"@type\":\"ListItem\",\"position\":2,\"name\":\"Filtros para piscinas\"}]},{\"@type\":\"WebSite\",\"@id\":\"https:\/\/www.rppiscinas.com\/pt\/#website\",\"url\":\"https:\/\/www.rppiscinas.com\/pt\/\",\"name\":\"Soleo Piscinas\",\"description\":\"Mais do que uma piscina\",\"publisher\":{\"@id\":\"https:\/\/www.rppiscinas.com\/pt\/#organization\"},\"alternateName\":\"Soleo Piscinas\",\"potentialAction\":[{\"@type\":\"SearchAction\",\"target\":{\"@type\":\"EntryPoint\",\"urlTemplate\":\"https:\/\/www.rppiscinas.com\/pt\/?s={search_term_string}\"},\"query-input\":\"required name=search_term_string\"}],\"inLanguage\":\"pt-PT\"},{\"@type\":\"Organization\",\"@id\":\"https:\/\/www.rppiscinas.com\/pt\/#organization\",\"name\":\"Soleo Piscinas\",\"url\":\"https:\/\/www.rppiscinas.com\/pt\/\",\"logo\":{\"@type\":\"ImageObject\",\"inLanguage\":\"pt-PT\",\"@id\":\"https:\/\/www.rppiscinas.com\/pt\/#\/schema\/logo\/image\/\",\"url\":\"https:\/\/www.rppiscinas.com\/pt\/wp-content\/uploads\/2025\/03\/logowebsite-1.png\",\"contentUrl\":\"https:\/\/www.rppiscinas.com\/pt\/wp-content\/uploads\/2025\/03\/logowebsite-1.png\",\"width\":160,\"height\":75,\"caption\":\"Soleo Piscinas\"},\"image\":{\"@id\":\"https:\/\/www.rppiscinas.com\/pt\/#\/schema\/logo\/image\/\"},\"sameAs\":[\"https:\/\/www.facebook.com\/soleopiscinas\",\"https:\/\/www.instagram.com\/soleopiscinas\/\",\"https:\/\/pt.pinterest.com\/soleopiscinas\/\"]}]}<\/script>\n<!-- \/ Yoast SEO plugin. -->","yoast_head_json":{"title":"Filtros para Piscinas SOLEO RP | Filtros e bombas","description":"Filtros para piscinas SOLEO com uma gama de filtros de areia, filtros de cartucho, bombas para piscinas, assim como solu\u00e7\u00f5es e acess\u00f3rios de filtra\u00e7\u00e3o.","robots":{"index":"index","follow":"follow","max-snippet":"max-snippet:-1","max-image-preview":"max-image-preview:large","max-video-preview":"max-video-preview:-1"},"canonical":"https:\/\/www.rppiscinas.com\/pt\/filtros-para-piscinas\/","og_locale":"pt_PT","og_type":"article","og_title":"Filtros para Piscinas SOLEO RP | Filtros e bombas","og_description":"Filtros para piscinas SOLEO com uma gama de filtros de areia, filtros de cartucho, bombas para piscinas, assim como solu\u00e7\u00f5es e acess\u00f3rios de filtra\u00e7\u00e3o.","og_url":"https:\/\/www.rppiscinas.com\/pt\/filtros-para-piscinas\/","og_site_name":"Soleo Piscinas","article_publisher":"https:\/\/www.facebook.com\/soleopiscinas","article_modified_time":"2025-07-31T14:57:33+00:00","og_image":[{"width":1200,"height":603,"url":"https:\/\/www.rppiscinas.com\/pt\/wp-content\/uploads\/2018\/06\/piscina1.jpg","type":"image\/jpeg"}],"twitter_misc":{"Tempo estimado de leitura":"5 minutos"},"schema":{"@context":"https:\/\/schema.org","@graph":[{"@type":"WebPage","@id":"https:\/\/www.rppiscinas.com\/pt\/filtros-para-piscinas\/","url":"https:\/\/www.rppiscinas.com\/pt\/filtros-para-piscinas\/","name":"Filtros para Piscinas SOLEO RP | Filtros e bombas","isPartOf":{"@id":"https:\/\/www.rppiscinas.com\/pt\/#website"},"datePublished":"2014-09-04T17:15:53+00:00","dateModified":"2025-07-31T14:57:33+00:00","description":"Filtros para piscinas SOLEO com uma gama de filtros de areia, filtros de cartucho, bombas para piscinas, assim como solu\u00e7\u00f5es e acess\u00f3rios de filtra\u00e7\u00e3o.","breadcrumb":{"@id":"https:\/\/www.rppiscinas.com\/pt\/filtros-para-piscinas\/#breadcrumb"},"inLanguage":"pt-PT","potentialAction":[{"@type":"ReadAction","target":["https:\/\/www.rppiscinas.com\/pt\/filtros-para-piscinas\/"]}]},{"@type":"BreadcrumbList","@id":"https:\/\/www.rppiscinas.com\/pt\/filtros-para-piscinas\/#breadcrumb","itemListElement":[{"@type":"ListItem","position":1,"name":"Home","item":"https:\/\/www.rppiscinas.com\/pt\/"},{"@type":"ListItem","position":2,"name":"Filtros para piscinas"}]},{"@type":"WebSite","@id":"https:\/\/www.rppiscinas.com\/pt\/#website","url":"https:\/\/www.rppiscinas.com\/pt\/","name":"Soleo Piscinas","description":"Mais do que uma piscina","publisher":{"@id":"https:\/\/www.rppiscinas.com\/pt\/#organization"},"alternateName":"Soleo Piscinas","potentialAction":[{"@type":"SearchAction","target":{"@type":"EntryPoint","urlTemplate":"https:\/\/www.rppiscinas.com\/pt\/?s={search_term_string}"},"query-input":"required name=search_term_string"}],"inLanguage":"pt-PT"},{"@type":"Organization","@id":"https:\/\/www.rppiscinas.com\/pt\/#organization","name":"Soleo Piscinas","url":"https:\/\/www.rppiscinas.com\/pt\/","logo":{"@type":"ImageObject","inLanguage":"pt-PT","@id":"https:\/\/www.rppiscinas.com\/pt\/#\/schema\/logo\/image\/","url":"https:\/\/www.rppiscinas.com\/pt\/wp-content\/uploads\/2025\/03\/logowebsite-1.png","contentUrl":"https:\/\/www.rppiscinas.com\/pt\/wp-content\/uploads\/2025\/03\/logowebsite-1.png","width":160,"height":75,"caption":"Soleo Piscinas"},"image":{"@id":"https:\/\/www.rppiscinas.com\/pt\/#\/schema\/logo\/image\/"},"sameAs":["https:\/\/www.facebook.com\/soleopiscinas","https:\/\/www.instagram.com\/soleopiscinas\/","https:\/\/pt.pinterest.com\/soleopiscinas\/"]}]}},"_links":{"self":[{"href":"https:\/\/www.rppiscinas.com\/pt\/wp-json\/wp\/v2\/pages\/3864"}],"collection":[{"href":"https:\/\/www.rppiscinas.com\/pt\/wp-json\/wp\/v2\/pages"}],"about":[{"href":"https:\/\/www.rppiscinas.com\/pt\/wp-json\/wp\/v2\/types\/page"}],"author":[{"embeddable":true,"href":"https:\/\/www.rppiscinas.com\/pt\/wp-json\/wp\/v2\/users\/1"}],"replies":[{"embeddable":true,"href":"https:\/\/www.rppiscinas.com\/pt\/wp-json\/wp\/v2\/comments?post=3864"}],"version-history":[{"count":35,"href":"https:\/\/www.rppiscinas.com\/pt\/wp-json\/wp\/v2\/pages\/3864\/revisions"}],"predecessor-version":[{"id":21497,"href":"https:\/\/www.rppiscinas.com\/pt\/wp-json\/wp\/v2\/pages\/3864\/revisions\/21497"}],"wp:attachment":[{"href":"https:\/\/www.rppiscinas.com\/pt\/wp-json\/wp\/v2\/media?parent=3864"}],"curies":[{"name":"wp","href":"https:\/\/api.w.org\/{rel}","templated":true}]}}