{"id":3602,"date":"2014-04-01T10:57:42","date_gmt":"2014-04-01T10:57:42","guid":{"rendered":"http:\/\/rppiscinas.com\/pt\/?page_id=3602"},"modified":"2018-04-21T11:50:30","modified_gmt":"2018-04-21T11:50:30","slug":"orcamento","status":"publish","type":"page","link":"https:\/\/www.rppiscinas.com\/pt\/orcamento\/","title":{"rendered":"Or\u00e7amento"},"content":{"rendered":"<div class='avia-button-wrap avia-button-left  avia-builder-el-0  el_before_av_button  avia-builder-el-first '><a href='https:\/\/www.rppiscinas.com\/pt\/construcao-de-piscinas\/'  class='avia-button   avia-icon_select-no avia-color-theme-color avia-size-small avia-position-left '   ><span class='avia_iconbox_title' >T\u00e9cnica<\/span><\/a><\/div>\n<div class='avia-button-wrap avia-button-left  avia-builder-el-1  el_after_av_button  el_before_av_button '><a href='https:\/\/www.rppiscinas.com\/pt\/estrutura-piscina-soleo\/'  class='avia-button   avia-icon_select-no avia-color-theme-color avia-size-small avia-position-left '   ><span class='avia_iconbox_title' >Estrutura<\/span><\/a><\/div>\n<div class='avia-button-wrap avia-button-left  avia-builder-el-2  el_after_av_button  el_before_av_button '><a href='https:\/\/www.rppiscinas.com\/pt\/fundos-de-piscinas\/'  class='avia-button   avia-icon_select-no avia-color-theme-color avia-size-small avia-position-left '   ><span class='avia_iconbox_title' >Fundos<\/span><\/a><\/div>\n<div class='avia-button-wrap avia-button-left  avia-builder-el-3  el_after_av_button  el_before_av_hr '><a href='https:\/\/www.rppiscinas.com\/pt\/liner-piscinas\/'  class='avia-button   avia-icon_select-no avia-color-theme-color avia-size-small avia-position-left '   ><span class='avia_iconbox_title' >Liner<\/span><\/a><\/div>\n<div  class='hr hr-default   avia-builder-el-4  el_after_av_button  el_before_av_one_full '><span class='hr-inner ' ><span class='hr-inner-style'><\/span><\/span><\/div>\n<div class=\"flex_column av_one_full  flex_column_div first  avia-builder-el-5  el_after_av_hr  el_before_av_toggle_container  \" ><section class=\"av_textblock_section \"  itemscope=\"itemscope\" itemtype=\"https:\/\/schema.org\/CreativeWork\" ><div class='avia_textblock  '   itemprop=\"text\" ><h4>PISCINAS EM A\u00c7O + BET\u00c3O + LINER<\/h4>\n<p>As piscinas em a\u00e7o SOLEO aliam a resist\u00eancia do a\u00e7o e a robustez do bet\u00e3o, \u00e0 elasticidade e estanquicidade do liner. De instala\u00e7\u00e3o r\u00e1pida (entre 3 e 4 dias \u00fateis), as piscinas em a\u00e7o SOLEO s\u00e3o a garantia de uma t\u00e9cnica de constru\u00e7\u00e3o simples, robusta e r\u00e1pida.<\/p>\n<p><span style=\"color: #000000;\"><strong>Selecione o seu modelo favorito e solicite o seu or\u00e7amento.<\/strong><\/span><\/p>\n<\/div><\/section><\/div>\n<div class=\"togglecontainer   toggle_close_all  avia-builder-el-7  el_after_av_one_full  el_before_av_one_full \" >\n<section class=\"av_toggle_section\"  itemscope=\"itemscope\" itemtype=\"https:\/\/schema.org\/CreativeWork\"  >    <div class=\"single_toggle\" data-tags=\"{All} \"  >        <p data-fake-id=\"#toggle-id-1\" class=\"toggler activeTitle\"  itemprop=\"headline\"   >Dimens\u00f5es<span class=\"toggle_icon\" >        <span class=\"vert_icon\"><\/span><span class=\"hor_icon\"><\/span><\/span><\/p>        <div id=\"toggle-id-1-container\" class=\"toggle_wrap active_tc\"  style='display:block;'>            <div class=\"toggle_content invers-color \"  itemprop=\"text\"   ><table id=\"tbl_fundos_formas\" class=\"avia-table avia-data-table avia-table-1 avia-builder-el-7 el_after_av_one_full el_before_av_toggle_container \" style=\"display: none;\">\n<thead>\n<tr class=\"avia-heading-row\">\n<th class=\"avia-center-col\" style=\"font-size: 0.8em; margin: 0; padding: 0;\">Tipo de Fundo<\/th>\n<th class=\"avia-center-col\" style=\"font-size: 0.8em; margin: 0; padding: 0;\">Forma<\/th>\n<\/tr>\n<\/thead>\n<tbody id=\"tbody_table_top\"><\/tbody>\n<\/table>\n<table id=\"tbl_dimensoes\" class=\"avia-table avia-data-table avia-table-1 avia-builder-el-7 el_after_av_one_full el_before_av_toggle_container \" style=\"display: none;\">\n<thead>\n<tr class=\"avia-heading-row\">\n<th class=\"avia-center-col\" style=\"font-size: 0.8em; margin: 0; padding: 0;\">Refer\u00eancias<\/th>\n<th class=\"avia-center-col\" style=\"font-size: 0.8em; margin: 0; padding: 0;\">Dimens\u00f5es (m)<\/th>\n<th class=\"avia-center-col\" style=\"font-size: 0.8em; margin: 0; padding: 0;\">Profundidade (m)<\/th>\n<th class=\"avia-center-col\" style=\"font-size: 0.8em; margin: 0; padding: 0;\">\u00c1rea (m2)<\/th>\n<th class=\"avia-center-col\" style=\"font-size: 0.8em; margin: 0; padding: 0;\">Per\u00edmetro (m3)<\/th>\n<\/tr>\n<\/thead>\n<tbody id=\"tbody_table\"><\/tbody>\n<\/table>\n            <\/div>        <\/div>    <\/div><\/section>\n<section class=\"av_toggle_section\"  itemscope=\"itemscope\" itemtype=\"https:\/\/schema.org\/CreativeWork\"  >    <div class=\"single_toggle\" data-tags=\"{All} \"  >        <p data-fake-id=\"#toggle-id-2\" class=\"toggler \"  itemprop=\"headline\"   >Formul\u00e1rio<span class=\"toggle_icon\" >        <span class=\"vert_icon\"><\/span><span class=\"hor_icon\"><\/span><\/span><\/p>        <div id=\"toggle-id-2-container\" class=\"toggle_wrap \"  >            <div class=\"toggle_content invers-color \"  itemprop=\"text\"   ><div role=\"form\" class=\"wpcf7\" id=\"wpcf7-f3625-o1\" lang=\"pt-PT\" dir=\"ltr\">\n<div class=\"screen-reader-response\"><\/div>\n<form action=\"\/pt\/wp-json\/wp\/v2\/pages\/3602#wpcf7-f3625-o1\" method=\"post\" class=\"wpcf7-form\" enctype=\"multipart\/form-data\" novalidate=\"novalidate\">\n<div style=\"display: none;\">\n<input type=\"hidden\" name=\"_wpcf7\" value=\"3625\" \/>\n<input type=\"hidden\" name=\"_wpcf7_version\" value=\"5.0.5\" \/>\n<input type=\"hidden\" name=\"_wpcf7_locale\" value=\"pt_PT\" \/>\n<input type=\"hidden\" name=\"_wpcf7_unit_tag\" value=\"wpcf7-f3625-o1\" \/>\n<input type=\"hidden\" name=\"_wpcf7_container_post\" value=\"0\" \/>\n<input type=\"hidden\" name=\"_wpcf7cf_hidden_group_fields\" value=\"\" \/>\n<input type=\"hidden\" name=\"_wpcf7cf_hidden_groups\" value=\"\" \/>\n<input type=\"hidden\" name=\"_wpcf7cf_visible_groups\" value=\"\" \/>\n<input type=\"hidden\" name=\"_wpcf7cf_options\" value=\"{&quot;form_id&quot;:3625,&quot;conditions&quot;:[],&quot;settings&quot;:false}\" \/>\n<\/div>\n<p>Piscina:<br \/>\n<span class=\"wpcf7-form-control-wrap Piscina\"><input type=\"text\" name=\"Piscina\" value=\"\" size=\"40\" class=\"wpcf7-form-control wpcf7-text field_648 readonly\" id=\"of_piscina\" aria-invalid=\"false\" \/><\/span>\n<\/p>\n<p>\nNome:<br \/>\n<span class=\"wpcf7-form-control-wrap Nome\"><input type=\"text\" name=\"Nome\" value=\"\" size=\"40\" class=\"wpcf7-form-control wpcf7-text wpcf7-validates-as-required field_648\" id=\"of_nome\" aria-required=\"true\" aria-invalid=\"false\" \/><\/span>\n<\/p>\n<p>\nMorada:<br \/>\n<span class=\"wpcf7-form-control-wrap Morada\"><input type=\"text\" name=\"Morada\" value=\"\" size=\"40\" class=\"wpcf7-form-control wpcf7-text wpcf7-validates-as-required field_648\" id=\"of_morada1\" aria-required=\"true\" aria-invalid=\"false\" \/><\/span><span class=\"wpcf7-form-control-wrap Morada2\"><input type=\"text\" name=\"Morada2\" value=\"\" size=\"40\" class=\"wpcf7-form-control wpcf7-text field_648\" id=\"of_morada2\" aria-invalid=\"false\" \/><\/span>\n<\/p>\n<p>\nC\u00f3digo Postal:<br \/>\n<span class=\"wpcf7-form-control-wrap CodPostal\"><input type=\"text\" name=\"CodPostal\" value=\"\" size=\"40\" class=\"wpcf7-form-control wpcf7-text wpcf7-validates-as-required field_300px\" id=\"of_cpostal\" aria-required=\"true\" aria-invalid=\"false\" \/><\/span>\n<\/p>\n<p>\nLocalidade:<br \/>\n<span class=\"wpcf7-form-control-wrap Localidade\"><input type=\"text\" name=\"Localidade\" value=\"\" size=\"40\" class=\"wpcf7-form-control wpcf7-text wpcf7-validates-as-required field_648\" id=\"of_localidade\" aria-required=\"true\" aria-invalid=\"false\" \/><\/span>\n<\/p>\n<p>\nDistrito:<br \/>\n<span class=\"wpcf7-form-control-wrap Distrito\"><input type=\"text\" name=\"Distrito\" value=\"\" size=\"40\" class=\"wpcf7-form-control wpcf7-text field_648\" id=\"of_distrito\" aria-invalid=\"false\" \/><\/span>\n<\/p>\n<p>\nTelefone:<br \/>\n<span class=\"wpcf7-form-control-wrap Telefone\"><input type=\"tel\" name=\"Telefone\" value=\"\" size=\"40\" class=\"wpcf7-form-control wpcf7-text wpcf7-tel wpcf7-validates-as-tel field_300px\" id=\"of_telefone\" aria-invalid=\"false\" \/><\/span>\n<\/p>\n<p>\nTelemovel:<br \/>\n<span class=\"wpcf7-form-control-wrap Telemovel\"><input type=\"tel\" name=\"Telemovel\" value=\"\" size=\"40\" class=\"wpcf7-form-control wpcf7-text wpcf7-tel wpcf7-validates-as-required wpcf7-validates-as-tel field_300px\" id=\"of_telemovel\" aria-required=\"true\" aria-invalid=\"false\" \/><\/span>\n<\/p>\n<p>\nFax:<br \/>\n<span class=\"wpcf7-form-control-wrap Fax\"><input type=\"tel\" name=\"Fax\" value=\"\" size=\"40\" class=\"wpcf7-form-control wpcf7-text wpcf7-tel wpcf7-validates-as-tel field_300px\" id=\"of_fax\" aria-invalid=\"false\" \/><\/span>\n<\/p>\n<p>\nEmail:<br \/>\n<span class=\"wpcf7-form-control-wrap Email\"><input type=\"email\" name=\"Email\" value=\"\" size=\"40\" class=\"wpcf7-form-control wpcf7-text wpcf7-email wpcf7-validates-as-required wpcf7-validates-as-email field_648\" id=\"of_email\" aria-required=\"true\" aria-invalid=\"false\" \/><\/span>\n<\/p>\n<p>\nLocal de Instala\u00e7\u00e3o:<br \/>\n<span class=\"wpcf7-form-control-wrap LocInstalacao\"><input type=\"text\" name=\"LocInstalacao\" value=\"\" size=\"40\" class=\"wpcf7-form-control wpcf7-text wpcf7-validates-as-required field_648\" id=\"of_local_instalacao\" aria-required=\"true\" aria-invalid=\"false\" \/><\/span>\n<\/p>\n<p>\nAnexo:<br \/>\n<span class=\"wpcf7-form-control-wrap file-135\"><input type=\"file\" name=\"file-135\" size=\"40\" class=\"wpcf7-form-control wpcf7-file\" id=\"of_anexo1\" accept=\".jpg,.jpeg,.png,.tif,.tiff,.doc,.pdf,.dwg,.zip,.rar,.xls\" aria-invalid=\"false\" \/><\/span><\/p>\n<p>\nMensagem:<br \/>\n<span class=\"wpcf7-form-control-wrap Mensagem\"><textarea name=\"Mensagem\" cols=\"62\" rows=\"5\" class=\"wpcf7-form-control wpcf7-textarea\" id=\"of_mensagem\" aria-invalid=\"false\"><\/textarea><\/span>\n<\/p>\n<p><span class=\"wpcf7-form-control-wrap acceptance-390\"><span class=\"wpcf7-form-control wpcf7-acceptance\"><span class=\"wpcf7-list-item\"><label><input type=\"checkbox\" name=\"acceptance-390\" value=\"1\" aria-invalid=\"false\" id=\"politica\" \/><span class=\"wpcf7-list-item-label\">Tenho conhecimento e aceito a<a href=\"https:\/\/www.rppiscinas.com\/pt\/politica-de-privacidade\" target=\"_blank\"> Pol\u00edtica de Privacidade<\/a><\/span><\/label><\/span><\/span><\/span><br \/>\n<span class=\"wpcf7-form-control-wrap acceptance-231\"><span class=\"wpcf7-form-control wpcf7-acceptance optional\"><span class=\"wpcf7-list-item\"><label><input type=\"checkbox\" name=\"acceptance-231\" value=\"1\" aria-invalid=\"false\" id=\"autorizo\" \/><span class=\"wpcf7-list-item-label\">Autorizo o tratamento dos dados pessoais para marketing de produtos e servi\u00e7os<\/span><\/label><\/span><\/span><\/span><\/p>\n<p><span class=\"wpcf7-form-control-wrap math-quiz\"><label><span class=\"wpcf7-quiz-label\">13+37=?<\/span> <input type=\"text\" name=\"math-quiz\" size=\"40\" class=\"wpcf7-form-control wpcf7-quiz\" autocomplete=\"off\" aria-required=\"true\" aria-invalid=\"false\" \/><\/label><input type=\"hidden\" name=\"_wpcf7_quiz_answer_math-quiz\" value=\"08fd0dbf23c9fd90d10c17190c3221ae\" \/><\/span><\/p>\n<p><input type=\"submit\" value=\"Enviar\" class=\"wpcf7-form-control wpcf7-submit\" id=\"of_btn_envia\" \/> <\/p>\n\n<!-- CF7 Modules -->\n<div style='display:none;'><input type=\"hidden\" name=\"hidden-tipoFundo\" value=\"\" class=\"wpcf7-form-control wpcf7-hidden\" id=\"tipoFundo\" \/>\n<input type=\"hidden\" name=\"hidden-tipoForma\" value=\"\" class=\"wpcf7-form-control wpcf7-hidden\" id=\"tipoForma\" \/>\n<input type=\"hidden\" name=\"hidden-piscina\" value=\"\" class=\"wpcf7-form-control wpcf7-hidden\" id=\"piscina\" \/><\/div>\n<!-- End CF7 Modules -->\n\n\n<!-- CF7 Modules -->\n<div style='display:none;'><input type=\"hidden\" name=\"hidden-assunto\" value=\"RP Industries - Pedido de Or\u00e7amento\" class=\"wpcf7-form-control wpcf7-hidden\" id=\"assunto\" \/><\/div>\n<!-- End CF7 Modules -->\n\n<input type='hidden' class='wpcf7-pum' value='{\"closepopup\":false,\"closedelay\":0,\"openpopup\":false,\"openpopup_id\":0}' \/><div class=\"wpcf7-response-output wpcf7-display-none\"><\/div><\/form><\/div>\n            <\/div>        <\/div>    <\/div><\/section>\n<\/div>\n<div class=\"flex_column av_one_full  flex_column_div av-zero-column-padding first  avia-builder-el-8  el_after_av_toggle_container  avia-builder-el-last  \" style='border-radius:0px; '><div class=' grid-sort-container isotope   no_margin-container with-no-container grid-total-even grid-col-4 grid-links-' data-portfolio-id='1'><div data-ajax-id='2676' class=' grid-entry flex_column isotope-item all_sort no_margin post-entry post-entry-2676 grid-entry-overview grid-loop-1 grid-parity-odd  piscinas-soleo_sort  av_one_fourth first default_av_fullwidth '><article class='main_color inner-entry'  itemscope=\"itemscope\" itemtype=\"https:\/\/schema.org\/CreativeWork\" ><a href='https:\/\/www.rppiscinas.com\/pt\/portfolio-item\/piscinas-soleo-r15\/' title=''  data-rel='grid-1' class='grid-image avia-hover-fx'><img width=\"257\" height=\"183\" src=\"https:\/\/www.rppiscinas.com\/pt\/wp-content\/uploads\/2014\/02\/piscinas-soleo-rectangle-destaque.jpg\" class=\"attachment-portfolio_small size-portfolio_small wp-post-image\" alt=\"Piscinas SOLEO RP Industries Rectangle R15\" decoding=\"async\" loading=\"lazy\" \/><\/a><footer class=\"entry-footer\"><\/footer><\/article><\/div><div data-ajax-id='2729' class=' grid-entry flex_column isotope-item all_sort no_margin post-entry post-entry-2729 grid-entry-overview grid-loop-2 grid-parity-even  piscinas-soleo_sort  av_one_fourth  default_av_fullwidth '><article class='main_color inner-entry'  itemscope=\"itemscope\" itemtype=\"https:\/\/schema.org\/CreativeWork\" ><a href='https:\/\/www.rppiscinas.com\/pt\/portfolio-item\/rectangle-r25\/' title=''  data-rel='grid-1' class='grid-image avia-hover-fx'><img width=\"257\" height=\"183\" src=\"https:\/\/www.rppiscinas.com\/pt\/wp-content\/uploads\/2014\/02\/piscinas-soleo-rp-R25-destaque.jpg\" class=\"attachment-portfolio_small size-portfolio_small wp-post-image\" alt=\"Piscinas SOLEO RP Industries Rectangle R25\" decoding=\"async\" loading=\"lazy\" \/><\/a><footer class=\"entry-footer\"><\/footer><\/article><\/div><div data-ajax-id='2738' class=' grid-entry flex_column isotope-item all_sort no_margin post-entry post-entry-2738 grid-entry-overview grid-loop-3 grid-parity-odd  piscinas-soleo_sort  av_one_fourth  default_av_fullwidth '><article class='main_color inner-entry'  itemscope=\"itemscope\" itemtype=\"https:\/\/schema.org\/CreativeWork\" ><a href='https:\/\/www.rppiscinas.com\/pt\/portfolio-item\/cordoba\/' title=''  data-rel='grid-1' class='grid-image avia-hover-fx'><img width=\"257\" height=\"183\" src=\"https:\/\/www.rppiscinas.com\/pt\/wp-content\/uploads\/2014\/02\/piscinas-soleo-cordoba-destaque.jpg\" class=\"attachment-portfolio_small size-portfolio_small wp-post-image\" alt=\"Piscinas SOLEO RP Industries Cordoba\" decoding=\"async\" loading=\"lazy\" \/><\/a><footer class=\"entry-footer\"><\/footer><\/article><\/div><div data-ajax-id='2743' class=' grid-entry flex_column isotope-item all_sort no_margin post-entry post-entry-2743 grid-entry-overview grid-loop-4 grid-parity-even  post-entry-last  piscinas-soleo_sort  av_one_fourth  default_av_fullwidth '><article class='main_color inner-entry'  itemscope=\"itemscope\" itemtype=\"https:\/\/schema.org\/CreativeWork\" ><a href='https:\/\/www.rppiscinas.com\/pt\/portfolio-item\/santiago\/' title=''  data-rel='grid-1' class='grid-image avia-hover-fx'><img width=\"257\" height=\"183\" src=\"https:\/\/www.rppiscinas.com\/pt\/wp-content\/uploads\/2014\/02\/piscina-santiago-destaque.jpg\" class=\"attachment-portfolio_small size-portfolio_small wp-post-image\" alt=\"Piscinas SOLEO RP Industries Santiago\" decoding=\"async\" loading=\"lazy\" \/><\/a><footer class=\"entry-footer\"><\/footer><\/article><\/div><\/div><\/div>\n","protected":false},"excerpt":{"rendered":"","protected":false},"author":1,"featured_media":0,"parent":0,"menu_order":0,"comment_status":"open","ping_status":"open","template":"","meta":[],"yoast_head":"<!-- This site is optimized with the Yoast SEO plugin v20.3 - https:\/\/yoast.com\/wordpress\/plugins\/seo\/ -->\n<title>Or\u00e7amento Piscinas Soleo<\/title>\n<meta name=\"description\" content=\"As piscinas em a\u00e7o SOLEO aliam a resist\u00eancia do a\u00e7o e a robustez do bet\u00e3o, \u00e0 elasticidade e estanquicidade do liner. De instala\u00e7\u00e3o r\u00e1pida (entre 3 e 4 dias \u00fateis), as piscinas em a\u00e7o SOLEO s\u00e3o a garantia de uma t\u00e9cnica de constru\u00e7\u00e3o simples, robusta e r\u00e1pida.\" \/>\n<meta name=\"robots\" content=\"index, follow, max-snippet:-1, max-image-preview:large, max-video-preview:-1\" \/>\n<link rel=\"canonical\" href=\"https:\/\/www.rppiscinas.com\/pt\/orcamento\/\" \/>\n<meta property=\"og:locale\" content=\"pt_PT\" \/>\n<meta property=\"og:type\" content=\"article\" \/>\n<meta property=\"og:title\" content=\"Or\u00e7amento Piscinas Soleo\" \/>\n<meta property=\"og:description\" content=\"As piscinas em a\u00e7o SOLEO aliam a resist\u00eancia do a\u00e7o e a robustez do bet\u00e3o, \u00e0 elasticidade e estanquicidade do liner. De instala\u00e7\u00e3o r\u00e1pida (entre 3 e 4 dias \u00fateis), as piscinas em a\u00e7o SOLEO s\u00e3o a garantia de uma t\u00e9cnica de constru\u00e7\u00e3o simples, robusta e r\u00e1pida.\" \/>\n<meta property=\"og:url\" content=\"https:\/\/www.rppiscinas.com\/pt\/orcamento\/\" \/>\n<meta property=\"og:site_name\" content=\"Soleo Piscinas\" \/>\n<meta property=\"article:publisher\" content=\"https:\/\/www.facebook.com\/soleopiscinas\" \/>\n<meta property=\"article:modified_time\" content=\"2018-04-21T11:50:30+00:00\" \/>\n<meta property=\"og:image\" content=\"https:\/\/www.rppiscinas.com\/pt\/wp-content\/uploads\/2018\/06\/piscina1.jpg\" \/>\n\t<meta property=\"og:image:width\" content=\"1200\" \/>\n\t<meta property=\"og:image:height\" content=\"603\" \/>\n\t<meta property=\"og:image:type\" content=\"image\/jpeg\" \/>\n<meta name=\"twitter:label1\" content=\"Tempo estimado de leitura\" \/>\n\t<meta name=\"twitter:data1\" content=\"2 minutos\" \/>\n<script type=\"application\/ld+json\" class=\"yoast-schema-graph\">{\"@context\":\"https:\/\/schema.org\",\"@graph\":[{\"@type\":\"WebPage\",\"@id\":\"https:\/\/www.rppiscinas.com\/pt\/orcamento\/\",\"url\":\"https:\/\/www.rppiscinas.com\/pt\/orcamento\/\",\"name\":\"Or\u00e7amento Piscinas Soleo\",\"isPartOf\":{\"@id\":\"https:\/\/www.rppiscinas.com\/pt\/#website\"},\"datePublished\":\"2014-04-01T10:57:42+00:00\",\"dateModified\":\"2018-04-21T11:50:30+00:00\",\"description\":\"As piscinas em a\u00e7o SOLEO aliam a resist\u00eancia do a\u00e7o e a robustez do bet\u00e3o, \u00e0 elasticidade e estanquicidade do liner. De instala\u00e7\u00e3o r\u00e1pida (entre 3 e 4 dias \u00fateis), as piscinas em a\u00e7o SOLEO s\u00e3o a garantia de uma t\u00e9cnica de constru\u00e7\u00e3o simples, robusta e r\u00e1pida.\",\"breadcrumb\":{\"@id\":\"https:\/\/www.rppiscinas.com\/pt\/orcamento\/#breadcrumb\"},\"inLanguage\":\"pt-PT\",\"potentialAction\":[{\"@type\":\"ReadAction\",\"target\":[\"https:\/\/www.rppiscinas.com\/pt\/orcamento\/\"]}]},{\"@type\":\"BreadcrumbList\",\"@id\":\"https:\/\/www.rppiscinas.com\/pt\/orcamento\/#breadcrumb\",\"itemListElement\":[{\"@type\":\"ListItem\",\"position\":1,\"name\":\"Home\",\"item\":\"https:\/\/www.rppiscinas.com\/pt\/\"},{\"@type\":\"ListItem\",\"position\":2,\"name\":\"Or\u00e7amento\"}]},{\"@type\":\"WebSite\",\"@id\":\"https:\/\/www.rppiscinas.com\/pt\/#website\",\"url\":\"https:\/\/www.rppiscinas.com\/pt\/\",\"name\":\"Soleo Piscinas\",\"description\":\"Mais do que uma piscina\",\"publisher\":{\"@id\":\"https:\/\/www.rppiscinas.com\/pt\/#organization\"},\"alternateName\":\"Soleo Piscinas\",\"potentialAction\":[{\"@type\":\"SearchAction\",\"target\":{\"@type\":\"EntryPoint\",\"urlTemplate\":\"https:\/\/www.rppiscinas.com\/pt\/?s={search_term_string}\"},\"query-input\":\"required name=search_term_string\"}],\"inLanguage\":\"pt-PT\"},{\"@type\":\"Organization\",\"@id\":\"https:\/\/www.rppiscinas.com\/pt\/#organization\",\"name\":\"Soleo Piscinas\",\"url\":\"https:\/\/www.rppiscinas.com\/pt\/\",\"logo\":{\"@type\":\"ImageObject\",\"inLanguage\":\"pt-PT\",\"@id\":\"https:\/\/www.rppiscinas.com\/pt\/#\/schema\/logo\/image\/\",\"url\":\"https:\/\/www.rppiscinas.com\/pt\/wp-content\/uploads\/2025\/03\/logowebsite-1.png\",\"contentUrl\":\"https:\/\/www.rppiscinas.com\/pt\/wp-content\/uploads\/2025\/03\/logowebsite-1.png\",\"width\":160,\"height\":75,\"caption\":\"Soleo Piscinas\"},\"image\":{\"@id\":\"https:\/\/www.rppiscinas.com\/pt\/#\/schema\/logo\/image\/\"},\"sameAs\":[\"https:\/\/www.facebook.com\/soleopiscinas\",\"https:\/\/www.instagram.com\/soleopiscinas\/\",\"https:\/\/pt.pinterest.com\/soleopiscinas\/\"]}]}<\/script>\n<!-- \/ Yoast SEO plugin. -->","yoast_head_json":{"title":"Or\u00e7amento Piscinas Soleo","description":"As piscinas em a\u00e7o SOLEO aliam a resist\u00eancia do a\u00e7o e a robustez do bet\u00e3o, \u00e0 elasticidade e estanquicidade do liner. De instala\u00e7\u00e3o r\u00e1pida (entre 3 e 4 dias \u00fateis), as piscinas em a\u00e7o SOLEO s\u00e3o a garantia de uma t\u00e9cnica de constru\u00e7\u00e3o simples, robusta e r\u00e1pida.","robots":{"index":"index","follow":"follow","max-snippet":"max-snippet:-1","max-image-preview":"max-image-preview:large","max-video-preview":"max-video-preview:-1"},"canonical":"https:\/\/www.rppiscinas.com\/pt\/orcamento\/","og_locale":"pt_PT","og_type":"article","og_title":"Or\u00e7amento Piscinas Soleo","og_description":"As piscinas em a\u00e7o SOLEO aliam a resist\u00eancia do a\u00e7o e a robustez do bet\u00e3o, \u00e0 elasticidade e estanquicidade do liner. De instala\u00e7\u00e3o r\u00e1pida (entre 3 e 4 dias \u00fateis), as piscinas em a\u00e7o SOLEO s\u00e3o a garantia de uma t\u00e9cnica de constru\u00e7\u00e3o simples, robusta e r\u00e1pida.","og_url":"https:\/\/www.rppiscinas.com\/pt\/orcamento\/","og_site_name":"Soleo Piscinas","article_publisher":"https:\/\/www.facebook.com\/soleopiscinas","article_modified_time":"2018-04-21T11:50:30+00:00","og_image":[{"width":1200,"height":603,"url":"https:\/\/www.rppiscinas.com\/pt\/wp-content\/uploads\/2018\/06\/piscina1.jpg","type":"image\/jpeg"}],"twitter_misc":{"Tempo estimado de leitura":"2 minutos"},"schema":{"@context":"https:\/\/schema.org","@graph":[{"@type":"WebPage","@id":"https:\/\/www.rppiscinas.com\/pt\/orcamento\/","url":"https:\/\/www.rppiscinas.com\/pt\/orcamento\/","name":"Or\u00e7amento Piscinas Soleo","isPartOf":{"@id":"https:\/\/www.rppiscinas.com\/pt\/#website"},"datePublished":"2014-04-01T10:57:42+00:00","dateModified":"2018-04-21T11:50:30+00:00","description":"As piscinas em a\u00e7o SOLEO aliam a resist\u00eancia do a\u00e7o e a robustez do bet\u00e3o, \u00e0 elasticidade e estanquicidade do liner. De instala\u00e7\u00e3o r\u00e1pida (entre 3 e 4 dias \u00fateis), as piscinas em a\u00e7o SOLEO s\u00e3o a garantia de uma t\u00e9cnica de constru\u00e7\u00e3o simples, robusta e r\u00e1pida.","breadcrumb":{"@id":"https:\/\/www.rppiscinas.com\/pt\/orcamento\/#breadcrumb"},"inLanguage":"pt-PT","potentialAction":[{"@type":"ReadAction","target":["https:\/\/www.rppiscinas.com\/pt\/orcamento\/"]}]},{"@type":"BreadcrumbList","@id":"https:\/\/www.rppiscinas.com\/pt\/orcamento\/#breadcrumb","itemListElement":[{"@type":"ListItem","position":1,"name":"Home","item":"https:\/\/www.rppiscinas.com\/pt\/"},{"@type":"ListItem","position":2,"name":"Or\u00e7amento"}]},{"@type":"WebSite","@id":"https:\/\/www.rppiscinas.com\/pt\/#website","url":"https:\/\/www.rppiscinas.com\/pt\/","name":"Soleo Piscinas","description":"Mais do que uma piscina","publisher":{"@id":"https:\/\/www.rppiscinas.com\/pt\/#organization"},"alternateName":"Soleo Piscinas","potentialAction":[{"@type":"SearchAction","target":{"@type":"EntryPoint","urlTemplate":"https:\/\/www.rppiscinas.com\/pt\/?s={search_term_string}"},"query-input":"required name=search_term_string"}],"inLanguage":"pt-PT"},{"@type":"Organization","@id":"https:\/\/www.rppiscinas.com\/pt\/#organization","name":"Soleo Piscinas","url":"https:\/\/www.rppiscinas.com\/pt\/","logo":{"@type":"ImageObject","inLanguage":"pt-PT","@id":"https:\/\/www.rppiscinas.com\/pt\/#\/schema\/logo\/image\/","url":"https:\/\/www.rppiscinas.com\/pt\/wp-content\/uploads\/2025\/03\/logowebsite-1.png","contentUrl":"https:\/\/www.rppiscinas.com\/pt\/wp-content\/uploads\/2025\/03\/logowebsite-1.png","width":160,"height":75,"caption":"Soleo Piscinas"},"image":{"@id":"https:\/\/www.rppiscinas.com\/pt\/#\/schema\/logo\/image\/"},"sameAs":["https:\/\/www.facebook.com\/soleopiscinas","https:\/\/www.instagram.com\/soleopiscinas\/","https:\/\/pt.pinterest.com\/soleopiscinas\/"]}]}},"_links":{"self":[{"href":"https:\/\/www.rppiscinas.com\/pt\/wp-json\/wp\/v2\/pages\/3602"}],"collection":[{"href":"https:\/\/www.rppiscinas.com\/pt\/wp-json\/wp\/v2\/pages"}],"about":[{"href":"https:\/\/www.rppiscinas.com\/pt\/wp-json\/wp\/v2\/types\/page"}],"author":[{"embeddable":true,"href":"https:\/\/www.rppiscinas.com\/pt\/wp-json\/wp\/v2\/users\/1"}],"replies":[{"embeddable":true,"href":"https:\/\/www.rppiscinas.com\/pt\/wp-json\/wp\/v2\/comments?post=3602"}],"version-history":[{"count":27,"href":"https:\/\/www.rppiscinas.com\/pt\/wp-json\/wp\/v2\/pages\/3602\/revisions"}],"predecessor-version":[{"id":7565,"href":"https:\/\/www.rppiscinas.com\/pt\/wp-json\/wp\/v2\/pages\/3602\/revisions\/7565"}],"wp:attachment":[{"href":"https:\/\/www.rppiscinas.com\/pt\/wp-json\/wp\/v2\/media?parent=3602"}],"curies":[{"name":"wp","href":"https:\/\/api.w.org\/{rel}","templated":true}]}}