{"id":3580,"date":"2014-03-28T18:18:10","date_gmt":"2014-03-28T18:18:10","guid":{"rendered":"http:\/\/rppiscinas.com\/pt\/?page_id=3580"},"modified":"2025-03-06T15:50:04","modified_gmt":"2025-03-06T15:50:04","slug":"aquecimento-de-piscinas","status":"publish","type":"page","link":"https:\/\/www.rppiscinas.com\/pt\/aquecimento-de-piscinas\/","title":{"rendered":"Aquecimento de piscinas"},"content":{"rendered":"<p><div class=\"flex_column av_one_full  flex_column_div first  avia-builder-el-0  el_before_av_hr  avia-builder-el-first  \" ><p><div class='avia-button-wrap avia-button-left  avia-builder-el-1  el_before_av_button  avia-builder-el-first '><a href='https:\/\/www.rppiscinas.com\/pt\/liner-piscinas\/'  class='avia-button   avia-icon_select-no avia-color-theme-color avia-size-small avia-position-left '   ><span class='avia_iconbox_title' >Liners<\/span><\/a><\/div><br \/>\n<div class='avia-button-wrap avia-button-left  avia-builder-el-2  el_after_av_button  el_before_av_button '><a href='https:\/\/www.rppiscinas.com\/pt\/bordaduras-para-piscinas\/'  class='avia-button   avia-icon_select-no avia-color-theme-color avia-size-small avia-position-left '   ><span class='avia_iconbox_title' >Bordaduras<\/span><\/a><\/div><br \/>\n<div class='avia-button-wrap avia-button-left  avia-builder-el-3  el_after_av_button  el_before_av_button '><a href='https:\/\/www.rppiscinas.com\/pt\/tratamento-de-piscinas\/'  class='avia-button   avia-icon_select-no avia-color-theme-color avia-size-small avia-position-left '   ><span class='avia_iconbox_title' >Desinfe\u00e7\u00e3o<\/span><\/a><\/div><br \/>\n<div class='avia-button-wrap avia-button-left  avia-builder-el-4  el_after_av_button  el_before_av_button '><a href='javascript:void(0)'  class='avia-button   avia-icon_select-no avia-color-orange avia-size-small avia-position-left '   ><span class='avia_iconbox_title' >Aquecimento<\/span><\/a><\/div><br \/>\n<div class='avia-button-wrap avia-button-left  avia-builder-el-5  el_after_av_button  el_before_av_button '><a href='https:\/\/www.rppiscinas.com\/pt\/manutencao-de-piscinas\/'  class='avia-button   avia-icon_select-no avia-color-theme-color avia-size-small avia-position-left '   ><span class='avia_iconbox_title' >Manuten\u00e7\u00e3o<\/span><\/a><\/div><br \/>\n<div class='avia-button-wrap avia-button-left  avia-builder-el-6  el_after_av_button  el_before_av_button '><a href='https:\/\/www.rppiscinas.com\/pt\/acessorios-de-piscinas\/'  class='avia-button   avia-icon_select-no avia-color-theme-color avia-size-small avia-position-left '   ><span class='avia_iconbox_title' >Acess\u00f3rios<\/span><\/a><\/div><br \/>\n<div class='avia-button-wrap avia-button-left  avia-builder-el-7  el_after_av_button  avia-builder-el-last '><a href='https:\/\/www.rppiscinas.com\/pt\/filtros-para-piscinas\/'  class='avia-button   avia-icon_select-no avia-color-theme-color avia-size-small avia-position-left '   ><span class='avia_iconbox_title' >Filtra\u00e7\u00e3o<\/span><\/a><\/div><\/p><\/div><br \/>\n<div  class='hr hr-default   avia-builder-el-8  el_after_av_one_full  el_before_av_two_third '><span class='hr-inner ' ><span class='hr-inner-style'><\/span><\/span><\/div><br \/>\n<div class=\"flex_column av_two_third  flex_column_div first  avia-builder-el-9  el_after_av_hr  el_before_av_one_third  \" ><section class=\"av_textblock_section \"  itemscope=\"itemscope\" itemtype=\"https:\/\/schema.org\/CreativeWork\" ><div class='avia_textblock  '   itemprop=\"text\" ><h2><span style=\"color: #000000;\">Aquecimento de piscinas\u00a0<\/span><\/h2>\n<h3><span style=\"color: #1692de;\"><strong>Um mergulho a 28\u00baC durante todo o ano<\/strong><\/span><\/h3>\n<p style=\"text-align: justify;\">A temperatura da \u00e1gua \u00e9 sem d\u00favida um dos aspetos mais importantes no momento de utilizar a piscina. Para quem pretende um mergulho mais confort\u00e1vel e a uma temperatura mais apetec\u00edvel \u00e9 imprescind\u00edvel dotar a piscina de um sistema de aquecimento de piscinas SOLEO.<br \/>\nConcebidos pelas mais modernas tecnologias, as solu\u00e7\u00f5es de aquecimento de piscinas apresentadas destacam-se pela sua fiabilidade e baixo custo.<br \/>\n<strong>&#8211; Tecnologias inovadoras e de elevada efic\u00e1cia;<\/strong><br \/>\n<strong>&#8211; Temperatura da \u00e1gua confort\u00e1vel;<br \/>\n<\/strong><strong>&#8211; Custos de funcionamento controlados;<br \/>\n&#8211; Solu\u00e7\u00f5es de desumidifica\u00e7\u00e3o para piscinas interiores.\u00a0<\/strong><\/p>\n<\/div><\/section><\/div><br \/>\n<div class=\"flex_column av_one_third  flex_column_div av-zero-column-padding   avia-builder-el-11  el_after_av_two_third  el_before_av_hr  \" style='border-radius:0px; '><div class='avia-image-container  av-styling-    avia-builder-el-12  avia-builder-el-no-sibling  avia-align-center '  itemprop=\"image\" itemscope=\"itemscope\" itemtype=\"https:\/\/schema.org\/ImageObject\"  ><div class='avia-image-container-inner'><div class='avia-image-overlay-wrap'><img class='avia_image' src='\/\/www.rppiscinas.com\/pt\/wp-content\/uploads\/2014\/03\/aquecimento_de_piscinas_soleo.jpg' alt='Aquecimento de piscinas SOLEO' title='Aquecimento de piscinas'   itemprop=\"thumbnailUrl\"  \/><\/div><\/div><\/div><\/div><br \/>\n<div  class='hr hr-default   avia-builder-el-13  el_after_av_one_third  el_before_av_textblock '><span class='hr-inner ' ><span class='hr-inner-style'><\/span><\/span><\/div><br \/>\n<section class=\"av_textblock_section \"  itemscope=\"itemscope\" itemtype=\"https:\/\/schema.org\/CreativeWork\" ><div class='avia_textblock  '   itemprop=\"text\" ><h2 style=\"text-align: center;\"><span style=\"color: #1692de;\">Aquecimento de piscinas de refer\u00eancia \u00a0<\/span><\/h2>\n<p style=\"text-align: center;\">Aquecimento de piscinas da gama SOLEO com uma linha de solu\u00e7\u00f5es com capacidade de enquadramento \u00e0s carater\u00edsticas de cada espa\u00e7o. \u00a0As solu\u00e7\u00f5es de <strong>aquecimento de piscinas SOLEO<\/strong> foram concebidas para quem n\u00e3o dispensa uma <strong>confort\u00e1vel temperatura da \u00e1gua<\/strong> em qualquer altura do ano.<\/p>\n<p style=\"text-align: center;\">.<\/p>\n<\/div><\/section><br \/>\n<div class=\"flex_column av_one_third  flex_column_div first  avia-builder-el-15  el_after_av_textblock  el_before_av_one_third  column-top-margin\" ><p><div class='avia-image-container  av-styling-    avia-builder-el-16  el_before_av_textblock  avia-builder-el-first   avia-align-center '  itemprop=\"image\" itemscope=\"itemscope\" itemtype=\"https:\/\/schema.org\/ImageObject\"  ><div class='avia-image-container-inner'><div class='avia-image-overlay-wrap'><img class='avia_image' src='https:\/\/www.rppiscinas.com\/pt\/wp-content\/uploads\/2022\/07\/aquecimento_de_piscinas_RP.jpg' alt='' title='aquecimento_de_piscinas_RP' height=\"220\" width=\"292\"  itemprop=\"thumbnailUrl\"  \/><\/div><\/div><\/div><br \/>\n<section class=\"av_textblock_section \"  itemscope=\"itemscope\" itemtype=\"https:\/\/schema.org\/CreativeWork\" ><div class='avia_textblock  '   itemprop=\"text\" ><p><strong>Bomba de Calor<br \/>\n<\/strong>A bomba de calor \u00e9 o sistema de aquecimento de piscinas mais utilizado. De simples funcionamento permite captar a energia calor\u00edfica no ar e proceder \u00e0 sua transfer\u00eancia para a \u00e1gua da piscina. 80% da energia fornecida \u00e9 gratuita.<\/p>\n<\/div><\/section><br \/>\n<div class='avia-button-wrap avia-button-left  avia-builder-el-18  el_after_av_textblock  avia-builder-el-last '><a href='http:\/\/aquashop.pt\/pt\/index.php?controller=search&orderby=position&orderway=desc&search_query=Bomba+de+Calor&submit_search='  class='avia-button   avia-icon_select-no avia-color-blue avia-size-small avia-position-left '  target=\"_blank\"   ><span class='avia_iconbox_title' >COMPRAR<\/span><\/a><\/div><\/p><\/div><div class=\"flex_column av_one_third  flex_column_div av-zero-column-padding   avia-builder-el-19  el_after_av_one_third  el_before_av_one_third  column-top-margin\" style='border-radius:0px; '><p><div class='avia-image-container  av-styling-    avia-builder-el-20  el_before_av_textblock  avia-builder-el-first   avia-align-center '  itemprop=\"image\" itemscope=\"itemscope\" itemtype=\"https:\/\/schema.org\/ImageObject\"  ><div class='avia-image-container-inner'><div class='avia-image-overlay-wrap'><img class='avia_image' src='https:\/\/www.rppiscinas.com\/pt\/wp-content\/uploads\/2022\/07\/permutador-de-calor.jpg' alt='' title='permutador-de-calor' height=\"220\" width=\"292\"  itemprop=\"thumbnailUrl\"  \/><\/div><\/div><\/div><br \/>\n<section class=\"av_textblock_section \"  itemscope=\"itemscope\" itemtype=\"https:\/\/schema.org\/CreativeWork\" ><div class='avia_textblock  '   itemprop=\"text\" ><p><strong>Permutador de Calor<br \/>\n<\/strong>Com recurso a uma caldeira, a \u00f3leo, combust\u00edvel ou a uma bomba de calor \u00e9 poss\u00edvel utilizar o permutador para o aquecimento da \u00e1gua. \u00c9 comum a sua utiliza\u00e7\u00e3o aos fins de semana ou em per\u00edodos de maior utiliza\u00e7\u00e3o da piscina.<\/p>\n<\/div><\/section><br \/>\n<div class='avia-button-wrap avia-button-left  avia-builder-el-22  el_after_av_textblock  avia-builder-el-last '><a href='\/\/www.rppiscinas.com\/pt\/pedido-de-orcamento\/?equip=Permutador de Calor'  class='avia-button   avia-icon_select-no avia-color-blue avia-size-small avia-position-left '   ><span class='avia_iconbox_title' >Solicite Or\u00e7amento<\/span><\/a><\/div><\/p><\/div><div class=\"flex_column av_one_third  flex_column_div av-zero-column-padding   avia-builder-el-23  el_after_av_one_third  el_before_av_section  avia-builder-el-last  column-top-margin\" style='border-radius:0px; '><p><div class='avia-image-container  av-styling-    avia-builder-el-24  el_before_av_textblock  avia-builder-el-first   avia-align-center '  itemprop=\"image\" itemscope=\"itemscope\" itemtype=\"https:\/\/schema.org\/ImageObject\"  ><div class='avia-image-container-inner'><div class='avia-image-overlay-wrap'><img class='avia_image' src='https:\/\/www.rppiscinas.com\/pt\/wp-content\/uploads\/2022\/07\/desumificador.jpg' alt='' title='desumificador' height=\"220\" width=\"292\"  itemprop=\"thumbnailUrl\"  \/><\/div><\/div><\/div><br \/>\n<section class=\"av_textblock_section \"  itemscope=\"itemscope\" itemtype=\"https:\/\/schema.org\/CreativeWork\" ><div class='avia_textblock  '   itemprop=\"text\" ><p><strong>Desumidificador<br \/>\n<\/strong>A sua utiliza\u00e7\u00e3o \u00e9 essencial em piscinas de interiores de forma a assegurar uma higrometria de 60% a 70% para conforto dos utilizadores e a preserva\u00e7\u00e3o do equipamentos.<\/p>\n<\/div><\/section><br \/>\n<div class='avia-button-wrap avia-button-left  avia-builder-el-26  el_after_av_textblock  avia-builder-el-last '><a href='\/\/www.rppiscinas.com\/pt\/pedido-de-orcamento\/?equip=Desumidificador'  class='avia-button   avia-icon_select-no avia-color-blue avia-size-small avia-position-left '   ><span class='avia_iconbox_title' >Solicite Or\u00e7amento<\/span><\/a><\/div><\/p><\/div><\/div><\/div><\/div><!-- close content main div --><\/div><\/div><div id='av_section_1' class='avia-section main_color avia-section-default avia-no-shadow avia-bg-style-fixed  avia-builder-el-27  el_after_av_one_third  el_before_av_one_third   container_wrap fullsize' style=' '  ><div class='container' ><div class='template-page content  av-content-full alpha units'><div class='post-entry post-entry-type-page post-entry-3580'><div class='entry-content-wrapper clearfix'>\n<div class=\"flex_column av_one_third  flex_column_div first  avia-builder-el-28  el_before_av_two_third  avia-builder-el-first  \" ><div class='avia-image-container  av-styling-    avia-builder-el-29  avia-builder-el-no-sibling   avia-align-center '  itemprop=\"image\" itemscope=\"itemscope\" itemtype=\"https:\/\/schema.org\/ImageObject\"  ><div class='avia-image-container-inner'><div class='avia-image-overlay-wrap'><img class='avia_image' src='https:\/\/www.rppiscinas.com\/pt\/wp-content\/uploads\/2022\/07\/aquecimento_de_piscinas_RP.jpg' alt='' title='aquecimento_de_piscinas_RP' height=\"220\" width=\"292\"  itemprop=\"thumbnailUrl\"  \/><\/div><\/div><\/div><\/div><div class=\"flex_column av_two_third  flex_column_div av-zero-column-padding   avia-builder-el-30  el_after_av_one_third  avia-builder-el-last  \" style='border-radius:0px; '><section class=\"av_textblock_section \"  itemscope=\"itemscope\" itemtype=\"https:\/\/schema.org\/CreativeWork\" ><div class='avia_textblock  '   itemprop=\"text\" ><h2><strong>80% de energia gratuita com a bomba de Calor SOLEO<\/strong><\/h2>\n<p><strong>Mais econ\u00f3mica e eficaz, a bomba de calor \u00e9 o sistema mais utilizado no aquecimento de piscinas em todo o mundo. Com um conceito de funcionamento amigo do ambiente, a bomba de calor tem a particularidade de utilizar a energia contida no ar para a transferir para a \u00e1gua da piscina. Na realidade uma bomba de calor tem a capacidade de restituir 5 kW de pot\u00eancia calor\u00edfica \u00e0 piscina por cada kW consumido.<\/strong><br \/>\n<strong>O modo de funcionamento altamente silencioso, permite \u00e0 bomba de calor n\u00e3o ultrapassar os 58 dB.<\/strong><br \/>\n<strong> Com 5 anos de garantia contra a corros\u00e3o, o condensador de tit\u00e2nio que equipa as bombas de calor SOLEO \u00e9 compat\u00edvel com todos os tratamentos de \u00e1gua. <\/strong><br \/>\n<strong>Pelo seu principio de funcionamento, as bombas de calor asseguram a suas carater\u00edsticas ecol\u00f3gicas. Desta forma, \u00e9 uma realidade que 80% da energia enviada para a piscina tem origem somente no ar.<\/strong><\/p>\n<\/div><\/section><br \/>\n<div class='avia-button-wrap avia-button-left  avia-builder-el-32  el_after_av_textblock  avia-builder-el-last '><a href='http:\/\/aquashop.pt\/pt\/index.php?controller=search&orderby=position&orderway=desc&search_query=Bomba+de+calor&submit_search='  class='avia-button   avia-icon_select-no avia-color-silver avia-size-small avia-position-left '  target=\"_blank\"   ><span class='avia_iconbox_title' >COMPRAR<\/span><\/a><\/div><\/p><\/div><\/div><\/div><\/div><!-- close content main div --><\/div><\/div><div id='after_section_1' class='main_color av_default_container_wrap container_wrap fullsize' style=' '  ><div class='container' ><div class='template-page content  av-content-full alpha units'><div class='post-entry post-entry-type-page post-entry-3580'><div class='entry-content-wrapper clearfix'><div class=\"flex_column av_one_third  flex_column_div first  avia-builder-el-33  el_after_av_section  el_before_av_two_third  avia-builder-el-first  \" ><div class='avia-image-container  av-styling-    avia-builder-el-34  avia-builder-el-no-sibling   avia-align-center '  itemprop=\"image\" itemscope=\"itemscope\" itemtype=\"https:\/\/schema.org\/ImageObject\"  ><div class='avia-image-container-inner'><div class='avia-image-overlay-wrap'><img class='avia_image' src='https:\/\/www.rppiscinas.com\/pt\/wp-content\/uploads\/2022\/07\/SOLU\u00c7\u00d5ES-DE-DESUMIDIFICA\u00c7\u00c3O-PARA-PISCINAS-INTERIORES.jpg' alt='' title='SOLU\u00c7\u00d5ES-DE-DESUMIDIFICA\u00c7\u00c3O-PARA-PISCINAS-INTERIORES' height=\"220\" width=\"292\"  itemprop=\"thumbnailUrl\"  \/><\/div><\/div><\/div><\/div><div class=\"flex_column av_two_third  flex_column_div av-zero-column-padding   avia-builder-el-35  el_after_av_one_third  avia-builder-el-last  \" style='border-radius:0px; '><section class=\"av_textblock_section \"  itemscope=\"itemscope\" itemtype=\"https:\/\/schema.org\/CreativeWork\" ><div class='avia_textblock  '   itemprop=\"text\" ><h4 style=\"text-align: left;\">SOLU\u00c7\u00d5ES DE DESUMIDIFICA\u00c7\u00c3O PARA PISCINAS INTERIORES<\/h4>\n<p>Na gama de desumidificadores SOLEO poder\u00e1 encontrar equipamentos que permitem funcionalidades complementares. Aquecer o ar do seu espa\u00e7o, com recurso a bateria ou um complemento el\u00e9trico ou aquecer a \u00e1gua da piscina atrav\u00e9s de um condensador de \u00e1gua s\u00e3o algumas das possibilidades.<\/p>\n<\/div><\/section><br \/>\n<div class='avia-button-wrap avia-button-left  avia-builder-el-37  el_after_av_textblock  avia-builder-el-last '><a href='\/\/www.rppiscinas.com\/pt\/pedido-de-orcamento\/?equip=Solu\u00e7\u00f5es Desumidifica\u00e7\u00e3o Piscinas Interiores'  class='avia-button   avia-icon_select-no avia-color-blue avia-size-small avia-position-left '   ><span class='avia_iconbox_title' >Solicite Or\u00e7amento<\/span><\/a><\/div><\/p><\/div><\/p>\n","protected":false},"excerpt":{"rendered":"","protected":false},"author":1,"featured_media":0,"parent":0,"menu_order":0,"comment_status":"open","ping_status":"open","template":"","meta":[],"yoast_head":"<!-- This site is optimized with the Yoast SEO plugin v20.3 - https:\/\/yoast.com\/wordpress\/plugins\/seo\/ -->\n<title>Aquecimento de Piscinas SOLEO RPI | Bombas de calor<\/title>\n<meta name=\"description\" content=\"Aquecimento de piscinas SOLEO com uma gama completa de bombas de calor, desumidificadores, permutadores de calor, aquecedores el\u00e9tricos ou caldeiras.\" \/>\n<meta name=\"robots\" content=\"index, follow, max-snippet:-1, max-image-preview:large, max-video-preview:-1\" \/>\n<link rel=\"canonical\" href=\"https:\/\/www.rppiscinas.com\/pt\/aquecimento-de-piscinas\/\" \/>\n<meta property=\"og:locale\" content=\"pt_PT\" \/>\n<meta property=\"og:type\" content=\"article\" \/>\n<meta property=\"og:title\" content=\"Aquecimento de Piscinas SOLEO RPI | Bombas de calor\" \/>\n<meta property=\"og:description\" content=\"Aquecimento de piscinas SOLEO com uma gama completa de bombas de calor, desumidificadores, permutadores de calor, aquecedores el\u00e9tricos ou caldeiras.\" \/>\n<meta property=\"og:url\" content=\"https:\/\/www.rppiscinas.com\/pt\/aquecimento-de-piscinas\/\" \/>\n<meta property=\"og:site_name\" content=\"Soleo Piscinas\" \/>\n<meta property=\"article:publisher\" content=\"https:\/\/www.facebook.com\/soleopiscinas\" \/>\n<meta property=\"article:modified_time\" content=\"2025-03-06T15:50:04+00:00\" \/>\n<meta property=\"og:image\" content=\"https:\/\/www.rppiscinas.com\/pt\/wp-content\/uploads\/2018\/06\/piscina1.jpg\" \/>\n\t<meta property=\"og:image:width\" content=\"1200\" \/>\n\t<meta property=\"og:image:height\" content=\"603\" \/>\n\t<meta property=\"og:image:type\" content=\"image\/jpeg\" \/>\n<meta name=\"twitter:label1\" content=\"Tempo estimado de leitura\" \/>\n\t<meta name=\"twitter:data1\" content=\"5 minutos\" \/>\n<script type=\"application\/ld+json\" class=\"yoast-schema-graph\">{\"@context\":\"https:\/\/schema.org\",\"@graph\":[{\"@type\":\"WebPage\",\"@id\":\"https:\/\/www.rppiscinas.com\/pt\/aquecimento-de-piscinas\/\",\"url\":\"https:\/\/www.rppiscinas.com\/pt\/aquecimento-de-piscinas\/\",\"name\":\"Aquecimento de Piscinas SOLEO RPI | Bombas de calor\",\"isPartOf\":{\"@id\":\"https:\/\/www.rppiscinas.com\/pt\/#website\"},\"datePublished\":\"2014-03-28T18:18:10+00:00\",\"dateModified\":\"2025-03-06T15:50:04+00:00\",\"description\":\"Aquecimento de piscinas SOLEO com uma gama completa de bombas de calor, desumidificadores, permutadores de calor, aquecedores el\u00e9tricos ou caldeiras.\",\"breadcrumb\":{\"@id\":\"https:\/\/www.rppiscinas.com\/pt\/aquecimento-de-piscinas\/#breadcrumb\"},\"inLanguage\":\"pt-PT\",\"potentialAction\":[{\"@type\":\"ReadAction\",\"target\":[\"https:\/\/www.rppiscinas.com\/pt\/aquecimento-de-piscinas\/\"]}]},{\"@type\":\"BreadcrumbList\",\"@id\":\"https:\/\/www.rppiscinas.com\/pt\/aquecimento-de-piscinas\/#breadcrumb\",\"itemListElement\":[{\"@type\":\"ListItem\",\"position\":1,\"name\":\"Home\",\"item\":\"https:\/\/www.rppiscinas.com\/pt\/\"},{\"@type\":\"ListItem\",\"position\":2,\"name\":\"Aquecimento de piscinas\"}]},{\"@type\":\"WebSite\",\"@id\":\"https:\/\/www.rppiscinas.com\/pt\/#website\",\"url\":\"https:\/\/www.rppiscinas.com\/pt\/\",\"name\":\"Soleo Piscinas\",\"description\":\"Mais do que uma piscina\",\"publisher\":{\"@id\":\"https:\/\/www.rppiscinas.com\/pt\/#organization\"},\"alternateName\":\"Soleo Piscinas\",\"potentialAction\":[{\"@type\":\"SearchAction\",\"target\":{\"@type\":\"EntryPoint\",\"urlTemplate\":\"https:\/\/www.rppiscinas.com\/pt\/?s={search_term_string}\"},\"query-input\":\"required name=search_term_string\"}],\"inLanguage\":\"pt-PT\"},{\"@type\":\"Organization\",\"@id\":\"https:\/\/www.rppiscinas.com\/pt\/#organization\",\"name\":\"Soleo Piscinas\",\"url\":\"https:\/\/www.rppiscinas.com\/pt\/\",\"logo\":{\"@type\":\"ImageObject\",\"inLanguage\":\"pt-PT\",\"@id\":\"https:\/\/www.rppiscinas.com\/pt\/#\/schema\/logo\/image\/\",\"url\":\"https:\/\/www.rppiscinas.com\/pt\/wp-content\/uploads\/2025\/03\/logowebsite-1.png\",\"contentUrl\":\"https:\/\/www.rppiscinas.com\/pt\/wp-content\/uploads\/2025\/03\/logowebsite-1.png\",\"width\":160,\"height\":75,\"caption\":\"Soleo Piscinas\"},\"image\":{\"@id\":\"https:\/\/www.rppiscinas.com\/pt\/#\/schema\/logo\/image\/\"},\"sameAs\":[\"https:\/\/www.facebook.com\/soleopiscinas\",\"https:\/\/www.instagram.com\/soleopiscinas\/\",\"https:\/\/pt.pinterest.com\/soleopiscinas\/\"]}]}<\/script>\n<!-- \/ Yoast SEO plugin. -->","yoast_head_json":{"title":"Aquecimento de Piscinas SOLEO RPI | Bombas de calor","description":"Aquecimento de piscinas SOLEO com uma gama completa de bombas de calor, desumidificadores, permutadores de calor, aquecedores el\u00e9tricos ou caldeiras.","robots":{"index":"index","follow":"follow","max-snippet":"max-snippet:-1","max-image-preview":"max-image-preview:large","max-video-preview":"max-video-preview:-1"},"canonical":"https:\/\/www.rppiscinas.com\/pt\/aquecimento-de-piscinas\/","og_locale":"pt_PT","og_type":"article","og_title":"Aquecimento de Piscinas SOLEO RPI | Bombas de calor","og_description":"Aquecimento de piscinas SOLEO com uma gama completa de bombas de calor, desumidificadores, permutadores de calor, aquecedores el\u00e9tricos ou caldeiras.","og_url":"https:\/\/www.rppiscinas.com\/pt\/aquecimento-de-piscinas\/","og_site_name":"Soleo Piscinas","article_publisher":"https:\/\/www.facebook.com\/soleopiscinas","article_modified_time":"2025-03-06T15:50:04+00:00","og_image":[{"width":1200,"height":603,"url":"https:\/\/www.rppiscinas.com\/pt\/wp-content\/uploads\/2018\/06\/piscina1.jpg","type":"image\/jpeg"}],"twitter_misc":{"Tempo estimado de leitura":"5 minutos"},"schema":{"@context":"https:\/\/schema.org","@graph":[{"@type":"WebPage","@id":"https:\/\/www.rppiscinas.com\/pt\/aquecimento-de-piscinas\/","url":"https:\/\/www.rppiscinas.com\/pt\/aquecimento-de-piscinas\/","name":"Aquecimento de Piscinas SOLEO RPI | Bombas de calor","isPartOf":{"@id":"https:\/\/www.rppiscinas.com\/pt\/#website"},"datePublished":"2014-03-28T18:18:10+00:00","dateModified":"2025-03-06T15:50:04+00:00","description":"Aquecimento de piscinas SOLEO com uma gama completa de bombas de calor, desumidificadores, permutadores de calor, aquecedores el\u00e9tricos ou caldeiras.","breadcrumb":{"@id":"https:\/\/www.rppiscinas.com\/pt\/aquecimento-de-piscinas\/#breadcrumb"},"inLanguage":"pt-PT","potentialAction":[{"@type":"ReadAction","target":["https:\/\/www.rppiscinas.com\/pt\/aquecimento-de-piscinas\/"]}]},{"@type":"BreadcrumbList","@id":"https:\/\/www.rppiscinas.com\/pt\/aquecimento-de-piscinas\/#breadcrumb","itemListElement":[{"@type":"ListItem","position":1,"name":"Home","item":"https:\/\/www.rppiscinas.com\/pt\/"},{"@type":"ListItem","position":2,"name":"Aquecimento de piscinas"}]},{"@type":"WebSite","@id":"https:\/\/www.rppiscinas.com\/pt\/#website","url":"https:\/\/www.rppiscinas.com\/pt\/","name":"Soleo Piscinas","description":"Mais do que uma piscina","publisher":{"@id":"https:\/\/www.rppiscinas.com\/pt\/#organization"},"alternateName":"Soleo Piscinas","potentialAction":[{"@type":"SearchAction","target":{"@type":"EntryPoint","urlTemplate":"https:\/\/www.rppiscinas.com\/pt\/?s={search_term_string}"},"query-input":"required name=search_term_string"}],"inLanguage":"pt-PT"},{"@type":"Organization","@id":"https:\/\/www.rppiscinas.com\/pt\/#organization","name":"Soleo Piscinas","url":"https:\/\/www.rppiscinas.com\/pt\/","logo":{"@type":"ImageObject","inLanguage":"pt-PT","@id":"https:\/\/www.rppiscinas.com\/pt\/#\/schema\/logo\/image\/","url":"https:\/\/www.rppiscinas.com\/pt\/wp-content\/uploads\/2025\/03\/logowebsite-1.png","contentUrl":"https:\/\/www.rppiscinas.com\/pt\/wp-content\/uploads\/2025\/03\/logowebsite-1.png","width":160,"height":75,"caption":"Soleo Piscinas"},"image":{"@id":"https:\/\/www.rppiscinas.com\/pt\/#\/schema\/logo\/image\/"},"sameAs":["https:\/\/www.facebook.com\/soleopiscinas","https:\/\/www.instagram.com\/soleopiscinas\/","https:\/\/pt.pinterest.com\/soleopiscinas\/"]}]}},"_links":{"self":[{"href":"https:\/\/www.rppiscinas.com\/pt\/wp-json\/wp\/v2\/pages\/3580"}],"collection":[{"href":"https:\/\/www.rppiscinas.com\/pt\/wp-json\/wp\/v2\/pages"}],"about":[{"href":"https:\/\/www.rppiscinas.com\/pt\/wp-json\/wp\/v2\/types\/page"}],"author":[{"embeddable":true,"href":"https:\/\/www.rppiscinas.com\/pt\/wp-json\/wp\/v2\/users\/1"}],"replies":[{"embeddable":true,"href":"https:\/\/www.rppiscinas.com\/pt\/wp-json\/wp\/v2\/comments?post=3580"}],"version-history":[{"count":34,"href":"https:\/\/www.rppiscinas.com\/pt\/wp-json\/wp\/v2\/pages\/3580\/revisions"}],"predecessor-version":[{"id":21690,"href":"https:\/\/www.rppiscinas.com\/pt\/wp-json\/wp\/v2\/pages\/3580\/revisions\/21690"}],"wp:attachment":[{"href":"https:\/\/www.rppiscinas.com\/pt\/wp-json\/wp\/v2\/media?parent=3580"}],"curies":[{"name":"wp","href":"https:\/\/api.w.org\/{rel}","templated":true}]}}