{"id":3550,"date":"2014-03-28T11:47:42","date_gmt":"2014-03-28T11:47:42","guid":{"rendered":"http:\/\/rppiscinas.com\/pt\/?page_id=3550"},"modified":"2025-07-31T15:03:26","modified_gmt":"2025-07-31T15:03:26","slug":"tratamento-de-piscinas","status":"publish","type":"page","link":"https:\/\/www.rppiscinas.com\/pt\/tratamento-de-piscinas\/","title":{"rendered":"Tratamento de piscinas"},"content":{"rendered":"<div class=\"flex_column av_one_full  flex_column_div first  avia-builder-el-0  el_before_av_hr  avia-builder-el-first  \" ><p><div class='avia-button-wrap avia-button-left  avia-builder-el-1  el_before_av_button  avia-builder-el-first '><a href='https:\/\/www.rppiscinas.com\/pt\/liner-piscinas\/'  class='avia-button   avia-icon_select-no avia-color-theme-color avia-size-small avia-position-left '   ><span class='avia_iconbox_title' >Liners<\/span><\/a><\/div><br \/>\n<div class='avia-button-wrap avia-button-left  avia-builder-el-2  el_after_av_button  el_before_av_button '><a href='https:\/\/www.rppiscinas.com\/pt\/bordaduras-para-piscinas\/'  class='avia-button   avia-icon_select-no avia-color-theme-color avia-size-small avia-position-left '   ><span class='avia_iconbox_title' >Bordaduras<\/span><\/a><\/div><br \/>\n<div class='avia-button-wrap avia-button-left  avia-builder-el-3  el_after_av_button  el_before_av_button '><a href='javascript:void(0)'  class='avia-button   avia-icon_select-no avia-color-orange avia-size-small avia-position-left '   ><span class='avia_iconbox_title' >Desinfe\u00e7\u00e3o<\/span><\/a><\/div><br \/>\n<div class='avia-button-wrap avia-button-left  avia-builder-el-4  el_after_av_button  el_before_av_button '><a href='https:\/\/www.rppiscinas.com\/pt\/aquecimento-de-piscinas\/'  class='avia-button   avia-icon_select-no avia-color-theme-color avia-size-small avia-position-left '   ><span class='avia_iconbox_title' >Aquecimento<\/span><\/a><\/div><br \/>\n<div class='avia-button-wrap avia-button-left  avia-builder-el-5  el_after_av_button  el_before_av_button '><a href='https:\/\/www.rppiscinas.com\/pt\/manutencao-de-piscinas\/'  class='avia-button   avia-icon_select-no avia-color-theme-color avia-size-small avia-position-left '   ><span class='avia_iconbox_title' >Manuten\u00e7\u00e3o<\/span><\/a><\/div><br \/>\n<div class='avia-button-wrap avia-button-left  avia-builder-el-6  el_after_av_button  el_before_av_button '><a href='https:\/\/www.rppiscinas.com\/pt\/acessorios-de-piscinas\/'  class='avia-button   avia-icon_select-no avia-color-theme-color avia-size-small avia-position-left '   ><span class='avia_iconbox_title' >Acess\u00f3rios<\/span><\/a><\/div><br \/>\n<div class='avia-button-wrap avia-button-left  avia-builder-el-7  el_after_av_button  avia-builder-el-last '><a href='https:\/\/www.rppiscinas.com\/pt\/filtros-para-piscinas\/'  class='avia-button   avia-icon_select-no avia-color-theme-color avia-size-small avia-position-left '   ><span class='avia_iconbox_title' >Filtra\u00e7\u00e3o<\/span><\/a><\/div><\/p><\/div>\n<div  class='hr hr-default   avia-builder-el-8  el_after_av_one_full  el_before_av_two_third '><span class='hr-inner ' ><span class='hr-inner-style'><\/span><\/span><\/div>\n<div class=\"flex_column av_two_third  flex_column_div first  avia-builder-el-9  el_after_av_hr  el_before_av_one_third  \" ><section class=\"av_textblock_section \"  itemscope=\"itemscope\" itemtype=\"https:\/\/schema.org\/CreativeWork\" ><div class='avia_textblock  '   itemprop=\"text\" ><h2><span style=\"color: #000000;\">Tratamento de piscinas SOLEO<\/span><\/h2>\n<h3><span style=\"color: #1692de;\"><strong>Uma \u00e1gua saud\u00e1vel para toda a fam\u00edlia<\/strong><\/span><\/h3>\n<p style=\"text-align: justify;\">Mais do que nunca a inova\u00e7\u00e3o tecnol\u00f3gica, o tratamento de piscinas autom\u00e1tico veio tornar mais f\u00e1cil e c\u00f3modo o processo de manuten\u00e7\u00e3o de uma piscina. Os equipamentos autom\u00e1ticos de desinfe\u00e7\u00e3o, completamente aut\u00f3nomos, regulam e desinfetam de forma constante e autom\u00e1tica a \u00e1gua da piscina. Uma solu\u00e7\u00e3o eficaz e c\u00f3moda para o tratamento de piscinas.<\/p>\n<p><strong>&#8211; Nenhum odor desagrad\u00e1vel<br \/>\n<\/strong><strong>&#8211; Sem sabor a cloro<br \/>\n<\/strong><strong>&#8211; N\u00e3o irrita os olhos nem as mucosas<br \/>\n<\/strong><strong>&#8211; N\u00e3o seca a pele, favorecendo o bronzeamento<br \/>\n<\/strong><strong>&#8211; N\u00e3o descolora os cabelos<\/strong><\/p>\n<\/div><\/section><\/div>\n<div class=\"flex_column av_one_third  flex_column_div av-zero-column-padding   avia-builder-el-11  el_after_av_two_third  el_before_av_hr  \" style='border-radius:0px; '><div class='avia-image-container  av-styling-    avia-builder-el-12  avia-builder-el-no-sibling  avia-align-center '  itemprop=\"image\" itemscope=\"itemscope\" itemtype=\"https:\/\/schema.org\/ImageObject\"  ><div class='avia-image-container-inner'><div class='avia-image-overlay-wrap'><img class='avia_image' src='\/\/www.rppiscinas.com\/pt\/wp-content\/uploads\/2014\/03\/tratamento_de_piscinas_soleo-300x285.jpg' alt='Tratamento de piscinas SOLEO' title='Tratamento de piscinas SOLEO'   itemprop=\"thumbnailUrl\"  \/><\/div><\/div><\/div><\/div>\n<div  class='hr hr-default   avia-builder-el-13  el_after_av_one_third  el_before_av_textblock '><span class='hr-inner ' ><span class='hr-inner-style'><\/span><\/span><\/div>\n<section class=\"av_textblock_section \"  itemscope=\"itemscope\" itemtype=\"https:\/\/schema.org\/CreativeWork\" ><div class='avia_textblock  '   itemprop=\"text\" ><h2 style=\"text-align: center;\"><span style=\"color: #1692de;\">\u00a0Tratamento de piscinas inovadores \u00a0<\/span><\/h2>\n<p style=\"text-align: center;\">Tratamentos de piscinas por electr\u00f3lise de sal com vantagens exclusivas, permitindo a desinfe\u00e7\u00e3o da \u00e1gua sem recurso ao uso de produtos qu\u00edmicos.<\/p>\n<p>O processo de electr\u00f3lise \u00e9 efetuado numa c\u00e9lula de tit\u00e2nio pr\u00e9-instalada no circuito de filtra\u00e7\u00e3o. A adi\u00e7\u00e3o de sal \u00e0 \u00e1gua da piscina ir\u00e1 permitir que esta ao passar na referida c\u00e9lula se decomponha em hipoclorito de s\u00f3dio, que por sua vez ir\u00e1 atuar como desinfetante ao purificar e destruir as bact\u00e9rias e algas presentes na \u00e1gua da piscina. Em seguida ir\u00e1 recombinar-se e voltar a forma sal.<\/p>\n<\/div><\/section>\n<div class=\"flex_column av_one_third  flex_column_div first  avia-builder-el-15  el_after_av_textblock  el_before_av_one_third  column-top-margin\" ><p><div class='avia-image-container  av-styling-    avia-builder-el-16  el_before_av_textblock  avia-builder-el-first   avia-align-center '  itemprop=\"image\" itemscope=\"itemscope\" itemtype=\"https:\/\/schema.org\/ImageObject\"  ><div class='avia-image-container-inner'><div class='avia-image-overlay-wrap'><img class='avia_image' src='https:\/\/www.rppiscinas.com\/pt\/wp-content\/uploads\/2022\/07\/electrolizador_de_sal-1.jpg' alt='' title='electrolizador_de_sal' height=\"209\" width=\"300\"  itemprop=\"thumbnailUrl\"  \/><\/div><\/div><\/div><br \/>\n<section class=\"av_textblock_section \"  itemscope=\"itemscope\" itemtype=\"https:\/\/schema.org\/CreativeWork\" ><div class='avia_textblock  '   itemprop=\"text\" ><p><strong>Eletrolisador de Sal SOLEO<br \/>\n<\/strong>Oferece maior rendimento e f\u00e1cil manuseamento no tratamento de piscinas.<\/p>\n<\/div><\/section><br \/>\n<div class='avia-button-wrap avia-button-left  avia-builder-el-18  el_after_av_textblock  avia-builder-el-last '><a href='http:\/\/aquashop.pt\/pt\/index.php?controller=search&orderby=position&orderway=desc&search_query=Eletrolisador+de+Sal+SOLEO&submit_search='  class='avia-button   avia-icon_select-no avia-color-blue avia-size-small avia-position-left '  target=\"_blank\"   ><span class='avia_iconbox_title' >COMPRAR<\/span><\/a><\/div><\/p><\/div>\n<div class=\"flex_column av_one_third  flex_column_div av-zero-column-padding   avia-builder-el-19  el_after_av_one_third  el_before_av_one_third  column-top-margin\" style='border-radius:0px; '><p><div class='avia-image-container  av-styling-    avia-builder-el-20  el_before_av_textblock  avia-builder-el-first   avia-align-center '  itemprop=\"image\" itemscope=\"itemscope\" itemtype=\"https:\/\/schema.org\/ImageObject\"  ><div class='avia-image-container-inner'><div class='avia-image-overlay-wrap'><img class='avia_image' src='https:\/\/www.rppiscinas.com\/pt\/wp-content\/uploads\/2022\/07\/electrolizador_de_sal_PH-1.jpg' alt='' title='electrolizador_de_sal_PH' height=\"209\" width=\"300\"  itemprop=\"thumbnailUrl\"  \/><\/div><\/div><\/div><br \/>\n<section class=\"av_textblock_section \"  itemscope=\"itemscope\" itemtype=\"https:\/\/schema.org\/CreativeWork\" ><div class='avia_textblock  '   itemprop=\"text\" ><p><strong>Eletrolisador de Sal + pH<br \/>\n<\/strong>Solu\u00e7\u00e3o que lhe permite um total descanso no que respeita \u00e0 manuten\u00e7\u00e3o da piscina.<i style=\"line-height: 1.5em;\">\u00a0<\/i><\/p>\n<\/div><\/section><br \/>\n<div class='avia-button-wrap avia-button-left  avia-builder-el-22  el_after_av_textblock  avia-builder-el-last '><a href='http:\/\/aquashop.pt\/pt\/index.php?controller=search&orderby=position&orderway=desc&search_query=Eletrolisador+de+Sal+SOLEO&submit_search='  class='avia-button   avia-icon_select-no avia-color-blue avia-size-small avia-position-left '  target=\"_blank\"   ><span class='avia_iconbox_title' >COMPRAR<\/span><\/a><\/div><\/p><\/div>\n<div class=\"flex_column av_one_third  flex_column_div av-zero-column-padding   avia-builder-el-23  el_after_av_one_third  el_before_av_one_full  column-top-margin\" style='border-radius:0px; '><p><div class='avia-image-container  av-styling-    avia-builder-el-24  el_before_av_textblock  avia-builder-el-first  avia-align-center '  itemprop=\"image\" itemscope=\"itemscope\" itemtype=\"https:\/\/schema.org\/ImageObject\"  ><div class='avia-image-container-inner'><div class='avia-image-overlay-wrap'><img class='avia_image' src='\/\/www.rppiscinas.com\/pt\/wp-content\/uploads\/2014\/03\/tratamento_de_piscinas_04-300x209.jpg' alt='Tratamento de piscinas - Sal' title='Tratamento de piscinas'   itemprop=\"thumbnailUrl\"  \/><\/div><\/div><\/div><br \/>\n<section class=\"av_textblock_section \"  itemscope=\"itemscope\" itemtype=\"https:\/\/schema.org\/CreativeWork\" ><div class='avia_textblock  '   itemprop=\"text\" ><p><strong>Sal para tratamento de piscinas<br \/>\n<\/strong>Sal especial regenerado, essencial para um perfeito processo de eletr\u00f3lise.<\/p>\n<\/div><\/section><br \/>\n<div class='avia-button-wrap avia-button-left  avia-builder-el-26  el_after_av_textblock  avia-builder-el-last '><a href='http:\/\/aquashop.pt\/pt\/index.php?controller=search&orderby=position&orderway=desc&search_query=sal&submit_search='  class='avia-button   avia-icon_select-no avia-color-blue avia-size-small avia-position-left '  target=\"_blank\"   ><span class='avia_iconbox_title' >COMPRAR<\/span><\/a><\/div><\/p><\/div>\n<div class=\"flex_column av_one_full  flex_column_div first  avia-builder-el-27  el_after_av_one_third  el_before_av_section  avia-builder-el-last  column-top-margin\" ><\/div>\n<\/div><\/div><\/div><!-- close content main div --><\/div><\/div><div id='av_section_1' class='avia-section main_color avia-section-default avia-no-shadow avia-bg-style-fixed  avia-builder-el-28  el_after_av_one_full  el_before_av_one_full   container_wrap fullsize' style=' '  ><div class='container' ><div class='template-page content  av-content-full alpha units'><div class='post-entry post-entry-type-page post-entry-3550'><div class='entry-content-wrapper clearfix'>\n<div class=\"flex_column av_one_third  flex_column_div first  avia-builder-el-29  el_before_av_two_third  avia-builder-el-first  \" ><div class='avia-image-container  av-styling-    avia-builder-el-30  avia-builder-el-no-sibling   avia-align-center '  itemprop=\"image\" itemscope=\"itemscope\" itemtype=\"https:\/\/schema.org\/ImageObject\"  ><div class='avia-image-container-inner'><div class='avia-image-overlay-wrap'><img class='avia_image' src='https:\/\/www.rppiscinas.com\/pt\/wp-content\/uploads\/2022\/07\/equipamento_UV_para_PISCINAS.jpg' alt='' title='equipamento_UV_para_PISCINAS' height=\"209\" width=\"300\"  itemprop=\"thumbnailUrl\"  \/><\/div><\/div><\/div><\/div><div class=\"flex_column av_two_third  flex_column_div   avia-builder-el-31  el_after_av_one_third  avia-builder-el-last  \" ><section class=\"av_textblock_section \"  itemscope=\"itemscope\" itemtype=\"https:\/\/schema.org\/CreativeWork\" ><div class='avia_textblock  '   itemprop=\"text\" ><h2 style=\"text-align: left;\">SISTEMA UV<\/h2>\n<h4>TRATAMENTO DE PISCINAS AMIGO DO AMBIENTE<\/h4>\n<p style=\"text-align: left;\">Tratamento de piscinas baseado num conceito ecol\u00f3gico de \u00faltima gera\u00e7\u00e3o. O sistema de tratamento de piscinas UV foi concebido para disponibilizar elevada qualidade da \u00e1gua.<br \/>\nAo passar por uma l\u00e2mpada, a \u00e1gua \u00e9 submetida a uma radia\u00e7\u00e3o UV que possibilita a neutraliza\u00e7\u00e3o e desenvolvimento de bact\u00e9rias e microrganismos.<\/p>\n<\/div><\/section><br \/>\n<div class='avia-button-wrap avia-button-left  avia-builder-el-33  el_after_av_textblock  avia-builder-el-last '><a href='\/\/www.rppiscinas.com\/pt\/pedido-de-orcamento\/?equip=Sistema UV'  class='avia-button   avia-icon_select-no avia-color-silver avia-size-medium avia-position-left '   ><span class='avia_iconbox_title' >Solicite Or\u00e7amento<\/span><\/a><\/div><\/p><\/div>\n<\/div><\/div><\/div><!-- close content main div --><\/div><\/div><div id='after_section_1' class='main_color av_default_container_wrap container_wrap fullsize' style=' '  ><div class='container' ><div class='template-page content  av-content-full alpha units'><div class='post-entry post-entry-type-page post-entry-3550'><div class='entry-content-wrapper clearfix'>\n<div class=\"flex_column av_one_full  flex_column_div first  avia-builder-el-34  el_after_av_section  el_before_av_one_third  avia-builder-el-first  \" ><\/div>\n<div class=\"flex_column av_one_third  flex_column_div first  avia-builder-el-35  el_after_av_one_full  el_before_av_two_third  column-top-margin\" ><div class='avia-image-container  av-styling-    avia-builder-el-36  avia-builder-el-no-sibling   avia-align-center '  itemprop=\"image\" itemscope=\"itemscope\" itemtype=\"https:\/\/schema.org\/ImageObject\"  ><div class='avia-image-container-inner'><div class='avia-image-overlay-wrap'><img class='avia_image' src='https:\/\/www.rppiscinas.com\/pt\/wp-content\/uploads\/2022\/07\/produtos_quimicos_piscina.jpg' alt='' title='produtos_quimicos_piscina' height=\"209\" width=\"300\"  itemprop=\"thumbnailUrl\"  \/><\/div><\/div><\/div><\/div>\n<div class=\"flex_column av_two_third  flex_column_div av-zero-column-padding   avia-builder-el-37  el_after_av_one_third  avia-builder-el-last  column-top-margin\" style='border-radius:0px; '><section class=\"av_textblock_section \"  itemscope=\"itemscope\" itemtype=\"https:\/\/schema.org\/CreativeWork\" ><div class='avia_textblock  '   itemprop=\"text\" ><h4 style=\"text-align: left;\">PRODUTOS DE MANUTEN\u00c7\u00c3O SOLEO<\/h4>\n<p>Uma linha de produtos completa para a desinfe\u00e7\u00e3o e manuten\u00e7\u00e3o da \u00e1gua da sua piscina SOLEO.\u00a0 A RP INDUSTRIES alerta que para o bom funcionamento de qualquer equipamento de desinfe\u00e7\u00e3o autom\u00e1tica \u00e9 imprescind\u00edvel o perfeito equil\u00edbrio do pH.<\/p>\n<\/div><\/section><br \/>\n<div class='avia-button-wrap avia-button-left  avia-builder-el-39  el_after_av_textblock  avia-builder-el-last '><a href='https:\/\/www.rppiscinas.com\/pt\/manutencao-de-piscinas\/'  class='avia-button   avia-icon_select-no avia-color-blue avia-size-small avia-position-left '   ><span class='avia_iconbox_title' >Saiba mais<\/span><\/a><\/div><\/p><\/div>\n","protected":false},"excerpt":{"rendered":"","protected":false},"author":1,"featured_media":0,"parent":0,"menu_order":0,"comment_status":"open","ping_status":"open","template":"","meta":[],"yoast_head":"<!-- This site is optimized with the Yoast SEO plugin v20.3 - https:\/\/yoast.com\/wordpress\/plugins\/seo\/ -->\n<title>Tratamento de Piscinas SOLEO RPI | Desinfe\u00e7\u00e3o autom\u00e1tica RP INDUSTRIES<\/title>\n<meta name=\"description\" content=\"Tratamento de piscinas SOLEO com uma gama repleta de in\u00fameras vantagens. Tratamentos autom\u00e1ticos com recurso a eletrolisadores de sal ou equipamentos UV.\" \/>\n<meta name=\"robots\" content=\"index, follow, max-snippet:-1, max-image-preview:large, max-video-preview:-1\" \/>\n<link rel=\"canonical\" href=\"https:\/\/www.rppiscinas.com\/pt\/tratamento-de-piscinas\/\" \/>\n<meta property=\"og:locale\" content=\"pt_PT\" \/>\n<meta property=\"og:type\" content=\"article\" \/>\n<meta property=\"og:title\" content=\"Tratamento de Piscinas SOLEO RPI | Desinfe\u00e7\u00e3o autom\u00e1tica RP INDUSTRIES\" \/>\n<meta property=\"og:description\" content=\"Tratamento de piscinas SOLEO com uma gama repleta de in\u00fameras vantagens. Tratamentos autom\u00e1ticos com recurso a eletrolisadores de sal ou equipamentos UV.\" \/>\n<meta property=\"og:url\" content=\"https:\/\/www.rppiscinas.com\/pt\/tratamento-de-piscinas\/\" \/>\n<meta property=\"og:site_name\" content=\"Soleo Piscinas\" \/>\n<meta property=\"article:publisher\" content=\"https:\/\/www.facebook.com\/soleopiscinas\" \/>\n<meta property=\"article:modified_time\" content=\"2025-07-31T15:03:26+00:00\" \/>\n<meta property=\"og:image\" content=\"https:\/\/www.rppiscinas.com\/pt\/wp-content\/uploads\/2018\/06\/piscina1.jpg\" \/>\n\t<meta property=\"og:image:width\" content=\"1200\" \/>\n\t<meta property=\"og:image:height\" content=\"603\" \/>\n\t<meta property=\"og:image:type\" content=\"image\/jpeg\" \/>\n<meta name=\"twitter:label1\" content=\"Tempo estimado de leitura\" \/>\n\t<meta name=\"twitter:data1\" content=\"5 minutos\" \/>\n<script type=\"application\/ld+json\" class=\"yoast-schema-graph\">{\"@context\":\"https:\/\/schema.org\",\"@graph\":[{\"@type\":\"WebPage\",\"@id\":\"https:\/\/www.rppiscinas.com\/pt\/tratamento-de-piscinas\/\",\"url\":\"https:\/\/www.rppiscinas.com\/pt\/tratamento-de-piscinas\/\",\"name\":\"Tratamento de Piscinas SOLEO RPI | Desinfe\u00e7\u00e3o autom\u00e1tica RP INDUSTRIES\",\"isPartOf\":{\"@id\":\"https:\/\/www.rppiscinas.com\/pt\/#website\"},\"datePublished\":\"2014-03-28T11:47:42+00:00\",\"dateModified\":\"2025-07-31T15:03:26+00:00\",\"description\":\"Tratamento de piscinas SOLEO com uma gama repleta de in\u00fameras vantagens. Tratamentos autom\u00e1ticos com recurso a eletrolisadores de sal ou equipamentos UV.\",\"breadcrumb\":{\"@id\":\"https:\/\/www.rppiscinas.com\/pt\/tratamento-de-piscinas\/#breadcrumb\"},\"inLanguage\":\"pt-PT\",\"potentialAction\":[{\"@type\":\"ReadAction\",\"target\":[\"https:\/\/www.rppiscinas.com\/pt\/tratamento-de-piscinas\/\"]}]},{\"@type\":\"BreadcrumbList\",\"@id\":\"https:\/\/www.rppiscinas.com\/pt\/tratamento-de-piscinas\/#breadcrumb\",\"itemListElement\":[{\"@type\":\"ListItem\",\"position\":1,\"name\":\"Home\",\"item\":\"https:\/\/www.rppiscinas.com\/pt\/\"},{\"@type\":\"ListItem\",\"position\":2,\"name\":\"Tratamento de piscinas\"}]},{\"@type\":\"WebSite\",\"@id\":\"https:\/\/www.rppiscinas.com\/pt\/#website\",\"url\":\"https:\/\/www.rppiscinas.com\/pt\/\",\"name\":\"Soleo Piscinas\",\"description\":\"Mais do que uma piscina\",\"publisher\":{\"@id\":\"https:\/\/www.rppiscinas.com\/pt\/#organization\"},\"alternateName\":\"Soleo Piscinas\",\"potentialAction\":[{\"@type\":\"SearchAction\",\"target\":{\"@type\":\"EntryPoint\",\"urlTemplate\":\"https:\/\/www.rppiscinas.com\/pt\/?s={search_term_string}\"},\"query-input\":\"required name=search_term_string\"}],\"inLanguage\":\"pt-PT\"},{\"@type\":\"Organization\",\"@id\":\"https:\/\/www.rppiscinas.com\/pt\/#organization\",\"name\":\"Soleo Piscinas\",\"url\":\"https:\/\/www.rppiscinas.com\/pt\/\",\"logo\":{\"@type\":\"ImageObject\",\"inLanguage\":\"pt-PT\",\"@id\":\"https:\/\/www.rppiscinas.com\/pt\/#\/schema\/logo\/image\/\",\"url\":\"https:\/\/www.rppiscinas.com\/pt\/wp-content\/uploads\/2025\/03\/logowebsite-1.png\",\"contentUrl\":\"https:\/\/www.rppiscinas.com\/pt\/wp-content\/uploads\/2025\/03\/logowebsite-1.png\",\"width\":160,\"height\":75,\"caption\":\"Soleo Piscinas\"},\"image\":{\"@id\":\"https:\/\/www.rppiscinas.com\/pt\/#\/schema\/logo\/image\/\"},\"sameAs\":[\"https:\/\/www.facebook.com\/soleopiscinas\",\"https:\/\/www.instagram.com\/soleopiscinas\/\",\"https:\/\/pt.pinterest.com\/soleopiscinas\/\"]}]}<\/script>\n<!-- \/ Yoast SEO plugin. -->","yoast_head_json":{"title":"Tratamento de Piscinas SOLEO RPI | Desinfe\u00e7\u00e3o autom\u00e1tica RP INDUSTRIES","description":"Tratamento de piscinas SOLEO com uma gama repleta de in\u00fameras vantagens. Tratamentos autom\u00e1ticos com recurso a eletrolisadores de sal ou equipamentos UV.","robots":{"index":"index","follow":"follow","max-snippet":"max-snippet:-1","max-image-preview":"max-image-preview:large","max-video-preview":"max-video-preview:-1"},"canonical":"https:\/\/www.rppiscinas.com\/pt\/tratamento-de-piscinas\/","og_locale":"pt_PT","og_type":"article","og_title":"Tratamento de Piscinas SOLEO RPI | Desinfe\u00e7\u00e3o autom\u00e1tica RP INDUSTRIES","og_description":"Tratamento de piscinas SOLEO com uma gama repleta de in\u00fameras vantagens. Tratamentos autom\u00e1ticos com recurso a eletrolisadores de sal ou equipamentos UV.","og_url":"https:\/\/www.rppiscinas.com\/pt\/tratamento-de-piscinas\/","og_site_name":"Soleo Piscinas","article_publisher":"https:\/\/www.facebook.com\/soleopiscinas","article_modified_time":"2025-07-31T15:03:26+00:00","og_image":[{"width":1200,"height":603,"url":"https:\/\/www.rppiscinas.com\/pt\/wp-content\/uploads\/2018\/06\/piscina1.jpg","type":"image\/jpeg"}],"twitter_misc":{"Tempo estimado de leitura":"5 minutos"},"schema":{"@context":"https:\/\/schema.org","@graph":[{"@type":"WebPage","@id":"https:\/\/www.rppiscinas.com\/pt\/tratamento-de-piscinas\/","url":"https:\/\/www.rppiscinas.com\/pt\/tratamento-de-piscinas\/","name":"Tratamento de Piscinas SOLEO RPI | Desinfe\u00e7\u00e3o autom\u00e1tica RP INDUSTRIES","isPartOf":{"@id":"https:\/\/www.rppiscinas.com\/pt\/#website"},"datePublished":"2014-03-28T11:47:42+00:00","dateModified":"2025-07-31T15:03:26+00:00","description":"Tratamento de piscinas SOLEO com uma gama repleta de in\u00fameras vantagens. Tratamentos autom\u00e1ticos com recurso a eletrolisadores de sal ou equipamentos UV.","breadcrumb":{"@id":"https:\/\/www.rppiscinas.com\/pt\/tratamento-de-piscinas\/#breadcrumb"},"inLanguage":"pt-PT","potentialAction":[{"@type":"ReadAction","target":["https:\/\/www.rppiscinas.com\/pt\/tratamento-de-piscinas\/"]}]},{"@type":"BreadcrumbList","@id":"https:\/\/www.rppiscinas.com\/pt\/tratamento-de-piscinas\/#breadcrumb","itemListElement":[{"@type":"ListItem","position":1,"name":"Home","item":"https:\/\/www.rppiscinas.com\/pt\/"},{"@type":"ListItem","position":2,"name":"Tratamento de piscinas"}]},{"@type":"WebSite","@id":"https:\/\/www.rppiscinas.com\/pt\/#website","url":"https:\/\/www.rppiscinas.com\/pt\/","name":"Soleo Piscinas","description":"Mais do que uma piscina","publisher":{"@id":"https:\/\/www.rppiscinas.com\/pt\/#organization"},"alternateName":"Soleo Piscinas","potentialAction":[{"@type":"SearchAction","target":{"@type":"EntryPoint","urlTemplate":"https:\/\/www.rppiscinas.com\/pt\/?s={search_term_string}"},"query-input":"required name=search_term_string"}],"inLanguage":"pt-PT"},{"@type":"Organization","@id":"https:\/\/www.rppiscinas.com\/pt\/#organization","name":"Soleo Piscinas","url":"https:\/\/www.rppiscinas.com\/pt\/","logo":{"@type":"ImageObject","inLanguage":"pt-PT","@id":"https:\/\/www.rppiscinas.com\/pt\/#\/schema\/logo\/image\/","url":"https:\/\/www.rppiscinas.com\/pt\/wp-content\/uploads\/2025\/03\/logowebsite-1.png","contentUrl":"https:\/\/www.rppiscinas.com\/pt\/wp-content\/uploads\/2025\/03\/logowebsite-1.png","width":160,"height":75,"caption":"Soleo Piscinas"},"image":{"@id":"https:\/\/www.rppiscinas.com\/pt\/#\/schema\/logo\/image\/"},"sameAs":["https:\/\/www.facebook.com\/soleopiscinas","https:\/\/www.instagram.com\/soleopiscinas\/","https:\/\/pt.pinterest.com\/soleopiscinas\/"]}]}},"_links":{"self":[{"href":"https:\/\/www.rppiscinas.com\/pt\/wp-json\/wp\/v2\/pages\/3550"}],"collection":[{"href":"https:\/\/www.rppiscinas.com\/pt\/wp-json\/wp\/v2\/pages"}],"about":[{"href":"https:\/\/www.rppiscinas.com\/pt\/wp-json\/wp\/v2\/types\/page"}],"author":[{"embeddable":true,"href":"https:\/\/www.rppiscinas.com\/pt\/wp-json\/wp\/v2\/users\/1"}],"replies":[{"embeddable":true,"href":"https:\/\/www.rppiscinas.com\/pt\/wp-json\/wp\/v2\/comments?post=3550"}],"version-history":[{"count":39,"href":"https:\/\/www.rppiscinas.com\/pt\/wp-json\/wp\/v2\/pages\/3550\/revisions"}],"predecessor-version":[{"id":21502,"href":"https:\/\/www.rppiscinas.com\/pt\/wp-json\/wp\/v2\/pages\/3550\/revisions\/21502"}],"wp:attachment":[{"href":"https:\/\/www.rppiscinas.com\/pt\/wp-json\/wp\/v2\/media?parent=3550"}],"curies":[{"name":"wp","href":"https:\/\/api.w.org\/{rel}","templated":true}]}}