{"id":3448,"date":"2014-03-25T15:56:45","date_gmt":"2014-03-25T15:56:45","guid":{"rendered":"http:\/\/rppiscinas.com\/pt\/?page_id=3448"},"modified":"2025-03-06T14:24:12","modified_gmt":"2025-03-06T14:24:12","slug":"equipamentos-para-piscinas","status":"publish","type":"page","link":"https:\/\/www.rppiscinas.com\/pt\/equipamentos-para-piscinas\/","title":{"rendered":"Equipamentos"},"content":{"rendered":"<div class=\"flex_column av_one_full  flex_column_div first  avia-builder-el-0  el_before_av_hr  avia-builder-el-first  \" ><p><div class='avia-button-wrap avia-button-left  avia-builder-el-1  el_before_av_button  avia-builder-el-first '><a href='https:\/\/www.rppiscinas.com\/pt\/liner-piscinas\/'  class='avia-button   avia-icon_select-no avia-color-theme-color avia-size-small avia-position-left '   ><span class='avia_iconbox_title' >Liner<\/span><\/a><\/div><br \/>\n<div class='avia-button-wrap avia-button-left  avia-builder-el-2  el_after_av_button  el_before_av_button '><a href='https:\/\/www.rppiscinas.com\/pt\/bordaduras-para-piscinas\/'  class='avia-button   avia-icon_select-no avia-color-theme-color avia-size-small avia-position-left '   ><span class='avia_iconbox_title' >Bordaduras<\/span><\/a><\/div><br \/>\n<div class='avia-button-wrap avia-button-left  avia-builder-el-3  el_after_av_button  el_before_av_button '><a href='https:\/\/www.rppiscinas.com\/pt\/tratamento-de-piscinas\/'  class='avia-button   avia-icon_select-no avia-color-theme-color avia-size-small avia-position-left '   ><span class='avia_iconbox_title' >Desinfe\u00e7\u00e3o<\/span><\/a><\/div><br \/>\n<div class='avia-button-wrap avia-button-left  avia-builder-el-4  el_after_av_button  el_before_av_button '><a href='https:\/\/www.rppiscinas.com\/pt\/aquecimento-de-piscinas\/'  class='avia-button   avia-icon_select-no avia-color-theme-color avia-size-small avia-position-left '   ><span class='avia_iconbox_title' >Aquecimento<\/span><\/a><\/div><br \/>\n<div class='avia-button-wrap avia-button-left  avia-builder-el-5  el_after_av_button  el_before_av_button '><a href='https:\/\/www.rppiscinas.com\/pt\/manutencao-de-piscinas\/'  class='avia-button   avia-icon_select-no avia-color-theme-color avia-size-small avia-position-left '   ><span class='avia_iconbox_title' >Manuten\u00e7\u00e3o<\/span><\/a><\/div><br \/>\n<div class='avia-button-wrap avia-button-left  avia-builder-el-6  el_after_av_button  el_before_av_button '><a href='https:\/\/www.rppiscinas.com\/pt\/acessorios-de-piscinas\/'  class='avia-button   avia-icon_select-no avia-color-theme-color avia-size-small avia-position-left '   ><span class='avia_iconbox_title' >Acess\u00f3rios<\/span><\/a><\/div><br \/>\n<div class='avia-button-wrap avia-button-left  avia-builder-el-7  el_after_av_button  avia-builder-el-last '><a href='https:\/\/www.rppiscinas.com\/pt\/filtros-para-piscinas\/'  class='avia-button   avia-icon_select-no avia-color-theme-color avia-size-small avia-position-left '   ><span class='avia_iconbox_title' >Filtra\u00e7\u00e3o<\/span><\/a><\/div><\/p><\/div>\n<div  class='hr hr-default   avia-builder-el-8  el_after_av_one_full  el_before_av_one_full '><span class='hr-inner ' ><span class='hr-inner-style'><\/span><\/span><\/div>\n<div class=\"flex_column av_one_full  flex_column_div first  avia-builder-el-9  el_after_av_hr  el_before_av_hr  \" ><section class=\"av_textblock_section \"  itemscope=\"itemscope\" itemtype=\"https:\/\/schema.org\/CreativeWork\" ><div class='avia_textblock  '   itemprop=\"text\" ><h2><span style=\"color: #000000;\">Equipamentos para piscinas SOLEO<\/span><\/h2>\n<h3><span style=\"color: #1692de;\"><strong>Solu\u00e7\u00f5es inovadoras em equipamentos para piscinas&#8230;<\/strong><\/span><\/h3>\n<div>\n<div>\n<p>Equipamentos para piscinas desenvolvidos com base em mais de duas d\u00e9cadas de experi\u00eancia na instala\u00e7\u00e3o e manuten\u00e7\u00e3o de piscinas.<br \/>\nCom uma gama completa de acess\u00f3rios e equipamentos para\u00a0piscinas, a marca SOLEO disponibiliza solu\u00e7\u00f5es de qualidade para filtros, bombas autoaspirantes, tratamentos autom\u00e1ticos, bordaduras de piscinas, aquecimento, produtos de manuten\u00e7\u00e3o, robots autom\u00e1ticos para limpeza de piscinas, entre outros.<\/p>\n<p>As mais de 53 500 piscinas instaladas permitiram \u00e0 <strong>RP INDUSTRIES<\/strong> <a href=\"http:\/\/www.rppiscinas.com\/pt\/estatuto-pme-lider\/\" target=\"_blank\" rel=\"noopener\">acumular<\/a> um conhecimento ao longo dos anos que resultam na cria\u00e7\u00e3o de uma linha inovadora de <strong>equipamentos para piscinas<\/strong>.<\/p>\n<p>Como tal, a RP INDUSTRIES atrav\u00e9s da marca <strong>SOLEO<\/strong> disponibiliza um conjunto de solu\u00e7\u00f5es que respondem na perfei\u00e7\u00e3o \u00e0s necessidades dos seus clientes.<\/p>\n<\/div>\n<div><\/div>\n<\/div>\n<\/div><\/section><\/div>\n<div  class='hr hr-default   avia-builder-el-11  el_after_av_one_full  el_before_av_one_third '><span class='hr-inner ' ><span class='hr-inner-style'><\/span><\/span><\/div>\n<div class=\"flex_column av_one_third  flex_column_div first  avia-builder-el-12  el_after_av_hr  el_before_av_one_third  \" ><p><div class='avia-image-container  av-styling-    avia-builder-el-13  el_before_av_textblock  avia-builder-el-first  avia-align-center '  itemprop=\"image\" itemscope=\"itemscope\" itemtype=\"https:\/\/schema.org\/ImageObject\"  ><div class='avia-image-container-inner'><div class='avia-image-overlay-wrap'><a href='https:\/\/www.rppiscinas.com\/pt\/liner-piscinas\/' class='avia_image'  ><img class='avia_image ' src='\/\/www.rppiscinas.com\/pt\/wp-content\/uploads\/2014\/03\/equipamentos_para_piscinas_liner_00.jpg' alt='Equipamentos para piscinas - Liner' title='Equipamentos para piscinas'  itemprop=\"thumbnailUrl\"  \/><\/a><\/div><\/div><\/div><br \/>\n<section class=\"av_textblock_section \"  itemscope=\"itemscope\" itemtype=\"https:\/\/schema.org\/CreativeWork\" ><div class='avia_textblock  '   itemprop=\"text\" ><h4>Liner para piscinas<\/h4>\n<p>Fabricados com vinil de alta qualidade, a gama de liners oferece alta elasticidade e resist\u00eancia aos raios UV. Fornecido com tratamento anti algas, o liner ir\u00e1 influenciar diretamente a cor e alegria da sua piscina.<\/p>\n<\/div><\/section><br \/>\n<div class='avia-button-wrap avia-button-left  avia-builder-el-15  el_after_av_textblock  avia-builder-el-last '><a href='https:\/\/www.rppiscinas.com\/pt\/liner-piscinas\/'  class='avia-button   avia-icon_select-no avia-color-blue avia-size-small avia-position-left '   ><span class='avia_iconbox_title' >Saiba mais<\/span><\/a><\/div><\/p><\/div>\n<div class=\"flex_column av_one_third  flex_column_div av-zero-column-padding   avia-builder-el-16  el_after_av_one_third  el_before_av_one_third  \" style='border-radius:0px; '><p><div class='avia-image-container  av-styling-    avia-builder-el-17  el_before_av_textblock  avia-builder-el-first  avia-align-center '  itemprop=\"image\" itemscope=\"itemscope\" itemtype=\"https:\/\/schema.org\/ImageObject\"  ><div class='avia-image-container-inner'><div class='avia-image-overlay-wrap'><a href='https:\/\/www.rppiscinas.com\/pt\/bordaduras-para-piscinas\/' class='avia_image'  ><img class='avia_image ' src='\/\/www.rppiscinas.com\/pt\/wp-content\/uploads\/2014\/03\/equipamentos_para_piscinas_bordadura.jpg' alt='Equipamentos para piscinas - bordadura' title='Equipamentos para piscinas'  itemprop=\"thumbnailUrl\"  \/><\/a><\/div><\/div><\/div><br \/>\n<section class=\"av_textblock_section \"  itemscope=\"itemscope\" itemtype=\"https:\/\/schema.org\/CreativeWork\" ><div class='avia_textblock  '   itemprop=\"text\" ><h4>Bordaduras<\/h4>\n<p>Com carater\u00edsticas antiderrapantes, essenciais para a seguran\u00e7a dos utilizadores, a bordadura para piscinas SOLEO \u00e9 o acabamento perfeito fabricado em pedra natural reconstitu\u00edda.<\/p>\n<\/div><\/section><br \/>\n<div class='avia-button-wrap avia-button-left  avia-builder-el-19  el_after_av_textblock  avia-builder-el-last '><a href='https:\/\/www.rppiscinas.com\/pt\/bordaduras-para-piscinas\/'  class='avia-button   avia-icon_select-no avia-color-blue avia-size-small avia-position-left '   ><span class='avia_iconbox_title' >Saiba mais<\/span><\/a><\/div><\/p><\/div>\n<div class=\"flex_column av_one_third  flex_column_div av-zero-column-padding   avia-builder-el-20  el_after_av_one_third  el_before_av_one_third  \" style='border-radius:0px; '><p><div class='avia-image-container  av-styling-    avia-builder-el-21  el_before_av_textblock  avia-builder-el-first   avia-align-center '  itemprop=\"image\" itemscope=\"itemscope\" itemtype=\"https:\/\/schema.org\/ImageObject\"  ><div class='avia-image-container-inner'><div class='avia-image-overlay-wrap'><a href='https:\/\/www.rppiscinas.com\/pt\/tratamento-de-piscinas\/' class='avia_image'  ><img class='avia_image ' src='https:\/\/www.rppiscinas.com\/pt\/wp-content\/uploads\/2022\/07\/equipamentos_para_piscinas_desinfecao.jpg' alt='' title='equipamentos_para_piscinas_desinfecao'  itemprop=\"thumbnailUrl\"  \/><\/a><\/div><\/div><\/div><br \/>\n<section class=\"av_textblock_section \"  itemscope=\"itemscope\" itemtype=\"https:\/\/schema.org\/CreativeWork\" ><div class='avia_textblock  '   itemprop=\"text\" ><h4>Desinfe\u00e7\u00e3o Autom\u00e1tica<\/h4>\n<p>Solu\u00e7\u00f5es tecnologicamente avan\u00e7adas que permitem usufruir de um tratamento totalmente autom\u00e1tico da piscina, deixando-o assim mais tempo livre para que usufrua da piscina em pleno.<\/p>\n<\/div><\/section><br \/>\n<div class='avia-button-wrap avia-button-left  avia-builder-el-23  el_after_av_textblock  avia-builder-el-last '><a href='https:\/\/www.rppiscinas.com\/pt\/tratamento-de-piscinas\/'  class='avia-button   avia-icon_select-no avia-color-blue avia-size-small avia-position-left '   ><span class='avia_iconbox_title' >Saiba mais<\/span><\/a><\/div><\/p><\/div><div class=\"flex_column av_one_third  flex_column_div first  avia-builder-el-24  el_after_av_one_third  el_before_av_one_third  column-top-margin\" ><p><div class='avia-image-container  av-styling-    avia-builder-el-25  el_before_av_textblock  avia-builder-el-first   avia-align-center '  itemprop=\"image\" itemscope=\"itemscope\" itemtype=\"https:\/\/schema.org\/ImageObject\"  ><div class='avia-image-container-inner'><div class='avia-image-overlay-wrap'><img class='avia_image' src='https:\/\/www.rppiscinas.com\/pt\/wp-content\/uploads\/2022\/07\/equipamentos_para_piscinas_aquecimento_2.jpg' alt='' title='equipamentos_para_piscinas_aquecimento_2' height=\"209\" width=\"300\"  itemprop=\"thumbnailUrl\"  \/><\/div><\/div><\/div><br \/>\n<section class=\"av_textblock_section \"  itemscope=\"itemscope\" itemtype=\"https:\/\/schema.org\/CreativeWork\" ><div class='avia_textblock  '   itemprop=\"text\" ><h4>Aquecimento<\/h4>\n<p>Para que possa usufruir de um mergulho confort\u00e1vel, onde a temperatura da \u00e1gua se torna realmente apetec\u00edvel, a RP INDUSTRIES \u00e9 detentora de solu\u00e7\u00f5es inovadoras e eficazes.<\/p>\n<\/div><\/section><br \/>\n<div class='avia-button-wrap avia-button-left  avia-builder-el-27  el_after_av_textblock  avia-builder-el-last '><a href='https:\/\/www.rppiscinas.com\/pt\/aquecimento-de-piscinas\/'  class='avia-button   avia-icon_select-no avia-color-blue avia-size-small avia-position-left '   ><span class='avia_iconbox_title' >Saiba mais<\/span><\/a><\/div><\/p><\/div><\/p>\n<div class=\"flex_column av_one_third  flex_column_div av-zero-column-padding   avia-builder-el-28  el_after_av_one_third  el_before_av_one_third  column-top-margin\" style='border-radius:0px; '><p><div class='avia-image-container  av-styling-    avia-builder-el-29  el_before_av_textblock  avia-builder-el-first   avia-align-center '  itemprop=\"image\" itemscope=\"itemscope\" itemtype=\"https:\/\/schema.org\/ImageObject\"  ><div class='avia-image-container-inner'><div class='avia-image-overlay-wrap'><img class='avia_image' src='https:\/\/www.rppiscinas.com\/pt\/wp-content\/uploads\/2022\/07\/equipamentos_para_piscinas_manutencao_2.jpg' alt='' title='equipamentos_para_piscinas_manutencao_2' height=\"209\" width=\"300\"  itemprop=\"thumbnailUrl\"  \/><\/div><\/div><\/div><br \/>\n<section class=\"av_textblock_section \"  itemscope=\"itemscope\" itemtype=\"https:\/\/schema.org\/CreativeWork\" ><div class='avia_textblock  '   itemprop=\"text\" ><h4>Manuten\u00e7\u00e3o<\/h4>\n<p>Da maior import\u00e2ncia para que a \u00e1gua da sua piscina apresente, sempre, um aspeto puro e cristalino, a marca SOLEO disponibiliza uma linha completa de produtos de manuten\u00e7\u00e3o para a \u00e1gua da piscina.<\/p>\n<\/div><\/section><br \/>\n<div class='avia-button-wrap avia-button-left  avia-builder-el-31  el_after_av_textblock  avia-builder-el-last '><a href='https:\/\/www.rppiscinas.com\/pt\/manutencao-de-piscinas\/'  class='avia-button   avia-icon_select-no avia-color-blue avia-size-small avia-position-left '   ><span class='avia_iconbox_title' >Saiba mais<\/span><\/a><\/div><\/p><\/div>\n<div class=\"flex_column av_one_third  flex_column_div av-zero-column-padding   avia-builder-el-32  el_after_av_one_third  el_before_av_hr  column-top-margin\" style='border-radius:0px; '><p><div class='avia-image-container  av-styling-    avia-builder-el-33  el_before_av_textblock  avia-builder-el-first  avia-align-center '  itemprop=\"image\" itemscope=\"itemscope\" itemtype=\"https:\/\/schema.org\/ImageObject\"  ><div class='avia-image-container-inner'><div class='avia-image-overlay-wrap'><img class='avia_image' src='\/\/www.rppiscinas.com\/pt\/wp-content\/uploads\/2014\/03\/equipamentos_para_piscinas_acessorios-300x209.jpg' alt='Equipamentos para piscinas - Acess\u00f3rios' title='Equipamentos para piscinas'   itemprop=\"thumbnailUrl\"  \/><\/div><\/div><\/div><br \/>\n<section class=\"av_textblock_section \"  itemscope=\"itemscope\" itemtype=\"https:\/\/schema.org\/CreativeWork\" ><div class='avia_textblock  '   itemprop=\"text\" ><h4>Acess\u00f3rios<\/h4>\n<p>Concebidos para proporcionar comodidade na hora de realizar os processos de manuten\u00e7\u00e3o da sua piscina, a marca SOLEO disponibiliza um conjunto de acess\u00f3rios para a realiza\u00e7\u00e3o das tarefas de manuten\u00e7\u00e3o.<\/p>\n<\/div><\/section><br \/>\n<div class='avia-button-wrap avia-button-left  avia-builder-el-35  el_after_av_textblock  avia-builder-el-last '><a href='https:\/\/www.rppiscinas.com\/pt\/acessorios-de-piscinas\/'  class='avia-button   avia-icon_select-no avia-color-blue avia-size-small avia-position-left '   ><span class='avia_iconbox_title' >Saiba mais<\/span><\/a><\/div><\/p><\/div>\n<div  class='hr hr-default   avia-builder-el-36  el_after_av_one_third  el_before_av_textblock '><span class='hr-inner ' ><span class='hr-inner-style'><\/span><\/span><\/div>\n<section class=\"av_textblock_section \"  itemscope=\"itemscope\" itemtype=\"https:\/\/schema.org\/CreativeWork\" ><div class='avia_textblock  '   itemprop=\"text\" ><h2>Artigos de Interesse<\/h2>\n<p><a href=\"http:\/\/www.rppiscinas.com\/pt\/4-passos-reativar-piscina-verao\/\" target=\"_blank\" rel=\"noopener\">4 passos para acordar e reativar a piscina antes do ver\u00e3o<\/a><\/p>\n<p><a title=\"Permanent Link: Como evitar que a \u00e1gua e equipamentos da piscina congelem?\" href=\"http:\/\/www.rppiscinas.com\/pt\/como-evitar-gelo-na-piscina\/\" rel=\"bookmark\">Como evitar que a \u00e1gua e equipamentos da piscina congelem? <\/a><\/p>\n<\/div><\/section>\n","protected":false},"excerpt":{"rendered":"","protected":false},"author":1,"featured_media":0,"parent":0,"menu_order":0,"comment_status":"open","ping_status":"open","template":"","meta":[],"yoast_head":"<!-- This site is optimized with the Yoast SEO plugin v20.3 - https:\/\/yoast.com\/wordpress\/plugins\/seo\/ -->\n<title>Equipamentos para piscinas SOLEO RP INDUSTRIES<\/title>\n<meta name=\"description\" content=\"Equipamentos para piscinas desenvolvidos com base na experi\u00eancia da RP INDUSTRIES na instala\u00e7\u00e3o e manuten\u00e7\u00e3o de piscinas e equipamentos para piscinas.\" \/>\n<meta name=\"robots\" content=\"index, follow, max-snippet:-1, max-image-preview:large, max-video-preview:-1\" \/>\n<link rel=\"canonical\" href=\"https:\/\/www.rppiscinas.com\/pt\/equipamentos-para-piscinas\/\" \/>\n<meta property=\"og:locale\" content=\"pt_PT\" \/>\n<meta property=\"og:type\" content=\"article\" \/>\n<meta property=\"og:title\" content=\"Equipamentos para piscinas SOLEO RP INDUSTRIES\" \/>\n<meta property=\"og:description\" content=\"Equipamentos para piscinas desenvolvidos com base na experi\u00eancia da RP INDUSTRIES na instala\u00e7\u00e3o e manuten\u00e7\u00e3o de piscinas e equipamentos para piscinas.\" \/>\n<meta property=\"og:url\" content=\"https:\/\/www.rppiscinas.com\/pt\/equipamentos-para-piscinas\/\" \/>\n<meta property=\"og:site_name\" content=\"Soleo Piscinas\" \/>\n<meta property=\"article:publisher\" content=\"https:\/\/www.facebook.com\/soleopiscinas\" \/>\n<meta property=\"article:modified_time\" content=\"2025-03-06T14:24:12+00:00\" \/>\n<meta property=\"og:image\" content=\"https:\/\/www.rppiscinas.com\/pt\/wp-content\/uploads\/2018\/06\/piscina1.jpg\" \/>\n\t<meta property=\"og:image:width\" content=\"1200\" \/>\n\t<meta property=\"og:image:height\" content=\"603\" \/>\n\t<meta property=\"og:image:type\" content=\"image\/jpeg\" \/>\n<meta name=\"twitter:label1\" content=\"Tempo estimado de leitura\" \/>\n\t<meta name=\"twitter:data1\" content=\"5 minutos\" \/>\n<script type=\"application\/ld+json\" class=\"yoast-schema-graph\">{\"@context\":\"https:\/\/schema.org\",\"@graph\":[{\"@type\":\"WebPage\",\"@id\":\"https:\/\/www.rppiscinas.com\/pt\/equipamentos-para-piscinas\/\",\"url\":\"https:\/\/www.rppiscinas.com\/pt\/equipamentos-para-piscinas\/\",\"name\":\"Equipamentos para piscinas SOLEO RP INDUSTRIES\",\"isPartOf\":{\"@id\":\"https:\/\/www.rppiscinas.com\/pt\/#website\"},\"datePublished\":\"2014-03-25T15:56:45+00:00\",\"dateModified\":\"2025-03-06T14:24:12+00:00\",\"description\":\"Equipamentos para piscinas desenvolvidos com base na experi\u00eancia da RP INDUSTRIES na instala\u00e7\u00e3o e manuten\u00e7\u00e3o de piscinas e equipamentos para piscinas.\",\"breadcrumb\":{\"@id\":\"https:\/\/www.rppiscinas.com\/pt\/equipamentos-para-piscinas\/#breadcrumb\"},\"inLanguage\":\"pt-PT\",\"potentialAction\":[{\"@type\":\"ReadAction\",\"target\":[\"https:\/\/www.rppiscinas.com\/pt\/equipamentos-para-piscinas\/\"]}]},{\"@type\":\"BreadcrumbList\",\"@id\":\"https:\/\/www.rppiscinas.com\/pt\/equipamentos-para-piscinas\/#breadcrumb\",\"itemListElement\":[{\"@type\":\"ListItem\",\"position\":1,\"name\":\"Home\",\"item\":\"https:\/\/www.rppiscinas.com\/pt\/\"},{\"@type\":\"ListItem\",\"position\":2,\"name\":\"Equipamentos\"}]},{\"@type\":\"WebSite\",\"@id\":\"https:\/\/www.rppiscinas.com\/pt\/#website\",\"url\":\"https:\/\/www.rppiscinas.com\/pt\/\",\"name\":\"Soleo Piscinas\",\"description\":\"Mais do que uma piscina\",\"publisher\":{\"@id\":\"https:\/\/www.rppiscinas.com\/pt\/#organization\"},\"alternateName\":\"Soleo Piscinas\",\"potentialAction\":[{\"@type\":\"SearchAction\",\"target\":{\"@type\":\"EntryPoint\",\"urlTemplate\":\"https:\/\/www.rppiscinas.com\/pt\/?s={search_term_string}\"},\"query-input\":\"required name=search_term_string\"}],\"inLanguage\":\"pt-PT\"},{\"@type\":\"Organization\",\"@id\":\"https:\/\/www.rppiscinas.com\/pt\/#organization\",\"name\":\"Soleo Piscinas\",\"url\":\"https:\/\/www.rppiscinas.com\/pt\/\",\"logo\":{\"@type\":\"ImageObject\",\"inLanguage\":\"pt-PT\",\"@id\":\"https:\/\/www.rppiscinas.com\/pt\/#\/schema\/logo\/image\/\",\"url\":\"https:\/\/www.rppiscinas.com\/pt\/wp-content\/uploads\/2025\/03\/logowebsite-1.png\",\"contentUrl\":\"https:\/\/www.rppiscinas.com\/pt\/wp-content\/uploads\/2025\/03\/logowebsite-1.png\",\"width\":160,\"height\":75,\"caption\":\"Soleo Piscinas\"},\"image\":{\"@id\":\"https:\/\/www.rppiscinas.com\/pt\/#\/schema\/logo\/image\/\"},\"sameAs\":[\"https:\/\/www.facebook.com\/soleopiscinas\",\"https:\/\/www.instagram.com\/soleopiscinas\/\",\"https:\/\/pt.pinterest.com\/soleopiscinas\/\"]}]}<\/script>\n<!-- \/ Yoast SEO plugin. -->","yoast_head_json":{"title":"Equipamentos para piscinas SOLEO RP INDUSTRIES","description":"Equipamentos para piscinas desenvolvidos com base na experi\u00eancia da RP INDUSTRIES na instala\u00e7\u00e3o e manuten\u00e7\u00e3o de piscinas e equipamentos para piscinas.","robots":{"index":"index","follow":"follow","max-snippet":"max-snippet:-1","max-image-preview":"max-image-preview:large","max-video-preview":"max-video-preview:-1"},"canonical":"https:\/\/www.rppiscinas.com\/pt\/equipamentos-para-piscinas\/","og_locale":"pt_PT","og_type":"article","og_title":"Equipamentos para piscinas SOLEO RP INDUSTRIES","og_description":"Equipamentos para piscinas desenvolvidos com base na experi\u00eancia da RP INDUSTRIES na instala\u00e7\u00e3o e manuten\u00e7\u00e3o de piscinas e equipamentos para piscinas.","og_url":"https:\/\/www.rppiscinas.com\/pt\/equipamentos-para-piscinas\/","og_site_name":"Soleo Piscinas","article_publisher":"https:\/\/www.facebook.com\/soleopiscinas","article_modified_time":"2025-03-06T14:24:12+00:00","og_image":[{"width":1200,"height":603,"url":"https:\/\/www.rppiscinas.com\/pt\/wp-content\/uploads\/2018\/06\/piscina1.jpg","type":"image\/jpeg"}],"twitter_misc":{"Tempo estimado de leitura":"5 minutos"},"schema":{"@context":"https:\/\/schema.org","@graph":[{"@type":"WebPage","@id":"https:\/\/www.rppiscinas.com\/pt\/equipamentos-para-piscinas\/","url":"https:\/\/www.rppiscinas.com\/pt\/equipamentos-para-piscinas\/","name":"Equipamentos para piscinas SOLEO RP INDUSTRIES","isPartOf":{"@id":"https:\/\/www.rppiscinas.com\/pt\/#website"},"datePublished":"2014-03-25T15:56:45+00:00","dateModified":"2025-03-06T14:24:12+00:00","description":"Equipamentos para piscinas desenvolvidos com base na experi\u00eancia da RP INDUSTRIES na instala\u00e7\u00e3o e manuten\u00e7\u00e3o de piscinas e equipamentos para piscinas.","breadcrumb":{"@id":"https:\/\/www.rppiscinas.com\/pt\/equipamentos-para-piscinas\/#breadcrumb"},"inLanguage":"pt-PT","potentialAction":[{"@type":"ReadAction","target":["https:\/\/www.rppiscinas.com\/pt\/equipamentos-para-piscinas\/"]}]},{"@type":"BreadcrumbList","@id":"https:\/\/www.rppiscinas.com\/pt\/equipamentos-para-piscinas\/#breadcrumb","itemListElement":[{"@type":"ListItem","position":1,"name":"Home","item":"https:\/\/www.rppiscinas.com\/pt\/"},{"@type":"ListItem","position":2,"name":"Equipamentos"}]},{"@type":"WebSite","@id":"https:\/\/www.rppiscinas.com\/pt\/#website","url":"https:\/\/www.rppiscinas.com\/pt\/","name":"Soleo Piscinas","description":"Mais do que uma piscina","publisher":{"@id":"https:\/\/www.rppiscinas.com\/pt\/#organization"},"alternateName":"Soleo Piscinas","potentialAction":[{"@type":"SearchAction","target":{"@type":"EntryPoint","urlTemplate":"https:\/\/www.rppiscinas.com\/pt\/?s={search_term_string}"},"query-input":"required name=search_term_string"}],"inLanguage":"pt-PT"},{"@type":"Organization","@id":"https:\/\/www.rppiscinas.com\/pt\/#organization","name":"Soleo Piscinas","url":"https:\/\/www.rppiscinas.com\/pt\/","logo":{"@type":"ImageObject","inLanguage":"pt-PT","@id":"https:\/\/www.rppiscinas.com\/pt\/#\/schema\/logo\/image\/","url":"https:\/\/www.rppiscinas.com\/pt\/wp-content\/uploads\/2025\/03\/logowebsite-1.png","contentUrl":"https:\/\/www.rppiscinas.com\/pt\/wp-content\/uploads\/2025\/03\/logowebsite-1.png","width":160,"height":75,"caption":"Soleo Piscinas"},"image":{"@id":"https:\/\/www.rppiscinas.com\/pt\/#\/schema\/logo\/image\/"},"sameAs":["https:\/\/www.facebook.com\/soleopiscinas","https:\/\/www.instagram.com\/soleopiscinas\/","https:\/\/pt.pinterest.com\/soleopiscinas\/"]}]}},"_links":{"self":[{"href":"https:\/\/www.rppiscinas.com\/pt\/wp-json\/wp\/v2\/pages\/3448"}],"collection":[{"href":"https:\/\/www.rppiscinas.com\/pt\/wp-json\/wp\/v2\/pages"}],"about":[{"href":"https:\/\/www.rppiscinas.com\/pt\/wp-json\/wp\/v2\/types\/page"}],"author":[{"embeddable":true,"href":"https:\/\/www.rppiscinas.com\/pt\/wp-json\/wp\/v2\/users\/1"}],"replies":[{"embeddable":true,"href":"https:\/\/www.rppiscinas.com\/pt\/wp-json\/wp\/v2\/comments?post=3448"}],"version-history":[{"count":45,"href":"https:\/\/www.rppiscinas.com\/pt\/wp-json\/wp\/v2\/pages\/3448\/revisions"}],"predecessor-version":[{"id":20563,"href":"https:\/\/www.rppiscinas.com\/pt\/wp-json\/wp\/v2\/pages\/3448\/revisions\/20563"}],"wp:attachment":[{"href":"https:\/\/www.rppiscinas.com\/pt\/wp-json\/wp\/v2\/media?parent=3448"}],"curies":[{"name":"wp","href":"https:\/\/api.w.org\/{rel}","templated":true}]}}