{"id":3409,"date":"2014-03-17T17:22:00","date_gmt":"2014-03-17T17:22:00","guid":{"rendered":"http:\/\/rppiscinas.com\/pt\/?page_id=3409"},"modified":"2025-03-06T14:15:49","modified_gmt":"2025-03-06T14:15:49","slug":"modelos-de-piscinas-fundos","status":"publish","type":"page","link":"https:\/\/www.rppiscinas.com\/pt\/modelos-de-piscinas-fundos\/","title":{"rendered":"Fundos piscina OVERFLOW"},"content":{"rendered":"<div class=\"flex_column av_one_full  flex_column_div first  avia-builder-el-0  el_before_av_hr  avia-builder-el-first  \" ><p><div class='avia-button-wrap avia-button-left  avia-builder-el-1  el_before_av_button  avia-builder-el-first '><a href='https:\/\/www.rppiscinas.com\/pt\/caleira-finlandesa\/'  class='avia-button   avia-icon_select-no avia-color-theme-color avia-size-small avia-position-left '   ><span class='avia_iconbox_title' >T\u00e9cnica<\/span><\/a><\/div><br \/>\n<div class='avia-button-wrap avia-button-left  avia-builder-el-2  el_after_av_button  el_before_av_button '><a href='https:\/\/www.rppiscinas.com\/pt\/estrutura-piscina-oveflow\/'  class='avia-button   avia-icon_select-no avia-color-theme-color avia-size-small avia-position-left '   ><span class='avia_iconbox_title' >Estrutura<\/span><\/a><\/div><br \/>\n<div class='avia-button-wrap avia-button-left  avia-builder-el-3  el_after_av_button  el_before_av_button '><a href='javascript:void(0)'  class='avia-button   avia-icon_select-no avia-color-orange avia-size-small avia-position-left '   ><span class='avia_iconbox_title' >Fundos<\/span><\/a><\/div><br \/>\n<div class='avia-button-wrap avia-button-left  avia-builder-el-4  el_after_av_button  avia-builder-el-last '><a href='https:\/\/www.rppiscinas.com\/pt\/liner-piscinas\/'  class='avia-button   avia-icon_select-no avia-color-theme-color avia-size-small avia-position-left '   ><span class='avia_iconbox_title' >Liners<\/span><\/a><\/div><\/p><\/div>\n<div  class='hr hr-default   avia-builder-el-5  el_after_av_one_full  el_before_av_one_full '><span class='hr-inner ' ><span class='hr-inner-style'><\/span><\/span><\/div>\n<div class=\"flex_column av_one_full  flex_column_div first  avia-builder-el-6  el_after_av_hr  el_before_av_hr  \" ><section class=\"av_textblock_section \"  itemscope=\"itemscope\" itemtype=\"https:\/\/schema.org\/CreativeWork\" ><div class='avia_textblock  '   itemprop=\"text\" ><h2>M<span style=\"color: #000000;\">odelos de piscinas &#8211; Fundos SOLEO OVERFLOW<\/span><\/h2>\n<h3><span style=\"color: #1692de;\"><strong>Modelos de piscinas com fundos para utiliza\u00e7\u00e3o familiar ou desportiva.<br \/>\nA personaliza\u00e7\u00e3o adaptada ao perfil de cada utilizador<\/strong><\/span><\/h3>\n<p><strong>Modelos de piscinas<\/strong> OVERFLOW dispon\u00edveis em 4 tipologias de <strong>fundos<\/strong> para uma perfeita adapta\u00e7\u00e3o ao perfil dos seus utilizadores.<br \/>\nConcebidos para oferecerem a melhor integra\u00e7\u00e3o da piscina com a utiliza\u00e7\u00e3o pretendida, os<strong> tipos de fundo SOLEO OVERFLOW<\/strong> permitem total adaptabilidade \u00e0s necessidades dos seus utilizadores, sejam com carater\u00edsticas mais <strong>desportivas<\/strong> ou para utiliza\u00e7\u00e3o <strong>familiar<\/strong>.<\/p>\n<\/div><\/section><\/div><div  class='hr hr-default   avia-builder-el-8  el_after_av_one_full  el_before_av_one_third '><span class='hr-inner ' ><span class='hr-inner-style'><\/span><\/span><\/div><\/p>\n<div class=\"flex_column av_one_third  flex_column_div first  avia-builder-el-9  el_after_av_hr  el_before_av_two_third  \" ><section class=\"av_textblock_section \"  itemscope=\"itemscope\" itemtype=\"https:\/\/schema.org\/CreativeWork\" ><div class='avia_textblock  '   itemprop=\"text\" ><p><a href=\"\/\/www.rppiscinas.com\/pt\/wp-content\/uploads\/2015\/04\/overflow_fundo_plano_paineis.jpg\"><img decoding=\"async\" loading=\"lazy\" class=\"alignleft size-full wp-image-3412\" alt=\"Modelos de piscinas OVERFLOW - Fundo Plano\" src=\"\/\/www.rppiscinas.com\/pt\/wp-content\/uploads\/2014\/03\/modelos_piscinas_fundo_plano.png\" width=\"326\" height=\"257\" srcset=\"https:\/\/www.rppiscinas.com\/pt\/wp-content\/uploads\/2014\/03\/modelos_piscinas_fundo_plano.png 326w, https:\/\/www.rppiscinas.com\/pt\/wp-content\/uploads\/2014\/03\/modelos_piscinas_fundo_plano-300x236.png 300w\" sizes=\"(max-width: 326px) 100vw, 326px\" \/><\/a><\/p>\n<\/div><\/section><\/div>\n<div class=\"flex_column av_two_third  flex_column_div   avia-builder-el-11  el_after_av_one_third  el_before_av_one_third  \" ><section class=\"av_textblock_section \"  itemscope=\"itemscope\" itemtype=\"https:\/\/schema.org\/CreativeWork\" ><div class='avia_textblock  '   itemprop=\"text\" ><h4>Fundo PLANO OVERFLOW<\/h4>\n<p>A profundidade constante do fundo plano para modelos de piscinas OVERFLOW, permite usufruir de uma utiliza\u00e7\u00e3o segura com altura standard de 1,40m. Desenvolvido com caracter\u00edsticas que permitem uma utiliza\u00e7\u00e3o em ambiente familiar, o fundo plano pode, ainda, ser instalado com profundidades de 0,50m, 1,10m, 1,50m e 1,60m. Extremamente f\u00e1cil de executar, este pode at\u00e9 ser uma solu\u00e7\u00e3o realizada pelo pr\u00f3prio cliente. Pela sua configura\u00e7\u00e3o este tipo de fundo para modelos de piscinas OVERFLOW oferece grande facilidade de manuten\u00e7\u00e3o.<\/p>\n<\/div><\/section><\/div>\n<div class=\"flex_column av_one_third  flex_column_div first  avia-builder-el-13  el_after_av_two_third  el_before_av_two_third  column-top-margin\" ><section class=\"av_textblock_section \"  itemscope=\"itemscope\" itemtype=\"https:\/\/schema.org\/CreativeWork\" ><div class='avia_textblock  '   itemprop=\"text\" ><p><a href=\"\/\/www.rppiscinas.com\/pt\/wp-content\/uploads\/2015\/04\/overflow_fundo_composto_paineis.jpg\"><img decoding=\"async\" loading=\"lazy\" class=\"alignleft size-full wp-image-3413\" alt=\"Modelos Piscinas OVERFLOW - Fundo Composto\" src=\"\/\/www.rppiscinas.com\/pt\/wp-content\/uploads\/2014\/03\/modelos_piscinas_fundo_composto.png\" width=\"326\" height=\"257\" srcset=\"https:\/\/www.rppiscinas.com\/pt\/wp-content\/uploads\/2014\/03\/modelos_piscinas_fundo_composto.png 326w, https:\/\/www.rppiscinas.com\/pt\/wp-content\/uploads\/2014\/03\/modelos_piscinas_fundo_composto-300x236.png 300w\" sizes=\"(max-width: 326px) 100vw, 326px\" \/><\/a><\/p>\n<\/div><\/section><\/div>\n<div class=\"flex_column av_two_third  flex_column_div   avia-builder-el-15  el_after_av_one_third  el_before_av_one_third  column-top-margin\" ><section class=\"av_textblock_section \"  itemscope=\"itemscope\" itemtype=\"https:\/\/schema.org\/CreativeWork\" ><div class='avia_textblock  '   itemprop=\"text\" ><h4>Fundo COMPOSTO OVERFLOW<\/h4>\n<p>Com duas \u00e1reas de profundidade distintas, o fundo composto para modelos de piscinas OVERFLOW permite grande din\u00e2mica na utiliza\u00e7\u00e3o da sua piscina. Concebido com uma zona de lazer plana de altura 1,10m, o fundo composto chega aos 1,40m de profundidade na sua zona mais profunda atrav\u00e9s de uma suave declive. A zona mais profunda permite grandes momentos de divers\u00e3o a todos os amantes de mergulhos, enquanto na zona de lazer \u00e9 poss\u00edvel disfrutar em total seguran\u00e7a das deliciosas brincadeiras de crian\u00e7as.<\/p>\n<\/div><\/section><\/div>\n<div class=\"flex_column av_one_third  flex_column_div first  avia-builder-el-17  el_after_av_two_third  el_before_av_two_third  column-top-margin\" ><section class=\"av_textblock_section \"  itemscope=\"itemscope\" itemtype=\"https:\/\/schema.org\/CreativeWork\" ><div class='avia_textblock  '   itemprop=\"text\" ><p><a href=\"\/\/www.rppiscinas.com\/pt\/wp-content\/uploads\/2015\/04\/overflow_fundo_piramide_paineis.jpg\"><img decoding=\"async\" loading=\"lazy\" class=\"alignleft size-full wp-image-3414\" alt=\"Modelos de piscinas OVERFLOW - Fundo Pir\u00e2mide\" src=\"\/\/www.rppiscinas.com\/pt\/wp-content\/uploads\/2014\/03\/modelos_piscinas_fundo_piramide.png\" width=\"326\" height=\"257\" srcset=\"https:\/\/www.rppiscinas.com\/pt\/wp-content\/uploads\/2014\/03\/modelos_piscinas_fundo_piramide.png 326w, https:\/\/www.rppiscinas.com\/pt\/wp-content\/uploads\/2014\/03\/modelos_piscinas_fundo_piramide-300x236.png 300w\" sizes=\"(max-width: 326px) 100vw, 326px\" \/><\/a><\/p>\n<\/div><\/section><\/div>\n<div class=\"flex_column av_two_third  flex_column_div   avia-builder-el-19  el_after_av_one_third  el_before_av_one_third  column-top-margin\" ><section class=\"av_textblock_section \"  itemscope=\"itemscope\" itemtype=\"https:\/\/schema.org\/CreativeWork\" ><div class='avia_textblock  '   itemprop=\"text\" ><h4>Fundo PIR\u00c2MIDE OVERFLOW<\/h4>\n<p>Apresenta-se como o fundo com mais tradi\u00e7\u00e3o nos modelos de piscinas SOLEO OVERFLOW. Tal como o fundo composto, apresenta uma profundidade vari\u00e1vel que neste caso pode ir de 1,10m at\u00e9 a um m\u00e1ximo de 2,00m. \u00c9 sem d\u00favida o fundo ideal para quem n\u00e3o dispensa os mergulhos com recurso a um prancha de saltos. Constitu\u00eddo por pequenos declives na transi\u00e7\u00e3o para a parte mais profunda que garantem a seguran\u00e7a dos utilizadores. Este tipo de fundo para modelos de piscinas OVERFLOW oferecem grandes economias em gastos de manuten\u00e7\u00e3o.<\/p>\n<\/div><\/section><\/div>\n<div class=\"flex_column av_one_third  flex_column_div first  avia-builder-el-21  el_after_av_two_third  el_before_av_two_third  column-top-margin\" ><section class=\"av_textblock_section \"  itemscope=\"itemscope\" itemtype=\"https:\/\/schema.org\/CreativeWork\" ><div class='avia_textblock  '   itemprop=\"text\" ><p><a href=\"\/\/www.rppiscinas.com\/pt\/wp-content\/uploads\/2015\/04\/overflow_fundo_relax_paineis.jpg\"><img decoding=\"async\" loading=\"lazy\" class=\"alignleft size-full wp-image-3416\" alt=\"Modelos de piscinas OVERFLOW - Fundo Relax\" src=\"\/\/www.rppiscinas.com\/pt\/wp-content\/uploads\/2014\/03\/modelos_piscinas_fundo_relax.png\" width=\"326\" height=\"257\" srcset=\"https:\/\/www.rppiscinas.com\/pt\/wp-content\/uploads\/2014\/03\/modelos_piscinas_fundo_relax.png 326w, https:\/\/www.rppiscinas.com\/pt\/wp-content\/uploads\/2014\/03\/modelos_piscinas_fundo_relax-300x236.png 300w\" sizes=\"(max-width: 326px) 100vw, 326px\" \/><\/a><\/p>\n<\/div><\/section><\/div>\n<div class=\"flex_column av_two_third  flex_column_div   avia-builder-el-23  el_after_av_one_third  avia-builder-el-last  column-top-margin\" ><section class=\"av_textblock_section \"  itemscope=\"itemscope\" itemtype=\"https:\/\/schema.org\/CreativeWork\" ><div class='avia_textblock  '   itemprop=\"text\" ><h4>Fundo RELAX OVERFLOW<\/h4>\n<p>Parte das \u00faltimas inova\u00e7\u00f5es SOLEO, o fundo RELAX para modelos de piscinas OVERFLOW s\u00e3o o ponto m\u00e1ximo de relaxamento dentro de uma piscina. Com uma zona de lazer plana com 0,30m de profundidade, esta \u00e9 \u00e1rea de excel\u00eancia para a implementa\u00e7\u00e3o de uma pequena esplanada dentro da pr\u00f3pria piscina.<br \/>\nAtrav\u00e9s de um suave declive, o fundo RELAX atinge a sua profundidade m\u00e1xima de 1,40m. Este fundo para modelos de piscinas SOLEO OVERFLOW \u00e9 sem d\u00favida um grande motivo para induzir ao relaxamento e bem-estar.<\/p>\n<\/div><\/section><\/div>\n","protected":false},"excerpt":{"rendered":"","protected":false},"author":1,"featured_media":0,"parent":0,"menu_order":0,"comment_status":"open","ping_status":"open","template":"","meta":[],"yoast_head":"<!-- This site is optimized with the Yoast SEO plugin v20.3 - https:\/\/yoast.com\/wordpress\/plugins\/seo\/ -->\n<title>Modelos de piscinas SOLEO RP | Fundos OVERFLOW<\/title>\n<meta name=\"description\" content=\"Modelos de piscinas SOLEO OVERFLOW composto por 5 tipologias de fundo que permitem uma adapta\u00e7\u00e3o perfeita \u00e0 sua utiliza\u00e7\u00e3o, seja familiar ou desportiva.\" \/>\n<meta name=\"robots\" content=\"index, follow, max-snippet:-1, max-image-preview:large, max-video-preview:-1\" \/>\n<link rel=\"canonical\" href=\"https:\/\/www.rppiscinas.com\/pt\/modelos-de-piscinas-fundos\/\" \/>\n<meta property=\"og:locale\" content=\"pt_PT\" \/>\n<meta property=\"og:type\" content=\"article\" \/>\n<meta property=\"og:title\" content=\"Modelos de piscinas SOLEO RP | Fundos OVERFLOW\" \/>\n<meta property=\"og:description\" content=\"Modelos de piscinas SOLEO OVERFLOW composto por 5 tipologias de fundo que permitem uma adapta\u00e7\u00e3o perfeita \u00e0 sua utiliza\u00e7\u00e3o, seja familiar ou desportiva.\" \/>\n<meta property=\"og:url\" content=\"https:\/\/www.rppiscinas.com\/pt\/modelos-de-piscinas-fundos\/\" \/>\n<meta property=\"og:site_name\" content=\"Soleo Piscinas\" \/>\n<meta property=\"article:publisher\" content=\"https:\/\/www.facebook.com\/soleopiscinas\" \/>\n<meta property=\"article:modified_time\" content=\"2025-03-06T14:15:49+00:00\" \/>\n<meta property=\"og:image\" content=\"https:\/\/www.rppiscinas.com\/pt\/wp-content\/uploads\/2018\/06\/piscina1.jpg\" \/>\n\t<meta property=\"og:image:width\" content=\"1200\" \/>\n\t<meta property=\"og:image:height\" content=\"603\" \/>\n\t<meta property=\"og:image:type\" content=\"image\/jpeg\" \/>\n<meta name=\"twitter:label1\" content=\"Tempo estimado de leitura\" \/>\n\t<meta name=\"twitter:data1\" content=\"4 minutos\" \/>\n<script type=\"application\/ld+json\" class=\"yoast-schema-graph\">{\"@context\":\"https:\/\/schema.org\",\"@graph\":[{\"@type\":\"WebPage\",\"@id\":\"https:\/\/www.rppiscinas.com\/pt\/modelos-de-piscinas-fundos\/\",\"url\":\"https:\/\/www.rppiscinas.com\/pt\/modelos-de-piscinas-fundos\/\",\"name\":\"Modelos de piscinas SOLEO RP | Fundos OVERFLOW\",\"isPartOf\":{\"@id\":\"https:\/\/www.rppiscinas.com\/pt\/#website\"},\"datePublished\":\"2014-03-17T17:22:00+00:00\",\"dateModified\":\"2025-03-06T14:15:49+00:00\",\"description\":\"Modelos de piscinas SOLEO OVERFLOW composto por 5 tipologias de fundo que permitem uma adapta\u00e7\u00e3o perfeita \u00e0 sua utiliza\u00e7\u00e3o, seja familiar ou desportiva.\",\"breadcrumb\":{\"@id\":\"https:\/\/www.rppiscinas.com\/pt\/modelos-de-piscinas-fundos\/#breadcrumb\"},\"inLanguage\":\"pt-PT\",\"potentialAction\":[{\"@type\":\"ReadAction\",\"target\":[\"https:\/\/www.rppiscinas.com\/pt\/modelos-de-piscinas-fundos\/\"]}]},{\"@type\":\"BreadcrumbList\",\"@id\":\"https:\/\/www.rppiscinas.com\/pt\/modelos-de-piscinas-fundos\/#breadcrumb\",\"itemListElement\":[{\"@type\":\"ListItem\",\"position\":1,\"name\":\"Home\",\"item\":\"https:\/\/www.rppiscinas.com\/pt\/\"},{\"@type\":\"ListItem\",\"position\":2,\"name\":\"Fundos piscina OVERFLOW\"}]},{\"@type\":\"WebSite\",\"@id\":\"https:\/\/www.rppiscinas.com\/pt\/#website\",\"url\":\"https:\/\/www.rppiscinas.com\/pt\/\",\"name\":\"Soleo Piscinas\",\"description\":\"Mais do que uma piscina\",\"publisher\":{\"@id\":\"https:\/\/www.rppiscinas.com\/pt\/#organization\"},\"alternateName\":\"Soleo Piscinas\",\"potentialAction\":[{\"@type\":\"SearchAction\",\"target\":{\"@type\":\"EntryPoint\",\"urlTemplate\":\"https:\/\/www.rppiscinas.com\/pt\/?s={search_term_string}\"},\"query-input\":\"required name=search_term_string\"}],\"inLanguage\":\"pt-PT\"},{\"@type\":\"Organization\",\"@id\":\"https:\/\/www.rppiscinas.com\/pt\/#organization\",\"name\":\"Soleo Piscinas\",\"url\":\"https:\/\/www.rppiscinas.com\/pt\/\",\"logo\":{\"@type\":\"ImageObject\",\"inLanguage\":\"pt-PT\",\"@id\":\"https:\/\/www.rppiscinas.com\/pt\/#\/schema\/logo\/image\/\",\"url\":\"https:\/\/www.rppiscinas.com\/pt\/wp-content\/uploads\/2025\/03\/logowebsite-1.png\",\"contentUrl\":\"https:\/\/www.rppiscinas.com\/pt\/wp-content\/uploads\/2025\/03\/logowebsite-1.png\",\"width\":160,\"height\":75,\"caption\":\"Soleo Piscinas\"},\"image\":{\"@id\":\"https:\/\/www.rppiscinas.com\/pt\/#\/schema\/logo\/image\/\"},\"sameAs\":[\"https:\/\/www.facebook.com\/soleopiscinas\",\"https:\/\/www.instagram.com\/soleopiscinas\/\",\"https:\/\/pt.pinterest.com\/soleopiscinas\/\"]}]}<\/script>\n<!-- \/ Yoast SEO plugin. -->","yoast_head_json":{"title":"Modelos de piscinas SOLEO RP | Fundos OVERFLOW","description":"Modelos de piscinas SOLEO OVERFLOW composto por 5 tipologias de fundo que permitem uma adapta\u00e7\u00e3o perfeita \u00e0 sua utiliza\u00e7\u00e3o, seja familiar ou desportiva.","robots":{"index":"index","follow":"follow","max-snippet":"max-snippet:-1","max-image-preview":"max-image-preview:large","max-video-preview":"max-video-preview:-1"},"canonical":"https:\/\/www.rppiscinas.com\/pt\/modelos-de-piscinas-fundos\/","og_locale":"pt_PT","og_type":"article","og_title":"Modelos de piscinas SOLEO RP | Fundos OVERFLOW","og_description":"Modelos de piscinas SOLEO OVERFLOW composto por 5 tipologias de fundo que permitem uma adapta\u00e7\u00e3o perfeita \u00e0 sua utiliza\u00e7\u00e3o, seja familiar ou desportiva.","og_url":"https:\/\/www.rppiscinas.com\/pt\/modelos-de-piscinas-fundos\/","og_site_name":"Soleo Piscinas","article_publisher":"https:\/\/www.facebook.com\/soleopiscinas","article_modified_time":"2025-03-06T14:15:49+00:00","og_image":[{"width":1200,"height":603,"url":"https:\/\/www.rppiscinas.com\/pt\/wp-content\/uploads\/2018\/06\/piscina1.jpg","type":"image\/jpeg"}],"twitter_misc":{"Tempo estimado de leitura":"4 minutos"},"schema":{"@context":"https:\/\/schema.org","@graph":[{"@type":"WebPage","@id":"https:\/\/www.rppiscinas.com\/pt\/modelos-de-piscinas-fundos\/","url":"https:\/\/www.rppiscinas.com\/pt\/modelos-de-piscinas-fundos\/","name":"Modelos de piscinas SOLEO RP | Fundos OVERFLOW","isPartOf":{"@id":"https:\/\/www.rppiscinas.com\/pt\/#website"},"datePublished":"2014-03-17T17:22:00+00:00","dateModified":"2025-03-06T14:15:49+00:00","description":"Modelos de piscinas SOLEO OVERFLOW composto por 5 tipologias de fundo que permitem uma adapta\u00e7\u00e3o perfeita \u00e0 sua utiliza\u00e7\u00e3o, seja familiar ou desportiva.","breadcrumb":{"@id":"https:\/\/www.rppiscinas.com\/pt\/modelos-de-piscinas-fundos\/#breadcrumb"},"inLanguage":"pt-PT","potentialAction":[{"@type":"ReadAction","target":["https:\/\/www.rppiscinas.com\/pt\/modelos-de-piscinas-fundos\/"]}]},{"@type":"BreadcrumbList","@id":"https:\/\/www.rppiscinas.com\/pt\/modelos-de-piscinas-fundos\/#breadcrumb","itemListElement":[{"@type":"ListItem","position":1,"name":"Home","item":"https:\/\/www.rppiscinas.com\/pt\/"},{"@type":"ListItem","position":2,"name":"Fundos piscina OVERFLOW"}]},{"@type":"WebSite","@id":"https:\/\/www.rppiscinas.com\/pt\/#website","url":"https:\/\/www.rppiscinas.com\/pt\/","name":"Soleo Piscinas","description":"Mais do que uma piscina","publisher":{"@id":"https:\/\/www.rppiscinas.com\/pt\/#organization"},"alternateName":"Soleo Piscinas","potentialAction":[{"@type":"SearchAction","target":{"@type":"EntryPoint","urlTemplate":"https:\/\/www.rppiscinas.com\/pt\/?s={search_term_string}"},"query-input":"required name=search_term_string"}],"inLanguage":"pt-PT"},{"@type":"Organization","@id":"https:\/\/www.rppiscinas.com\/pt\/#organization","name":"Soleo Piscinas","url":"https:\/\/www.rppiscinas.com\/pt\/","logo":{"@type":"ImageObject","inLanguage":"pt-PT","@id":"https:\/\/www.rppiscinas.com\/pt\/#\/schema\/logo\/image\/","url":"https:\/\/www.rppiscinas.com\/pt\/wp-content\/uploads\/2025\/03\/logowebsite-1.png","contentUrl":"https:\/\/www.rppiscinas.com\/pt\/wp-content\/uploads\/2025\/03\/logowebsite-1.png","width":160,"height":75,"caption":"Soleo Piscinas"},"image":{"@id":"https:\/\/www.rppiscinas.com\/pt\/#\/schema\/logo\/image\/"},"sameAs":["https:\/\/www.facebook.com\/soleopiscinas","https:\/\/www.instagram.com\/soleopiscinas\/","https:\/\/pt.pinterest.com\/soleopiscinas\/"]}]}},"_links":{"self":[{"href":"https:\/\/www.rppiscinas.com\/pt\/wp-json\/wp\/v2\/pages\/3409"}],"collection":[{"href":"https:\/\/www.rppiscinas.com\/pt\/wp-json\/wp\/v2\/pages"}],"about":[{"href":"https:\/\/www.rppiscinas.com\/pt\/wp-json\/wp\/v2\/types\/page"}],"author":[{"embeddable":true,"href":"https:\/\/www.rppiscinas.com\/pt\/wp-json\/wp\/v2\/users\/1"}],"replies":[{"embeddable":true,"href":"https:\/\/www.rppiscinas.com\/pt\/wp-json\/wp\/v2\/comments?post=3409"}],"version-history":[{"count":14,"href":"https:\/\/www.rppiscinas.com\/pt\/wp-json\/wp\/v2\/pages\/3409\/revisions"}],"predecessor-version":[{"id":20620,"href":"https:\/\/www.rppiscinas.com\/pt\/wp-json\/wp\/v2\/pages\/3409\/revisions\/20620"}],"wp:attachment":[{"href":"https:\/\/www.rppiscinas.com\/pt\/wp-json\/wp\/v2\/media?parent=3409"}],"curies":[{"name":"wp","href":"https:\/\/api.w.org\/{rel}","templated":true}]}}