{"id":3397,"date":"2014-03-17T16:17:43","date_gmt":"2014-03-17T16:17:43","guid":{"rendered":"http:\/\/rppiscinas.com\/pt\/?page_id=3397"},"modified":"2025-03-06T14:13:09","modified_gmt":"2025-03-06T14:13:09","slug":"estrutura-piscina-oveflow","status":"publish","type":"page","link":"https:\/\/www.rppiscinas.com\/pt\/estrutura-piscina-oveflow\/","title":{"rendered":"Estrutura Piscina OVERFLOW"},"content":{"rendered":"<div class=\"flex_column av_one_full  flex_column_div first  avia-builder-el-0  el_before_av_hr  avia-builder-el-first  \" ><p><div class='avia-button-wrap avia-button-left  avia-builder-el-1  el_before_av_button  avia-builder-el-first '><a href='https:\/\/www.rppiscinas.com\/pt\/caleira-finlandesa\/'  class='avia-button   avia-icon_select-no avia-color-theme-color avia-size-small avia-position-left '   ><span class='avia_iconbox_title' >T\u00e9cnica<\/span><\/a><\/div><br \/>\n<div class='avia-button-wrap avia-button-left  avia-builder-el-2  el_after_av_button  el_before_av_button '><a href='javascript:void(0)'  class='avia-button   avia-icon_select-no avia-color-orange avia-size-small avia-position-left '   ><span class='avia_iconbox_title' >Estrutura<\/span><\/a><\/div><br \/>\n<div class='avia-button-wrap avia-button-left  avia-builder-el-3  el_after_av_button  el_before_av_button '><a href='https:\/\/www.rppiscinas.com\/pt\/modelos-de-piscinas-fundos\/'  class='avia-button   avia-icon_select-no avia-color-theme-color avia-size-small avia-position-left '   ><span class='avia_iconbox_title' >Fundos<\/span><\/a><\/div><br \/>\n<div class='avia-button-wrap avia-button-left  avia-builder-el-4  el_after_av_button  avia-builder-el-last '><a href='https:\/\/www.rppiscinas.com\/pt\/liner-piscinas\/'  class='avia-button   avia-icon_select-no avia-color-theme-color avia-size-small avia-position-left '   ><span class='avia_iconbox_title' >Liners<\/span><\/a><\/div><\/p><\/div>\n<div  class='hr hr-default   avia-builder-el-5  el_after_av_one_full  el_before_av_two_third '><span class='hr-inner ' ><span class='hr-inner-style'><\/span><\/span><\/div>\n<div class=\"flex_column av_two_third  flex_column_div first  avia-builder-el-6  el_after_av_hr  el_before_av_one_third  \" ><section class=\"av_textblock_section \"  itemscope=\"itemscope\" itemtype=\"https:\/\/schema.org\/CreativeWork\" ><div class='avia_textblock  '   itemprop=\"text\" ><h2><span style=\"color: #000000;\">Estrutura piscina OVERFLOW<\/span><\/h2>\n<h3><span style=\"color: #1692de;\"><strong>Sistemas construtivos inovadores<\/strong><\/span><\/h3>\n<p><strong>Estrutura da piscina SOLEO OVERFLOW<\/strong> foi desenvolvida e fabricada com base na longa experi\u00eancia da RP INDUSTRIES em sistemas construtivos para piscinas. Em exclusivo a sua <strong>estrutura piscina OVERFLOW<\/strong> pode ser composta por tr\u00eas distintas tipologias de a\u00e7o.<\/p>\n<p>Os exclusivos a\u00e7os para a estrutura piscina OVERFLOW foram sujeitos a rigorosos testes de laborat\u00f3rio em conformidade com as mais exigentes normas europeias <strong>ISO 3497, EN ISO 2808, EN ISO 9227 e EN ISO 4628<\/strong>. Os testes realizados possibilitaram a determina\u00e7\u00e3o da massa por unidade de superf\u00edcie, a espessura m\u00e9dia do painel e do revestimento org\u00e2nico, assim como o seu comportamento em c\u00e2mara artificial de nevoeiro salino neutro.<br \/>\nA realiza\u00e7\u00e3o dos <strong>testes<\/strong> a cargo de um <strong>laborat\u00f3rio independente<\/strong> (LNEG-LMR), permitiram a exposi\u00e7\u00e3o dos a\u00e7os para estrutura piscina OVERFLOW a in\u00fameras agress\u00f5es qu\u00edmicas em ambiente artificial de nevoeiro salino neutro. No final foi poss\u00edvel comprovar o esperado. As estruturas em a\u00e7o STEELPRIME e PRIMASTEEL comprovaram ser os mais resistentes a\u00e7os utilizados na instala\u00e7\u00e3o\u00a0 de piscinas.<\/p>\n<h4><span style=\"color: #333333;\">AT\u00c9 10 VEZES MAIS RESISTENTE DO QUE AS ESTRUTURAS TRADICIONAIS<\/span><\/h4>\n<\/div><\/section><\/div><div class=\"flex_column av_one_third  flex_column_div   avia-builder-el-8  el_after_av_two_third  el_before_av_hr  \" ><div class='avia-image-container  av-styling-    avia-builder-el-9  avia-builder-el-no-sibling  avia-align-center '  itemprop=\"image\" itemscope=\"itemscope\" itemtype=\"https:\/\/schema.org\/ImageObject\"  ><div class='avia-image-container-inner'><div class='avia-image-overlay-wrap'><img class='avia_image' src='\/\/www.rppiscinas.com\/pt\/wp-content\/uploads\/2014\/03\/pormenor_piscina_soleo.png' alt='estrutura piscina OVERFLOW' title='estrutura piscina OVERFLOW'   itemprop=\"thumbnailUrl\"  \/><\/div><\/div><\/div><\/div><\/p>\n<div  class='hr hr-default   avia-builder-el-10  el_after_av_one_third  el_before_av_textblock '><span class='hr-inner ' ><span class='hr-inner-style'><\/span><\/span><\/div>\n<section class=\"av_textblock_section \"  itemscope=\"itemscope\" itemtype=\"https:\/\/schema.org\/CreativeWork\" ><div class='avia_textblock  '   itemprop=\"text\" ><h2 style=\"text-align: center;\"><span style=\"color: #1692de;\">Duas op\u00e7\u00f5es \u00e0 escolha<\/span><\/h2>\n<p style=\"text-align: center;\">Desenvolvido em exclusivo pela RP INDUSTRIES para a <strong>estrutura piscina SOLEO OVERFLOW<\/strong>, os pain\u00e9is em a\u00e7o <strong>STEELPRIME <\/strong>e\u00a0<strong>PRIMASTEEL<\/strong>\u00a0est\u00e3o munidos de tecnologia que lhes permite garantir uma resist\u00eancia at\u00e9 10 vezes superior a outros a\u00e7os galvanizados utilizados na instala\u00e7\u00e3o de piscinas. A gama de a\u00e7os para a estrutura piscina SOLEO OVERFLOW permite a aplica\u00e7\u00e3o de diferentes tipos de revestimento.<\/p>\n<\/div><\/section>\n<div class=\"flex_column av_one_half  flex_column_div first  avia-builder-el-12  el_after_av_textblock  el_before_av_one_half  column-top-margin\" ><div class='avia-image-container  av-styling-    avia-builder-el-13  avia-builder-el-no-sibling  avia-align-center '  itemprop=\"image\" itemscope=\"itemscope\" itemtype=\"https:\/\/schema.org\/ImageObject\"  ><div class='avia-image-container-inner'><div class='avia-image-overlay-wrap'><img class='avia_image' src='\/\/www.rppiscinas.com\/pt\/wp-content\/uploads\/2014\/02\/piscina_soleo_steelprime.jpg' alt='painel piscina Soleo Steelprime' title='piscina Soleo Steelprime'   itemprop=\"thumbnailUrl\"  \/><\/div><\/div><\/div><\/div>\n<div class=\"flex_column av_one_half  flex_column_div   avia-builder-el-14  el_after_av_one_half  el_before_av_one_half  column-top-margin\" ><div class='avia-image-container  av-styling-    avia-builder-el-15  avia-builder-el-no-sibling  avia-align-center '  itemprop=\"image\" itemscope=\"itemscope\" itemtype=\"https:\/\/schema.org\/ImageObject\"  ><div class='avia-image-container-inner'><div class='avia-image-overlay-wrap'><img class='avia_image' src='\/\/www.rppiscinas.com\/pt\/wp-content\/uploads\/2014\/02\/piscina_soleo_primasteel1-300x209.jpg' alt='' title='piscina_soleo_primasteel'   itemprop=\"thumbnailUrl\"  \/><\/div><\/div><\/div><\/div>\n<div class=\"flex_column av_one_half  flex_column_div first  avia-builder-el-16  el_after_av_one_half  el_before_av_one_half  column-top-margin\" ><section class=\"av_textblock_section \"  itemscope=\"itemscope\" itemtype=\"https:\/\/schema.org\/CreativeWork\" ><div class='avia_textblock  '   itemprop=\"text\" ><h4>Painel em a\u00e7o STEELPRIME<\/h4>\n<p>STEELPRIME \u00e9 um a\u00e7o galvanizado com revestimento de zinco \u2013alum\u00ednio e magn\u00e9sio nas em todas as face do painel de 2mm. Aplicada com recurso a um m\u00e9todo cont\u00ednuo de imers\u00e3o a quente esta \u00e9 uma composi\u00e7\u00e3o qu\u00edmica exclusiva.<br \/>\nPermite a aplica\u00e7\u00e3o de duas tipologias de revestimento:<br \/>\nLiner 75\/100 ou Tela armada 150\/100.<\/p>\n<\/div><\/section><\/div>\n<div class=\"flex_column av_one_half  flex_column_div   avia-builder-el-18  el_after_av_one_half  el_before_av_section  avia-builder-el-last  column-top-margin\" ><section class=\"av_textblock_section \"  itemscope=\"itemscope\" itemtype=\"https:\/\/schema.org\/CreativeWork\" ><div class='avia_textblock  '   itemprop=\"text\" ><h4>Painel em a\u00e7o PRIMASTEEL<\/h4>\n<p>O a\u00e7o PRIMASTEEL apresenta as mesmas propriedades do a\u00e7o galvanizado STEELPRIME com revestimento extra em PVC nas duas faces o que lhe permite uma espessura de 2,3 mm conferindo-lhe uma durabilidade e resist\u00eancia extra.<br \/>\nPermite a aplica\u00e7\u00e3o de tr\u00eas tipologias de revestimento: Liner 75\/100, Tela armada 150\/100 e Pastilha de vidro.<\/p>\n<\/div><\/section><\/div>\n<\/div><\/div><\/div><!-- close content main div --><\/div><\/div><div id='av_section_1' class='avia-section main_color avia-section-default avia-no-shadow avia-bg-style-fixed  avia-builder-el-20  el_after_av_one_half  el_before_av_two_third   container_wrap fullsize' style=' '  ><div class='container' ><div class='template-page content  av-content-full alpha units'><div class='post-entry post-entry-type-page post-entry-3397'><div class='entry-content-wrapper clearfix'>\n<div class=\"flex_column av_two_third  flex_column_div first  avia-builder-el-21  el_before_av_one_third  avia-builder-el-first  \" ><section class=\"av_textblock_section \"  itemscope=\"itemscope\" itemtype=\"https:\/\/schema.org\/CreativeWork\" ><div class='avia_textblock  '   itemprop=\"text\" ><h2><span style=\"color: #000000;\">O a\u00e7o mais resistente utilizado na instala\u00e7\u00e3o de piscinas<\/span><\/h2>\n<h4><span style=\"color: #1692de;\"> TESTADO E CERTIFICADO POR LABORAT\u00d3RIO (LNEG-LMR)<\/span><\/h4>\n<p style=\"text-align: justify;\"><span style=\"color: #000000;\">Testados conforme as exigentes normas europeias <strong>ISO 3497, EN ISO 2808, EN ISO 9227 e EN ISO 4628<\/strong>, os a\u00e7os para estrutura piscina <strong>SOLEO OVERFLOW<\/strong> foram sujeitos a rigorosos teste que possibilitaram determinar importantes aspetos do seu comportamento. A determina\u00e7\u00e3o da massa por unidade de superf\u00edcie, da espessura m\u00e9dia do painel, da espessura do revestimento org\u00e2nico e o comportamento em c\u00e2mara de nevoeiro salino neutro foram os pontos testados para determinar a resist\u00eancia e durabilidade do a\u00e7o para a estrutura piscina OVERFLOW.<\/span><\/p>\n<p style=\"text-align: justify;\"><span style=\"color: #000000;\">Realizado por laborat\u00f3rios independentes (LNRG-LMR) os testes realizados submeteram os a\u00e7os RP INDUSTRIES a todas as agress\u00f5es qu\u00edmicas em c\u00e2maras especiais de nevoeiro salino. O resultado final veio comprovar o esperado, comprovando que os a\u00e7os para a estrutura da piscina OVERFLOW s\u00e3o os mais resistentes de todos os a\u00e7o utilizados na constru\u00e7\u00e3o de piscinas.<\/span><\/p>\n<p style=\"text-align: justify;\"><span style=\"color: #000000;\">O Laborat\u00f3rio Nacional de Energia e Geologia (LNEG) e o Laborat\u00f3rio de materiais e revestimentos (LMR) vieram comprovar a resist\u00eancia e durabilidade dos a\u00e7os STEELPRIME e PRIMASTEEL.<\/span><b>\u00a0<\/b><\/p>\n<\/div><\/section><\/div><div class=\"flex_column av_one_third  flex_column_div   avia-builder-el-23  el_after_av_two_third  avia-builder-el-last  \" ><section class=\"av_textblock_section \"  itemscope=\"itemscope\" itemtype=\"https:\/\/schema.org\/CreativeWork\" ><div class='avia_textblock  '   itemprop=\"text\" ><p><a class=\"remove-overlay\" href=\"\/\/www.rppiscinas.com\/pt\/wp-content\/uploads\/2015\/04\/teste_aco_soleo.jpg\"><img decoding=\"async\" loading=\"lazy\" class=\"alignleft size-full wp-image-3172\" alt=\"certificado A\u00e7o RP\" src=\"\/\/www.rppiscinas.com\/pt\/wp-content\/uploads\/2015\/04\/certificado_aco_RP.png\" width=\"295\" height=\"362\" \/><\/a><\/p>\n<\/div><\/section><\/div><\/div><\/div><\/div><!-- close content main div --><\/div><\/div><div id='after_section_1' class='main_color av_default_container_wrap container_wrap fullsize' style=' '  ><div class='container' ><div class='template-page content  av-content-full alpha units'><div class='post-entry post-entry-type-page post-entry-3397'><div class='entry-content-wrapper clearfix'><div class=\"flex_column av_two_third  flex_column_div first  avia-builder-el-25  el_after_av_section  el_before_av_one_third  avia-builder-el-first  \" ><section class=\"av_textblock_section \"  itemscope=\"itemscope\" itemtype=\"https:\/\/schema.org\/CreativeWork\" ><div class='avia_textblock  '   itemprop=\"text\" ><h2 style=\"text-align: justify;\"><span style=\"color: #1692de;\">Hist\u00f3ria do a\u00e7o na constru\u00e7\u00e3o<\/span><\/h2>\n<p>Em meados do s\u00e9culo XVIII, com a revolu\u00e7\u00e3o industrial na Europa vieram-se a verificar profundas altera\u00e7\u00f5es no crescimento da popula\u00e7\u00e3o impondo, assim novos desafios para a execu\u00e7\u00e3o de constru\u00e7\u00f5es. Resultado de importantes \u00a0avan\u00e7os industriais, verifica-se uma produ\u00e7\u00e3o em grande escala do a\u00e7o, passando a ser usado na constru\u00e7\u00e3o de grande parte dos edif\u00edcios.<\/p>\n<p>Foi a aplica\u00e7\u00e3o em edifica\u00e7\u00f5es de relevo, como esta\u00e7\u00f5es ferrovi\u00e1rias ou pavilh\u00f5es de exposi\u00e7\u00e3o, que permitiu a\u00a0 aplica\u00e7\u00e3o de importantes avan\u00e7os tecnol\u00f3gicos desenvolvidos em meados de 1830.<br \/>\nCapaz de oferecer solu\u00e7\u00f5es arrojadas e de elevada qualidade o a\u00e7o, desde cedo, apareceu associado a um conceito de modernidade e inova\u00e7\u00e3o tendo vindo ao longo dos anos a influenciar a vida de arquitetos, engenheiros e construtores.<\/p>\n<p>Como tal, desde o in\u00edcio da sua aplica\u00e7\u00e3o, na segunda metade do s\u00e9culo XVII, at\u00e9 \u00e0 atualidade podemos encontrar muitos exemplos de importantes edif\u00edcios arquitect\u00f3nicos que utilizam o a\u00e7o na sua constru\u00e7\u00e3o.<\/p>\n<\/div><\/section><\/div><\/p>\n<div class=\"flex_column av_one_third  flex_column_div   avia-builder-el-27  el_after_av_two_third  avia-builder-el-last  \" ><div class='avia-gallery  avia-gallery-1 deactivate_avia_lazyload avia-gallery-animate avia_animate_when_visible  avia-builder-el-28  avia-builder-el-no-sibling '  itemprop=\"image\" itemscope=\"itemscope\" itemtype=\"https:\/\/schema.org\/ImageObject\" ><div class='avia-gallery-thumb'> <a href='https:\/\/www.rppiscinas.com\/pt\/wp-content\/uploads\/2014\/02\/construcao_aco_01.jpg' data-rel='gallery-1' data-prev-img='https:\/\/www.rppiscinas.com\/pt\/wp-content\/uploads\/2014\/02\/construcao_aco_01-495x400.jpg' class='first_thumb lightbox ' data-onclick='1' title='Ponte D. Luis (Porto)'  itemprop=\"thumbnailUrl\" ><img data-avia-tooltip='Ponte D. Luis (Porto)' src='https:\/\/www.rppiscinas.com\/pt\/wp-content\/uploads\/2014\/02\/construcao_aco_01-120x120.jpg' width='120' height='120'  title='construcao_aco_01' alt='' \/><\/a> <a href='https:\/\/www.rppiscinas.com\/pt\/wp-content\/uploads\/2014\/02\/construcao_aco_02.jpg' data-rel='gallery-1' data-prev-img='https:\/\/www.rppiscinas.com\/pt\/wp-content\/uploads\/2014\/02\/construcao_aco_02-495x400.jpg' class='lightbox ' data-onclick='2' title='Torre Eifel (Paris)'  itemprop=\"thumbnailUrl\" ><img data-avia-tooltip='Torre Eifel (Paris)' src='https:\/\/www.rppiscinas.com\/pt\/wp-content\/uploads\/2014\/02\/construcao_aco_02-120x120.jpg' width='120' height='120'  title='construcao_aco_02' alt='' \/><\/a> <a href='https:\/\/www.rppiscinas.com\/pt\/wp-content\/uploads\/2014\/02\/construcao_aco_03.jpg' data-rel='gallery-1' data-prev-img='https:\/\/www.rppiscinas.com\/pt\/wp-content\/uploads\/2014\/02\/construcao_aco_03-495x400.jpg' class='first_thumb lightbox ' data-onclick='3' title='Gare do Oriente (Lisboa)'  itemprop=\"thumbnailUrl\" ><img data-avia-tooltip='Gare do Oriente (Lisboa)' src='https:\/\/www.rppiscinas.com\/pt\/wp-content\/uploads\/2014\/02\/construcao_aco_03-120x120.jpg' width='120' height='120'  title='construcao_aco_03' alt='' \/><\/a> <a href='https:\/\/www.rppiscinas.com\/pt\/wp-content\/uploads\/2014\/02\/construcao_aco_04.jpg' data-rel='gallery-1' data-prev-img='https:\/\/www.rppiscinas.com\/pt\/wp-content\/uploads\/2014\/02\/construcao_aco_04-495x400.jpg' class='lightbox ' data-onclick='4' title='Burj Khalifa (Dubai)'  itemprop=\"thumbnailUrl\" ><img data-avia-tooltip='Burj Khalifa (Dubai)' src='https:\/\/www.rppiscinas.com\/pt\/wp-content\/uploads\/2014\/02\/construcao_aco_04-120x120.jpg' width='120' height='120'  title='construcao_aco_04' alt='' \/><\/a><\/div><\/div><\/div>\n","protected":false},"excerpt":{"rendered":"","protected":false},"author":1,"featured_media":0,"parent":0,"menu_order":0,"comment_status":"open","ping_status":"open","template":"","meta":[],"yoast_head":"<!-- This site is optimized with the Yoast SEO plugin v20.3 - https:\/\/yoast.com\/wordpress\/plugins\/seo\/ -->\n<title>Estrutura piscina caleira finlandesa SOLEO OVERFLOW<\/title>\n<meta name=\"description\" content=\"Estrutura piscina SOLEO OVERFLOW dispon\u00edvel em 3 tipologias exclusivas de a\u00e7o RP INDUSTRIES. Os mais resistentes a\u00e7os utilizados na constru\u00e7\u00e3o de piscinas.\" \/>\n<meta name=\"robots\" content=\"index, follow, max-snippet:-1, max-image-preview:large, max-video-preview:-1\" \/>\n<link rel=\"canonical\" href=\"https:\/\/www.rppiscinas.com\/pt\/estrutura-piscina-oveflow\/\" \/>\n<meta property=\"og:locale\" content=\"pt_PT\" \/>\n<meta property=\"og:type\" content=\"article\" \/>\n<meta property=\"og:title\" content=\"Estrutura piscina caleira finlandesa SOLEO OVERFLOW\" \/>\n<meta property=\"og:description\" content=\"Estrutura piscina SOLEO OVERFLOW dispon\u00edvel em 3 tipologias exclusivas de a\u00e7o RP INDUSTRIES. Os mais resistentes a\u00e7os utilizados na constru\u00e7\u00e3o de piscinas.\" \/>\n<meta property=\"og:url\" content=\"https:\/\/www.rppiscinas.com\/pt\/estrutura-piscina-oveflow\/\" \/>\n<meta property=\"og:site_name\" content=\"Soleo Piscinas\" \/>\n<meta property=\"article:publisher\" content=\"https:\/\/www.facebook.com\/soleopiscinas\" \/>\n<meta property=\"article:modified_time\" content=\"2025-03-06T14:13:09+00:00\" \/>\n<meta property=\"og:image\" content=\"https:\/\/www.rppiscinas.com\/pt\/wp-content\/uploads\/2018\/06\/piscina1.jpg\" \/>\n\t<meta property=\"og:image:width\" content=\"1200\" \/>\n\t<meta property=\"og:image:height\" content=\"603\" \/>\n\t<meta property=\"og:image:type\" content=\"image\/jpeg\" \/>\n<meta name=\"twitter:label1\" content=\"Tempo estimado de leitura\" \/>\n\t<meta name=\"twitter:data1\" content=\"6 minutos\" \/>\n<script type=\"application\/ld+json\" class=\"yoast-schema-graph\">{\"@context\":\"https:\/\/schema.org\",\"@graph\":[{\"@type\":\"WebPage\",\"@id\":\"https:\/\/www.rppiscinas.com\/pt\/estrutura-piscina-oveflow\/\",\"url\":\"https:\/\/www.rppiscinas.com\/pt\/estrutura-piscina-oveflow\/\",\"name\":\"Estrutura piscina caleira finlandesa SOLEO OVERFLOW\",\"isPartOf\":{\"@id\":\"https:\/\/www.rppiscinas.com\/pt\/#website\"},\"datePublished\":\"2014-03-17T16:17:43+00:00\",\"dateModified\":\"2025-03-06T14:13:09+00:00\",\"description\":\"Estrutura piscina SOLEO OVERFLOW dispon\u00edvel em 3 tipologias exclusivas de a\u00e7o RP INDUSTRIES. Os mais resistentes a\u00e7os utilizados na constru\u00e7\u00e3o de piscinas.\",\"breadcrumb\":{\"@id\":\"https:\/\/www.rppiscinas.com\/pt\/estrutura-piscina-oveflow\/#breadcrumb\"},\"inLanguage\":\"pt-PT\",\"potentialAction\":[{\"@type\":\"ReadAction\",\"target\":[\"https:\/\/www.rppiscinas.com\/pt\/estrutura-piscina-oveflow\/\"]}]},{\"@type\":\"BreadcrumbList\",\"@id\":\"https:\/\/www.rppiscinas.com\/pt\/estrutura-piscina-oveflow\/#breadcrumb\",\"itemListElement\":[{\"@type\":\"ListItem\",\"position\":1,\"name\":\"Home\",\"item\":\"https:\/\/www.rppiscinas.com\/pt\/\"},{\"@type\":\"ListItem\",\"position\":2,\"name\":\"Estrutura Piscina OVERFLOW\"}]},{\"@type\":\"WebSite\",\"@id\":\"https:\/\/www.rppiscinas.com\/pt\/#website\",\"url\":\"https:\/\/www.rppiscinas.com\/pt\/\",\"name\":\"Soleo Piscinas\",\"description\":\"Mais do que uma piscina\",\"publisher\":{\"@id\":\"https:\/\/www.rppiscinas.com\/pt\/#organization\"},\"alternateName\":\"Soleo Piscinas\",\"potentialAction\":[{\"@type\":\"SearchAction\",\"target\":{\"@type\":\"EntryPoint\",\"urlTemplate\":\"https:\/\/www.rppiscinas.com\/pt\/?s={search_term_string}\"},\"query-input\":\"required name=search_term_string\"}],\"inLanguage\":\"pt-PT\"},{\"@type\":\"Organization\",\"@id\":\"https:\/\/www.rppiscinas.com\/pt\/#organization\",\"name\":\"Soleo Piscinas\",\"url\":\"https:\/\/www.rppiscinas.com\/pt\/\",\"logo\":{\"@type\":\"ImageObject\",\"inLanguage\":\"pt-PT\",\"@id\":\"https:\/\/www.rppiscinas.com\/pt\/#\/schema\/logo\/image\/\",\"url\":\"https:\/\/www.rppiscinas.com\/pt\/wp-content\/uploads\/2025\/03\/logowebsite-1.png\",\"contentUrl\":\"https:\/\/www.rppiscinas.com\/pt\/wp-content\/uploads\/2025\/03\/logowebsite-1.png\",\"width\":160,\"height\":75,\"caption\":\"Soleo Piscinas\"},\"image\":{\"@id\":\"https:\/\/www.rppiscinas.com\/pt\/#\/schema\/logo\/image\/\"},\"sameAs\":[\"https:\/\/www.facebook.com\/soleopiscinas\",\"https:\/\/www.instagram.com\/soleopiscinas\/\",\"https:\/\/pt.pinterest.com\/soleopiscinas\/\"]}]}<\/script>\n<!-- \/ Yoast SEO plugin. -->","yoast_head_json":{"title":"Estrutura piscina caleira finlandesa SOLEO OVERFLOW","description":"Estrutura piscina SOLEO OVERFLOW dispon\u00edvel em 3 tipologias exclusivas de a\u00e7o RP INDUSTRIES. Os mais resistentes a\u00e7os utilizados na constru\u00e7\u00e3o de piscinas.","robots":{"index":"index","follow":"follow","max-snippet":"max-snippet:-1","max-image-preview":"max-image-preview:large","max-video-preview":"max-video-preview:-1"},"canonical":"https:\/\/www.rppiscinas.com\/pt\/estrutura-piscina-oveflow\/","og_locale":"pt_PT","og_type":"article","og_title":"Estrutura piscina caleira finlandesa SOLEO OVERFLOW","og_description":"Estrutura piscina SOLEO OVERFLOW dispon\u00edvel em 3 tipologias exclusivas de a\u00e7o RP INDUSTRIES. Os mais resistentes a\u00e7os utilizados na constru\u00e7\u00e3o de piscinas.","og_url":"https:\/\/www.rppiscinas.com\/pt\/estrutura-piscina-oveflow\/","og_site_name":"Soleo Piscinas","article_publisher":"https:\/\/www.facebook.com\/soleopiscinas","article_modified_time":"2025-03-06T14:13:09+00:00","og_image":[{"width":1200,"height":603,"url":"https:\/\/www.rppiscinas.com\/pt\/wp-content\/uploads\/2018\/06\/piscina1.jpg","type":"image\/jpeg"}],"twitter_misc":{"Tempo estimado de leitura":"6 minutos"},"schema":{"@context":"https:\/\/schema.org","@graph":[{"@type":"WebPage","@id":"https:\/\/www.rppiscinas.com\/pt\/estrutura-piscina-oveflow\/","url":"https:\/\/www.rppiscinas.com\/pt\/estrutura-piscina-oveflow\/","name":"Estrutura piscina caleira finlandesa SOLEO OVERFLOW","isPartOf":{"@id":"https:\/\/www.rppiscinas.com\/pt\/#website"},"datePublished":"2014-03-17T16:17:43+00:00","dateModified":"2025-03-06T14:13:09+00:00","description":"Estrutura piscina SOLEO OVERFLOW dispon\u00edvel em 3 tipologias exclusivas de a\u00e7o RP INDUSTRIES. Os mais resistentes a\u00e7os utilizados na constru\u00e7\u00e3o de piscinas.","breadcrumb":{"@id":"https:\/\/www.rppiscinas.com\/pt\/estrutura-piscina-oveflow\/#breadcrumb"},"inLanguage":"pt-PT","potentialAction":[{"@type":"ReadAction","target":["https:\/\/www.rppiscinas.com\/pt\/estrutura-piscina-oveflow\/"]}]},{"@type":"BreadcrumbList","@id":"https:\/\/www.rppiscinas.com\/pt\/estrutura-piscina-oveflow\/#breadcrumb","itemListElement":[{"@type":"ListItem","position":1,"name":"Home","item":"https:\/\/www.rppiscinas.com\/pt\/"},{"@type":"ListItem","position":2,"name":"Estrutura Piscina OVERFLOW"}]},{"@type":"WebSite","@id":"https:\/\/www.rppiscinas.com\/pt\/#website","url":"https:\/\/www.rppiscinas.com\/pt\/","name":"Soleo Piscinas","description":"Mais do que uma piscina","publisher":{"@id":"https:\/\/www.rppiscinas.com\/pt\/#organization"},"alternateName":"Soleo Piscinas","potentialAction":[{"@type":"SearchAction","target":{"@type":"EntryPoint","urlTemplate":"https:\/\/www.rppiscinas.com\/pt\/?s={search_term_string}"},"query-input":"required name=search_term_string"}],"inLanguage":"pt-PT"},{"@type":"Organization","@id":"https:\/\/www.rppiscinas.com\/pt\/#organization","name":"Soleo Piscinas","url":"https:\/\/www.rppiscinas.com\/pt\/","logo":{"@type":"ImageObject","inLanguage":"pt-PT","@id":"https:\/\/www.rppiscinas.com\/pt\/#\/schema\/logo\/image\/","url":"https:\/\/www.rppiscinas.com\/pt\/wp-content\/uploads\/2025\/03\/logowebsite-1.png","contentUrl":"https:\/\/www.rppiscinas.com\/pt\/wp-content\/uploads\/2025\/03\/logowebsite-1.png","width":160,"height":75,"caption":"Soleo Piscinas"},"image":{"@id":"https:\/\/www.rppiscinas.com\/pt\/#\/schema\/logo\/image\/"},"sameAs":["https:\/\/www.facebook.com\/soleopiscinas","https:\/\/www.instagram.com\/soleopiscinas\/","https:\/\/pt.pinterest.com\/soleopiscinas\/"]}]}},"_links":{"self":[{"href":"https:\/\/www.rppiscinas.com\/pt\/wp-json\/wp\/v2\/pages\/3397"}],"collection":[{"href":"https:\/\/www.rppiscinas.com\/pt\/wp-json\/wp\/v2\/pages"}],"about":[{"href":"https:\/\/www.rppiscinas.com\/pt\/wp-json\/wp\/v2\/types\/page"}],"author":[{"embeddable":true,"href":"https:\/\/www.rppiscinas.com\/pt\/wp-json\/wp\/v2\/users\/1"}],"replies":[{"embeddable":true,"href":"https:\/\/www.rppiscinas.com\/pt\/wp-json\/wp\/v2\/comments?post=3397"}],"version-history":[{"count":20,"href":"https:\/\/www.rppiscinas.com\/pt\/wp-json\/wp\/v2\/pages\/3397\/revisions"}],"predecessor-version":[{"id":20619,"href":"https:\/\/www.rppiscinas.com\/pt\/wp-json\/wp\/v2\/pages\/3397\/revisions\/20619"}],"wp:attachment":[{"href":"https:\/\/www.rppiscinas.com\/pt\/wp-json\/wp\/v2\/media?parent=3397"}],"curies":[{"name":"wp","href":"https:\/\/api.w.org\/{rel}","templated":true}]}}