{"id":3376,"date":"2014-03-17T12:05:25","date_gmt":"2014-03-17T12:05:25","guid":{"rendered":"http:\/\/rppiscinas.com\/pt\/?page_id=3376"},"modified":"2025-03-06T15:32:37","modified_gmt":"2025-03-06T15:32:37","slug":"caleira-finlandesa","status":"publish","type":"page","link":"https:\/\/www.rppiscinas.com\/pt\/caleira-finlandesa\/","title":{"rendered":"Tecnica Caleira Finlandesa"},"content":{"rendered":"<div class=\"flex_column av_one_full  flex_column_div first  avia-builder-el-0  el_before_av_hr  avia-builder-el-first  \" ><p><div class='avia-button-wrap avia-button-left  avia-builder-el-1  el_before_av_button  avia-builder-el-first '><a href='javascript:void(0)'  class='avia-button   avia-icon_select-no avia-color-orange avia-size-small avia-position-left '   ><span class='avia_iconbox_title' >T\u00e9cnica<\/span><\/a><\/div><br \/>\n<div class='avia-button-wrap avia-button-left  avia-builder-el-2  el_after_av_button  el_before_av_button '><a href='https:\/\/www.rppiscinas.com\/pt\/estrutura-piscina-oveflow\/'  class='avia-button   avia-icon_select-no avia-color-theme-color avia-size-small avia-position-left '   ><span class='avia_iconbox_title' >Estrutura<\/span><\/a><\/div><br \/>\n<div class='avia-button-wrap avia-button-left  avia-builder-el-3  el_after_av_button  el_before_av_button '><a href='https:\/\/www.rppiscinas.com\/pt\/modelos-de-piscinas-fundos\/'  class='avia-button   avia-icon_select-no avia-color-theme-color avia-size-small avia-position-left '   ><span class='avia_iconbox_title' >Fundos<\/span><\/a><\/div><br \/>\n<div class='avia-button-wrap avia-button-left  avia-builder-el-4  el_after_av_button  avia-builder-el-last '><a href='https:\/\/www.rppiscinas.com\/pt\/liner-piscinas\/'  class='avia-button   avia-icon_select-no avia-color-theme-color avia-size-small avia-position-left '   ><span class='avia_iconbox_title' >Liners<\/span><\/a><\/div><\/p><\/div>\n<div  class='hr hr-default   avia-builder-el-5  el_after_av_one_full  el_before_av_one_half '><span class='hr-inner ' ><span class='hr-inner-style'><\/span><\/span><\/div>\n<div class=\"flex_column av_one_half  flex_column_div first  avia-builder-el-6  el_after_av_hr  el_before_av_one_half  \" ><section class=\"av_textblock_section \"  itemscope=\"itemscope\" itemtype=\"https:\/\/schema.org\/CreativeWork\" ><div class='avia_textblock  '   itemprop=\"text\" ><h2><span style=\"color: #000000;\">Caleira finlandesa OVERFLOW<\/span><\/h2>\n<h4><span style=\"color: #1692de;\">Caleira finlandesa &#8211; a verdadeira piscina espelho de \u00e1gua<\/span><\/h4>\n<p>A piscina <strong>OVERFLOW<\/strong> <strong>caleira finlandesa <\/strong>foi desenvolvida com base nos mesmos princ\u00edpios da linha SOLEO. Desenvolvido e patenteado pela RP INDUSTRIES este inovador conceito permite a instala\u00e7\u00e3o de uma piscina espelho de \u00e1gua em apenas 7 a 8 dias.<\/p>\n<p>O conceito OVERFLOW caleira finlandesa \u00e9 o resultado de uma tecnologia que usufrui em pleno da <strong>resist\u00eancia do a\u00e7o<\/strong> e do bet\u00e3o aliada \u00e0 possibilidade de aplica\u00e7\u00e3o de distintos revestimentos como <strong>tela armada 150\/100<\/strong> ou <strong>pastilha de vidro<\/strong>.\u00a0 Dotada de carater\u00edsticas muito pr\u00f3prias, a tecnologia utilizada na piscina SOLEO OVERFLOW caleira finlandesa permite contornar os problemas mais comuns associados aos sistemas convencionais de bet\u00e3o, que exigem muitas vezes repara\u00e7\u00f5es habituais com custos elevados.<\/p>\n<p>Toda o processo de investiga\u00e7\u00e3o aplicado no desenvolvimento do conceito <strong>OVERFLOW caleira finlandesa<\/strong> permitiu identificar todas as necessidades que asseguram-se o seu perfeito funcionamento. Tal facto permitiu a implementa\u00e7\u00e3o\u00a0 de tecnologia antiss\u00edsmica que permite \u00e0 piscina SOLEO OVERFLOW uma <strong>resist\u00eancia<\/strong> superior \u00e0 <strong>atividades s\u00edsmicas<\/strong>, \u00e0 <strong>compacta\u00e7\u00e3o natural da terra<\/strong> e, ainda, \u00e0 <strong>amplitude t\u00e9rmica<\/strong>.<\/p>\n<\/div><\/section><\/div><div class=\"flex_column av_one_half  flex_column_div   avia-builder-el-8  el_after_av_one_half  el_before_av_section  avia-builder-el-last  \" ><section class=\"av_textblock_section \"  itemscope=\"itemscope\" itemtype=\"https:\/\/schema.org\/CreativeWork\" ><div class='avia_textblock  '   itemprop=\"text\" ><p><img decoding=\"async\" loading=\"lazy\" class=\"alignleft size-full wp-image-4605\" src=\"https:\/\/www.rppiscinas.com\/pt\/wp-content\/uploads\/2014\/02\/piscinas-soleo-overlow-dubai-01.jpg\" alt=\"Piscinas SOLEO Overflow Dubai\" width=\"710\" height=\"575\" srcset=\"https:\/\/www.rppiscinas.com\/pt\/wp-content\/uploads\/2014\/02\/piscinas-soleo-overlow-dubai-01.jpg 710w, https:\/\/www.rppiscinas.com\/pt\/wp-content\/uploads\/2014\/02\/piscinas-soleo-overlow-dubai-01-300x242.jpg 300w, https:\/\/www.rppiscinas.com\/pt\/wp-content\/uploads\/2014\/02\/piscinas-soleo-overlow-dubai-01-495x400.jpg 495w, https:\/\/www.rppiscinas.com\/pt\/wp-content\/uploads\/2014\/02\/piscinas-soleo-overlow-dubai-01-705x570.jpg 705w, https:\/\/www.rppiscinas.com\/pt\/wp-content\/uploads\/2014\/02\/piscinas-soleo-overlow-dubai-01-450x364.jpg 450w\" sizes=\"(max-width: 710px) 100vw, 710px\" \/><\/p>\n<\/div><\/section><\/div><\/p>\n<\/div><\/div><\/div><!-- close content main div --><\/div><\/div><div id='av_section_1' class='avia-section main_color avia-section-default avia-no-shadow avia-bg-style-scroll  avia-builder-el-10  el_after_av_one_half  el_before_av_two_third   container_wrap fullsize' style='background-color: #e0e0e0;  '  ><div class='container' ><div class='template-page content  av-content-full alpha units'><div class='post-entry post-entry-type-page post-entry-3376'><div class='entry-content-wrapper clearfix'>\n<section class=\"av_textblock_section \"  itemscope=\"itemscope\" itemtype=\"https:\/\/schema.org\/CreativeWork\" ><div class='avia_textblock  '   itemprop=\"text\" ><h2 style=\"text-align: center;\"><span style=\"color: #000000;\">Caleira Finlandesa &#8211; Instala\u00e7\u00e3o OVERFLOW\u00a0<\/span><\/h2>\n<p style=\"text-align: center;\">No sistema caleira finlandesa <strong>OVERFLOW<\/strong> a RP INDUSTRIES desenvolveu 3 tipologias de instala\u00e7\u00e3o da sua piscina. A modalidades de instala\u00e7\u00e3o da piscina caleira finlandesa foram desenvolvidas com o objetivo de oferecer um conjunto de solu\u00e7\u00f5es que fosse capaz de se adaptar \u00e0 realidade de cada caso. Desta forma, em conformidade com a modalidade selecionada poder\u00e3o obter-se <strong>economias consider\u00e1veis<\/strong> com os custos de instala\u00e7\u00e3o.<\/p>\n<\/div><\/section>\n<div class=\"flex_column av_one_third  flex_column_div first  avia-builder-el-12  el_after_av_textblock  el_before_av_one_third  column-top-margin\" ><article class=\"iconbox iconbox_top main_color    avia-builder-el-13  avia-builder-el-no-sibling  \"  itemscope=\"itemscope\" itemtype=\"https:\/\/schema.org\/CreativeWork\" ><div class=\"iconbox_content\"><header class=\"entry-content-header\"><div class=\"iconbox_icon heading-color \" aria-hidden='true' data-av_icon='\ue855' data-av_iconfont='entypo-fontello'  ><\/div><h3 class='iconbox_content_title '  itemprop=\"headline\"  >Kit Soleo Oveflow<\/h3><\/header><div class='iconbox_content_container  '  itemprop=\"text\"  ><p>Baseado num conceito de FA\u00c7A VOC\u00ca MESMO ser\u00e1 poss\u00edvel usufruir de economias consider\u00e1veis.<br \/>\n<span style=\"line-height: 1.5em;\">O manual de instala\u00e7\u00e3o pormenorizado ir\u00e1 ajuda-lo numa f\u00e1cil e r\u00e1pida instala\u00e7\u00e3o.<\/span><\/p>\n<\/div><\/div><footer class=\"entry-footer\"><\/footer><\/article><\/div><div class=\"flex_column av_one_third  flex_column_div   avia-builder-el-14  el_after_av_one_third  el_before_av_one_third  column-top-margin\" ><article class=\"iconbox iconbox_top main_color    avia-builder-el-15  avia-builder-el-no-sibling  \"  itemscope=\"itemscope\" itemtype=\"https:\/\/schema.org\/CreativeWork\" ><div class=\"iconbox_content\"><header class=\"entry-content-header\"><div class=\"iconbox_icon heading-color \" aria-hidden='true' data-av_icon='\ue856' data-av_iconfont='entypo-fontello'  ><\/div><h3 class='iconbox_content_title '  itemprop=\"headline\"  >Coordena\u00e7\u00e3o T\u00e9cnica<\/h3><\/header><div class='iconbox_content_container  '  itemprop=\"text\"  ><p>Com esta modalidade \u00e9 poss\u00edvel usufruir de acompanhamento e aconselhamento personalizado ao longo das diferentes etapas da instala\u00e7\u00e3o da sua piscina de caleira finlandesa OVERFLOW.<\/p>\n<\/div><\/div><footer class=\"entry-footer\"><\/footer><\/article><\/div><div class=\"flex_column av_one_third  flex_column_div   avia-builder-el-16  el_after_av_one_third  avia-builder-el-last  column-top-margin\" ><article class=\"iconbox iconbox_top main_color    avia-builder-el-17  avia-builder-el-no-sibling  \"  itemscope=\"itemscope\" itemtype=\"https:\/\/schema.org\/CreativeWork\" ><div class=\"iconbox_content\"><header class=\"entry-content-header\"><div class=\"iconbox_icon heading-color \" aria-hidden='true' data-av_icon='\ue8d7' data-av_iconfont='entypo-fontello'  ><\/div><h3 class='iconbox_content_title '  itemprop=\"headline\"  >Instala\u00e7\u00e3o Completa<\/h3><\/header><div class='iconbox_content_container  '  itemprop=\"text\"  ><p>A experi\u00eancia de mais de duas d\u00e9cadas da RP INDUSTRIES na instala\u00e7\u00e3o de piscinas e a especializa\u00e7\u00e3o das suas equipas permitem disponibilizar-lhe um conceito chave-na-m\u00e3o.<\/p>\n<\/div><\/div><footer class=\"entry-footer\"><\/footer><\/article><\/div>\n<\/div><\/div><\/div><!-- close content main div --><\/div><\/div><div id='after_section_1' class='main_color av_default_container_wrap container_wrap fullsize' style=' '  ><div class='container' ><div class='template-page content  av-content-full alpha units'><div class='post-entry post-entry-type-page post-entry-3376'><div class='entry-content-wrapper clearfix'>\n<div class=\"flex_column av_two_third  flex_column_div first  avia-builder-el-18  el_after_av_section  el_before_av_one_third  avia-builder-el-first  \" ><div class='avia-image-container  av-styling-    avia-builder-el-19  avia-builder-el-no-sibling  avia-align-center '  itemprop=\"image\" itemscope=\"itemscope\" itemtype=\"https:\/\/schema.org\/ImageObject\"  ><div class='avia-image-container-inner'><div class='avia-image-overlay-wrap'><img class='avia_image' src='\/\/www.rppiscinas.com\/pt\/wp-content\/uploads\/2014\/03\/piscina_caleira_finlandesa_Overflow.jpg' alt='Piscina Caleira FInlandesa OVERFLOW' title='Piscina Caleira FInlandesa OVERFLOW'   itemprop=\"thumbnailUrl\"  \/><\/div><\/div><\/div><\/div>\n<div class=\"flex_column av_one_third  flex_column_div   avia-builder-el-20  el_after_av_two_third  el_before_av_hr  \" ><section class=\"av_textblock_section \"  itemscope=\"itemscope\" itemtype=\"https:\/\/schema.org\/CreativeWork\" ><div class='avia_textblock  '   itemprop=\"text\" ><h2><span style=\"color: #1692de;\">CONSTRU\u00c7\u00c3O<\/span><br \/>\n<span style=\"color: #1692de;\">SIMPLES, R\u00c1PIDA E RESISTENTE<\/span><\/h2>\n<p><strong>1<\/strong> &#8211;\u00a0Caleira OVERFLOW<br \/>\n<strong>2<\/strong> &#8211;\u00a0Tomada de aspira\u00e7\u00e3o<br \/>\n<strong>3<\/strong> &#8211;\u00a0Estrutura em a\u00e7o<br \/>\n<strong>4<\/strong> &#8211;\u00a0Ralo de fundo<br \/>\n<strong>5<\/strong> &#8211; Projetor<br \/>\n<strong>6<\/strong> &#8211;\u00a0Caixa de liga\u00e7\u00e3o<br \/>\n<strong>7<\/strong> &#8211;\u00a0Quadro el\u00e9trico<br \/>\n<strong>8<\/strong> &#8211;\u00a0Filtro<br \/>\n<strong>9\u00a0<\/strong>&#8211;\u00a0Bomba<br \/>\n<strong>10<\/strong> &#8211;\u00a0Suporte em a\u00e7o para rebordo<br \/>\n<strong>11<\/strong> &#8211;\u00a0Escoras em a\u00e7o<br \/>\n<strong>12<\/strong> &#8211;\u00a0Refluidor de \u00e1gua<br \/>\n<strong>13<\/strong> &#8211;\u00a0Tubagem<br \/>\n<strong>14<\/strong> &#8211; Revestimento<br \/>\n<strong>15<\/strong> &#8211;\u00a0Base em bet\u00e3o<br \/>\n<strong>16<\/strong> &#8211;\u00a0Grelha em ABS<br \/>\n<strong>17<\/strong> &#8211;\u00a0Caleira tanque compensa\u00e7\u00e3o<\/p>\n<\/div><\/section><\/div>\n<div  class='hr hr-default   avia-builder-el-22  el_after_av_one_third  el_before_av_one_full '><span class='hr-inner ' ><span class='hr-inner-style'><\/span><\/span><\/div>\n<div class=\"flex_column av_one_full  flex_column_div first  avia-builder-el-23  el_after_av_hr  el_before_av_one_half  \" ><section class=\"av_textblock_section \"  itemscope=\"itemscope\" itemtype=\"https:\/\/schema.org\/CreativeWork\" ><div class='avia_textblock  '   itemprop=\"text\" ><h4>2 OP\u00c7\u00d5ES NA FIXA\u00c7\u00c3O DA ESTRUTURA<\/h4>\n<p>Com tecnologia que permite uma instala\u00e7\u00e3o simples, r\u00e1pida e resistente, o sistema para piscinas de caleira finlandesa OVERFLOW disponibiliza duas tipologias de fixa\u00e7\u00e3o da estrutura \u00e0 base em bet\u00e3o. A op\u00e7\u00e3o 2 recorre a um sistema de fixa\u00e7\u00e3o de var\u00e3o roscado com bucha qu\u00edmica e \u00e9 mais recente alternativa ao sistema tradicional apresentado na op\u00e7\u00e3o 1.<\/p>\n<\/div><\/section><\/div>\n<div class=\"flex_column av_one_half  flex_column_div first  avia-builder-el-25  el_after_av_one_full  el_before_av_one_half  column-top-margin\" ><section class=\"av_textblock_section \"  itemscope=\"itemscope\" itemtype=\"https:\/\/schema.org\/CreativeWork\" ><div class='avia_textblock  '   itemprop=\"text\" ><h4>OP\u00c7\u00c3O 1<\/h4>\n<p>Fixa\u00e7\u00e3o convencional dos pain\u00e9is \u00e0 laje com recurso \u00e0 realiza\u00e7\u00e3o de uma cinta em bet\u00e3o com +\/- 30 cm de altura na periferia da piscina.<\/p>\n<\/div><\/section><br \/>\n<div class='avia-image-container  av-styling-    avia-builder-el-27  el_after_av_textblock  avia-builder-el-last  avia-align-center '  itemprop=\"image\" itemscope=\"itemscope\" itemtype=\"https:\/\/schema.org\/ImageObject\"  ><div class='avia-image-container-inner'><div class='avia-image-overlay-wrap'><img class='avia_image' src='\/\/www.rppiscinas.com\/pt\/wp-content\/uploads\/2014\/02\/construcao_piscinas_00.jpg' alt='Constru\u00e7\u00e3o de piscinas SOLEO' title='SOLEO - Constru\u00e7\u00e3o de piscinas'   itemprop=\"thumbnailUrl\"  \/><\/div><\/div><\/div><\/p><\/div>\n<div class=\"flex_column av_one_half  flex_column_div   avia-builder-el-28  el_after_av_one_half  avia-builder-el-last  column-top-margin\" ><section class=\"av_textblock_section \"  itemscope=\"itemscope\" itemtype=\"https:\/\/schema.org\/CreativeWork\" ><div class='avia_textblock  '   itemprop=\"text\" ><h4>OP\u00c7\u00c3O 2<\/h4>\n<p>Fixa\u00e7\u00e3o dos pain\u00e9is e respetivas escoras com recurso a um sistema de var\u00e3o e bucha qu\u00edmica, finalizado com uma pequena cinta de bet\u00e3o com 10 cm.<\/p>\n<\/div><\/section><br \/>\n<div class='avia-image-container  av-styling-    avia-builder-el-30  el_after_av_textblock  avia-builder-el-last  avia-align-center '  itemprop=\"image\" itemscope=\"itemscope\" itemtype=\"https:\/\/schema.org\/ImageObject\"  ><div class='avia-image-container-inner'><div class='avia-image-overlay-wrap'><img class='avia_image' src='\/\/www.rppiscinas.com\/pt\/wp-content\/uploads\/2014\/02\/construcao-piscinas-01.jpg' alt='Constru\u00e7\u00e3o de piscinas SOLEO' title='SOLEO - Constru\u00e7\u00e3o de piscinas'   itemprop=\"thumbnailUrl\"  \/><\/div><\/div><\/div><\/p><\/div>\n","protected":false},"excerpt":{"rendered":"","protected":false},"author":1,"featured_media":0,"parent":0,"menu_order":0,"comment_status":"open","ping_status":"open","template":"","meta":[],"yoast_head":"<!-- This site is optimized with the Yoast SEO plugin v20.3 - https:\/\/yoast.com\/wordpress\/plugins\/seo\/ -->\n<title>Caleira Finlandesa SOLEO | T\u00e9cnica piscinas OVERFLOW<\/title>\n<meta name=\"description\" content=\"Caleira finlandesa OVERFLOW desenvolvida e patenteada pela RP INDUSTRIES para a instala\u00e7\u00e3o de uma verdadeira piscina caleira finlandesa em espelho de \u00e1gua.\" \/>\n<meta name=\"robots\" content=\"index, follow, max-snippet:-1, max-image-preview:large, max-video-preview:-1\" \/>\n<link rel=\"canonical\" href=\"https:\/\/www.rppiscinas.com\/pt\/caleira-finlandesa\/\" \/>\n<meta property=\"og:locale\" content=\"pt_PT\" \/>\n<meta property=\"og:type\" content=\"article\" \/>\n<meta property=\"og:title\" content=\"Caleira Finlandesa SOLEO | T\u00e9cnica piscinas OVERFLOW\" \/>\n<meta property=\"og:description\" content=\"Caleira finlandesa OVERFLOW desenvolvida e patenteada pela RP INDUSTRIES para a instala\u00e7\u00e3o de uma verdadeira piscina caleira finlandesa em espelho de \u00e1gua.\" \/>\n<meta property=\"og:url\" content=\"https:\/\/www.rppiscinas.com\/pt\/caleira-finlandesa\/\" \/>\n<meta property=\"og:site_name\" content=\"Soleo Piscinas\" \/>\n<meta property=\"article:publisher\" content=\"https:\/\/www.facebook.com\/soleopiscinas\" \/>\n<meta property=\"article:modified_time\" content=\"2025-03-06T15:32:37+00:00\" \/>\n<meta property=\"og:image\" content=\"https:\/\/www.rppiscinas.com\/pt\/wp-content\/uploads\/2014\/02\/piscinas-soleo-overlow-dubai-01.jpg\" \/>\n<meta name=\"twitter:label1\" content=\"Tempo estimado de leitura\" \/>\n\t<meta name=\"twitter:data1\" content=\"5 minutos\" \/>\n<script type=\"application\/ld+json\" class=\"yoast-schema-graph\">{\"@context\":\"https:\/\/schema.org\",\"@graph\":[{\"@type\":\"WebPage\",\"@id\":\"https:\/\/www.rppiscinas.com\/pt\/caleira-finlandesa\/\",\"url\":\"https:\/\/www.rppiscinas.com\/pt\/caleira-finlandesa\/\",\"name\":\"Caleira Finlandesa SOLEO | T\u00e9cnica piscinas OVERFLOW\",\"isPartOf\":{\"@id\":\"https:\/\/www.rppiscinas.com\/pt\/#website\"},\"datePublished\":\"2014-03-17T12:05:25+00:00\",\"dateModified\":\"2025-03-06T15:32:37+00:00\",\"description\":\"Caleira finlandesa OVERFLOW desenvolvida e patenteada pela RP INDUSTRIES para a instala\u00e7\u00e3o de uma verdadeira piscina caleira finlandesa em espelho de \u00e1gua.\",\"breadcrumb\":{\"@id\":\"https:\/\/www.rppiscinas.com\/pt\/caleira-finlandesa\/#breadcrumb\"},\"inLanguage\":\"pt-PT\",\"potentialAction\":[{\"@type\":\"ReadAction\",\"target\":[\"https:\/\/www.rppiscinas.com\/pt\/caleira-finlandesa\/\"]}]},{\"@type\":\"BreadcrumbList\",\"@id\":\"https:\/\/www.rppiscinas.com\/pt\/caleira-finlandesa\/#breadcrumb\",\"itemListElement\":[{\"@type\":\"ListItem\",\"position\":1,\"name\":\"Home\",\"item\":\"https:\/\/www.rppiscinas.com\/pt\/\"},{\"@type\":\"ListItem\",\"position\":2,\"name\":\"Tecnica Caleira Finlandesa\"}]},{\"@type\":\"WebSite\",\"@id\":\"https:\/\/www.rppiscinas.com\/pt\/#website\",\"url\":\"https:\/\/www.rppiscinas.com\/pt\/\",\"name\":\"Soleo Piscinas\",\"description\":\"Mais do que uma piscina\",\"publisher\":{\"@id\":\"https:\/\/www.rppiscinas.com\/pt\/#organization\"},\"alternateName\":\"Soleo Piscinas\",\"potentialAction\":[{\"@type\":\"SearchAction\",\"target\":{\"@type\":\"EntryPoint\",\"urlTemplate\":\"https:\/\/www.rppiscinas.com\/pt\/?s={search_term_string}\"},\"query-input\":\"required name=search_term_string\"}],\"inLanguage\":\"pt-PT\"},{\"@type\":\"Organization\",\"@id\":\"https:\/\/www.rppiscinas.com\/pt\/#organization\",\"name\":\"Soleo Piscinas\",\"url\":\"https:\/\/www.rppiscinas.com\/pt\/\",\"logo\":{\"@type\":\"ImageObject\",\"inLanguage\":\"pt-PT\",\"@id\":\"https:\/\/www.rppiscinas.com\/pt\/#\/schema\/logo\/image\/\",\"url\":\"https:\/\/www.rppiscinas.com\/pt\/wp-content\/uploads\/2025\/03\/logowebsite-1.png\",\"contentUrl\":\"https:\/\/www.rppiscinas.com\/pt\/wp-content\/uploads\/2025\/03\/logowebsite-1.png\",\"width\":160,\"height\":75,\"caption\":\"Soleo Piscinas\"},\"image\":{\"@id\":\"https:\/\/www.rppiscinas.com\/pt\/#\/schema\/logo\/image\/\"},\"sameAs\":[\"https:\/\/www.facebook.com\/soleopiscinas\",\"https:\/\/www.instagram.com\/soleopiscinas\/\",\"https:\/\/pt.pinterest.com\/soleopiscinas\/\"]}]}<\/script>\n<!-- \/ Yoast SEO plugin. -->","yoast_head_json":{"title":"Caleira Finlandesa SOLEO | T\u00e9cnica piscinas OVERFLOW","description":"Caleira finlandesa OVERFLOW desenvolvida e patenteada pela RP INDUSTRIES para a instala\u00e7\u00e3o de uma verdadeira piscina caleira finlandesa em espelho de \u00e1gua.","robots":{"index":"index","follow":"follow","max-snippet":"max-snippet:-1","max-image-preview":"max-image-preview:large","max-video-preview":"max-video-preview:-1"},"canonical":"https:\/\/www.rppiscinas.com\/pt\/caleira-finlandesa\/","og_locale":"pt_PT","og_type":"article","og_title":"Caleira Finlandesa SOLEO | T\u00e9cnica piscinas OVERFLOW","og_description":"Caleira finlandesa OVERFLOW desenvolvida e patenteada pela RP INDUSTRIES para a instala\u00e7\u00e3o de uma verdadeira piscina caleira finlandesa em espelho de \u00e1gua.","og_url":"https:\/\/www.rppiscinas.com\/pt\/caleira-finlandesa\/","og_site_name":"Soleo Piscinas","article_publisher":"https:\/\/www.facebook.com\/soleopiscinas","article_modified_time":"2025-03-06T15:32:37+00:00","og_image":[{"url":"https:\/\/www.rppiscinas.com\/pt\/wp-content\/uploads\/2014\/02\/piscinas-soleo-overlow-dubai-01.jpg"}],"twitter_misc":{"Tempo estimado de leitura":"5 minutos"},"schema":{"@context":"https:\/\/schema.org","@graph":[{"@type":"WebPage","@id":"https:\/\/www.rppiscinas.com\/pt\/caleira-finlandesa\/","url":"https:\/\/www.rppiscinas.com\/pt\/caleira-finlandesa\/","name":"Caleira Finlandesa SOLEO | T\u00e9cnica piscinas OVERFLOW","isPartOf":{"@id":"https:\/\/www.rppiscinas.com\/pt\/#website"},"datePublished":"2014-03-17T12:05:25+00:00","dateModified":"2025-03-06T15:32:37+00:00","description":"Caleira finlandesa OVERFLOW desenvolvida e patenteada pela RP INDUSTRIES para a instala\u00e7\u00e3o de uma verdadeira piscina caleira finlandesa em espelho de \u00e1gua.","breadcrumb":{"@id":"https:\/\/www.rppiscinas.com\/pt\/caleira-finlandesa\/#breadcrumb"},"inLanguage":"pt-PT","potentialAction":[{"@type":"ReadAction","target":["https:\/\/www.rppiscinas.com\/pt\/caleira-finlandesa\/"]}]},{"@type":"BreadcrumbList","@id":"https:\/\/www.rppiscinas.com\/pt\/caleira-finlandesa\/#breadcrumb","itemListElement":[{"@type":"ListItem","position":1,"name":"Home","item":"https:\/\/www.rppiscinas.com\/pt\/"},{"@type":"ListItem","position":2,"name":"Tecnica Caleira Finlandesa"}]},{"@type":"WebSite","@id":"https:\/\/www.rppiscinas.com\/pt\/#website","url":"https:\/\/www.rppiscinas.com\/pt\/","name":"Soleo Piscinas","description":"Mais do que uma piscina","publisher":{"@id":"https:\/\/www.rppiscinas.com\/pt\/#organization"},"alternateName":"Soleo Piscinas","potentialAction":[{"@type":"SearchAction","target":{"@type":"EntryPoint","urlTemplate":"https:\/\/www.rppiscinas.com\/pt\/?s={search_term_string}"},"query-input":"required name=search_term_string"}],"inLanguage":"pt-PT"},{"@type":"Organization","@id":"https:\/\/www.rppiscinas.com\/pt\/#organization","name":"Soleo Piscinas","url":"https:\/\/www.rppiscinas.com\/pt\/","logo":{"@type":"ImageObject","inLanguage":"pt-PT","@id":"https:\/\/www.rppiscinas.com\/pt\/#\/schema\/logo\/image\/","url":"https:\/\/www.rppiscinas.com\/pt\/wp-content\/uploads\/2025\/03\/logowebsite-1.png","contentUrl":"https:\/\/www.rppiscinas.com\/pt\/wp-content\/uploads\/2025\/03\/logowebsite-1.png","width":160,"height":75,"caption":"Soleo Piscinas"},"image":{"@id":"https:\/\/www.rppiscinas.com\/pt\/#\/schema\/logo\/image\/"},"sameAs":["https:\/\/www.facebook.com\/soleopiscinas","https:\/\/www.instagram.com\/soleopiscinas\/","https:\/\/pt.pinterest.com\/soleopiscinas\/"]}]}},"_links":{"self":[{"href":"https:\/\/www.rppiscinas.com\/pt\/wp-json\/wp\/v2\/pages\/3376"}],"collection":[{"href":"https:\/\/www.rppiscinas.com\/pt\/wp-json\/wp\/v2\/pages"}],"about":[{"href":"https:\/\/www.rppiscinas.com\/pt\/wp-json\/wp\/v2\/types\/page"}],"author":[{"embeddable":true,"href":"https:\/\/www.rppiscinas.com\/pt\/wp-json\/wp\/v2\/users\/1"}],"replies":[{"embeddable":true,"href":"https:\/\/www.rppiscinas.com\/pt\/wp-json\/wp\/v2\/comments?post=3376"}],"version-history":[{"count":26,"href":"https:\/\/www.rppiscinas.com\/pt\/wp-json\/wp\/v2\/pages\/3376\/revisions"}],"predecessor-version":[{"id":20584,"href":"https:\/\/www.rppiscinas.com\/pt\/wp-json\/wp\/v2\/pages\/3376\/revisions\/20584"}],"wp:attachment":[{"href":"https:\/\/www.rppiscinas.com\/pt\/wp-json\/wp\/v2\/media?parent=3376"}],"curies":[{"name":"wp","href":"https:\/\/api.w.org\/{rel}","templated":true}]}}