{"id":3332,"date":"2014-03-12T12:44:34","date_gmt":"2014-03-12T12:44:34","guid":{"rendered":"http:\/\/rppiscinas.com\/pt\/?page_id=3332"},"modified":"2025-03-06T12:24:44","modified_gmt":"2025-03-06T12:24:44","slug":"vantagens-kit-piscina","status":"publish","type":"page","link":"https:\/\/www.rppiscinas.com\/pt\/vantagens-kit-piscina\/","title":{"rendered":"Vantagens kit piscina SOLEO"},"content":{"rendered":"<div class=\"flex_column av_one_half  flex_column_div first  avia-builder-el-0  el_before_av_one_half  avia-builder-el-first  \" ><section class=\"av_textblock_section \"  itemscope=\"itemscope\" itemtype=\"https:\/\/schema.org\/CreativeWork\" ><div class='avia_textblock  '   itemprop=\"text\" ><h4>Vantagens em adquirir um\u00a0Kit piscina SOLEO<\/h4>\n<p>O sonho em ter\u00a0<strong>a sua pr\u00f3pria piscina privada<\/strong>\u00a0\u00e9 um objetivo comum para grande parte da popula\u00e7\u00e3o. A RP INDUSTRIES com o\u00a0<strong>kit piscina SOLEO<\/strong>\u00a0apresenta-lhe algumas das principais vantagens que fazem da piscina um bem t\u00e3o desejado.<\/p>\n<p>De resist\u00eancia superior, o kit piscina SOLEO apresenta no seu conjunto uma estrutura em a\u00e7o 10 vezes mais resistente do que todos os a\u00e7os utilizados na constru\u00e7\u00e3o de piscinas, aliado a uma elevada facilidade e rapidez de instala\u00e7\u00e3o. Tudo para lhe oferecer momentos \u00fanicos de bem-estar.<\/p>\n<p>Entre momentos de\u00a0<strong>felicidade em fam\u00edlia<\/strong>\u00a0\u00e0\u00a0<strong>valoriza\u00e7\u00e3o da propriedade<\/strong>, a realidade \u00e9 que n\u00e3o faltam motivos para que deseje construir uma piscina SOLEO na sua moradia.<\/p>\n<\/div><\/section><\/div>\n<div class=\"flex_column av_one_half  flex_column_div   avia-builder-el-2  el_after_av_one_half  el_before_av_hr  \" ><div class='avia-image-container  av-styling-    avia-builder-el-3  avia-builder-el-no-sibling  avia-align-center '  itemprop=\"image\" itemscope=\"itemscope\" itemtype=\"https:\/\/schema.org\/ImageObject\"  ><div class='avia-image-container-inner'><div class='avia-image-overlay-wrap'><img class='avia_image' src='\/\/www.rppiscinas.com\/pt\/wp-content\/uploads\/2014\/03\/kit_piscina_soleo_01.jpg' alt='kit piscina SOLEO' title='kit piscina SOLEO'   itemprop=\"thumbnailUrl\"  \/><\/div><\/div><\/div><\/div>\n<div  class='hr hr-default   avia-builder-el-4  el_after_av_one_half  el_before_av_one_third '><span class='hr-inner ' ><span class='hr-inner-style'><\/span><\/span><\/div>\n<div class=\"flex_column av_one_third  flex_column_div first  avia-builder-el-5  el_after_av_hr  el_before_av_one_third  \" ><p><div class='avia-image-container  av-styling-    avia-builder-el-6  el_before_av_textblock  avia-builder-el-first  avia-align-center '  itemprop=\"image\" itemscope=\"itemscope\" itemtype=\"https:\/\/schema.org\/ImageObject\"  ><div class='avia-image-container-inner'><div class='avia-image-overlay-wrap'><img class='avia_image' src='\/\/www.rppiscinas.com\/pt\/wp-content\/uploads\/2014\/03\/kit_piscina_soleo.jpg' alt='kit piscina SOLEO' title='kit piscina SOLEO'   itemprop=\"thumbnailUrl\"  \/><\/div><\/div><\/div><br \/>\n<section class=\"av_textblock_section \"  itemscope=\"itemscope\" itemtype=\"https:\/\/schema.org\/CreativeWork\" ><div class='avia_textblock  '   itemprop=\"text\" ><h4><span style=\"color: #1692de;\">Kit piscina robusto<\/span><\/h4>\n<p>A constru\u00e7\u00e3o de um kit piscina SOLEO permite adquirir uma piscina de elevada robustez associada a uma instala\u00e7\u00e3o simples que evita os inconvenientes normalmente associados \u00e0s grandes obras.<\/p>\n<\/div><\/section><\/p><\/div>\n<div class=\"flex_column av_one_third  flex_column_div   avia-builder-el-8  el_after_av_one_third  el_before_av_one_third  \" ><p><div class='avia-image-container  av-styling-    avia-builder-el-9  el_before_av_textblock  avia-builder-el-first  avia-align-center '  itemprop=\"image\" itemscope=\"itemscope\" itemtype=\"https:\/\/schema.org\/ImageObject\"  ><div class='avia-image-container-inner'><div class='avia-image-overlay-wrap'><img class='avia_image' src='\/\/www.rppiscinas.com\/pt\/wp-content\/uploads\/2014\/03\/kit_piscina_soleo_02.jpg' alt='kit piscina SOLEO' title='kit piscina SOLEO'   itemprop=\"thumbnailUrl\"  \/><\/div><\/div><\/div><br \/>\n<section class=\"av_textblock_section \"  itemscope=\"itemscope\" itemtype=\"https:\/\/schema.org\/CreativeWork\" ><div class='avia_textblock  '   itemprop=\"text\" ><h4><span style=\"color: #1692de;\">Valoriza\u00e7\u00e3o imobili\u00e1ria<\/span><\/h4>\n<p>Normalmente associadas ao divertimento, uma piscina \u00e9 tamb\u00e9m uma forma eficaz de valorizar a sua propriedade. Al\u00e9m dos momentos de lazer que \u00e9 capaz de oferecer, o kit piscina \u00e9 um fator extra para potenciar a venda ou aluguer de uma moradia.<\/p>\n<\/div><\/section><\/p><\/div>\n<div class=\"flex_column av_one_third  flex_column_div   avia-builder-el-11  el_after_av_one_third  el_before_av_one_third  \" ><p><div class='avia-image-container  av-styling-    avia-builder-el-12  el_before_av_textblock  avia-builder-el-first  avia-align-center '  itemprop=\"image\" itemscope=\"itemscope\" itemtype=\"https:\/\/schema.org\/ImageObject\"  ><div class='avia-image-container-inner'><div class='avia-image-overlay-wrap'><img class='avia_image' src='\/\/www.rppiscinas.com\/pt\/wp-content\/uploads\/2014\/03\/kit_piscina_soleo_03.jpg' alt='kit piscina SOLEO' title='kit piscina SOLEO'   itemprop=\"thumbnailUrl\"  \/><\/div><\/div><\/div><br \/>\n<section class=\"av_textblock_section \"  itemscope=\"itemscope\" itemtype=\"https:\/\/schema.org\/CreativeWork\" ><div class='avia_textblock  '   itemprop=\"text\" ><h4><span style=\"color: #1692de;\">Valoriza\u00e7\u00e3o est\u00e9tica<\/span><\/h4>\n<p>Entre as in\u00fameras vantagens para a constru\u00e7\u00e3o de uma piscina, conta-se a valoriza\u00e7\u00e3o est\u00e9tica do espa\u00e7o. De beleza \u00edmpar, o kit piscina SOLEO d\u00e1-lhe a possibilidade em obter um espa\u00e7o \u00fanico e de rara beleza.<\/p>\n<\/div><\/section><\/p><\/div>\n<div class=\"flex_column av_one_third  flex_column_div first  avia-builder-el-14  el_after_av_one_third  el_before_av_one_third  column-top-margin\" ><p><div class='avia-image-container  av-styling-    avia-builder-el-15  el_before_av_textblock  avia-builder-el-first  avia-align-center '  itemprop=\"image\" itemscope=\"itemscope\" itemtype=\"https:\/\/schema.org\/ImageObject\"  ><div class='avia-image-container-inner'><div class='avia-image-overlay-wrap'><img class='avia_image' src='\/\/www.rppiscinas.com\/pt\/wp-content\/uploads\/2014\/03\/kit_piscina_soleo_04.jpg' alt='Piscinas - todas as vantagens' title='Piscinas RP INDUSTRIES'   itemprop=\"thumbnailUrl\"  \/><\/div><\/div><\/div><br \/>\n<section class=\"av_textblock_section \"  itemscope=\"itemscope\" itemtype=\"https:\/\/schema.org\/CreativeWork\" ><div class='avia_textblock  '   itemprop=\"text\" ><h4><span style=\"color: #1692de;\">Espa\u00e7o de conv\u00edvio<\/span><\/h4>\n<p>O espa\u00e7o de elei\u00e7\u00e3o para reunir familiares e amigos. A exist\u00eancia de uma piscina \u00e9 a desculpa perfeita para refor\u00e7ar o conv\u00edvio familiar, oferecendo \u00e0s crian\u00e7as e adultos momentos \u00fanicos de divers\u00e3o.<\/p>\n<\/div><\/section><\/p><\/div>\n<div class=\"flex_column av_one_third  flex_column_div   avia-builder-el-17  el_after_av_one_third  el_before_av_one_third  column-top-margin\" ><p><div class='avia-image-container  av-styling-    avia-builder-el-18  el_before_av_textblock  avia-builder-el-first  avia-align-center '  itemprop=\"image\" itemscope=\"itemscope\" itemtype=\"https:\/\/schema.org\/ImageObject\"  ><div class='avia-image-container-inner'><div class='avia-image-overlay-wrap'><img class='avia_image' src='\/\/www.rppiscinas.com\/pt\/wp-content\/uploads\/2014\/03\/kit_piscina_soleo_05.jpg' alt='' title='kit_piscina_soleo_05'   itemprop=\"thumbnailUrl\"  \/><\/div><\/div><\/div><br \/>\n<section class=\"av_textblock_section \"  itemscope=\"itemscope\" itemtype=\"https:\/\/schema.org\/CreativeWork\" ><div class='avia_textblock  '   itemprop=\"text\" ><h4><span style=\"color: #1692de;\">Bem-estar, conforto e privacidade<\/span><\/h4>\n<p>Os momentos de felicidade vividos em torno da piscina \u00e9 algo que merece ser vivido intensamente. Para tal, a instala\u00e7\u00e3o de um kit piscina SOLEO assegura total conforto e privacidade carater\u00edstica de uma piscina particular.<b>\u00a0\u00a0\u00a0\u00a0\u00a0 <\/b><\/p>\n<\/div><\/section><\/p><\/div><div class=\"flex_column av_one_third  flex_column_div   avia-builder-el-20  el_after_av_one_third  avia-builder-el-last  column-top-margin\" ><p><div class='avia-image-container  av-styling-    avia-builder-el-21  el_before_av_textblock  avia-builder-el-first  avia-align-center '  itemprop=\"image\" itemscope=\"itemscope\" itemtype=\"https:\/\/schema.org\/ImageObject\"  ><div class='avia-image-container-inner'><div class='avia-image-overlay-wrap'><img class='avia_image' src='\/\/www.rppiscinas.com\/pt\/wp-content\/uploads\/2014\/03\/kit_piscina_soleo_06.jpg' alt='' title='kit piscina SOLEO'   itemprop=\"thumbnailUrl\"  \/><\/div><\/div><\/div><br \/>\n<section class=\"av_textblock_section \"  itemscope=\"itemscope\" itemtype=\"https:\/\/schema.org\/CreativeWork\" ><div class='avia_textblock  '   itemprop=\"text\" ><h4><span style=\"color: #1692de;\">Tecnologia antiss\u00edsmica<\/span><\/h4>\n<p>O kit piscina SOLEO est\u00e1 dotado de uma tecnologia inovadora antiss\u00edsmica que apresenta uma resist\u00eancia superior aos movimentos do solo.<br \/>\nSistema de resist\u00eancia superior \u00e0s piscinas tradicionais de bet\u00e3o ou fibra.<\/p>\n<\/div><\/section><\/p><\/div><\/p>\n","protected":false},"excerpt":{"rendered":"","protected":false},"author":1,"featured_media":0,"parent":0,"menu_order":0,"comment_status":"open","ping_status":"open","template":"","meta":[],"yoast_head":"<!-- This site is optimized with the Yoast SEO plugin v20.3 - https:\/\/yoast.com\/wordpress\/plugins\/seo\/ -->\n<title>Kit Piscina SOLEO - Vantagens piscinas RP INDUSTRIES<\/title>\n<meta name=\"description\" content=\"A RP INDUSTRIES com o kit piscina SOLEO apresenta-lhe algumas das principais vantagens que fazem da piscina um bem t\u00e3o pretendido.\" \/>\n<meta name=\"robots\" content=\"index, follow, max-snippet:-1, max-image-preview:large, max-video-preview:-1\" \/>\n<link rel=\"canonical\" href=\"https:\/\/www.rppiscinas.com\/pt\/vantagens-kit-piscina\/\" \/>\n<meta property=\"og:locale\" content=\"pt_PT\" \/>\n<meta property=\"og:type\" content=\"article\" \/>\n<meta property=\"og:title\" content=\"Kit Piscina SOLEO - Vantagens piscinas RP INDUSTRIES\" \/>\n<meta property=\"og:description\" content=\"A RP INDUSTRIES com o kit piscina SOLEO apresenta-lhe algumas das principais vantagens que fazem da piscina um bem t\u00e3o pretendido.\" \/>\n<meta property=\"og:url\" content=\"https:\/\/www.rppiscinas.com\/pt\/vantagens-kit-piscina\/\" \/>\n<meta property=\"og:site_name\" content=\"Soleo Piscinas\" \/>\n<meta property=\"article:publisher\" content=\"https:\/\/www.facebook.com\/soleopiscinas\" \/>\n<meta property=\"article:modified_time\" content=\"2025-03-06T12:24:44+00:00\" \/>\n<meta property=\"og:image\" content=\"https:\/\/www.rppiscinas.com\/pt\/wp-content\/uploads\/2018\/06\/piscina1.jpg\" \/>\n\t<meta property=\"og:image:width\" content=\"1200\" \/>\n\t<meta property=\"og:image:height\" content=\"603\" \/>\n\t<meta property=\"og:image:type\" content=\"image\/jpeg\" \/>\n<meta name=\"twitter:label1\" content=\"Tempo estimado de leitura\" \/>\n\t<meta name=\"twitter:data1\" content=\"3 minutos\" \/>\n<script type=\"application\/ld+json\" class=\"yoast-schema-graph\">{\"@context\":\"https:\/\/schema.org\",\"@graph\":[{\"@type\":\"WebPage\",\"@id\":\"https:\/\/www.rppiscinas.com\/pt\/vantagens-kit-piscina\/\",\"url\":\"https:\/\/www.rppiscinas.com\/pt\/vantagens-kit-piscina\/\",\"name\":\"Kit Piscina SOLEO - Vantagens piscinas RP INDUSTRIES\",\"isPartOf\":{\"@id\":\"https:\/\/www.rppiscinas.com\/pt\/#website\"},\"datePublished\":\"2014-03-12T12:44:34+00:00\",\"dateModified\":\"2025-03-06T12:24:44+00:00\",\"description\":\"A RP INDUSTRIES com o kit piscina SOLEO apresenta-lhe algumas das principais vantagens que fazem da piscina um bem t\u00e3o pretendido.\",\"breadcrumb\":{\"@id\":\"https:\/\/www.rppiscinas.com\/pt\/vantagens-kit-piscina\/#breadcrumb\"},\"inLanguage\":\"pt-PT\",\"potentialAction\":[{\"@type\":\"ReadAction\",\"target\":[\"https:\/\/www.rppiscinas.com\/pt\/vantagens-kit-piscina\/\"]}]},{\"@type\":\"BreadcrumbList\",\"@id\":\"https:\/\/www.rppiscinas.com\/pt\/vantagens-kit-piscina\/#breadcrumb\",\"itemListElement\":[{\"@type\":\"ListItem\",\"position\":1,\"name\":\"Home\",\"item\":\"https:\/\/www.rppiscinas.com\/pt\/\"},{\"@type\":\"ListItem\",\"position\":2,\"name\":\"Vantagens kit piscina SOLEO\"}]},{\"@type\":\"WebSite\",\"@id\":\"https:\/\/www.rppiscinas.com\/pt\/#website\",\"url\":\"https:\/\/www.rppiscinas.com\/pt\/\",\"name\":\"Soleo Piscinas\",\"description\":\"Mais do que uma piscina\",\"publisher\":{\"@id\":\"https:\/\/www.rppiscinas.com\/pt\/#organization\"},\"alternateName\":\"Soleo Piscinas\",\"potentialAction\":[{\"@type\":\"SearchAction\",\"target\":{\"@type\":\"EntryPoint\",\"urlTemplate\":\"https:\/\/www.rppiscinas.com\/pt\/?s={search_term_string}\"},\"query-input\":\"required name=search_term_string\"}],\"inLanguage\":\"pt-PT\"},{\"@type\":\"Organization\",\"@id\":\"https:\/\/www.rppiscinas.com\/pt\/#organization\",\"name\":\"Soleo Piscinas\",\"url\":\"https:\/\/www.rppiscinas.com\/pt\/\",\"logo\":{\"@type\":\"ImageObject\",\"inLanguage\":\"pt-PT\",\"@id\":\"https:\/\/www.rppiscinas.com\/pt\/#\/schema\/logo\/image\/\",\"url\":\"https:\/\/www.rppiscinas.com\/pt\/wp-content\/uploads\/2025\/03\/logowebsite-1.png\",\"contentUrl\":\"https:\/\/www.rppiscinas.com\/pt\/wp-content\/uploads\/2025\/03\/logowebsite-1.png\",\"width\":160,\"height\":75,\"caption\":\"Soleo Piscinas\"},\"image\":{\"@id\":\"https:\/\/www.rppiscinas.com\/pt\/#\/schema\/logo\/image\/\"},\"sameAs\":[\"https:\/\/www.facebook.com\/soleopiscinas\",\"https:\/\/www.instagram.com\/soleopiscinas\/\",\"https:\/\/pt.pinterest.com\/soleopiscinas\/\"]}]}<\/script>\n<!-- \/ Yoast SEO plugin. -->","yoast_head_json":{"title":"Kit Piscina SOLEO - Vantagens piscinas RP INDUSTRIES","description":"A RP INDUSTRIES com o kit piscina SOLEO apresenta-lhe algumas das principais vantagens que fazem da piscina um bem t\u00e3o pretendido.","robots":{"index":"index","follow":"follow","max-snippet":"max-snippet:-1","max-image-preview":"max-image-preview:large","max-video-preview":"max-video-preview:-1"},"canonical":"https:\/\/www.rppiscinas.com\/pt\/vantagens-kit-piscina\/","og_locale":"pt_PT","og_type":"article","og_title":"Kit Piscina SOLEO - Vantagens piscinas RP INDUSTRIES","og_description":"A RP INDUSTRIES com o kit piscina SOLEO apresenta-lhe algumas das principais vantagens que fazem da piscina um bem t\u00e3o pretendido.","og_url":"https:\/\/www.rppiscinas.com\/pt\/vantagens-kit-piscina\/","og_site_name":"Soleo Piscinas","article_publisher":"https:\/\/www.facebook.com\/soleopiscinas","article_modified_time":"2025-03-06T12:24:44+00:00","og_image":[{"width":1200,"height":603,"url":"https:\/\/www.rppiscinas.com\/pt\/wp-content\/uploads\/2018\/06\/piscina1.jpg","type":"image\/jpeg"}],"twitter_misc":{"Tempo estimado de leitura":"3 minutos"},"schema":{"@context":"https:\/\/schema.org","@graph":[{"@type":"WebPage","@id":"https:\/\/www.rppiscinas.com\/pt\/vantagens-kit-piscina\/","url":"https:\/\/www.rppiscinas.com\/pt\/vantagens-kit-piscina\/","name":"Kit Piscina SOLEO - Vantagens piscinas RP INDUSTRIES","isPartOf":{"@id":"https:\/\/www.rppiscinas.com\/pt\/#website"},"datePublished":"2014-03-12T12:44:34+00:00","dateModified":"2025-03-06T12:24:44+00:00","description":"A RP INDUSTRIES com o kit piscina SOLEO apresenta-lhe algumas das principais vantagens que fazem da piscina um bem t\u00e3o pretendido.","breadcrumb":{"@id":"https:\/\/www.rppiscinas.com\/pt\/vantagens-kit-piscina\/#breadcrumb"},"inLanguage":"pt-PT","potentialAction":[{"@type":"ReadAction","target":["https:\/\/www.rppiscinas.com\/pt\/vantagens-kit-piscina\/"]}]},{"@type":"BreadcrumbList","@id":"https:\/\/www.rppiscinas.com\/pt\/vantagens-kit-piscina\/#breadcrumb","itemListElement":[{"@type":"ListItem","position":1,"name":"Home","item":"https:\/\/www.rppiscinas.com\/pt\/"},{"@type":"ListItem","position":2,"name":"Vantagens kit piscina SOLEO"}]},{"@type":"WebSite","@id":"https:\/\/www.rppiscinas.com\/pt\/#website","url":"https:\/\/www.rppiscinas.com\/pt\/","name":"Soleo Piscinas","description":"Mais do que uma piscina","publisher":{"@id":"https:\/\/www.rppiscinas.com\/pt\/#organization"},"alternateName":"Soleo Piscinas","potentialAction":[{"@type":"SearchAction","target":{"@type":"EntryPoint","urlTemplate":"https:\/\/www.rppiscinas.com\/pt\/?s={search_term_string}"},"query-input":"required name=search_term_string"}],"inLanguage":"pt-PT"},{"@type":"Organization","@id":"https:\/\/www.rppiscinas.com\/pt\/#organization","name":"Soleo Piscinas","url":"https:\/\/www.rppiscinas.com\/pt\/","logo":{"@type":"ImageObject","inLanguage":"pt-PT","@id":"https:\/\/www.rppiscinas.com\/pt\/#\/schema\/logo\/image\/","url":"https:\/\/www.rppiscinas.com\/pt\/wp-content\/uploads\/2025\/03\/logowebsite-1.png","contentUrl":"https:\/\/www.rppiscinas.com\/pt\/wp-content\/uploads\/2025\/03\/logowebsite-1.png","width":160,"height":75,"caption":"Soleo Piscinas"},"image":{"@id":"https:\/\/www.rppiscinas.com\/pt\/#\/schema\/logo\/image\/"},"sameAs":["https:\/\/www.facebook.com\/soleopiscinas","https:\/\/www.instagram.com\/soleopiscinas\/","https:\/\/pt.pinterest.com\/soleopiscinas\/"]}]}},"_links":{"self":[{"href":"https:\/\/www.rppiscinas.com\/pt\/wp-json\/wp\/v2\/pages\/3332"}],"collection":[{"href":"https:\/\/www.rppiscinas.com\/pt\/wp-json\/wp\/v2\/pages"}],"about":[{"href":"https:\/\/www.rppiscinas.com\/pt\/wp-json\/wp\/v2\/types\/page"}],"author":[{"embeddable":true,"href":"https:\/\/www.rppiscinas.com\/pt\/wp-json\/wp\/v2\/users\/1"}],"replies":[{"embeddable":true,"href":"https:\/\/www.rppiscinas.com\/pt\/wp-json\/wp\/v2\/comments?post=3332"}],"version-history":[{"count":27,"href":"https:\/\/www.rppiscinas.com\/pt\/wp-json\/wp\/v2\/pages\/3332\/revisions"}],"predecessor-version":[{"id":20552,"href":"https:\/\/www.rppiscinas.com\/pt\/wp-json\/wp\/v2\/pages\/3332\/revisions\/20552"}],"wp:attachment":[{"href":"https:\/\/www.rppiscinas.com\/pt\/wp-json\/wp\/v2\/media?parent=3332"}],"curies":[{"name":"wp","href":"https:\/\/api.w.org\/{rel}","templated":true}]}}