{"id":2974,"date":"2014-02-17T18:14:38","date_gmt":"2014-02-17T18:14:38","guid":{"rendered":"http:\/\/rppiscinas.com\/pt\/?page_id=2974"},"modified":"2025-03-06T12:01:36","modified_gmt":"2025-03-06T12:01:36","slug":"estrutura-piscina-soleo","status":"publish","type":"page","link":"https:\/\/www.rppiscinas.com\/pt\/estrutura-piscina-soleo\/","title":{"rendered":"Estrutura piscina SOLEO"},"content":{"rendered":"<div class=\"flex_column av_one_full  flex_column_div first  avia-builder-el-0  el_before_av_hr  avia-builder-el-first  \" ><p><div class='avia-button-wrap avia-button-left  avia-builder-el-1  el_before_av_button  avia-builder-el-first '><a href='https:\/\/www.rppiscinas.com\/pt\/construcao-de-piscinas\/'  class='avia-button   avia-icon_select-no avia-color-theme-color avia-size-small avia-position-left '   ><span class='avia_iconbox_title' >T\u00e9cnica<\/span><\/a><\/div><br \/>\n<div class='avia-button-wrap avia-button-left  avia-builder-el-2  el_after_av_button  el_before_av_button '><a href='javascript:void(0)'  class='avia-button   avia-icon_select-no avia-color-orange avia-size-small avia-position-left '   ><span class='avia_iconbox_title' >Estrutura<\/span><\/a><\/div><br \/>\n<div class='avia-button-wrap avia-button-left  avia-builder-el-3  el_after_av_button  el_before_av_button '><a href='https:\/\/www.rppiscinas.com\/pt\/fundos-de-piscinas\/'  class='avia-button   avia-icon_select-no avia-color-theme-color avia-size-small avia-position-left '   ><span class='avia_iconbox_title' >Fundos<\/span><\/a><\/div><br \/>\n<div class='avia-button-wrap avia-button-left  avia-builder-el-4  el_after_av_button  avia-builder-el-last '><a href='https:\/\/www.rppiscinas.com\/pt\/liner-piscinas\/'  class='avia-button   avia-icon_select-no avia-color-theme-color avia-size-small avia-position-left '   ><span class='avia_iconbox_title' >Liners<\/span><\/a><\/div><\/p><\/div>\n<div  class='hr hr-default   avia-builder-el-5  el_after_av_one_full  el_before_av_two_third '><span class='hr-inner ' ><span class='hr-inner-style'><\/span><\/span><\/div>\n<div class=\"flex_column av_two_third  flex_column_div first  avia-builder-el-6  el_after_av_hr  el_before_av_one_third  \" ><section class=\"av_textblock_section \"  itemscope=\"itemscope\" itemtype=\"https:\/\/schema.org\/CreativeWork\" ><div class='avia_textblock  '   itemprop=\"text\" ><h2><span style=\"color: #000000;\">Estrutura para piscina SOLEO<\/span><\/h2>\n<h3><span style=\"color: #1692de;\"><strong>Na vanguarda da inova\u00e7\u00e3o para a constru\u00e7\u00e3o da sua piscina&#8230;<\/strong><\/span><\/h3>\n<p style=\"text-align: justify;\">No seguimento da sua estrat\u00e9gia de desenvolvimento e inova\u00e7\u00e3o, a RP INDUSTRIES desenvolveu em exclusivo tr\u00eas tipologias de a\u00e7o \u00e0 sua escolha para a composi\u00e7\u00e3o da estrutura da sua piscina SOLEO.<\/p>\n<p style=\"text-align: justify;\">Os pain\u00e9is para a piscina SOLEO da RP INDUSTRIES foram submetidos a rigorosos testes segundo as exigentes normas <strong>ISO 3497, EN ISO 2808, EN ISO 9227 e EN ISO 4628<\/strong>.\u00a0Os testes realizados em laborat\u00f3rio permitiram determinar a massa por unidade de superf\u00edcie, a espessura m\u00e9dia do painel, a espessura do revestimento org\u00e2nico e o comportamento em atmosfera artificial de nevoeiro salino neutro.<\/p>\n<p style=\"text-align: justify;\">Testado por laborat\u00f3rio independente (LNEG &#8211; LMR) e exposto a todas as agress\u00f5es qu\u00edmicas e em c\u00e2mara de nevoeiro salino, as estruturas STEELPRIME e PRIMASTEEL mantiveram todas as suas promessas comprovando ser o mais resistente dos a\u00e7os utilizados na constru\u00e7\u00e3o de piscinas.<\/p>\n<h4><span style=\"color: #333333;\">AT\u00c9 10 VEZES MAIS RESISTENTE DO QUE AS ESTRUTURAS TRADICIONAIS!<\/span><\/h4>\n<\/div><\/section><\/div>\n<div class=\"flex_column av_one_third  flex_column_div   avia-builder-el-8  el_after_av_two_third  el_before_av_hr  \" ><div class='avia-image-container  av-styling-    avia-builder-el-9  avia-builder-el-no-sibling  avia-align-center '  itemprop=\"image\" itemscope=\"itemscope\" itemtype=\"https:\/\/schema.org\/ImageObject\"  ><div class='avia-image-container-inner'><div class='avia-image-overlay-wrap'><img class='avia_image' src='\/\/www.rppiscinas.com\/pt\/wp-content\/uploads\/2014\/02\/piscina-pormenor-soleo.png' alt='Piscina SOLEO - pormenor t\u00e9cnico' title='Piscina SOLEO'   itemprop=\"thumbnailUrl\"  \/><\/div><\/div><\/div><\/div>\n<div  class='hr hr-default   avia-builder-el-10  el_after_av_one_third  el_before_av_textblock '><span class='hr-inner ' ><span class='hr-inner-style'><\/span><\/span><\/div>\n<section class=\"av_textblock_section \"  itemscope=\"itemscope\" itemtype=\"https:\/\/schema.org\/CreativeWork\" ><div class='avia_textblock  '   itemprop=\"text\" ><h2 style=\"text-align: center;\"><span style=\"color: #1692de;\">Duas solu\u00e7\u00f5es \u00e0 escolha<\/span><\/h2>\n<p style=\"text-align: center;\">A RP INDUSTRIES desenvolveu em exclusivo para a piscina SOLEO os novos pain\u00e9is \u00a0<strong>STEELPRIME<\/strong>\u00a0e <strong>PRIMASTEEL.<\/strong>\u00a0Dotados de tecnologia inovadora os novos pain\u00e9is oferecem uma resist\u00eancia at\u00e9 10 vezes superior ao a\u00e7o galvanizado tradicional, ao mesmo tempo que permitem a aplica\u00e7\u00e3o de diferentes tipos de revestimento.<\/p>\n<\/div><\/section>\n<div class=\"flex_column av_one_half  flex_column_div first  avia-builder-el-12  el_after_av_textblock  el_before_av_one_half  column-top-margin\" ><div class='avia-image-container  av-styling-    avia-builder-el-13  avia-builder-el-no-sibling  avia-align-center '  itemprop=\"image\" itemscope=\"itemscope\" itemtype=\"https:\/\/schema.org\/ImageObject\"  ><div class='avia-image-container-inner'><div class='avia-image-overlay-wrap'><img class='avia_image' src='\/\/www.rppiscinas.com\/pt\/wp-content\/uploads\/2014\/02\/piscina-soleo-steelprime.jpg' alt='Piscina SOLEO - Estrutura SteelPrime' title='Piscina SOLEO - SteelPrime'   itemprop=\"thumbnailUrl\"  \/><\/div><\/div><\/div><\/div>\n<div class=\"flex_column av_one_half  flex_column_div   avia-builder-el-14  el_after_av_one_half  el_before_av_one_half  column-top-margin\" ><div class='avia-image-container  av-styling-    avia-builder-el-15  avia-builder-el-no-sibling  avia-align-center '  itemprop=\"image\" itemscope=\"itemscope\" itemtype=\"https:\/\/schema.org\/ImageObject\"  ><div class='avia-image-container-inner'><div class='avia-image-overlay-wrap'><img class='avia_image' src='\/\/www.rppiscinas.com\/pt\/wp-content\/uploads\/2014\/02\/piscina-soleo-primasteel.jpg' alt='' title='Piscina SOLEO - Primasteel'   itemprop=\"thumbnailUrl\"  \/><\/div><\/div><\/div><\/div>\n<div class=\"flex_column av_one_half  flex_column_div first  avia-builder-el-16  el_after_av_one_half  el_before_av_one_half  column-top-margin\" ><section class=\"av_textblock_section \"  itemscope=\"itemscope\" itemtype=\"https:\/\/schema.org\/CreativeWork\" ><div class='avia_textblock  '   itemprop=\"text\" ><h4>Painel em a\u00e7o STEELPRIME<\/h4>\n<p>Com 2mm de espessura, STEELPRIME \u00e9 uma a\u00e7o galvanizado revestido nas duas faces por uma composi\u00e7\u00e3o de zinco-alum\u00ednio e magn\u00e9sio. Esta composi\u00e7\u00e3o qu\u00edmica exclusiva \u00e9 aplicada por meio de um processo cont\u00ednuo atrav\u00e9s de imers\u00e3o a quente.<br \/>\nPossibilidade de aplica\u00e7\u00e3o de dois tipos de revestimento: Liner 75\/100 e Tela Armada 150\/100.<\/p>\n<\/div><\/section><\/div><div class=\"flex_column av_one_half  flex_column_div   avia-builder-el-18  el_after_av_one_half  el_before_av_section  avia-builder-el-last  column-top-margin\" ><section class=\"av_textblock_section \"  itemscope=\"itemscope\" itemtype=\"https:\/\/schema.org\/CreativeWork\" ><div class='avia_textblock  '   itemprop=\"text\" ><h4>Painel em a\u00e7o PRIMASTEEL<\/h4>\n<p>Com 2,3mm de espessura, PRIMASTEEL \u00e9 um a\u00e7o galvanizado que apresenta um revestimento em PVC nas duas faces. \u00c0s propriedades do a\u00e7o STEELPRIME foi adicionado esta prote\u00e7\u00e3o especial de elevada resist\u00eancia.<br \/>\nPossibilidade de aplica\u00e7\u00e3o de tr\u00eas tipos de revestimento: Liner 75\/100, Tela Armada 150\/100 ou pastilha de vidro.<\/p>\n<\/div><\/section><\/div><\/div><\/div><\/div><!-- close content main div --><\/div><\/div><div id='av_section_1' class='avia-section main_color avia-section-default avia-no-shadow avia-bg-style-fixed  avia-builder-el-20  el_after_av_one_half  el_before_av_two_third   container_wrap fullsize' style=' '  ><div class='container' ><div class='template-page content  av-content-full alpha units'><div class='post-entry post-entry-type-page post-entry-2974'><div class='entry-content-wrapper clearfix'>\n<div class=\"flex_column av_two_third  flex_column_div first  avia-builder-el-21  el_before_av_one_third  avia-builder-el-first  \" ><section class=\"av_textblock_section \"  itemscope=\"itemscope\" itemtype=\"https:\/\/schema.org\/CreativeWork\" ><div class='avia_textblock  '   itemprop=\"text\" ><h2><span style=\"color: #000000;\">O mais resistente de todos os a\u00e7os<br \/>\nutilizados na constru\u00e7\u00e3o de piscinas<\/span><\/h2>\n<h4><span style=\"color: #d9edf9;\"><br \/>\n<span style=\"color: #1692de;\">TESTADO E CERTIFICADO POR LABORAT\u00d3RIO (LNEG)<\/span><\/span><\/h4>\n<p style=\"text-align: justify;\"><span style=\"color: #000000;\">Os pain\u00e9is RP INDUSTRIES foram submetidos a rigorosos testes segundo as normas <strong>ISO 3497, EN ISO 2808, EN ISO 9227 e EN ISO 4628<\/strong>. Os testes realizados em laborat\u00f3rio permitiram determinar a massa por unidade de superf\u00edcie, a espessura m\u00e9dia do painel, a espessura do revestimento org\u00e2nico e o comportamento em atmosfera artificial de nevoeiro salino neutro.<\/span><\/p>\n<p style=\"text-align: justify;\"><span style=\"color: #000000;\">Testado por laborat\u00f3rio independente (LNEG &#8211; LMR) e exposto a todas as agress\u00f5es qu\u00edmicas e em c\u00e2mara de nevoeiro salino, a estrutura <strong>STEELPRIME<\/strong> e <strong>PRIMASTEEL<\/strong> mantiveram todas as suas promessas comprovando ser o mais resistente dos a\u00e7os utilizados na constru\u00e7\u00e3o de piscinas.<\/span><\/p>\n<p style=\"text-align: justify;\"><span style=\"color: #000000;\">O teste realizado pelo Laborat\u00f3rio Nacional de Energia e Geologia (LNEG) e Laborat\u00f3rio de materiais e revestimentos (LMR), comprova todo o poder dos pain\u00e9is STEELPRIME E PRIMASTEEL.<\/span><\/p>\n<p style=\"text-align: justify;\"><b>\u00a0<\/b><\/p>\n<\/div><\/section><\/div><div class=\"flex_column av_one_third  flex_column_div   avia-builder-el-23  el_after_av_two_third  avia-builder-el-last  \" ><section class=\"av_textblock_section \"  itemscope=\"itemscope\" itemtype=\"https:\/\/schema.org\/CreativeWork\" ><div class='avia_textblock  '   itemprop=\"text\" ><p><a href=\"\/\/www.rppiscinas.com\/pt\/wp-content\/uploads\/2015\/06\/piscina-teste-aco-soleo.jpg\"><img decoding=\"async\" loading=\"lazy\" class=\"alignnone size-medium wp-image-4630\" alt=\"Piscina SOLEO - Certificado a\u00e7o RP\" src=\"\/\/www.rppiscinas.com\/pt\/wp-content\/uploads\/2014\/02\/certificado-aco-piscina-RP-244x300.png\" width=\"244\" height=\"300\" srcset=\"https:\/\/www.rppiscinas.com\/pt\/wp-content\/uploads\/2014\/02\/certificado-aco-piscina-RP-244x300.png 244w, https:\/\/www.rppiscinas.com\/pt\/wp-content\/uploads\/2014\/02\/certificado-aco-piscina-RP.png 295w\" sizes=\"(max-width: 244px) 100vw, 244px\" \/><\/a><\/p>\n<\/div><\/section><\/div>\n<\/div><\/div><\/div><!-- close content main div --><\/div><\/div><div id='after_section_1' class='main_color av_default_container_wrap container_wrap fullsize' style=' '  ><div class='container' ><div class='template-page content  av-content-full alpha units'><div class='post-entry post-entry-type-page post-entry-2974'><div class='entry-content-wrapper clearfix'><\/p>\n<div class=\"flex_column av_two_third  flex_column_div first  avia-builder-el-25  el_after_av_section  el_before_av_one_third  avia-builder-el-first  \" ><section class=\"av_textblock_section \"  itemscope=\"itemscope\" itemtype=\"https:\/\/schema.org\/CreativeWork\" ><div class='avia_textblock  '   itemprop=\"text\" ><h2 style=\"text-align: justify;\"><span style=\"color: #1692de;\">Hist\u00f3ria do a\u00e7o na constru\u00e7\u00e3o<\/span><\/h2>\n<p style=\"text-align: justify;\">Com a Revolu\u00e7\u00e3o Industrial, na Europa, verificaram-se grandes mudan\u00e7as geradas pelo crescimento populacional criando novas exig\u00eancias nas constru\u00e7\u00f5es.\u00a0Devido aos progressos industriais, o a\u00e7o come\u00e7a a ser produzido em grande escala, passando a ser utilizado na maioria dos edif\u00edcios.<\/p>\n<p>Em meados de 1830, verificam-se importantes avan\u00e7os tecnol\u00f3gicos na sua fabrica\u00e7\u00e3o o que permitiu a aplica\u00e7\u00e3o em importantes edifica\u00e7\u00f5es como esta\u00e7\u00f5es ferrovi\u00e1rias e pavilh\u00f5es de exposi\u00e7\u00e3o.<br \/>\nNormalmente associado \u00e0 ideia de modernidade e inova\u00e7\u00e3o, o a\u00e7o transformou ao longo dos anos a vida de arquitetos, engenheiros e construtores oferecendo solu\u00e7\u00f5es arrojadas e de qualidade superior.<\/p>\n<p style=\"text-align: justify;\">Desde o in\u00edcio da sua utiliza\u00e7\u00e3o, em meados do s\u00e9culo XVIII, at\u00e9 aos dias de hoje s\u00e3o in\u00fameros os exemplos da aplica\u00e7\u00e3o do a\u00e7o em grandes \u00edcones da arquitetura e constru\u00e7\u00e3o.<\/p>\n<\/div><\/section><\/div>\n<div class=\"flex_column av_one_third  flex_column_div   avia-builder-el-27  el_after_av_two_third  el_before_av_one_half  \" ><div class='avia-gallery  avia-gallery-1 deactivate_avia_lazyload avia-gallery-animate avia_animate_when_visible  avia-builder-el-28  avia-builder-el-no-sibling '  itemprop=\"image\" itemscope=\"itemscope\" itemtype=\"https:\/\/schema.org\/ImageObject\" ><div class='avia-gallery-thumb'> <a href='https:\/\/www.rppiscinas.com\/pt\/wp-content\/uploads\/2014\/02\/construcao-aco-01.jpg' data-rel='gallery-1' data-prev-img='https:\/\/www.rppiscinas.com\/pt\/wp-content\/uploads\/2014\/02\/construcao-aco-01-495x400.jpg' class='first_thumb lightbox ' data-onclick='1' title='Ponte D. Luis (Porto)'  itemprop=\"thumbnailUrl\" ><img data-avia-tooltip='Ponte D. Luis (Porto)' src='https:\/\/www.rppiscinas.com\/pt\/wp-content\/uploads\/2014\/02\/construcao-aco-01-120x120.jpg' width='120' height='120'  title='Piscina SOLEO - A\u00e7o' alt='Constru\u00e7\u00e3o Piscina a\u00e7o SOLEO' \/><\/a> <a href='https:\/\/www.rppiscinas.com\/pt\/wp-content\/uploads\/2014\/02\/construcao-aco-02.jpg' data-rel='gallery-1' data-prev-img='https:\/\/www.rppiscinas.com\/pt\/wp-content\/uploads\/2014\/02\/construcao-aco-02-495x400.jpg' class='lightbox ' data-onclick='2' title='Torre Eifel (Paris)'  itemprop=\"thumbnailUrl\" ><img data-avia-tooltip='Torre Eifel (Paris)' src='https:\/\/www.rppiscinas.com\/pt\/wp-content\/uploads\/2014\/02\/construcao-aco-02-120x120.jpg' width='120' height='120'  title='Constru\u00e7\u00e3o Piscina A\u00e7o' alt='Constru\u00e7\u00e3o Piscina A\u00e7o Soleo' \/><\/a> <a href='https:\/\/www.rppiscinas.com\/pt\/wp-content\/uploads\/2014\/02\/construcao-aco-03.jpg' data-rel='gallery-1' data-prev-img='https:\/\/www.rppiscinas.com\/pt\/wp-content\/uploads\/2014\/02\/construcao-aco-03-495x400.jpg' class='first_thumb lightbox ' data-onclick='3' title='Gare do Oriente (Lisboa)'  itemprop=\"thumbnailUrl\" ><img data-avia-tooltip='Gare do Oriente (Lisboa)' src='https:\/\/www.rppiscinas.com\/pt\/wp-content\/uploads\/2014\/02\/construcao-aco-03-120x120.jpg' width='120' height='120'  title='Constru\u00e7\u00e3o de Piscina SOLEO' alt='Constru\u00e7\u00e3o de Piscina A\u00e7o SOLEO' \/><\/a> <a href='https:\/\/www.rppiscinas.com\/pt\/wp-content\/uploads\/2014\/02\/construcao-aco-04.jpg' data-rel='gallery-1' data-prev-img='https:\/\/www.rppiscinas.com\/pt\/wp-content\/uploads\/2014\/02\/construcao-aco-04-495x400.jpg' class='lightbox ' data-onclick='4' title='Burj Khalifa (Dubai)'  itemprop=\"thumbnailUrl\" ><img data-avia-tooltip='Burj Khalifa (Dubai)' src='https:\/\/www.rppiscinas.com\/pt\/wp-content\/uploads\/2014\/02\/construcao-aco-04-120x120.jpg' width='120' height='120'  title='Constru\u00e7\u00e3o de piscina SOLEO' alt='' \/><\/a><\/div><\/div><\/div>\n<div class=\"flex_column av_one_half  flex_column_div av-zero-column-padding first  avia-builder-el-29  el_after_av_one_third  avia-builder-el-last  column-top-margin\" style='border-radius:0px; '><\/div>\n","protected":false},"excerpt":{"rendered":"","protected":false},"author":1,"featured_media":0,"parent":0,"menu_order":0,"comment_status":"open","ping_status":"open","template":"","meta":[],"yoast_head":"<!-- This site is optimized with the Yoast SEO plugin v20.3 - https:\/\/yoast.com\/wordpress\/plugins\/seo\/ -->\n<title>Piscina SOLEO RPI | Painel de a\u00e7o para piscinas SOLEO<\/title>\n<meta name=\"description\" content=\"Piscina SOLEO dispon\u00edvel em tr\u00eas tipologias de a\u00e7o exclusivo, desenvolvido pela RP INDUSTRIES, para a composi\u00e7\u00e3o da estrutura da sua piscina SOLEO.\" \/>\n<meta name=\"robots\" content=\"index, follow, max-snippet:-1, max-image-preview:large, max-video-preview:-1\" \/>\n<link rel=\"canonical\" href=\"https:\/\/www.rppiscinas.com\/pt\/estrutura-piscina-soleo\/\" \/>\n<meta property=\"og:locale\" content=\"pt_PT\" \/>\n<meta property=\"og:type\" content=\"article\" \/>\n<meta property=\"og:title\" content=\"Piscina SOLEO RPI | Painel de a\u00e7o para piscinas SOLEO\" \/>\n<meta property=\"og:description\" content=\"Piscina SOLEO dispon\u00edvel em tr\u00eas tipologias de a\u00e7o exclusivo, desenvolvido pela RP INDUSTRIES, para a composi\u00e7\u00e3o da estrutura da sua piscina SOLEO.\" \/>\n<meta property=\"og:url\" content=\"https:\/\/www.rppiscinas.com\/pt\/estrutura-piscina-soleo\/\" \/>\n<meta property=\"og:site_name\" content=\"Soleo Piscinas\" \/>\n<meta property=\"article:publisher\" content=\"https:\/\/www.facebook.com\/soleopiscinas\" \/>\n<meta property=\"article:modified_time\" content=\"2025-03-06T12:01:36+00:00\" \/>\n<meta property=\"og:image\" content=\"https:\/\/www.rppiscinas.com\/pt\/wp-content\/uploads\/2018\/06\/piscina1.jpg\" \/>\n\t<meta property=\"og:image:width\" content=\"1200\" \/>\n\t<meta property=\"og:image:height\" content=\"603\" \/>\n\t<meta property=\"og:image:type\" content=\"image\/jpeg\" \/>\n<meta name=\"twitter:label1\" content=\"Tempo estimado de leitura\" \/>\n\t<meta name=\"twitter:data1\" content=\"5 minutos\" \/>\n<script type=\"application\/ld+json\" class=\"yoast-schema-graph\">{\"@context\":\"https:\/\/schema.org\",\"@graph\":[{\"@type\":\"WebPage\",\"@id\":\"https:\/\/www.rppiscinas.com\/pt\/estrutura-piscina-soleo\/\",\"url\":\"https:\/\/www.rppiscinas.com\/pt\/estrutura-piscina-soleo\/\",\"name\":\"Piscina SOLEO RPI | Painel de a\u00e7o para piscinas SOLEO\",\"isPartOf\":{\"@id\":\"https:\/\/www.rppiscinas.com\/pt\/#website\"},\"datePublished\":\"2014-02-17T18:14:38+00:00\",\"dateModified\":\"2025-03-06T12:01:36+00:00\",\"description\":\"Piscina SOLEO dispon\u00edvel em tr\u00eas tipologias de a\u00e7o exclusivo, desenvolvido pela RP INDUSTRIES, para a composi\u00e7\u00e3o da estrutura da sua piscina SOLEO.\",\"breadcrumb\":{\"@id\":\"https:\/\/www.rppiscinas.com\/pt\/estrutura-piscina-soleo\/#breadcrumb\"},\"inLanguage\":\"pt-PT\",\"potentialAction\":[{\"@type\":\"ReadAction\",\"target\":[\"https:\/\/www.rppiscinas.com\/pt\/estrutura-piscina-soleo\/\"]}]},{\"@type\":\"BreadcrumbList\",\"@id\":\"https:\/\/www.rppiscinas.com\/pt\/estrutura-piscina-soleo\/#breadcrumb\",\"itemListElement\":[{\"@type\":\"ListItem\",\"position\":1,\"name\":\"Home\",\"item\":\"https:\/\/www.rppiscinas.com\/pt\/\"},{\"@type\":\"ListItem\",\"position\":2,\"name\":\"Estrutura piscina SOLEO\"}]},{\"@type\":\"WebSite\",\"@id\":\"https:\/\/www.rppiscinas.com\/pt\/#website\",\"url\":\"https:\/\/www.rppiscinas.com\/pt\/\",\"name\":\"Soleo Piscinas\",\"description\":\"Mais do que uma piscina\",\"publisher\":{\"@id\":\"https:\/\/www.rppiscinas.com\/pt\/#organization\"},\"alternateName\":\"Soleo Piscinas\",\"potentialAction\":[{\"@type\":\"SearchAction\",\"target\":{\"@type\":\"EntryPoint\",\"urlTemplate\":\"https:\/\/www.rppiscinas.com\/pt\/?s={search_term_string}\"},\"query-input\":\"required name=search_term_string\"}],\"inLanguage\":\"pt-PT\"},{\"@type\":\"Organization\",\"@id\":\"https:\/\/www.rppiscinas.com\/pt\/#organization\",\"name\":\"Soleo Piscinas\",\"url\":\"https:\/\/www.rppiscinas.com\/pt\/\",\"logo\":{\"@type\":\"ImageObject\",\"inLanguage\":\"pt-PT\",\"@id\":\"https:\/\/www.rppiscinas.com\/pt\/#\/schema\/logo\/image\/\",\"url\":\"https:\/\/www.rppiscinas.com\/pt\/wp-content\/uploads\/2025\/03\/logowebsite-1.png\",\"contentUrl\":\"https:\/\/www.rppiscinas.com\/pt\/wp-content\/uploads\/2025\/03\/logowebsite-1.png\",\"width\":160,\"height\":75,\"caption\":\"Soleo Piscinas\"},\"image\":{\"@id\":\"https:\/\/www.rppiscinas.com\/pt\/#\/schema\/logo\/image\/\"},\"sameAs\":[\"https:\/\/www.facebook.com\/soleopiscinas\",\"https:\/\/www.instagram.com\/soleopiscinas\/\",\"https:\/\/pt.pinterest.com\/soleopiscinas\/\"]}]}<\/script>\n<!-- \/ Yoast SEO plugin. -->","yoast_head_json":{"title":"Piscina SOLEO RPI | Painel de a\u00e7o para piscinas SOLEO","description":"Piscina SOLEO dispon\u00edvel em tr\u00eas tipologias de a\u00e7o exclusivo, desenvolvido pela RP INDUSTRIES, para a composi\u00e7\u00e3o da estrutura da sua piscina SOLEO.","robots":{"index":"index","follow":"follow","max-snippet":"max-snippet:-1","max-image-preview":"max-image-preview:large","max-video-preview":"max-video-preview:-1"},"canonical":"https:\/\/www.rppiscinas.com\/pt\/estrutura-piscina-soleo\/","og_locale":"pt_PT","og_type":"article","og_title":"Piscina SOLEO RPI | Painel de a\u00e7o para piscinas SOLEO","og_description":"Piscina SOLEO dispon\u00edvel em tr\u00eas tipologias de a\u00e7o exclusivo, desenvolvido pela RP INDUSTRIES, para a composi\u00e7\u00e3o da estrutura da sua piscina SOLEO.","og_url":"https:\/\/www.rppiscinas.com\/pt\/estrutura-piscina-soleo\/","og_site_name":"Soleo Piscinas","article_publisher":"https:\/\/www.facebook.com\/soleopiscinas","article_modified_time":"2025-03-06T12:01:36+00:00","og_image":[{"width":1200,"height":603,"url":"https:\/\/www.rppiscinas.com\/pt\/wp-content\/uploads\/2018\/06\/piscina1.jpg","type":"image\/jpeg"}],"twitter_misc":{"Tempo estimado de leitura":"5 minutos"},"schema":{"@context":"https:\/\/schema.org","@graph":[{"@type":"WebPage","@id":"https:\/\/www.rppiscinas.com\/pt\/estrutura-piscina-soleo\/","url":"https:\/\/www.rppiscinas.com\/pt\/estrutura-piscina-soleo\/","name":"Piscina SOLEO RPI | Painel de a\u00e7o para piscinas SOLEO","isPartOf":{"@id":"https:\/\/www.rppiscinas.com\/pt\/#website"},"datePublished":"2014-02-17T18:14:38+00:00","dateModified":"2025-03-06T12:01:36+00:00","description":"Piscina SOLEO dispon\u00edvel em tr\u00eas tipologias de a\u00e7o exclusivo, desenvolvido pela RP INDUSTRIES, para a composi\u00e7\u00e3o da estrutura da sua piscina SOLEO.","breadcrumb":{"@id":"https:\/\/www.rppiscinas.com\/pt\/estrutura-piscina-soleo\/#breadcrumb"},"inLanguage":"pt-PT","potentialAction":[{"@type":"ReadAction","target":["https:\/\/www.rppiscinas.com\/pt\/estrutura-piscina-soleo\/"]}]},{"@type":"BreadcrumbList","@id":"https:\/\/www.rppiscinas.com\/pt\/estrutura-piscina-soleo\/#breadcrumb","itemListElement":[{"@type":"ListItem","position":1,"name":"Home","item":"https:\/\/www.rppiscinas.com\/pt\/"},{"@type":"ListItem","position":2,"name":"Estrutura piscina SOLEO"}]},{"@type":"WebSite","@id":"https:\/\/www.rppiscinas.com\/pt\/#website","url":"https:\/\/www.rppiscinas.com\/pt\/","name":"Soleo Piscinas","description":"Mais do que uma piscina","publisher":{"@id":"https:\/\/www.rppiscinas.com\/pt\/#organization"},"alternateName":"Soleo Piscinas","potentialAction":[{"@type":"SearchAction","target":{"@type":"EntryPoint","urlTemplate":"https:\/\/www.rppiscinas.com\/pt\/?s={search_term_string}"},"query-input":"required name=search_term_string"}],"inLanguage":"pt-PT"},{"@type":"Organization","@id":"https:\/\/www.rppiscinas.com\/pt\/#organization","name":"Soleo Piscinas","url":"https:\/\/www.rppiscinas.com\/pt\/","logo":{"@type":"ImageObject","inLanguage":"pt-PT","@id":"https:\/\/www.rppiscinas.com\/pt\/#\/schema\/logo\/image\/","url":"https:\/\/www.rppiscinas.com\/pt\/wp-content\/uploads\/2025\/03\/logowebsite-1.png","contentUrl":"https:\/\/www.rppiscinas.com\/pt\/wp-content\/uploads\/2025\/03\/logowebsite-1.png","width":160,"height":75,"caption":"Soleo Piscinas"},"image":{"@id":"https:\/\/www.rppiscinas.com\/pt\/#\/schema\/logo\/image\/"},"sameAs":["https:\/\/www.facebook.com\/soleopiscinas","https:\/\/www.instagram.com\/soleopiscinas\/","https:\/\/pt.pinterest.com\/soleopiscinas\/"]}]}},"_links":{"self":[{"href":"https:\/\/www.rppiscinas.com\/pt\/wp-json\/wp\/v2\/pages\/2974"}],"collection":[{"href":"https:\/\/www.rppiscinas.com\/pt\/wp-json\/wp\/v2\/pages"}],"about":[{"href":"https:\/\/www.rppiscinas.com\/pt\/wp-json\/wp\/v2\/types\/page"}],"author":[{"embeddable":true,"href":"https:\/\/www.rppiscinas.com\/pt\/wp-json\/wp\/v2\/users\/1"}],"replies":[{"embeddable":true,"href":"https:\/\/www.rppiscinas.com\/pt\/wp-json\/wp\/v2\/comments?post=2974"}],"version-history":[{"count":98,"href":"https:\/\/www.rppiscinas.com\/pt\/wp-json\/wp\/v2\/pages\/2974\/revisions"}],"predecessor-version":[{"id":20542,"href":"https:\/\/www.rppiscinas.com\/pt\/wp-json\/wp\/v2\/pages\/2974\/revisions\/20542"}],"wp:attachment":[{"href":"https:\/\/www.rppiscinas.com\/pt\/wp-json\/wp\/v2\/media?parent=2974"}],"curies":[{"name":"wp","href":"https:\/\/api.w.org\/{rel}","templated":true}]}}