{"id":2908,"date":"2014-02-17T15:58:49","date_gmt":"2014-02-17T15:58:49","guid":{"rendered":"http:\/\/rppiscinas.com\/pt\/?page_id=2908"},"modified":"2025-03-06T11:38:57","modified_gmt":"2025-03-06T11:38:57","slug":"construcao-de-piscinas","status":"publish","type":"page","link":"https:\/\/www.rppiscinas.com\/pt\/construcao-de-piscinas\/","title":{"rendered":"Constru\u00e7\u00e3o de piscinas SOLEO"},"content":{"rendered":"<div class=\"flex_column av_one_full  flex_column_div first  avia-builder-el-0  el_before_av_hr  avia-builder-el-first  \" ><p><div class='avia-button-wrap avia-button-left  avia-builder-el-1  el_before_av_button  avia-builder-el-first '><a href='javascript:void(0)'  class='avia-button   avia-icon_select-no avia-color-orange avia-size-small avia-position-left '   ><span class='avia_iconbox_title' >T\u00e9cnica<\/span><\/a><\/div><br \/>\n<div class='avia-button-wrap avia-button-left  avia-builder-el-2  el_after_av_button  el_before_av_button '><a href='https:\/\/www.rppiscinas.com\/pt\/estrutura-piscina-soleo\/'  class='avia-button   avia-icon_select-no avia-color-theme-color avia-size-small avia-position-left '   ><span class='avia_iconbox_title' >Estrutura<\/span><\/a><\/div><br \/>\n<div class='avia-button-wrap avia-button-left  avia-builder-el-3  el_after_av_button  el_before_av_button '><a href='https:\/\/www.rppiscinas.com\/pt\/fundos-de-piscinas\/'  class='avia-button   avia-icon_select-no avia-color-theme-color avia-size-small avia-position-left '   ><span class='avia_iconbox_title' >Fundos<\/span><\/a><\/div><br \/>\n<div class='avia-button-wrap avia-button-left  avia-builder-el-4  el_after_av_button  avia-builder-el-last '><a href='https:\/\/www.rppiscinas.com\/pt\/liner-piscinas\/'  class='avia-button   avia-icon_select-no avia-color-theme-color avia-size-small avia-position-left '   ><span class='avia_iconbox_title' >Liners<\/span><\/a><\/div><\/p><\/div>\n<div  class='hr hr-default   avia-builder-el-5  el_after_av_one_full  el_before_av_one_half '><span class='hr-inner ' ><span class='hr-inner-style'><\/span><\/span><\/div>\n<div class=\"flex_column av_one_half  flex_column_div first  avia-builder-el-6  el_after_av_hr  el_before_av_one_half  \" ><section class=\"av_textblock_section \"  itemscope=\"itemscope\" itemtype=\"https:\/\/schema.org\/CreativeWork\" ><div class='avia_textblock  '   itemprop=\"text\" ><h1><span style=\"color: #000000;\">Constru\u00e7\u00e3o de piscinas<\/span><\/h1>\n<h4><span style=\"color: #1692de;\">SOLEO &#8211; Constru\u00e7\u00e3o de piscinas Simples, Robusta e R\u00e1pida<\/span><\/h4>\n<p style=\"text-align: justify;\">SOLEO \u00e9 um sistema de <strong>constru\u00e7\u00e3o de piscinas<\/strong> desenvolvido pela RP INDUSTRIES que permite em pouco mais de 3 dias a implementa\u00e7\u00e3o de uma piscina seja qual for a configura\u00e7\u00e3o do seu espa\u00e7o.<\/p>\n<p style=\"text-align: justify;\">Especializada no desenvolvimento e constru\u00e7\u00e3o de piscinas, a RP INDUSTRIES desenvolveu este sistema capaz de aliar a resist\u00eancia dos pain\u00e9is em a\u00e7o e a robustez do bet\u00e3o \u00e0 elasticidade e estanquicidade\u00a0do liner. Este inovador conceito de constru\u00e7\u00e3o permite evitar os problemas normalmente associados \u00e0s t\u00e9cnicas tradicionais de constru\u00e7\u00e3o de piscinas em bet\u00e3o.<br \/>\nAs <strong>atividades s\u00edsmicas<\/strong>, a <strong>compacta\u00e7\u00e3o natural das terras<\/strong> e a <strong>amplitude t\u00e9rmica<\/strong> s\u00e3o fen\u00f3menos que o<strong> sistema SOLEO<\/strong> est\u00e1 preparado para suportar sem sofrer danos. Tudo gra\u00e7as \u00e0 sua tecnologia antiss\u00edsmica e flex\u00edvel.<\/p>\n<\/div><\/section><\/div>\n<div class=\"flex_column av_one_half  flex_column_div av-zero-column-padding   avia-builder-el-8  el_after_av_one_half  el_before_av_section  avia-builder-el-last  \" style='border-radius:0px; '><section class=\"av_textblock_section \"  itemscope=\"itemscope\" itemtype=\"https:\/\/schema.org\/CreativeWork\" ><div class='avia_textblock  '   itemprop=\"text\" ><p><iframe loading=\"lazy\" src=\"\/\/www.youtube.com\/embed\/7dJBvXb0sCk\" width=\"440\" height=\"300\" frameborder=\"0\" allowfullscreen=\"allowfullscreen\"><\/iframe><\/p>\n<\/div><\/section><\/div>\n<\/div><\/div><\/div><!-- close content main div --><\/div><\/div><div id='av_section_1' class='avia-section main_color avia-section-default avia-no-shadow avia-bg-style-scroll  avia-builder-el-10  el_after_av_one_half  el_before_av_two_third   container_wrap fullsize' style='background-color: #e0e0e0;  '  ><div class='container' ><div class='template-page content  av-content-full alpha units'><div class='post-entry post-entry-type-page post-entry-2908'><div class='entry-content-wrapper clearfix'>\n<section class=\"av_textblock_section \"  itemscope=\"itemscope\" itemtype=\"https:\/\/schema.org\/CreativeWork\" ><div class='avia_textblock  '   itemprop=\"text\" ><h2 style=\"text-align: center;\"><span style=\"color: #000000;\">Instala\u00e7\u00e3o \u00e0 sua medida&#8230;<\/span><\/h2>\n<p style=\"text-align: center;\">Com mais de 20 anos de experi\u00eancia no desenvolvimento e constru\u00e7\u00e3o de piscinas, a RP INDUSTRIES acumulou um extenso know-how que lhe permite oferecer 3 modalidades de instala\u00e7\u00e3o do seu modelo de piscina SOLEO. Dependendo da modalidade selecionada, poder\u00e1 obter <strong>economias<\/strong> que em alguns casos poder\u00e3o chegar aos<strong> 50%<\/strong>.<\/p>\n<\/div><\/section>\n<div class=\"flex_column av_one_third  flex_column_div first  avia-builder-el-12  el_after_av_textblock  el_before_av_one_third  column-top-margin\" ><article class=\"iconbox iconbox_top main_color    avia-builder-el-13  avia-builder-el-no-sibling  \"  itemscope=\"itemscope\" itemtype=\"https:\/\/schema.org\/CreativeWork\" ><div class=\"iconbox_content\"><header class=\"entry-content-header\"><div class=\"iconbox_icon heading-color \" aria-hidden='true' data-av_icon='\ue855' data-av_iconfont='entypo-fontello'  ><\/div><h3 class='iconbox_content_title '  itemprop=\"headline\"  >Kit Soleo<\/h3><\/header><div class='iconbox_content_container  '  itemprop=\"text\"  ><p>O manual de instala\u00e7\u00e3o detalhado permite uma r\u00e1pida e f\u00e1cil instala\u00e7\u00e3o.<br \/>\nPara quem estiver familiarizado com alguns procedimentos de bricolage poder\u00e1 obter economias consider\u00e1veis.<\/p>\n<\/div><\/div><footer class=\"entry-footer\"><\/footer><\/article><\/div><div class=\"flex_column av_one_third  flex_column_div   avia-builder-el-14  el_after_av_one_third  el_before_av_one_third  column-top-margin\" ><article class=\"iconbox iconbox_top main_color    avia-builder-el-15  avia-builder-el-no-sibling  \"  itemscope=\"itemscope\" itemtype=\"https:\/\/schema.org\/CreativeWork\" ><div class=\"iconbox_content\"><header class=\"entry-content-header\"><div class=\"iconbox_icon heading-color \" aria-hidden='true' data-av_icon='\ue856' data-av_iconfont='entypo-fontello'  ><\/div><h3 class='iconbox_content_title '  itemprop=\"headline\"  >Coordena\u00e7\u00e3o T\u00e9cnica<\/h3><\/header><div class='iconbox_content_container  '  itemprop=\"text\"  ><p>Esta modalidade que a RP INDUSTRIES disponibiliza para a constru\u00e7\u00e3o de piscinas, permite ao cliente obter um aconselhamento t\u00e9cnico durante as distintas fases da instala\u00e7\u00e3o da piscina.<\/p>\n<\/div><\/div><footer class=\"entry-footer\"><\/footer><\/article><\/div><div class=\"flex_column av_one_third  flex_column_div   avia-builder-el-16  el_after_av_one_third  avia-builder-el-last  column-top-margin\" ><article class=\"iconbox iconbox_top main_color    avia-builder-el-17  avia-builder-el-no-sibling  \"  itemscope=\"itemscope\" itemtype=\"https:\/\/schema.org\/CreativeWork\" ><div class=\"iconbox_content\"><header class=\"entry-content-header\"><div class=\"iconbox_icon heading-color \" aria-hidden='true' data-av_icon='\ue8d7' data-av_iconfont='entypo-fontello'  ><\/div><h3 class='iconbox_content_title '  itemprop=\"headline\"  >Instala\u00e7\u00e3o Completa<\/h3><\/header><div class='iconbox_content_container  '  itemprop=\"text\"  ><p>Com uma equipa de profissionais especializada na constru\u00e7\u00e3o de piscinas, a RP INDUSTRIES oferece-lhe a possibilidade de adquirir a sua piscina com um conceito chave-na-m\u00e3o.<\/p>\n<\/div><\/div><footer class=\"entry-footer\"><\/footer><\/article><\/div>\n<\/div><\/div><\/div><!-- close content main div --><\/div><\/div><div id='after_section_1' class='main_color av_default_container_wrap container_wrap fullsize' style=' '  ><div class='container' ><div class='template-page content  av-content-full alpha units'><div class='post-entry post-entry-type-page post-entry-2908'><div class='entry-content-wrapper clearfix'>\n<div class=\"flex_column av_two_third  flex_column_div first  avia-builder-el-18  el_after_av_section  el_before_av_one_third  avia-builder-el-first  \" ><div class='avia-image-container  av-styling-    avia-builder-el-19  avia-builder-el-no-sibling  avia-align-center '  itemprop=\"image\" itemscope=\"itemscope\" itemtype=\"https:\/\/schema.org\/ImageObject\"  ><div class='avia-image-container-inner'><div class='avia-image-overlay-wrap'><img class='avia_image' src='\/\/www.rppiscinas.com\/pt\/wp-content\/uploads\/2014\/02\/construcao-piscinas-soleo-01.jpg' alt='Constru\u00e7\u00e3o de piscinas SOLEO' title='SOLEO Constru\u00e7\u00e3o de piscinas'   itemprop=\"thumbnailUrl\"  \/><\/div><\/div><\/div><\/div>\n<div class=\"flex_column av_one_third  flex_column_div av-zero-column-padding   avia-builder-el-20  el_after_av_two_third  el_before_av_hr  \" style='border-radius:0px; '><section class=\"av_textblock_section \"  itemscope=\"itemscope\" itemtype=\"https:\/\/schema.org\/CreativeWork\" ><div class='avia_textblock  '   itemprop=\"text\" ><h2><span style=\"color: #1692de;\">SIMPLICIDADE, RAPIDEZ<\/span><br \/>\n<span style=\"color: #1692de;\">E ROBUSTEZ LEVADOS AO EXTREMO<\/span><\/h2>\n<p><strong>1<\/strong> &#8211; Bordadura antiderrapante<br \/>\n<strong>2<\/strong> &#8211; Caleira de suporte de bordadura<br \/>\n<strong>3<\/strong> &#8211; Tomada de aspira\u00e7\u00e3o<br \/>\n<strong>4<\/strong> &#8211; Estrutura em a\u00e7o<br \/>\n<strong>5<\/strong> &#8211; Ralo de fundo<br \/>\n<strong>6<\/strong> &#8211; Projetor<br \/>\n<strong>7<\/strong> &#8211; Caixa de liga\u00e7\u00e3o<br \/>\n<strong>8<\/strong> &#8211; Quadro el\u00e9trico<br \/>\n<strong>9\u00a0&#8211;<\/strong>\u00a0Skimmer<br \/>\n<strong>10<\/strong> &#8211; Filtro<br \/>\n<strong>11<\/strong> &#8211; Bomba<br \/>\n<strong>12<\/strong> &#8211; Suporte em a\u00e7o para rebordo<br \/>\n<strong>13<\/strong> &#8211; Escoras em a\u00e7o<br \/>\n<strong>14<\/strong> &#8211; Refluidor de \u00e1gua<br \/>\n<strong>15<\/strong> &#8211; Tubagem<br \/>\n<strong>16<\/strong> &#8211; Liner<br \/>\n<strong>17<\/strong> &#8211; Base bet\u00e3o c\/ malha de ferro<\/p>\n<\/div><\/section><\/div>\n<div  class='hr hr-default   avia-builder-el-22  el_after_av_one_third  el_before_av_one_full '><span class='hr-inner ' ><span class='hr-inner-style'><\/span><\/span><\/div>\n<div class=\"flex_column av_one_full  flex_column_div first  avia-builder-el-23  el_after_av_hr  el_before_av_one_half  \" ><section class=\"av_textblock_section \"  itemscope=\"itemscope\" itemtype=\"https:\/\/schema.org\/CreativeWork\" ><div class='avia_textblock  '   itemprop=\"text\" ><h4>DUAS SOLU\u00c7\u00d5ES DE FIXA\u00c7\u00c3O DA ESTRUTURA<\/h4>\n<p>O sistema de constru\u00e7\u00e3o de piscinas SOLEO foi desenvolvido para oferecer uma instala\u00e7\u00e3o simples, robusta e r\u00e1pida.\u00a0Na hora de proceder \u00e0 fixa\u00e7\u00e3o da estrutura \u00e0 laje de bet\u00e3o, o instalador disp\u00f5e de duas solu\u00e7\u00f5es distintas. Recentemente apresentada ao mercado, a solu\u00e7\u00e3o 2 foi especialmente desenvolvida para oferecer uma fixa\u00e7\u00e3o mais simples e r\u00e1pida em alternativa \u00e0 solu\u00e7\u00e3o mais tradicional (1).<\/p>\n<\/div><\/section><\/div><div class=\"flex_column av_one_half  flex_column_div first  avia-builder-el-25  el_after_av_one_full  el_before_av_one_half  column-top-margin\" ><section class=\"av_textblock_section \"  itemscope=\"itemscope\" itemtype=\"https:\/\/schema.org\/CreativeWork\" ><div class='avia_textblock  '   itemprop=\"text\" ><h4>SOLU\u00c7\u00c3O 1<\/h4>\n<p>Fixa\u00e7\u00e3o tradicional dos pain\u00e9is \u00e0 base atrav\u00e9s de uma cinta em bet\u00e3o com +\/- 30 cm de espessura em toda a periferia da piscina.<\/p>\n<\/div><\/section><br \/>\n<div class='avia-image-container  av-styling-    avia-builder-el-27  el_after_av_textblock  avia-builder-el-last  avia-align-center '  itemprop=\"image\" itemscope=\"itemscope\" itemtype=\"https:\/\/schema.org\/ImageObject\"  ><div class='avia-image-container-inner'><div class='avia-image-overlay-wrap'><img class='avia_image' src='\/\/www.rppiscinas.com\/pt\/wp-content\/uploads\/2014\/02\/construcao_piscinas_00.jpg' alt='Constru\u00e7\u00e3o de piscinas SOLEO' title='SOLEO - Constru\u00e7\u00e3o de piscinas'   itemprop=\"thumbnailUrl\"  \/><\/div><\/div><\/div><\/p><\/div><\/p>\n<div class=\"flex_column av_one_half  flex_column_div av-zero-column-padding   avia-builder-el-28  el_after_av_one_half  el_before_av_one_full  column-top-margin\" style='border-radius:0px; '><section class=\"av_textblock_section \"  itemscope=\"itemscope\" itemtype=\"https:\/\/schema.org\/CreativeWork\" ><div class='avia_textblock  '   itemprop=\"text\" ><h4>SOLU\u00c7\u00c3O 2<\/h4>\n<p>Fixa\u00e7\u00e3o\u00a0 das escoras e dos pain\u00e9is \u00e0 base atrav\u00e9s de parafuso e bucha qu\u00edmica, finalizando junto aos pain\u00e9is com uma cinta de bet\u00e3o de 10 cm.<\/p>\n<\/div><\/section><br \/>\n<div class='avia-image-container  av-styling-    avia-builder-el-30  el_after_av_textblock  avia-builder-el-last  avia-align-center '  itemprop=\"image\" itemscope=\"itemscope\" itemtype=\"https:\/\/schema.org\/ImageObject\"  ><div class='avia-image-container-inner'><div class='avia-image-overlay-wrap'><img class='avia_image' src='\/\/www.rppiscinas.com\/pt\/wp-content\/uploads\/2014\/02\/construcao-piscinas-01.jpg' alt='Constru\u00e7\u00e3o de piscinas SOLEO' title='SOLEO - Constru\u00e7\u00e3o de piscinas'   itemprop=\"thumbnailUrl\"  \/><\/div><\/div><\/div><\/p><\/div>\n<div class=\"flex_column av_one_full  flex_column_div first  avia-builder-el-31  el_after_av_one_half  avia-builder-el-last  column-top-margin\" ><\/div>\n","protected":false},"excerpt":{"rendered":"","protected":false},"author":1,"featured_media":0,"parent":0,"menu_order":0,"comment_status":"open","ping_status":"open","template":"","meta":[],"yoast_head":"<!-- This site is optimized with the Yoast SEO plugin v20.3 - https:\/\/yoast.com\/wordpress\/plugins\/seo\/ -->\n<title>Constru\u00e7\u00e3o de piscinas SOLEO | RP INDUSTRIES Piscinas<\/title>\n<meta name=\"description\" content=\"A constru\u00e7\u00e3o de piscinas SOLEO permite em pouco mais de 3 dias a implementa\u00e7\u00e3o de uma piscina seja qual for a configura\u00e7\u00e3o do seu espa\u00e7o.\" \/>\n<meta name=\"robots\" content=\"index, follow, max-snippet:-1, max-image-preview:large, max-video-preview:-1\" \/>\n<link rel=\"canonical\" href=\"https:\/\/www.rppiscinas.com\/pt\/construcao-de-piscinas\/\" \/>\n<meta property=\"og:locale\" content=\"pt_PT\" \/>\n<meta property=\"og:type\" content=\"article\" \/>\n<meta property=\"og:title\" content=\"Constru\u00e7\u00e3o de piscinas SOLEO | RP INDUSTRIES Piscinas\" \/>\n<meta property=\"og:description\" content=\"A constru\u00e7\u00e3o de piscinas SOLEO permite em pouco mais de 3 dias a implementa\u00e7\u00e3o de uma piscina seja qual for a configura\u00e7\u00e3o do seu espa\u00e7o.\" \/>\n<meta property=\"og:url\" content=\"https:\/\/www.rppiscinas.com\/pt\/construcao-de-piscinas\/\" \/>\n<meta property=\"og:site_name\" content=\"Soleo Piscinas\" \/>\n<meta property=\"article:publisher\" content=\"https:\/\/www.facebook.com\/soleopiscinas\" \/>\n<meta property=\"article:modified_time\" content=\"2025-03-06T11:38:57+00:00\" \/>\n<meta property=\"og:image\" content=\"https:\/\/www.rppiscinas.com\/pt\/wp-content\/uploads\/2018\/06\/piscina1.jpg\" \/>\n\t<meta property=\"og:image:width\" content=\"1200\" \/>\n\t<meta property=\"og:image:height\" content=\"603\" \/>\n\t<meta property=\"og:image:type\" content=\"image\/jpeg\" \/>\n<meta name=\"twitter:label1\" content=\"Tempo estimado de leitura\" \/>\n\t<meta name=\"twitter:data1\" content=\"4 minutos\" \/>\n<script type=\"application\/ld+json\" class=\"yoast-schema-graph\">{\"@context\":\"https:\/\/schema.org\",\"@graph\":[{\"@type\":\"WebPage\",\"@id\":\"https:\/\/www.rppiscinas.com\/pt\/construcao-de-piscinas\/\",\"url\":\"https:\/\/www.rppiscinas.com\/pt\/construcao-de-piscinas\/\",\"name\":\"Constru\u00e7\u00e3o de piscinas SOLEO | RP INDUSTRIES Piscinas\",\"isPartOf\":{\"@id\":\"https:\/\/www.rppiscinas.com\/pt\/#website\"},\"datePublished\":\"2014-02-17T15:58:49+00:00\",\"dateModified\":\"2025-03-06T11:38:57+00:00\",\"description\":\"A constru\u00e7\u00e3o de piscinas SOLEO permite em pouco mais de 3 dias a implementa\u00e7\u00e3o de uma piscina seja qual for a configura\u00e7\u00e3o do seu espa\u00e7o.\",\"breadcrumb\":{\"@id\":\"https:\/\/www.rppiscinas.com\/pt\/construcao-de-piscinas\/#breadcrumb\"},\"inLanguage\":\"pt-PT\",\"potentialAction\":[{\"@type\":\"ReadAction\",\"target\":[\"https:\/\/www.rppiscinas.com\/pt\/construcao-de-piscinas\/\"]}]},{\"@type\":\"BreadcrumbList\",\"@id\":\"https:\/\/www.rppiscinas.com\/pt\/construcao-de-piscinas\/#breadcrumb\",\"itemListElement\":[{\"@type\":\"ListItem\",\"position\":1,\"name\":\"Home\",\"item\":\"https:\/\/www.rppiscinas.com\/pt\/\"},{\"@type\":\"ListItem\",\"position\":2,\"name\":\"Constru\u00e7\u00e3o de piscinas SOLEO\"}]},{\"@type\":\"WebSite\",\"@id\":\"https:\/\/www.rppiscinas.com\/pt\/#website\",\"url\":\"https:\/\/www.rppiscinas.com\/pt\/\",\"name\":\"Soleo Piscinas\",\"description\":\"Mais do que uma piscina\",\"publisher\":{\"@id\":\"https:\/\/www.rppiscinas.com\/pt\/#organization\"},\"alternateName\":\"Soleo Piscinas\",\"potentialAction\":[{\"@type\":\"SearchAction\",\"target\":{\"@type\":\"EntryPoint\",\"urlTemplate\":\"https:\/\/www.rppiscinas.com\/pt\/?s={search_term_string}\"},\"query-input\":\"required name=search_term_string\"}],\"inLanguage\":\"pt-PT\"},{\"@type\":\"Organization\",\"@id\":\"https:\/\/www.rppiscinas.com\/pt\/#organization\",\"name\":\"Soleo Piscinas\",\"url\":\"https:\/\/www.rppiscinas.com\/pt\/\",\"logo\":{\"@type\":\"ImageObject\",\"inLanguage\":\"pt-PT\",\"@id\":\"https:\/\/www.rppiscinas.com\/pt\/#\/schema\/logo\/image\/\",\"url\":\"https:\/\/www.rppiscinas.com\/pt\/wp-content\/uploads\/2025\/03\/logowebsite-1.png\",\"contentUrl\":\"https:\/\/www.rppiscinas.com\/pt\/wp-content\/uploads\/2025\/03\/logowebsite-1.png\",\"width\":160,\"height\":75,\"caption\":\"Soleo Piscinas\"},\"image\":{\"@id\":\"https:\/\/www.rppiscinas.com\/pt\/#\/schema\/logo\/image\/\"},\"sameAs\":[\"https:\/\/www.facebook.com\/soleopiscinas\",\"https:\/\/www.instagram.com\/soleopiscinas\/\",\"https:\/\/pt.pinterest.com\/soleopiscinas\/\"]}]}<\/script>\n<!-- \/ Yoast SEO plugin. -->","yoast_head_json":{"title":"Constru\u00e7\u00e3o de piscinas SOLEO | RP INDUSTRIES Piscinas","description":"A constru\u00e7\u00e3o de piscinas SOLEO permite em pouco mais de 3 dias a implementa\u00e7\u00e3o de uma piscina seja qual for a configura\u00e7\u00e3o do seu espa\u00e7o.","robots":{"index":"index","follow":"follow","max-snippet":"max-snippet:-1","max-image-preview":"max-image-preview:large","max-video-preview":"max-video-preview:-1"},"canonical":"https:\/\/www.rppiscinas.com\/pt\/construcao-de-piscinas\/","og_locale":"pt_PT","og_type":"article","og_title":"Constru\u00e7\u00e3o de piscinas SOLEO | RP INDUSTRIES Piscinas","og_description":"A constru\u00e7\u00e3o de piscinas SOLEO permite em pouco mais de 3 dias a implementa\u00e7\u00e3o de uma piscina seja qual for a configura\u00e7\u00e3o do seu espa\u00e7o.","og_url":"https:\/\/www.rppiscinas.com\/pt\/construcao-de-piscinas\/","og_site_name":"Soleo Piscinas","article_publisher":"https:\/\/www.facebook.com\/soleopiscinas","article_modified_time":"2025-03-06T11:38:57+00:00","og_image":[{"width":1200,"height":603,"url":"https:\/\/www.rppiscinas.com\/pt\/wp-content\/uploads\/2018\/06\/piscina1.jpg","type":"image\/jpeg"}],"twitter_misc":{"Tempo estimado de leitura":"4 minutos"},"schema":{"@context":"https:\/\/schema.org","@graph":[{"@type":"WebPage","@id":"https:\/\/www.rppiscinas.com\/pt\/construcao-de-piscinas\/","url":"https:\/\/www.rppiscinas.com\/pt\/construcao-de-piscinas\/","name":"Constru\u00e7\u00e3o de piscinas SOLEO | RP INDUSTRIES Piscinas","isPartOf":{"@id":"https:\/\/www.rppiscinas.com\/pt\/#website"},"datePublished":"2014-02-17T15:58:49+00:00","dateModified":"2025-03-06T11:38:57+00:00","description":"A constru\u00e7\u00e3o de piscinas SOLEO permite em pouco mais de 3 dias a implementa\u00e7\u00e3o de uma piscina seja qual for a configura\u00e7\u00e3o do seu espa\u00e7o.","breadcrumb":{"@id":"https:\/\/www.rppiscinas.com\/pt\/construcao-de-piscinas\/#breadcrumb"},"inLanguage":"pt-PT","potentialAction":[{"@type":"ReadAction","target":["https:\/\/www.rppiscinas.com\/pt\/construcao-de-piscinas\/"]}]},{"@type":"BreadcrumbList","@id":"https:\/\/www.rppiscinas.com\/pt\/construcao-de-piscinas\/#breadcrumb","itemListElement":[{"@type":"ListItem","position":1,"name":"Home","item":"https:\/\/www.rppiscinas.com\/pt\/"},{"@type":"ListItem","position":2,"name":"Constru\u00e7\u00e3o de piscinas SOLEO"}]},{"@type":"WebSite","@id":"https:\/\/www.rppiscinas.com\/pt\/#website","url":"https:\/\/www.rppiscinas.com\/pt\/","name":"Soleo Piscinas","description":"Mais do que uma piscina","publisher":{"@id":"https:\/\/www.rppiscinas.com\/pt\/#organization"},"alternateName":"Soleo Piscinas","potentialAction":[{"@type":"SearchAction","target":{"@type":"EntryPoint","urlTemplate":"https:\/\/www.rppiscinas.com\/pt\/?s={search_term_string}"},"query-input":"required name=search_term_string"}],"inLanguage":"pt-PT"},{"@type":"Organization","@id":"https:\/\/www.rppiscinas.com\/pt\/#organization","name":"Soleo Piscinas","url":"https:\/\/www.rppiscinas.com\/pt\/","logo":{"@type":"ImageObject","inLanguage":"pt-PT","@id":"https:\/\/www.rppiscinas.com\/pt\/#\/schema\/logo\/image\/","url":"https:\/\/www.rppiscinas.com\/pt\/wp-content\/uploads\/2025\/03\/logowebsite-1.png","contentUrl":"https:\/\/www.rppiscinas.com\/pt\/wp-content\/uploads\/2025\/03\/logowebsite-1.png","width":160,"height":75,"caption":"Soleo Piscinas"},"image":{"@id":"https:\/\/www.rppiscinas.com\/pt\/#\/schema\/logo\/image\/"},"sameAs":["https:\/\/www.facebook.com\/soleopiscinas","https:\/\/www.instagram.com\/soleopiscinas\/","https:\/\/pt.pinterest.com\/soleopiscinas\/"]}]}},"_links":{"self":[{"href":"https:\/\/www.rppiscinas.com\/pt\/wp-json\/wp\/v2\/pages\/2908"}],"collection":[{"href":"https:\/\/www.rppiscinas.com\/pt\/wp-json\/wp\/v2\/pages"}],"about":[{"href":"https:\/\/www.rppiscinas.com\/pt\/wp-json\/wp\/v2\/types\/page"}],"author":[{"embeddable":true,"href":"https:\/\/www.rppiscinas.com\/pt\/wp-json\/wp\/v2\/users\/1"}],"replies":[{"embeddable":true,"href":"https:\/\/www.rppiscinas.com\/pt\/wp-json\/wp\/v2\/comments?post=2908"}],"version-history":[{"count":64,"href":"https:\/\/www.rppiscinas.com\/pt\/wp-json\/wp\/v2\/pages\/2908\/revisions"}],"predecessor-version":[{"id":20533,"href":"https:\/\/www.rppiscinas.com\/pt\/wp-json\/wp\/v2\/pages\/2908\/revisions\/20533"}],"wp:attachment":[{"href":"https:\/\/www.rppiscinas.com\/pt\/wp-json\/wp\/v2\/media?parent=2908"}],"curies":[{"name":"wp","href":"https:\/\/api.w.org\/{rel}","templated":true}]}}