{"id":2876,"date":"2014-02-17T13:56:26","date_gmt":"2014-02-17T13:56:26","guid":{"rendered":"http:\/\/rppiscinas.com\/pt\/?page_id=2876"},"modified":"2025-03-06T12:28:14","modified_gmt":"2025-03-06T12:28:14","slug":"piscina-de-aco-overflow","status":"publish","type":"page","link":"https:\/\/www.rppiscinas.com\/pt\/piscina-de-aco-overflow\/","title":{"rendered":"Piscina de a\u00e7o OVERFLOW"},"content":{"rendered":"<div class='avia-button-wrap avia-button-left  avia-builder-el-0  el_before_av_button  avia-builder-el-first '><a href='https:\/\/www.rppiscinas.com\/pt\/caleira-finlandesa\/'  class='avia-button   avia-icon_select-no avia-color-theme-color avia-size-small avia-position-left '   ><span class='avia_iconbox_title' >T\u00e9cnica<\/span><\/a><\/div>\n<div class='avia-button-wrap avia-button-left  avia-builder-el-1  el_after_av_button  el_before_av_button '><a href='https:\/\/www.rppiscinas.com\/pt\/estrutura-piscina-oveflow\/'  class='avia-button   avia-icon_select-no avia-color-theme-color avia-size-small avia-position-left '   ><span class='avia_iconbox_title' >Estrutura<\/span><\/a><\/div>\n<div class='avia-button-wrap avia-button-left  avia-builder-el-2  el_after_av_button  el_before_av_hr '><a href='https:\/\/www.rppiscinas.com\/pt\/modelos-de-piscinas-fundos\/'  class='avia-button   avia-icon_select-no avia-color-theme-color avia-size-small avia-position-left '   ><span class='avia_iconbox_title' >Fundos<\/span><\/a><\/div>\n<div  class='hr hr-default   avia-builder-el-3  el_after_av_button  el_before_av_one_full '><span class='hr-inner ' ><span class='hr-inner-style'><\/span><\/span><\/div>\n<div class=\"flex_column av_one_full  flex_column_div first  avia-builder-el-4  el_after_av_hr  el_before_av_one_full  \" ><section class=\"av_textblock_section \"  itemscope=\"itemscope\" itemtype=\"https:\/\/schema.org\/CreativeWork\" ><div class='avia_textblock  '   itemprop=\"text\" ><h1>PISCINA DE A\u00c7O SOLEO OVERFLOW &#8211; CALEIRA FINLANDESA<\/h1>\n<p><strong>Piscina de a\u00e7o<\/strong> SOLEO OVERFLOW resultado de um m\u00e9todo de constru\u00e7\u00e3o de piscinas desenvolvido e patenteado pela RP INDUSTRIES. Este sistema \u00a0inovador permite a realiza\u00e7\u00e3o de uma piscina de a\u00e7o, no sistema de <strong>caleira finlandesa<\/strong>, com revestimento em tela armada 150\/100 ou pastilha de vidro.<\/p>\n<\/div><\/section><\/div>\n<div class=\"flex_column av_one_full  flex_column_div av-zero-column-padding first  avia-builder-el-6  el_after_av_one_full  el_before_av_hr  column-top-margin\" style='border-radius:0px; '><div class=' grid-sort-container isotope   no_margin-container with-excerpt-container grid-total-even grid-col-4 grid-links-' data-portfolio-id='1'><div data-ajax-id='2878' class=' grid-entry flex_column isotope-item all_sort no_margin post-entry post-entry-2878 grid-entry-overview grid-loop-1 grid-parity-odd  piscinas-overflow_sort  av_one_fourth first default_av_fullwidth '><article class='main_color inner-entry'  itemscope=\"itemscope\" itemtype=\"https:\/\/schema.org\/CreativeWork\" ><a href='https:\/\/www.rppiscinas.com\/pt\/portfolio-item\/dubai\/' title='Dubai'  data-rel='grid-1' class='grid-image avia-hover-fx'><img width=\"257\" height=\"183\" src=\"https:\/\/www.rppiscinas.com\/pt\/wp-content\/uploads\/2014\/02\/piscinas-soleo-overlow-dubai-destaque.jpg\" class=\"attachment-portfolio_small size-portfolio_small wp-post-image\" alt=\"Piscinas SOLEO Overflow Dubai\" decoding=\"async\" loading=\"lazy\" \/><\/a><div class='grid-content'><div class='avia-arrow'><\/div><header class=\"entry-content-header\"><h3 class='grid-entry-title entry-title'  itemprop=\"headline\" ><a href='https:\/\/www.rppiscinas.com\/pt\/portfolio-item\/dubai\/' title='Dubai'>Dubai<\/a><\/h3><\/header><\/div><footer class=\"entry-footer\"><\/footer><\/article><\/div><div data-ajax-id='2885' class=' grid-entry flex_column isotope-item all_sort no_margin post-entry post-entry-2885 grid-entry-overview grid-loop-2 grid-parity-even  piscinas-overflow_sort  av_one_fourth  default_av_fullwidth '><article class='main_color inner-entry'  itemscope=\"itemscope\" itemtype=\"https:\/\/schema.org\/CreativeWork\" ><a href='https:\/\/www.rppiscinas.com\/pt\/portfolio-item\/veneza\/' title='Veneza'  data-rel='grid-1' class='grid-image avia-hover-fx'><img width=\"257\" height=\"183\" src=\"https:\/\/www.rppiscinas.com\/pt\/wp-content\/uploads\/2014\/02\/piscinas-soleo-overflow-veneza-destaque.jpg\" class=\"attachment-portfolio_small size-portfolio_small wp-post-image\" alt=\"Piscinas SOLEO Overflow Veneza\" decoding=\"async\" loading=\"lazy\" \/><\/a><div class='grid-content'><div class='avia-arrow'><\/div><header class=\"entry-content-header\"><h3 class='grid-entry-title entry-title'  itemprop=\"headline\" ><a href='https:\/\/www.rppiscinas.com\/pt\/portfolio-item\/veneza\/' title='Veneza'>Veneza<\/a><\/h3><\/header><\/div><footer class=\"entry-footer\"><\/footer><\/article><\/div><div data-ajax-id='2890' class=' grid-entry flex_column isotope-item all_sort no_margin post-entry post-entry-2890 grid-entry-overview grid-loop-3 grid-parity-odd  piscinas-overflow_sort  av_one_fourth  default_av_fullwidth '><article class='main_color inner-entry'  itemscope=\"itemscope\" itemtype=\"https:\/\/schema.org\/CreativeWork\" ><a href='https:\/\/www.rppiscinas.com\/pt\/portfolio-item\/roma\/' title='Roma'  data-rel='grid-1' class='grid-image avia-hover-fx'><img width=\"257\" height=\"183\" src=\"https:\/\/www.rppiscinas.com\/pt\/wp-content\/uploads\/2014\/02\/piscinas-overflow-roma-destaque.jpg\" class=\"attachment-portfolio_small size-portfolio_small wp-post-image\" alt=\"\" decoding=\"async\" loading=\"lazy\" \/><\/a><div class='grid-content'><div class='avia-arrow'><\/div><header class=\"entry-content-header\"><h3 class='grid-entry-title entry-title'  itemprop=\"headline\" ><a href='https:\/\/www.rppiscinas.com\/pt\/portfolio-item\/roma\/' title='Roma'>Roma<\/a><\/h3><\/header><\/div><footer class=\"entry-footer\"><\/footer><\/article><\/div><div data-ajax-id='2893' class=' grid-entry flex_column isotope-item all_sort no_margin post-entry post-entry-2893 grid-entry-overview grid-loop-4 grid-parity-even  post-entry-last  piscinas-overflow_sort  av_one_fourth  default_av_fullwidth '><article class='main_color inner-entry'  itemscope=\"itemscope\" itemtype=\"https:\/\/schema.org\/CreativeWork\" ><a href='https:\/\/www.rppiscinas.com\/pt\/portfolio-item\/goa\/' title='Goa'  data-rel='grid-1' class='grid-image avia-hover-fx'><img width=\"257\" height=\"183\" src=\"https:\/\/www.rppiscinas.com\/pt\/wp-content\/uploads\/2014\/02\/piscinas-overflow-goa-destaque.jpg\" class=\"attachment-portfolio_small size-portfolio_small wp-post-image\" alt=\"Piscinas SOLEO Overflow Goa\" decoding=\"async\" loading=\"lazy\" \/><\/a><div class='grid-content'><div class='avia-arrow'><\/div><header class=\"entry-content-header\"><h3 class='grid-entry-title entry-title'  itemprop=\"headline\" ><a href='https:\/\/www.rppiscinas.com\/pt\/portfolio-item\/goa\/' title='Goa'>Goa<\/a><\/h3><\/header><\/div><footer class=\"entry-footer\"><\/footer><\/article><\/div><\/div><\/div>\n<div  class='hr hr-short hr-center   avia-builder-el-8  el_after_av_one_full  el_before_av_hr '><span class='hr-inner ' ><span class='hr-inner-style'><\/span><\/span><\/div>\n<div  class='hr hr-default   avia-builder-el-9  el_after_av_hr  el_before_av_one_full '><span class='hr-inner ' ><span class='hr-inner-style'><\/span><\/span><\/div>\n<div class=\"flex_column av_one_full  flex_column_div first  avia-builder-el-10  el_after_av_hr  avia-builder-el-last  \" ><section class=\"av_textblock_section \"  itemscope=\"itemscope\" itemtype=\"https:\/\/schema.org\/CreativeWork\" ><div class='avia_textblock  '   itemprop=\"text\" ><p><strong>PISCINA DE A\u00c7O SOLEO OVERFLOW &#8211; SISTEMA PATENTEADO<\/strong><\/p>\n<p>Mais do que uma novidade, esta inova\u00e7\u00e3o tecnol\u00f3gica desenvolvida pela RP INDUSTRIES em exclusivo para as <strong>piscinas SOLEO<\/strong> ir\u00e1 mudar por completo a sua forma de ver uma piscina. Na realidade, o novo <strong>perfil HUNG<\/strong> em alum\u00ednio aplicado \u00e0 fixa\u00e7\u00e3o especial do liner permite obter uma <strong>piscina de a\u00e7o<\/strong> em espelho de \u00e1gua de grande beleza est\u00e9tica. \u00c9 gra\u00e7as a esta inova\u00e7\u00e3o tecnol\u00f3gica da fixa\u00e7\u00e3o do liner e das caleiras em a\u00e7o revestidas em PVC que \u00e9 poss\u00edvel a constru\u00e7\u00e3o de uma <strong>piscina de a\u00e7o OVERFLOW<\/strong> em apenas 7 a 8 dias.<\/p>\n<p>A tecnologia utilizada na piscina de a\u00e7o OVERFLOW baseia-se no conceito SOLEO (a\u00e7o + bet\u00e3o + tela), o que permite evitar os problemas normalmente associados \u00e0s t\u00e9cnicas tradicionais de bet\u00e3o, que obrigam a manuten\u00e7\u00f5es e repara\u00e7\u00f5es regulares, implicando custos elevados e de durabilidade reduzida.<\/p>\n<p>Al\u00e9m disso, as atividades s\u00edsmicas, a compacta\u00e7\u00e3o natural das terras e a amplitude t\u00e9rmica s\u00e3o fen\u00f3menos que a estrutura SOLEO suporta sem sofrer danos, tudo gra\u00e7as \u00e0 sua tecnologia antiss\u00edsmica e flex\u00edvel.<\/p>\n<\/div><\/section><\/div>\n","protected":false},"excerpt":{"rendered":"","protected":false},"author":1,"featured_media":0,"parent":0,"menu_order":0,"comment_status":"open","ping_status":"open","template":"","meta":[],"yoast_head":"<!-- This site is optimized with the Yoast SEO plugin v20.3 - https:\/\/yoast.com\/wordpress\/plugins\/seo\/ -->\n<title>Piscina de a\u00e7o SOLEO Overflow | RP Industries Piscinas<\/title>\n<meta name=\"description\" content=\"Piscina de a\u00e7o SOLEO OVERFLOW para a constru\u00e7\u00e3o de uma piscina de caleira finlandesa que alia a robustez de uma piscina de a\u00e7o \u00e0 versatilidade do liner.\" \/>\n<meta name=\"robots\" content=\"index, follow, max-snippet:-1, max-image-preview:large, max-video-preview:-1\" \/>\n<link rel=\"canonical\" href=\"https:\/\/www.rppiscinas.com\/pt\/piscina-de-aco-overflow\/\" \/>\n<meta property=\"og:locale\" content=\"pt_PT\" \/>\n<meta property=\"og:type\" content=\"article\" \/>\n<meta property=\"og:title\" content=\"Piscina de a\u00e7o SOLEO Overflow | RP Industries Piscinas\" \/>\n<meta property=\"og:description\" content=\"Piscina de a\u00e7o SOLEO OVERFLOW para a constru\u00e7\u00e3o de uma piscina de caleira finlandesa que alia a robustez de uma piscina de a\u00e7o \u00e0 versatilidade do liner.\" \/>\n<meta property=\"og:url\" content=\"https:\/\/www.rppiscinas.com\/pt\/piscina-de-aco-overflow\/\" \/>\n<meta property=\"og:site_name\" content=\"Soleo Piscinas\" \/>\n<meta property=\"article:publisher\" content=\"https:\/\/www.facebook.com\/soleopiscinas\" \/>\n<meta property=\"article:modified_time\" content=\"2025-03-06T12:28:14+00:00\" \/>\n<meta property=\"og:image\" content=\"https:\/\/www.rppiscinas.com\/pt\/wp-content\/uploads\/2018\/06\/piscina1.jpg\" \/>\n\t<meta property=\"og:image:width\" content=\"1200\" \/>\n\t<meta property=\"og:image:height\" content=\"603\" \/>\n\t<meta property=\"og:image:type\" content=\"image\/jpeg\" \/>\n<meta name=\"twitter:label1\" content=\"Tempo estimado de leitura\" \/>\n\t<meta name=\"twitter:data1\" content=\"2 minutos\" \/>\n<script type=\"application\/ld+json\" class=\"yoast-schema-graph\">{\"@context\":\"https:\/\/schema.org\",\"@graph\":[{\"@type\":\"WebPage\",\"@id\":\"https:\/\/www.rppiscinas.com\/pt\/piscina-de-aco-overflow\/\",\"url\":\"https:\/\/www.rppiscinas.com\/pt\/piscina-de-aco-overflow\/\",\"name\":\"Piscina de a\u00e7o SOLEO Overflow | RP Industries Piscinas\",\"isPartOf\":{\"@id\":\"https:\/\/www.rppiscinas.com\/pt\/#website\"},\"datePublished\":\"2014-02-17T13:56:26+00:00\",\"dateModified\":\"2025-03-06T12:28:14+00:00\",\"description\":\"Piscina de a\u00e7o SOLEO OVERFLOW para a constru\u00e7\u00e3o de uma piscina de caleira finlandesa que alia a robustez de uma piscina de a\u00e7o \u00e0 versatilidade do liner.\",\"breadcrumb\":{\"@id\":\"https:\/\/www.rppiscinas.com\/pt\/piscina-de-aco-overflow\/#breadcrumb\"},\"inLanguage\":\"pt-PT\",\"potentialAction\":[{\"@type\":\"ReadAction\",\"target\":[\"https:\/\/www.rppiscinas.com\/pt\/piscina-de-aco-overflow\/\"]}]},{\"@type\":\"BreadcrumbList\",\"@id\":\"https:\/\/www.rppiscinas.com\/pt\/piscina-de-aco-overflow\/#breadcrumb\",\"itemListElement\":[{\"@type\":\"ListItem\",\"position\":1,\"name\":\"Home\",\"item\":\"https:\/\/www.rppiscinas.com\/pt\/\"},{\"@type\":\"ListItem\",\"position\":2,\"name\":\"Piscina de a\u00e7o OVERFLOW\"}]},{\"@type\":\"WebSite\",\"@id\":\"https:\/\/www.rppiscinas.com\/pt\/#website\",\"url\":\"https:\/\/www.rppiscinas.com\/pt\/\",\"name\":\"Soleo Piscinas\",\"description\":\"Mais do que uma piscina\",\"publisher\":{\"@id\":\"https:\/\/www.rppiscinas.com\/pt\/#organization\"},\"alternateName\":\"Soleo Piscinas\",\"potentialAction\":[{\"@type\":\"SearchAction\",\"target\":{\"@type\":\"EntryPoint\",\"urlTemplate\":\"https:\/\/www.rppiscinas.com\/pt\/?s={search_term_string}\"},\"query-input\":\"required name=search_term_string\"}],\"inLanguage\":\"pt-PT\"},{\"@type\":\"Organization\",\"@id\":\"https:\/\/www.rppiscinas.com\/pt\/#organization\",\"name\":\"Soleo Piscinas\",\"url\":\"https:\/\/www.rppiscinas.com\/pt\/\",\"logo\":{\"@type\":\"ImageObject\",\"inLanguage\":\"pt-PT\",\"@id\":\"https:\/\/www.rppiscinas.com\/pt\/#\/schema\/logo\/image\/\",\"url\":\"https:\/\/www.rppiscinas.com\/pt\/wp-content\/uploads\/2025\/03\/logowebsite-1.png\",\"contentUrl\":\"https:\/\/www.rppiscinas.com\/pt\/wp-content\/uploads\/2025\/03\/logowebsite-1.png\",\"width\":160,\"height\":75,\"caption\":\"Soleo Piscinas\"},\"image\":{\"@id\":\"https:\/\/www.rppiscinas.com\/pt\/#\/schema\/logo\/image\/\"},\"sameAs\":[\"https:\/\/www.facebook.com\/soleopiscinas\",\"https:\/\/www.instagram.com\/soleopiscinas\/\",\"https:\/\/pt.pinterest.com\/soleopiscinas\/\"]}]}<\/script>\n<!-- \/ Yoast SEO plugin. -->","yoast_head_json":{"title":"Piscina de a\u00e7o SOLEO Overflow | RP Industries Piscinas","description":"Piscina de a\u00e7o SOLEO OVERFLOW para a constru\u00e7\u00e3o de uma piscina de caleira finlandesa que alia a robustez de uma piscina de a\u00e7o \u00e0 versatilidade do liner.","robots":{"index":"index","follow":"follow","max-snippet":"max-snippet:-1","max-image-preview":"max-image-preview:large","max-video-preview":"max-video-preview:-1"},"canonical":"https:\/\/www.rppiscinas.com\/pt\/piscina-de-aco-overflow\/","og_locale":"pt_PT","og_type":"article","og_title":"Piscina de a\u00e7o SOLEO Overflow | RP Industries Piscinas","og_description":"Piscina de a\u00e7o SOLEO OVERFLOW para a constru\u00e7\u00e3o de uma piscina de caleira finlandesa que alia a robustez de uma piscina de a\u00e7o \u00e0 versatilidade do liner.","og_url":"https:\/\/www.rppiscinas.com\/pt\/piscina-de-aco-overflow\/","og_site_name":"Soleo Piscinas","article_publisher":"https:\/\/www.facebook.com\/soleopiscinas","article_modified_time":"2025-03-06T12:28:14+00:00","og_image":[{"width":1200,"height":603,"url":"https:\/\/www.rppiscinas.com\/pt\/wp-content\/uploads\/2018\/06\/piscina1.jpg","type":"image\/jpeg"}],"twitter_misc":{"Tempo estimado de leitura":"2 minutos"},"schema":{"@context":"https:\/\/schema.org","@graph":[{"@type":"WebPage","@id":"https:\/\/www.rppiscinas.com\/pt\/piscina-de-aco-overflow\/","url":"https:\/\/www.rppiscinas.com\/pt\/piscina-de-aco-overflow\/","name":"Piscina de a\u00e7o SOLEO Overflow | RP Industries Piscinas","isPartOf":{"@id":"https:\/\/www.rppiscinas.com\/pt\/#website"},"datePublished":"2014-02-17T13:56:26+00:00","dateModified":"2025-03-06T12:28:14+00:00","description":"Piscina de a\u00e7o SOLEO OVERFLOW para a constru\u00e7\u00e3o de uma piscina de caleira finlandesa que alia a robustez de uma piscina de a\u00e7o \u00e0 versatilidade do liner.","breadcrumb":{"@id":"https:\/\/www.rppiscinas.com\/pt\/piscina-de-aco-overflow\/#breadcrumb"},"inLanguage":"pt-PT","potentialAction":[{"@type":"ReadAction","target":["https:\/\/www.rppiscinas.com\/pt\/piscina-de-aco-overflow\/"]}]},{"@type":"BreadcrumbList","@id":"https:\/\/www.rppiscinas.com\/pt\/piscina-de-aco-overflow\/#breadcrumb","itemListElement":[{"@type":"ListItem","position":1,"name":"Home","item":"https:\/\/www.rppiscinas.com\/pt\/"},{"@type":"ListItem","position":2,"name":"Piscina de a\u00e7o OVERFLOW"}]},{"@type":"WebSite","@id":"https:\/\/www.rppiscinas.com\/pt\/#website","url":"https:\/\/www.rppiscinas.com\/pt\/","name":"Soleo Piscinas","description":"Mais do que uma piscina","publisher":{"@id":"https:\/\/www.rppiscinas.com\/pt\/#organization"},"alternateName":"Soleo Piscinas","potentialAction":[{"@type":"SearchAction","target":{"@type":"EntryPoint","urlTemplate":"https:\/\/www.rppiscinas.com\/pt\/?s={search_term_string}"},"query-input":"required name=search_term_string"}],"inLanguage":"pt-PT"},{"@type":"Organization","@id":"https:\/\/www.rppiscinas.com\/pt\/#organization","name":"Soleo Piscinas","url":"https:\/\/www.rppiscinas.com\/pt\/","logo":{"@type":"ImageObject","inLanguage":"pt-PT","@id":"https:\/\/www.rppiscinas.com\/pt\/#\/schema\/logo\/image\/","url":"https:\/\/www.rppiscinas.com\/pt\/wp-content\/uploads\/2025\/03\/logowebsite-1.png","contentUrl":"https:\/\/www.rppiscinas.com\/pt\/wp-content\/uploads\/2025\/03\/logowebsite-1.png","width":160,"height":75,"caption":"Soleo Piscinas"},"image":{"@id":"https:\/\/www.rppiscinas.com\/pt\/#\/schema\/logo\/image\/"},"sameAs":["https:\/\/www.facebook.com\/soleopiscinas","https:\/\/www.instagram.com\/soleopiscinas\/","https:\/\/pt.pinterest.com\/soleopiscinas\/"]}]}},"_links":{"self":[{"href":"https:\/\/www.rppiscinas.com\/pt\/wp-json\/wp\/v2\/pages\/2876"}],"collection":[{"href":"https:\/\/www.rppiscinas.com\/pt\/wp-json\/wp\/v2\/pages"}],"about":[{"href":"https:\/\/www.rppiscinas.com\/pt\/wp-json\/wp\/v2\/types\/page"}],"author":[{"embeddable":true,"href":"https:\/\/www.rppiscinas.com\/pt\/wp-json\/wp\/v2\/users\/1"}],"replies":[{"embeddable":true,"href":"https:\/\/www.rppiscinas.com\/pt\/wp-json\/wp\/v2\/comments?post=2876"}],"version-history":[{"count":19,"href":"https:\/\/www.rppiscinas.com\/pt\/wp-json\/wp\/v2\/pages\/2876\/revisions"}],"predecessor-version":[{"id":20567,"href":"https:\/\/www.rppiscinas.com\/pt\/wp-json\/wp\/v2\/pages\/2876\/revisions\/20567"}],"wp:attachment":[{"href":"https:\/\/www.rppiscinas.com\/pt\/wp-json\/wp\/v2\/media?parent=2876"}],"curies":[{"name":"wp","href":"https:\/\/api.w.org\/{rel}","templated":true}]}}