{"id":21262,"date":"2025-07-10T16:33:10","date_gmt":"2025-07-10T16:33:10","guid":{"rendered":"https:\/\/www.rppiscinas.com\/pt\/?page_id=21262"},"modified":"2025-07-31T08:15:05","modified_gmt":"2025-07-31T08:15:05","slug":"campanha-prevencao-afogamentos-piscina","status":"publish","type":"page","link":"https:\/\/www.rppiscinas.com\/pt\/campanha-prevencao-afogamentos-piscina\/","title":{"rendered":"Com os reflexos certos, tudo corre\u00a0bem"},"content":{"rendered":"<div id='layer_slider_1' class='avia-layerslider main_color avia-shadow  avia-builder-el-0  el_before_av_section  avia-builder-el-first  container_wrap fullsize' style='  height: 651px;' ><\/div>\n<div id='av_section_1' class='avia-section main_color avia-section-default avia-no-border-styling avia-bg-style-scroll  avia-builder-el-1  el_after_av_layerslider  el_before_av_section    av-minimum-height av-minimum-height-75 container_wrap fullsize' style=' '  ><div class='av-section-color-overlay-wrap'><a href='#next-section' title='' class='scroll-down-link  av-custom-scroll-down-color' style='color: #242143;' aria-hidden='true' data-av_icon='\ue877' data-av_iconfont='entypo-fontello'><\/a><div class='container' ><div class='template-page content  av-content-full alpha units'><div class='post-entry post-entry-type-page post-entry-21262'><div class='entry-content-wrapper clearfix'>\n<div class=\"flex_column av_one_full  av-animated-generic fade-in  flex_column_div av-zero-column-padding first  avia-builder-el-2  avia-builder-el-no-sibling   \" style='border-radius:0px; '><section class=\"av_textblock_section \"  itemscope=\"itemscope\" itemtype=\"https:\/\/schema.org\/CreativeWork\" ><div class='avia_textblock  '   itemprop=\"text\" ><h1 style=\"text-align: center;\">A import\u00e2ncia de refor\u00e7ar<br \/>\na seguran\u00e7a junto \u00e0 piscina<\/h1>\n<\/div><\/section><br \/>\n<div style='height:30px' class='hr hr-invisible   avia-builder-el-4  el_after_av_textblock  el_before_av_textblock  '><span class='hr-inner ' ><span class='hr-inner-style'><\/span><\/span><\/div><br \/>\n<section class=\"av_textblock_section \"  itemscope=\"itemscope\" itemtype=\"https:\/\/schema.org\/CreativeWork\" ><div class='avia_textblock  '   itemprop=\"text\" ><p style=\"text-align: center;\">Com a chegada dos dias quentes, regressam tamb\u00e9m os prazeres da nata\u00e7\u00e3o, do conv\u00edvio em fam\u00edlia e dos mergulhos refrescantes. Mas esta \u00e9poca, que deve ser sin\u00f3nimo de alegria, exige tamb\u00e9m responsabilidade. Por isso, a <strong data-start=\"461\" data-end=\"470\">SOLEO<\/strong> faz quest\u00e3o de relembrar a todos os propriet\u00e1rios de piscinas a import\u00e2ncia de garantir a <strong data-start=\"561\" data-end=\"610\">seguran\u00e7a em redor de todos os pontos de \u00e1gua<\/strong>, principalmente quando h\u00e1 crian\u00e7as por perto.<\/p>\n<\/div><\/section><\/p><\/div><\/div><\/div><\/div><!-- close content main div --><\/div><\/div><\/div><div id='av_section_2' class='avia-section main_color avia-section-small avia-no-border-styling avia-bg-style-scroll  avia-builder-el-6  el_after_av_section  el_before_av_section    av-minimum-height av-minimum-height-75 container_wrap fullsize' style='background-repeat: no-repeat; background-image: url(https:\/\/www.rppiscinas.com\/pt\/wp-content\/uploads\/2025\/07\/teste1234.png);background-attachment: scroll; background-position: bottom center;  '  data-section-bg-repeat='no-repeat'><div class='container' ><div class='template-page content  av-content-full alpha units'><div class='post-entry post-entry-type-page post-entry-21262'><div class='entry-content-wrapper clearfix'>\n<div class=\"flex_column av_one_full  av-animated-generic right-to-left  flex_column_div av-zero-column-padding first  avia-builder-el-7  el_before_av_one_third  avia-builder-el-first   \" style='border-radius:0px; '><section class=\"av_textblock_section \"  itemscope=\"itemscope\" itemtype=\"https:\/\/schema.org\/CreativeWork\" ><div class='avia_textblock  av_inherit_color '  style='font-size:35px; color:#ffffff; '  itemprop=\"text\" ><h1 style=\"text-align: right;\">Prevenir \u00e9 proteger<\/h1>\n<h6 style=\"text-align: right;\">Boas pr\u00e1ticas para a seguran\u00e7a em piscinas privadas<\/h6>\n<\/div><\/section><br \/>\n<div style='height:60px' class='hr hr-invisible   avia-builder-el-9  el_after_av_textblock  avia-builder-el-last  '><span class='hr-inner ' ><span class='hr-inner-style'><\/span><\/span><\/div><\/p><\/div><div class=\"flex_column av_one_third  flex_column_div av-zero-column-padding first  avia-builder-el-10  el_after_av_one_full  el_before_av_two_third  column-top-margin\" style='border-radius:0px; '><\/div><div class=\"flex_column av_two_third  av-animated-generic right-to-left  flex_column_div av-zero-column-padding   avia-builder-el-11  el_after_av_one_third  avia-builder-el-last   column-top-margin\" style='border-radius:0px; '><section class=\"av_textblock_section \"  itemscope=\"itemscope\" itemtype=\"https:\/\/schema.org\/CreativeWork\" ><div class='avia_textblock  av_inherit_color '  style='color:#ffffff; '  itemprop=\"text\" ><p style=\"text-align: right;\">A maioria dos afogamentos com crian\u00e7as acontece na presen\u00e7a de adultos. A distra\u00e7\u00e3o por breves segundos, a aus\u00eancia de barreiras ou o excesso de confian\u00e7a podem transformar um momento de lazer numa trag\u00e9dia. Por isso, partilhamos consigo um conjunto de recomenda\u00e7\u00f5es pr\u00e1ticas e eficazes que todos os propriet\u00e1rios devem seguir.<\/p>\n<\/div><\/section><\/div><\/div><\/div><\/div><!-- close content main div --><\/div><\/div><div id='av_section_3' class='avia-section main_color avia-section-default avia-no-border-styling avia-bg-style-scroll  avia-builder-el-13  el_after_av_section  el_before_av_section   container_wrap fullsize' style=' '  ><div class='container' ><div class='template-page content  av-content-full alpha units'><div class='post-entry post-entry-type-page post-entry-21262'><div class='entry-content-wrapper clearfix'>\n<div class=\"flex_column av_three_fifth  av-animated-generic left-to-right  flex_column_div av-zero-column-padding first  avia-builder-el-14  el_before_av_two_fifth  avia-builder-el-first   \" style='border-radius:0px; '><section class=\"av_textblock_section \"  itemscope=\"itemscope\" itemtype=\"https:\/\/schema.org\/CreativeWork\" ><div class='avia_textblock  '   itemprop=\"text\" ><h3 style=\"text-align: left;\">Bons reflexos que fazem a diferen\u00e7a<\/h3>\n<\/div><\/section><br \/>\n<section class=\"av_textblock_section \"  itemscope=\"itemscope\" itemtype=\"https:\/\/schema.org\/CreativeWork\" ><div class='avia_textblock  '   itemprop=\"text\" ><ul>\n<li data-start=\"924\" data-end=\"1066\"><strong>Supervis\u00e3o ativa e sem distra\u00e7\u00f5es<\/strong><br data-start=\"977\" data-end=\"980\" \/>Um adulto deve vigiar constantemente a piscina. Evite distra\u00e7\u00f5es como telem\u00f3veis, livros ou conversas longas.<\/li>\n<li data-start=\"924\" data-end=\"1066\"><strong data-start=\"326\" data-end=\"380\">Piscinas adequadas \u00e0 idade e capacidade da crian\u00e7a<\/strong><br data-start=\"380\" data-end=\"383\" \/>Garanta que a profundidade \u00e9 apropriada e que a crian\u00e7a sabe nadar nesse contexto.<\/li>\n<li data-start=\"924\" data-end=\"1066\"><strong>Educa\u00e7\u00e3o desde cedo sobre regras de seguran\u00e7a<\/strong><br data-start=\"1225\" data-end=\"1228\" \/>Ensine a nadar, a n\u00e3o correr, n\u00e3o empurrar e a pedir ajuda em vez de tentar socorrer.<\/li>\n<li data-start=\"924\" data-end=\"1066\"><strong>Elimine riscos visuais e f\u00edsicos ap\u00f3s o banho<\/strong><br data-start=\"1344\" data-end=\"1347\" \/>Retire brinquedos e objetos da \u00e1gua que possam atrair a crian\u00e7a de volta.<\/li>\n<li data-start=\"924\" data-end=\"1066\"><strong>Guarde todos os produtos qu\u00edmicos em seguran\u00e7a<\/strong><br data-start=\"1501\" data-end=\"1504\" \/>Mantenha os produtos de tratamento fora do alcance de crian\u00e7as.<\/li>\n<\/ul>\n<\/div><\/section><\/p><\/div><div class=\"flex_column av_two_fifth  flex_column_div av-zero-column-padding   avia-builder-el-17  el_after_av_three_fifth  avia-builder-el-last  \" style='border-radius:0px; '><div class='avia-image-container avia_animated_image avia_animate_when_almost_visible fade-in av-styling-   av-small-hide av-mini-hide  avia-builder-el-18  avia-builder-el-no-sibling   avia-align-center '  itemprop=\"image\" itemscope=\"itemscope\" itemtype=\"https:\/\/schema.org\/ImageObject\"  ><div class='avia-image-container-inner'><div class='avia-image-overlay-wrap'><img class='avia_image' src='https:\/\/www.rppiscinas.com\/pt\/wp-content\/uploads\/2025\/07\/2-3-300x300.png' alt='' title='2' height=\"300\" width=\"300\"  itemprop=\"thumbnailUrl\"  \/><\/div><\/div><\/div><\/div><\/div><\/div><\/div><!-- close content main div --><\/div><\/div><div id='av_section_4' class='avia-section main_color avia-section-default avia-no-border-styling avia-bg-style-scroll  avia-builder-el-19  el_after_av_section  el_before_av_section   container_wrap fullsize' style=' '  ><div class='container' ><div class='template-page content  av-content-full alpha units'><div class='post-entry post-entry-type-page post-entry-21262'><div class='entry-content-wrapper clearfix'>\n<div class=\"flex_column av_two_fifth  flex_column_div av-zero-column-padding first  avia-builder-el-20  el_before_av_three_fifth  avia-builder-el-first  \" style='border-radius:0px; '><div class='avia-image-container avia_animated_image avia_animate_when_almost_visible fade-in av-styling-   av-small-hide av-mini-hide  avia-builder-el-21  avia-builder-el-no-sibling   avia-align-center '  itemprop=\"image\" itemscope=\"itemscope\" itemtype=\"https:\/\/schema.org\/ImageObject\"  ><div class='avia-image-container-inner'><div class='avia-image-overlay-wrap'><img class='avia_image' src='https:\/\/www.rppiscinas.com\/pt\/wp-content\/uploads\/2025\/07\/1-1-300x300.png' alt='' title='1' height=\"300\" width=\"300\"  itemprop=\"thumbnailUrl\"  \/><\/div><\/div><\/div><\/div><div class=\"flex_column av_three_fifth  av-animated-generic right-to-left  flex_column_div av-zero-column-padding   avia-builder-el-22  el_after_av_two_fifth  avia-builder-el-last   \" style='border-radius:0px; '><section class=\"av_textblock_section \"  itemscope=\"itemscope\" itemtype=\"https:\/\/schema.org\/CreativeWork\" ><div class='avia_textblock  '   itemprop=\"text\" ><h3 style=\"text-align: left;\">Materiais que refor\u00e7am a seguran\u00e7a<\/h3>\n<\/div><\/section><br \/>\n<section class=\"av_textblock_section \"  itemscope=\"itemscope\" itemtype=\"https:\/\/schema.org\/CreativeWork\" ><div class='avia_textblock  '   itemprop=\"text\" ><ul>\n<li data-start=\"924\" data-end=\"1066\"><strong data-start=\"924\" data-end=\"977\">Equipamento de flutua\u00e7\u00e3o apropriado \u00e0 idade e uso<\/strong><br data-start=\"977\" data-end=\"980\" \/>Coletes, bra\u00e7adeiras ou fatos de flutua\u00e7\u00e3o s\u00e3o essenciais para quem n\u00e3o sabe nadar.<\/li>\n<li data-start=\"924\" data-end=\"1066\"><strong data-start=\"1071\" data-end=\"1112\">Dispositivos de emerg\u00eancia acess\u00edveis<\/strong><br data-start=\"1112\" data-end=\"1115\" \/>Boia salva-vidas e mastro devem estar sempre dispon\u00edveis junto \u00e0 piscina.<\/li>\n<li data-start=\"924\" data-end=\"1066\"><strong data-start=\"1196\" data-end=\"1225\">Telefone sempre por perto<\/strong><br data-start=\"1225\" data-end=\"1228\" \/>Tenha um telem\u00f3vel \u00e0 m\u00e3o para contactar o 112 de imediato, se necess\u00e1rio.<\/li>\n<li data-start=\"924\" data-end=\"1066\"><strong data-start=\"1309\" data-end=\"1344\">Sa\u00edda f\u00e1cil e segura da piscina<\/strong><br data-start=\"1344\" data-end=\"1347\" \/>Use escadas bem fixas ou zonas de pouca profundidade para facilitar a sa\u00edda da \u00e1gua.<\/li>\n<li data-start=\"924\" data-end=\"1066\"><strong data-start=\"1439\" data-end=\"1501\">Restabele\u00e7a as barreiras de seguran\u00e7a ap\u00f3s cada utiliza\u00e7\u00e3o<\/strong><br data-start=\"1501\" data-end=\"1504\" \/>Ative alarmes, tranque barreiras e feche coberturas sem nunca substituir a supervis\u00e3o adulta.<\/li>\n<\/ul>\n<\/div><\/section><\/p><\/div><\/div><\/div><\/div><!-- close content main div --><\/div><\/div><div id='av_section_5' class='avia-section main_color avia-section-small avia-no-border-styling avia-bg-style-scroll  avia-builder-el-25  el_after_av_section  avia-builder-el-last    av-minimum-height av-minimum-height-75 container_wrap fullsize' style='background-repeat: no-repeat; background-image: url(https:\/\/www.rppiscinas.com\/pt\/wp-content\/uploads\/2025\/07\/teste2.png);background-attachment: scroll; background-position: bottom center;  '  data-section-bg-repeat='no-repeat'><div class='container' ><div class='template-page content  av-content-full alpha units'><div class='post-entry post-entry-type-page post-entry-21262'><div class='entry-content-wrapper clearfix'>\n<div class=\"flex_column av_one_full  av-animated-generic left-to-right  flex_column_div av-zero-column-padding first  avia-builder-el-26  el_before_av_two_third  avia-builder-el-first   \" style='border-radius:0px; '><section class=\"av_textblock_section \"  itemscope=\"itemscope\" itemtype=\"https:\/\/schema.org\/CreativeWork\" ><div class='avia_textblock  av_inherit_color '  style='font-size:35px; color:#ffffff; '  itemprop=\"text\" ><h1 style=\"text-align: left;\">A seguran\u00e7a tamb\u00e9m<br \/>\nfaz parte da experi\u00eancia<\/h1>\n<\/div><\/section><br \/>\n<div style='height:60px' class='hr hr-invisible   avia-builder-el-28  el_after_av_textblock  avia-builder-el-last  '><span class='hr-inner ' ><span class='hr-inner-style'><\/span><\/span><\/div><\/p><\/div><div class=\"flex_column av_two_third  av-animated-generic left-to-right  flex_column_div av-zero-column-padding first  avia-builder-el-29  el_after_av_one_full  el_before_av_one_third   column-top-margin\" style='border-radius:0px; '><section class=\"av_textblock_section \"  itemscope=\"itemscope\" itemtype=\"https:\/\/schema.org\/CreativeWork\" ><div class='avia_textblock  av_inherit_color '  style='color:#ffffff; '  itemprop=\"text\" ><p data-start=\"320\" data-end=\"540\">Na SOLEO, acreditamos que construir uma piscina vai muito al\u00e9m da obra f\u00edsica. Envolve criar momentos felizes com a sua fam\u00edlia e garantir que esses momentos s\u00e3o vividos com tranquilidade, responsabilidade e seguran\u00e7a.<\/p>\n<p data-start=\"542\" data-end=\"835\">Ao adotarmos pr\u00e1ticas conscientes, protegemos n\u00e3o s\u00f3 quem amamos, mas tamb\u00e9m cultivamos uma cultura de preven\u00e7\u00e3o que pode salvar vidas. \u00c9 este o nosso compromisso com cada cliente: oferecer n\u00e3o s\u00f3 um produto de excel\u00eancia, mas tamb\u00e9m informa\u00e7\u00e3o e orienta\u00e7\u00e3o que fazem a diferen\u00e7a no dia a dia.<\/p>\n<p data-start=\"542\" data-end=\"835\">Porque juntos conseguimos prevenir.<br data-start=\"948\" data-end=\"951\" \/>Porque proteger \u00e9 cuidar.<br data-start=\"976\" data-end=\"979\" \/>Porque a seguran\u00e7a deve mergulhar com a sua fam\u00edlia, todos os ver\u00f5es.<\/p>\n<p data-start=\"542\" data-end=\"835\"><strong data-start=\"845\" data-end=\"910\">Partilhe esta informa\u00e7\u00e3o com quem tem piscina ou filhos pequenos e ajude a criar um ambiente seguro para todos.<\/strong><\/p>\n<\/div><\/section><\/div><div class=\"flex_column av_one_third  flex_column_div av-zero-column-padding   avia-builder-el-31  el_after_av_two_third  avia-builder-el-last  column-top-margin\" style='border-radius:0px; '><\/div><\/p>\n","protected":false},"excerpt":{"rendered":"","protected":false},"author":1,"featured_media":0,"parent":0,"menu_order":0,"comment_status":"closed","ping_status":"closed","template":"","meta":[],"yoast_head":"<!-- This site is optimized with the Yoast SEO plugin v20.3 - https:\/\/yoast.com\/wordpress\/plugins\/seo\/ -->\n<title>Com os reflexos certos, tudo corre\u00a0bem - Soleo Piscinas<\/title>\n<meta name=\"description\" content=\"A SOLEO faz quest\u00e3o de relembrar a todos os propriet\u00e1rios de piscinas a import\u00e2ncia de garantir a seguran\u00e7a nas piscinas.\" \/>\n<meta name=\"robots\" content=\"index, follow, max-snippet:-1, max-image-preview:large, max-video-preview:-1\" \/>\n<link rel=\"canonical\" href=\"https:\/\/www.rppiscinas.com\/pt\/campanha-prevencao-afogamentos-piscina\/\" \/>\n<meta property=\"og:locale\" content=\"pt_PT\" \/>\n<meta property=\"og:type\" content=\"article\" \/>\n<meta property=\"og:title\" content=\"Com os reflexos certos, tudo corre\u00a0bem - Soleo Piscinas\" \/>\n<meta property=\"og:description\" content=\"A SOLEO faz quest\u00e3o de relembrar a todos os propriet\u00e1rios de piscinas a import\u00e2ncia de garantir a seguran\u00e7a nas piscinas.\" \/>\n<meta property=\"og:url\" content=\"https:\/\/www.rppiscinas.com\/pt\/campanha-prevencao-afogamentos-piscina\/\" \/>\n<meta property=\"og:site_name\" content=\"Soleo Piscinas\" \/>\n<meta property=\"article:publisher\" content=\"https:\/\/www.facebook.com\/soleopiscinas\" \/>\n<meta property=\"article:modified_time\" content=\"2025-07-31T08:15:05+00:00\" \/>\n<meta property=\"og:image\" content=\"https:\/\/www.rppiscinas.com\/pt\/wp-content\/uploads\/2018\/06\/piscina1.jpg\" \/>\n\t<meta property=\"og:image:width\" content=\"1200\" \/>\n\t<meta property=\"og:image:height\" content=\"603\" \/>\n\t<meta property=\"og:image:type\" content=\"image\/jpeg\" \/>\n<meta name=\"twitter:label1\" content=\"Tempo estimado de leitura\" \/>\n\t<meta name=\"twitter:data1\" content=\"7 minutos\" \/>\n<script type=\"application\/ld+json\" class=\"yoast-schema-graph\">{\"@context\":\"https:\/\/schema.org\",\"@graph\":[{\"@type\":\"WebPage\",\"@id\":\"https:\/\/www.rppiscinas.com\/pt\/campanha-prevencao-afogamentos-piscina\/\",\"url\":\"https:\/\/www.rppiscinas.com\/pt\/campanha-prevencao-afogamentos-piscina\/\",\"name\":\"Com os reflexos certos, tudo corre\u00a0bem - Soleo Piscinas\",\"isPartOf\":{\"@id\":\"https:\/\/www.rppiscinas.com\/pt\/#website\"},\"datePublished\":\"2025-07-10T16:33:10+00:00\",\"dateModified\":\"2025-07-31T08:15:05+00:00\",\"description\":\"A SOLEO faz quest\u00e3o de relembrar a todos os propriet\u00e1rios de piscinas a import\u00e2ncia de garantir a seguran\u00e7a nas piscinas.\",\"breadcrumb\":{\"@id\":\"https:\/\/www.rppiscinas.com\/pt\/campanha-prevencao-afogamentos-piscina\/#breadcrumb\"},\"inLanguage\":\"pt-PT\",\"potentialAction\":[{\"@type\":\"ReadAction\",\"target\":[\"https:\/\/www.rppiscinas.com\/pt\/campanha-prevencao-afogamentos-piscina\/\"]}]},{\"@type\":\"BreadcrumbList\",\"@id\":\"https:\/\/www.rppiscinas.com\/pt\/campanha-prevencao-afogamentos-piscina\/#breadcrumb\",\"itemListElement\":[{\"@type\":\"ListItem\",\"position\":1,\"name\":\"Home\",\"item\":\"https:\/\/www.rppiscinas.com\/pt\/\"},{\"@type\":\"ListItem\",\"position\":2,\"name\":\"Com os reflexos certos, tudo corre\u00a0bem\"}]},{\"@type\":\"WebSite\",\"@id\":\"https:\/\/www.rppiscinas.com\/pt\/#website\",\"url\":\"https:\/\/www.rppiscinas.com\/pt\/\",\"name\":\"Soleo Piscinas\",\"description\":\"Mais do que uma piscina\",\"publisher\":{\"@id\":\"https:\/\/www.rppiscinas.com\/pt\/#organization\"},\"alternateName\":\"Soleo Piscinas\",\"potentialAction\":[{\"@type\":\"SearchAction\",\"target\":{\"@type\":\"EntryPoint\",\"urlTemplate\":\"https:\/\/www.rppiscinas.com\/pt\/?s={search_term_string}\"},\"query-input\":\"required name=search_term_string\"}],\"inLanguage\":\"pt-PT\"},{\"@type\":\"Organization\",\"@id\":\"https:\/\/www.rppiscinas.com\/pt\/#organization\",\"name\":\"Soleo Piscinas\",\"url\":\"https:\/\/www.rppiscinas.com\/pt\/\",\"logo\":{\"@type\":\"ImageObject\",\"inLanguage\":\"pt-PT\",\"@id\":\"https:\/\/www.rppiscinas.com\/pt\/#\/schema\/logo\/image\/\",\"url\":\"https:\/\/www.rppiscinas.com\/pt\/wp-content\/uploads\/2025\/03\/logowebsite-1.png\",\"contentUrl\":\"https:\/\/www.rppiscinas.com\/pt\/wp-content\/uploads\/2025\/03\/logowebsite-1.png\",\"width\":160,\"height\":75,\"caption\":\"Soleo Piscinas\"},\"image\":{\"@id\":\"https:\/\/www.rppiscinas.com\/pt\/#\/schema\/logo\/image\/\"},\"sameAs\":[\"https:\/\/www.facebook.com\/soleopiscinas\",\"https:\/\/www.instagram.com\/soleopiscinas\/\",\"https:\/\/pt.pinterest.com\/soleopiscinas\/\"]}]}<\/script>\n<!-- \/ Yoast SEO plugin. -->","yoast_head_json":{"title":"Com os reflexos certos, tudo corre\u00a0bem - Soleo Piscinas","description":"A SOLEO faz quest\u00e3o de relembrar a todos os propriet\u00e1rios de piscinas a import\u00e2ncia de garantir a seguran\u00e7a nas piscinas.","robots":{"index":"index","follow":"follow","max-snippet":"max-snippet:-1","max-image-preview":"max-image-preview:large","max-video-preview":"max-video-preview:-1"},"canonical":"https:\/\/www.rppiscinas.com\/pt\/campanha-prevencao-afogamentos-piscina\/","og_locale":"pt_PT","og_type":"article","og_title":"Com os reflexos certos, tudo corre\u00a0bem - Soleo Piscinas","og_description":"A SOLEO faz quest\u00e3o de relembrar a todos os propriet\u00e1rios de piscinas a import\u00e2ncia de garantir a seguran\u00e7a nas piscinas.","og_url":"https:\/\/www.rppiscinas.com\/pt\/campanha-prevencao-afogamentos-piscina\/","og_site_name":"Soleo Piscinas","article_publisher":"https:\/\/www.facebook.com\/soleopiscinas","article_modified_time":"2025-07-31T08:15:05+00:00","og_image":[{"width":1200,"height":603,"url":"https:\/\/www.rppiscinas.com\/pt\/wp-content\/uploads\/2018\/06\/piscina1.jpg","type":"image\/jpeg"}],"twitter_misc":{"Tempo estimado de leitura":"7 minutos"},"schema":{"@context":"https:\/\/schema.org","@graph":[{"@type":"WebPage","@id":"https:\/\/www.rppiscinas.com\/pt\/campanha-prevencao-afogamentos-piscina\/","url":"https:\/\/www.rppiscinas.com\/pt\/campanha-prevencao-afogamentos-piscina\/","name":"Com os reflexos certos, tudo corre\u00a0bem - Soleo Piscinas","isPartOf":{"@id":"https:\/\/www.rppiscinas.com\/pt\/#website"},"datePublished":"2025-07-10T16:33:10+00:00","dateModified":"2025-07-31T08:15:05+00:00","description":"A SOLEO faz quest\u00e3o de relembrar a todos os propriet\u00e1rios de piscinas a import\u00e2ncia de garantir a seguran\u00e7a nas piscinas.","breadcrumb":{"@id":"https:\/\/www.rppiscinas.com\/pt\/campanha-prevencao-afogamentos-piscina\/#breadcrumb"},"inLanguage":"pt-PT","potentialAction":[{"@type":"ReadAction","target":["https:\/\/www.rppiscinas.com\/pt\/campanha-prevencao-afogamentos-piscina\/"]}]},{"@type":"BreadcrumbList","@id":"https:\/\/www.rppiscinas.com\/pt\/campanha-prevencao-afogamentos-piscina\/#breadcrumb","itemListElement":[{"@type":"ListItem","position":1,"name":"Home","item":"https:\/\/www.rppiscinas.com\/pt\/"},{"@type":"ListItem","position":2,"name":"Com os reflexos certos, tudo corre\u00a0bem"}]},{"@type":"WebSite","@id":"https:\/\/www.rppiscinas.com\/pt\/#website","url":"https:\/\/www.rppiscinas.com\/pt\/","name":"Soleo Piscinas","description":"Mais do que uma piscina","publisher":{"@id":"https:\/\/www.rppiscinas.com\/pt\/#organization"},"alternateName":"Soleo Piscinas","potentialAction":[{"@type":"SearchAction","target":{"@type":"EntryPoint","urlTemplate":"https:\/\/www.rppiscinas.com\/pt\/?s={search_term_string}"},"query-input":"required name=search_term_string"}],"inLanguage":"pt-PT"},{"@type":"Organization","@id":"https:\/\/www.rppiscinas.com\/pt\/#organization","name":"Soleo Piscinas","url":"https:\/\/www.rppiscinas.com\/pt\/","logo":{"@type":"ImageObject","inLanguage":"pt-PT","@id":"https:\/\/www.rppiscinas.com\/pt\/#\/schema\/logo\/image\/","url":"https:\/\/www.rppiscinas.com\/pt\/wp-content\/uploads\/2025\/03\/logowebsite-1.png","contentUrl":"https:\/\/www.rppiscinas.com\/pt\/wp-content\/uploads\/2025\/03\/logowebsite-1.png","width":160,"height":75,"caption":"Soleo Piscinas"},"image":{"@id":"https:\/\/www.rppiscinas.com\/pt\/#\/schema\/logo\/image\/"},"sameAs":["https:\/\/www.facebook.com\/soleopiscinas","https:\/\/www.instagram.com\/soleopiscinas\/","https:\/\/pt.pinterest.com\/soleopiscinas\/"]}]}},"_links":{"self":[{"href":"https:\/\/www.rppiscinas.com\/pt\/wp-json\/wp\/v2\/pages\/21262"}],"collection":[{"href":"https:\/\/www.rppiscinas.com\/pt\/wp-json\/wp\/v2\/pages"}],"about":[{"href":"https:\/\/www.rppiscinas.com\/pt\/wp-json\/wp\/v2\/types\/page"}],"author":[{"embeddable":true,"href":"https:\/\/www.rppiscinas.com\/pt\/wp-json\/wp\/v2\/users\/1"}],"replies":[{"embeddable":true,"href":"https:\/\/www.rppiscinas.com\/pt\/wp-json\/wp\/v2\/comments?post=21262"}],"version-history":[{"count":123,"href":"https:\/\/www.rppiscinas.com\/pt\/wp-json\/wp\/v2\/pages\/21262\/revisions"}],"predecessor-version":[{"id":21453,"href":"https:\/\/www.rppiscinas.com\/pt\/wp-json\/wp\/v2\/pages\/21262\/revisions\/21453"}],"wp:attachment":[{"href":"https:\/\/www.rppiscinas.com\/pt\/wp-json\/wp\/v2\/media?parent=21262"}],"curies":[{"name":"wp","href":"https:\/\/api.w.org\/{rel}","templated":true}]}}