{"id":19826,"date":"2023-05-12T09:06:03","date_gmt":"2023-05-12T09:06:03","guid":{"rendered":"https:\/\/www.rppiscinas.com\/pt\/?page_id=19826"},"modified":"2025-02-25T11:40:32","modified_gmt":"2025-02-25T11:40:32","slug":"soleo-care","status":"publish","type":"page","link":"https:\/\/www.rppiscinas.com\/pt\/soleo-care\/","title":{"rendered":"soleo care"},"content":{"rendered":"<div id='layer_slider_1' class='avia-layerslider main_color avia-shadow  avia-builder-el-0  el_before_av_section  avia-builder-el-first  container_wrap fullsize' style='  height: 901px;' ><\/div>\n<div id='av_section_1' class='avia-section main_color avia-section-default avia-no-border-styling avia-bg-style-scroll  avia-builder-el-1  el_after_av_layerslider  el_before_av_section    av-minimum-height av-minimum-height-50 container_wrap fullsize' style='background-color: #dce4e7;  '  ><div class='container' ><div class='template-page content  av-content-full alpha units'><div class='post-entry post-entry-type-page post-entry-19826'><div class='entry-content-wrapper clearfix'>\n<div class=\"flex_column av_one_full  av-animated-generic fade-in  flex_column_div av-zero-column-padding first  avia-builder-el-2  avia-builder-el-no-sibling   \" style='border-radius:0px; '><section class=\"av_textblock_section \"  itemscope=\"itemscope\" itemtype=\"https:\/\/schema.org\/CreativeWork\" ><div class='avia_textblock  '   itemprop=\"text\" ><h1 style=\"font-size: 40px; text-align: center;\">O que \u00e9 o Soleo Care?<\/h1>\n<\/div><\/section><br \/>\n<section class=\"av_textblock_section \"  itemscope=\"itemscope\" itemtype=\"https:\/\/schema.org\/CreativeWork\" ><div class='avia_textblock  '  style='font-size:16px; '  itemprop=\"text\" ><p style=\"text-align: center;\">O plano<strong> Soleo Care<\/strong> \u00e9 um conjunto de solu\u00e7\u00f5es, ajustadas \u00e0 medida,<br \/>\nfruto de uma experi\u00eancia de cerca de 30 anos e foi criado para que a sua piscina fique verdadeiramente na m\u00e3o de profissionais especializados.<\/p>\n<\/div><\/section><\/p><\/div>\n\n<\/div><\/div><\/div><!-- close content main div --><\/div><\/div><div id='av_section_2' class='avia-section main_color avia-section-default avia-no-border-styling avia-bg-style-scroll  avia-builder-el-5  el_after_av_section  el_before_av_section    av-minimum-height av-minimum-height-50 container_wrap fullsize' style='background-color: #1d3349;  '  ><div class='container' ><div class='template-page content  av-content-full alpha units'><div class='post-entry post-entry-type-page post-entry-19826'><div class='entry-content-wrapper clearfix'>\n<div class=\"flex_column av_one_full  av-animated-generic fade-in  flex_column_div av-zero-column-padding first  avia-builder-el-6  avia-builder-el-no-sibling   \" style='border-radius:0px; '><section class=\"av_textblock_section \"  itemscope=\"itemscope\" itemtype=\"https:\/\/schema.org\/CreativeWork\" ><div class='avia_textblock  av_inherit_color '  style='color:#ffffff; '  itemprop=\"text\" ><h1 style=\"font-size: 40px; text-align: center;\">Como funciona o Soleo Care?<\/h1>\n<\/div><\/section><br \/>\n<section class=\"av_textblock_section \"  itemscope=\"itemscope\" itemtype=\"https:\/\/schema.org\/CreativeWork\" ><div class='avia_textblock  av_inherit_color '  style='font-size:16px; color:#ffffff; '  itemprop=\"text\" ><p style=\"text-align: center;\">O plano <strong>Soleo Care<\/strong> est\u00e1 dividido em diferentes modalidades<br \/>\nde forma a ajustar-se \u00e0s necessidades reais da sua piscina. Em conformidade com as sua necessidades, poder\u00e1 assinar um dos planos anuais Soleo Care.<\/p>\n<\/div><\/section><\/p><\/div>\n\n<\/div><\/div><\/div><!-- close content main div --><\/div><\/div><div id='av_section_3' class='avia-section main_color avia-section-default avia-no-border-styling avia-bg-style-scroll  avia-builder-el-9  el_after_av_section  el_before_av_layout_row    av-minimum-height av-minimum-height-50 container_wrap fullsize' style='background-color: #ffffff;  '  ><div class='av-section-color-overlay-wrap'><a href='#next-section' title='' class='scroll-down-link  av-custom-scroll-down-color' style='color: #000000;' aria-hidden='true' data-av_icon='\ue877' data-av_iconfont='entypo-fontello'><\/a><div class='container' ><div class='template-page content  av-content-full alpha units'><div class='post-entry post-entry-type-page post-entry-19826'><div class='entry-content-wrapper clearfix'>\n<div class=\"flex_column av_one_full  av-animated-generic fade-in  flex_column_div av-zero-column-padding first  avia-builder-el-10  avia-builder-el-no-sibling   \" style='border-radius:0px; '><section class=\"av_textblock_section \"  itemscope=\"itemscope\" itemtype=\"https:\/\/schema.org\/CreativeWork\" ><div class='avia_textblock  '   itemprop=\"text\" ><h1 style=\"font-size: 40px; text-align: center;\">Que modalidades Soleo Care existem?<\/h1>\n<\/div><\/section><br \/>\n<section class=\"av_textblock_section \"  itemscope=\"itemscope\" itemtype=\"https:\/\/schema.org\/CreativeWork\" ><div class='avia_textblock  '  style='font-size:16px; '  itemprop=\"text\" ><p style=\"text-align: center;\">Desenvolvido para permitir ajustar o seu or\u00e7amento \u00e0 configura\u00e7\u00e3o da sua piscina,<br \/>\no programa Soleo Care est\u00e1 dividido em 3 modalidades:<\/p>\n<\/div><\/section><\/p><\/div><\/div><\/div><\/div><!-- close content main div --><\/div><\/div><\/div><div id='av-layout-grid-1' class='av-layout-grid-container entry-content-wrapper main_color av-flex-cells    avia-builder-el-13  el_after_av_section  el_before_av_section  submenu-not-first container_wrap fullsize' style=' '  >\n<div class=\"flex_cell no_margin av_one_third  avia-builder-el-14  el_before_av_cell_one_third  avia-builder-el-first   \" ><div class='flex_cell_inner' ><p><div class='avia-image-container avia_animated_image avia_animate_when_almost_visible fade-in av-styling-  noHover  av-overlay-on-hover   avia-builder-el-15  el_before_av_hr  avia-builder-el-first   avia-align-center '  itemprop=\"image\" itemscope=\"itemscope\" itemtype=\"https:\/\/schema.org\/ImageObject\"  ><div class='avia-image-container-inner'><div class='avia-image-overlay-wrap'><div class='av-image-caption-overlay'><div class='av-caption-image-overlay-bg' style='opacity:1; background-color:#476758; '><\/div><div class='av-image-caption-overlay-position'><div class='av-image-caption-overlay-center' style='color:#ffffff; font-size:14px; '><p>ECO<br \/>\nPlano de manuten\u00e7\u00e3o e limpeza da sua piscina incluindo 2 visitas anuais.<\/p>\n<\/div><\/div><\/div><img class='avia_image' src='https:\/\/www.rppiscinas.com\/pt\/wp-content\/uploads\/2023\/05\/ECO2.jpg' alt='' title='ECO2' height=\"1600\" width=\"2148\"  itemprop=\"thumbnailUrl\"  \/><\/div><\/div><\/div><br \/>\n<div style='height:50px' class='hr hr-invisible   avia-builder-el-16  el_after_av_image  avia-builder-el-last  '><span class='hr-inner ' ><span class='hr-inner-style'><\/span><\/span><\/div><\/p>\n<\/div><\/div><div class=\"flex_cell no_margin av_one_third  avia-builder-el-17  el_after_av_cell_one_third  el_before_av_cell_one_third   \" ><div class='flex_cell_inner' ><p><div class='avia-image-container avia_animated_image avia_animate_when_almost_visible fade-in av-styling-  noHover  av-overlay-on-hover   avia-builder-el-18  el_before_av_hr  avia-builder-el-first   avia-align-center '  itemprop=\"image\" itemscope=\"itemscope\" itemtype=\"https:\/\/schema.org\/ImageObject\"  ><div class='avia-image-container-inner'><div class='avia-image-overlay-wrap'><div class='av-image-caption-overlay'><div class='av-caption-image-overlay-bg' style='opacity:1; background-color:#6a6681; '><\/div><div class='av-image-caption-overlay-position'><div class='av-image-caption-overlay-center' style='color:#ffffff; font-size:12px; '><p>PREMIUM<br \/>\nPlano de manuten\u00e7\u00e3o e limpeza da sua piscina incluindo 1 visita quinzenal entre maio e setembro.<\/p>\n<\/div><\/div><\/div><img class='avia_image' src='https:\/\/www.rppiscinas.com\/pt\/wp-content\/uploads\/2023\/05\/premium.jpg' alt='' title='premium' height=\"1600\" width=\"2148\"  itemprop=\"thumbnailUrl\"  \/><\/div><\/div><\/div><br \/>\n<div style='height:50px' class='hr hr-invisible   avia-builder-el-19  el_after_av_image  avia-builder-el-last  '><span class='hr-inner ' ><span class='hr-inner-style'><\/span><\/span><\/div><\/p>\n<\/div><\/div><div class=\"flex_cell no_margin av_one_third  avia-builder-el-20  el_after_av_cell_one_third  avia-builder-el-last   \" ><div class='flex_cell_inner' ><p><div class='avia-image-container avia_animated_image avia_animate_when_almost_visible fade-in av-styling-  noHover  av-overlay-on-hover   avia-builder-el-21  el_before_av_hr  avia-builder-el-first   avia-align-center '  itemprop=\"image\" itemscope=\"itemscope\" itemtype=\"https:\/\/schema.org\/ImageObject\"  ><div class='avia-image-container-inner'><div class='avia-image-overlay-wrap'><div class='av-image-caption-overlay'><div class='av-caption-image-overlay-bg' style='opacity:1; background-color:#516e80; '><\/div><div class='av-image-caption-overlay-position'><div class='av-image-caption-overlay-center' style='color:#ffffff; font-size:12px; '><p>PLATINIUM<br \/>\nPlano de manuten\u00e7\u00e3o e limpeza da sua piscina incluindo 1 visita semanal entre maio e setembro e uma visita mensal nos restantes meses do ano.<\/p>\n<\/div><\/div><\/div><img class='avia_image' src='https:\/\/www.rppiscinas.com\/pt\/wp-content\/uploads\/2023\/05\/platinium.jpg' alt='' title='platinium' height=\"1600\" width=\"2148\"  itemprop=\"thumbnailUrl\"  \/><\/div><\/div><\/div><br \/>\n<div style='height:50px' class='hr hr-invisible   avia-builder-el-22  el_after_av_image  avia-builder-el-last  '><span class='hr-inner ' ><span class='hr-inner-style'><\/span><\/span><\/div><\/p>\n<\/div><\/div><\/div><div id='av_section_4' class='avia-section main_color avia-section-default avia-no-border-styling avia-bg-style-scroll  avia-builder-el-23  el_after_av_layout_row  avia-builder-el-last    av-minimum-height av-minimum-height-75 container_wrap fullsize' style='background-color: #1d3349;  '  ><div class='container' ><div class='template-page content  av-content-full alpha units'><div class='post-entry post-entry-type-page post-entry-19826'><div class='entry-content-wrapper clearfix'>\n<div style='height:50px' class='hr hr-invisible   avia-builder-el-24  el_before_av_textblock  avia-builder-el-first  '><span class='hr-inner ' ><span class='hr-inner-style'><\/span><\/span><\/div>\n<section class=\"av_textblock_section \"  itemscope=\"itemscope\" itemtype=\"https:\/\/schema.org\/CreativeWork\" ><div class='avia_textblock  av_inherit_color '  style='color:#ffffff; '  itemprop=\"text\" ><h1 style=\"font-size: 40px; text-align: center;\">informa\u00e7\u00e3o<\/h1>\n<\/div><\/section>\n<section class=\"av_textblock_section \"  itemscope=\"itemscope\" itemtype=\"https:\/\/schema.org\/CreativeWork\" ><div class='avia_textblock  av_inherit_color '  style='font-size:16px; color:#ffffff; '  itemprop=\"text\" ><p style=\"text-align: center;\">Os PACKS SOLEO CARE incluem a manuten\u00e7\u00e3o e limpeza da sua piscina, com uma periodicidade de visitas distintas, de forma a ser o mais ajustado poss\u00edvel \u00e0s suas necessidades.<\/p>\n<p style=\"text-align: center;\">Descubra qual a solu\u00e7\u00e3o perfeita para si.<\/p>\n<div class=\"flex_column av_one_full flex_column_div av-zero-column-padding first avia-builder-el-0 el_before_av_one_full avia-builder-el-first \">\n<section class=\"av_textblock_section \">\n<div class=\"avia_textblock \">\n<p style=\"text-align: center;\">Contacte-nos pelo formul\u00e1rio abaixo ou atrav\u00e9s do<strong> 253 689 500<\/strong><\/p>\n<\/div>\n<\/section>\n<\/div>\n<\/div><\/section>\n<div style='height:50px' class='hr hr-invisible   avia-builder-el-27  el_after_av_textblock  el_before_av_textblock  '><span class='hr-inner ' ><span class='hr-inner-style'><\/span><\/span><\/div>\n<section class=\"av_textblock_section \"  itemscope=\"itemscope\" itemtype=\"https:\/\/schema.org\/CreativeWork\" ><div class='avia_textblock  av_inherit_color '  style='font-size:16px; color:#b7b7b7; '  itemprop=\"text\" ><p style=\"text-align: center;\"><div role=\"form\" class=\"wpcf7\" id=\"wpcf7-f19904-o1\" lang=\"pt-PT\" dir=\"ltr\">\n<div class=\"screen-reader-response\"><\/div>\n<form action=\"\/pt\/wp-json\/wp\/v2\/pages\/19826#wpcf7-f19904-o1\" method=\"post\" class=\"wpcf7-form wpcf7-acceptance-as-validation\" enctype=\"multipart\/form-data\" novalidate=\"novalidate\">\n<div style=\"display: none;\">\n<input type=\"hidden\" name=\"_wpcf7\" value=\"19904\" \/>\n<input type=\"hidden\" name=\"_wpcf7_version\" value=\"5.0.5\" \/>\n<input type=\"hidden\" name=\"_wpcf7_locale\" value=\"pt_PT\" \/>\n<input type=\"hidden\" name=\"_wpcf7_unit_tag\" value=\"wpcf7-f19904-o1\" \/>\n<input type=\"hidden\" name=\"_wpcf7_container_post\" value=\"0\" \/>\n<input type=\"hidden\" name=\"_wpcf7cf_hidden_group_fields\" value=\"\" \/>\n<input type=\"hidden\" name=\"_wpcf7cf_hidden_groups\" value=\"\" \/>\n<input type=\"hidden\" name=\"_wpcf7cf_visible_groups\" value=\"\" \/>\n<input type=\"hidden\" name=\"_wpcf7cf_options\" value=\"{&quot;form_id&quot;:19904,&quot;conditions&quot;:[],&quot;settings&quot;:false}\" \/>\n<\/div>\n<div class=\"avia_ajax_form\">\n<p class=\"first_form form_element form_element_half\">Nome*<br \/>\n    <span class=\"wpcf7-form-control-wrap nome\"><input type=\"text\" name=\"nome\" value=\"\" size=\"40\" class=\"wpcf7-form-control wpcf7-text wpcf7-validates-as-required text_input\" aria-required=\"true\" aria-invalid=\"false\" \/><\/span> <\/p>\n<p class=\"form_element form_element_half\">Apelido*<br \/>\n    <span class=\"wpcf7-form-control-wrap apelido\"><input type=\"text\" name=\"apelido\" value=\"\" size=\"40\" class=\"wpcf7-form-control wpcf7-text wpcf7-validates-as-required text_input\" aria-required=\"true\" aria-invalid=\"false\" \/><\/span> <\/p>\n<p class=\"first_form form_element form_element_half\">C\u00f3digo Postal*<br \/>\n    <span class=\"wpcf7-form-control-wrap codigopostal\"><input type=\"text\" name=\"codigopostal\" value=\"\" size=\"40\" class=\"wpcf7-form-control wpcf7-text wpcf7-validates-as-required text_input\" aria-required=\"true\" aria-invalid=\"false\" \/><\/span> <\/p>\n<p class=\"form_element form_element_half\">Localidade*<br \/>\n    <span class=\"wpcf7-form-control-wrap localidade\"><input type=\"text\" name=\"localidade\" value=\"\" size=\"40\" class=\"wpcf7-form-control wpcf7-text wpcf7-validates-as-required text_input\" aria-required=\"true\" aria-invalid=\"false\" \/><\/span> <\/p>\n<p class=\"first_form form_element form_element_half\">Email*<br \/>\n    <span class=\"wpcf7-form-control-wrap your-email\"><input type=\"email\" name=\"your-email\" value=\"\" size=\"40\" class=\"wpcf7-form-control wpcf7-text wpcf7-email wpcf7-validates-as-required wpcf7-validates-as-email text_input\" aria-required=\"true\" aria-invalid=\"false\" \/><\/span> <\/p>\n<p class=\"form_element form_element_half\">Telefone \/ Telem\u00f3vel*<br \/>\n    <span class=\"wpcf7-form-control-wrap telefone\"><input type=\"tel\" name=\"telefone\" value=\"\" size=\"40\" class=\"wpcf7-form-control wpcf7-text wpcf7-tel wpcf7-validates-as-required wpcf7-validates-as-tel text_input\" aria-required=\"true\" aria-invalid=\"false\" \/><\/span> <\/p>\n<p class=\"first_form form_element form_fullwidth\">Mensagem<br \/>\n    <span class=\"wpcf7-form-control-wrap mensagem\"><textarea name=\"mensagem\" cols=\"40\" rows=\"10\" class=\"wpcf7-form-control wpcf7-textarea text_area\" aria-invalid=\"false\"><\/textarea><\/span> <\/p>\n<\/div>\n<p>\nAnexo:<br \/>\n<span class=\"wpcf7-form-control-wrap file-135\"><input type=\"file\" name=\"file-135\" size=\"40\" class=\"wpcf7-form-control wpcf7-file\" id=\"of_anexo1\" accept=\".jpg,.jpeg,.png,.tif,.tiff,.doc,.pdf,.dwg,.zip,.rar,.xls\" aria-invalid=\"false\" \/><\/span><\/p>\n<p><span class=\"wpcf7-form-control-wrap acceptance-390\"><span class=\"wpcf7-form-control wpcf7-acceptance\"><span class=\"wpcf7-list-item\"><label><input type=\"checkbox\" name=\"acceptance-390\" value=\"1\" aria-invalid=\"false\" id=\"politica\" \/><span class=\"wpcf7-list-item-label\">Tenho conhecimento e aceito a<a href=\"https:\/\/www.rppiscinas.com\/pt\/politica-de-privacidade\" target=\"_blank\"> Pol\u00edtica de Privacidade<\/a><\/span><\/label><\/span><\/span><\/span><br \/>\n<span class=\"wpcf7-form-control-wrap acceptance-231\"><span class=\"wpcf7-form-control wpcf7-acceptance optional\"><span class=\"wpcf7-list-item\"><label><input type=\"checkbox\" name=\"acceptance-231\" value=\"1\" aria-invalid=\"false\" id=\"autorizo\" \/><span class=\"wpcf7-list-item-label\">Autorizo o tratamento dos dados pessoais para marketing de produtos e servi\u00e7os<\/span><\/label><\/span><\/span><\/span><\/p>\n<p>Os campos assinalados com * s\u00e3o obrigat\u00f3rios.<\/p>\n<p><span class=\"wpcf7-form-control-wrap math-quiz\"><label><span class=\"wpcf7-quiz-label\">8+12=?<\/span> <input type=\"text\" name=\"math-quiz\" size=\"40\" class=\"wpcf7-form-control wpcf7-quiz\" autocomplete=\"off\" aria-required=\"true\" aria-invalid=\"false\" \/><\/label><input type=\"hidden\" name=\"_wpcf7_quiz_answer_math-quiz\" value=\"91e6736f7c62dbf8a7c1f9b6aaff417c\" \/><\/span><\/p>\n<p><input type=\"submit\" value=\"Enviar\" class=\"wpcf7-form-control wpcf7-submit\" id=\"of_btn_envia\" \/><\/p>\n<p><script>\ndocument.addEventListener( 'wpcf7mailsent', function( event ) {\n    location = '\/\/www.rppiscinas.com\/pt\/obrigado-nos-contactar\/';\n}, false );\n<\/script><\/p>\n<input type='hidden' class='wpcf7-pum' value='{\"closepopup\":false,\"closedelay\":0,\"openpopup\":false,\"openpopup_id\":0}' \/><div class=\"wpcf7-response-output wpcf7-display-none\"><\/div><\/form><\/div><\/p>\n<\/div><\/section>\n<\/p>\n","protected":false},"excerpt":{"rendered":"<p>a sua piscina nas m\u00e3os de profissionais<\/p>\n","protected":false},"author":1,"featured_media":0,"parent":0,"menu_order":0,"comment_status":"closed","ping_status":"closed","template":"","meta":[],"yoast_head":"<!-- This site is optimized with the Yoast SEO plugin v20.3 - https:\/\/yoast.com\/wordpress\/plugins\/seo\/ -->\n<title>soleo care - Soleo Piscinas<\/title>\n<meta name=\"robots\" content=\"index, follow, max-snippet:-1, max-image-preview:large, max-video-preview:-1\" \/>\n<link rel=\"canonical\" href=\"https:\/\/www.rppiscinas.com\/pt\/soleo-care\/\" \/>\n<meta property=\"og:locale\" content=\"pt_PT\" \/>\n<meta property=\"og:type\" content=\"article\" \/>\n<meta property=\"og:title\" content=\"soleo care - Soleo Piscinas\" \/>\n<meta property=\"og:description\" content=\"a sua piscina nas m\u00e3os de profissionais\" \/>\n<meta property=\"og:url\" content=\"https:\/\/www.rppiscinas.com\/pt\/soleo-care\/\" \/>\n<meta property=\"og:site_name\" content=\"Soleo Piscinas\" \/>\n<meta property=\"article:publisher\" content=\"https:\/\/www.facebook.com\/soleopiscinas\" \/>\n<meta property=\"article:modified_time\" content=\"2025-02-25T11:40:32+00:00\" \/>\n<meta property=\"og:image\" content=\"https:\/\/www.rppiscinas.com\/pt\/wp-content\/uploads\/2018\/06\/piscina1.jpg\" \/>\n\t<meta property=\"og:image:width\" content=\"1200\" \/>\n\t<meta property=\"og:image:height\" content=\"603\" \/>\n\t<meta property=\"og:image:type\" content=\"image\/jpeg\" \/>\n<meta name=\"twitter:label1\" content=\"Tempo estimado de leitura\" \/>\n\t<meta name=\"twitter:data1\" content=\"5 minutos\" \/>\n<script type=\"application\/ld+json\" class=\"yoast-schema-graph\">{\"@context\":\"https:\/\/schema.org\",\"@graph\":[{\"@type\":\"WebPage\",\"@id\":\"https:\/\/www.rppiscinas.com\/pt\/soleo-care\/\",\"url\":\"https:\/\/www.rppiscinas.com\/pt\/soleo-care\/\",\"name\":\"soleo care - Soleo Piscinas\",\"isPartOf\":{\"@id\":\"https:\/\/www.rppiscinas.com\/pt\/#website\"},\"datePublished\":\"2023-05-12T09:06:03+00:00\",\"dateModified\":\"2025-02-25T11:40:32+00:00\",\"breadcrumb\":{\"@id\":\"https:\/\/www.rppiscinas.com\/pt\/soleo-care\/#breadcrumb\"},\"inLanguage\":\"pt-PT\",\"potentialAction\":[{\"@type\":\"ReadAction\",\"target\":[\"https:\/\/www.rppiscinas.com\/pt\/soleo-care\/\"]}]},{\"@type\":\"BreadcrumbList\",\"@id\":\"https:\/\/www.rppiscinas.com\/pt\/soleo-care\/#breadcrumb\",\"itemListElement\":[{\"@type\":\"ListItem\",\"position\":1,\"name\":\"Home\",\"item\":\"https:\/\/www.rppiscinas.com\/pt\/\"},{\"@type\":\"ListItem\",\"position\":2,\"name\":\"soleo care\"}]},{\"@type\":\"WebSite\",\"@id\":\"https:\/\/www.rppiscinas.com\/pt\/#website\",\"url\":\"https:\/\/www.rppiscinas.com\/pt\/\",\"name\":\"Soleo Piscinas\",\"description\":\"Mais do que uma piscina\",\"publisher\":{\"@id\":\"https:\/\/www.rppiscinas.com\/pt\/#organization\"},\"alternateName\":\"Soleo Piscinas\",\"potentialAction\":[{\"@type\":\"SearchAction\",\"target\":{\"@type\":\"EntryPoint\",\"urlTemplate\":\"https:\/\/www.rppiscinas.com\/pt\/?s={search_term_string}\"},\"query-input\":\"required name=search_term_string\"}],\"inLanguage\":\"pt-PT\"},{\"@type\":\"Organization\",\"@id\":\"https:\/\/www.rppiscinas.com\/pt\/#organization\",\"name\":\"Soleo Piscinas\",\"url\":\"https:\/\/www.rppiscinas.com\/pt\/\",\"logo\":{\"@type\":\"ImageObject\",\"inLanguage\":\"pt-PT\",\"@id\":\"https:\/\/www.rppiscinas.com\/pt\/#\/schema\/logo\/image\/\",\"url\":\"https:\/\/www.rppiscinas.com\/pt\/wp-content\/uploads\/2025\/03\/logowebsite-1.png\",\"contentUrl\":\"https:\/\/www.rppiscinas.com\/pt\/wp-content\/uploads\/2025\/03\/logowebsite-1.png\",\"width\":160,\"height\":75,\"caption\":\"Soleo Piscinas\"},\"image\":{\"@id\":\"https:\/\/www.rppiscinas.com\/pt\/#\/schema\/logo\/image\/\"},\"sameAs\":[\"https:\/\/www.facebook.com\/soleopiscinas\",\"https:\/\/www.instagram.com\/soleopiscinas\/\",\"https:\/\/pt.pinterest.com\/soleopiscinas\/\"]}]}<\/script>\n<!-- \/ Yoast SEO plugin. -->","yoast_head_json":{"title":"soleo care - Soleo Piscinas","robots":{"index":"index","follow":"follow","max-snippet":"max-snippet:-1","max-image-preview":"max-image-preview:large","max-video-preview":"max-video-preview:-1"},"canonical":"https:\/\/www.rppiscinas.com\/pt\/soleo-care\/","og_locale":"pt_PT","og_type":"article","og_title":"soleo care - Soleo Piscinas","og_description":"a sua piscina nas m\u00e3os de profissionais","og_url":"https:\/\/www.rppiscinas.com\/pt\/soleo-care\/","og_site_name":"Soleo Piscinas","article_publisher":"https:\/\/www.facebook.com\/soleopiscinas","article_modified_time":"2025-02-25T11:40:32+00:00","og_image":[{"width":1200,"height":603,"url":"https:\/\/www.rppiscinas.com\/pt\/wp-content\/uploads\/2018\/06\/piscina1.jpg","type":"image\/jpeg"}],"twitter_misc":{"Tempo estimado de leitura":"5 minutos"},"schema":{"@context":"https:\/\/schema.org","@graph":[{"@type":"WebPage","@id":"https:\/\/www.rppiscinas.com\/pt\/soleo-care\/","url":"https:\/\/www.rppiscinas.com\/pt\/soleo-care\/","name":"soleo care - Soleo Piscinas","isPartOf":{"@id":"https:\/\/www.rppiscinas.com\/pt\/#website"},"datePublished":"2023-05-12T09:06:03+00:00","dateModified":"2025-02-25T11:40:32+00:00","breadcrumb":{"@id":"https:\/\/www.rppiscinas.com\/pt\/soleo-care\/#breadcrumb"},"inLanguage":"pt-PT","potentialAction":[{"@type":"ReadAction","target":["https:\/\/www.rppiscinas.com\/pt\/soleo-care\/"]}]},{"@type":"BreadcrumbList","@id":"https:\/\/www.rppiscinas.com\/pt\/soleo-care\/#breadcrumb","itemListElement":[{"@type":"ListItem","position":1,"name":"Home","item":"https:\/\/www.rppiscinas.com\/pt\/"},{"@type":"ListItem","position":2,"name":"soleo care"}]},{"@type":"WebSite","@id":"https:\/\/www.rppiscinas.com\/pt\/#website","url":"https:\/\/www.rppiscinas.com\/pt\/","name":"Soleo Piscinas","description":"Mais do que uma piscina","publisher":{"@id":"https:\/\/www.rppiscinas.com\/pt\/#organization"},"alternateName":"Soleo Piscinas","potentialAction":[{"@type":"SearchAction","target":{"@type":"EntryPoint","urlTemplate":"https:\/\/www.rppiscinas.com\/pt\/?s={search_term_string}"},"query-input":"required name=search_term_string"}],"inLanguage":"pt-PT"},{"@type":"Organization","@id":"https:\/\/www.rppiscinas.com\/pt\/#organization","name":"Soleo Piscinas","url":"https:\/\/www.rppiscinas.com\/pt\/","logo":{"@type":"ImageObject","inLanguage":"pt-PT","@id":"https:\/\/www.rppiscinas.com\/pt\/#\/schema\/logo\/image\/","url":"https:\/\/www.rppiscinas.com\/pt\/wp-content\/uploads\/2025\/03\/logowebsite-1.png","contentUrl":"https:\/\/www.rppiscinas.com\/pt\/wp-content\/uploads\/2025\/03\/logowebsite-1.png","width":160,"height":75,"caption":"Soleo Piscinas"},"image":{"@id":"https:\/\/www.rppiscinas.com\/pt\/#\/schema\/logo\/image\/"},"sameAs":["https:\/\/www.facebook.com\/soleopiscinas","https:\/\/www.instagram.com\/soleopiscinas\/","https:\/\/pt.pinterest.com\/soleopiscinas\/"]}]}},"_links":{"self":[{"href":"https:\/\/www.rppiscinas.com\/pt\/wp-json\/wp\/v2\/pages\/19826"}],"collection":[{"href":"https:\/\/www.rppiscinas.com\/pt\/wp-json\/wp\/v2\/pages"}],"about":[{"href":"https:\/\/www.rppiscinas.com\/pt\/wp-json\/wp\/v2\/types\/page"}],"author":[{"embeddable":true,"href":"https:\/\/www.rppiscinas.com\/pt\/wp-json\/wp\/v2\/users\/1"}],"replies":[{"embeddable":true,"href":"https:\/\/www.rppiscinas.com\/pt\/wp-json\/wp\/v2\/comments?post=19826"}],"version-history":[{"count":52,"href":"https:\/\/www.rppiscinas.com\/pt\/wp-json\/wp\/v2\/pages\/19826\/revisions"}],"predecessor-version":[{"id":20521,"href":"https:\/\/www.rppiscinas.com\/pt\/wp-json\/wp\/v2\/pages\/19826\/revisions\/20521"}],"wp:attachment":[{"href":"https:\/\/www.rppiscinas.com\/pt\/wp-json\/wp\/v2\/media?parent=19826"}],"curies":[{"name":"wp","href":"https:\/\/api.w.org\/{rel}","templated":true}]}}