{"id":734,"date":"2013-04-01T15:37:54","date_gmt":"2013-04-01T15:37:54","guid":{"rendered":"http:\/\/www.kriesi.at\/themes\/enfold\/?page_id=734"},"modified":"2020-03-17T17:42:25","modified_gmt":"2020-03-17T17:42:25","slug":"homepage-2","status":"publish","type":"page","link":"https:\/\/www.rppiscinas.com\/es\/","title":{"rendered":"Homepage"},"content":{"rendered":"<div id='layer_slider_1' class='avia-layerslider main_color avia-shadow  container_wrap fullsize'    style='height: 471px;' ><\/div>\n<\/div><\/div><\/div><!-- close content main div --><\/div><\/div><div id='av_section_1' class='avia-section main_color avia-section-default avia-no-shadow avia-bg-style-scroll   container_wrap fullsize'   ><div class='container' ><div class='template-page content  av-content-full alpha units'><div class='post-entry post-entry-type-page post-entry-734'><div class='entry-content-wrapper clearfix'>\n<section class=\"av_textblock_section \"  itemscope=\"itemscope\" itemtype=\"https:\/\/schema.org\/CreativeWork\" ><div class='avia_textblock  av_inherit_color '  style='color:#2b2b2b; '  itemprop=\"text\" ><h1 style=\"text-align: center;\"><span style=\"color: #000000;\">Plan de Contingencia del Brote COVID-19<\/span><\/h1>\n<p style=\"text-align: center;\"><span style=\"color: #000000;\">Por razones de salud p\u00fablica y teniendo en cuenta las recomendaciones de la DGS (Direcci\u00f3n General de Salud), el Grupo RPI aconseja a sus colaboradores, clientes, proveedores y p\u00fablico en general a tomar algunas medidas preventivas para evitar la propagaci\u00f3n del virus:<\/span><\/p>\n<p style=\"text-align: center;\"><span style=\"color: #333333;\">\u25cf<strong> Evite el contacto f\u00edsico;<\/strong><\/span><\/p>\n<p style=\"text-align: center;\"><span style=\"color: #333333;\"><strong>\u25cf Lavar las manos frecuentemente con jab\u00f3n y desinfectarlas;<\/strong><\/span><\/p>\n<p style=\"text-align: center;\"><span style=\"color: #333333;\"><strong>\u25cf Evitar aglomerados y mantener distancia social de 1,5 metros.<\/strong><\/span><\/p>\n<p style=\"text-align: center;\"><span style=\"color: #000000;\">As\u00ed mismo, pedimos tambi\u00e9n a todos los clientes y proveedores, que<strong> nos contacten por tel\u00e9fono o email<\/strong>, evitando as\u00ed a los desplazamientos a nuestra empresa.<\/span><\/p>\n<p style=\"text-align: center;\"><span style=\"color: #000000;\">Tambi\u00e9n comunicamos que se reducir\u00e1n las horas de tienda y exposici\u00f3n. Por favor vea lo mismo <a style=\"color: #000000;\" href=\"https:\/\/www.rppiscinas.com\/es\/contactos\/\">aqu\u00ed.<\/a><\/span><\/p>\n<\/div><\/section>\n<div class=\"flex_column av_one_third  flex_column_div first  \" ><section class=\"av_textblock_section \"  itemscope=\"itemscope\" itemtype=\"https:\/\/schema.org\/CreativeWork\" ><div class='avia_textblock  '   itemprop=\"text\" ><h2>Piscinas Soleo<\/h2>\n<p><strong>Las piscinas Soleo<\/strong> t<span id=\"result_box\" class=\"\" lang=\"es\">ienen una gama de modelos perfectos para su jard\u00edn <span class=\"\">o terraza<\/span><span class=\"\">.<\/span><\/span><\/p>\n<\/div><\/section><br \/>\n<div style='height:10px' class='hr hr-invisible  '><span class='hr-inner ' ><span class='hr-inner-style'><\/span><\/span><\/div><br \/>\n<section class=\"av_textblock_section \"  itemscope=\"itemscope\" itemtype=\"https:\/\/schema.org\/CreativeWork\" ><div class='avia_textblock  '   itemprop=\"text\" ><p>[layerslider id=&#8221;3&#8243;]<\/p>\n<\/div><\/section><br \/>\n<div style='height:10px' class='hr hr-invisible  '><span class='hr-inner ' ><span class='hr-inner-style'><\/span><\/span><\/div><br \/>\n<section class=\"av_textblock_section \"  itemscope=\"itemscope\" itemtype=\"https:\/\/schema.org\/CreativeWork\" ><div class='avia_textblock  '   itemprop=\"text\" ><p>[layerslider id=&#8221;6&#8243;]<\/p>\n<\/div><\/section><br \/>\n<div style='height:10px' class='hr hr-invisible  '><span class='hr-inner ' ><span class='hr-inner-style'><\/span><\/span><\/div><br \/>\n<section class=\"av_textblock_section \"  itemscope=\"itemscope\" itemtype=\"https:\/\/schema.org\/CreativeWork\" ><div class='avia_textblock  '   itemprop=\"text\" ><p>[layerslider id=&#8221;12&#8243;]<\/p>\n<\/div><\/section><\/p><\/div><\/p>\n<div class=\"flex_column av_two_third  flex_column_div av-zero-column-padding   \" style='border-radius:0px; '><p><div style='height:35px' class='hr hr-invisible  '><span class='hr-inner ' ><span class='hr-inner-style'><\/span><\/span><\/div><br \/>\n<section class=\"av_textblock_section \"  itemscope=\"itemscope\" itemtype=\"https:\/\/schema.org\/CreativeWork\" ><div class='avia_textblock  '   itemprop=\"text\" ><p>[layerslider id=&#8221;11&#8243;]<\/p>\n<\/div><\/section><\/p><\/div>\n<\/div><\/div><\/div><!-- close content main div --><\/div><\/div><div id='av_section_2' class='avia-section alternate_color avia-section-large avia-shadow avia-bg-style-scroll   container_wrap fullsize'   ><div class='container' ><div class='template-page content  av-content-full alpha units'><div class='post-entry post-entry-type-page post-entry-734'><div class='entry-content-wrapper clearfix'>\n<div class=\"flex_column av_one_full  flex_column_div first  \" ><section class=\"av_textblock_section \"  itemscope=\"itemscope\" itemtype=\"https:\/\/schema.org\/CreativeWork\" ><div class='avia_textblock  '   itemprop=\"text\" ><h1 style=\"text-align: center;\">Piscinas Soleo a su medida<\/h1>\n<\/div><\/section><br \/>\n<section class=\"av_textblock_section \"  itemscope=\"itemscope\" itemtype=\"https:\/\/schema.org\/CreativeWork\" ><div class='avia_textblock  '   itemprop=\"text\" ><p style=\"text-align: center;\"><strong>Piscinas Soleo<\/strong> <span lang=\"es-ES\">es una marca RP Industries, l\u00edder en el mercado hace m\u00e1s de dos d\u00e9cadas.<\/span><\/p>\n<p style=\"text-align: center;\" align=\"center\"><span lang=\"es-ES\">RP Industries es una empresa especializada en la <\/span><strong><span lang=\"es-ES\">fabricaci\u00f3n<\/span><\/strong><span lang=\"es-ES\"> y <\/span><strong><span lang=\"es-ES\">instalaci\u00f3n<\/span><\/strong><span lang=\"es-ES\"> de <\/span><strong><span lang=\"es-ES\">piscinas<\/span><\/strong><span lang=\"es-ES\">. Con<\/span> <span lang=\"es-ES\">soluciones innovadoras y patentadas, RP Industries tiene m\u00e1s de 50 500 piscinas instaladas en 4 continentes.<\/span><\/p>\n<p style=\"text-align: center;\">Las numerosas piscinas privadas, p\u00fablicas, en resorts de lujo, hoteles y parques <span lang=\"es-ES\">acu\u00e1ticos instaladas en todo el mundo demuestran la excelencia de soluciones de RP para las piscinas.<\/span><\/p>\n<p style=\"text-align: center;\">Si su sue\u00f1o es la adquisici\u00f3n de una piscina a\u00fan <span lang=\"es-ES\">no se ha realizado, seguramente encontrar\u00e1, en las diferentes gamas de piscinas de RP industries, el modelo capaz de responder a sus necesidades. En RP Industries sabemos c\u00f3mo una piscina es importante para si. Ning\u00fan detalle se deja al azar.<\/span><\/p>\n<\/div><\/section><\/p><\/div><div class=\"flex_column av_one_third  flex_column_div first  \" ><p><div class='avia-image-container  av-styling-    avia-align-center '  itemscope=\"itemscope\" itemtype=\"https:\/\/schema.org\/ImageObject\"  ><div class='avia-image-container-inner'><a href='https:\/\/www.rppiscinas.com\/es\/piscinas-exteriores\/' class='avia_image'  ><img class='avia_image ' src='http:\/\/rppiscinas.com\/es\/wp-content\/uploads\/2013\/04\/piscinas-soleo-projetos.jpg' alt='Projectos de Elei\u00e7\u00e3o Piscinas' title='Piscinas SOLEO'  itemprop=\"thumbnailUrl\"  \/><\/a><\/div><\/div><br \/>\n<section class=\"av_textblock_section \"  itemscope=\"itemscope\" itemtype=\"https:\/\/schema.org\/CreativeWork\" ><div class='avia_textblock  '   itemprop=\"text\" ><h4>Proyectos de Elecci\u00f3n<\/h4>\n<p><span lang=\"es-ES\">L<\/span><span lang=\"es-ES\">a<\/span><span lang=\"es-ES\">s mejores <\/span><span lang=\"es-ES\">realizaciones<\/span><span lang=\"es-ES\"> de piscinas RP en todo el mundo. La alta capacidad t\u00e9cnica y humana de RP Industries ha permitido la instalaci\u00f3n de piscinas en los mayores <\/span><span lang=\"es-ES\">emprendimientos<\/span><span lang=\"es-ES\">, hoteles y centros tur\u00edsticos de lujo.<\/span><\/p>\n<\/div><\/section><\/p><\/div><div class=\"flex_column av_one_third  flex_column_div av-zero-column-padding   \" style='border-radius:0px; '><p><div class='avia-image-container  av-styling-    avia-align-center '  itemscope=\"itemscope\" itemtype=\"https:\/\/schema.org\/ImageObject\"  ><div class='avia-image-container-inner'><img class='avia_image ' src='http:\/\/rppiscinas.com\/es\/wp-content\/uploads\/2013\/04\/assistencia-piscinas-soleo.jpg' alt='Servi\u00e7os de Assist\u00eancia e Manuten\u00e7\u00e3o SOLEO' title='Assist\u00eancia Piscinas SOLEO'   itemprop=\"thumbnailUrl\"  \/><\/div><\/div><br \/>\n<section class=\"av_textblock_section \"  itemscope=\"itemscope\" itemtype=\"https:\/\/schema.org\/CreativeWork\" ><div class='avia_textblock  '   itemprop=\"text\" ><h4>Servicios de Asistencia<\/h4>\n<p><span lang=\"es-ES\">Los s<\/span><span lang=\"es-ES\">ervicios de asistencia t\u00e9cnica de RP Industri<\/span><span lang=\"es-ES\">e<\/span><span lang=\"es-ES\">s <\/span><span lang=\"es-ES\">se basean<\/span><span lang=\"es-ES\"> en los principios y conocimientos adquiridos durante m\u00e1s de dos d\u00e9cadas por un amplio equipo de profesionales especializados en piscinas.<\/span><\/p>\n<\/div><\/section><\/p><\/div><div class=\"flex_column av_one_third  flex_column_div av-zero-column-padding   \" style='border-radius:0px; '><p><div class='avia-image-container  av-styling-    avia-align-center '  itemscope=\"itemscope\" itemtype=\"https:\/\/schema.org\/ImageObject\"  ><div class='avia-image-container-inner'><a href='https:\/\/www.rppiscinas.com\/es\/ventajas-kit-piscina\/' class='avia_image'  ><img class='avia_image ' src='http:\/\/rppiscinas.com\/es\/wp-content\/uploads\/2013\/04\/vantagens-piscinas-soleo.jpg' alt='Piscinas SOLEO - Vantagens' title='Piscinas SOLEO'  itemprop=\"thumbnailUrl\"  \/><\/a><\/div><\/div><br \/>\n<section class=\"av_textblock_section \"  itemscope=\"itemscope\" itemtype=\"https:\/\/schema.org\/CreativeWork\" ><div class='avia_textblock  '   itemprop=\"text\" ><h4>Lo que una piscina puede hacer por si<\/h4>\n<p><span lang=\"es-ES\">Capaz de proporcionarle con un sinf\u00edn de ventajas, la instalaci\u00f3n de una piscina, ofrece todo el confort y el bienestar, mejora la interacci\u00f3n entre amigos y familiares, as\u00ed como la valoraci\u00f3n de su propiedad.<\/span><\/p>\n<\/div><\/section><\/p><\/div>\n\n<\/div><\/div><\/div><!-- close content main div --><\/div><\/div><div id='av_section_3' class='avia-section main_color avia-section-default avia-no-shadow avia-full-stretch avia-bg-style-fixed   container_wrap fullsize' style = 'background-color: #528cbf; background-repeat: no-repeat; background-image: url(http:\/\/rppiscinas.com\/es\/wp-content\/uploads\/2013\/04\/piscinas-soleo-blur1.jpg); background-attachment: fixed; background-position: center center; ' data-section-bg-repeat='stretch' ><div class='container' ><div class='template-page content  av-content-full alpha units'><div class='post-entry post-entry-type-page post-entry-734'><div class='entry-content-wrapper clearfix'>\n<div class=\"flex_column av_one_full  flex_column_div first  \" ><section class=\"av_textblock_section \"  itemscope=\"itemscope\" itemtype=\"https:\/\/schema.org\/CreativeWork\" ><div class='avia_textblock  '   itemprop=\"text\" ><h2 style=\"text-align: center;\"><span style=\"color: #ffffff;\">Una piscina Soleo es:<\/span><\/h2>\n<\/div><\/section><\/div><div class=\"flex_column av_one_third  flex_column_div first  \" ><article class=\"iconbox iconbox_top main_color    \"  itemscope=\"itemscope\" itemtype=\"https:\/\/schema.org\/CreativeWork\" ><div class=\"iconbox_content\"><header class=\"entry-content-header\"><div class=\"iconbox_icon heading-color \" aria-hidden='true' data-av_icon='\ue88a' data-av_iconfont='entypo-fontello'  ><\/div><h3 class='iconbox_content_title '  itemprop=\"headline\"  ><a href='https:\/\/www.rppiscinas.com\/es\/estructura-piscina-soleo\/' title='La m\u00e1s resistente del mercado'  >La m\u00e1s resistente del mercado<\/a><\/h3><\/header><div class='iconbox_content_container  '  itemprop=\"text\"  ><p><span lang=\"es-ES\">Hecha de acero galvanizado con 30 a\u00f1os de garant\u00eda, la estructura Soleo utiliza la m\u00e1s resistente de todo el acero utilizado en la construcci\u00f3n de piscinas.<br \/>\nUn exclusivo RP probado y certificado por laboratorios independientes.<\/span><\/p>\n<div class='avia-button-wrap avia-button-center '><a href='http:\/\/rppiscinas.com\/es\/estructura-piscina-soleo\/\/' class='avia-button   avia-icon_select-no avia-color-theme-color avia-size-small avia-position-center '   ><span class='avia_iconbox_title' >Saber m\u00e1s<\/span><\/a><\/div>\n<\/div><\/div><footer class=\"entry-footer\"><\/footer><\/article><\/div><div class=\"flex_column av_one_third  flex_column_div av-zero-column-padding   \" style='border-radius:0px; '><article class=\"iconbox iconbox_top main_color    \"  itemscope=\"itemscope\" itemtype=\"https:\/\/schema.org\/CreativeWork\" ><div class=\"iconbox_content\"><header class=\"entry-content-header\"><div class=\"iconbox_icon heading-color \" aria-hidden='true' data-av_icon='\ue817' data-av_iconfont='entypo-fontello'  ><\/div><h3 class='iconbox_content_title '  itemprop=\"headline\"  ><a href='https:\/\/www.rppiscinas.com\/es\/ventajas-kit-piscina\/' title='Detentora de tecnologia anti-s\u00edsmica'  >Detentora de tecnologia anti-s\u00edsmica<\/a><\/h3><\/header><div class='iconbox_content_container  '  itemprop=\"text\"  ><p>Las piscinas Soleo <span lang=\"es-ES\">est\u00e1n dotadas de una tecnolog\u00eda anti-s\u00edsmica innovadora que tiene una resistencia superior a los movimientos del terreno.<\/span><\/p>\n<p>Un sistema m\u00e1s robusto en comparaci\u00f3n con las piscinas de hormig\u00f3n tradicionales.<\/p>\n<div class='avia-button-wrap avia-button-center '><a href='http:\/\/rppiscinas.com\/es\/ventajas-kit-piscina\/' class='avia-button   avia-icon_select-no avia-color-theme-color avia-size-small avia-position-center '   ><span class='avia_iconbox_title' >Saber m\u00e1s<\/span><\/a><\/div>\n<\/div><\/div><footer class=\"entry-footer\"><\/footer><\/article><\/div><div class=\"flex_column av_one_third  flex_column_div av-zero-column-padding   \" style='border-radius:0px; '><article class=\"iconbox iconbox_top main_color    \"  itemscope=\"itemscope\" itemtype=\"https:\/\/schema.org\/CreativeWork\" ><div class=\"iconbox_content\"><header class=\"entry-content-header\"><div class=\"iconbox_icon heading-color \" aria-hidden='true' data-av_icon='\ue82b' data-av_iconfont='entypo-fontello'  ><\/div><h3 class='iconbox_content_title '  itemprop=\"headline\"  ><a href='https:\/\/www.rppiscinas.com\/es\/construccion-de-piscinas\/' title='Extremadamente simple y r\u00e1pida de instalar'  >Extremadamente simple y r\u00e1pida de instalar<\/a><\/h3><\/header><div class='iconbox_content_container  '  itemprop=\"text\"  ><p><span lang=\"es-ES\">Desarrollad<\/span><span lang=\"es-ES\">a<\/span><span lang=\"es-ES\"> exclusivamente por <\/span><span lang=\"es-ES\">RP, la piscina <\/span><span lang=\"es-ES\">S<\/span><span lang=\"es-ES\">oleo<\/span><span lang=\"es-ES\"> ofrece una instalaci\u00f3n sencilla y robusta. En s\u00f3lo 4-5 d\u00edas se obtiene una mayor resistencia de la piscina evitando todos los inconvenientes asociados a la piscina tradicional de hormig\u00f3n.<\/span><\/p>\n<div class='avia-button-wrap avia-button-center '><a href='http:\/\/rppiscinas.com\/es\/construccion-de-piscinas\/' class='avia-button   avia-icon_select-no avia-color-theme-color avia-size-small avia-position-center '   ><span class='avia_iconbox_title' >Saber m\u00e1s<\/span><\/a><\/div>\n<\/div><\/div><footer class=\"entry-footer\"><\/footer><\/article><\/div>\n\n","protected":false},"excerpt":{"rendered":"<p>This is a Page excerpt. It will be displayed for search results<\/p>\n","protected":false},"author":1,"featured_media":0,"parent":0,"menu_order":0,"comment_status":"open","ping_status":"open","template":"","meta":[],"_links":{"self":[{"href":"https:\/\/www.rppiscinas.com\/es\/wp-json\/wp\/v2\/pages\/734"}],"collection":[{"href":"https:\/\/www.rppiscinas.com\/es\/wp-json\/wp\/v2\/pages"}],"about":[{"href":"https:\/\/www.rppiscinas.com\/es\/wp-json\/wp\/v2\/types\/page"}],"author":[{"embeddable":true,"href":"https:\/\/www.rppiscinas.com\/es\/wp-json\/wp\/v2\/users\/1"}],"replies":[{"embeddable":true,"href":"https:\/\/www.rppiscinas.com\/es\/wp-json\/wp\/v2\/comments?post=734"}],"version-history":[{"count":186,"href":"https:\/\/www.rppiscinas.com\/es\/wp-json\/wp\/v2\/pages\/734\/revisions"}],"predecessor-version":[{"id":5472,"href":"https:\/\/www.rppiscinas.com\/es\/wp-json\/wp\/v2\/pages\/734\/revisions\/5472"}],"wp:attachment":[{"href":"https:\/\/www.rppiscinas.com\/es\/wp-json\/wp\/v2\/media?parent=734"}],"curies":[{"name":"wp","href":"https:\/\/api.w.org\/{rel}","templated":true}]}}