{"id":5443,"date":"2019-02-28T10:58:59","date_gmt":"2019-02-28T10:58:59","guid":{"rendered":"https:\/\/www.rppiscinas.com\/es\/?page_id=5443"},"modified":"2019-02-28T10:59:31","modified_gmt":"2019-02-28T10:59:31","slug":"politica-de-gestion-de-la-calidad","status":"publish","type":"page","link":"https:\/\/www.rppiscinas.com\/es\/politica-de-gestion-de-la-calidad\/","title":{"rendered":"Pol\u00edtica de Gesti\u00f3n de la Calidad"},"content":{"rendered":"<\/div><\/div><\/div><!-- close content main div --><\/div><\/div><div id='av_section_1' class='avia-section main_color avia-section-default avia-no-shadow avia-bg-style-scroll   container_wrap fullsize'   ><div class='container' ><div class='template-page content  av-content-full alpha units'><div class='post-entry post-entry-type-page post-entry-5443'><div class='entry-content-wrapper clearfix'>\n<div class=\"flex_column av_one_half  flex_column_div first  \" ><div class='avia-image-container avia_animated_image avia_animate_when_almost_visible left-to-right av-styling-    avia-align-right '  itemscope=\"itemscope\" itemtype=\"https:\/\/schema.org\/ImageObject\"  ><div class='avia-image-container-inner'><img class='avia_image ' src='https:\/\/www.rppiscinas.com\/es\/wp-content\/uploads\/2019\/02\/RP-IndustriesSA.png' alt='' title='RP-IndustriesSA'   itemprop=\"thumbnailUrl\"  \/><\/div><\/div><\/div><div class=\"flex_column av_one_half  flex_column_div av-zero-column-padding   \" style='border-radius:0px; '><section class=\"av_textblock_section \"  itemscope=\"itemscope\" itemtype=\"https:\/\/schema.org\/CreativeWork\" ><div class='avia_textblock  '   itemprop=\"text\" ><h2>Pol\u00edtica de Gesti\u00f3n de la Calidad<\/h2>\n<\/div><\/section><br \/>\n<div  class='hr hr-short hr-left  '><span class='hr-inner ' ><span class='hr-inner-style'><\/span><\/span><\/div><br \/>\n<section class=\"av_textblock_section \"  itemscope=\"itemscope\" itemtype=\"https:\/\/schema.org\/CreativeWork\" ><div class='avia_textblock  '   itemprop=\"text\" ><p>Desde su fundaci\u00f3n<strong> RP Industries SA<\/strong> privilegia una cultura basada en el rigor, en la consistencia de sus comportamientos, en la orientaci\u00f3n hacia el mercado y en la anticipaci\u00f3n de su evoluci\u00f3n, garantizar la satisfacci\u00f3n de los clientes identificando sus necesidades y expectativas y en el riguroso cumplimiento de lo acordado,\u00a0 en la investigaci\u00f3n y desarrollo de nuevas soluciones, en la b\u00fasqueda de un liderazgo por la calidad e innovaci\u00f3n en los mercados m\u00e1s exigentes, en el refuerzo de los factores que valoren su negocio, en la implicaci\u00f3n con la mejora continua y en el cumplimiento de la legislaci\u00f3n vigente.<\/p>\n<\/div><\/section><br \/>\n<div  class='hr hr-short hr-left  '><span class='hr-inner ' ><span class='hr-inner-style'><\/span><\/span><\/div><\/p><\/div>\n\n","protected":false},"excerpt":{"rendered":"","protected":false},"author":1,"featured_media":0,"parent":0,"menu_order":0,"comment_status":"closed","ping_status":"closed","template":"","meta":[],"_links":{"self":[{"href":"https:\/\/www.rppiscinas.com\/es\/wp-json\/wp\/v2\/pages\/5443"}],"collection":[{"href":"https:\/\/www.rppiscinas.com\/es\/wp-json\/wp\/v2\/pages"}],"about":[{"href":"https:\/\/www.rppiscinas.com\/es\/wp-json\/wp\/v2\/types\/page"}],"author":[{"embeddable":true,"href":"https:\/\/www.rppiscinas.com\/es\/wp-json\/wp\/v2\/users\/1"}],"replies":[{"embeddable":true,"href":"https:\/\/www.rppiscinas.com\/es\/wp-json\/wp\/v2\/comments?post=5443"}],"version-history":[{"count":2,"href":"https:\/\/www.rppiscinas.com\/es\/wp-json\/wp\/v2\/pages\/5443\/revisions"}],"predecessor-version":[{"id":5446,"href":"https:\/\/www.rppiscinas.com\/es\/wp-json\/wp\/v2\/pages\/5443\/revisions\/5446"}],"wp:attachment":[{"href":"https:\/\/www.rppiscinas.com\/es\/wp-json\/wp\/v2\/media?parent=5443"}],"curies":[{"name":"wp","href":"https:\/\/api.w.org\/{rel}","templated":true}]}}