{"id":5350,"date":"2017-02-21T11:19:37","date_gmt":"2017-02-21T11:19:37","guid":{"rendered":"http:\/\/rppiscinas.com\/es\/?page_id=5350"},"modified":"2020-02-12T15:45:18","modified_gmt":"2020-02-12T15:45:18","slug":"compete-2020","status":"publish","type":"page","link":"https:\/\/www.rppiscinas.com\/es\/compete-2020\/","title":{"rendered":"Proyectos Cofinanciados de la UE"},"content":{"rendered":"<div class=\"flex_column av_one_full  flex_column_div av-zero-column-padding first  \" style='border-radius:0px; '><div class=\"tabcontainer   top_tab  \">\n\n<section class=\"av_tab_section\"  itemscope=\"itemscope\" itemtype=\"https:\/\/schema.org\/CreativeWork\" >    <div data-fake-id=\"#tab-id-1\" class=\"tab active_tab\"  itemprop=\"headline\" >SI Inova\u00e7\u00e3o<\/div>\n    <div id=\"tab-id-1-container\" class=\"tab_content active_tab_content\">\n        <div class=\"tab_inner_content invers-color\"  itemprop=\"text\" >\n<div class=\"flex_column av_one_full flex_column_div av-zero-column-padding first avia-builder-el-0 el_before_av_textblock avia-builder-el-first \">\n<section class=\"av_textblock_section \">\n<div class=\"avia_textblock \">\n<p><a class=\"alignnone\" href=\"http:\/\/www.norte2020.pt\/\" target=\"_blank\" rel=\"noopener\"><img decoding=\"async\" loading=\"lazy\" class=\"alignnone size-full wp-image-5124\" src=\"https:\/\/www.rppiscinas.com\/pt\/wp-content\/uploads\/2017\/02\/a.jpg\" sizes=\"(max-width: 326px) 100vw, 326px\" srcset=\"https:\/\/www.rppiscinas.com\/pt\/wp-content\/uploads\/2017\/02\/a.jpg 326w, https:\/\/www.rppiscinas.com\/pt\/wp-content\/uploads\/2017\/02\/a-300x92.jpg 300w\" alt=\"\" width=\"326\" height=\"100\" \/><\/a><a class=\"alignnone\" href=\"https:\/\/www.portugal2020.pt\/Portal2020\" target=\"_blank\" rel=\"noopener\"><img decoding=\"async\" loading=\"lazy\" class=\"alignnone size-full wp-image-5125\" src=\"https:\/\/www.rppiscinas.com\/pt\/wp-content\/uploads\/2017\/02\/b.jpg\" alt=\"\" width=\"192\" height=\"100\" \/><\/a><a class=\"alignnone\" href=\"http:\/\/eur-lex.europa.eu\/legal-content\/PT\/TXT\/?uri=URISERV:g24234\" target=\"_blank\" rel=\"noopener\"><img decoding=\"async\" loading=\"lazy\" class=\"alignnone size-full wp-image-5126\" src=\"https:\/\/www.rppiscinas.com\/pt\/wp-content\/uploads\/2017\/02\/c.jpg\" alt=\"\" width=\"288\" height=\"100\" \/><\/a><\/p>\n<\/div>\n<\/section>\n<\/div>\n<section class=\"av_textblock_section \">\n<div class=\"avia_textblock \">\n<p><strong>Designaci\u00f3n del proyecto:<\/strong>\u00a0Expansi\u00f3n de la capacidad y flexibilidad productiva para producci\u00f3n\u00a0 personalizada en masa.<\/p>\n<p><strong>C\u00f3digo del proyecto:<\/strong>\u00a0NORTE-02-0853-FEDER-014520<\/p>\n<p><strong>Objetivo principal:<\/strong>\u00a0Reforzar la competitividad de las peque\u00f1as y medianas empresas<\/p>\n<p><strong>Regi\u00f3n de intervenci\u00f3n:<\/strong>\u00a0Braga<\/p>\n<p><strong>Entidade beneficiaria:<\/strong>\u00a0R.P. INDUSTRIES, S.A.<\/p>\n<p><strong>Fecha de aprobaci\u00f3n:<\/strong>\u00a015-04-2015<\/p>\n<p><strong>Fecha de inicio:<\/strong>\u00a001-10-2015<\/p>\n<p><strong>Fecha de finalizacion:<\/strong>\u00a030-09-2017<\/p>\n<p><strong>Coste total subvencionable:<\/strong>\u00a01.314.911,00 \u20ac<\/p>\n<p><strong>Apoyo financiero de la Uni\u00f3n Europea:\u00a0<\/strong>\u00a0788.946,60 \u20ac<\/p>\n<p><strong>Objetivos, actividades y resultados esperados \/ alcanzados:<\/strong><\/p>\n<p>R.P. INDUSTRIES, S.A es una empresa de mediana dimensi\u00f3n, con su sede social ubicada en la parroquia de sobreposta, municipio y distrito de Braga.<\/p>\n<p>Con el objetivo principal de producci\u00f3n y comercializaci\u00f3n de piscinas y equipos, R.P. INDUSTRIES, SA ha venido a lo largo de los a\u00f1os a proceder a una apuesta continua en la investigaci\u00f3n y desarrollo de nuevos productos que permitan obtener los mejores resultados en su utilizaci\u00f3n y aplicaci\u00f3n.<\/p>\n<p>La candidatura pretende aumentar la capacidad de una unidad ya existente con la adquisici\u00f3n de nuevos equipos productivos, previendo, adem\u00e1s, inversiones tales como:<\/p>\n<ul>\n<li>Ampliaci\u00f3n de las instalaciones actuales para acoger los equipos a adquirir, creando mejores condiciones para la laboraci\u00f3n sin causar entrop\u00edas a lo largo de todo el proceso productivo;<\/li>\n<li>Adquisici\u00f3n de hardware y software espec\u00edfico que permitan el control de toda la actividad nacional e internacional.<\/li>\n<li>Creaci\u00f3n de condiciones para un mejor acondicionamiento de los productos;<\/li>\n<\/ul>\n<ul>\n<li>Inversiones en el \u00e1rea de la comercializaci\u00f3n.<\/li>\n<\/ul>\n<\/div>\n<\/section>\n\n        <\/div>\n    <\/div>\n<\/section>\n\n<section class=\"av_tab_section\"  itemscope=\"itemscope\" itemtype=\"https:\/\/schema.org\/CreativeWork\" >    <div data-fake-id=\"#tab-id-2\" class=\"tab \"  itemprop=\"headline\" >SI Internacionaliza\u00e7\u00e3o <\/div>\n    <div id=\"tab-id-2-container\" class=\"tab_content \">\n        <div class=\"tab_inner_content invers-color\"  itemprop=\"text\" >\n<div class=\"flex_column av_one_full flex_column_div av-zero-column-padding first avia-builder-el-0 el_before_av_textblock avia-builder-el-first \">\n<section class=\"av_textblock_section \">\n<div class=\"avia_textblock \">\n<p><a class=\"alignnone\" href=\"http:\/\/www.poci-compete2020.pt\/\" target=\"_blank\" rel=\"noopener\"><img decoding=\"async\" loading=\"lazy\" class=\"alignnone wp-image-5118 size-full\" title=\"Logotipo Compete 2020 \" src=\"https:\/\/www.rppiscinas.com\/pt\/wp-content\/uploads\/2017\/02\/1.jpg\" alt=\"Logotipo Compete 2020 \" width=\"265\" height=\"90\" \/><\/a><a class=\"alignnone\" href=\"https:\/\/www.portugal2020.pt\/Portal2020\" target=\"_blank\" rel=\"noopener\"><img decoding=\"async\" loading=\"lazy\" class=\"alignnone wp-image-5119 size-full\" title=\"Logotipo Portugal 2020 \" src=\"https:\/\/www.rppiscinas.com\/pt\/wp-content\/uploads\/2017\/02\/2.jpg\" alt=\"Logotipo Portugal 2020 \" width=\"251\" height=\"90\" \/><\/a><a class=\"alignnone\" href=\"http:\/\/eur-lex.europa.eu\/legal-content\/PT\/TXT\/?uri=URISERV:g24234\" target=\"_blank\" rel=\"noopener\"><img decoding=\"async\" loading=\"lazy\" class=\"alignnone wp-image-5120 size-full\" title=\"Logotipo Uni\u00e3o Europeia\" src=\"https:\/\/www.rppiscinas.com\/pt\/wp-content\/uploads\/2017\/02\/3.jpg\" sizes=\"(max-width: 329px) 100vw, 329px\" srcset=\"https:\/\/www.rppiscinas.com\/pt\/wp-content\/uploads\/2017\/02\/3.jpg 329w, https:\/\/www.rppiscinas.com\/pt\/wp-content\/uploads\/2017\/02\/3-300x82.jpg 300w\" alt=\"Logotipo Uni\u00e3o Europeia\" width=\"329\" height=\"90\" \/><\/a><\/p>\n<\/div>\n<\/section>\n<\/div>\n<section class=\"av_textblock_section \">\n<div class=\"avia_textblock \">\n<p><strong>Projecto n.\u00ba\u00a0<\/strong>19884<\/p>\n<p><strong>Apoyo en el marco del sistema de incentivos<\/strong>\u00a0a la internacionalizaci\u00f3n de las PME<\/p>\n<p><strong>Designaci\u00f3n del proyecto:<\/strong>\u00a0Refuerzo de la presencia de RPI en los mercados internacionales<\/p>\n<p><strong>Fecha de aprobaci\u00f3n:<\/strong>\u00a018.07.2017<\/p>\n<p><strong>Fecha de inicio:<\/strong>\u00a002.05.2016<\/p>\n<p><strong>Fecha de finalizacion:<\/strong>\u00a001.05.2019<\/p>\n<p><strong>Coste total subvencionable:<\/strong>\u00a0706.415,00 \u20ac<\/p>\n<p><strong>Apoyo financiero de la Uni\u00f3n Europea:\u00a0<\/strong>FEDER \u2013 317.886,75 \u20ac<\/p>\n<p><strong>S\u00edntesis del proyecto:<\/strong>\u00a0El presente proyecto tiene por objetivo el refuerzo de la presencia de RPI en los mercados internacionales. La empresa tiene ya una presencia activa en los mercados internacionales, que se traduce en un volumen de negocio internacional del orden del 58%, pero tiene conciencia de que existe un enorme potencial de aceptaci\u00f3n de sus productos en los mercados internacionales. Como tal se han delineado varias acciones que apuntan a la promoci\u00f3n y divulgaci\u00f3n de RPI en los mercados donde ya act\u00faa y en nuevos mercados donde se detectaron potenciales negocios.<\/p>\n<p><img decoding=\"async\" loading=\"lazy\" class=\"size-full wp-image-7163 alignleft\" src=\"https:\/\/www.rppiscinas.com\/pt\/wp-content\/uploads\/2020\/02\/piscinas_rp.png\" alt=\"\" width=\"900\" height=\"368\" \/><\/p>\n<\/div>\n<div class=\"avia_textblock \"><\/div>\n<\/section>\n\n        <\/div>\n    <\/div>\n<\/section>\n\n<\/div><\/div>\n","protected":false},"excerpt":{"rendered":"","protected":false},"author":1,"featured_media":0,"parent":0,"menu_order":0,"comment_status":"closed","ping_status":"closed","template":"","meta":[],"_links":{"self":[{"href":"https:\/\/www.rppiscinas.com\/es\/wp-json\/wp\/v2\/pages\/5350"}],"collection":[{"href":"https:\/\/www.rppiscinas.com\/es\/wp-json\/wp\/v2\/pages"}],"about":[{"href":"https:\/\/www.rppiscinas.com\/es\/wp-json\/wp\/v2\/types\/page"}],"author":[{"embeddable":true,"href":"https:\/\/www.rppiscinas.com\/es\/wp-json\/wp\/v2\/users\/1"}],"replies":[{"embeddable":true,"href":"https:\/\/www.rppiscinas.com\/es\/wp-json\/wp\/v2\/comments?post=5350"}],"version-history":[{"count":8,"href":"https:\/\/www.rppiscinas.com\/es\/wp-json\/wp\/v2\/pages\/5350\/revisions"}],"predecessor-version":[{"id":5362,"href":"https:\/\/www.rppiscinas.com\/es\/wp-json\/wp\/v2\/pages\/5350\/revisions\/5362"}],"wp:attachment":[{"href":"https:\/\/www.rppiscinas.com\/es\/wp-json\/wp\/v2\/media?parent=5350"}],"curies":[{"name":"wp","href":"https:\/\/api.w.org\/{rel}","templated":true}]}}