{"id":4914,"date":"2015-07-30T17:35:39","date_gmt":"2015-07-30T17:35:39","guid":{"rendered":"http:\/\/rppiscinas.com\/es\/?page_id=4914"},"modified":"2016-10-04T09:44:24","modified_gmt":"2016-10-04T09:44:24","slug":"piscina-infinity","status":"publish","type":"page","link":"https:\/\/www.rppiscinas.com\/es\/piscina-infinity\/","title":{"rendered":"Piscina Infinity"},"content":{"rendered":"<div class='avia-button-wrap avia-button-left '><a href='https:\/\/www.rppiscinas.com\/es\/canaleta-finlandesa\/' class='avia-button   avia-icon_select-no avia-color-theme-color avia-size-small avia-position-left '   ><span class='avia_iconbox_title' >T\u00e9cnica<\/span><\/a><\/div>\n<div class='avia-button-wrap avia-button-left '><a href='https:\/\/www.rppiscinas.com\/es\/estructura-piscina-oveflow\/' class='avia-button   avia-icon_select-no avia-color-theme-color avia-size-small avia-position-left '   ><span class='avia_iconbox_title' >Estructura<\/span><\/a><\/div>\n<div class='avia-button-wrap avia-button-left '><a href='https:\/\/www.rppiscinas.com\/es\/modelos-de-piscinas-fondos\/' class='avia-button   avia-icon_select-no avia-color-theme-color avia-size-small avia-position-left '   ><span class='avia_iconbox_title' >Fondos<\/span><\/a><\/div>\n<div class='avia-button-wrap avia-button-left '><a href='https:\/\/www.rppiscinas.com\/es\/liner-piscinas\/' class='avia-button   avia-icon_select-no avia-color-theme-color avia-size-small avia-position-left '   ><span class='avia_iconbox_title' >Liner<\/span><\/a><\/div>\n<div  class='hr hr-default  '><span class='hr-inner ' ><span class='hr-inner-style'><\/span><\/span><\/div>\n<div class=\"flex_column av_one_full  flex_column_div first  \" ><section class=\"av_textblock_section \"  itemscope=\"itemscope\" itemtype=\"https:\/\/schema.org\/CreativeWork\" ><div class='avia_textblock  '   itemprop=\"text\" ><h1>PISCINA INFINITA\u00a0SOLEO INFINITY\u00a0&#8211;\u00a0TRANSBORDO<\/h1>\n<p><strong>Piscina infinita<\/strong> <span id=\"result_box\" class=\"\" lang=\"es\">de la gama Soleo Infinity es un concepto constructivo desarrollado por RP Industries para la instalaci\u00f3n de piscinas con transbordo. Utilizando la tecnolog\u00eda exclusiva Soleo, RP Industries permite la construcci\u00f3n de una piscina infinita en acero con la posibilidad de revestimiento en l\u00e1mina armada 150\/100 o gresite.<\/span><\/p>\n<\/div><\/section><\/div>\n<div class=\"flex_column av_one_full  flex_column_div av-zero-column-padding first  \" style='border-radius:0px; '><div class=' grid-sort-container isotope   no_margin-container with-excerpt-container grid-total-even grid-col-4 grid-links-' data-portfolio-id='1'><div data-ajax-id='4933' class=' grid-entry flex_column isotope-item all_sort no_margin post-entry post-entry-4933 grid-entry-overview grid-loop-1 grid-parity-odd  piscinas-infinity_sort  av_one_fourth first default_av_fullwidth '><article class='main_color inner-entry'  itemscope=\"itemscope\" itemtype=\"https:\/\/schema.org\/CreativeWork\" ><a href='https:\/\/www.rppiscinas.com\/es\/portfolio-item\/sentra-infinity\/' title='Sentra Infinity'  data-rel='grid-1' class='grid-image avia-hover-fx'><img width=\"257\" height=\"183\" src=\"https:\/\/www.rppiscinas.com\/es\/wp-content\/uploads\/2015\/07\/piscinas-infinity-sentra-destaque.jpg\" class=\"attachment-portfolio_small size-portfolio_small wp-post-image\" alt=\"\" decoding=\"async\" loading=\"lazy\" \/><\/a><div class='grid-content'><div class='avia-arrow'><\/div><header class=\"entry-content-header\"><h3 class='grid-entry-title entry-title'  itemprop=\"headline\" ><a href='https:\/\/www.rppiscinas.com\/es\/portfolio-item\/sentra-infinity\/' title='Sentra Infinity'>Sentra Infinity<\/a><\/h3><\/header><\/div><footer class=\"entry-footer\"><\/footer><\/article><\/div><div data-ajax-id='4930' class=' grid-entry flex_column isotope-item all_sort no_margin post-entry post-entry-4930 grid-entry-overview grid-loop-2 grid-parity-even  piscinas-infinity_sort  av_one_fourth  default_av_fullwidth '><article class='main_color inner-entry'  itemscope=\"itemscope\" itemtype=\"https:\/\/schema.org\/CreativeWork\" ><a href='https:\/\/www.rppiscinas.com\/es\/portfolio-item\/cordoba-infinity\/' title='Cordoba R15 Infinity'  data-rel='grid-1' class='grid-image avia-hover-fx'><img width=\"257\" height=\"183\" src=\"https:\/\/www.rppiscinas.com\/es\/wp-content\/uploads\/2015\/07\/piscinas-infinity-cordoba-destaque.jpg\" class=\"attachment-portfolio_small size-portfolio_small wp-post-image\" alt=\"\" decoding=\"async\" loading=\"lazy\" \/><\/a><div class='grid-content'><div class='avia-arrow'><\/div><header class=\"entry-content-header\"><h3 class='grid-entry-title entry-title'  itemprop=\"headline\" ><a href='https:\/\/www.rppiscinas.com\/es\/portfolio-item\/cordoba-infinity\/' title='Cordoba R15 Infinity'>Cordoba R15 Infinity<\/a><\/h3><\/header><\/div><footer class=\"entry-footer\"><\/footer><\/article><\/div><div data-ajax-id='4926' class=' grid-entry flex_column isotope-item all_sort no_margin post-entry post-entry-4926 grid-entry-overview grid-loop-3 grid-parity-odd  piscinas-infinity_sort  av_one_fourth  default_av_fullwidth '><article class='main_color inner-entry'  itemscope=\"itemscope\" itemtype=\"https:\/\/schema.org\/CreativeWork\" ><a href='https:\/\/www.rppiscinas.com\/es\/portfolio-item\/santiago-r15-infinity\/' title='Santiago R15 Infinity'  data-rel='grid-1' class='grid-image avia-hover-fx'><img width=\"257\" height=\"183\" src=\"https:\/\/www.rppiscinas.com\/es\/wp-content\/uploads\/2015\/07\/piscina-soleo-infinity-santiago-01.jpg\" class=\"attachment-portfolio_small size-portfolio_small wp-post-image\" alt=\"Piscina SOLEO Infinity Santiago\" decoding=\"async\" loading=\"lazy\" \/><\/a><div class='grid-content'><div class='avia-arrow'><\/div><header class=\"entry-content-header\"><h3 class='grid-entry-title entry-title'  itemprop=\"headline\" ><a href='https:\/\/www.rppiscinas.com\/es\/portfolio-item\/santiago-r15-infinity\/' title='Santiago R15 Infinity'>Santiago R15 Infinity<\/a><\/h3><\/header><\/div><footer class=\"entry-footer\"><\/footer><\/article><\/div><div data-ajax-id='4919' class=' grid-entry flex_column isotope-item all_sort no_margin post-entry post-entry-4919 grid-entry-overview grid-loop-4 grid-parity-even  post-entry-last  piscinas-infinity_sort  av_one_fourth  default_av_fullwidth '><article class='main_color inner-entry'  itemscope=\"itemscope\" itemtype=\"https:\/\/schema.org\/CreativeWork\" ><a href='https:\/\/www.rppiscinas.com\/es\/portfolio-item\/rectangle-infinity\/' title='Rectangle Infinity'  data-rel='grid-1' class='grid-image avia-hover-fx'><img width=\"257\" height=\"183\" src=\"https:\/\/www.rppiscinas.com\/es\/wp-content\/uploads\/2015\/07\/piscinas-infinity-rectangle-destaque.jpg\" class=\"attachment-portfolio_small size-portfolio_small wp-post-image\" alt=\"Piscina de a\u00e7o SOLEO Infinity\" decoding=\"async\" loading=\"lazy\" \/><\/a><div class='grid-content'><div class='avia-arrow'><\/div><header class=\"entry-content-header\"><h3 class='grid-entry-title entry-title'  itemprop=\"headline\" ><a href='https:\/\/www.rppiscinas.com\/es\/portfolio-item\/rectangle-infinity\/' title='Rectangle Infinity'>Rectangle Infinity<\/a><\/h3><\/header><\/div><footer class=\"entry-footer\"><\/footer><\/article><\/div><\/div><\/div>\n<div  class='hr hr-short hr-center  '><span class='hr-inner ' ><span class='hr-inner-style'><\/span><\/span><\/div>\n<div  class='hr hr-default  '><span class='hr-inner ' ><span class='hr-inner-style'><\/span><\/span><\/div>\n<div class=\"flex_column av_one_full  flex_column_div first  \" ><section class=\"av_textblock_section \"  itemscope=\"itemscope\" itemtype=\"https:\/\/schema.org\/CreativeWork\" ><div class='avia_textblock  '   itemprop=\"text\" ><p><strong>PISCINA INFINITA SOLEO <\/strong><\/p>\n<p><span id=\"result_box\" class=\"\" lang=\"es\"><span title=\"Piscina infinita em a\u00e7o galvanizado SOLEO, desenvolvida com base num conceito est\u00e9tico que permite a cria\u00e7\u00e3o de um efeito visual ou ilus\u00e3o \u00f3tica onde a \u00e1gua se transforma num prolongamento da linha do horizonte.\"><strong>Piscina infinita<\/strong> en acero galvanizado Soleo, desarrollada con base en un concepto est\u00e9tico que le permite crear un efecto visual o ilusi\u00f3n \u00f3ptica donde el agua se convierte en una extensi\u00f3n del horizonte. <\/span><span title=\"A est\u00e9tica resultante da instala\u00e7\u00e3o de uma piscina infinita SOLEO oferece efeitos est\u00e9ticos surpreendente, transformando-se na continuidade do ambiente circundante da pr\u00f3pria piscina. \">La instalaci\u00f3n est\u00e9tica resultante de una <strong>piscina infinita Soleo<\/strong> ofrece sorprendentes efectos est\u00e9ticos, convirti\u00e9ndose en la continuidad de lo propio ambiente al entorno de la piscina.<\/span><\/span><\/p>\n<p><span title=\"Utilizada em distintas situa\u00e7\u00f5es, a instala\u00e7\u00e3o de uma piscina infinita \u00e9 grande parte das vezes realizada para dar uma resposta eficaz \u00e0 configura\u00e7\u00e3o de terrenos mais complexos e com declives acentuados. \">Utilizada en diferentes situaciones, la instalaci\u00f3n de una piscina infinita es hecha para dar una respuesta eficaz a una configuraci\u00f3n del terreno m\u00e1s complejo y con laderas pronunciadas.<\/span><\/p>\n<p><span title=\"Recorrendo a processos de \u00faltima gera\u00e7\u00e3o a tecnologia SOLEO INFINITY utiliza para a sua concep\u00e7\u00e3o os pain\u00e9is em a\u00e7o galvanizado RPI, com possibilidade de aplica\u00e7\u00e3o de revestimento em tela armada 150\/100 ou pastilha de vidro AQUAVITREO.\">Recurriendo a procesos de \u00faltima generaci\u00f3n la tecnolog\u00eda<strong> Soleo Infinity<\/strong> utiliza para su concepci\u00f3n paneles en acero galvanizado RPI, con la posibilidad de aplicaci\u00f3n de revestimiento en l\u00e1mina armada 150\/100 o gresite Aquavitreo. <\/span><span title=\"Gra\u00e7as a esta tecnologia inovadora \u00e9 poss\u00edvel a instala\u00e7\u00e3o de uma piscina infinita em pouco mais de 7 a 8 dias. \">Gracias a esta tecnolog\u00eda innovadora es posible instalar una piscina infinita en\u00a0 7 o 8 d\u00edas.<\/span><\/p>\n<p><span title=\"Com vantagens exclusivas a tecnologia SOLEO INFINITY, desenvolvida para a instala\u00e7\u00e3o de uma piscina infinita, permite contornar as fragilidades normalmente associadas \u00e0s tecnologias convencionais de bet\u00e3o, que em grande parte das vezes obrigam \u00e0 realiza\u00e7\u00e3o de manuten\u00e7\u00f5es regulares, assim como a repara\u00e7\u00f5es que implicam investimentos consider\u00e1veis\">Con ventajas \u00fanicas, la tecnolog\u00eda Soleo Infinity, desarrollada para la instalaci\u00f3n de una piscina infinita, permite evitar las debilidades que normalmente se asocian a las tecnolog\u00edas convencionales de hormig\u00f3n, que la mayor\u00eda de las veces requieren una manutenci\u00f3n regular, as\u00ed como reparaciones que implican una considerable inversi\u00f3n <\/span><span title=\". \">.<\/span><\/p>\n<p><span title=\"Desta forma, al\u00e9m do sistema construtivo SOLEO RP INDUSTRIES apresentar como estrutura o a\u00e7o mais resistente do mercado utilizado na constru\u00e7\u00e3o de piscinas, permite ainda na globalidade do conceito, disponibilizar um sistema de qualidade superior no que respeita \u00e0 resist\u00eancia a fen\u00f3menos como a atividade s\u00edsmica,\">As\u00ed, adem\u00e1s del sistema constructivo Soleo RP Industries se presentar como la estructura en acero m\u00e1s resistente del mercado utilizado en la construcci\u00f3n de piscinas, tambi\u00e9n permite proporcionar un sistema superior con respecto a la resistencia a los fen\u00f3menos naturales como la actividad s\u00edsmica, <\/span><span title=\"amplitude t\u00e9rmica ou a compacta\u00e7\u00e3o natural das terras.\">rango de temperatura o la compactaci\u00f3n natural de las tierras.<\/span><\/p>\n<\/div><\/section><\/div>\n","protected":false},"excerpt":{"rendered":"","protected":false},"author":1,"featured_media":0,"parent":0,"menu_order":0,"comment_status":"closed","ping_status":"closed","template":"","meta":[],"_links":{"self":[{"href":"https:\/\/www.rppiscinas.com\/es\/wp-json\/wp\/v2\/pages\/4914"}],"collection":[{"href":"https:\/\/www.rppiscinas.com\/es\/wp-json\/wp\/v2\/pages"}],"about":[{"href":"https:\/\/www.rppiscinas.com\/es\/wp-json\/wp\/v2\/types\/page"}],"author":[{"embeddable":true,"href":"https:\/\/www.rppiscinas.com\/es\/wp-json\/wp\/v2\/users\/1"}],"replies":[{"embeddable":true,"href":"https:\/\/www.rppiscinas.com\/es\/wp-json\/wp\/v2\/comments?post=4914"}],"version-history":[{"count":13,"href":"https:\/\/www.rppiscinas.com\/es\/wp-json\/wp\/v2\/pages\/4914\/revisions"}],"predecessor-version":[{"id":5186,"href":"https:\/\/www.rppiscinas.com\/es\/wp-json\/wp\/v2\/pages\/4914\/revisions\/5186"}],"wp:attachment":[{"href":"https:\/\/www.rppiscinas.com\/es\/wp-json\/wp\/v2\/media?parent=4914"}],"curies":[{"name":"wp","href":"https:\/\/api.w.org\/{rel}","templated":true}]}}