{"id":4290,"date":"2015-05-19T13:50:48","date_gmt":"2015-05-19T13:50:48","guid":{"rendered":"http:\/\/rppiscinas.com\/es\/?page_id=4290"},"modified":"2016-10-04T15:23:17","modified_gmt":"2016-10-04T15:23:17","slug":"limpieza-de-piscinas","status":"publish","type":"page","link":"https:\/\/www.rppiscinas.com\/es\/limpieza-de-piscinas\/","title":{"rendered":"Limpieza de piscinas e servicios de manutenci\u00f3n"},"content":{"rendered":"<div class=\"flex_column av_one_full  flex_column_div first  \" ><section class=\"av_textblock_section \"  itemscope=\"itemscope\" itemtype=\"https:\/\/schema.org\/CreativeWork\" ><div class='avia_textblock  '   itemprop=\"text\" ><p><span id=\"result_box\" class=\"\" lang=\"es\">Limpieza de piscinas, servicios de asistencia t\u00e9cnica y manutenci\u00f3n fueran \u00e1reas desarrolladas por RP Industries hace m\u00e1s de dos d\u00e9cadas, lo que permite a la marca proporcionar toda la experiencia acumulada en<strong> manutenci\u00f3n, tratamiento y limpieza de piscinas<\/strong>. Con metodolog\u00edas que se basan en la experiencia de los equipos t\u00e9cnicos especializados que cada d\u00eda dan apoyo a miles de clientes en todo el mundo, los servicios de manutenci\u00f3n y limpieza de piscinas son la soluci\u00f3n ideal para aquellos que quieren que la piscina presente un aspecto limpio y saludable .<\/span><\/p>\n<p><strong><span class=\"\">Para ponerse en contacto<\/span> <span class=\"\">con nosotros directamente<\/span>, por favor utilice el formulario abajo.<\/strong><\/p>\n<\/div><\/section><\/div><div class=\"flex_column av_one_half  flex_column_div first  \" ><section class=\"av_textblock_section \"  itemscope=\"itemscope\" itemtype=\"https:\/\/schema.org\/CreativeWork\" ><div class='avia_textblock  '   itemprop=\"text\" ><h4>Dados Personales:<\/h4>\n<p>(*)\u00a0Campos obligat\u00f3rios<\/p>\n<div role=\"form\" class=\"wpcf7\" id=\"wpcf7-f4291-o1\" lang=\"pt-PT\" dir=\"ltr\">\n<div class=\"screen-reader-response\"><\/div>\n<form action=\"\/es\/wp-json\/wp\/v2\/pages\/4290#wpcf7-f4291-o1\" method=\"post\" class=\"wpcf7-form\" novalidate=\"novalidate\">\n<div style=\"display: none;\">\n<input type=\"hidden\" name=\"_wpcf7\" value=\"4291\" \/>\n<input type=\"hidden\" name=\"_wpcf7_version\" value=\"5.0.1\" \/>\n<input type=\"hidden\" name=\"_wpcf7_locale\" value=\"pt_PT\" \/>\n<input type=\"hidden\" name=\"_wpcf7_unit_tag\" value=\"wpcf7-f4291-o1\" \/>\n<input type=\"hidden\" name=\"_wpcf7_container_post\" value=\"0\" \/>\n<\/div>\n<p>Nombre*<br \/>\n    <span class=\"wpcf7-form-control-wrap your-name\"><input type=\"text\" name=\"your-name\" value=\"\" size=\"40\" class=\"wpcf7-form-control wpcf7-text wpcf7-validates-as-required\" aria-required=\"true\" aria-invalid=\"false\" \/><\/span> <\/p>\n<p>Direcci\u00f3n*<br \/>\n    <span class=\"wpcf7-form-control-wrap morada\"><input type=\"text\" name=\"morada\" value=\"\" size=\"40\" class=\"wpcf7-form-control wpcf7-text wpcf7-validates-as-required\" aria-required=\"true\" aria-invalid=\"false\" \/><\/span> <\/p>\n<p>C\u00f3d. Postal*<br \/>\n     <span class=\"wpcf7-form-control-wrap codigopostal\"><input type=\"text\" name=\"codigopostal\" value=\"\" size=\"40\" class=\"wpcf7-form-control wpcf7-text wpcf7-validates-as-required\" aria-required=\"true\" aria-invalid=\"false\" \/><\/span> <\/p>\n<p>Localidad*<br \/>\n     <span class=\"wpcf7-form-control-wrap Localidade\"><input type=\"text\" name=\"Localidade\" value=\"\" size=\"40\" class=\"wpcf7-form-control wpcf7-text wpcf7-validates-as-required\" aria-required=\"true\" aria-invalid=\"false\" \/><\/span> <\/p>\n<p>M\u00f3vil*<br \/>\n    <span class=\"wpcf7-form-control-wrap tel-477\"><input type=\"tel\" name=\"tel-477\" value=\"\" size=\"40\" class=\"wpcf7-form-control wpcf7-text wpcf7-tel wpcf7-validates-as-required wpcf7-validates-as-tel\" aria-required=\"true\" aria-invalid=\"false\" \/><\/span> <\/p>\n<p>Tel\u00e9fono<br \/>\n     <span class=\"wpcf7-form-control-wrap tel-893\"><input type=\"tel\" name=\"tel-893\" value=\"\" size=\"40\" class=\"wpcf7-form-control wpcf7-text wpcf7-tel wpcf7-validates-as-tel\" aria-invalid=\"false\" \/><\/span> <\/p>\n<p>Email*<br \/>\n    <span class=\"wpcf7-form-control-wrap your-email\"><input type=\"email\" name=\"your-email\" value=\"\" size=\"40\" class=\"wpcf7-form-control wpcf7-text wpcf7-email wpcf7-validates-as-required wpcf7-validates-as-email\" aria-required=\"true\" aria-invalid=\"false\" \/><\/span> <\/p>\n<p>Su mensage<br \/>\n    <span class=\"wpcf7-form-control-wrap your-message\"><textarea name=\"your-message\" cols=\"40\" rows=\"10\" class=\"wpcf7-form-control wpcf7-textarea\" aria-invalid=\"false\"><\/textarea><\/span> <\/p>\n<p><span class=\"wpcf7-form-control-wrap acceptance-546\"><span class=\"wpcf7-form-control wpcf7-acceptance\"><span class=\"wpcf7-list-item\"><label><input type=\"checkbox\" name=\"acceptance-546\" value=\"1\" aria-invalid=\"false\" \/><span class=\"wpcf7-list-item-label\">Autorizo el tratamiento automatizado de los datos por mi delegados.<\/span><\/label><\/span><\/span><\/span><\/p>\n<p>Para m\u00e1s informaci\u00f3n consulte nuestra <strong><a href=\"\/\/www.rppiscinas.com\/es\/politica-privacidad\/\" target=\"_blank\">Pol\u00edtica de Privacidad<\/a><\/strong><br \/>\n<span class=\"wpcf7-form-control-wrap math-quiz\"><label><span class=\"wpcf7-quiz-label\">13+37=?<\/span> <input type=\"text\" name=\"math-quiz\" size=\"40\" class=\"wpcf7-form-control wpcf7-quiz\" autocomplete=\"off\" aria-required=\"true\" aria-invalid=\"false\" \/><\/label><input type=\"hidden\" name=\"_wpcf7_quiz_answer_math-quiz\" value=\"67a1d98c3da93492fdbd5d669077d128\" \/><\/span><\/p>\n<p><input type=\"submit\" value=\"Enviar\" class=\"wpcf7-form-control wpcf7-submit\" \/><\/p>\n<div class=\"wpcf7-response-output wpcf7-display-none\"><\/div><\/form><\/div>\n<\/div><\/section><\/div><div class=\"flex_column av_one_half  flex_column_div av-zero-column-padding   \" style='border-radius:0px; '><p><div style='height:20px' class='hr hr-invisible  '><span class='hr-inner ' ><span class='hr-inner-style'><\/span><\/span><\/div><br \/>\n<div class='avia-image-container  av-styling-    avia-align-center '  itemscope=\"itemscope\" itemtype=\"https:\/\/schema.org\/ImageObject\"  ><div class='avia-image-container-inner'><img class='avia_image ' src='http:\/\/rppiscinas.com\/es\/wp-content\/uploads\/2015\/05\/piscinas_SOLEO_tecnica.jpg' alt='Limpeza de piscinas SOLEO - equipas t\u00e9cnicas' title='Limpeza de piscinas SOLEO'   itemprop=\"thumbnailUrl\"  \/><\/div><\/div><\/p><\/div><\/p>\n","protected":false},"excerpt":{"rendered":"","protected":false},"author":1,"featured_media":0,"parent":0,"menu_order":0,"comment_status":"open","ping_status":"open","template":"","meta":[],"_links":{"self":[{"href":"https:\/\/www.rppiscinas.com\/es\/wp-json\/wp\/v2\/pages\/4290"}],"collection":[{"href":"https:\/\/www.rppiscinas.com\/es\/wp-json\/wp\/v2\/pages"}],"about":[{"href":"https:\/\/www.rppiscinas.com\/es\/wp-json\/wp\/v2\/types\/page"}],"author":[{"embeddable":true,"href":"https:\/\/www.rppiscinas.com\/es\/wp-json\/wp\/v2\/users\/1"}],"replies":[{"embeddable":true,"href":"https:\/\/www.rppiscinas.com\/es\/wp-json\/wp\/v2\/comments?post=4290"}],"version-history":[{"count":19,"href":"https:\/\/www.rppiscinas.com\/es\/wp-json\/wp\/v2\/pages\/4290\/revisions"}],"predecessor-version":[{"id":5237,"href":"https:\/\/www.rppiscinas.com\/es\/wp-json\/wp\/v2\/pages\/4290\/revisions\/5237"}],"wp:attachment":[{"href":"https:\/\/www.rppiscinas.com\/es\/wp-json\/wp\/v2\/media?parent=4290"}],"curies":[{"name":"wp","href":"https:\/\/api.w.org\/{rel}","templated":true}]}}