{"id":4285,"date":"2015-05-19T13:40:14","date_gmt":"2015-05-19T13:40:14","guid":{"rendered":"http:\/\/rppiscinas.com\/es\/?page_id=4285"},"modified":"2016-10-12T16:26:35","modified_gmt":"2016-10-12T16:26:35","slug":"pedido-catalogo-de-coberturas","status":"publish","type":"page","link":"https:\/\/www.rppiscinas.com\/es\/pedido-catalogo-de-coberturas\/","title":{"rendered":"Pedido Cat\u00e1logo de Cubiertas"},"content":{"rendered":"<div class=\"flex_column av_one_half  flex_column_div first  \" ><section class=\"av_textblock_section \"  itemscope=\"itemscope\" itemtype=\"https:\/\/schema.org\/CreativeWork\" ><div class='avia_textblock  '   itemprop=\"text\" ><h1>CAT\u00c1LOGO DE\u00a0CUBIERTAS<\/h1>\n<p><span id=\"result_box\" class=\"\" lang=\"es\">Soleo ofrece una amplia gama de cubiertas para piscinas. Capaz de proporcionar a su piscina la m\u00e1xima seguridad, la gama de cubiertas Soleo tambi\u00e9n ofrece la excelencia est\u00e9tica y ahorros <span class=\"\">incre\u00edbles<\/span>.<\/span><\/p>\n<\/div><\/section><\/div><div class=\"flex_column av_one_half  flex_column_div av-zero-column-padding   \" style='border-radius:0px; '><section class=\"av_textblock_section \"  itemscope=\"itemscope\" itemtype=\"https:\/\/schema.org\/CreativeWork\" ><div class='avia_textblock  '   itemprop=\"text\" ><h3>Dados Personales:<\/h3>\n<div role=\"form\" class=\"wpcf7\" id=\"wpcf7-f4284-o1\" lang=\"pt-BR\" dir=\"ltr\">\n<div class=\"screen-reader-response\"><\/div>\n<form action=\"\/es\/wp-json\/wp\/v2\/pages\/4285#wpcf7-f4284-o1\" method=\"post\" class=\"wpcf7-form\" novalidate=\"novalidate\">\n<div style=\"display: none;\">\n<input type=\"hidden\" name=\"_wpcf7\" value=\"4284\" \/>\n<input type=\"hidden\" name=\"_wpcf7_version\" value=\"5.0.1\" \/>\n<input type=\"hidden\" name=\"_wpcf7_locale\" value=\"pt_BR\" \/>\n<input type=\"hidden\" name=\"_wpcf7_unit_tag\" value=\"wpcf7-f4284-o1\" \/>\n<input type=\"hidden\" name=\"_wpcf7_container_post\" value=\"0\" \/>\n<\/div>\n<p>Su nombre *<br\/><span class=\"wpcf7-form-control-wrap your-name\"><input type=\"text\" name=\"your-name\" value=\"\" size=\"40\" class=\"wpcf7-form-control wpcf7-text wpcf7-validates-as-required\" aria-required=\"true\" aria-invalid=\"false\" \/><\/span> <\/p>\n<p>Su email *<br \/>\n    <span class=\"wpcf7-form-control-wrap your-email\"><input type=\"email\" name=\"your-email\" value=\"\" size=\"40\" class=\"wpcf7-form-control wpcf7-text wpcf7-email wpcf7-validates-as-required wpcf7-validates-as-email\" aria-required=\"true\" aria-invalid=\"false\" \/><\/span> <\/p>\n<p<Su Direcci\u00f3n*<br \/>\n<span class=\"wpcf7-form-control-wrap Morada\"><input type=\"text\" name=\"Morada\" value=\"\" size=\"40\" class=\"wpcf7-form-control wpcf7-text wpcf7-validates-as-required\" aria-required=\"true\" aria-invalid=\"false\" \/><\/span><\/p>\n<p>C\u00f3digo Postal *<br \/>\n<span class=\"wpcf7-form-control-wrap codigo_postal\"><input type=\"text\" name=\"codigo_postal\" value=\"\" size=\"40\" class=\"wpcf7-form-control wpcf7-text wpcf7-validates-as-required\" aria-required=\"true\" aria-invalid=\"false\" \/><\/span><\/p>\n<p>Ciudad *<br \/>\n<span class=\"wpcf7-form-control-wrap cidade\"><input type=\"text\" name=\"cidade\" value=\"\" size=\"40\" class=\"wpcf7-form-control wpcf7-text wpcf7-validates-as-required\" aria-required=\"true\" aria-invalid=\"false\" \/><\/span><\/p>\n<p>Pa\u00eds *<br \/>\n<span class=\"wpcf7-form-control-wrap pais\"><input type=\"text\" name=\"pais\" value=\"\" size=\"40\" class=\"wpcf7-form-control wpcf7-text wpcf7-validates-as-required\" aria-required=\"true\" aria-invalid=\"false\" \/><\/span><\/p>\n<p>Tel\u00e9fono \/ M\u00f3vil *<br \/>\n<span class=\"wpcf7-form-control-wrap telefone\"><input type=\"tel\" name=\"telefone\" value=\"\" size=\"40\" class=\"wpcf7-form-control wpcf7-text wpcf7-tel wpcf7-validates-as-required wpcf7-validates-as-tel\" aria-required=\"true\" aria-invalid=\"false\" \/><\/span><\/p>\n<p>N\u00ba Alternativo <br \/>\n<span class=\"wpcf7-form-control-wrap telefone_alter\"><input type=\"tel\" name=\"telefone_alter\" value=\"\" size=\"40\" class=\"wpcf7-form-control wpcf7-text wpcf7-tel wpcf7-validates-as-tel\" aria-invalid=\"false\" \/><\/span><\/p>\n<p>Forma de Envio*<\/p>\n<p><span class=\"wpcf7-form-control-wrap Formato\"><span class=\"wpcf7-form-control wpcf7-checkbox wpcf7-validates-as-required\"><span class=\"wpcf7-list-item first\"><label><input type=\"checkbox\" name=\"Formato[]\" value=\"Papel (Impresso)\" \/><span class=\"wpcf7-list-item-label\">Papel (Impresso)<\/span><\/label><\/span><span class=\"wpcf7-list-item last\"><label><input type=\"checkbox\" name=\"Formato[]\" value=\"Digital (Ficheiro Pdf)\" \/><span class=\"wpcf7-list-item-label\">Digital (Ficheiro Pdf)<\/span><\/label><\/span><\/span><\/span><\/p>\n<p>Asunto<br\/><br \/>\n<span class=\"wpcf7-form-control-wrap Assunto\"><textarea name=\"Assunto\" cols=\"40\" rows=\"10\" class=\"wpcf7-form-control wpcf7-textarea\" aria-invalid=\"false\"><\/textarea><\/span><\/p>\n<p><span class=\"wpcf7-form-control-wrap acceptance-546\"><span class=\"wpcf7-form-control wpcf7-acceptance\"><span class=\"wpcf7-list-item\"><label><input type=\"checkbox\" name=\"acceptance-546\" value=\"1\" aria-invalid=\"false\" \/><span class=\"wpcf7-list-item-label\">Autorizo el tratamiento automatizado de los datos por mi delegados.<\/span><\/label><\/span><\/span><\/span><\/p>\n<p>Para m\u00e1s informaci\u00f3n consulte nuestra <strong><a href=\"\/\/www.rppiscinas.com\/es\/politica-privacidad\/\" target=\"_blank\">Pol\u00edtica de Privacidad<\/a><\/strong><br \/>\n<span class=\"wpcf7-form-control-wrap math-quiz\"><label><span class=\"wpcf7-quiz-label\">8+12=?<\/span> <input type=\"text\" name=\"math-quiz\" size=\"40\" class=\"wpcf7-form-control wpcf7-quiz\" autocomplete=\"off\" aria-required=\"true\" aria-invalid=\"false\" \/><\/label><input type=\"hidden\" name=\"_wpcf7_quiz_answer_math-quiz\" value=\"81b5e28609dac89f44b86d10669d4fba\" \/><\/span><\/p>\n<p><br\/><\/p>\n<p><input type=\"submit\" value=\"Enviar\" class=\"wpcf7-form-control wpcf7-submit\" \/><\/p>\n<p> *Campos obligatorios\n<p\/>\n<div class=\"wpcf7-response-output wpcf7-display-none\"><\/div><\/form><\/div>\n<\/div><\/section><\/div><\/p>\n","protected":false},"excerpt":{"rendered":"","protected":false},"author":1,"featured_media":0,"parent":0,"menu_order":0,"comment_status":"open","ping_status":"open","template":"","meta":[],"_links":{"self":[{"href":"https:\/\/www.rppiscinas.com\/es\/wp-json\/wp\/v2\/pages\/4285"}],"collection":[{"href":"https:\/\/www.rppiscinas.com\/es\/wp-json\/wp\/v2\/pages"}],"about":[{"href":"https:\/\/www.rppiscinas.com\/es\/wp-json\/wp\/v2\/types\/page"}],"author":[{"embeddable":true,"href":"https:\/\/www.rppiscinas.com\/es\/wp-json\/wp\/v2\/users\/1"}],"replies":[{"embeddable":true,"href":"https:\/\/www.rppiscinas.com\/es\/wp-json\/wp\/v2\/comments?post=4285"}],"version-history":[{"count":5,"href":"https:\/\/www.rppiscinas.com\/es\/wp-json\/wp\/v2\/pages\/4285\/revisions"}],"predecessor-version":[{"id":5326,"href":"https:\/\/www.rppiscinas.com\/es\/wp-json\/wp\/v2\/pages\/4285\/revisions\/5326"}],"wp:attachment":[{"href":"https:\/\/www.rppiscinas.com\/es\/wp-json\/wp\/v2\/media?parent=4285"}],"curies":[{"name":"wp","href":"https:\/\/api.w.org\/{rel}","templated":true}]}}