{"id":4154,"date":"2015-05-01T09:54:07","date_gmt":"2015-05-01T09:54:07","guid":{"rendered":"http:\/\/rppiscinas.com\/es\/?page_id=4154"},"modified":"2016-10-12T11:17:35","modified_gmt":"2016-10-12T11:17:35","slug":"piscinas-exteriores","status":"publish","type":"page","link":"https:\/\/www.rppiscinas.com\/es\/piscinas-exteriores\/","title":{"rendered":"Piscinas exteriores Soleo"},"content":{"rendered":"<div  class='hr hr-default  '><span class='hr-inner ' ><span class='hr-inner-style'><\/span><\/span><\/div>\n<div class=\"flex_column av_one_full  flex_column_div first  \" ><section class=\"av_textblock_section \"  itemscope=\"itemscope\" itemtype=\"https:\/\/schema.org\/CreativeWork\" ><div class='avia_textblock  '   itemprop=\"text\" ><h4>PISCINAS \u00a0DE REFERENCIA<\/h4>\n<p>Por la fuerza y dimensi\u00f3n que a lo largo de los a\u00f1os ha sido capaz de demostrar, la marca Soleo es la primera opci\u00f3n hoy en d\u00eda en hoteles y cresorts de lujo. La instalaci\u00f3n de m\u00e1s de 50 500 piscinas interiores y exteriores en todo el mundo, permiti\u00f3 la marca Soleo\u00a0la instalaci\u00f3n de algunas de las m\u00e1s bellas piscinas.<\/p>\n<\/div><\/section><\/div>\n<div class=\"flex_column av_one_full  flex_column_div av-zero-column-padding first  \" style='border-radius:0px; '><div class=' grid-sort-container isotope   no_margin-container with-excerpt-container grid-total-even grid-col-4 grid-links-' data-portfolio-id='1'><div data-ajax-id='4169' class=' grid-entry flex_column isotope-item all_sort no_margin post-entry post-entry-4169 grid-entry-overview grid-loop-1 grid-parity-odd  piscinas-de-eleicao_sort  av_one_fourth first default_av_fullwidth '><article class='main_color inner-entry'  itemscope=\"itemscope\" itemtype=\"https:\/\/schema.org\/CreativeWork\" ><a href='https:\/\/www.rppiscinas.com\/es\/portfolio-item\/eden-resort\/' title='Eden Resort'  data-rel='grid-1' class='grid-image avia-hover-fx'><img width=\"260\" height=\"185\" src=\"https:\/\/www.rppiscinas.com\/es\/wp-content\/uploads\/2015\/05\/piscina_Eden_01-260x185.jpg\" class=\"attachment-portfolio_small size-portfolio_small wp-post-image\" alt=\"\" decoding=\"async\" loading=\"lazy\" \/><\/a><div class='grid-content'><div class='avia-arrow'><\/div><header class=\"entry-content-header\"><h3 class='grid-entry-title entry-title'  itemprop=\"headline\" ><a href='https:\/\/www.rppiscinas.com\/es\/portfolio-item\/eden-resort\/' title='Eden Resort'>Eden Resort<\/a><\/h3><\/header><\/div><footer class=\"entry-footer\"><\/footer><\/article><\/div><div data-ajax-id='4161' class=' grid-entry flex_column isotope-item all_sort no_margin post-entry post-entry-4161 grid-entry-overview grid-loop-2 grid-parity-even  post-entry-last  piscinas-de-eleicao_sort  av_one_fourth  default_av_fullwidth '><article class='main_color inner-entry'  itemscope=\"itemscope\" itemtype=\"https:\/\/schema.org\/CreativeWork\" ><a href='https:\/\/www.rppiscinas.com\/es\/portfolio-item\/amendoeira\/' title='Amendoeira Golf Resort'  data-rel='grid-1' class='grid-image avia-hover-fx'><img width=\"260\" height=\"185\" src=\"https:\/\/www.rppiscinas.com\/es\/wp-content\/uploads\/2015\/05\/piscinas_Amendoeira_02-260x185.jpg\" class=\"attachment-portfolio_small size-portfolio_small wp-post-image\" alt=\"piscinas SOLEO Amendoeira Golf Resort\" decoding=\"async\" loading=\"lazy\" \/><\/a><div class='grid-content'><div class='avia-arrow'><\/div><header class=\"entry-content-header\"><h3 class='grid-entry-title entry-title'  itemprop=\"headline\" ><a href='https:\/\/www.rppiscinas.com\/es\/portfolio-item\/amendoeira\/' title='Amendoeira Golf Resort'>Amendoeira Golf Resort<\/a><\/h3><\/header><\/div><footer class=\"entry-footer\"><\/footer><\/article><\/div><\/div><\/div>\n<div  class='hr hr-default  '><span class='hr-inner ' ><span class='hr-inner-style'><\/span><\/span><\/div>\n<div class=\"flex_column av_one_full  flex_column_div first  \" ><section class=\"av_textblock_section \"  itemscope=\"itemscope\" itemtype=\"https:\/\/schema.org\/CreativeWork\" ><div class='avia_textblock  '   itemprop=\"text\" ><p><strong>SOLEO &#8211; PISCINAS EXTERIORES Y INTERIORES<\/strong><\/p>\n<div id=\"gt-text-top\">\n<div id=\"gt-src-c\" class=\"g-unit\"><\/div>\n<div id=\"gt-res-c\" class=\"g-unit\">\n<div id=\"gt-res-p\">\n<div id=\"gt-res-data\">\n<div id=\"gt-res-wrap\">\n<div id=\"gt-res-content\">\n<div dir=\"ltr\"><span id=\"result_box\" class=\"\" lang=\"es\">La avanzada tecnolog\u00eda utilizada en la instalaci\u00f3n de piscinas exteriores\u00a0o interioreas Soleo permite aplicaciones en cualquier tipo de terreno: plana, c\u00f3ncava, con inclinaci\u00f3n\u00a0o terrazas siempre es posible la instalaci\u00f3n de piscinas Soleo, enterradas<span class=\"\">,<\/span> <span class=\"\">semienterradas<\/span> <span class=\"\">en<\/span>\u00a0<span class=\"\">cubiertas de edificios o<\/span> <span class=\"\">lagos<\/span>.<\/span><\/div>\n<\/div>\n<\/div>\n<\/div>\n<\/div>\n<\/div>\n<\/div>\n<\/div><\/section><\/div><div  class='hr hr-default  '><span class='hr-inner ' ><span class='hr-inner-style'><\/span><\/span><\/div><\/p>\n","protected":false},"excerpt":{"rendered":"","protected":false},"author":1,"featured_media":0,"parent":0,"menu_order":0,"comment_status":"open","ping_status":"open","template":"","meta":[],"_links":{"self":[{"href":"https:\/\/www.rppiscinas.com\/es\/wp-json\/wp\/v2\/pages\/4154"}],"collection":[{"href":"https:\/\/www.rppiscinas.com\/es\/wp-json\/wp\/v2\/pages"}],"about":[{"href":"https:\/\/www.rppiscinas.com\/es\/wp-json\/wp\/v2\/types\/page"}],"author":[{"embeddable":true,"href":"https:\/\/www.rppiscinas.com\/es\/wp-json\/wp\/v2\/users\/1"}],"replies":[{"embeddable":true,"href":"https:\/\/www.rppiscinas.com\/es\/wp-json\/wp\/v2\/comments?post=4154"}],"version-history":[{"count":10,"href":"https:\/\/www.rppiscinas.com\/es\/wp-json\/wp\/v2\/pages\/4154\/revisions"}],"predecessor-version":[{"id":5298,"href":"https:\/\/www.rppiscinas.com\/es\/wp-json\/wp\/v2\/pages\/4154\/revisions\/5298"}],"wp:attachment":[{"href":"https:\/\/www.rppiscinas.com\/es\/wp-json\/wp\/v2\/media?parent=4154"}],"curies":[{"name":"wp","href":"https:\/\/api.w.org\/{rel}","templated":true}]}}