{"id":4059,"date":"2015-04-22T12:54:47","date_gmt":"2015-04-22T12:54:47","guid":{"rendered":"http:\/\/rppiscinas.com\/es\/?page_id=4059"},"modified":"2016-10-04T15:14:06","modified_gmt":"2016-10-04T15:14:06","slug":"visita-comercial","status":"publish","type":"page","link":"https:\/\/www.rppiscinas.com\/es\/visita-comercial\/","title":{"rendered":"Formul\u00e1rio visita comercial"},"content":{"rendered":"<div class=\"flex_column av_one_full  flex_column_div first  \" ><section class=\"av_textblock_section \"  itemscope=\"itemscope\" itemtype=\"https:\/\/schema.org\/CreativeWork\" ><div class='avia_textblock  '   itemprop=\"text\" ><p><span id=\"result_box\" class=\"\" lang=\"es\">Porque en RP Industries pronto se establece una estrecha relaci\u00f3n con los clientes desde el primer contacto, puede programar una visita de uno de nuestros t\u00e9cnicos comerciales a su casa, en la planta, esto le ofrecer\u00e1 la mejor soluci\u00f3n para su caso particular. No pierda tiempo y decida la forma y el tama\u00f1o de la piscina de sus sue\u00f1os.<\/span><\/p>\n<p><strong><span class=\"\">Para ponerse en contacto<\/span> <span class=\"\">con nosotros directamente<\/span>, por favor utilice el formulario abajo.<\/strong><\/p>\n<\/div><\/section><\/div><div class=\"flex_column av_one_half  flex_column_div first  \" ><section class=\"av_textblock_section \"  itemscope=\"itemscope\" itemtype=\"https:\/\/schema.org\/CreativeWork\" ><div class='avia_textblock  '   itemprop=\"text\" ><h4><span style=\"font-size: 1em; line-height: 1.5em;\">Dados Personales:<\/span><\/h4>\n<p>(*)\u00a0Campos obligat\u00f3rios<\/p>\n<div role=\"form\" class=\"wpcf7\" id=\"wpcf7-f4058-o1\" lang=\"pt-PT\" dir=\"ltr\">\n<div class=\"screen-reader-response\"><\/div>\n<form action=\"\/es\/wp-json\/wp\/v2\/pages\/4059#wpcf7-f4058-o1\" method=\"post\" class=\"wpcf7-form\" novalidate=\"novalidate\">\n<div style=\"display: none;\">\n<input type=\"hidden\" name=\"_wpcf7\" value=\"4058\" \/>\n<input type=\"hidden\" name=\"_wpcf7_version\" value=\"5.0.1\" \/>\n<input type=\"hidden\" name=\"_wpcf7_locale\" value=\"pt_PT\" \/>\n<input type=\"hidden\" name=\"_wpcf7_unit_tag\" value=\"wpcf7-f4058-o1\" \/>\n<input type=\"hidden\" name=\"_wpcf7_container_post\" value=\"0\" \/>\n<\/div>\n<p>Nombe*<br \/>\n    <span class=\"wpcf7-form-control-wrap your-name\"><input type=\"text\" name=\"your-name\" value=\"\" size=\"40\" class=\"wpcf7-form-control wpcf7-text wpcf7-validates-as-required force_largura\" aria-required=\"true\" aria-invalid=\"false\" \/><\/span> <\/p>\n<p>Direcci\u00f3n*<br \/>\n    <span class=\"wpcf7-form-control-wrap morada\"><input type=\"text\" name=\"morada\" value=\"\" size=\"40\" class=\"wpcf7-form-control wpcf7-text wpcf7-validates-as-required force_largura\" aria-required=\"true\" aria-invalid=\"false\" \/><\/span> <\/p>\n<p>C\u00f3d. Postal*<br \/>\n     <span class=\"wpcf7-form-control-wrap codigopostal\"><input type=\"text\" name=\"codigopostal\" value=\"\" size=\"40\" class=\"wpcf7-form-control wpcf7-text wpcf7-validates-as-required\" aria-required=\"true\" aria-invalid=\"false\" \/><\/span> <\/p>\n<p>Localidad*<br \/>\n     <span class=\"wpcf7-form-control-wrap Localidade\"><input type=\"text\" name=\"Localidade\" value=\"\" size=\"40\" class=\"wpcf7-form-control wpcf7-text wpcf7-validates-as-required force_largura\" aria-required=\"true\" aria-invalid=\"false\" \/><\/span> <\/p>\n<p>M\u00f3vil*<br \/>\n    <span class=\"wpcf7-form-control-wrap tel-477\"><input type=\"tel\" name=\"tel-477\" value=\"\" size=\"40\" class=\"wpcf7-form-control wpcf7-text wpcf7-tel wpcf7-validates-as-required wpcf7-validates-as-tel\" aria-required=\"true\" aria-invalid=\"false\" \/><\/span> <\/p>\n<p>Tel\u00e9fono<br \/>\n     <span class=\"wpcf7-form-control-wrap tel-893\"><input type=\"tel\" name=\"tel-893\" value=\"\" size=\"40\" class=\"wpcf7-form-control wpcf7-text wpcf7-tel wpcf7-validates-as-tel\" aria-invalid=\"false\" \/><\/span> <\/p>\n<p>Email*<br \/>\n    <span class=\"wpcf7-form-control-wrap your-email\"><input type=\"email\" name=\"your-email\" value=\"\" size=\"40\" class=\"wpcf7-form-control wpcf7-text wpcf7-email wpcf7-validates-as-required wpcf7-validates-as-email force_largura\" aria-required=\"true\" aria-invalid=\"false\" \/><\/span> <\/p>\n<p>Su mensage<br \/>\n    <span class=\"wpcf7-form-control-wrap your-message\"><textarea name=\"your-message\" cols=\"40\" rows=\"10\" class=\"wpcf7-form-control wpcf7-textarea\" aria-invalid=\"false\"><\/textarea><\/span> <\/p>\n<p><span class=\"wpcf7-form-control-wrap acceptance-546\"><span class=\"wpcf7-form-control wpcf7-acceptance\"><span class=\"wpcf7-list-item\"><label><input type=\"checkbox\" name=\"acceptance-546\" value=\"1\" aria-invalid=\"false\" \/><span class=\"wpcf7-list-item-label\">Autorizo el tratamiento automatizado de los datos por mi delegados.<\/span><\/label><\/span><\/span><\/span><\/p>\n<p>Para m\u00e1s informaci\u00f3n consulte nuestra <strong><a href=\"\/\/www.rppiscinas.com\/es\/politica-privacidad\/\" target=\"_blank\">Pol\u00edtica de Privacidad<\/a><\/strong><br \/>\n<span class=\"wpcf7-form-control-wrap math-quiz\"><label><span class=\"wpcf7-quiz-label\">13+37=?<\/span> <input type=\"text\" name=\"math-quiz\" size=\"40\" class=\"wpcf7-form-control wpcf7-quiz\" autocomplete=\"off\" aria-required=\"true\" aria-invalid=\"false\" \/><\/label><input type=\"hidden\" name=\"_wpcf7_quiz_answer_math-quiz\" value=\"67a1d98c3da93492fdbd5d669077d128\" \/><\/span><\/p>\n<p><input type=\"submit\" value=\"Enviar\" class=\"wpcf7-form-control wpcf7-submit\" \/><\/p>\n<div class=\"wpcf7-response-output wpcf7-display-none\"><\/div><\/form><\/div>\n<\/div><\/section><\/div><div class=\"flex_column av_one_half  flex_column_div av-zero-column-padding   \" style='border-radius:0px; '><p><div style='height:25px' class='hr hr-invisible  '><span class='hr-inner ' ><span class='hr-inner-style'><\/span><\/span><\/div><br \/>\n<div class='avia-image-container  av-styling-    avia-align-center '  itemscope=\"itemscope\" itemtype=\"https:\/\/schema.org\/ImageObject\"  ><div class='avia-image-container-inner'><img class='avia_image ' src='http:\/\/rppiscinas.com\/es\/wp-content\/uploads\/2015\/04\/SOLEO_piscinas_comercial.jpg' alt='Comercial SOLEO Piscinas' title='SOLEO Piscinas'   itemprop=\"thumbnailUrl\"  \/><\/div><\/div><\/p><\/div><\/p>\n","protected":false},"excerpt":{"rendered":"","protected":false},"author":1,"featured_media":0,"parent":0,"menu_order":0,"comment_status":"open","ping_status":"open","template":"","meta":[],"_links":{"self":[{"href":"https:\/\/www.rppiscinas.com\/es\/wp-json\/wp\/v2\/pages\/4059"}],"collection":[{"href":"https:\/\/www.rppiscinas.com\/es\/wp-json\/wp\/v2\/pages"}],"about":[{"href":"https:\/\/www.rppiscinas.com\/es\/wp-json\/wp\/v2\/types\/page"}],"author":[{"embeddable":true,"href":"https:\/\/www.rppiscinas.com\/es\/wp-json\/wp\/v2\/users\/1"}],"replies":[{"embeddable":true,"href":"https:\/\/www.rppiscinas.com\/es\/wp-json\/wp\/v2\/comments?post=4059"}],"version-history":[{"count":18,"href":"https:\/\/www.rppiscinas.com\/es\/wp-json\/wp\/v2\/pages\/4059\/revisions"}],"predecessor-version":[{"id":5235,"href":"https:\/\/www.rppiscinas.com\/es\/wp-json\/wp\/v2\/pages\/4059\/revisions\/5235"}],"wp:attachment":[{"href":"https:\/\/www.rppiscinas.com\/es\/wp-json\/wp\/v2\/media?parent=4059"}],"curies":[{"name":"wp","href":"https:\/\/api.w.org\/{rel}","templated":true}]}}