{"id":3937,"date":"2014-09-06T11:28:26","date_gmt":"2014-09-06T11:28:26","guid":{"rendered":"http:\/\/rppiscinas.com\/es\/?page_id=3937"},"modified":"2016-10-12T10:55:49","modified_gmt":"2016-10-12T10:55:49","slug":"informaciones-precios-de-piscinas","status":"publish","type":"page","link":"https:\/\/www.rppiscinas.com\/es\/informaciones-precios-de-piscinas\/","title":{"rendered":"Informaciones"},"content":{"rendered":"<div class=\"flex_column av_one_full  flex_column_div first  \" ><p><div class='avia-button-wrap avia-button-left '><a href='https:\/\/www.rppiscinas.com\/es\/piscinas-en-kit\/' class='avia-button   avia-icon_select-no avia-color-theme-color avia-size-small avia-position-left '   ><span class='avia_iconbox_title' >Pedido de Presupuesto<\/span><\/a><\/div><br \/>\n<div class='avia-button-wrap avia-button-left '><a href='https:\/\/www.rppiscinas.com\/es\/catalogo-de-piscinas\/' class='avia-button   avia-icon_select-no avia-color-theme-color avia-size-small avia-position-left '   ><span class='avia_iconbox_title' >Pedido de Cat\u00e1logo<\/span><\/a><\/div><br \/>\n<div class='avia-button-wrap avia-button-left '><a href='http:\/\/rppiscinas.com\/es\/visita-comercial\/' class='avia-button   avia-icon_select-no avia-color-theme-color avia-size-small avia-position-left '   ><span class='avia_iconbox_title' >Visita Comercial<\/span><\/a><\/div><br \/>\n<div class='avia-button-wrap avia-button-left '><a href='http:\/\/rppiscinas.com\/es\/limpeza-de-piscinas\/' class='avia-button   avia-icon_select-no avia-color-theme-color avia-size-small avia-position-left '   ><span class='avia_iconbox_title' >Visita T\u00e9cnica<\/span><\/a><\/div><\/p><\/div>\n<div  class='hr hr-default  '><span class='hr-inner ' ><span class='hr-inner-style'><\/span><\/span><\/div>\n<div class=\"flex_column av_one_full  flex_column_div first  \" ><section class=\"av_textblock_section \"  itemscope=\"itemscope\" itemtype=\"https:\/\/schema.org\/CreativeWork\" ><div class='avia_textblock  '   itemprop=\"text\" ><h2><span style=\"color: #000000;\">Todo sobre precios de piscinas<br \/>\n<\/span><\/h2>\n<h3><span style=\"color: #1692de;\"><strong>Solicite ahora mismo su presupuesto,\u00a0 su cat\u00e1logo o agende uma visita comercial<\/strong><\/span><\/h3>\n<div><span id=\"result_box\" class=\"\" lang=\"es\"><span title=\"A RP INDUSTRIES d\u00e1-lhe a possibilidade de solicitar toda a informa\u00e7\u00e3o sobre produtos e pre\u00e7os de piscinas.\">RP Industries le ofrece la posibilidad de solicitar toda la informaci\u00f3n acerca de productos y precios de piscinas. <\/span><span title=\"Nesta \u00e1rea pode efetuar um pedido de or\u00e7amento gratu\u00edto e assim ter acesso privilegiado aos pre\u00e7os de piscinas RP INDUSTRIES.\">En esta zona se puede hacer una solicitud de un presupuesto gratuito y por lo tanto tiene un acceso privilegiado a los precios de piscinas RP Industries. Tambi\u00e9n puede solicitar su <\/span><span title=\"Solicite, ainda, o seu cat\u00e1logo e fique a conhecer a excel\u00eancia da empresa e a raz\u00e3o pela qual \u00e9 na atualidade uma das principais refer\u00eancias mundiais na instala\u00e7\u00e3o de piscinas.\">cat\u00e1logo conocer la excelencia de la empresa y por qu\u00e9 es hoy uno de los referentes mundiales en la instalaci\u00f3n de piscinas. <\/span><span title=\"Se o seu projeto se encontra em andamento, ou pretende instalar uma piscina na sua atual moradia solicite a sua visita comercial e receba os conselhos dos nossos t\u00e9cnicos comerciais que o ajudar\u00e3o a encontrar a melhor solu\u00e7\u00e3o para o seu caso. \">Si su proyecto est\u00e1 en curso, o para instalar una piscina en su casa agende una visita comercial y reciba asesoramiento de nuestros t\u00e9cnicos comerciales\u00a0 que le ayudar\u00e1n a encontrar la mejor soluci\u00f3n para su caso.<\/span><\/span><\/div>\n<div><span id=\"result_box\" class=\"\" lang=\"es\"><span title=\"Se o seu projeto se encontra em andamento, ou pretende instalar uma piscina na sua atual moradia solicite a sua visita comercial e receba os conselhos dos nossos t\u00e9cnicos comerciais que o ajudar\u00e3o a encontrar a melhor solu\u00e7\u00e3o para o seu caso. \"><br \/>\n<\/span><span title=\"No caso da piscina j\u00e1 fazer parte da sua vida, \u00e9 normal que necessite de apoio em alguns dos procedimentos a realizar na sua manuten\u00e7\u00e3o.\">Si la piscina ya forman parte de su vida, es normal que necesitr del apoyo en algunos de los procedimientos de manutenci\u00f3n. <\/span><span title=\"Com mais de duas d\u00e9cadas de experi\u00eancia, quem melhor do que a RP INDUSTRIES para o ajudar nessas quest\u00f5es.\">Con m\u00e1s de dos d\u00e9cadas de experiencia, \u00bfqui\u00e9n mejor que RP Industries para le ayudar en estos asuntos. <\/span><span title=\"Deixe tudo nas m\u00e3os dos profissionais RP INDUSTRIES e solicite a visita de uma equipa t\u00e9cnica associada ao servi\u00e7o pretendido.\">Deje todo en las manos de los profesionales de RP Industries y solicite la visita de un equipo t\u00e9cnico asociado a el servicio deseado.<\/span><\/span><\/div>\n<\/div><\/section><\/div>\n<div  class='hr hr-default  '><span class='hr-inner ' ><span class='hr-inner-style'><\/span><\/span><\/div>\n<div class=\"flex_column av_one_fourth  flex_column_div first  \" ><p><div class='avia-image-container  av-styling-    avia-align-center '  itemscope=\"itemscope\" itemtype=\"https:\/\/schema.org\/ImageObject\"  ><div class='avia-image-container-inner'><a href='https:\/\/www.rppiscinas.com\/es\/piscinas-en-kit\/' class='avia_image'  ><img class='avia_image ' src='http:\/\/rppiscinas.com\/es\/wp-content\/uploads\/2014\/09\/precos_de_piscinas_RP_orcamento-300x209.jpg' alt='pre\u00e7os de piscinas RP - Or\u00e7amento' title='pre\u00e7os de piscinas RP - Or\u00e7amento'  itemprop=\"thumbnailUrl\"  \/><\/a><\/div><\/div><br \/>\n<section class=\"av_textblock_section \"  itemscope=\"itemscope\" itemtype=\"https:\/\/schema.org\/CreativeWork\" ><div class='avia_textblock  '   itemprop=\"text\" ><h4>Presupuesto de piscina<\/h4>\n<p>Solicite un <span id=\"result_box\" class=\"\" lang=\"es\"><span class=\"\">presupuesto<\/span> para la soluci\u00f3n del proyecto de sus sue\u00f1os y obtenga <\/span><span id=\"result_box\" class=\"\" lang=\"es\">precios de las piscinas que mejor <span class=\"\">responden a<\/span> la resoluci\u00f3n de su proyecto. Con nuestra experiencia sabemos dar forma a su <span class=\"\">sue\u00f1o<\/span><span class=\"\">.<\/span><\/span><\/p>\n<\/div><\/section><br \/>\n<div class='avia-button-wrap avia-button-left '><a href='https:\/\/www.rppiscinas.com\/es\/piscinas-en-kit\/' class='avia-button   avia-icon_select-no avia-color-blue avia-size-small avia-position-left '   ><span class='avia_iconbox_title' >Saber m\u00e1s<\/span><\/a><\/div><\/p><\/div>\n<div class=\"flex_column av_one_fourth  flex_column_div av-zero-column-padding   \" style='border-radius:0px; '><p><div class='avia-image-container  av-styling-    avia-align-center '  itemscope=\"itemscope\" itemtype=\"https:\/\/schema.org\/ImageObject\"  ><div class='avia-image-container-inner'><a href='https:\/\/www.rppiscinas.com\/es\/catalogo-de-piscinas\/' class='avia_image'  ><img class='avia_image ' src='http:\/\/rppiscinas.com\/es\/wp-content\/uploads\/2014\/09\/precos_de_piscinas_RP_catalogos-300x209.jpg' alt='pre\u00e7os de piscinas RP - cat\u00e1logo' title='pre\u00e7os de piscinas RP - cat\u00e1logo'  itemprop=\"thumbnailUrl\"  \/><\/a><\/div><\/div><br \/>\n<section class=\"av_textblock_section \"  itemscope=\"itemscope\" itemtype=\"https:\/\/schema.org\/CreativeWork\" ><div class='avia_textblock  '   itemprop=\"text\" ><h4>Cat\u00e1logos RP Industries<\/h4>\n<p><span id=\"result_box\" class=\"\" lang=\"es\">Con un conjunto de soluciones para piscinas, RP Industries ofrece sus cat\u00e1logos de <span class=\"\">piscinas<\/span>, cubiertas y wellness. Descubra la excelencia de la gama<span class=\"\"> correspondiente a<\/span> el equilibrio de precios de las piscinas<span class=\"\">.<\/span><\/span><\/p>\n<\/div><\/section><br \/>\n<div class='avia-button-wrap avia-button-left '><a href='https:\/\/www.rppiscinas.com\/es\/catalogo-de-piscinas\/' class='avia-button   avia-icon_select-no avia-color-blue avia-size-small avia-position-left '   ><span class='avia_iconbox_title' >Saber m\u00e1s<\/span><\/a><\/div><\/p><\/div>\n<div class=\"flex_column av_one_fourth  flex_column_div av-zero-column-padding   \" style='border-radius:0px; '><p><div class='avia-image-container  av-styling-    avia-align-center '  itemscope=\"itemscope\" itemtype=\"https:\/\/schema.org\/ImageObject\"  ><div class='avia-image-container-inner'><a href='http:\/\/rppiscinas.com\/es\/visita-comercial\/' class='avia_image'  ><img class='avia_image ' src='http:\/\/rppiscinas.com\/es\/wp-content\/uploads\/2014\/09\/precos_de_piscinas_RP_comercial-300x209.jpg' alt='Pre\u00e7os de piscinas RP Comercial' title='pre\u00e7os de piscinas RP Comercial'  itemprop=\"thumbnailUrl\"  \/><\/a><\/div><\/div><br \/>\n<section class=\"av_textblock_section \"  itemscope=\"itemscope\" itemtype=\"https:\/\/schema.org\/CreativeWork\" ><div class='avia_textblock  '   itemprop=\"text\" ><h4>Visita Comercial<\/h4>\n<p><span id=\"result_box\" class=\"\" lang=\"es\">Si el dise\u00f1o <span class=\"\">de su piscina<\/span> es una realidad cercana, pero a\u00fan as\u00ed le dej\u00f3 algunas preguntas que <span class=\"\">le gustar\u00eda ver<\/span> aclaradas, <span class=\"\">no dude en<\/span> <span class=\"\">solicitar la presencia de<\/span> un t\u00e9cnico comercial de RP Industries junto del local <span class=\"\">de<\/span> <span class=\"\">instalaci\u00f3n.<\/span><\/span><\/p>\n<\/div><\/section><br \/>\n<div class='avia-button-wrap avia-button-left '><a href='http:\/\/rppiscinas.com\/es\/visita-comercial\/' class='avia-button   avia-icon_select-no avia-color-blue avia-size-small avia-position-left '   ><span class='avia_iconbox_title' >Saber m\u00e1s<\/span><\/a><\/div><\/p><\/div>\n<div class=\"flex_column av_one_fourth  flex_column_div av-zero-column-padding   \" style='border-radius:0px; '><p><div class='avia-image-container  av-styling-    avia-align-center '  itemscope=\"itemscope\" itemtype=\"https:\/\/schema.org\/ImageObject\"  ><div class='avia-image-container-inner'><a href='http:\/\/rppiscinas.com\/es\/limpeza-de-piscinas\/' class='avia_image'  ><img class='avia_image ' src='http:\/\/rppiscinas.com\/es\/wp-content\/uploads\/2014\/09\/piscinas-soleo-rp-equipas-tecnicas.jpg' alt='Piscinas SOLEO Equipas' title='Piscinas SOLEO RP'  itemprop=\"thumbnailUrl\"  \/><\/a><\/div><\/div><br \/>\n<section class=\"av_textblock_section \"  itemscope=\"itemscope\" itemtype=\"https:\/\/schema.org\/CreativeWork\" ><div class='avia_textblock  '   itemprop=\"text\" ><h4>Visita T\u00e9cnica<\/h4>\n<p><span id=\"result_box\" class=\"\" lang=\"es\">Los procedimientos de manutenci\u00f3n de su piscina son extremadamente importantes <span class=\"\">para su<\/span> <span class=\"\">perfecto funcionamiento<\/span> a lo largo de los a\u00f1os. RP Industries cuenta con una experiencia de m\u00e1s de 20 a\u00f1os para le ayudar <span class=\"\">en esta tarea<\/span><span class=\"\">.<\/span><\/span><\/p>\n<\/div><\/section><br \/>\n<div class='avia-button-wrap avia-button-left '><a href='http:\/\/rppiscinas.com\/es\/limpieza-de-piscinas\/' class='avia-button   avia-icon_select-no avia-color-blue avia-size-small avia-position-left '   ><span class='avia_iconbox_title' >Saber m\u00e1s<\/span><\/a><\/div><\/p><\/div>\n","protected":false},"excerpt":{"rendered":"","protected":false},"author":1,"featured_media":0,"parent":0,"menu_order":0,"comment_status":"open","ping_status":"open","template":"","meta":[],"_links":{"self":[{"href":"https:\/\/www.rppiscinas.com\/es\/wp-json\/wp\/v2\/pages\/3937"}],"collection":[{"href":"https:\/\/www.rppiscinas.com\/es\/wp-json\/wp\/v2\/pages"}],"about":[{"href":"https:\/\/www.rppiscinas.com\/es\/wp-json\/wp\/v2\/types\/page"}],"author":[{"embeddable":true,"href":"https:\/\/www.rppiscinas.com\/es\/wp-json\/wp\/v2\/users\/1"}],"replies":[{"embeddable":true,"href":"https:\/\/www.rppiscinas.com\/es\/wp-json\/wp\/v2\/comments?post=3937"}],"version-history":[{"count":36,"href":"https:\/\/www.rppiscinas.com\/es\/wp-json\/wp\/v2\/pages\/3937\/revisions"}],"predecessor-version":[{"id":5292,"href":"https:\/\/www.rppiscinas.com\/es\/wp-json\/wp\/v2\/pages\/3937\/revisions\/5292"}],"wp:attachment":[{"href":"https:\/\/www.rppiscinas.com\/es\/wp-json\/wp\/v2\/media?parent=3937"}],"curies":[{"name":"wp","href":"https:\/\/api.w.org\/{rel}","templated":true}]}}