{"id":3864,"date":"2014-09-04T17:15:53","date_gmt":"2014-09-04T17:15:53","guid":{"rendered":"http:\/\/rppiscinas.com\/es\/?page_id=3864"},"modified":"2016-10-12T14:11:37","modified_gmt":"2016-10-12T14:11:37","slug":"filtros-para-piscinas","status":"publish","type":"page","link":"https:\/\/www.rppiscinas.com\/es\/filtros-para-piscinas\/","title":{"rendered":"Filtros para piscinas"},"content":{"rendered":"<div class=\"flex_column av_one_full  flex_column_div first  \" ><p><div class='avia-button-wrap avia-button-left '><a href='https:\/\/www.rppiscinas.com\/es\/liner-piscinas\/' class='avia-button   avia-icon_select-no avia-color-theme-color avia-size-small avia-position-left '   ><span class='avia_iconbox_title' >Liners<\/span><\/a><\/div><br \/>\n<div class='avia-button-wrap avia-button-left '><a href='https:\/\/www.rppiscinas.com\/es\/bordes-para-piscinas\/' class='avia-button   avia-icon_select-no avia-color-theme-color avia-size-small avia-position-left '   ><span class='avia_iconbox_title' >Bordes<\/span><\/a><\/div><br \/>\n<div class='avia-button-wrap avia-button-left '><a href='https:\/\/www.rppiscinas.com\/es\/tratamiento-de-piscinas\/' class='avia-button   avia-icon_select-no avia-color-theme-color avia-size-small avia-position-left '   ><span class='avia_iconbox_title' >Desinfecci\u00f3n<\/span><\/a><\/div><br \/>\n<div class='avia-button-wrap avia-button-left '><a href='https:\/\/www.rppiscinas.com\/es\/calefaccion-de-piscinas\/' class='avia-button   avia-icon_select-no avia-color-theme-color avia-size-small avia-position-left '   ><span class='avia_iconbox_title' >Calefacci\u00f3n<\/span><\/a><\/div><br \/>\n<div class='avia-button-wrap avia-button-left '><a href='https:\/\/www.rppiscinas.com\/es\/manutencion-de-piscinas\/' class='avia-button   avia-icon_select-no avia-color-theme-color avia-size-small avia-position-left '   ><span class='avia_iconbox_title' >Manutenci\u00f3n<\/span><\/a><\/div><br \/>\n<div class='avia-button-wrap avia-button-left '><a href='https:\/\/www.rppiscinas.com\/es\/accesorios-de-piscinas\/' class='avia-button   avia-icon_select-no avia-color-theme-color avia-size-small avia-position-left '   ><span class='avia_iconbox_title' >Accesorios<\/span><\/a><\/div><br \/>\n<div class='avia-button-wrap avia-button-left '><a href='javascript:void(0)' class='avia-button   avia-icon_select-no avia-color-orange avia-size-small avia-position-left '   ><span class='avia_iconbox_title' >Filtraci\u00f3n<\/span><\/a><\/div><\/p><\/div>\n<div  class='hr hr-default  '><span class='hr-inner ' ><span class='hr-inner-style'><\/span><\/span><\/div>\n<div class=\"flex_column av_two_third  flex_column_div first  \" ><section class=\"av_textblock_section \"  itemscope=\"itemscope\" itemtype=\"https:\/\/schema.org\/CreativeWork\" ><div class='avia_textblock  '   itemprop=\"text\" ><h2><span style=\"color: #000000;\">Filtros para piscinas\u00a0<\/span><\/h2>\n<h3><span style=\"color: #1692de;\"><strong>Filtros para piscinas para un agua saludable<br \/>\n<\/strong><\/span><\/h3>\n<p><span id=\"result_box\" class=\"\" lang=\"es\">Filtros para piscinas, bombas y accesorios <span class=\"\">de filtraci\u00f3n<\/span> <span class=\"\">desarrollados para proveer una<\/span> calidad del agua incuestionable. Es en el momento de la <span class=\"\">instalaci\u00f3n de la piscina<\/span> que todo debe ser idealizado y el tratamiento f\u00edsico del agua <span class=\"\">no es una excepci\u00f3n<\/span>. Por lo tanto, es de suma importancia que el sistema de filtraci\u00f3n sea del <span class=\"\">tama\u00f1o adecuado<\/span> y asegure que el agua de la piscina pasa a trav\u00e9s del filtro de al menos 2,5 <span class=\"\">por<\/span> <span class=\"\">d\u00eda<\/span><span class=\"\">.<\/span><\/span><\/p>\n<p><strong>&#8211; Eficaz filtraci\u00f3n del agua;<\/strong><br \/>\n<strong>&#8211; Bombas silenciosas;<br \/>\n<\/strong><strong>&#8211; <strong>Facilidad de manejo<\/strong>;<br \/>\n&#8211; Alta resistencia y longevidad.\u00a0<\/strong><\/p>\n<\/div><\/section><\/div>\n<div class=\"flex_column av_one_third  flex_column_div av-zero-column-padding   \" style='border-radius:0px; '><div class='avia-image-container  av-styling-    avia-align-center '  itemscope=\"itemscope\" itemtype=\"https:\/\/schema.org\/ImageObject\"  ><div class='avia-image-container-inner'><img class='avia_image ' src='http:\/\/rppiscinas.com\/es\/wp-content\/uploads\/2014\/09\/filtros_para_piscinas_soleo.jpg' alt='Filtros para piscinas SOLEO' title='Filtros para piscinas SOLEO'   itemprop=\"thumbnailUrl\"  \/><\/div><\/div><\/div>\n<div  class='hr hr-default  '><span class='hr-inner ' ><span class='hr-inner-style'><\/span><\/span><\/div>\n<section class=\"av_textblock_section \"  itemscope=\"itemscope\" itemtype=\"https:\/\/schema.org\/CreativeWork\" ><div class='avia_textblock  '   itemprop=\"text\" ><h2 style=\"text-align: center;\"><span style=\"color: #1692de;\">Bombas y filtros para piscinas Soleo<br \/>\n<\/span><\/h2>\n<p style=\"text-align: center;\"><span id=\"result_box\" class=\"\" lang=\"es\">Filtros para piscinas Soleo desarrollados con soluciones reconocidas que garantizan un agua transparente y cristalina. En la gama de <strong>soluciones de filtraci\u00f3n para las piscinas Soleo<\/strong> <span class=\"\">tenemos disponibles<\/span> filtros de arena &#8211; una de las soluciones m\u00e1s utilizadas y eficaces <span class=\"\">en todo el mundo<\/span>, y sin embargo, los <strong>filtros de cartucho<\/strong> &#8211; una soluci\u00f3n m\u00e1s ecol\u00f3gica <span class=\"\">capaz de proporcionar<\/span> una finura de filtraci\u00f3n superior <span class=\"\">.<\/span><\/span><\/p>\n<p style=\"text-align: center;\">.<\/p>\n<\/div><\/section>\n<div class=\"flex_column av_one_fourth  flex_column_div first  \" ><p><div class='avia-image-container  av-styling-    avia-align-center '  itemscope=\"itemscope\" itemtype=\"https:\/\/schema.org\/ImageObject\"  ><div class='avia-image-container-inner'><img class='avia_image ' src='http:\/\/rppiscinas.com\/es\/wp-content\/uploads\/2014\/09\/Filtros_para_piscinas_RP.jpg' alt='Filtros para piscinas SOLEO - areia' title='Filtros para piscinas SOLEO'   itemprop=\"thumbnailUrl\"  \/><\/div><\/div><br \/>\n<section class=\"av_textblock_section \"  itemscope=\"itemscope\" itemtype=\"https:\/\/schema.org\/CreativeWork\" ><div class='avia_textblock  '   itemprop=\"text\" ><p><strong>Filtro de Arena<br \/>\n<\/strong><span id=\"result_box\" class=\"\" lang=\"es\"><span class=\"\">Extremadamente eficaz<\/span> es la soluci\u00f3n m\u00e1s utilizada para filtrar el agua de la piscina.<\/span><\/p>\n<\/div><\/section><br \/>\n<div class='avia-button-wrap avia-button-left '><a href='http:\/\/rppiscinas.com\/es\/pedido-de-orcamento\/?equip=Filtro de Arena' class='avia-button   avia-icon_select-no avia-color-blue avia-size-small avia-position-left '   ><span class='avia_iconbox_title' >Solicitar Presupuesto<\/span><\/a><\/div><\/p><\/div>\n<div class=\"flex_column av_one_fourth  flex_column_div av-zero-column-padding   \" style='border-radius:0px; '><p><div class='avia-image-container  av-styling-    avia-align-center '  itemscope=\"itemscope\" itemtype=\"https:\/\/schema.org\/ImageObject\"  ><div class='avia-image-container-inner'><img class='avia_image ' src='http:\/\/rppiscinas.com\/es\/wp-content\/uploads\/2014\/09\/Filtros_para_piscinas_RP_cartucho_01.jpg' alt='' title='Filtros para piscinas SOLEO'   itemprop=\"thumbnailUrl\"  \/><\/div><\/div><br \/>\n<section class=\"av_textblock_section \"  itemscope=\"itemscope\" itemtype=\"https:\/\/schema.org\/CreativeWork\" ><div class='avia_textblock  '   itemprop=\"text\" ><p><strong>Filtro de Cartucho<br \/>\n<\/strong>S<span id=\"result_box\" class=\"\" lang=\"es\">oluci\u00f3n ecol\u00f3gica ideal para piscinas interiores o desinfecci\u00f3n con <span class=\"\">sal.<\/span><\/span><\/p>\n<\/div><\/section><br \/>\n<div class='avia-button-wrap avia-button-left '><a href='http:\/\/rppiscinas.com\/es\/pedido-de-orcamento\/?equip=Filtro de Cartucho' class='avia-button   avia-icon_select-no avia-color-blue avia-size-small avia-position-left '   ><span class='avia_iconbox_title' >Solicitar Presupuesto<\/span><\/a><\/div><\/p><\/div>\n<div class=\"flex_column av_one_fourth  flex_column_div av-zero-column-padding   \" style='border-radius:0px; '><p><div class='avia-image-container  av-styling-    avia-align-center '  itemscope=\"itemscope\" itemtype=\"https:\/\/schema.org\/ImageObject\"  ><div class='avia-image-container-inner'><img class='avia_image ' src='http:\/\/rppiscinas.com\/es\/wp-content\/uploads\/2014\/09\/Filtros_para_piscinas_RP_skimfiltre.jpg' alt='' title='Filtros para piscinas SOLEO'   itemprop=\"thumbnailUrl\"  \/><\/div><\/div><br \/>\n<section class=\"av_textblock_section \"  itemscope=\"itemscope\" itemtype=\"https:\/\/schema.org\/CreativeWork\" ><div class='avia_textblock  '   itemprop=\"text\" ><p><strong>Skimfiltre<br \/>\n<\/strong><span id=\"result_box\" class=\"\" lang=\"es\">combinaci\u00f3n de filtro con skimmer ideal para la instalaci\u00f3n en piscinas elevadas.<\/span><\/p>\n<\/div><\/section><br \/>\n<div class='avia-button-wrap avia-button-left '><a href='http:\/\/rppiscinas.com\/es\/pedido-de-orcamento\/?equip=SkimFiltre' class='avia-button   avia-icon_select-no avia-color-blue avia-size-small avia-position-left '   ><span class='avia_iconbox_title' >Solicitar Presupuesto<\/span><\/a><\/div><\/p><\/div>\n<div class=\"flex_column av_one_fourth  flex_column_div av-zero-column-padding   \" style='border-radius:0px; '><p><div class='avia-image-container  av-styling-    avia-align-center '  itemscope=\"itemscope\" itemtype=\"https:\/\/schema.org\/ImageObject\"  ><div class='avia-image-container-inner'><img class='avia_image ' src='http:\/\/rppiscinas.com\/es\/wp-content\/uploads\/2014\/09\/Bombas_para_piscinas_SOLEO.jpg' alt='Bombas autoaspirantes para piscinas RP' title='Bombas para piscinas SOLEO'   itemprop=\"thumbnailUrl\"  \/><\/div><\/div><br \/>\n<section class=\"av_textblock_section \"  itemscope=\"itemscope\" itemtype=\"https:\/\/schema.org\/CreativeWork\" ><div class='avia_textblock  '   itemprop=\"text\" ><p><strong>Bombas de filtraci\u00f3n<br \/>\n<\/strong><span id=\"result_box\" class=\"\" lang=\"es\">Extremadamente silenciosa las bombas Soleo aseguraran una operaci\u00f3n a largo plazo<span class=\"\">.<\/span><\/span><\/p>\n<\/div><\/section><br \/>\n<div class='avia-button-wrap avia-button-left '><a href='http:\/\/rppiscinas.com\/es\/pedido-de-orcamento\/?equip=Bombas Filtarci\u00f3n' class='avia-button   avia-icon_select-no avia-color-blue avia-size-small avia-position-left '  target=\"_blank\"   ><span class='avia_iconbox_title' >Solicitar Presupuesto<\/span><\/a><\/div><\/p><\/div><\/div><\/div><\/div><!-- close content main div --><\/div><\/div><div id='av_section_1' class='avia-section main_color avia-section-default avia-no-shadow avia-full-stretch avia-bg-style-fixed   container_wrap fullsize' style = 'background-repeat: no-repeat; background-image: url(http:\/\/rppiscinas.com\/es\/wp-content\/uploads\/2014\/09\/fltrc_bck-300x199.jpg); background-attachment: fixed; background-position: top left; ' data-section-bg-repeat='stretch' ><div class='container' ><div class='template-page content  av-content-full alpha units'><div class='post-entry post-entry-type-page post-entry-3864'><div class='entry-content-wrapper clearfix'>\n<div class=\"flex_column av_one_third  flex_column_div first  \" ><div class='avia-image-container  av-styling-    avia-align-center '  itemscope=\"itemscope\" itemtype=\"https:\/\/schema.org\/ImageObject\"  ><div class='avia-image-container-inner'><img class='avia_image ' src='http:\/\/rppiscinas.com\/es\/wp-content\/uploads\/2014\/09\/filtracao_de_piscinas_soleo-299x300.png' alt='' title='Filtros para piscinas SOLEO'   itemprop=\"thumbnailUrl\"  \/><\/div><\/div><\/div><div class=\"flex_column av_two_third  flex_column_div av-zero-column-padding   \" style='border-radius:0px; '><section class=\"av_textblock_section \"  itemscope=\"itemscope\" itemtype=\"https:\/\/schema.org\/CreativeWork\" ><div class='avia_textblock  '   itemprop=\"text\" ><h2><span style=\"color: #ffffff;\">Local T\u00e9cnico de Filtraci\u00f3n<\/span><\/h2>\n<p><span style=\"color: #ffffff;\">Excelente soluci\u00f3n para la implementaci\u00f3n de las bombas y filtros para piscinas. El concepto utilizado en el desarrollo, permite acondicionar en el interior, equipamientos de filtraci\u00f3n disfrazados. Por lo tanto, es asegurado un perfecto funcionamiento del equipamiento sin comprometer la est\u00e9tica de lo\u00a0 espacio circundante.<br \/>\n<\/span><\/p>\n<p><strong><span style=\"color: #ffffff;\"><br \/>\n&#8211; Resistentes y de larga longevidad;<br \/>\n&#8211; F\u00e1cil manejo;<br \/>\n&#8211; F\u00e1cil acceso.<br \/>\n<\/span><\/strong><\/p>\n<\/div><\/section><br \/>\n<div class='avia-button-wrap avia-button-left '><a href='http:\/\/rppiscinas.com\/es\/pedido-de-orcamento\/?equip=Local T\u00e9cnico de Filtra\u00e7\u00e3o' class='avia-button   avia-icon_select-no avia-color-silver avia-size-small avia-position-left '   ><span class='avia_iconbox_title' >Solicitar Presupuesto<\/span><\/a><\/div><\/p><\/div>\n<\/p>\n<div class=\"flex_column av_one_third  flex_column_div first  \" ><div class='avia-image-container  av-styling-    avia-align-center '  itemscope=\"itemscope\" itemtype=\"https:\/\/schema.org\/ImageObject\"  ><div class='avia-image-container-inner'><img class='avia_image ' src='http:\/\/rppiscinas.com\/es\/wp-content\/uploads\/2014\/09\/Filtros_para_piscinas_RP_cartuchos_areia.jpg' alt='Filtros para piscinas SOLEO' title='Filtros para piscinas SOLEO - cartuchos e areia'   itemprop=\"thumbnailUrl\"  \/><\/div><\/div><\/div>\n<div class=\"flex_column av_two_third  flex_column_div av-zero-column-padding   \" style='border-radius:0px; '><p><section class=\"av_textblock_section \"  itemscope=\"itemscope\" itemtype=\"https:\/\/schema.org\/CreativeWork\" ><div class='avia_textblock  '   itemprop=\"text\" ><p><strong><span id=\"result_box\" class=\"\" lang=\"es\">ARENA Y CARTUCHOS PARA FILTROS<\/span><\/strong><\/p>\n<p>Para que la efectividad de los filtros para piscinas se mantenga intocable, ya sea arena o cartucho, es necesario que la respectiva carga filtrante se presente en perfectas condiciones. Como cualquier consumible, la carga filtrante, arena o cartucho, tiene una vida \u00fatil y debe ser <span class=\"\">reemplazada<\/span> a su debido tiempo.<\/p>\n<p><span class=\"\">Con una experiencia de<\/span> <span class=\"\">m\u00e1s de dos<\/span> d\u00e9cadas en el <span class=\"\">tratamiento de piscinas<\/span>, <span class=\"\">RP Industries<\/span> le da <span class=\"\">todo el apoyo<\/span> en los <span class=\"\">procedimientos correctos<\/span> para adoptar con su equipamiento de filtraci\u00f3n.<\/p>\n<\/div><\/section><br \/>\n<div class='avia-button-wrap avia-button-left '><a href='http:\/\/rppiscinas.com\/es\/pedido-de-orcamento\/?equip=Arena y Cartuchos' class='avia-button   avia-icon_select-no avia-color-blue avia-size-small avia-position-left '  target=\"_blank\"   ><span class='avia_iconbox_title' >Solicitar Presupuesto<\/span><\/a><\/div><\/p><\/div>\n","protected":false},"excerpt":{"rendered":"","protected":false},"author":1,"featured_media":0,"parent":0,"menu_order":0,"comment_status":"open","ping_status":"open","template":"","meta":[],"_links":{"self":[{"href":"https:\/\/www.rppiscinas.com\/es\/wp-json\/wp\/v2\/pages\/3864"}],"collection":[{"href":"https:\/\/www.rppiscinas.com\/es\/wp-json\/wp\/v2\/pages"}],"about":[{"href":"https:\/\/www.rppiscinas.com\/es\/wp-json\/wp\/v2\/types\/page"}],"author":[{"embeddable":true,"href":"https:\/\/www.rppiscinas.com\/es\/wp-json\/wp\/v2\/users\/1"}],"replies":[{"embeddable":true,"href":"https:\/\/www.rppiscinas.com\/es\/wp-json\/wp\/v2\/comments?post=3864"}],"version-history":[{"count":41,"href":"https:\/\/www.rppiscinas.com\/es\/wp-json\/wp\/v2\/pages\/3864\/revisions"}],"predecessor-version":[{"id":5319,"href":"https:\/\/www.rppiscinas.com\/es\/wp-json\/wp\/v2\/pages\/3864\/revisions\/5319"}],"wp:attachment":[{"href":"https:\/\/www.rppiscinas.com\/es\/wp-json\/wp\/v2\/media?parent=3864"}],"curies":[{"name":"wp","href":"https:\/\/api.w.org\/{rel}","templated":true}]}}