{"id":3796,"date":"2014-09-04T09:06:40","date_gmt":"2014-09-04T09:06:40","guid":{"rendered":"http:\/\/rppiscinas.com\/es\/?page_id=3796"},"modified":"2016-10-12T14:10:14","modified_gmt":"2016-10-12T14:10:14","slug":"accesorios-de-piscinas","status":"publish","type":"page","link":"https:\/\/www.rppiscinas.com\/es\/accesorios-de-piscinas\/","title":{"rendered":"Accesorios de Piscinas"},"content":{"rendered":"<div class=\"flex_column av_one_full  flex_column_div first  \" ><p><div class='avia-button-wrap avia-button-left '><a href='https:\/\/www.rppiscinas.com\/es\/liner-piscinas\/' class='avia-button   avia-icon_select-no avia-color-theme-color avia-size-small avia-position-left '   ><span class='avia_iconbox_title' >Liners<\/span><\/a><\/div><br \/>\n<div class='avia-button-wrap avia-button-left '><a href='https:\/\/www.rppiscinas.com\/es\/bordes-para-piscinas\/' class='avia-button   avia-icon_select-no avia-color-theme-color avia-size-small avia-position-left '   ><span class='avia_iconbox_title' >Bordes<\/span><\/a><\/div><br \/>\n<div class='avia-button-wrap avia-button-left '><a href='https:\/\/www.rppiscinas.com\/es\/tratamiento-de-piscinas\/' class='avia-button   avia-icon_select-no avia-color-theme-color avia-size-small avia-position-left '   ><span class='avia_iconbox_title' >Desinfecci\u00f3n<\/span><\/a><\/div><br \/>\n<div class='avia-button-wrap avia-button-left '><a href='https:\/\/www.rppiscinas.com\/es\/calefaccion-de-piscinas\/' class='avia-button   avia-icon_select-no avia-color-theme-color avia-size-small avia-position-left '   ><span class='avia_iconbox_title' >Calefacci\u00f3n<\/span><\/a><\/div><br \/>\n<div class='avia-button-wrap avia-button-left '><a href='https:\/\/www.rppiscinas.com\/es\/manutencion-de-piscinas\/' class='avia-button   avia-icon_select-no avia-color-theme-color avia-size-small avia-position-left '   ><span class='avia_iconbox_title' >Manuten\u00e7\u00e3o<\/span><\/a><\/div><br \/>\n<div class='avia-button-wrap avia-button-left '><a href='javascript:void(0)' class='avia-button   avia-icon_select-no avia-color-orange avia-size-small avia-position-left '   ><span class='avia_iconbox_title' >Accesorios<\/span><\/a><\/div><br \/>\n<div class='avia-button-wrap avia-button-left '><a href='https:\/\/www.rppiscinas.com\/es\/filtros-para-piscinas\/' class='avia-button   avia-icon_select-no avia-color-theme-color avia-size-small avia-position-left '   ><span class='avia_iconbox_title' >Filtraci\u00f3n<\/span><\/a><\/div><\/p><\/div>\n<div  class='hr hr-default  '><span class='hr-inner ' ><span class='hr-inner-style'><\/span><\/span><\/div>\n<div class=\"flex_column av_two_third  flex_column_div first  \" ><section class=\"av_textblock_section \"  itemscope=\"itemscope\" itemtype=\"https:\/\/schema.org\/CreativeWork\" ><div class='avia_textblock  '   itemprop=\"text\" ><h2><span style=\"color: #000000;\">Accesorios de piscinas\u00a0<\/span><\/h2>\n<h3><span style=\"color: #1692de;\"><strong>Accesorios de piscinas en una gama a su medida<\/strong><\/span><\/h3>\n<p style=\"text-align: justify;\"><span id=\"result_box\" class=\"\" lang=\"es\">Accesorios de piscinas desarrollados para su bienestar y comodidad, le permiten disfrutar de una mayor facilidad en la aplicaci\u00f3n de los procedimientos de manutenci\u00f3n<span class=\"\">, mientras que<\/span> <span class=\"\">permiten valo<\/span>rar la est\u00e9tica de su piscina. Con equipamientos y accesorios de piscinas <span class=\"\">tan diversos como <\/span>robots de limpieza, duchas, iluminaci\u00f3n, hasta los peque\u00f1os accesorios tales como recoge-hojas o cepillos de limpieza, la l\u00ednea de accesorios de piscinas Soleoha sido <span class=\"\">especialmente Desarrollada<\/span> para que pueda disfrutar <span class=\"\">plenamente de los beneficios<\/span> su piscina.<\/span><\/p>\n<p><strong>&#8211; Innovaci\u00f3n y tecnologia;<\/strong><br \/>\n<strong><span id=\"source-is\" class=\"goog-textarea short_text\" dir=\"ltr\" lang=\"es\" spellcheck=\"false\">&#8211; F\u00e1cil y c\u00f3modo de usar;<\/span><\/strong><br \/>\n<span id=\"result_box\" class=\"\" lang=\"es\"><\/span><strong><span id=\"result_box\" class=\"\" lang=\"es\">&#8211; Resistencia y durabilidad;<\/span><\/strong><br \/>\n<span id=\"result_box\" class=\"\" lang=\"es\"><\/span><strong><span id=\"result_box\" class=\"\" lang=\"es\">&#8211; <span class=\"\">Design<\/span> <span class=\"\">atractivo.<\/span><\/span><\/strong><\/p>\n<\/div><\/section><\/div>\n<div class=\"flex_column av_one_third  flex_column_div av-zero-column-padding   \" style='border-radius:0px; '><div class='avia-image-container  av-styling-    avia-align-center '  itemscope=\"itemscope\" itemtype=\"https:\/\/schema.org\/ImageObject\"  ><div class='avia-image-container-inner'><img class='avia_image ' src='http:\/\/rppiscinas.com\/es\/wp-content\/uploads\/2014\/09\/acessorios_de_piscinas_soleo.jpg' alt='Acess\u00f3rios de piscinas SOLEO' title='Acess\u00f3rios de piscinas SOLEO'   itemprop=\"thumbnailUrl\"  \/><\/div><\/div><\/div>\n<div  class='hr hr-default  '><span class='hr-inner ' ><span class='hr-inner-style'><\/span><\/span><\/div>\n<section class=\"av_textblock_section \"  itemscope=\"itemscope\" itemtype=\"https:\/\/schema.org\/CreativeWork\" ><div class='avia_textblock  '   itemprop=\"text\" ><h2 style=\"text-align: center;\"><span style=\"color: #1692de;\">\u00a0Acess\u00f3rios de piscinas \u00a0&#8211; Funcionalidad y est\u00e9tica<\/span><\/h2>\n<p style=\"text-align: center;\"><span id=\"result_box\" class=\"\" lang=\"es\">Gama de equipamientos<span class=\"\"> y accesorios para piscinas para<\/span> los que quieren dar un toque especial y personal a la piscina y a el ambiente que la rodea. La gama de accesorios\u00a0 para piscinas Soleo piscinas fueran desarrollados<span class=\"\">\u00a0 para proporcionar la uni\u00f3n<\/span> de la est\u00e9tica y de la funcionalidad.<br \/>\n<\/span><\/p>\n<p style=\"text-align: center;\">.<\/p>\n<\/div><\/section>\n<div class=\"flex_column av_one_fourth  flex_column_div first  \" ><p><div class='avia-image-container  av-styling-    avia-align-center '  itemscope=\"itemscope\" itemtype=\"https:\/\/schema.org\/ImageObject\"  ><div class='avia-image-container-inner'><img class='avia_image ' src='http:\/\/rppiscinas.com\/es\/wp-content\/uploads\/2014\/09\/acessorios_de_piscinas_RP.jpg' alt='Acess\u00f3rios de piscinas SOLEO' title='Acess\u00f3rios de piscinas - ilimumina\u00e7\u00e3o'   itemprop=\"thumbnailUrl\"  \/><\/div><\/div><br \/>\n<section class=\"av_textblock_section \"  itemscope=\"itemscope\" itemtype=\"https:\/\/schema.org\/CreativeWork\" ><div class='avia_textblock  '   itemprop=\"text\" ><p><strong>Iluminaci\u00f3n<br \/>\n<\/strong><span id=\"result_box\" class=\"\" lang=\"es\">Obtenga <span class=\"\">un gran aspecto para su piscina<\/span> gracias a los proyectores bajo del agua Soleo<span class=\"\">.<\/span><\/span><\/p>\n<\/div><\/section><br \/>\n<div class='avia-button-wrap avia-button-left '><a href='http:\/\/rppiscinas.com\/es\/pedido-de-orcamento\/?equip=Iluminaci\u00f3n' class='avia-button   avia-icon_select-no avia-color-blue avia-size-small avia-position-left '  target=\"_blank\"   ><span class='avia_iconbox_title' >Solicitar Presupuesto<\/span><\/a><\/div><\/p><\/div>\n<div class=\"flex_column av_one_fourth  flex_column_div av-zero-column-padding   \" style='border-radius:0px; '><p><div class='avia-image-container  av-styling-    avia-align-center '  itemscope=\"itemscope\" itemtype=\"https:\/\/schema.org\/ImageObject\"  ><div class='avia-image-container-inner'><img class='avia_image ' src='http:\/\/rppiscinas.com\/es\/wp-content\/uploads\/2014\/09\/acessorios_de_piscinas_RP_chuveiro.jpg' alt='Acess\u00f3rios de Piscinas SOLEO' title='Acess\u00f3rios de Piscinas - Chuveiros'   itemprop=\"thumbnailUrl\"  \/><\/div><\/div><br \/>\n<section class=\"av_textblock_section \"  itemscope=\"itemscope\" itemtype=\"https:\/\/schema.org\/CreativeWork\" ><div class='avia_textblock  '   itemprop=\"text\" ><p><strong>Duchas<br \/>\n<\/strong><span id=\"source\" class=\"goog-textarea\" dir=\"ltr\" lang=\"es\" tabindex=\"0\" spellcheck=\"false\">Accesorios fundamentales para una perfecta higiene del <span class=\"\">agua de la piscina.<\/span><\/span><\/p>\n<\/div><\/section><br \/>\n<div class='avia-button-wrap avia-button-left '><a href='http:\/\/rppiscinas.com\/es\/pedido-de-orcamento\/?equip=Duchas' class='avia-button   avia-icon_select-no avia-color-blue avia-size-small avia-position-left '  target=\"_blank\"   ><span class='avia_iconbox_title' >Solicitar Presupuesto<\/span><\/a><\/div><\/p><\/div>\n<div class=\"flex_column av_one_fourth  flex_column_div av-zero-column-padding   \" style='border-radius:0px; '><p><div class='avia-image-container  av-styling-    avia-align-center '  itemscope=\"itemscope\" itemtype=\"https:\/\/schema.org\/ImageObject\"  ><div class='avia-image-container-inner'><img class='avia_image ' src='http:\/\/rppiscinas.com\/es\/wp-content\/uploads\/2014\/09\/acessorios_de_piscinas_RP_cascatas.jpg' alt='Acess\u00f3rios de Piscinas SOLEO' title='Acess\u00f3rios de Piscinas - Cascatas'   itemprop=\"thumbnailUrl\"  \/><\/div><\/div><br \/>\n<section class=\"av_textblock_section \"  itemscope=\"itemscope\" itemtype=\"https:\/\/schema.org\/CreativeWork\" ><div class='avia_textblock  '   itemprop=\"text\" ><p><strong>Fuentes y Cascadas<br \/>\n<\/strong><span id=\"result_box\" class=\"\" lang=\"es\">Ofrece una valoraci\u00f3n est\u00e9tica de la piscina asociada a los efectos relajantes del agua.<\/span><\/p>\n<\/div><\/section><br \/>\n<div class='avia-button-wrap avia-button-left '><a href='http:\/\/rppiscinas.com\/es\/pedido-de-orcamento\/?equip=Fontes e Cascatas' class='avia-button   avia-icon_select-no avia-color-blue avia-size-small avia-position-left '   ><span class='avia_iconbox_title' >Solicitar Presupuesto<\/span><\/a><\/div><\/p><\/div>\n<div class=\"flex_column av_one_fourth  flex_column_div av-zero-column-padding   \" style='border-radius:0px; '><p><div class='avia-image-container  av-styling-    avia-align-center '  itemscope=\"itemscope\" itemtype=\"https:\/\/schema.org\/ImageObject\"  ><div class='avia-image-container-inner'><img class='avia_image ' src='http:\/\/rppiscinas.com\/es\/wp-content\/uploads\/2014\/09\/acessorios_de_piscinas_newskimmer.jpg' alt='Acess\u00f3rios de Piscinas SOLEO' title='Acess\u00f3rios de Piscinas - Newskimmer'   itemprop=\"thumbnailUrl\"  \/><\/div><\/div><br \/>\n<section class=\"av_textblock_section \"  itemscope=\"itemscope\" itemtype=\"https:\/\/schema.org\/CreativeWork\" ><div class='avia_textblock  '   itemprop=\"text\" ><p><strong>NEWSKIMMER<br \/>\n<\/strong><span id=\"result_box\" class=\"\" lang=\"es\">Patentado por RP Industries <span class=\"\">est\u00e1 disponible<\/span> en el modelo en acero inoxidable o <span class=\"\">ABS<\/span>.<\/span><\/p>\n<\/div><\/section><br \/>\n<div class='avia-button-wrap avia-button-left '><a href='http:\/\/rppiscinas.com\/es\/pedido-de-orcamento\/?equip=NewsSkimmer' class='avia-button   avia-icon_select-no avia-color-blue avia-size-small avia-position-left '   ><span class='avia_iconbox_title' >Solicitar Presupuesto<\/span><\/a><\/div><\/p><\/div>\n<div style='height:80px' class='hr hr-invisible  '><span class='hr-inner ' ><span class='hr-inner-style'><\/span><\/span><\/div>\n<div class=\"flex_column av_one_fourth  flex_column_div first  \" ><p><div class='avia-image-container  av-styling-    avia-align-center '  itemscope=\"itemscope\" itemtype=\"https:\/\/schema.org\/ImageObject\"  ><div class='avia-image-container-inner'><img class='avia_image ' src='http:\/\/rppiscinas.com\/es\/wp-content\/uploads\/2014\/09\/acessorios_de_piscinas_soleo_rp.jpg' alt='Acess\u00f3rios de Piscinas SOLEO' title='Acess\u00f3rios de Piscinas - Limpeza'   itemprop=\"thumbnailUrl\"  \/><\/div><\/div><br \/>\n<section class=\"av_textblock_section \"  itemscope=\"itemscope\" itemtype=\"https:\/\/schema.org\/CreativeWork\" ><div class='avia_textblock  '   itemprop=\"text\" ><p><strong>Accesorios de Limpieza<br \/>\n<\/strong>Conjunto de acesorios para maior facilidad y comodidad en la manutenci\u00f3n de la piscina.<\/p>\n<\/div><\/section><br \/>\n<div class='avia-button-wrap avia-button-left '><a href='http:\/\/rppiscinas.com\/es\/pedido-de-orcamento\/?equip=Accesorios Limpieza' class='avia-button   avia-icon_select-no avia-color-blue avia-size-small avia-position-left '  target=\"_blank\"   ><span class='avia_iconbox_title' >Solicitar Presupuesto<\/span><\/a><\/div><\/p><\/div>\n<div class=\"flex_column av_one_fourth  flex_column_div av-zero-column-padding   \" style='border-radius:0px; '><p><div class='avia-image-container  av-styling-    avia-align-center '  itemscope=\"itemscope\" itemtype=\"https:\/\/schema.org\/ImageObject\"  ><div class='avia-image-container-inner'><img class='avia_image ' src='http:\/\/rppiscinas.com\/es\/wp-content\/uploads\/2014\/09\/acessorios_de_piscinas_RP_robots.jpg' alt='Acess\u00f3rios de Piscinas SOLEO' title='Acess\u00f3rios de Piscinas - Robots'   itemprop=\"thumbnailUrl\"  \/><\/div><\/div><br \/>\n<section class=\"av_textblock_section \"  itemscope=\"itemscope\" itemtype=\"https:\/\/schema.org\/CreativeWork\" ><div class='avia_textblock  '   itemprop=\"text\" ><p><strong>Robots de Limpieza<br \/>\n<\/strong><span id=\"result_box\" class=\"\" lang=\"es\"><span class=\"\">Robots autom\u00e1ticos<\/span> que <span class=\"\">permiten<\/span> <span class=\"\">la m\u00e1xima comodidad<\/span> <span class=\"\">en la limpieza de<\/span> <span class=\"\">la piscina<\/span><span class=\"\">.<\/span><\/span><\/p>\n<\/div><\/section><br \/>\n<div class='avia-button-wrap avia-button-left '><a href='http:\/\/rppiscinas.com\/es\/pedido-de-orcamento\/?equip=Fontes e Cascatas' class='avia-button   avia-icon_select-no avia-color-blue avia-size-small avia-position-left '  target=\"_blank\"   ><span class='avia_iconbox_title' >Solicitar Presupuesto<\/span><\/a><\/div><\/p><\/div>\n<div class=\"flex_column av_one_fourth  flex_column_div av-zero-column-padding   \" style='border-radius:0px; '><p><div class='avia-image-container  av-styling-    avia-align-center '  itemscope=\"itemscope\" itemtype=\"https:\/\/schema.org\/ImageObject\"  ><div class='avia-image-container-inner'><img class='avia_image ' src='http:\/\/rppiscinas.com\/es\/wp-content\/uploads\/2014\/09\/acessorios_de_piscinas_RP_local_tecnico.jpg' alt='Acess\u00f3rios de piscinas SOLEO' title='Acess\u00f3rios de piscinas - local t\u00e9cnico'   itemprop=\"thumbnailUrl\"  \/><\/div><\/div><br \/>\n<section class=\"av_textblock_section \"  itemscope=\"itemscope\" itemtype=\"https:\/\/schema.org\/CreativeWork\" ><div class='avia_textblock  '   itemprop=\"text\" ><p><strong>Local T\u00e9cnico<br \/>\n<\/strong><span id=\"result_box\" class=\"\" lang=\"es\"><span class=\"\">Para la implementaci\u00f3n<\/span> de equipamientos de filtraci\u00f3n en la zona que rodea la piscina.<\/span><\/p>\n<\/div><\/section><br \/>\n<div class='avia-button-wrap avia-button-left '><a href='http:\/\/rppiscinas.com\/es\/pedido-de-orcamento\/?equip=Local T\u00e9cnico' class='avia-button   avia-icon_select-no avia-color-blue avia-size-small avia-position-left '   ><span class='avia_iconbox_title' >Solicitar Presupuesto<\/span><\/a><\/div><\/p><\/div>\n<div class=\"flex_column av_one_fourth  flex_column_div av-zero-column-padding   \" style='border-radius:0px; '><p><div class='avia-image-container  av-styling-    avia-align-center '  itemscope=\"itemscope\" itemtype=\"https:\/\/schema.org\/ImageObject\"  ><div class='avia-image-container-inner'><img class='avia_image ' src='http:\/\/rppiscinas.com\/es\/wp-content\/uploads\/2014\/09\/acessorios_de_piscinas_RP_ncc.jpg' alt='Acess\u00f3rios de Piscinas SOLEO' title='Acess\u00f3rios de Piscinas - Nadar Contra Corrente'   itemprop=\"thumbnailUrl\"  \/><\/div><\/div><br \/>\n<section class=\"av_textblock_section \"  itemscope=\"itemscope\" itemtype=\"https:\/\/schema.org\/CreativeWork\" ><div class='avia_textblock  '   itemprop=\"text\" ><p><strong>Nadar Contra La Corriente<br \/>\n<\/strong><span id=\"result_box\" class=\"\" lang=\"es\"><span class=\"\">Equipamiento ideal<\/span> para aquellos que desean maximizar el ejercicio y aprovechar toda la fuerza del agua.<\/span><\/p>\n<\/div><\/section><br \/>\n<div class='avia-button-wrap avia-button-left '><a href='http:\/\/rppiscinas.com\/es\/pedido-de-orcamento\/?equip=Nadar Contra-Corrente' class='avia-button   avia-icon_select-no avia-color-blue avia-size-small avia-position-left '   ><span class='avia_iconbox_title' >Solicitar Presupuesto<\/span><\/a><\/div><\/p><\/div>\n<\/div><\/div><\/div><!-- close content main div --><\/div><\/div><div id='av_section_1' class='avia-section main_color avia-section-default avia-no-shadow avia-full-stretch avia-bg-style-fixed   container_wrap fullsize' style = 'background-repeat: no-repeat; background-image: url(http:\/\/rppiscinas.com\/es\/wp-content\/uploads\/2014\/09\/acssrs_bck_01-300x199.jpg); background-attachment: fixed; background-position: top left; ' data-section-bg-repeat='stretch' ><div class='container' ><div class='template-page content  av-content-full alpha units'><div class='post-entry post-entry-type-page post-entry-3796'><div class='entry-content-wrapper clearfix'>\n<div class=\"flex_column av_one_third  flex_column_div first  \" ><div class='avia-image-container  av-styling-    avia-align-center '  itemscope=\"itemscope\" itemtype=\"https:\/\/schema.org\/ImageObject\"  ><div class='avia-image-container-inner'><img class='avia_image ' src='http:\/\/rppiscinas.com\/es\/wp-content\/uploads\/2014\/09\/aquecimento_de_piscinas_CGF_01-299x300.png' alt='Acess\u00f3rios de Piscinas SOLEO' title='Acess\u00f3rios de Piscinas - CGF'   itemprop=\"thumbnailUrl\"  \/><\/div><\/div><\/div><div class=\"flex_column av_two_third  flex_column_div av-zero-column-padding   \" style='border-radius:0px; '><section class=\"av_textblock_section \"  itemscope=\"itemscope\" itemtype=\"https:\/\/schema.org\/CreativeWork\" ><div class='avia_textblock  '   itemprop=\"text\" ><h2><span style=\"color: #ffffff;\">Gesti\u00f3n de Filtraci\u00f3n por la Temperatura<\/span><\/h2>\n<p><span style=\"color: #ffffff;\">Mucho m\u00e1s que un cuadro electrico de una piscina, CGF optimiza la operaci\u00f3n de filtraci\u00f3n y contribuye a una comodidad sin igual para el usuario. Al calcular el momento ideal de la filtraci\u00f3n en funci\u00f3n de la temperatura del agua, la TLC mejora considerablemente la eficacia de filtraci\u00f3n y evita la p\u00e9rdida de energ\u00eda cuando la temperatura baja.<\/span><\/p>\n<p><span style=\"color: #ffffff;\">Est\u00e1 equipado con un mando a distancia por radio que permite conectar convenientemente los proyectores de la piscina y la toma auxiliar de corriente.\/span&gt;<\/span><\/p>\n<p><strong><span style=\"color: #ffffff;\"><br \/>\nFiltraci\u00f3n optimizada en funci\u00f3n de la temperatura del agua;<br \/>\nPantalla digital de temperatura;<br \/>\nProtecci\u00f3n contra el hielo;<br \/>\ncontrol remoto de proyectores;<br \/>\nToma auxiliar con mando a distancia (para un robot de aspiraci\u00f3n, iluminaci\u00f3n de jard\u00edn, etc &#8230;);<br \/>\nDetecci\u00f3n de escasez de agua (opci\u00f3n de equipamiento).<\/span><\/strong><\/p>\n<\/div><\/section><br \/>\n<div class='avia-button-wrap avia-button-left '><a href='http:\/\/rppiscinas.com\/es\/pedido-de-orcamento\/?equip=Central de Gest\u00e3o de Filtra\u00e7\u00e3o' class='avia-button   avia-icon_select-no avia-color-silver avia-size-small avia-position-left '   ><span class='avia_iconbox_title' >Solicitar Presupuesto<\/span><\/a><\/div><\/p><\/div><div class=\"flex_column av_one_third  flex_column_div first  \" ><div class='avia-image-container  av-styling-    avia-align-center '  itemscope=\"itemscope\" itemtype=\"https:\/\/schema.org\/ImageObject\"  ><div class='avia-image-container-inner'><img class='avia_image ' src='http:\/\/rppiscinas.com\/es\/wp-content\/uploads\/2014\/03\/tratamento_de_piscinas_01-300x209.jpg' alt='Tratamento de piscinas SOLEO' title='Tratamento de piscinas '   itemprop=\"thumbnailUrl\"  \/><\/div><\/div><\/div><\/p>\n<div class=\"flex_column av_two_third  flex_column_div av-zero-column-padding   \" style='border-radius:0px; '><section class=\"av_textblock_section \"  itemscope=\"itemscope\" itemtype=\"https:\/\/schema.org\/CreativeWork\" ><div class='avia_textblock  '   itemprop=\"text\" ><h4 style=\"text-align: left;\">DESINFECCI\u00d3N AUTOM\u00c1TICA<\/h4>\n<p><span id=\"result_box\" class=\"\" lang=\"es\">Las soluciones de desinfecci\u00f3n autom\u00e1tica Soleo hacen que sea f\u00e1cil y comodo el proceso de manutenci\u00f3n de la piscina. Completamente aut\u00f3nomos, regulan y desinfectan el agua de la piscina de una manera constante y autom\u00e1tica. Una soluci\u00f3n eficaz y conveniente para el tratamiento de <span class=\"\">agua de su piscina<\/span>.<\/span><\/p>\n<\/div><\/section><br \/>\n<div class='avia-button-wrap avia-button-left '><a href='https:\/\/www.rppiscinas.com\/es\/tratamiento-de-piscinas\/' class='avia-button   avia-icon_select-no avia-color-blue avia-size-small avia-position-left '   ><span class='avia_iconbox_title' >Saber m\u00e1s<\/span><\/a><\/div><\/p><\/div>\n","protected":false},"excerpt":{"rendered":"","protected":false},"author":1,"featured_media":0,"parent":0,"menu_order":0,"comment_status":"open","ping_status":"open","template":"","meta":[],"_links":{"self":[{"href":"https:\/\/www.rppiscinas.com\/es\/wp-json\/wp\/v2\/pages\/3796"}],"collection":[{"href":"https:\/\/www.rppiscinas.com\/es\/wp-json\/wp\/v2\/pages"}],"about":[{"href":"https:\/\/www.rppiscinas.com\/es\/wp-json\/wp\/v2\/types\/page"}],"author":[{"embeddable":true,"href":"https:\/\/www.rppiscinas.com\/es\/wp-json\/wp\/v2\/users\/1"}],"replies":[{"embeddable":true,"href":"https:\/\/www.rppiscinas.com\/es\/wp-json\/wp\/v2\/comments?post=3796"}],"version-history":[{"count":60,"href":"https:\/\/www.rppiscinas.com\/es\/wp-json\/wp\/v2\/pages\/3796\/revisions"}],"predecessor-version":[{"id":5318,"href":"https:\/\/www.rppiscinas.com\/es\/wp-json\/wp\/v2\/pages\/3796\/revisions\/5318"}],"wp:attachment":[{"href":"https:\/\/www.rppiscinas.com\/es\/wp-json\/wp\/v2\/media?parent=3796"}],"curies":[{"name":"wp","href":"https:\/\/api.w.org\/{rel}","templated":true}]}}