{"id":3580,"date":"2014-03-28T18:18:10","date_gmt":"2014-03-28T18:18:10","guid":{"rendered":"http:\/\/rppiscinas.com\/es\/?page_id=3580"},"modified":"2016-10-12T13:46:04","modified_gmt":"2016-10-12T13:46:04","slug":"calefaccion-de-piscinas","status":"publish","type":"page","link":"https:\/\/www.rppiscinas.com\/es\/calefaccion-de-piscinas\/","title":{"rendered":"Calefacci\u00f3n de piscinas"},"content":{"rendered":"<div class=\"flex_column av_one_full  flex_column_div first  \" ><p><div class='avia-button-wrap avia-button-left '><a href='https:\/\/www.rppiscinas.com\/es\/liner-piscinas\/' class='avia-button   avia-icon_select-no avia-color-theme-color avia-size-small avia-position-left '   ><span class='avia_iconbox_title' >Liners<\/span><\/a><\/div><br \/>\n<div class='avia-button-wrap avia-button-left '><a href='https:\/\/www.rppiscinas.com\/es\/bordes-para-piscinas\/' class='avia-button   avia-icon_select-no avia-color-theme-color avia-size-small avia-position-left '   ><span class='avia_iconbox_title' >Bordes<\/span><\/a><\/div><br \/>\n<div class='avia-button-wrap avia-button-left '><a href='https:\/\/www.rppiscinas.com\/es\/tratamiento-de-piscinas\/' class='avia-button   avia-icon_select-no avia-color-theme-color avia-size-small avia-position-left '   ><span class='avia_iconbox_title' >Desinfecci\u00f3n<\/span><\/a><\/div><br \/>\n<div class='avia-button-wrap avia-button-left '><a href='javascript:void(0)' class='avia-button   avia-icon_select-no avia-color-orange avia-size-small avia-position-left '   ><span class='avia_iconbox_title' >Calefacci\u00f3n<\/span><\/a><\/div><br \/>\n<div class='avia-button-wrap avia-button-left '><a href='https:\/\/www.rppiscinas.com\/es\/manutencion-de-piscinas\/' class='avia-button   avia-icon_select-no avia-color-theme-color avia-size-small avia-position-left '   ><span class='avia_iconbox_title' >Manutenci\u00f3n<\/span><\/a><\/div><br \/>\n<div class='avia-button-wrap avia-button-left '><a href='https:\/\/www.rppiscinas.com\/es\/accesorios-de-piscinas\/' class='avia-button   avia-icon_select-no avia-color-theme-color avia-size-small avia-position-left '   ><span class='avia_iconbox_title' >Accesorios<\/span><\/a><\/div><br \/>\n<div class='avia-button-wrap avia-button-left '><a href='https:\/\/www.rppiscinas.com\/es\/filtros-para-piscinas\/' class='avia-button   avia-icon_select-no avia-color-theme-color avia-size-small avia-position-left '   ><span class='avia_iconbox_title' >Filtraci\u00f3n<\/span><\/a><\/div><\/p><\/div>\n<div  class='hr hr-default  '><span class='hr-inner ' ><span class='hr-inner-style'><\/span><\/span><\/div>\n<div class=\"flex_column av_two_third  flex_column_div first  \" ><section class=\"av_textblock_section \"  itemscope=\"itemscope\" itemtype=\"https:\/\/schema.org\/CreativeWork\" ><div class='avia_textblock  '   itemprop=\"text\" ><h2><span style=\"color: #000000;\">Calefacci\u00f3n de piscinas\u00a0<\/span><\/h2>\n<h3><span style=\"color: #1692de;\"><strong>Una piscina con agua de 28\u00baC todo el ano<\/strong><\/span><\/h3>\n<p style=\"text-align: justify;\"><span id=\"result_box\" class=\"\" lang=\"es\">La temperatura del agua es sin duda uno de los aspectos m\u00e1s importantes a la hora de usar la piscina. Para aquellos que quieren un buceo m\u00e1s c\u00f3modo y una temperatura <span class=\"\">m\u00e1s deseable,<\/span> es esencial dotaar\u00a0 la piscina de un sistema de calefacci\u00f3n de piscinas Soleo.<\/span><\/p>\n<p style=\"text-align: justify;\"><span id=\"result_box\" class=\"\" lang=\"es\">Creadas por la tecnolog\u00eda m\u00e1s moderna, las soluciones de calefacci\u00f3n de piscinas presentadas se destacan por su <span class=\"\">fiabilidad y bajo coste<\/span>.<\/span><\/p>\n<p><strong>&#8211; Tecnologias innovadoras y de alta eficiencia;<\/strong><br \/>\n<strong>&#8211; Temperatura del agua m\u00e1s c\u00f3moda;<br \/>\n<\/strong><strong>&#8211; Costos de operaci\u00f3n controlados;<br \/>\n&#8211; Soluciones de deshumidificaci\u00f3n para piscinas interiores.<br \/>\n<\/strong><\/p>\n<\/div><\/section><\/div>\n<div class=\"flex_column av_one_third  flex_column_div av-zero-column-padding   \" style='border-radius:0px; '><div class='avia-image-container  av-styling-    avia-align-center '  itemscope=\"itemscope\" itemtype=\"https:\/\/schema.org\/ImageObject\"  ><div class='avia-image-container-inner'><img class='avia_image ' src='http:\/\/rppiscinas.com\/es\/wp-content\/uploads\/2014\/03\/aquecimento_de_piscinas_soleo.jpg' alt='Aquecimento de piscinas SOLEO' title='Aquecimento de piscinas'   itemprop=\"thumbnailUrl\"  \/><\/div><\/div><\/div>\n<div  class='hr hr-default  '><span class='hr-inner ' ><span class='hr-inner-style'><\/span><\/span><\/div>\n<section class=\"av_textblock_section \"  itemscope=\"itemscope\" itemtype=\"https:\/\/schema.org\/CreativeWork\" ><div class='avia_textblock  '   itemprop=\"text\" ><h2 style=\"text-align: center;\"><span style=\"color: #1692de;\">Calefacci\u00f3n de piscinas de referencia \u00a0<\/span><\/h2>\n<p style=\"text-align: center;\"><span id=\"result_box\" class=\"\" lang=\"es\">Calefacci\u00f3n de piscinas de la gama Soleo con una l\u00ednea de soluciones adaptables a las caracter\u00edsticas de cada espacio. Las soluciones de <strong>calefacci\u00f3n de piscinas Soleo<\/strong> fueran dise\u00f1adas <span class=\"\">para aquellos que<\/span> no dispensan una <strong>c\u00f3moda temperatura del agua<\/strong> en cualquier \u00e9poca del a\u00f1o.<\/span><\/p>\n<p style=\"text-align: center;\">.<\/p>\n<\/div><\/section>\n<div class=\"flex_column av_one_third  flex_column_div first  \" ><p><div class='avia-image-container  av-styling-    avia-align-center '  itemscope=\"itemscope\" itemtype=\"https:\/\/schema.org\/ImageObject\"  ><div class='avia-image-container-inner'><img class='avia_image ' src='http:\/\/rppiscinas.com\/es\/wp-content\/uploads\/2014\/03\/aquecimento_de_piscinas_RP.jpg' alt='aquecimento de piscinas - bomba de calor' title='aquecimento de piscinas RP'   itemprop=\"thumbnailUrl\"  \/><\/div><\/div><br \/>\n<section class=\"av_textblock_section \"  itemscope=\"itemscope\" itemtype=\"https:\/\/schema.org\/CreativeWork\" ><div class='avia_textblock  '   itemprop=\"text\" ><p><strong>Bomba de Calor<\/strong><\/p>\n<p><span id=\"result_box\" class=\"\" lang=\"es\">La bomba de calor es el sistema de calefacci\u00f3n de piscinas m\u00e1s utilizados. La simple operaci\u00f3n le permite capturar la energ\u00eda t\u00e9rmica en el aire, y facilitar la transferencia al agua de la piscina. 80% de la energ\u00eda suministrada <span class=\"\">es gratis.<\/span><\/span><\/p>\n<\/div><\/section><br \/>\n<div class='avia-button-wrap avia-button-left '><a href='http:\/\/rppiscinas.com\/es\/pedido-de-orcamento\/?equip=BOMBA DE CALOR' class='avia-button   avia-icon_select-no avia-color-blue avia-size-small avia-position-left '  target=\"_blank\"   ><span class='avia_iconbox_title' >Solicitar Presupuesto<\/span><\/a><\/div><\/p><\/div><div class=\"flex_column av_one_third  flex_column_div av-zero-column-padding   \" style='border-radius:0px; '><p><div class='avia-image-container  av-styling-    avia-align-center '  itemscope=\"itemscope\" itemtype=\"https:\/\/schema.org\/ImageObject\"  ><div class='avia-image-container-inner'><img class='avia_image ' src='http:\/\/rppiscinas.com\/es\/wp-content\/uploads\/2014\/03\/permutadores_de_calor_RP.jpg' alt='permutadores de calor RP' title='Permutadores de calor_RP'   itemprop=\"thumbnailUrl\"  \/><\/div><\/div><br \/>\n<section class=\"av_textblock_section \"  itemscope=\"itemscope\" itemtype=\"https:\/\/schema.org\/CreativeWork\" ><div class='avia_textblock  '   itemprop=\"text\" ><p><strong>Intercambiador de calor<\/strong><\/p>\n<div id=\"gt-res-c\" class=\"g-unit\">\n<div id=\"gt-res-p\">\n<div id=\"gt-res-data\">\n<div id=\"gt-res-wrap\">\n<div id=\"gt-res-content\">\n<div dir=\"ltr\"><span id=\"result_box\" class=\"\" lang=\"es\">Con el uso de una caldera<span class=\"\">, aceite,<\/span> combustible o una bomba de calor, es posible usar el intercambiador de calor <span class=\"\">para calentar el agua<\/span>. Es <span class=\"\">com\u00fan su uso en <\/span>los fines de semana o en per\u00edodos de mayor uso de <span class=\"\">la piscina.<\/span><\/span><\/div>\n<\/div>\n<\/div>\n<\/div>\n<\/div>\n<\/div>\n<\/div><\/section><br \/>\n<div class='avia-button-wrap avia-button-left '><a href='http:\/\/rppiscinas.com\/es\/pedido-de-orcamento\/?equip=Permutador de Calor' class='avia-button   avia-icon_select-no avia-color-blue avia-size-small avia-position-left '   ><span class='avia_iconbox_title' >Solicitar Presupuesto<\/span><\/a><\/div><\/p><\/div><\/p>\n<div class=\"flex_column av_one_third  flex_column_div av-zero-column-padding   \" style='border-radius:0px; '><p><div class='avia-image-container  av-styling-    avia-align-center '  itemscope=\"itemscope\" itemtype=\"https:\/\/schema.org\/ImageObject\"  ><div class='avia-image-container-inner'><img class='avia_image ' src='http:\/\/rppiscinas.com\/es\/wp-content\/uploads\/2014\/03\/aquecedor_eletrico_RP.jpg' alt='Aquecedor eletrico_RP' title='Aquecedor eletrico RP'   itemprop=\"thumbnailUrl\"  \/><\/div><\/div><br \/>\n<section class=\"av_textblock_section \"  itemscope=\"itemscope\" itemtype=\"https:\/\/schema.org\/CreativeWork\" ><div class='avia_textblock  '   itemprop=\"text\" ><p><strong>Calentador El\u00e9trico<\/strong><\/p>\n<p><span id=\"result_box\" class=\"\" lang=\"es\">Con <span class=\"\">una inversi\u00f3n relativamente peque\u00f1a<\/span> puede r\u00e1pidamente calentar el agua. Fiable, a menudo se utilizan <span class=\"\">aprovechando el<\/span> sistema de calefacci\u00f3n de la casa para dar calor\u00edas para el <span class=\"\">agua de la piscina<\/span>.<\/span><\/p>\n<\/div><\/section><br \/>\n<div class='avia-button-wrap avia-button-left '><a href='http:\/\/rppiscinas.com\/es\/pedido-de-orcamento\/?equip=Aquecedor El\u00e9trico' class='avia-button   avia-icon_select-no avia-color-blue avia-size-small avia-position-left '   ><span class='avia_iconbox_title' >Solicitar Presupuesto<\/span><\/a><\/div><\/p><\/div>\n<div class=\"flex_column av_one_third  flex_column_div first  \" ><p><div class='avia-image-container  av-styling-    avia-align-center '  itemscope=\"itemscope\" itemtype=\"https:\/\/schema.org\/ImageObject\"  ><div class='avia-image-container-inner'><img class='avia_image ' src='http:\/\/rppiscinas.com\/es\/wp-content\/uploads\/2014\/03\/aquecimento_de_piscinas_caldeiras_RP.jpg' alt='Aquecimento de piscinas - caldeira RP' title='Aquecimento de piscinas - caldeira RP'   itemprop=\"thumbnailUrl\"  \/><\/div><\/div><br \/>\n<section class=\"av_textblock_section \"  itemscope=\"itemscope\" itemtype=\"https:\/\/schema.org\/CreativeWork\" ><div class='avia_textblock  '   itemprop=\"text\" ><p><strong>Caldera<br \/>\n<\/strong><span id=\"result_box\" class=\"\" lang=\"es\">El sistema de calefacci\u00f3n de la piscina mediante una caldera de gas o de combustible permite aumentar significativamente la temperatura de la <span class=\"\">agua de la piscina<\/span>.<\/span><\/p>\n<\/div><\/section><br \/>\n<div class='avia-button-wrap avia-button-left '><a href='http:\/\/rppiscinas.com\/es\/pedido-de-orcamento\/?equip=Caldeira' class='avia-button   avia-icon_select-no avia-color-blue avia-size-small avia-position-left '   ><span class='avia_iconbox_title' >Solicitar Presupuesto<\/span><\/a><\/div><\/p><\/div>\n<div class=\"flex_column av_one_third  flex_column_div av-zero-column-padding   \" style='border-radius:0px; '><p><div class='avia-image-container  av-styling-    avia-align-center '  itemscope=\"itemscope\" itemtype=\"https:\/\/schema.org\/ImageObject\"  ><div class='avia-image-container-inner'><img class='avia_image ' src='http:\/\/rppiscinas.com\/es\/wp-content\/uploads\/2014\/03\/desumidificacao_RP.jpg' alt='Desumidificador RP' title='Desumidificador RP'   itemprop=\"thumbnailUrl\"  \/><\/div><\/div><br \/>\n<section class=\"av_textblock_section \"  itemscope=\"itemscope\" itemtype=\"https:\/\/schema.org\/CreativeWork\" ><div class='avia_textblock  '   itemprop=\"text\" ><p><strong>Deshumidificador<br \/>\n<\/strong><span id=\"result_box\" class=\"\" lang=\"es\">Su uso es esencial en piscinas interiores con el fin de garantizar una humedad del 60% al 70% para la comodidad de <span class=\"\">los usuarios<\/span> y conservaci\u00f3n de las instalaciones.<\/span><\/p>\n<\/div><\/section><br \/>\n<div class='avia-button-wrap avia-button-left '><a href='http:\/\/rppiscinas.com\/es\/pedido-de-orcamento\/?equip=Desumidificador' class='avia-button   avia-icon_select-no avia-color-blue avia-size-small avia-position-left '   ><span class='avia_iconbox_title' >Solicitar Presupuesto<\/span><\/a><\/div><\/p><\/div>\n<\/div><\/div><\/div><!-- close content main div --><\/div><\/div><div id='av_section_1' class='avia-section main_color avia-section-default avia-no-shadow avia-full-stretch avia-bg-style-fixed   container_wrap fullsize' style = 'background-repeat: no-repeat; background-image: url(http:\/\/rppiscinas.com\/es\/wp-content\/uploads\/2014\/03\/aqcmt_bck-300x199.jpg); background-attachment: fixed; background-position: top left; ' data-section-bg-repeat='stretch' ><div class='container' ><div class='template-page content  av-content-full alpha units'><div class='post-entry post-entry-type-page post-entry-3580'><div class='entry-content-wrapper clearfix'>\n<div class=\"flex_column av_one_third  flex_column_div first  \" ><div class='avia-image-container  av-styling-    avia-align-center '  itemscope=\"itemscope\" itemtype=\"https:\/\/schema.org\/ImageObject\"  ><div class='avia-image-container-inner'><img class='avia_image ' src='http:\/\/rppiscinas.com\/es\/wp-content\/uploads\/2014\/03\/aquecimento_de_piscinas_bc.png' alt='Aquecimento de piscinas' title='Aquecimento de piscinas'   itemprop=\"thumbnailUrl\"  \/><\/div><\/div><\/div><div class=\"flex_column av_two_third  flex_column_div av-zero-column-padding   \" style='border-radius:0px; '><section class=\"av_textblock_section \"  itemscope=\"itemscope\" itemtype=\"https:\/\/schema.org\/CreativeWork\" ><div class='avia_textblock  '   itemprop=\"text\" ><h2><span style=\"color: #ffffff;\">80% de energia gratis com la bomba de calor Soleo<\/span><\/h2>\n<p><span style=\"color: #ffffff;\">M\u00e1s econ\u00f3mica y eficiente, la bomba de calor es el sistema m\u00e1s utilizado en la calefacci\u00f3n de piscinas en todo el mundo. Con un concepto de la operaci\u00f3n con el medio ambiente, la bomba de calor tiene la particularidad de utilizar la energ\u00eda contenida en el aire para transferirla al agua de la piscina. En realidad una bomba de calor tiene la capacidad de restaurar la potencia de 5 kW de calor a la piscina para cada kW consumido.<\/span><\/p>\n<p><span style=\"color: #ffffff;\">El modo de funcionamiento es muy silencioso, la bomba de calor no supera 58 dB.<\/span><br \/>\n<span style=\"color: #ffffff;\">Con 5 a\u00f1os de garant\u00eda contra la corrosi\u00f3n, el condensador de titanio que equipa la bomba de calor Soleo es compatible con todos los tratamientos de agua. <\/span><\/p>\n<p><span style=\"color: #ffffff;\">Por su principio de funcionamiento, las bombas de calor aseguran sus caracter\u00edsticas ecol\u00f3gicas. Por lo tanto, es una realidad que el 80% de la energ\u00eda enviada a la piscina se origina s\u00f3lo en el aire.<\/span><\/p>\n<\/div><\/section><br \/>\n<div class='avia-button-wrap avia-button-left '><a href='http:\/\/rppiscinas.com\/es\/pedido-de-orcamento\/?equip=BOMBA DE CALOR' class='avia-button   avia-icon_select-no avia-color-silver avia-size-small avia-position-left '  target=\"_blank\"   ><span class='avia_iconbox_title' >Solicitar Presupuesto<\/span><\/a><\/div><\/p><\/div><div class=\"flex_column av_one_third  flex_column_div first  \" ><div class='avia-image-container  av-styling-    avia-align-center '  itemscope=\"itemscope\" itemtype=\"https:\/\/schema.org\/ImageObject\"  ><div class='avia-image-container-inner'><img class='avia_image ' src='http:\/\/rppiscinas.com\/es\/wp-content\/uploads\/2014\/03\/desumidificadores_RP.png' alt='Desumidificadore RP' title='Desumidificadore RP'   itemprop=\"thumbnailUrl\"  \/><\/div><\/div><\/div><\/p>\n<div class=\"flex_column av_two_third  flex_column_div av-zero-column-padding   \" style='border-radius:0px; '><section class=\"av_textblock_section \"  itemscope=\"itemscope\" itemtype=\"https:\/\/schema.org\/CreativeWork\" ><div class='avia_textblock  '   itemprop=\"text\" ><h4 style=\"text-align: left;\">SOLUCIONES\u00a0 DE DESHUMIDIFICACI\u00d3N PARA PISCINAS INTERIORES<\/h4>\n<p><span id=\"result_box\" class=\"\" lang=\"es\">En la gama de deshumidificadores Soleo encuentra equipos que permiten funcionalidades adicionales. Calentar el aire de su espacio, el uso de la bater\u00eda o un suplemento de electricidad o calentar el agua de la piscina a trav\u00e9s de un <span class=\"\">condensador de agua<\/span> <span class=\"\">son algunas de las<\/span> posibilidades.<\/span><\/p>\n<\/div><\/section><br \/>\n<div class='avia-button-wrap avia-button-left '><a href='http:\/\/rppiscinas.com\/es\/pedido-de-orcamento\/?equip=Solu\u00e7\u00f5es Desumidifica\u00e7\u00e3o Piscinas Interiores' class='avia-button   avia-icon_select-no avia-color-blue avia-size-small avia-position-left '   ><span class='avia_iconbox_title' >Solicitar Presupuesto<\/span><\/a><\/div><\/p><\/div>\n","protected":false},"excerpt":{"rendered":"","protected":false},"author":1,"featured_media":0,"parent":0,"menu_order":0,"comment_status":"open","ping_status":"open","template":"","meta":[],"_links":{"self":[{"href":"https:\/\/www.rppiscinas.com\/es\/wp-json\/wp\/v2\/pages\/3580"}],"collection":[{"href":"https:\/\/www.rppiscinas.com\/es\/wp-json\/wp\/v2\/pages"}],"about":[{"href":"https:\/\/www.rppiscinas.com\/es\/wp-json\/wp\/v2\/types\/page"}],"author":[{"embeddable":true,"href":"https:\/\/www.rppiscinas.com\/es\/wp-json\/wp\/v2\/users\/1"}],"replies":[{"embeddable":true,"href":"https:\/\/www.rppiscinas.com\/es\/wp-json\/wp\/v2\/comments?post=3580"}],"version-history":[{"count":42,"href":"https:\/\/www.rppiscinas.com\/es\/wp-json\/wp\/v2\/pages\/3580\/revisions"}],"predecessor-version":[{"id":5306,"href":"https:\/\/www.rppiscinas.com\/es\/wp-json\/wp\/v2\/pages\/3580\/revisions\/5306"}],"wp:attachment":[{"href":"https:\/\/www.rppiscinas.com\/es\/wp-json\/wp\/v2\/media?parent=3580"}],"curies":[{"name":"wp","href":"https:\/\/api.w.org\/{rel}","templated":true}]}}