{"id":3550,"date":"2014-03-28T11:47:42","date_gmt":"2014-03-28T11:47:42","guid":{"rendered":"http:\/\/rppiscinas.com\/es\/?page_id=3550"},"modified":"2016-10-12T13:48:11","modified_gmt":"2016-10-12T13:48:11","slug":"tratamiento-de-piscinas","status":"publish","type":"page","link":"https:\/\/www.rppiscinas.com\/es\/tratamiento-de-piscinas\/","title":{"rendered":"Tratamiento de piscinas"},"content":{"rendered":"<div class=\"flex_column av_one_full  flex_column_div first  \" ><p><div class='avia-button-wrap avia-button-left '><a href='https:\/\/www.rppiscinas.com\/es\/liner-piscinas\/' class='avia-button   avia-icon_select-no avia-color-theme-color avia-size-small avia-position-left '   ><span class='avia_iconbox_title' >Liners<\/span><\/a><\/div><br \/>\n<div class='avia-button-wrap avia-button-left '><a href='https:\/\/www.rppiscinas.com\/es\/bordes-para-piscinas\/' class='avia-button   avia-icon_select-no avia-color-theme-color avia-size-small avia-position-left '   ><span class='avia_iconbox_title' >Bordes<\/span><\/a><\/div><br \/>\n<div class='avia-button-wrap avia-button-left '><a href='javascript:void(0)' class='avia-button   avia-icon_select-no avia-color-orange avia-size-small avia-position-left '   ><span class='avia_iconbox_title' >Desinfeccion<\/span><\/a><\/div><br \/>\n<div class='avia-button-wrap avia-button-left '><a href='https:\/\/www.rppiscinas.com\/es\/calefaccion-de-piscinas\/' class='avia-button   avia-icon_select-no avia-color-theme-color avia-size-small avia-position-left '   ><span class='avia_iconbox_title' >Calefacci\u00f3n<\/span><\/a><\/div><br \/>\n<div class='avia-button-wrap avia-button-left '><a href='https:\/\/www.rppiscinas.com\/es\/manutencion-de-piscinas\/' class='avia-button   avia-icon_select-no avia-color-theme-color avia-size-small avia-position-left '   ><span class='avia_iconbox_title' >Manutenci\u00f3n<\/span><\/a><\/div><br \/>\n<div class='avia-button-wrap avia-button-left '><a href='https:\/\/www.rppiscinas.com\/es\/accesorios-de-piscinas\/' class='avia-button   avia-icon_select-no avia-color-theme-color avia-size-small avia-position-left '   ><span class='avia_iconbox_title' >Accesorios<\/span><\/a><\/div><br \/>\n<div class='avia-button-wrap avia-button-left '><a href='https:\/\/www.rppiscinas.com\/es\/filtros-para-piscinas\/' class='avia-button   avia-icon_select-no avia-color-theme-color avia-size-small avia-position-left '   ><span class='avia_iconbox_title' >Filtraci\u00f3n<\/span><\/a><\/div><\/p><\/div>\n<div  class='hr hr-default  '><span class='hr-inner ' ><span class='hr-inner-style'><\/span><\/span><\/div>\n<div class=\"flex_column av_two_third  flex_column_div first  \" ><section class=\"av_textblock_section \"  itemscope=\"itemscope\" itemtype=\"https:\/\/schema.org\/CreativeWork\" ><div class='avia_textblock  '   itemprop=\"text\" ><h2><span style=\"color: #000000;\">Tratamiento de piscinas Soleo<br \/>\n<\/span><\/h2>\n<h3><span style=\"color: #1692de;\"><strong>Una agua <span id=\"result_box\" class=\"short_text\" lang=\"es\">saludable para <span class=\"\">toda la familia<\/span><\/span><br \/>\n<\/strong><\/span><\/h3>\n<p style=\"text-align: justify;\"><span id=\"result_box\" class=\"\" lang=\"es\">M\u00e1s que\u00a0 una innovaci\u00f3n tecnol\u00f3gica, el tratamiento autom\u00e1tico de piscinas hace que sea m\u00e1s f\u00e1cil y c\u00f3modo el proceso de manutenci\u00f3n de una piscina. Los equipos de desinfecci\u00f3n autom\u00e1tica, totalmente aut\u00f3nomos, regulan y desinfectan de manera constante y autom\u00e1tica la agua <span class=\"\">de la piscina.<\/span> Una soluci\u00f3n eficaz y conveniente <span class=\"\">para el tratamiento de<\/span> <span class=\"\">piscinas.<\/span><\/span><\/p>\n<p><strong><span id=\"result_box\" class=\"\" lang=\"es\">&#8211; Sin olor desagradable<br \/>\n&#8211; No tiene sabor a cloro<br \/>\n&#8211; No irrita los ojos o las membranas mucosas<br \/>\n&#8211; No seca la piel, favoreciendo <span class=\"\">el bronceado<\/span><br \/>\n&#8211; <span class=\"\">No<\/span> altera el color del cabello<\/span><\/strong><\/p>\n<\/div><\/section><\/div>\n<div class=\"flex_column av_one_third  flex_column_div av-zero-column-padding   \" style='border-radius:0px; '><div class='avia-image-container  av-styling-    avia-align-center '  itemscope=\"itemscope\" itemtype=\"https:\/\/schema.org\/ImageObject\"  ><div class='avia-image-container-inner'><img class='avia_image ' src='http:\/\/rppiscinas.com\/es\/wp-content\/uploads\/2014\/03\/tratamento_de_piscinas_soleo-300x285.jpg' alt='Tratamento de piscinas SOLEO' title='Tratamento de piscinas SOLEO'   itemprop=\"thumbnailUrl\"  \/><\/div><\/div><\/div>\n<div  class='hr hr-default  '><span class='hr-inner ' ><span class='hr-inner-style'><\/span><\/span><\/div>\n<section class=\"av_textblock_section \"  itemscope=\"itemscope\" itemtype=\"https:\/\/schema.org\/CreativeWork\" ><div class='avia_textblock  '   itemprop=\"text\" ><h2 style=\"text-align: center;\"><span style=\"color: #1692de;\">\u00a0Tratamientos de piscinas innovadores \u00a0<\/span><\/h2>\n<p style=\"text-align: center;\"><span id=\"result_box\" class=\"\" lang=\"es\"><span class=\"\">Tratamientos<\/span> de piscinas por electr\u00f3lisis de sal con ventajas \u00fanicas, lo que permite la desinfecci\u00f3n de agua sin tener que recurrir al uso de productos qu\u00edmicos.<\/span><\/p>\n<div class=\"gt-hl-layer\" dir=\"ltr\" style=\"text-align: center;\">\u00a0<span id=\"result_box\" class=\"\" lang=\"es\">El proceso de electr\u00f3lisis se realiza en una c\u00e9lula de titanio pre-instalado en el circuito de filtraci\u00f3n. La adici\u00f3n de sal al agua de la piscina permitir\u00e1 que esta pase en esa celda se descomponga en hipoclorito de sodio, <span class=\"\">que a su vez<\/span> actuar\u00e1 como desinfectante para purificar y destruir las bacterias <span class=\"\">y las algas<\/span> <span class=\"\">presentes<\/span> en el agua de la piscina. A continuaci\u00f3n, se recombina y vuelve a la forma <span class=\"\">sal.<\/span><\/span><\/div>\n<\/div><\/section>\n<div class=\"flex_column av_one_third  flex_column_div first  \" ><p><div class='avia-image-container  av-styling-    avia-align-center '  itemscope=\"itemscope\" itemtype=\"https:\/\/schema.org\/ImageObject\"  ><div class='avia-image-container-inner'><img class='avia_image ' src='http:\/\/rppiscinas.com\/es\/wp-content\/uploads\/2014\/03\/tratamento_de_piscinas_01-300x209.jpg' alt='Tratamento de piscinas SOLEO' title='Tratamento de piscinas '   itemprop=\"thumbnailUrl\"  \/><\/div><\/div><br \/>\n<section class=\"av_textblock_section \"  itemscope=\"itemscope\" itemtype=\"https:\/\/schema.org\/CreativeWork\" ><div class='avia_textblock  '   itemprop=\"text\" ><p><strong>Eletrolisador de Sal Soleo<br \/>\n<\/strong>Oferece maior rendimento e f\u00e1cil manuseamento no tratamento de piscinas.<\/p>\n<\/div><\/section><br \/>\n<div class='avia-button-wrap avia-button-left '><a href='http:\/\/rppiscinas.com\/es\/pedido-de-orcamento\/?equip=ELECTROLISADOR DE SAL' class='avia-button   avia-icon_select-no avia-color-blue avia-size-small avia-position-left '  target=\"_blank\"   ><span class='avia_iconbox_title' >Solicitar Presupuesto<\/span><\/a><\/div><\/p><\/div><div class=\"flex_column av_one_third  flex_column_div av-zero-column-padding   \" style='border-radius:0px; '><p><div class='avia-image-container  av-styling-    avia-align-center '  itemscope=\"itemscope\" itemtype=\"https:\/\/schema.org\/ImageObject\"  ><div class='avia-image-container-inner'><img class='avia_image ' src='http:\/\/rppiscinas.com\/es\/wp-content\/uploads\/2014\/03\/tratamento_de_piscinas_02-300x209.jpg' alt='Tratamento de piscinas SOLEO' title='Tratamento de piscinas'   itemprop=\"thumbnailUrl\"  \/><\/div><\/div><br \/>\n<section class=\"av_textblock_section \"  itemscope=\"itemscope\" itemtype=\"https:\/\/schema.org\/CreativeWork\" ><div class='avia_textblock  '   itemprop=\"text\" ><p><strong>Eletrolisador de Sal + pH<br \/>\n<\/strong>Solu\u00e7\u00e3o que lhe permite um total descanso no que respeita \u00e0 manuten\u00e7\u00e3o da piscina.<i style=\"line-height: 1.5em;\">\u00a0<\/i><\/p>\n<\/div><\/section><br \/>\n<div class='avia-button-wrap avia-button-left '><a href='http:\/\/rppiscinas.com\/es\/pedido-de-orcamento\/?equip=ELECTROLISADOR DE SAL' class='avia-button   avia-icon_select-no avia-color-blue avia-size-small avia-position-left '  target=\"_blank\"   ><span class='avia_iconbox_title' >Solicitar Presupuesto<\/span><\/a><\/div><\/p><\/div><div class=\"flex_column av_one_third  flex_column_div av-zero-column-padding   \" style='border-radius:0px; '><p><div class='avia-image-container  av-styling-    avia-align-center '  itemscope=\"itemscope\" itemtype=\"https:\/\/schema.org\/ImageObject\"  ><div class='avia-image-container-inner'><img class='avia_image ' src='http:\/\/rppiscinas.com\/es\/wp-content\/uploads\/2014\/03\/tratamento_de_piscinas_04-300x209.jpg' alt='Tratamento de piscinas - Sal' title='Tratamento de piscinas'   itemprop=\"thumbnailUrl\"  \/><\/div><\/div><br \/>\n<section class=\"av_textblock_section \"  itemscope=\"itemscope\" itemtype=\"https:\/\/schema.org\/CreativeWork\" ><div class='avia_textblock  '   itemprop=\"text\" ><p><strong>Sal para tratamento de piscinas<br \/>\n<\/strong>Sal especial regenerado, essencial para um perfeito processo de eletr\u00f3lise.<\/p>\n<\/div><\/section><br \/>\n<div class='avia-button-wrap avia-button-left '><a href='http:\/\/rppiscinas.com\/es\/pedido-de-orcamento\/?equip=Sal' class='avia-button   avia-icon_select-no avia-color-blue avia-size-small avia-position-left '  target=\"_blank\"   ><span class='avia_iconbox_title' >Solicitar Presupuesto<\/span><\/a><\/div><\/p><\/div><div class=\"flex_column av_one_full  flex_column_div first  \" ><\/div><\/p>\n<\/div><\/div><\/div><!-- close content main div --><\/div><\/div><div id='av_section_1' class='avia-section main_color avia-section-default avia-no-shadow avia-full-stretch avia-bg-style-fixed   container_wrap fullsize' style = 'background-repeat: no-repeat; background-image: url(http:\/\/rppiscinas.com\/es\/wp-content\/uploads\/2014\/03\/brds_bck-300x199.jpg); background-attachment: fixed; background-position: top left; ' data-section-bg-repeat='stretch' ><div class='container' ><div class='template-page content  av-content-full alpha units'><div class='post-entry post-entry-type-page post-entry-3550'><div class='entry-content-wrapper clearfix'>\n<div class=\"flex_column av_one_third  flex_column_div first  \" ><div class='avia-image-container  av-styling-    avia-align-center '  itemscope=\"itemscope\" itemtype=\"https:\/\/schema.org\/ImageObject\"  ><div class='avia-image-container-inner'><img class='avia_image ' src='http:\/\/rppiscinas.com\/es\/wp-content\/uploads\/2014\/03\/trtamento_de_piscinas_UV-300x223.png' alt='Tratamento de Piscinas' title='Tratamento de Piscinas UV'   itemprop=\"thumbnailUrl\"  \/><\/div><\/div><\/div><div class=\"flex_column av_two_third  flex_column_div av-zero-column-padding   \" style='border-radius:0px; '><section class=\"av_textblock_section \"  itemscope=\"itemscope\" itemtype=\"https:\/\/schema.org\/CreativeWork\" ><div class='avia_textblock  '   itemprop=\"text\" ><h2 style=\"text-align: left;\"><span style=\"color: #ffffff;\">SISTEMA UV<\/span><\/h2>\n<h4><span style=\"color: #ffffff;\">TRATAMIENTO DE PISCINAS AMIGO DEL AMBIENTE<\/span><\/h4>\n<p style=\"text-align: left;\"><span style=\"color: #ffffff;\">Tratamiento de piscinas basado en un concepto ecol\u00f3gico de \u00faltima generaci\u00f3n. El sistema de tratamiento de piscinas UV fue dise\u00f1ado para proporcionar agua de alta calidad.<br \/>\nAl pasar a trav\u00e9s de una l\u00e1mpara, el agua se somete a la radiaci\u00f3n UV que permite la neutralizaci\u00f3n y previne el desarrollo de bacterias y microorganismos.<\/span><\/p>\n<\/div><\/section><br \/>\n<div class='avia-button-wrap avia-button-left '><a href='http:\/\/rppiscinas.com\/es\/pedido-de-orcamento\/?equip=Sistema UV' class='avia-button   avia-icon_select-no avia-color-silver avia-size-medium avia-position-left '   ><span class='avia_iconbox_title' >Solicitar Presupuesto<\/span><\/a><\/div><\/p><\/div>\n\n<div class=\"flex_column av_one_full  flex_column_div first  \" ><\/div>\n<div class=\"flex_column av_one_third  flex_column_div first  \" ><div class='avia-image-container  av-styling-    avia-align-center '  itemscope=\"itemscope\" itemtype=\"https:\/\/schema.org\/ImageObject\"  ><div class='avia-image-container-inner'><img class='avia_image ' src='http:\/\/rppiscinas.com\/es\/wp-content\/uploads\/2014\/03\/trtamento_de_piscinas_MT-300x223.png' alt='Produtos de Manuten\u00e7\u00e3o' title='Produtos de Manuten\u00e7\u00e3o SOLEO'   itemprop=\"thumbnailUrl\"  \/><\/div><\/div><\/div>\n<div class=\"flex_column av_two_third  flex_column_div av-zero-column-padding   \" style='border-radius:0px; '><section class=\"av_textblock_section \"  itemscope=\"itemscope\" itemtype=\"https:\/\/schema.org\/CreativeWork\" ><div class='avia_textblock  '   itemprop=\"text\" ><h4 style=\"text-align: left;\">PRODUCTOS DE MANUTENCI\u00d3N SOLEO<\/h4>\n<div id=\"gt-res-p\">\n<div id=\"gt-res-data\">\n<div id=\"gt-res-wrap\">\n<div id=\"gt-res-content\">\n<div dir=\"ltr\"><span id=\"result_box\" class=\"\" lang=\"es\">Una l\u00ednea completa de productos para la desinfecci\u00f3n y manutenci\u00f3n del agua de su piscina Soleo. RP Industries advierte que para el buen funcionamiento <span class=\"\">de cualquier equipo de<\/span> desinfecci\u00f3n autom\u00e1tica es esencial el equilibrio perfecto del pH<span class=\"\">.<\/span><\/span><\/div>\n<\/div>\n<\/div>\n<\/div>\n<\/div>\n<\/div><\/section><br \/>\n<div class='avia-button-wrap avia-button-left '><a href='https:\/\/www.rppiscinas.com\/es\/manutencion-de-piscinas\/' class='avia-button   avia-icon_select-no avia-color-blue avia-size-small avia-position-left '   ><span class='avia_iconbox_title' >Saber m\u00e1s<\/span><\/a><\/div><\/p><\/div>\n","protected":false},"excerpt":{"rendered":"","protected":false},"author":1,"featured_media":0,"parent":0,"menu_order":0,"comment_status":"open","ping_status":"open","template":"","meta":[],"_links":{"self":[{"href":"https:\/\/www.rppiscinas.com\/es\/wp-json\/wp\/v2\/pages\/3550"}],"collection":[{"href":"https:\/\/www.rppiscinas.com\/es\/wp-json\/wp\/v2\/pages"}],"about":[{"href":"https:\/\/www.rppiscinas.com\/es\/wp-json\/wp\/v2\/types\/page"}],"author":[{"embeddable":true,"href":"https:\/\/www.rppiscinas.com\/es\/wp-json\/wp\/v2\/users\/1"}],"replies":[{"embeddable":true,"href":"https:\/\/www.rppiscinas.com\/es\/wp-json\/wp\/v2\/comments?post=3550"}],"version-history":[{"count":44,"href":"https:\/\/www.rppiscinas.com\/es\/wp-json\/wp\/v2\/pages\/3550\/revisions"}],"predecessor-version":[{"id":5307,"href":"https:\/\/www.rppiscinas.com\/es\/wp-json\/wp\/v2\/pages\/3550\/revisions\/5307"}],"wp:attachment":[{"href":"https:\/\/www.rppiscinas.com\/es\/wp-json\/wp\/v2\/media?parent=3550"}],"curies":[{"name":"wp","href":"https:\/\/api.w.org\/{rel}","templated":true}]}}