{"id":3482,"date":"2014-03-27T10:28:06","date_gmt":"2014-03-27T10:28:06","guid":{"rendered":"http:\/\/rppiscinas.com\/es\/?page_id=3482"},"modified":"2016-10-03T14:12:36","modified_gmt":"2016-10-03T14:12:36","slug":"bordes-para-piscinas","status":"publish","type":"page","link":"https:\/\/www.rppiscinas.com\/es\/bordes-para-piscinas\/","title":{"rendered":"Bordes"},"content":{"rendered":"<div class=\"flex_column av_one_full  flex_column_div first  \" ><p><div class='avia-button-wrap avia-button-left '><a href='https:\/\/www.rppiscinas.com\/es\/liner-piscinas\/' class='avia-button   avia-icon_select-no avia-color-theme-color avia-size-small avia-position-left '   ><span class='avia_iconbox_title' >Liners<\/span><\/a><\/div><br \/>\n<div class='avia-button-wrap avia-button-left '><a href='javascript:void(0)' class='avia-button   avia-icon_select-no avia-color-orange avia-size-small avia-position-left '   ><span class='avia_iconbox_title' >Bordes<\/span><\/a><\/div><br \/>\n<div class='avia-button-wrap avia-button-left '><a href='https:\/\/www.rppiscinas.com\/es\/tratamiento-de-piscinas\/' class='avia-button   avia-icon_select-no avia-color-theme-color avia-size-small avia-position-left '   ><span class='avia_iconbox_title' >Desinfecci\u00f3n<\/span><\/a><\/div><br \/>\n<div class='avia-button-wrap avia-button-left '><a href='https:\/\/www.rppiscinas.com\/es\/calefaccion-de-piscinas\/' class='avia-button   avia-icon_select-no avia-color-theme-color avia-size-small avia-position-left '   ><span class='avia_iconbox_title' >Calefacci\u00f3n<\/span><\/a><\/div><br \/>\n<div class='avia-button-wrap avia-button-left '><a href='https:\/\/www.rppiscinas.com\/es\/manutencion-de-piscinas\/' class='avia-button   avia-icon_select-no avia-color-theme-color avia-size-small avia-position-left '   ><span class='avia_iconbox_title' >Manutenci\u00f3n<\/span><\/a><\/div><br \/>\n<div class='avia-button-wrap avia-button-left '><a href='https:\/\/www.rppiscinas.com\/es\/accesorios-de-piscinas\/' class='avia-button   avia-icon_select-no avia-color-theme-color avia-size-small avia-position-left '   ><span class='avia_iconbox_title' >Accesorios<\/span><\/a><\/div><br \/>\n<div class='avia-button-wrap avia-button-left '><a href='https:\/\/www.rppiscinas.com\/es\/filtros-para-piscinas\/' class='avia-button   avia-icon_select-no avia-color-theme-color avia-size-small avia-position-left '   ><span class='avia_iconbox_title' >Filtraci\u00f3n<\/span><\/a><\/div><\/p><\/div><div  class='hr hr-default  '><span class='hr-inner ' ><span class='hr-inner-style'><\/span><\/span><\/div><\/p>\n<div class=\"flex_column av_two_third  flex_column_div first  \" ><section class=\"av_textblock_section \"  itemscope=\"itemscope\" itemtype=\"https:\/\/schema.org\/CreativeWork\" ><div class='avia_textblock  '   itemprop=\"text\" ><h2><span style=\"color: #000000;\">Bordes para piscinas Soleo<br \/>\n<\/span><\/h2>\n<h3><span style=\"color: #1692de;\"><strong>La Piedra Natural Reconstitu\u00edda al servicio de la seguridad<\/strong><\/span><\/h3>\n<p>Bordes para piscinas de la marca Fabistone, <span id=\"result_box\" class=\"\" lang=\"es\">una empresa del grupo especializada en la fabricaci\u00f3n de pisos y bordes para piscinas. Con caracteristicas antideslizante los bordes para piscinas est\u00e1n hechas de piedra natural reconstituida y m\u00e1s all\u00e1 de presentarse como un producto de calidad, tambi\u00e9n son la soluci\u00f3n perfecta para garantizar la <span class=\"\">seguridad de los usuarios<\/span>.<\/span><\/p>\n<p><strong><br \/>\n&#8211; Propriedades antideslizantes<br \/>\n<\/strong><strong>&#8211; M<span id=\"result_box\" class=\"\" lang=\"es\">ayor resistencia a la <span class=\"\">congelaci\u00f3n y descongelaci\u00f3n<\/span><\/span><br \/>\n<\/strong><strong>&#8211; <span id=\"result_box\" class=\"short_text\" lang=\"es\"><span class=\"\">Alta resistencia al desgaste<\/span><\/span><br \/>\n<\/strong><strong>&#8211; &lt; 5% de absorci\u00f3n de agua<br \/>\n<\/strong><strong>&#8211; <span id=\"result_box\" class=\"short_text\" lang=\"es\">Te\u00f1idas en <span class=\"\">la propia<\/span> <span class=\"\">masa<\/span><\/span><br \/>\n<\/strong><\/p>\n<\/div><\/section><\/div>\n<div class=\"flex_column av_one_third  flex_column_div av-zero-column-padding   \" style='border-radius:0px; '><div class='avia-image-container  av-styling-    avia-align-center '  itemscope=\"itemscope\" itemtype=\"https:\/\/schema.org\/ImageObject\"  ><div class='avia-image-container-inner'><img class='avia_image ' src='http:\/\/rppiscinas.com\/es\/wp-content\/uploads\/2014\/03\/bordaduras_para_piscinas_soleo_00-300x285.jpg' alt='bordaduras para piscinas SOLEO' title='bordaduras para piscinas '   itemprop=\"thumbnailUrl\"  \/><\/div><\/div><\/div>\n<div  class='hr hr-default  '><span class='hr-inner ' ><span class='hr-inner-style'><\/span><\/span><\/div>\n<section class=\"av_textblock_section \"  itemscope=\"itemscope\" itemtype=\"https:\/\/schema.org\/CreativeWork\" ><div class='avia_textblock  '   itemprop=\"text\" ><h2 style=\"text-align: center;\"><span style=\"color: #1692de;\">Design y confort en bordes para piscinas<br \/>\n<\/span><\/h2>\n<p style=\"text-align: center;\"><span id=\"result_box\" class=\"\" lang=\"es\">para un acabado perfecto de las m\u00e1rgenes de la piscina. Dotadas de caracter\u00edsticas <span class=\"\">antideslizantes<\/span> <span class=\"\">son<\/span> <span class=\"\">la soluci\u00f3n ideal<\/span> <span class=\"\">para proporcionar la m\u00e1xima<\/span> seguridad a los usuarios. Con <strong>excelente durabilidad<\/strong>, los bordes para las piscinas son un producto de f\u00e1cil manutenci\u00f3n y permiten una adaptaci\u00f3n <span class=\"\">perfecta<\/span> a todos los modelos de piscinas Soleo. La amplia gama de texturas y colores de <span class=\"\">bordes <\/span><span class=\"\">para piscinas<\/span> resultan de una perfecta combinaci\u00f3n de design y confort.<\/span><\/p>\n<\/div><\/section>\n<div class=\"flex_column av_one_third  flex_column_div first  \" ><p><div class='avia-image-container  av-styling-    avia-align-center '  itemscope=\"itemscope\" itemtype=\"https:\/\/schema.org\/ImageObject\"  ><div class='avia-image-container-inner'><img class='avia_image ' src='http:\/\/rppiscinas.com\/es\/wp-content\/uploads\/2014\/03\/bordaduras_granitus_01.jpg' alt='Bordaduras para piscinas Granitus' title='Bordaduras Granitus'   itemprop=\"thumbnailUrl\"  \/><\/div><\/div><br \/>\n<section class=\"av_textblock_section \"  itemscope=\"itemscope\" itemtype=\"https:\/\/schema.org\/CreativeWork\" ><div class='avia_textblock  '   itemprop=\"text\" ><p><strong>Bordes Granitus<br \/>\n<\/strong>Bordes para piscinas modelo Granitus con <span id=\"result_box\" class=\"short_text\" lang=\"es\">acabado abujardado <span class=\"\">delgado y elegante<\/span><span class=\"\">.<\/span><\/span><\/p>\n<\/div><\/section><\/p><\/div>\n<div class=\"flex_column av_one_third  flex_column_div av-zero-column-padding   \" style='border-radius:0px; '><p><div class='avia-image-container  av-styling-    avia-align-center '  itemscope=\"itemscope\" itemtype=\"https:\/\/schema.org\/ImageObject\"  ><div class='avia-image-container-inner'><img class='avia_image ' src='http:\/\/rppiscinas.com\/es\/wp-content\/uploads\/2014\/03\/bordaduras_secular_01.jpg' alt='bordaduras para piscinas Secular' title='bordaduras Secular'   itemprop=\"thumbnailUrl\"  \/><\/div><\/div><br \/>\n<section class=\"av_textblock_section \"  itemscope=\"itemscope\" itemtype=\"https:\/\/schema.org\/CreativeWork\" ><div class='avia_textblock  '   itemprop=\"text\" ><p><strong>Bordes Secular<br \/>\n<\/strong>Bordes gama Secular con <span id=\"result_box\" class=\"short_text\" lang=\"es\">superficie irregular para todo el tipo de <span class=\"\">piscinas<\/span>.<\/span><\/p>\n<\/div><\/section><\/p><\/div>\n<div class=\"flex_column av_one_third  flex_column_div av-zero-column-padding   \" style='border-radius:0px; '><p><div class='avia-image-container  av-styling-    avia-align-center '  itemscope=\"itemscope\" itemtype=\"https:\/\/schema.org\/ImageObject\"  ><div class='avia-image-container-inner'><img class='avia_image ' src='http:\/\/rppiscinas.com\/es\/wp-content\/uploads\/2014\/03\/bordaduras_teca_sol_01.jpg' alt='bordaduras para piscinas Teca Sol' title='bordaduras Teca Sol'   itemprop=\"thumbnailUrl\"  \/><\/div><\/div><br \/>\n<section class=\"av_textblock_section \"  itemscope=\"itemscope\" itemtype=\"https:\/\/schema.org\/CreativeWork\" ><div class='avia_textblock  '   itemprop=\"text\" ><p><strong>Bordes Teca Sol<br \/>\n<\/strong>Bordes para piscinas gama Teca Sol <span id=\"result_box\" class=\"short_text\" lang=\"es\"><span class=\"\">con el<\/span> <span class=\"\">aspecto real de la<\/span> <span class=\"\">madera.<\/span><\/span><\/p>\n<\/div><\/section><\/p><\/div>\n<div class=\"flex_column av_one_full  flex_column_div first  \" ><div class='avia-button-wrap avia-button-left '><a href='http:\/\/www.fabistone.com\/es\/?page_id=2489' class='avia-button   avia-icon_select-no avia-color-blue avia-size-medium avia-position-left '  target=\"_blank\"   ><span class='avia_iconbox_title' >Gama completa de bordes para piscinas Fabistone<\/span><\/a><\/div><\/div>\n<div class=\"flex_column av_one_full  flex_column_div first  \" ><\/div>\n<\/div><\/div><\/div><!-- close content main div --><\/div><\/div><div id='av_section_1' class='avia-section main_color avia-section-default avia-no-shadow avia-full-stretch avia-bg-style-fixed   container_wrap fullsize' style = 'background-repeat: no-repeat; background-image: url(http:\/\/rppiscinas.com\/es\/wp-content\/uploads\/2014\/03\/brds_bck-300x199.jpg); background-attachment: fixed; background-position: top left; ' data-section-bg-repeat='stretch' ><div class='container' ><div class='template-page content  av-content-full alpha units'><div class='post-entry post-entry-type-page post-entry-3482'><div class='entry-content-wrapper clearfix'>\n<section class=\"av_textblock_section \"  itemscope=\"itemscope\" itemtype=\"https:\/\/schema.org\/CreativeWork\" ><div class='avia_textblock  '   itemprop=\"text\" ><h2 style=\"text-align: center;\"><span style=\"color: #ffffff;\">La belleza incomparable de los pavimentos en pedra reconstituida\u00a0<\/span><\/h2>\n<p style=\"text-align: center;\"><span style=\"color: #ffffff;\">Los pavimentos de la marca Fabistone son la soluci\u00f3n de elecci\u00f3n para hacer de sus espacios, interiores o exteriores, ambientes de alta belleza. Con una gama de pavimentos antideslizantes para piscinas, os pavimentos Fabistone permiten un acabado de alta calidad y durabilidad incuestionable.<\/span><\/p>\n<\/div><\/section>\n<div class=\"flex_column av_one_third  flex_column_div first  \" ><p><div class='avia-image-container  av-styling-    avia-align-center '  itemscope=\"itemscope\" itemtype=\"https:\/\/schema.org\/ImageObject\"  ><div class='avia-image-container-inner'><img class='avia_image ' src='http:\/\/rppiscinas.com\/es\/wp-content\/uploads\/2014\/03\/pavimentos_granitus_01.jpg' alt='pavimentos Granitus' title='pavimentos Granitus'   itemprop=\"thumbnailUrl\"  \/><\/div><\/div><br \/>\n<section class=\"av_textblock_section \"  itemscope=\"itemscope\" itemtype=\"https:\/\/schema.org\/CreativeWork\" ><div class='avia_textblock  '   itemprop=\"text\" ><p><strong><span style=\"color: #ffffff;\">Pavimento Granitus<br \/>\n<\/span><\/strong><span style=\"color: #ffffff;\">Granitus presenta una elegancia incomparable que sorprende por su originalidad.<\/span><\/p>\n<\/div><\/section><\/p><\/div><div class=\"flex_column av_one_third  flex_column_div av-zero-column-padding   \" style='border-radius:0px; '><p><div class='avia-image-container  av-styling-    avia-align-center '  itemscope=\"itemscope\" itemtype=\"https:\/\/schema.org\/ImageObject\"  ><div class='avia-image-container-inner'><img class='avia_image ' src='http:\/\/rppiscinas.com\/es\/wp-content\/uploads\/2014\/03\/pavimentos_secular_01.jpg' alt='pavimentos Secular' title='pavimentos Secular'   itemprop=\"thumbnailUrl\"  \/><\/div><\/div><br \/>\n<section class=\"av_textblock_section \"  itemscope=\"itemscope\" itemtype=\"https:\/\/schema.org\/CreativeWork\" ><div class='avia_textblock  '   itemprop=\"text\" ><p><strong><span style=\"color: #ffffff;\">Pavimento Secular<br \/>\n<\/span><\/strong><span style=\"color: #ffffff;\">Secular permite la construcci\u00f3n de espacios aut\u00e9nticos debido a su nobleza y elegancia.<\/span><\/p>\n<\/div><\/section><\/p><\/div><div class=\"flex_column av_one_third  flex_column_div av-zero-column-padding   \" style='border-radius:0px; '><p><div class='avia-image-container  av-styling-    avia-align-center '  itemscope=\"itemscope\" itemtype=\"https:\/\/schema.org\/ImageObject\"  ><div class='avia-image-container-inner'><img class='avia_image ' src='http:\/\/rppiscinas.com\/es\/wp-content\/uploads\/2014\/03\/pavimentos_teca_sol_01.jpg' alt='pavimentos Teca Sol' title='pavimentos Teca Sol'   itemprop=\"thumbnailUrl\"  \/><\/div><\/div><br \/>\n<section class=\"av_textblock_section \"  itemscope=\"itemscope\" itemtype=\"https:\/\/schema.org\/CreativeWork\" ><div class='avia_textblock  '   itemprop=\"text\" ><p><strong><span style=\"color: #ffffff;\">Pavimento Teca Sol<br \/>\n<\/span><\/strong><span style=\"color: #ffffff;\">Pavimento de piedra natural reconstituida capaz de presentar la verdadera apariencia de la madera.<\/span><\/p>\n<\/div><\/section><\/p><\/div><div class=\"flex_column av_one_full  flex_column_div first  \" ><div class='avia-button-wrap avia-button-left '><a href='http:\/\/www.fabistone.com\/es\/?page_id=189' class='avia-button   avia-icon_select-no avia-color-silver avia-size-medium avia-position-left '  target=\"_blank\"   ><span class='avia_iconbox_title' >Gama completa de pavimentos Fabistone<\/span><\/a><\/div><\/div>\n\n<div class=\"flex_column av_one_full  flex_column_div first  \" ><\/div>\n<div class=\"flex_column av_one_full  flex_column_div first  \" ><section class=\"av_textblock_section \"  itemscope=\"itemscope\" itemtype=\"https:\/\/schema.org\/CreativeWork\" ><div class='avia_textblock  '   itemprop=\"text\" ><h4 style=\"text-align: center;\"><span id=\"result_box\" class=\"\" lang=\"es\">ACCESORIOS DE PIEDRA NATURAL RECONSTITUIDA PARA PISCINAS<\/span><\/h4>\n<p style=\"text-align: center;\">Solucciones de accesorios <span id=\"result_box\" class=\"\" lang=\"es\">exclusivos y complementarios para uso en conjunci\u00f3n con pavimentos y bordaduras para piscinas <\/span>Fabistone.<\/p>\n<div id=\"gt-src-c\" class=\"g-unit\">\n<div id=\"gt-src-p\">\n<div id=\"gt-src-wrap\" class=\"\">\n<div dir=\"ltr\">\n<div class=\"gt-hl-layer\" dir=\"ltr\" style=\"text-align: center;\">\u00a0<span id=\"source\" class=\"goog-textarea\" dir=\"ltr\" lang=\"es\" tabindex=\"0\" spellcheck=\"false\">La singularidad <span class=\"\">de los productos<\/span> <span class=\"\">Fabistone<\/span> <span class=\"\">resulta en<\/span> espacios de rara <span class=\"\">belleza est\u00e9tica<\/span>.<\/span><\/div>\n<\/div>\n<\/div>\n<\/div>\n<\/div>\n<p style=\"text-align: center;\">.<\/p>\n<\/div><\/section><\/div>\n<div class=\"flex_column av_one_third  flex_column_div first  \" ><p><div class='avia-image-container  av-styling-    avia-align-center '  itemscope=\"itemscope\" itemtype=\"https:\/\/schema.org\/ImageObject\"  ><div class='avia-image-container-inner'><img class='avia_image ' src='http:\/\/rppiscinas.com\/es\/wp-content\/uploads\/2014\/03\/base_chuveiro_rp.jpg' alt='Base chuveiro RP' title='Base chuveiro RP'   itemprop=\"thumbnailUrl\"  \/><\/div><\/div><br \/>\n<section class=\"av_textblock_section \"  itemscope=\"itemscope\" itemtype=\"https:\/\/schema.org\/CreativeWork\" ><div class='avia_textblock  '   itemprop=\"text\" ><p><strong>Plato de Ducha<br \/>\n<\/strong>El plato de ducha Fabistone es el <span id=\"result_box\" class=\"\" lang=\"es\"><span class=\"\">complemento ideal<\/span> para aplicar junto con la <span class=\"\">ducha de la piscina<\/span>.<\/span><\/p>\n<\/div><\/section><\/p><\/div>\n<div class=\"flex_column av_one_third  flex_column_div av-zero-column-padding   \" style='border-radius:0px; '><p><div class='avia-image-container  av-styling-    avia-align-center '  itemscope=\"itemscope\" itemtype=\"https:\/\/schema.org\/ImageObject\"  ><div class='avia-image-container-inner'><img class='avia_image ' src='http:\/\/rppiscinas.com\/es\/wp-content\/uploads\/2014\/03\/encaixe_de_escada_RP.jpg' alt='Encaixe de escada RP' title='Encaixe de escada RP'   itemprop=\"thumbnailUrl\"  \/><\/div><\/div><br \/>\n<section class=\"av_textblock_section \"  itemscope=\"itemscope\" itemtype=\"https:\/\/schema.org\/CreativeWork\" ><div class='avia_textblock  '   itemprop=\"text\" ><p><strong>Encaje de escalera<br \/>\n<\/strong><span id=\"result_box\" class=\"\" lang=\"es\">Permite <span class=\"\">el encuadre perfecto<\/span> de la escalera de acero inoxidable con el pavimento aplicado en la playa de la piscina.<\/span><\/p>\n<\/div><\/section><\/p><\/div>\n<div class=\"flex_column av_one_third  flex_column_div av-zero-column-padding   \" style='border-radius:0px; '><p><div class='avia-image-container  av-styling-    avia-align-center '  itemscope=\"itemscope\" itemtype=\"https:\/\/schema.org\/ImageObject\"  ><div class='avia-image-container-inner'><img class='avia_image ' src='http:\/\/rppiscinas.com\/es\/wp-content\/uploads\/2014\/03\/grelha_RP.jpg' alt='Grelha RP' title='Grelha RP'   itemprop=\"thumbnailUrl\"  \/><\/div><\/div><br \/>\n<section class=\"av_textblock_section \"  itemscope=\"itemscope\" itemtype=\"https:\/\/schema.org\/CreativeWork\" ><div class='avia_textblock  '   itemprop=\"text\" ><p><strong>Rejilla<br \/>\n<\/strong><span style=\"line-height: 1.5em;\">La elegancia de la rejilla Fabistone<span id=\"result_box\" class=\"\" lang=\"es\"> permite resolver en la perfecci\u00f3n la est\u00e9tica de las zonas de flujo aguas<span class=\"\">.<\/span><\/span><br \/>\n<\/span><\/p>\n<\/div><\/section><\/p><\/div>\n<div class=\"flex_column av_one_full  flex_column_div first  \" ><div class='avia-button-wrap avia-button-left '><a href='http:\/\/www.fabistone.com\/es\/?page_id=2297' class='avia-button   avia-icon_select-no avia-color-blue avia-size-medium avia-position-left '  target=\"_blank\"   ><span class='avia_iconbox_title' >Gama completa de accesorios para piscinas y jardines Fabistone<\/span><\/a><\/div><\/div>\n","protected":false},"excerpt":{"rendered":"","protected":false},"author":1,"featured_media":0,"parent":0,"menu_order":0,"comment_status":"open","ping_status":"open","template":"","meta":[],"_links":{"self":[{"href":"https:\/\/www.rppiscinas.com\/es\/wp-json\/wp\/v2\/pages\/3482"}],"collection":[{"href":"https:\/\/www.rppiscinas.com\/es\/wp-json\/wp\/v2\/pages"}],"about":[{"href":"https:\/\/www.rppiscinas.com\/es\/wp-json\/wp\/v2\/types\/page"}],"author":[{"embeddable":true,"href":"https:\/\/www.rppiscinas.com\/es\/wp-json\/wp\/v2\/users\/1"}],"replies":[{"embeddable":true,"href":"https:\/\/www.rppiscinas.com\/es\/wp-json\/wp\/v2\/comments?post=3482"}],"version-history":[{"count":65,"href":"https:\/\/www.rppiscinas.com\/es\/wp-json\/wp\/v2\/pages\/3482\/revisions"}],"predecessor-version":[{"id":5129,"href":"https:\/\/www.rppiscinas.com\/es\/wp-json\/wp\/v2\/pages\/3482\/revisions\/5129"}],"wp:attachment":[{"href":"https:\/\/www.rppiscinas.com\/es\/wp-json\/wp\/v2\/media?parent=3482"}],"curies":[{"name":"wp","href":"https:\/\/api.w.org\/{rel}","templated":true}]}}