{"id":3448,"date":"2014-03-25T15:56:45","date_gmt":"2014-03-25T15:56:45","guid":{"rendered":"http:\/\/rppiscinas.com\/es\/?page_id=3448"},"modified":"2016-10-12T11:20:31","modified_gmt":"2016-10-12T11:20:31","slug":"equipamientos-para-piscinas","status":"publish","type":"page","link":"https:\/\/www.rppiscinas.com\/es\/equipamientos-para-piscinas\/","title":{"rendered":"Equipamientos"},"content":{"rendered":"<div class=\"flex_column av_one_full  flex_column_div first  \" ><p><div class='avia-button-wrap avia-button-left '><a href='https:\/\/www.rppiscinas.com\/es\/liner-piscinas\/' class='avia-button   avia-icon_select-no avia-color-theme-color avia-size-small avia-position-left '   ><span class='avia_iconbox_title' >Liner<\/span><\/a><\/div><br \/>\n<div class='avia-button-wrap avia-button-left '><a href='https:\/\/www.rppiscinas.com\/es\/bordes-para-piscinas\/' class='avia-button   avia-icon_select-no avia-color-theme-color avia-size-small avia-position-left '   ><span class='avia_iconbox_title' >Bordes<\/span><\/a><\/div><br \/>\n<div class='avia-button-wrap avia-button-left '><a href='https:\/\/www.rppiscinas.com\/es\/tratamiento-de-piscinas\/' class='avia-button   avia-icon_select-no avia-color-theme-color avia-size-small avia-position-left '   ><span class='avia_iconbox_title' >Desinfecci\u00f3n<\/span><\/a><\/div><br \/>\n<div class='avia-button-wrap avia-button-left '><a href='https:\/\/www.rppiscinas.com\/es\/calefaccion-de-piscinas\/' class='avia-button   avia-icon_select-no avia-color-theme-color avia-size-small avia-position-left '   ><span class='avia_iconbox_title' >Calefacci\u00f3n<\/span><\/a><\/div><br \/>\n<div class='avia-button-wrap avia-button-left '><a href='https:\/\/www.rppiscinas.com\/es\/manutencion-de-piscinas\/' class='avia-button   avia-icon_select-no avia-color-theme-color avia-size-small avia-position-left '   ><span class='avia_iconbox_title' >Manutenci\u00f3n<\/span><\/a><\/div><br \/>\n<div class='avia-button-wrap avia-button-left '><a href='https:\/\/www.rppiscinas.com\/es\/accesorios-de-piscinas\/' class='avia-button   avia-icon_select-no avia-color-theme-color avia-size-small avia-position-left '   ><span class='avia_iconbox_title' >Accesorios<\/span><\/a><\/div><br \/>\n<div class='avia-button-wrap avia-button-left '><a href='https:\/\/www.rppiscinas.com\/es\/filtros-para-piscinas\/' class='avia-button   avia-icon_select-no avia-color-theme-color avia-size-small avia-position-left '   ><span class='avia_iconbox_title' >Filtraci\u00f3n<\/span><\/a><\/div><\/p><\/div>\n<div  class='hr hr-default  '><span class='hr-inner ' ><span class='hr-inner-style'><\/span><\/span><\/div>\n<div class=\"flex_column av_one_full  flex_column_div first  \" ><section class=\"av_textblock_section \"  itemscope=\"itemscope\" itemtype=\"https:\/\/schema.org\/CreativeWork\" ><div class='avia_textblock  '   itemprop=\"text\" ><h2><span style=\"color: #000000;\">Equipamientos para piscinas Soleo<\/span><\/h2>\n<h3><span style=\"color: #1692de;\"><strong>Soluciones innovadoras en equipamentos para piscinas<\/strong><\/span><\/h3>\n<div>\n<p><span id=\"result_box\" class=\"\" lang=\"es\">Equipamientos para piscinas desarrollados con base en m\u00e1s de dos d\u00e9cadas de experiencia en la instalaci\u00f3n y manutenci\u00f3n de piscinas.<\/span><\/p>\n<p>Con una gama completa de accesorios y equipamientos para piscinas, la marca <strong>Soleo<\/strong> ofrece soluciones de calidad para filtros, bombas autoaspirantes, tratamientos autom\u00e1ticos, bordes para piscinas, calefacci\u00f3n, productos de manutenci\u00f3n, robots autom\u00e1ticos para la limpieza de la piscina, entre otros.<\/p>\n<p>Las m\u00e1s de 50.500 piscinas instaladas permitieron a <strong>RP Industries<\/strong> acumular conocimientos a lo largo de los a\u00f1os que resultan en la creaci\u00f3n de una innovadora l\u00ednea <span class=\"\">de <strong>equipamientos para<\/strong><\/span><strong> piscinas.<\/strong><\/p>\n<p>Como tal, <span class=\"\">RP Industries<\/span> trav\u00e9s de la marca <strong>Soleo<\/strong> ofrece una gama de soluciones que responden <span class=\"\">perfectamente a<\/span> <span class=\"\">las necesidades del cliente<\/span><span class=\"\">.<\/span><\/p>\n<div><\/div>\n<\/div>\n<\/div><\/section><\/div>\n<div  class='hr hr-default  '><span class='hr-inner ' ><span class='hr-inner-style'><\/span><\/span><\/div>\n<div class=\"flex_column av_one_third  flex_column_div first  \" ><p><div class='avia-image-container  av-styling-    avia-align-center '  itemscope=\"itemscope\" itemtype=\"https:\/\/schema.org\/ImageObject\"  ><div class='avia-image-container-inner'><a href='https:\/\/www.rppiscinas.com\/es\/liner-piscinas\/' class='avia_image'  ><img class='avia_image ' src='http:\/\/rppiscinas.com\/es\/wp-content\/uploads\/2014\/03\/equipamentos_para_piscinas_liner_00.jpg' alt='Equipamentos para piscinas - Liner' title='Equipamentos para piscinas'  itemprop=\"thumbnailUrl\"  \/><\/a><\/div><\/div><br \/>\n<section class=\"av_textblock_section \"  itemscope=\"itemscope\" itemtype=\"https:\/\/schema.org\/CreativeWork\" ><div class='avia_textblock  '   itemprop=\"text\" ><h4>Liner para piscinas<\/h4>\n<p><span id=\"result_box\" class=\"\" lang=\"es\">Fabricado con vinilo de alta calidad, la gama de revestimientos ofrece una alta elasticidad y resistencia a los rayos UV. Se suministra con tratamiento anti algas, el liner influir\u00e1 directamente en el color y la alegr\u00eda de <span class=\"\">su piscina.<\/span><\/span><\/p>\n<\/div><\/section><br \/>\n<div class='avia-button-wrap avia-button-left '><a href='https:\/\/www.rppiscinas.com\/es\/liner-piscinas\/' class='avia-button   avia-icon_select-no avia-color-blue avia-size-small avia-position-left '   ><span class='avia_iconbox_title' >Saber m\u00e1s<\/span><\/a><\/div><\/p><\/div>\n<div class=\"flex_column av_one_third  flex_column_div av-zero-column-padding   \" style='border-radius:0px; '><p><div class='avia-image-container  av-styling-    avia-align-center '  itemscope=\"itemscope\" itemtype=\"https:\/\/schema.org\/ImageObject\"  ><div class='avia-image-container-inner'><a href='https:\/\/www.rppiscinas.com\/es\/bordes-para-piscinas\/' class='avia_image'  ><img class='avia_image ' src='http:\/\/rppiscinas.com\/es\/wp-content\/uploads\/2014\/03\/equipamentos_para_piscinas_bordadura.jpg' alt='Equipamentos para piscinas - bordadura' title='Equipamentos para piscinas'  itemprop=\"thumbnailUrl\"  \/><\/a><\/div><\/div><br \/>\n<section class=\"av_textblock_section \"  itemscope=\"itemscope\" itemtype=\"https:\/\/schema.org\/CreativeWork\" ><div class='avia_textblock  '   itemprop=\"text\" ><h4>Bordes<\/h4>\n<p><span id=\"result_box\" class=\"\" lang=\"es\">Con caracter\u00edsticas antideslizantes, esenciales para la seguridad de los usuarios, los bordes <span class=\"\">para las piscinas<\/span> Soleo son el acabado perfecto en piedra natural reconstituida.<\/span><\/p>\n<\/div><\/section><br \/>\n<div class='avia-button-wrap avia-button-left '><a href='https:\/\/www.rppiscinas.com\/es\/bordes-para-piscinas\/' class='avia-button   avia-icon_select-no avia-color-blue avia-size-small avia-position-left '   ><span class='avia_iconbox_title' >Saber m\u00e1s<\/span><\/a><\/div><\/p><\/div><div class=\"flex_column av_one_third  flex_column_div av-zero-column-padding   \" style='border-radius:0px; '><p><div class='avia-image-container  av-styling-    avia-align-center '  itemscope=\"itemscope\" itemtype=\"https:\/\/schema.org\/ImageObject\"  ><div class='avia-image-container-inner'><a href='https:\/\/www.rppiscinas.com\/es\/tratamiento-de-piscinas\/' class='avia_image'  ><img class='avia_image ' src='http:\/\/rppiscinas.com\/es\/wp-content\/uploads\/2014\/03\/equipamentos_para_piscinas_desinfecao-300x209.jpg' alt='Equipamentos para piscinas - Desinfe\u00e7\u00e3o' title='Equipamentos para piscinas'  itemprop=\"thumbnailUrl\"  \/><\/a><\/div><\/div><br \/>\n<section class=\"av_textblock_section \"  itemscope=\"itemscope\" itemtype=\"https:\/\/schema.org\/CreativeWork\" ><div class='avia_textblock  '   itemprop=\"text\" ><h4>Desinfecci\u00f3n Autom\u00e1tica<\/h4>\n<p><span id=\"result_box\" class=\"\" lang=\"es\">Soluciones tecnol\u00f3gicamente avanzadas que permiten el uso de un tratamiento <span class=\"\">totalmente autom\u00e1tico<\/span> de la piscina, dej\u00e1ndole tiempo por lo tanto m\u00e1s libre para disfrutar de <span class=\"\">la piscina<\/span> <span class=\"\">en su totalidad.<\/span><\/span><\/p>\n<\/div><\/section><br \/>\n<div class='avia-button-wrap avia-button-left '><a href='https:\/\/www.rppiscinas.com\/es\/tratamiento-de-piscinas\/' class='avia-button   avia-icon_select-no avia-color-blue avia-size-small avia-position-left '   ><span class='avia_iconbox_title' >Saber m\u00e1s<\/span><\/a><\/div><\/p><\/div><\/p>\n<div class=\"flex_column av_one_third  flex_column_div first  \" ><p><div class='avia-image-container  av-styling-    avia-align-center '  itemscope=\"itemscope\" itemtype=\"https:\/\/schema.org\/ImageObject\"  ><div class='avia-image-container-inner'><img class='avia_image ' src='http:\/\/rppiscinas.com\/es\/wp-content\/uploads\/2014\/03\/equipamentos_para_piscinas_aquecimento-300x209.jpg' alt='Equipamentos Piscinas - Aquecimento' title='Equipamentos piscinas'   itemprop=\"thumbnailUrl\"  \/><\/div><\/div><br \/>\n<section class=\"av_textblock_section \"  itemscope=\"itemscope\" itemtype=\"https:\/\/schema.org\/CreativeWork\" ><div class='avia_textblock  '   itemprop=\"text\" ><h4>Calefacci\u00f3n<\/h4>\n<div id=\"gt-res-p\">\n<div id=\"gt-res-data\">\n<div id=\"gt-res-wrap\">\n<div id=\"gt-res-content\">\n<div dir=\"ltr\"><span id=\"result_box\" class=\"\" lang=\"es\">Para que pueda disfrutar de una nataci\u00f3n c\u00f3moda, donde la temperatura del agua llega a ser realmente deliciosa, RP Industries posee soluciones innovadoras y eficaces.<\/span><\/div>\n<\/div>\n<\/div>\n<\/div>\n<\/div>\n<\/div><\/section><br \/>\n<div class='avia-button-wrap avia-button-left '><a href='https:\/\/www.rppiscinas.com\/es\/calefaccion-de-piscinas\/' class='avia-button   avia-icon_select-no avia-color-blue avia-size-small avia-position-left '   ><span class='avia_iconbox_title' >Saber m\u00e1s<\/span><\/a><\/div><\/p><\/div>\n<div class=\"flex_column av_one_third  flex_column_div av-zero-column-padding   \" style='border-radius:0px; '><p><div class='avia-image-container  av-styling-    avia-align-center '  itemscope=\"itemscope\" itemtype=\"https:\/\/schema.org\/ImageObject\"  ><div class='avia-image-container-inner'><img class='avia_image ' src='http:\/\/rppiscinas.com\/es\/wp-content\/uploads\/2014\/03\/equipamentos_para_piscinas_manutencao-300x209.jpg' alt='' title='Equipamentos piscinas'   itemprop=\"thumbnailUrl\"  \/><\/div><\/div><br \/>\n<section class=\"av_textblock_section \"  itemscope=\"itemscope\" itemtype=\"https:\/\/schema.org\/CreativeWork\" ><div class='avia_textblock  '   itemprop=\"text\" ><h4>Manutenci\u00f3n<\/h4>\n<p><span id=\"result_box\" class=\"\" lang=\"es\">De suma importancia para que el agua de su piscina tenga siempre un aspecto puro y cristalino, la marca Soleo ofrece una l\u00ednea completa de productos de manutenci\u00f3n para el <span class=\"\">agua de la piscina<\/span>.<\/span><\/p>\n<\/div><\/section><br \/>\n<div class='avia-button-wrap avia-button-left '><a href='https:\/\/www.rppiscinas.com\/es\/manutencion-de-piscinas\/' class='avia-button   avia-icon_select-no avia-color-blue avia-size-small avia-position-left '   ><span class='avia_iconbox_title' >Saber m\u00e1s<\/span><\/a><\/div><\/p><\/div>\n<div class=\"flex_column av_one_third  flex_column_div av-zero-column-padding   \" style='border-radius:0px; '><p><div class='avia-image-container  av-styling-    avia-align-center '  itemscope=\"itemscope\" itemtype=\"https:\/\/schema.org\/ImageObject\"  ><div class='avia-image-container-inner'><img class='avia_image ' src='http:\/\/rppiscinas.com\/es\/wp-content\/uploads\/2014\/03\/equipamentos_para_piscinas_acessorios-300x209.jpg' alt='Equipamentos para piscinas - Acess\u00f3rios' title='Equipamentos para piscinas'   itemprop=\"thumbnailUrl\"  \/><\/div><\/div><br \/>\n<section class=\"av_textblock_section \"  itemscope=\"itemscope\" itemtype=\"https:\/\/schema.org\/CreativeWork\" ><div class='avia_textblock  '   itemprop=\"text\" ><h4>Accesorios<\/h4>\n<p><span id=\"result_box\" class=\"\" lang=\"es\">Desarrolados para <span class=\"\">proporcionar comodidad<\/span> al llevar a cabo los procesos de manutenci\u00f3n <span class=\"\">de<\/span> su piscina, la marca <span class=\"\">Soleo<\/span> <span class=\"\">ofrece<\/span> una gama de accesorios para llevar a cabo tareas de manutenci\u00f3n.<\/span><\/p>\n<\/div><\/section><br \/>\n<div class='avia-button-wrap avia-button-left '><a href='https:\/\/www.rppiscinas.com\/es\/accesorios-de-piscinas\/' class='avia-button   avia-icon_select-no avia-color-blue avia-size-small avia-position-left '   ><span class='avia_iconbox_title' >Saber m\u00e1s<\/span><\/a><\/div><\/p><\/div>\n","protected":false},"excerpt":{"rendered":"","protected":false},"author":1,"featured_media":0,"parent":0,"menu_order":0,"comment_status":"open","ping_status":"open","template":"","meta":[],"_links":{"self":[{"href":"https:\/\/www.rppiscinas.com\/es\/wp-json\/wp\/v2\/pages\/3448"}],"collection":[{"href":"https:\/\/www.rppiscinas.com\/es\/wp-json\/wp\/v2\/pages"}],"about":[{"href":"https:\/\/www.rppiscinas.com\/es\/wp-json\/wp\/v2\/types\/page"}],"author":[{"embeddable":true,"href":"https:\/\/www.rppiscinas.com\/es\/wp-json\/wp\/v2\/users\/1"}],"replies":[{"embeddable":true,"href":"https:\/\/www.rppiscinas.com\/es\/wp-json\/wp\/v2\/comments?post=3448"}],"version-history":[{"count":48,"href":"https:\/\/www.rppiscinas.com\/es\/wp-json\/wp\/v2\/pages\/3448\/revisions"}],"predecessor-version":[{"id":5300,"href":"https:\/\/www.rppiscinas.com\/es\/wp-json\/wp\/v2\/pages\/3448\/revisions\/5300"}],"wp:attachment":[{"href":"https:\/\/www.rppiscinas.com\/es\/wp-json\/wp\/v2\/media?parent=3448"}],"curies":[{"name":"wp","href":"https:\/\/api.w.org\/{rel}","templated":true}]}}