{"id":3376,"date":"2014-03-17T12:05:25","date_gmt":"2014-03-17T12:05:25","guid":{"rendered":"http:\/\/rppiscinas.com\/es\/?page_id=3376"},"modified":"2016-10-03T10:36:55","modified_gmt":"2016-10-03T10:36:55","slug":"canaleta-finlandesa","status":"publish","type":"page","link":"https:\/\/www.rppiscinas.com\/es\/canaleta-finlandesa\/","title":{"rendered":"T\u00e9cnica Canaleta Finlandesa"},"content":{"rendered":"<div class=\"flex_column av_one_full  flex_column_div first  \" ><p><div class='avia-button-wrap avia-button-left '><a href='javascript:void(0)' class='avia-button   avia-icon_select-no avia-color-orange avia-size-small avia-position-left '   ><span class='avia_iconbox_title' >T\u00e9cnica<\/span><\/a><\/div><br \/>\n<div class='avia-button-wrap avia-button-left '><a href='https:\/\/www.rppiscinas.com\/es\/estructura-piscina-oveflow\/' class='avia-button   avia-icon_select-no avia-color-theme-color avia-size-small avia-position-left '   ><span class='avia_iconbox_title' >Estrutura<\/span><\/a><\/div><br \/>\n<div class='avia-button-wrap avia-button-left '><a href='https:\/\/www.rppiscinas.com\/es\/modelos-de-piscinas-fondos\/' class='avia-button   avia-icon_select-no avia-color-theme-color avia-size-small avia-position-left '   ><span class='avia_iconbox_title' >Fondos<\/span><\/a><\/div><br \/>\n<div class='avia-button-wrap avia-button-left '><a href='https:\/\/www.rppiscinas.com\/es\/liner-piscinas\/' class='avia-button   avia-icon_select-no avia-color-theme-color avia-size-small avia-position-left '   ><span class='avia_iconbox_title' >Liners<\/span><\/a><\/div><\/p><\/div>\n<div  class='hr hr-default  '><span class='hr-inner ' ><span class='hr-inner-style'><\/span><\/span><\/div>\n<div class=\"flex_column av_one_half  flex_column_div first  \" ><section class=\"av_textblock_section \"  itemscope=\"itemscope\" itemtype=\"https:\/\/schema.org\/CreativeWork\" ><div class='avia_textblock  '   itemprop=\"text\" ><h2 class=\"western\"><span style=\"color: #000000;\">Canaleta finlandesa Overflow<\/span><\/h2>\n<h4 class=\"western\"><span style=\"color: #1692de;\">Canaleta finlandesa &#8211; la verdadera piscina con espejo de agua<\/span><\/h4>\n<p>La piscina <strong>canaleta finlandesa Overflow<\/strong> fue desarrollada con base en los mismos principios de la l\u00ednea Soleo. Desarrollado y patentado por RP Industries este concepto innovador permite la instalaci\u00f3n de una piscina espejo de agua en tan s\u00f3lo 7-8 d\u00edas.<\/p>\n<p>El concepto Overflow canaleta finlandesa es el resultado de uma tecnolog\u00eda que disfruta plenamente de la <strong>fuerza del acero<\/strong> y del hormig\u00f3n\u00a0\u00a0combinado con la posibilidad de aplicar diferentes revestimientos como<strong> liner 75\/100<\/strong>,<strong> l\u00e1mina armada 150\/100<\/strong> o <strong>gresite<\/strong>.\u00a0 Dotada de caracter\u00edsticas muy espec\u00edficas, la tecnolog\u00eda utilizada en la piscina Soleo Overflow canaleta finlandesa permite eludir los problemas m\u00e1s comunes asociados con los sistemas convencionales del hormig\u00f3n, que a menudo requieren reparaciones peri\u00f3dicas con altos costos.<\/p>\n<p>Todo el proceso de investigaci\u00f3n utilizado en el desarrollo del concepto <strong>Overflow canaleta finlandes<\/strong>a detect\u00f3 todas las necesidades que garanticen su correcto funcionamiento. Esto permiti\u00f3 la implementaci\u00f3n de la tecnolog\u00eda antis\u00edsmica que da a la piscina Soleo Overflow\u00a0una<strong> resistencia<\/strong> superior a la<strong> actividad s\u00edsmica<\/strong>,\u00a0 a la <strong>compactaci\u00f3n natural de la tierra<\/strong> y tambi\u00e9n a los <strong>choques t\u00e9rmicos<\/strong>.<\/p>\n<\/div><\/section><\/div>\n<div class=\"flex_column av_one_half  flex_column_div av-zero-column-padding   \" style='border-radius:0px; '><section class=\"av_textblock_section \"  itemscope=\"itemscope\" itemtype=\"https:\/\/schema.org\/CreativeWork\" ><div class='avia_textblock  '   itemprop=\"text\" ><p><iframe loading=\"lazy\" src=\"\/\/www.youtube.com\/embed\/EYIwUyHou5g\" width=\"440\" height=\"300\" frameborder=\"0\" allowfullscreen=\"allowfullscreen\"><\/iframe><\/p>\n<\/div><\/section><\/div>\n<\/div><\/div><\/div><!-- close content main div --><\/div><\/div><div id='av_section_1' class='avia-section main_color avia-section-default avia-no-shadow avia-bg-style-scroll   container_wrap fullsize' style = 'background-color: #e0e0e0; '  ><div class='container' ><div class='template-page content  av-content-full alpha units'><div class='post-entry post-entry-type-page post-entry-3376'><div class='entry-content-wrapper clearfix'>\n<section class=\"av_textblock_section \"  itemscope=\"itemscope\" itemtype=\"https:\/\/schema.org\/CreativeWork\" ><div class='avia_textblock  '   itemprop=\"text\" ><h2 style=\"text-align: center;\"><span style=\"color: #000000;\">Canaleta Finlandesa &#8211; Instalaci\u00f3n Overflow<br \/>\n<\/span><\/h2>\n<p style=\"text-align: center;\">En el sistema canaleta finlandesa <strong>Overflow, <\/strong><span id=\"result_box\" class=\"\" lang=\"es\">RP Industries ha desarrollado tres tipos de instalaci\u00f3n de su piscina. Las modalidades de la instalaci\u00f3n de la<\/span> piscina de canaleta finlandesa <span id=\"result_box\" class=\"\" lang=\"es\">se han desarrollado con el fin de ofrecer un conjunto de soluciones capaces de adaptarse a la realidad de cada caso<\/span>. <span id=\"result_box\" class=\"\" lang=\"es\">As\u00ed, de acuerdo con el modo seleccionado se puede obtener un <strong>ahorro considerable<\/strong> en <span class=\"\">costes de instalaci\u00f3n.<\/span><\/span><\/p>\n<\/div><\/section>\n<div class=\"flex_column av_one_third  flex_column_div first  \" ><article class=\"iconbox iconbox_top main_color    \"  itemscope=\"itemscope\" itemtype=\"https:\/\/schema.org\/CreativeWork\" ><div class=\"iconbox_content\"><header class=\"entry-content-header\"><div class=\"iconbox_icon heading-color \" aria-hidden='true' data-av_icon='\ue855' data-av_iconfont='entypo-fontello'  ><\/div><h3 class='iconbox_content_title '  itemprop=\"headline\"  >Kit Soleo Oveflow<\/h3><\/header><div class='iconbox_content_container  '  itemprop=\"text\"  ><p><span id=\"result_box\" class=\"\" lang=\"es\">Basado en un concepto de <strong>h\u00e1galo usted mismo<\/strong> se puede disfrutar de un ahorro considerable.<br \/>\nEl manual de instalaci\u00f3n detallado le ayudar\u00e1 en una instalaci\u00f3n r\u00e1pida y sencilla<span class=\"\">.<\/span><\/span><\/p>\n<\/div><\/div><footer class=\"entry-footer\"><\/footer><\/article><\/div><div class=\"flex_column av_one_third  flex_column_div av-zero-column-padding   \" style='border-radius:0px; '><article class=\"iconbox iconbox_top main_color    \"  itemscope=\"itemscope\" itemtype=\"https:\/\/schema.org\/CreativeWork\" ><div class=\"iconbox_content\"><header class=\"entry-content-header\"><div class=\"iconbox_icon heading-color \" aria-hidden='true' data-av_icon='\ue856' data-av_iconfont='entypo-fontello'  ><\/div><h3 class='iconbox_content_title '  itemprop=\"headline\"  >Coordinaci\u00f3n T\u00e9cnica<\/h3><\/header><div class='iconbox_content_container  '  itemprop=\"text\"  ><p><span id=\"result_box\" class=\"\" lang=\"es\">Con esta modalidad se puede disfrutar de seguimiento y <span class=\"\">asesoramiento personalizado<\/span> a lo largo de las diferentes etapas de la instalaci\u00f3n de su piscina de canaleta <span class=\"\">finlandesa<\/span> Overflow.<\/span><\/p>\n<\/div><\/div><footer class=\"entry-footer\"><\/footer><\/article><\/div><div class=\"flex_column av_one_third  flex_column_div av-zero-column-padding   \" style='border-radius:0px; '><article class=\"iconbox iconbox_top main_color    \"  itemscope=\"itemscope\" itemtype=\"https:\/\/schema.org\/CreativeWork\" ><div class=\"iconbox_content\"><header class=\"entry-content-header\"><div class=\"iconbox_icon heading-color \" aria-hidden='true' data-av_icon='\ue8d7' data-av_iconfont='entypo-fontello'  ><\/div><h3 class='iconbox_content_title '  itemprop=\"headline\"  >Instalaci\u00f3n Completa<\/h3><\/header><div class='iconbox_content_container  '  itemprop=\"text\"  ><p><span id=\"result_box\" class=\"\" lang=\"es\">La experiencia de m\u00e1s de dos d\u00e9cadas de RP Industries en la instalaci\u00f3n de piscinas y la experiencia de sus equipos, permiten ofrecerle un concepto llave en <span class=\"\">mano.<\/span><\/span><\/p>\n<\/div><\/div><footer class=\"entry-footer\"><\/footer><\/article><\/div>\n\n<div class=\"flex_column av_two_third  flex_column_div first  \" ><div class='avia-image-container  av-styling-    avia-align-center '  itemscope=\"itemscope\" itemtype=\"https:\/\/schema.org\/ImageObject\"  ><div class='avia-image-container-inner'><img class='avia_image ' src='http:\/\/rppiscinas.com\/es\/wp-content\/uploads\/2014\/03\/piscina_caleira_finlandesa_Overflow.jpg' alt='Piscina Caleira FInlandesa OVERFLOW' title='Piscina Caleira FInlandesa OVERFLOW'   itemprop=\"thumbnailUrl\"  \/><\/div><\/div><\/div>\n<div class=\"flex_column av_one_third  flex_column_div av-zero-column-padding   \" style='border-radius:0px; '><section class=\"av_textblock_section \"  itemscope=\"itemscope\" itemtype=\"https:\/\/schema.org\/CreativeWork\" ><div class='avia_textblock  '   itemprop=\"text\" ><h2><span style=\"color: #1692de;\">CONSTRUCCI\u00d3N<\/span><br \/>\n<span style=\"color: #1692de;\">SENCILLA, R\u00c1PIDA Y RESISTENTE<\/span><\/h2>\n<p><strong>1<\/strong> &#8211;\u00a0Canaleta Overflow<br \/>\n<strong>2<\/strong> &#8211;\u00a0Toma limpiafondos<br \/>\n<strong>3<\/strong> &#8211;\u00a0Estructura en acero<br \/>\n<strong>4<\/strong> &#8211; Sumidero de fondo<br \/>\n<strong>5<\/strong> &#8211; Proyetor<br \/>\n<strong>6<\/strong> &#8211;\u00a0Cajaa de conexi\u00f3n<br \/>\n<strong>7<\/strong> &#8211; Cuadro el\u00e9ctrico<br \/>\n<strong>8<\/strong> &#8211;\u00a0Filtro<br \/>\n<strong>9\u00a0<\/strong>&#8211;\u00a0Bomba<br \/>\n<strong>10<\/strong> &#8211;\u00a0Soporte en acero para borde<br \/>\n<strong>11<\/strong> &#8211; Puntales en acero<br \/>\n<strong>12<\/strong> &#8211; Boquillas de impulsi\u00f3n<br \/>\n<strong>13<\/strong> &#8211;\u00a0Tuber\u00edas<br \/>\n<strong>14<\/strong> &#8211;\u00a0Liner<br \/>\n<strong>15<\/strong> &#8211;\u00a0Base en hormig\u00f3n<br \/>\n<strong>16<\/strong> &#8211; Rejilla en ABS<br \/>\n<strong>17<\/strong> &#8211;\u00a0Canaleta de compensaci\u00f3n<\/p>\n<\/div><\/section><\/div><div  class='hr hr-default  '><span class='hr-inner ' ><span class='hr-inner-style'><\/span><\/span><\/div><\/p>\n<div class=\"flex_column av_one_full  flex_column_div first  \" ><section class=\"av_textblock_section \"  itemscope=\"itemscope\" itemtype=\"https:\/\/schema.org\/CreativeWork\" ><div class='avia_textblock  '   itemprop=\"text\" ><h4>2 OPCIONES EN LA FIJACI\u00d3N DE LA ESTRUCTURA<\/h4>\n<p><span id=\"result_box\" class=\"\" lang=\"es\">Con tecnolog\u00eda que permite una instalaci\u00f3n sencilla, r\u00e1pida y robusta, el sistema de canaletta finlandesa Overflow ofrece dos tipos de fijaci\u00f3n de la estructura sobre la base de hormig\u00f3n. La opci\u00f3n 2 utiliza un sistema de fijaci\u00f3n de varilla roscada con casquillo qu\u00edmico y es la alternativa m\u00e1s reciente a el sistema tradicional que <span class=\"\">se muestra en la<\/span> o<span class=\"\">pci\u00f3n<\/span> <span class=\"\">1<\/span><span class=\"\">.<\/span><\/span><\/p>\n<\/div><\/section><\/div><div class=\"flex_column av_one_half  flex_column_div first  \" ><section class=\"av_textblock_section \"  itemscope=\"itemscope\" itemtype=\"https:\/\/schema.org\/CreativeWork\" ><div class='avia_textblock  '   itemprop=\"text\" ><h4>OPCI\u00d3N 1<\/h4>\n<p>Fijaci\u00f3n tradicional de los paneles en la base a trav\u00e9s de una cinta de hormig\u00f3n con +\/- 30 cm de espesor en todo el per\u00edmetro.<\/p>\n<\/div><\/section><br \/>\n<div class='avia-image-container  av-styling-    avia-align-center '  itemscope=\"itemscope\" itemtype=\"https:\/\/schema.org\/ImageObject\"  ><div class='avia-image-container-inner'><img class='avia_image ' src='http:\/\/rppiscinas.com\/es\/wp-content\/uploads\/2014\/02\/construcao_piscinas_00.jpg' alt='Constru\u00e7\u00e3o de piscinas SOLEO' title='SOLEO - Constru\u00e7\u00e3o de piscinas'   itemprop=\"thumbnailUrl\"  \/><\/div><\/div><\/p><\/div><div class=\"flex_column av_one_half  flex_column_div av-zero-column-padding   \" style='border-radius:0px; '><section class=\"av_textblock_section \"  itemscope=\"itemscope\" itemtype=\"https:\/\/schema.org\/CreativeWork\" ><div class='avia_textblock  '   itemprop=\"text\" ><h4>OPCI\u00d3N 2<\/h4>\n<p><span id=\"result_box\" class=\"\" lang=\"es\">Fijaci\u00f3n de los paneles y sus escuelas utilizando un sistema de varilla y casquillo qu\u00edmico, terminado con una peque\u00f1a cinta de hormig\u00f3n con 10 cm<span class=\"\">.<\/span><\/span><\/p>\n<\/div><\/section><br \/>\n<div class='avia-image-container  av-styling-    avia-align-center '  itemscope=\"itemscope\" itemtype=\"https:\/\/schema.org\/ImageObject\"  ><div class='avia-image-container-inner'><img class='avia_image ' src='http:\/\/rppiscinas.com\/es\/wp-content\/uploads\/2014\/02\/construcao-piscinas-01.jpg' alt='Constru\u00e7\u00e3o de piscinas SOLEO' title='SOLEO - Constru\u00e7\u00e3o de piscinas'   itemprop=\"thumbnailUrl\"  \/><\/div><\/div><\/p><\/div><\/p>\n","protected":false},"excerpt":{"rendered":"","protected":false},"author":1,"featured_media":0,"parent":0,"menu_order":0,"comment_status":"open","ping_status":"open","template":"","meta":[],"_links":{"self":[{"href":"https:\/\/www.rppiscinas.com\/es\/wp-json\/wp\/v2\/pages\/3376"}],"collection":[{"href":"https:\/\/www.rppiscinas.com\/es\/wp-json\/wp\/v2\/pages"}],"about":[{"href":"https:\/\/www.rppiscinas.com\/es\/wp-json\/wp\/v2\/types\/page"}],"author":[{"embeddable":true,"href":"https:\/\/www.rppiscinas.com\/es\/wp-json\/wp\/v2\/users\/1"}],"replies":[{"embeddable":true,"href":"https:\/\/www.rppiscinas.com\/es\/wp-json\/wp\/v2\/comments?post=3376"}],"version-history":[{"count":30,"href":"https:\/\/www.rppiscinas.com\/es\/wp-json\/wp\/v2\/pages\/3376\/revisions"}],"predecessor-version":[{"id":5098,"href":"https:\/\/www.rppiscinas.com\/es\/wp-json\/wp\/v2\/pages\/3376\/revisions\/5098"}],"wp:attachment":[{"href":"https:\/\/www.rppiscinas.com\/es\/wp-json\/wp\/v2\/media?parent=3376"}],"curies":[{"name":"wp","href":"https:\/\/api.w.org\/{rel}","templated":true}]}}