{"id":3332,"date":"2014-03-12T12:44:34","date_gmt":"2014-03-12T12:44:34","guid":{"rendered":"http:\/\/rppiscinas.com\/es\/?page_id=3332"},"modified":"2016-10-12T10:46:47","modified_gmt":"2016-10-12T10:46:47","slug":"ventajas-kit-piscina","status":"publish","type":"page","link":"https:\/\/www.rppiscinas.com\/es\/ventajas-kit-piscina\/","title":{"rendered":"Ventajas Kit Piscina Soleo"},"content":{"rendered":"<div class=\"flex_column av_one_half  flex_column_div first  \" ><section class=\"av_textblock_section \"  itemscope=\"itemscope\" itemtype=\"https:\/\/schema.org\/CreativeWork\" ><div class='avia_textblock  '   itemprop=\"text\" ><h4><\/h4>\n<p><strong>Ventajas en la compra de un kit de piscina Soleo<\/strong><\/p>\n<p>El sue\u00f1o de tener <strong>su propia piscina privada<\/strong> es un objetivo com\u00fan de gran parte de la poblaci\u00f3n. RP Industries, con el <strong>kit de piscina Soleo<\/strong>, presenta algunas de las principales ventajas que hacen de la piscina un producto tan deseado.<\/p>\n<p>Con mayor resistencia, el kit piscina Soleo presenta toda una estructura de acero 10 veces m\u00e1s resistiente que todos los aceros utilizados en la construcci\u00f3n de piscinas, combinado con una gran facilidad y rapidez de instalaci\u00f3n. Todo para ofrecerle momentos \u00fanicos de bienestar.<\/p>\n<p>Entre los momentos de<strong> felicidad en familia<\/strong> a la <strong>valorizaci\u00f3n de la propiedad<\/strong>, la realidad es que hay muchas razones por las que desee construir una piscina Soleo en su casa .<\/p>\n<\/div><\/section><\/div>\n<div class=\"flex_column av_one_half  flex_column_div av-zero-column-padding   \" style='border-radius:0px; '><div class='avia-image-container  av-styling-    avia-align-center '  itemscope=\"itemscope\" itemtype=\"https:\/\/schema.org\/ImageObject\"  ><div class='avia-image-container-inner'><img class='avia_image ' src='http:\/\/rppiscinas.com\/es\/wp-content\/uploads\/2014\/03\/kit_piscina_soleo_01.jpg' alt='kit piscina SOLEO' title='kit piscina SOLEO'   itemprop=\"thumbnailUrl\"  \/><\/div><\/div><\/div>\n<div  class='hr hr-default  '><span class='hr-inner ' ><span class='hr-inner-style'><\/span><\/span><\/div>\n<div class=\"flex_column av_one_third  flex_column_div first  \" ><p><div class='avia-image-container  av-styling-    avia-align-center '  itemscope=\"itemscope\" itemtype=\"https:\/\/schema.org\/ImageObject\"  ><div class='avia-image-container-inner'><img class='avia_image ' src='http:\/\/rppiscinas.com\/es\/wp-content\/uploads\/2014\/03\/kit_piscina_soleo.jpg' alt='kit piscina SOLEO' title='kit piscina SOLEO'   itemprop=\"thumbnailUrl\"  \/><\/div><\/div><br \/>\n<section class=\"av_textblock_section \"  itemscope=\"itemscope\" itemtype=\"https:\/\/schema.org\/CreativeWork\" ><div class='avia_textblock  '   itemprop=\"text\" ><h4><span style=\"color: #1692de;\">Kit piscina robusto<\/span><\/h4>\n<p>La construcci\u00f3n de un kit piscina Soleo permite la adquisici\u00f3n de una piscina de alta robustez asociada con una instalaci\u00f3n simple que evita los inconvenientes asociados t\u00edpicamente a las\u00a0grandes obras.<\/p>\n<\/div><\/section><\/p><\/div>\n<div class=\"flex_column av_one_third  flex_column_div av-zero-column-padding   \" style='border-radius:0px; '><p><div class='avia-image-container  av-styling-    avia-align-center '  itemscope=\"itemscope\" itemtype=\"https:\/\/schema.org\/ImageObject\"  ><div class='avia-image-container-inner'><img class='avia_image ' src='http:\/\/rppiscinas.com\/es\/wp-content\/uploads\/2014\/03\/kit_piscina_soleo_02.jpg' alt='kit piscina SOLEO' title='kit piscina SOLEO'   itemprop=\"thumbnailUrl\"  \/><\/div><\/div><br \/>\n<section class=\"av_textblock_section \"  itemscope=\"itemscope\" itemtype=\"https:\/\/schema.org\/CreativeWork\" ><div class='avia_textblock  '   itemprop=\"text\" ><h4><span style=\"color: #1692de;\">Valorizaci\u00f3n inmobiliaria<\/span><\/h4>\n<p>Por lo general asociada con la diversi\u00f3n, una piscina es tambi\u00e9n una forma eficaz para agregar valor a su propiedad. Adem\u00e1s del tiempo de ocio que es capaz de ofrecer, el kit piscina es un factor adicional para impulsar la venta o alquiler de una vivienda.<\/p>\n<\/div><\/section><\/p><\/div>\n<div class=\"flex_column av_one_third  flex_column_div av-zero-column-padding   \" style='border-radius:0px; '><p><div class='avia-image-container  av-styling-    avia-align-center '  itemscope=\"itemscope\" itemtype=\"https:\/\/schema.org\/ImageObject\"  ><div class='avia-image-container-inner'><img class='avia_image ' src='http:\/\/rppiscinas.com\/es\/wp-content\/uploads\/2014\/03\/kit_piscina_soleo_03.jpg' alt='kit piscina SOLEO' title='kit piscina SOLEO'   itemprop=\"thumbnailUrl\"  \/><\/div><\/div><br \/>\n<section class=\"av_textblock_section \"  itemscope=\"itemscope\" itemtype=\"https:\/\/schema.org\/CreativeWork\" ><div class='avia_textblock  '   itemprop=\"text\" ><h4><span style=\"color: #1692de;\">Valorizaci\u00f3n est\u00e9tica<\/span><\/h4>\n<p>Entre las muchas ventajas de la construcci\u00f3n de una piscina, se cuenta la valorizaci\u00f3n est\u00e9tica del espacio. De incomparable belleza, el kit piscina Soleo le da la posibilidad de obtener un espacio \u00fanico y singular belleza.<\/p>\n<\/div><\/section><\/p><\/div>\n<div class=\"flex_column av_one_third  flex_column_div first  \" ><p><div class='avia-image-container  av-styling-    avia-align-center '  itemscope=\"itemscope\" itemtype=\"https:\/\/schema.org\/ImageObject\"  ><div class='avia-image-container-inner'><img class='avia_image ' src='http:\/\/rppiscinas.com\/es\/wp-content\/uploads\/2014\/03\/kit_piscina_soleo_04.jpg' alt='Piscinas - todas as vantagens' title='Piscinas RP INDUSTRIES'   itemprop=\"thumbnailUrl\"  \/><\/div><\/div><br \/>\n<section class=\"av_textblock_section \"  itemscope=\"itemscope\" itemtype=\"https:\/\/schema.org\/CreativeWork\" ><div class='avia_textblock  '   itemprop=\"text\" ><h4><span style=\"color: #1692de;\"><b>Espacio de convivencia<\/b><\/span><\/h4>\n<p>El espacio de elecci\u00f3n para reunir la familia y amigos. La existencia de una piscina es la excusa perfecta para fortalecer la convivencia familiar, dando a los ni\u00f1os y adultos momentos \u00fanicos de diversi\u00f3n.<\/p>\n<\/div><\/section><\/p><\/div>\n<div class=\"flex_column av_one_third  flex_column_div av-zero-column-padding   \" style='border-radius:0px; '><p><div class='avia-image-container  av-styling-    avia-align-center '  itemscope=\"itemscope\" itemtype=\"https:\/\/schema.org\/ImageObject\"  ><div class='avia-image-container-inner'><img class='avia_image ' src='http:\/\/rppiscinas.com\/es\/wp-content\/uploads\/2014\/03\/kit_piscina_soleo_05.jpg' alt='' title='kit_piscina_soleo_05'   itemprop=\"thumbnailUrl\"  \/><\/div><\/div><br \/>\n<section class=\"av_textblock_section \"  itemscope=\"itemscope\" itemtype=\"https:\/\/schema.org\/CreativeWork\" ><div class='avia_textblock  '   itemprop=\"text\" ><h4><span style=\"color: #1692de;\"><b>Bienestar, comodidad y privacidad<\/b><\/span><\/h4>\n<p>Los momentos de felicidad experimentada alrededor de la piscina es algo que merece ser vivido intensamente. Para ello, la instalaci\u00f3n de un kit piscina Soleo asegura la comodidad y privacidad carecter\u00edsticas de una piscina privada.<\/p>\n<\/div><\/section><\/p><\/div><div class=\"flex_column av_one_third  flex_column_div av-zero-column-padding   \" style='border-radius:0px; '><p><div class='avia-image-container  av-styling-    avia-align-center '  itemscope=\"itemscope\" itemtype=\"https:\/\/schema.org\/ImageObject\"  ><div class='avia-image-container-inner'><img class='avia_image ' src='http:\/\/rppiscinas.com\/es\/wp-content\/uploads\/2014\/03\/kit_piscina_soleo_06.jpg' alt='' title='kit piscina SOLEO'   itemprop=\"thumbnailUrl\"  \/><\/div><\/div><br \/>\n<section class=\"av_textblock_section \"  itemscope=\"itemscope\" itemtype=\"https:\/\/schema.org\/CreativeWork\" ><div class='avia_textblock  '   itemprop=\"text\" ><h4><span style=\"color: #1692de;\"><b>Tecnologia anti-s\u00edsmica<\/b><\/span><\/h4>\n<p>El kit\u00a0piscina Soleo kit tiene una tecnolog\u00eda innovadora anti-s\u00edsmica con\u00a0una resistencia superior a los movimientos del terreno.\u00a0Un Sistema de resistencia superior a las piscinas tradicionales de hormig\u00f3n o fibra.<\/p>\n<\/div><\/section><\/p><\/div><\/p>\n","protected":false},"excerpt":{"rendered":"","protected":false},"author":1,"featured_media":0,"parent":0,"menu_order":0,"comment_status":"open","ping_status":"open","template":"","meta":[],"_links":{"self":[{"href":"https:\/\/www.rppiscinas.com\/es\/wp-json\/wp\/v2\/pages\/3332"}],"collection":[{"href":"https:\/\/www.rppiscinas.com\/es\/wp-json\/wp\/v2\/pages"}],"about":[{"href":"https:\/\/www.rppiscinas.com\/es\/wp-json\/wp\/v2\/types\/page"}],"author":[{"embeddable":true,"href":"https:\/\/www.rppiscinas.com\/es\/wp-json\/wp\/v2\/users\/1"}],"replies":[{"embeddable":true,"href":"https:\/\/www.rppiscinas.com\/es\/wp-json\/wp\/v2\/comments?post=3332"}],"version-history":[{"count":29,"href":"https:\/\/www.rppiscinas.com\/es\/wp-json\/wp\/v2\/pages\/3332\/revisions"}],"predecessor-version":[{"id":5290,"href":"https:\/\/www.rppiscinas.com\/es\/wp-json\/wp\/v2\/pages\/3332\/revisions\/5290"}],"wp:attachment":[{"href":"https:\/\/www.rppiscinas.com\/es\/wp-json\/wp\/v2\/media?parent=3332"}],"curies":[{"name":"wp","href":"https:\/\/api.w.org\/{rel}","templated":true}]}}