{"id":3185,"date":"2014-03-05T13:43:11","date_gmt":"2014-03-05T13:43:11","guid":{"rendered":"http:\/\/rppiscinas.com\/es\/?page_id=3185"},"modified":"2016-10-04T08:47:56","modified_gmt":"2016-10-04T08:47:56","slug":"fondos-de-piscinas","status":"publish","type":"page","link":"https:\/\/www.rppiscinas.com\/es\/fondos-de-piscinas\/","title":{"rendered":"Fondos de piscinas Soleo"},"content":{"rendered":"<div class=\"flex_column av_one_full  flex_column_div first  \" ><p><div class='avia-button-wrap avia-button-left '><a href='https:\/\/www.rppiscinas.com\/es\/construccion-de-piscinas\/' class='avia-button   avia-icon_select-no avia-color-theme-color avia-size-small avia-position-left '   ><span class='avia_iconbox_title' >T\u00e9cnica<\/span><\/a><\/div><br \/>\n<div class='avia-button-wrap avia-button-left '><a href='https:\/\/www.rppiscinas.com\/es\/estructura-piscina-soleo\/' class='avia-button   avia-icon_select-no avia-color-theme-color avia-size-small avia-position-left '   ><span class='avia_iconbox_title' >Estructura<\/span><\/a><\/div><br \/>\n<div class='avia-button-wrap avia-button-left '><a href='javascript:void(0)' class='avia-button   avia-icon_select-no avia-color-orange avia-size-small avia-position-left '   ><span class='avia_iconbox_title' >Fondos<\/span><\/a><\/div><br \/>\n<div class='avia-button-wrap avia-button-left '><a href='https:\/\/www.rppiscinas.com\/es\/liner-piscinas\/' class='avia-button   avia-icon_select-no avia-color-theme-color avia-size-small avia-position-left '   ><span class='avia_iconbox_title' >Liners<\/span><\/a><\/div><\/p><\/div>\n<div  class='hr hr-default  '><span class='hr-inner ' ><span class='hr-inner-style'><\/span><\/span><\/div>\n<div class=\"flex_column av_one_full  flex_column_div first  \" ><section class=\"av_textblock_section \"  itemscope=\"itemscope\" itemtype=\"https:\/\/schema.org\/CreativeWork\" ><div class='avia_textblock  '   itemprop=\"text\" ><h2><span style=\"color: #000000;\">Fondos de piscinas Soleo<\/span><\/h2>\n<h3><span style=\"color: #1692de;\"><strong>De los familiares a los deportivos, <span id=\"result_box\" class=\"\" lang=\"es\"><span class=\"\">definen el<\/span> uso previsto de la piscina<\/span><br \/>\n<\/strong><\/span><\/h3>\n<p style=\"text-align: justify;\"><span id=\"result_box\" class=\"\" lang=\"es\">Desarrolladas para adaptarse a los diferentes tipos de piscina, los<strong> fondos de piscinas Soleo<\/strong> est\u00e1n disponibles en 5 modelos diferentes. La larga experiencia de instalaci\u00f3n de piscinas de RP Industries, permiti\u00f3 a los equipos de desarrollo de producto de la compa\u00f1\u00eda encontrar soluciones ideales de fondos que mejor se adaptan a los diferentes tipos de usuarios.<\/span><\/p>\n<\/div><\/section><\/div>\n<div  class='hr hr-default  '><span class='hr-inner ' ><span class='hr-inner-style'><\/span><\/span><\/div>\n<div class=\"flex_column av_one_third  flex_column_div first  \" ><section class=\"av_textblock_section \"  itemscope=\"itemscope\" itemtype=\"https:\/\/schema.org\/CreativeWork\" ><div class='avia_textblock  '   itemprop=\"text\" ><p><a href=\"http:\/\/rppiscinas.com\/es\/wp-content\/uploads\/2015\/06\/soleo-fundo-plano-paineis-01.jpg\"><img decoding=\"async\" loading=\"lazy\" class=\"alignnone size-medium wp-image-4789\" src=\"\/\/www.rppiscinas.com\/es\/wp-content\/uploads\/2014\/03\/soleo_fundo_plano_011-300x236.png\" alt=\"Fundo Piscinas SOLEO - Fundo Plano\" width=\"300\" height=\"236\" srcset=\"https:\/\/www.rppiscinas.com\/es\/wp-content\/uploads\/2014\/03\/soleo_fundo_plano_011-300x236.png 300w, https:\/\/www.rppiscinas.com\/es\/wp-content\/uploads\/2014\/03\/soleo_fundo_plano_011.png 326w\" sizes=\"(max-width: 300px) 100vw, 300px\" \/><\/a><\/p>\n<\/div><\/section><\/div>\n<div class=\"flex_column av_two_third  flex_column_div av-zero-column-padding   \" style='border-radius:0px; '><section class=\"av_textblock_section \"  itemscope=\"itemscope\" itemtype=\"https:\/\/schema.org\/CreativeWork\" ><div class='avia_textblock  '   itemprop=\"text\" ><h4>Fondo Plano<\/h4>\n<p><span id=\"result_box\" class=\"\" lang=\"es\">En la gama de fondos de piscinas Soleo, estan disponibles soluciones que se adaptan perfectamente al uso familiar. Con profundidad constante, el fondo plano est\u00e1 disponible en est\u00e1ndar con una profundidad de 1,40 m.<br \/>\n<\/span><span id=\"result_box\" class=\"\" lang=\"es\"><br \/>\nSin embargo, este modelo de fondos se puede instalar con una profundidad de <span class=\"\">0,50<\/span> m, 1,10 m, 1,50 m y 1,60 m. De f\u00e1cil ejecuci\u00f3n puede ser ejecutado por el cliente, <span class=\"\">mientras que su<\/span> configuraci\u00f3n ofrece <span class=\"\">una f\u00e1cil manutenci\u00f3n.<\/span><\/span><\/p>\n<\/div><\/section><\/div><div class=\"flex_column av_one_third  flex_column_div first  \" ><section class=\"av_textblock_section \"  itemscope=\"itemscope\" itemtype=\"https:\/\/schema.org\/CreativeWork\" ><div class='avia_textblock  '   itemprop=\"text\" ><p><a href=\"http:\/\/rppiscinas.com\/es\/wp-content\/uploads\/2015\/06\/soleo-fundo-composto-paineis-00.jpg\"><img decoding=\"async\" loading=\"lazy\" class=\"alignnone size-medium wp-image-4790\" src=\"\/\/www.rppiscinas.com\/es\/wp-content\/uploads\/2014\/03\/soleo_fundo_composto1-300x236.png\" alt=\"Fundos Piscinas SOLEO - Fundo Composto\" width=\"300\" height=\"236\" srcset=\"https:\/\/www.rppiscinas.com\/es\/wp-content\/uploads\/2014\/03\/soleo_fundo_composto1-300x236.png 300w, https:\/\/www.rppiscinas.com\/es\/wp-content\/uploads\/2014\/03\/soleo_fundo_composto1.png 326w\" sizes=\"(max-width: 300px) 100vw, 300px\" \/><\/a><\/p>\n<\/div><\/section><\/div><\/p>\n<div class=\"flex_column av_two_third  flex_column_div av-zero-column-padding   \" style='border-radius:0px; '><section class=\"av_textblock_section \"  itemscope=\"itemscope\" itemtype=\"https:\/\/schema.org\/CreativeWork\" ><div class='avia_textblock  '   itemprop=\"text\" ><h4>Fondo Compuesto<\/h4>\n<p><span id=\"result_box\" class=\"\" lang=\"es\">El fondo compuesto tiene dos zonas diferenciadas de profundidad, lo que permite un uso din\u00e1mico de la piscina. Con una superficie plana con 1,10 m de profundidad, el modelo compuesto de la gama de fonsos de las piscinas Soleo tiene una suave ladera hasta llegar a la profundidad de 1,40 m. Mientras que la zona m\u00e1s superficial ofrece una seguridad total para los juegos de los ni\u00f1os, la zona con una profundidad de 1,40m es capaz de proporcionar momentos <span class=\"\">inolvidables de<\/span> diversi\u00f3n para quien ama buceos en total seguridad.<\/span><\/p>\n<\/div><\/section><\/div>\n<div class=\"flex_column av_one_third  flex_column_div first  \" ><section class=\"av_textblock_section \"  itemscope=\"itemscope\" itemtype=\"https:\/\/schema.org\/CreativeWork\" ><div class='avia_textblock  '   itemprop=\"text\" ><p><a href=\"http:\/\/rppiscinas.com\/es\/wp-content\/uploads\/2015\/06\/soleo-fundo-piramide-paineis.jpg\"><img decoding=\"async\" loading=\"lazy\" class=\"alignnone size-medium wp-image-4793\" src=\"\/\/www.rppiscinas.com\/es\/wp-content\/uploads\/2014\/03\/soleo-fundo-piramide1-300x236.png\" alt=\"Fundos Piscinas SOLEO - Fundo Pir\u00e2mide\" width=\"300\" height=\"236\" srcset=\"https:\/\/www.rppiscinas.com\/es\/wp-content\/uploads\/2014\/03\/soleo-fundo-piramide1-300x236.png 300w, https:\/\/www.rppiscinas.com\/es\/wp-content\/uploads\/2014\/03\/soleo-fundo-piramide1.png 326w\" sizes=\"(max-width: 300px) 100vw, 300px\" \/><\/a><\/p>\n<\/div><\/section><\/div>\n<div class=\"flex_column av_two_third  flex_column_div av-zero-column-padding   \" style='border-radius:0px; '><section class=\"av_textblock_section \"  itemscope=\"itemscope\" itemtype=\"https:\/\/schema.org\/CreativeWork\" ><div class='avia_textblock  '   itemprop=\"text\" ><h4>Fondo Pir\u00e1mide<\/h4>\n<p><span id=\"result_box\" class=\"\" lang=\"es\">Es el modelo m\u00e1s tradicional de los fondos b\u00e1sicos de las piscinas Soleo. Con una profundidad variable de 1,10 m hasta una profundidad m\u00e1xima de hasta 2,00 m, el fondo pir\u00e1mide\u00a0 ofrece profundidades ideales para aquellos que quieran disfrutar de fant\u00e1sticos buceos utilizando un trampol\u00edn. Las peque\u00f1as laderas garantizan la seguridad de los usuarios en las zonas m\u00e1s profundas y las caracter\u00edsticas de este modelo ofrecen <span class=\"\">un gran ahorro en<\/span> los costes de manutenci\u00f3n<span class=\"\">.<\/span><\/span><\/p>\n<\/div><\/section><\/div>\n<div class=\"flex_column av_one_third  flex_column_div first  \" ><section class=\"av_textblock_section \"  itemscope=\"itemscope\" itemtype=\"https:\/\/schema.org\/CreativeWork\" ><div class='avia_textblock  '   itemprop=\"text\" ><p><a href=\"http:\/\/rppiscinas.com\/es\/wp-content\/uploads\/2015\/06\/soleo-fundo-praia-paineis-00.jpg\"><img decoding=\"async\" loading=\"lazy\" class=\"alignnone size-medium wp-image-4795\" src=\"\/\/www.rppiscinas.com\/es\/wp-content\/uploads\/2014\/03\/soleo-fundo-praia1-300x236.png\" alt=\"Fundos Piscinas SOLEO - Fundo Praia\" width=\"300\" height=\"236\" srcset=\"https:\/\/www.rppiscinas.com\/es\/wp-content\/uploads\/2014\/03\/soleo-fundo-praia1-300x236.png 300w, https:\/\/www.rppiscinas.com\/es\/wp-content\/uploads\/2014\/03\/soleo-fundo-praia1.png 326w\" sizes=\"(max-width: 300px) 100vw, 300px\" \/><\/a><\/p>\n<\/div><\/section><\/div>\n<div class=\"flex_column av_two_third  flex_column_div av-zero-column-padding   \" style='border-radius:0px; '><section class=\"av_textblock_section \"  itemscope=\"itemscope\" itemtype=\"https:\/\/schema.org\/CreativeWork\" ><div class='avia_textblock  '   itemprop=\"text\" ><h4>Fondo Playa<\/h4>\n<div id=\"gt-res-p\">\n<div id=\"gt-res-data\">\n<div id=\"gt-res-wrap\">\n<div id=\"gt-res-content\">\n<div dir=\"ltr\"><span id=\"result_box\" class=\"\" lang=\"es\">Resultados de la b\u00fasqueda constante de RP Industries para ofrecer momentos \u00fanicos a los usuarios de una piscina Soleo, el modelo Playa de la gama de fondos de piscinas es la \u00faltima adici\u00f3n en la configuraci\u00f3n de su piscina. Con una profundidad que comienza una cuota de 0,00 m, el modelo de fondo Playa\u00a0 tiene una ladera constante hasta la profundidad m\u00e1xima de 1,40 m. La elecci\u00f3n de este tipo de fondo de piscinas es la simulaci\u00f3n perfecta de un lago o <span class=\"\">una playa natural<\/span><span class=\"\">.<\/span><\/span><\/div>\n<\/div>\n<\/div>\n<\/div>\n<\/div>\n<\/div><\/section><\/div>\n<div class=\"flex_column av_one_third  flex_column_div first  \" ><section class=\"av_textblock_section \"  itemscope=\"itemscope\" itemtype=\"https:\/\/schema.org\/CreativeWork\" ><div class='avia_textblock  '   itemprop=\"text\" ><p><a href=\"http:\/\/rppiscinas.com\/es\/wp-content\/uploads\/2015\/06\/soleo-fundo-relax-paineis-00.jpg\"><img decoding=\"async\" loading=\"lazy\" class=\"alignnone size-medium wp-image-4788\" src=\"\/\/www.rppiscinas.com\/es\/wp-content\/uploads\/2014\/03\/soleo_fundo_relax-300x236.png\" alt=\"Fundos piscinas SOLEO\" width=\"300\" height=\"236\" srcset=\"https:\/\/www.rppiscinas.com\/es\/wp-content\/uploads\/2014\/03\/soleo_fundo_relax-300x236.png 300w, https:\/\/www.rppiscinas.com\/es\/wp-content\/uploads\/2014\/03\/soleo_fundo_relax.png 326w\" sizes=\"(max-width: 300px) 100vw, 300px\" \/><\/a><\/p>\n<\/div><\/section><\/div>\n<div class=\"flex_column av_two_third  flex_column_div av-zero-column-padding   \" style='border-radius:0px; '><section class=\"av_textblock_section \"  itemscope=\"itemscope\" itemtype=\"https:\/\/schema.org\/CreativeWork\" ><div class='avia_textblock  '   itemprop=\"text\" ><h4>Fondo Relax<\/h4>\n<p><span id=\"result_box\" class=\"\" lang=\"es\">Simult\u00e1neamente con el fondo Playa, el fondo Relax es otra de las \u00faltimas novedades de la gama de\u00a0 fondos de piscinas Soleo. Dotado de una zona de profundidad m\u00ednima de 0.20 m, el fondo Relax llega a los 1.40 m, utilizando una ladera suave. Para aquellos que quieran disfrutar plenamente de su piscina este es el punto m\u00e1s alto de la gama de fondos de piscina Soleo. Su zona 0.30 m de profundidad, incluso <span class=\"\">permite la instalaci\u00f3n de<\/span> una peque\u00f1a terraza en la agua que conduce a la relajaci\u00f3n extrema.<\/span><\/p>\n<\/div><\/section><\/div>\n","protected":false},"excerpt":{"rendered":"","protected":false},"author":1,"featured_media":0,"parent":0,"menu_order":0,"comment_status":"open","ping_status":"open","template":"","meta":[],"_links":{"self":[{"href":"https:\/\/www.rppiscinas.com\/es\/wp-json\/wp\/v2\/pages\/3185"}],"collection":[{"href":"https:\/\/www.rppiscinas.com\/es\/wp-json\/wp\/v2\/pages"}],"about":[{"href":"https:\/\/www.rppiscinas.com\/es\/wp-json\/wp\/v2\/types\/page"}],"author":[{"embeddable":true,"href":"https:\/\/www.rppiscinas.com\/es\/wp-json\/wp\/v2\/users\/1"}],"replies":[{"embeddable":true,"href":"https:\/\/www.rppiscinas.com\/es\/wp-json\/wp\/v2\/comments?post=3185"}],"version-history":[{"count":36,"href":"https:\/\/www.rppiscinas.com\/es\/wp-json\/wp\/v2\/pages\/3185\/revisions"}],"predecessor-version":[{"id":3192,"href":"https:\/\/www.rppiscinas.com\/es\/wp-json\/wp\/v2\/pages\/3185\/revisions\/3192"}],"wp:attachment":[{"href":"https:\/\/www.rppiscinas.com\/es\/wp-json\/wp\/v2\/media?parent=3185"}],"curies":[{"name":"wp","href":"https:\/\/api.w.org\/{rel}","templated":true}]}}