{"id":2974,"date":"2014-02-17T18:14:38","date_gmt":"2014-02-17T18:14:38","guid":{"rendered":"http:\/\/rppiscinas.com\/es\/?page_id=2974"},"modified":"2016-10-04T08:32:02","modified_gmt":"2016-10-04T08:32:02","slug":"estructura-piscina-soleo","status":"publish","type":"page","link":"https:\/\/www.rppiscinas.com\/es\/estructura-piscina-soleo\/","title":{"rendered":"Estructura piscina Soleo"},"content":{"rendered":"<div class=\"flex_column av_one_full  flex_column_div first  \" ><p><div class='avia-button-wrap avia-button-left '><a href='https:\/\/www.rppiscinas.com\/es\/construccion-de-piscinas\/' class='avia-button   avia-icon_select-no avia-color-theme-color avia-size-small avia-position-left '   ><span class='avia_iconbox_title' >T\u00e9cnica<\/span><\/a><\/div><br \/>\n<div class='avia-button-wrap avia-button-left '><a href='javascript:void(0)' class='avia-button   avia-icon_select-no avia-color-orange avia-size-small avia-position-left '   ><span class='avia_iconbox_title' >Estructura<\/span><\/a><\/div><br \/>\n<div class='avia-button-wrap avia-button-left '><a href='https:\/\/www.rppiscinas.com\/es\/fondos-de-piscinas\/' class='avia-button   avia-icon_select-no avia-color-theme-color avia-size-small avia-position-left '   ><span class='avia_iconbox_title' >Fondos<\/span><\/a><\/div><br \/>\n<div class='avia-button-wrap avia-button-left '><a href='https:\/\/www.rppiscinas.com\/es\/liner-piscinas\/' class='avia-button   avia-icon_select-no avia-color-theme-color avia-size-small avia-position-left '   ><span class='avia_iconbox_title' >Liners<\/span><\/a><\/div><\/p><\/div>\n<div  class='hr hr-default  '><span class='hr-inner ' ><span class='hr-inner-style'><\/span><\/span><\/div>\n<div class=\"flex_column av_two_third  flex_column_div first  \" ><section class=\"av_textblock_section \"  itemscope=\"itemscope\" itemtype=\"https:\/\/schema.org\/CreativeWork\" ><div class='avia_textblock  '   itemprop=\"text\" ><h2><span style=\"color: #000000;\">Estructura para piscina Soleo<\/span><\/h2>\n<h3><span style=\"color: #1692de;\"><strong>En la vanguardia de la inovaci\u00f3n para la construcci\u00f3n de su piscina<\/strong><\/span><\/h3>\n<p style=\"text-align: justify;\"><span id=\"result_box\" class=\"\" lang=\"es\">Siguiendo su estrategia de desarrollo y\u00a0 innovaci\u00f3n, RP Industries ha desarrollado en exclusivo <span class=\"\">tres<\/span> tipos de acero a elegir para la composici\u00f3n de la estructura de su piscina Soleo.<\/span><\/p>\n<div id=\"gt-res-p\">\n<div id=\"gt-res-data\">\n<div id=\"gt-res-wrap\">\n<div id=\"gt-res-content\">\n<div dir=\"ltr\"><span id=\"result_box\" class=\"\" lang=\"es\">Los paneles de la piscina Soleo de RP Industries se sometieron a pruebas rigurosas bajo la s estrictas normas <strong>ISO 3497<\/strong>, <strong>EN ISO 2808<\/strong>, <strong>EN<\/strong> <strong>ISO 9227<\/strong> y <strong>EN ISO 4628.<\/strong> Las pruebas realizadas en laboratorio permitieron determinar la masa por unidad de superficie, el espesor promedio del panel, el espesor de la capa org\u00e1nica y el comportamiento <span class=\"\">en la atm\u00f3sfera<\/span> <span class=\"\">artificial<\/span> <span class=\"\">de<\/span> <span class=\"\">niebla<\/span> <span class=\"\">salina neutra<\/span><span class=\"\">.<\/span><\/span><\/div>\n<\/div>\n<\/div>\n<\/div>\n<\/div>\n<p style=\"text-align: justify;\"><span id=\"result_box\" class=\"\" lang=\"es\">Probado por un laboratorio independiente (LNEG &#8211; LMR) y expuestos a todos los ataques qu\u00edmicos y en c\u00e1mara de niebla salina, la estructura STEELPRIIME, SPECTRON y PRIMASTEEL han mantenido todas sus promesas, demostrando ser el m\u00e1s resistente de los aceros utilizados en la construcci\u00f3n de <span class=\"\">piscinas<\/span>.<\/span><\/p>\n<p><strong>HASTA <span style=\"color: #333333;\">10 VECES M\u00c1S RESISTENTE QUE LAS ESTRUCTURAS TRADICIONALES<\/span><\/strong><\/p>\n<\/div><\/section><\/div>\n<div class=\"flex_column av_one_third  flex_column_div av-zero-column-padding   \" style='border-radius:0px; '><div class='avia-image-container  av-styling-    avia-align-center '  itemscope=\"itemscope\" itemtype=\"https:\/\/schema.org\/ImageObject\"  ><div class='avia-image-container-inner'><img class='avia_image ' src='http:\/\/rppiscinas.com\/es\/wp-content\/uploads\/2014\/02\/piscina-pormenor-soleo.png' alt='Piscina SOLEO - pormenor t\u00e9cnico' title='Piscina SOLEO'   itemprop=\"thumbnailUrl\"  \/><\/div><\/div><\/div>\n<div  class='hr hr-default  '><span class='hr-inner ' ><span class='hr-inner-style'><\/span><\/span><\/div>\n<section class=\"av_textblock_section \"  itemscope=\"itemscope\" itemtype=\"https:\/\/schema.org\/CreativeWork\" ><div class='avia_textblock  '   itemprop=\"text\" ><h2 style=\"text-align: center;\"><span style=\"color: #1692de;\">3 Soluciones a elegir<\/span><\/h2>\n<div id=\"gt-res-p\">\n<div id=\"gt-res-data\">\n<div id=\"gt-res-wrap\">\n<div id=\"gt-res-content\">\n<div dir=\"ltr\" style=\"text-align: center;\"><span id=\"result_box\" class=\"\" lang=\"es\">RP Industries <span class=\"\">desarrollo exclusivamente para la<\/span> piscina Soleo, los nuevos paneles <strong>STEELPRIME<\/strong>,<strong> <span class=\"\">SPECTRON<\/span><\/strong> y <strong>PRIMASTEEL<\/strong>. Con la incorporaci\u00f3n de tecnologia innovadora, los nuevos paneles ofrecen una resistencia 10 veces mayor que el acero galvanizado tradicional, al mismo tiempo que permiten la aplicaci\u00f3n de diferentes tipos <span class=\"\">de revestimiento.<\/span><\/span><\/div>\n<\/div>\n<\/div>\n<\/div>\n<\/div>\n<\/div><\/section>\n<div class=\"flex_column av_one_third  flex_column_div first  \" ><div class='avia-image-container  av-styling-    avia-align-center '  itemscope=\"itemscope\" itemtype=\"https:\/\/schema.org\/ImageObject\"  ><div class='avia-image-container-inner'><img class='avia_image ' src='http:\/\/rppiscinas.com\/es\/wp-content\/uploads\/2014\/02\/piscina-soleo-steelprime.jpg' alt='Piscina SOLEO - Estrutura SteelPrime' title='Piscina SOLEO - SteelPrime'   itemprop=\"thumbnailUrl\"  \/><\/div><\/div><\/div>\n<div class=\"flex_column av_one_third  flex_column_div av-zero-column-padding   \" style='border-radius:0px; '><div class='avia-image-container  av-styling-    avia-align-center '  itemscope=\"itemscope\" itemtype=\"https:\/\/schema.org\/ImageObject\"  ><div class='avia-image-container-inner'><img class='avia_image ' src='http:\/\/rppiscinas.com\/es\/wp-content\/uploads\/2014\/02\/piscina-soleo-spectron.jpg' alt='' title='Piscina SOLEO - Spectron'   itemprop=\"thumbnailUrl\"  \/><\/div><\/div><\/div>\n<div class=\"flex_column av_one_third  flex_column_div av-zero-column-padding   \" style='border-radius:0px; '><div class='avia-image-container  av-styling-    avia-align-center '  itemscope=\"itemscope\" itemtype=\"https:\/\/schema.org\/ImageObject\"  ><div class='avia-image-container-inner'><img class='avia_image ' src='http:\/\/rppiscinas.com\/es\/wp-content\/uploads\/2014\/02\/piscina-soleo-primasteel.jpg' alt='' title='Piscina SOLEO - Primasteel'   itemprop=\"thumbnailUrl\"  \/><\/div><\/div><\/div>\n<div class=\"flex_column av_one_third  flex_column_div first  \" ><section class=\"av_textblock_section \"  itemscope=\"itemscope\" itemtype=\"https:\/\/schema.org\/CreativeWork\" ><div class='avia_textblock  '   itemprop=\"text\" ><h4>Panele en acero STEELPRIME<\/h4>\n<p><span id=\"result_box\" class=\"\" lang=\"es\">Con 2 mm de espesor, STEELPRIME es un acero galvanizado recubierto en las dos caras con una composici\u00f3n de zinc-aluminio y magnesio. Esta composici\u00f3n qu\u00edmica \u00fanica se aplica mediante un proceso continuo utilizando inmersi\u00f3n en caliente.<\/span><\/p>\n<p><span id=\"result_box\" class=\"\" lang=\"es\"><span class=\"\">Posibilidad de<\/span> aplicaci\u00f3n de los dos tipos de revestimiento: Liner 75\/100 y L\u00e1mina Armada <span class=\"\">150\/100<\/span>.<\/span><\/p>\n<\/div><\/section><\/div>\n<div class=\"flex_column av_one_third  flex_column_div av-zero-column-padding   \" style='border-radius:0px; '><section class=\"av_textblock_section \"  itemscope=\"itemscope\" itemtype=\"https:\/\/schema.org\/CreativeWork\" ><div class='avia_textblock  '   itemprop=\"text\" ><h4>Panele en acero SPECTRON<\/h4>\n<p><span id=\"result_box\" class=\"\" lang=\"es\">Con 2,2 mm de espesor, el acero SPECTRON presenta las propriedades del acero Steelprime. Recubierto en las dos caras con una composici\u00f3n de zinc-aluminio y magnesio, tambi\u00e9n es dotado de un recubrimiento org\u00e1nico que le da una durabilidad exclusiva.<br \/>\n<\/span><\/p>\n<p><span id=\"result_box\" class=\"\" lang=\"es\">Posibilidad de aplicaci\u00f3n de dos tipos de <span class=\"\">revestimiento<\/span>: <span class=\"\">Liner<\/span> <span class=\"\">75\/100<\/span> y L\u00e1mina Armada 150\/100.<\/span><\/p>\n<\/div><\/section><\/div>\n<div class=\"flex_column av_one_third  flex_column_div av-zero-column-padding   \" style='border-radius:0px; '><section class=\"av_textblock_section \"  itemscope=\"itemscope\" itemtype=\"https:\/\/schema.org\/CreativeWork\" ><div class='avia_textblock  '   itemprop=\"text\" ><h4>Panele en acero PRIMASTEEL<\/h4>\n<p><span id=\"result_box\" class=\"\" lang=\"es\">Con 2,3 mm de espesor, PRIMASTEEL es un acero galvanizado que tiene un revestimiento de PVC en ambas las caras. A las propiedades del acero Steelprime se a\u00f1adi\u00f3 <span class=\"\">esta protecci\u00f3n<\/span> especial de alta resistencia.<\/span><br \/>\n<span id=\"result_box\" class=\"\" lang=\"es\"><\/span><span id=\"result_box\" class=\"\" lang=\"es\"><\/span><span id=\"result_box\" class=\"\" lang=\"es\"><br \/>\nPossibilidad de aplicaci\u00f3n de tres tipos de revestimiento: Liner 75\/100, L\u00e1mina Armada 150\/100 L\u00e1mina Armada o G<span class=\"\">resite<\/span>.<\/span><\/p>\n<\/div><\/section><\/div>\n<\/div><\/div><\/div><!-- close content main div --><\/div><\/div><div id='av_section_1' class='avia-section main_color avia-section-default avia-no-shadow avia-full-stretch avia-bg-style-fixed   container_wrap fullsize' style = 'background-repeat: no-repeat; background-image: url(http:\/\/rppiscinas.com\/es\/wp-content\/uploads\/2014\/02\/teste_painel_bkg.jpg); background-attachment: fixed; background-position: top left; ' data-section-bg-repeat='stretch' ><div class='container' ><div class='template-page content  av-content-full alpha units'><div class='post-entry post-entry-type-page post-entry-2974'><div class='entry-content-wrapper clearfix'>\n<div class=\"flex_column av_two_third  flex_column_div first  \" ><section class=\"av_textblock_section \"  itemscope=\"itemscope\" itemtype=\"https:\/\/schema.org\/CreativeWork\" ><div class='avia_textblock  '   itemprop=\"text\" ><h2><span style=\"color: #d9edf9;\">El m\u00e1s resistente de todos los aceros utilizados ne la construci\u00f3n de piscinas<\/span><\/h2>\n<h4><span style=\"color: #d9edf9;\"><br \/>\nPROBADOS Y E CERTIFICADOS POR EL LABORAT\u00d3RIO (LNEG)<\/span><\/h4>\n<p style=\"text-align: justify;\"><span style=\"color: #d9edf9;\">Los paneles RP Industries fueran sometidos a rigurosas pruebas de acuerdo con las normas ISO 3497, EN ISO 2808, EN ISO 9227 e EN ISO 4628. Las pruebas realizadas en laboratorio determinaran la masa por unidad de superf\u00edcie, el espesor medio de los paneles, el espesor del revestimiento org\u00e1nico y el comportamiento en atmosfera artificial de niebla salina.<\/span><\/p>\n<p style=\"text-align: justify;\"><span style=\"color: #d9edf9;\">Probado por un laborat\u00f3rio independiente (LNEG &#8211; LMR) y expuesto a todas las agresiones qu\u00edmicas e en c\u00e1mara de niebla salina, las estructuras STEELPRIME y PRIMASTEEL mantuvieron todas sus promessas comprobando ser los aceros m\u00e1s resistentes utilizados en la construci\u00f3n de piscinas.<\/span><\/p>\n<p style=\"text-align: justify;\"><span style=\"color: #d9edf9;\">La prueba realizada por el Laborat\u00f3rio Nacional de Energia e Geologia (LNEG) y por el Laborat\u00f3rio de Materiais e Revestimentos (LMR), demuestra toda la potencia de los paneles STEELPRIME y PRIMASTEEL.<\/span><\/p>\n<p style=\"text-align: justify;\"><b>\u00a0<\/b><\/p>\n<\/div><\/section><\/div><div class=\"flex_column av_one_third  flex_column_div av-zero-column-padding   \" style='border-radius:0px; '><section class=\"av_textblock_section \"  itemscope=\"itemscope\" itemtype=\"https:\/\/schema.org\/CreativeWork\" ><div class='avia_textblock  '   itemprop=\"text\" ><p><a href=\"http:\/\/rppiscinas.com\/es\/wp-content\/uploads\/2015\/06\/piscina-teste-aco-soleo.jpg\"><img decoding=\"async\" loading=\"lazy\" class=\"alignnone size-medium wp-image-4630\" src=\"\/\/www.rppiscinas.com\/es\/wp-content\/uploads\/2014\/02\/certificado-aco-piscina-RP-244x300.png\" alt=\"Piscina SOLEO - Certificado a\u00e7o RP\" width=\"244\" height=\"300\" srcset=\"https:\/\/www.rppiscinas.com\/es\/wp-content\/uploads\/2014\/02\/certificado-aco-piscina-RP-244x300.png 244w, https:\/\/www.rppiscinas.com\/es\/wp-content\/uploads\/2014\/02\/certificado-aco-piscina-RP.png 295w\" sizes=\"(max-width: 244px) 100vw, 244px\" \/><\/a><\/p>\n<\/div><\/section><\/div>\n\n<div class=\"flex_column av_two_third  flex_column_div first  \" ><section class=\"av_textblock_section \"  itemscope=\"itemscope\" itemtype=\"https:\/\/schema.org\/CreativeWork\" ><div class='avia_textblock  '   itemprop=\"text\" ><h2 style=\"text-align: justify;\"><span style=\"color: #1692de;\">Historia del acero en la construcci\u00f3n<\/span><\/h2>\n<p style=\"text-align: justify;\"><span id=\"result_box\" class=\"\" lang=\"es\">Con <span class=\"\">la Revoluci\u00f3n Industrial<\/span> en Europa, hubo grandes cambios generados por el crecimiento de la poblaci\u00f3n creando<span class=\"\"> nuevas necesidades<\/span> en las construcciones. Debido al progreso industrial, el acero comienza a ser <span class=\"\">producido<\/span> a gran escala, sendo utilizado en la mayor\u00eda de los edificios.<\/span><\/p>\n<p>A mediados de la d\u00e9cada de 1830, importantes avances <span class=\"\">tecnol\u00f3gicos<\/span> en su fabricaci\u00f3n que permiti\u00f3 la aplicaci\u00f3n en <span class=\"\">importantes construcciones como<\/span> estaciones de tren y salas de exposiciones.<span id=\"result_box\" class=\"\" lang=\"es\"><\/span><span id=\"result_box\" class=\"\" lang=\"es\"><\/span><\/p>\n<p>Por lo general asociados con la idea de modernidad <span class=\"\">y innovaci\u00f3n<\/span>, el acero ha transformado, a lo largo de los a\u00f1os, la vida de <span class=\"\">arquitectos<\/span>, ingenieros y constructores ofreciendo soluciones audaces y de calidad superior.<\/p>\n<p>Desde el comienzo de su utilizaci\u00f3n en la <span class=\"\">segunda mitad del siglo<\/span> XVIII, hasta la actualidad, son muchos <span class=\"\">los ejemplos de aplicaci\u00f3n<\/span> de acero en grandes iconos de la arquitectura y de la construcci\u00f3n.<\/p>\n<\/div><\/section><\/div>\n<div class=\"flex_column av_one_third  flex_column_div av-zero-column-padding   \" style='border-radius:0px; '><div class='avia-gallery  avia-gallery-1 deactivate_avia_lazyload avia_animate_when_visible '  itemscope=\"itemscope\" itemtype=\"https:\/\/schema.org\/ImageObject\" ><div class='avia-gallery-thumb'> <a href='https:\/\/www.rppiscinas.com\/es\/wp-content\/uploads\/2014\/02\/construcao-aco-01.jpg' data-rel='gallery-1' data-prev-img='https:\/\/www.rppiscinas.com\/es\/wp-content\/uploads\/2014\/02\/construcao-aco-01-495x400.jpg' class='first_thumb lightbox ' data-onclick='1' title='Ponte D. Luis (Porto)'  itemprop=\"thumbnailUrl\" ><img data-avia-tooltip='Ponte D. Luis (Porto)' src='https:\/\/www.rppiscinas.com\/es\/wp-content\/uploads\/2014\/02\/construcao-aco-01-120x120.jpg' width='120' height='120'  title='Piscina SOLEO - A\u00e7o' alt='Constru\u00e7\u00e3o Piscina a\u00e7o SOLEO' \/><\/a> <a href='https:\/\/www.rppiscinas.com\/es\/wp-content\/uploads\/2014\/02\/construcao-aco-02.jpg' data-rel='gallery-1' data-prev-img='https:\/\/www.rppiscinas.com\/es\/wp-content\/uploads\/2014\/02\/construcao-aco-02-495x400.jpg' class='lightbox ' data-onclick='2' title='Torre Eifel (Paris)'  itemprop=\"thumbnailUrl\" ><img data-avia-tooltip='Torre Eifel (Paris)' src='https:\/\/www.rppiscinas.com\/es\/wp-content\/uploads\/2014\/02\/construcao-aco-02-120x120.jpg' width='120' height='120'  title='Constru\u00e7\u00e3o Piscina A\u00e7o' alt='Constru\u00e7\u00e3o Piscina A\u00e7o Soleo' \/><\/a> <a href='https:\/\/www.rppiscinas.com\/es\/wp-content\/uploads\/2014\/02\/construcao-aco-03.jpg' data-rel='gallery-1' data-prev-img='https:\/\/www.rppiscinas.com\/es\/wp-content\/uploads\/2014\/02\/construcao-aco-03-495x400.jpg' class='first_thumb lightbox ' data-onclick='3' title='Gare do Oriente (Lisboa)'  itemprop=\"thumbnailUrl\" ><img data-avia-tooltip='Gare do Oriente (Lisboa)' src='https:\/\/www.rppiscinas.com\/es\/wp-content\/uploads\/2014\/02\/construcao-aco-03-120x120.jpg' width='120' height='120'  title='Constru\u00e7\u00e3o de Piscina SOLEO' alt='Constru\u00e7\u00e3o de Piscina A\u00e7o SOLEO' \/><\/a> <a href='https:\/\/www.rppiscinas.com\/es\/wp-content\/uploads\/2014\/02\/construcao-aco-04.jpg' data-rel='gallery-1' data-prev-img='https:\/\/www.rppiscinas.com\/es\/wp-content\/uploads\/2014\/02\/construcao-aco-04-495x400.jpg' class='lightbox ' data-onclick='4' title='Burj Khalifa (Dubai)'  itemprop=\"thumbnailUrl\" ><img data-avia-tooltip='Burj Khalifa (Dubai)' src='https:\/\/www.rppiscinas.com\/es\/wp-content\/uploads\/2014\/02\/construcao-aco-04-120x120.jpg' width='120' height='120'  title='Constru\u00e7\u00e3o de piscina SOLEO' alt='' \/><\/a><\/div><\/div><\/div>\n","protected":false},"excerpt":{"rendered":"","protected":false},"author":1,"featured_media":0,"parent":0,"menu_order":0,"comment_status":"open","ping_status":"open","template":"","meta":[],"_links":{"self":[{"href":"https:\/\/www.rppiscinas.com\/es\/wp-json\/wp\/v2\/pages\/2974"}],"collection":[{"href":"https:\/\/www.rppiscinas.com\/es\/wp-json\/wp\/v2\/pages"}],"about":[{"href":"https:\/\/www.rppiscinas.com\/es\/wp-json\/wp\/v2\/types\/page"}],"author":[{"embeddable":true,"href":"https:\/\/www.rppiscinas.com\/es\/wp-json\/wp\/v2\/users\/1"}],"replies":[{"embeddable":true,"href":"https:\/\/www.rppiscinas.com\/es\/wp-json\/wp\/v2\/comments?post=2974"}],"version-history":[{"count":101,"href":"https:\/\/www.rppiscinas.com\/es\/wp-json\/wp\/v2\/pages\/2974\/revisions"}],"predecessor-version":[{"id":2981,"href":"https:\/\/www.rppiscinas.com\/es\/wp-json\/wp\/v2\/pages\/2974\/revisions\/2981"}],"wp:attachment":[{"href":"https:\/\/www.rppiscinas.com\/es\/wp-json\/wp\/v2\/media?parent=2974"}],"curies":[{"name":"wp","href":"https:\/\/api.w.org\/{rel}","templated":true}]}}