{"id":2908,"date":"2014-02-17T15:58:49","date_gmt":"2014-02-17T15:58:49","guid":{"rendered":"http:\/\/rppiscinas.com\/es\/?page_id=2908"},"modified":"2016-10-07T08:21:44","modified_gmt":"2016-10-07T08:21:44","slug":"construccion-de-piscinas","status":"publish","type":"page","link":"https:\/\/www.rppiscinas.com\/es\/construccion-de-piscinas\/","title":{"rendered":"Construcci\u00f3n de piscinas Soleo"},"content":{"rendered":"<div class=\"flex_column av_one_full  flex_column_div first  \" ><p><div class='avia-button-wrap avia-button-left '><a href='javascript:void(0)' class='avia-button   avia-icon_select-no avia-color-orange avia-size-small avia-position-left '   ><span class='avia_iconbox_title' >T\u00e9cnica<\/span><\/a><\/div><br \/>\n<div class='avia-button-wrap avia-button-left '><a href='https:\/\/www.rppiscinas.com\/es\/estructura-piscina-soleo\/' class='avia-button   avia-icon_select-no avia-color-theme-color avia-size-small avia-position-left '   ><span class='avia_iconbox_title' >Estructura<\/span><\/a><\/div><br \/>\n<div class='avia-button-wrap avia-button-left '><a href='https:\/\/www.rppiscinas.com\/es\/fondos-de-piscinas\/' class='avia-button   avia-icon_select-no avia-color-theme-color avia-size-small avia-position-left '   ><span class='avia_iconbox_title' >Fondos<\/span><\/a><\/div><br \/>\n<div class='avia-button-wrap avia-button-left '><a href='https:\/\/www.rppiscinas.com\/es\/liner-piscinas\/' class='avia-button   avia-icon_select-no avia-color-theme-color avia-size-small avia-position-left '   ><span class='avia_iconbox_title' >Liners<\/span><\/a><\/div><\/p><\/div>\n<div  class='hr hr-default  '><span class='hr-inner ' ><span class='hr-inner-style'><\/span><\/span><\/div>\n<div class=\"flex_column av_one_half  flex_column_div first  \" ><section class=\"av_textblock_section \"  itemscope=\"itemscope\" itemtype=\"https:\/\/schema.org\/CreativeWork\" ><div class='avia_textblock  '   itemprop=\"text\" ><h1 class=\"western\"><span style=\"color: #000000;\">Construcci\u00f3n de piscinas<\/span><\/h1>\n<h4 class=\"western\"><span style=\"color: #1692de;\">Soleo &#8211; Construcci\u00f3n de piscinas Simples, Robusta y R\u00e1pida<\/span><\/h4>\n<p style=\"text-align: justify;\">Soleo es un sistema <span lang=\"es-ES\">de <\/span><strong><span lang=\"es-ES\">construcci\u00f3n de piscinas<\/span><\/strong><span lang=\"es-ES\"> desarrollado por RP Industries que permite que en poco m\u00e1s de 3 d\u00edas se implemente una piscina cualquiera que sea la configuraci\u00f3n de su espacio.<\/span><\/p>\n<p style=\"text-align: justify;\">Especializada en el desarrollo y construcci\u00f3n de piscinas, RP Industries ha desarrollado este sistema capaz de combinar la fuerza de los paneles de acero y la resistencia del hormig\u00f3n a la elasticidad y la estanquidad del liner. Este concepto innovador de construcci\u00f3n evita los problemas t\u00edpicamente asociados con las t\u00e9cnicas tradicionales de construcci\u00f3n de piscinas de hormig\u00f3n.<\/p>\n<p><span id=\"result_box\" class=\"\" lang=\"es\">Las <strong>actividades s\u00edsmicas<\/strong>, la <strong>compactaci\u00f3n natural de la tierra<\/strong> y el <strong>rango de temperatura<\/strong> son fen\u00f3menos que el sistema Soleo esta preparado para soportar sin sufrir da\u00f1os. Todo gracias a su tecnolog\u00eda antis\u00edsmica <span class=\"\">y flexible<\/span>.<\/span><\/p>\n<\/div><\/section><\/div>\n<div class=\"flex_column av_one_half  flex_column_div av-zero-column-padding   \" style='border-radius:0px; '><section class=\"av_textblock_section \"  itemscope=\"itemscope\" itemtype=\"https:\/\/schema.org\/CreativeWork\" ><div class='avia_textblock  '   itemprop=\"text\" ><p><iframe loading=\"lazy\" src=\"https:\/\/www.youtube.com\/embed\/bLaBMOPgdnE\" width=\"440\" height=\"300\" frameborder=\"0\" allowfullscreen=\"allowfullscreen\"><\/iframe><\/p>\n<\/div><\/section><\/div><\/div><\/div><\/div><!-- close content main div --><\/div><\/div><div id='av_section_1' class='avia-section main_color avia-section-default avia-no-shadow avia-bg-style-scroll   container_wrap fullsize' style = 'background-color: #e0e0e0; '  ><div class='container' ><div class='template-page content  av-content-full alpha units'><div class='post-entry post-entry-type-page post-entry-2908'><div class='entry-content-wrapper clearfix'>\n<section class=\"av_textblock_section \"  itemscope=\"itemscope\" itemtype=\"https:\/\/schema.org\/CreativeWork\" ><div class='avia_textblock  '   itemprop=\"text\" ><h2 style=\"text-align: center;\"><span style=\"color: #000000;\">Instalaci\u00f3n a su medida<\/span><\/h2>\n<p style=\"text-align: center;\"><span id=\"result_box\" class=\"\" lang=\"es\">Con m\u00e1s de 20 <span class=\"\">a\u00f1os de experiencia<\/span> en el desarrollo y construcci\u00f3n de piscinas, RP Industries ha acumulado un amplio know-how que <span class=\"\">le permite ofrecer<\/span> 3 modos de instalaci\u00f3n de su modelo de piscina Soleo. <span class=\"\">Dependiendo del<\/span> modo seleccionado, se puede lograr un ahorro que en algunos casos puede llegar a los 50<span class=\"\">%<\/span>.<\/span><\/p>\n<\/div><\/section>\n<div class=\"flex_column av_one_third  flex_column_div first  \" ><article class=\"iconbox iconbox_top main_color    \"  itemscope=\"itemscope\" itemtype=\"https:\/\/schema.org\/CreativeWork\" ><div class=\"iconbox_content\"><header class=\"entry-content-header\"><div class=\"iconbox_icon heading-color \" aria-hidden='true' data-av_icon='\ue855' data-av_iconfont='entypo-fontello'  ><\/div><h3 class='iconbox_content_title '  itemprop=\"headline\"  >Kit Soleo<\/h3><\/header><div class='iconbox_content_container  '  itemprop=\"text\"  ><p><span id=\"result_box\" class=\"\" lang=\"es\">El <span class=\"\">manual de instalaci\u00f3n detallado<\/span> permite una instalaci\u00f3n r\u00e1pida y f\u00e1cil.<\/span><span id=\"result_box\" class=\"\" lang=\"es\"><br \/>\nPara aquellos <span class=\"\">que est\u00e1n familiarizados con<\/span> algunos procedimientos de bricolaje pueden hacer <span class=\"\">un ahorro considerable.<\/span><\/span><\/p>\n<\/div><\/div><footer class=\"entry-footer\"><\/footer><\/article><\/div><div class=\"flex_column av_one_third  flex_column_div av-zero-column-padding   \" style='border-radius:0px; '><article class=\"iconbox iconbox_top main_color    \"  itemscope=\"itemscope\" itemtype=\"https:\/\/schema.org\/CreativeWork\" ><div class=\"iconbox_content\"><header class=\"entry-content-header\"><div class=\"iconbox_icon heading-color \" aria-hidden='true' data-av_icon='\ue856' data-av_iconfont='entypo-fontello'  ><\/div><h3 class='iconbox_content_title '  itemprop=\"headline\"  >Coordenaci\u00f3n T\u00e9cnica<\/h3><\/header><div class='iconbox_content_container  '  itemprop=\"text\"  ><p><span id=\"result_box\" class=\"\" lang=\"es\"><span class=\"\">Esta modalidad que<\/span> RP Industries ofrece para la construcci\u00f3n de piscinas, permite al cliente obtener un <span class=\"\">asesoramiento t\u00e9cnico<\/span> durante las distintas etapas de la instalaci\u00f3n de la piscina.<\/span><\/p>\n<\/div><\/div><footer class=\"entry-footer\"><\/footer><\/article><\/div><div class=\"flex_column av_one_third  flex_column_div av-zero-column-padding   \" style='border-radius:0px; '><article class=\"iconbox iconbox_top main_color    \"  itemscope=\"itemscope\" itemtype=\"https:\/\/schema.org\/CreativeWork\" ><div class=\"iconbox_content\"><header class=\"entry-content-header\"><div class=\"iconbox_icon heading-color \" aria-hidden='true' data-av_icon='\ue8d7' data-av_iconfont='entypo-fontello'  ><\/div><h3 class='iconbox_content_title '  itemprop=\"headline\"  >Instalaci\u00f3n Completa<\/h3><\/header><div class='iconbox_content_container  '  itemprop=\"text\"  ><p><span id=\"result_box\" class=\"\" lang=\"es\">Con un equipo <span class=\"\">de profesionales especializados en<\/span> la construcci\u00f3n de piscinas, RP Industries le ofrece la posibilidad de adquirir <span class=\"\">su piscina con<\/span> un concepto llave en la <span class=\"\">mano.<\/span><\/span><\/p>\n<\/div><\/div><footer class=\"entry-footer\"><\/footer><\/article><\/div>\n<\/p>\n<div class=\"flex_column av_two_third  flex_column_div first  \" ><div class='avia-image-container  av-styling-    avia-align-center '  itemscope=\"itemscope\" itemtype=\"https:\/\/schema.org\/ImageObject\"  ><div class='avia-image-container-inner'><img class='avia_image ' src='http:\/\/rppiscinas.com\/es\/wp-content\/uploads\/2014\/02\/construcao-piscinas-soleo-01.jpg' alt='Constru\u00e7\u00e3o de piscinas SOLEO' title='SOLEO Constru\u00e7\u00e3o de piscinas'   itemprop=\"thumbnailUrl\"  \/><\/div><\/div><\/div>\n<div class=\"flex_column av_one_third  flex_column_div av-zero-column-padding   \" style='border-radius:0px; '><section class=\"av_textblock_section \"  itemscope=\"itemscope\" itemtype=\"https:\/\/schema.org\/CreativeWork\" ><div class='avia_textblock  '   itemprop=\"text\" ><h2><span style=\"color: #1692de;\">SENCILLEZ, RAPIDEZ<\/span><br \/>\n<span style=\"color: #1692de;\">Y ROBUSTEZ LLEVADAS AL EXTREMO<\/span><\/h2>\n<p><strong>1<\/strong> &#8211; Borde antideslizante<br \/>\n<strong>2<\/strong> &#8211; Rebosadero de soporte de borda<br \/>\n<strong>3<\/strong> &#8211; Toma limpiafondos<br \/>\n<strong>4<\/strong> &#8211; Estructura en acero<br \/>\n<strong>5<\/strong> &#8211; Sumnidero de fondo<br \/>\n<strong>6<\/strong> &#8211; Proyetor<br \/>\n<strong>7<\/strong> &#8211; Cajaa de conexi\u00f3n<br \/>\n<strong>8<\/strong> &#8211; Cuadro el\u00e9ctrico<br \/>\n<strong>9\u00a0&#8211;<\/strong>\u00a0Skimmer<br \/>\n<strong>10<\/strong> &#8211; Filtro<br \/>\n<strong>11<\/strong> &#8211; Bomba<br \/>\n<strong>12<\/strong> &#8211; Soporte em acero para borde<br \/>\n<strong>13<\/strong> &#8211; Puntales en acero<br \/>\n<strong>14<\/strong> &#8211; Boquillas de implosi\u00f3n<br \/>\n<strong>15<\/strong> &#8211; Tuber\u00edas<br \/>\n<strong>16<\/strong> &#8211; Liner<br \/>\n<strong>17<\/strong> &#8211; Base en hormig\u00f3n con mallazo<\/p>\n<\/div><\/section><\/div>\n<div  class='hr hr-default  '><span class='hr-inner ' ><span class='hr-inner-style'><\/span><\/span><\/div>\n<div class=\"flex_column av_one_full  flex_column_div first  \" ><section class=\"av_textblock_section \"  itemscope=\"itemscope\" itemtype=\"https:\/\/schema.org\/CreativeWork\" ><div class='avia_textblock  '   itemprop=\"text\" ><h4>2 SOLUCIONES PARA LA FIJACI\u00d3N DE LA ESTRUCTURA<\/h4>\n<p><span id=\"result_box\" class=\"\" lang=\"es\"><span class=\"\">El sistema de construci\u00f3n de<\/span> piscinas Soleo fue desarrollado para proporcionar <span class=\"\">una instalaci\u00f3n<\/span> <span class=\"\">sencilla,<\/span> robusta y r\u00e1pida. En el momento realizar la fijaci\u00f3n de la estructura de <span class=\"\">la losa de hormig\u00f3n<\/span>, el instalador tiene de elegir una de dos soluciones distintas. Recien presentada <span class=\"\">al mercado<\/span>, la soluci\u00f3n 2 fue desarrollado especialmente para proporcionar una <span class=\"\">fijaci\u00f3n m\u00e1s<\/span> <span class=\"\">sencilla y<\/span> r\u00e1pida como una alternativa a la soluci\u00f3n m\u00e1s tradicional (1).<\/span><\/p>\n<\/div><\/section><\/div>\n<div class=\"flex_column av_one_half  flex_column_div first  \" ><section class=\"av_textblock_section \"  itemscope=\"itemscope\" itemtype=\"https:\/\/schema.org\/CreativeWork\" ><div class='avia_textblock  '   itemprop=\"text\" ><h4>SOLUCI\u00d3N 1<\/h4>\n<p>Fijaci\u00f3n tradicional de los paneles en la base a trav\u00e9s de una cinta de hormig\u00f3n con +\/- 30 cm de espesor en todo el per\u00edmetro.<\/p>\n<\/div><\/section><br \/>\n<div class='avia-image-container  av-styling-    avia-align-center '  itemscope=\"itemscope\" itemtype=\"https:\/\/schema.org\/ImageObject\"  ><div class='avia-image-container-inner'><img class='avia_image ' src='http:\/\/rppiscinas.com\/es\/wp-content\/uploads\/2014\/02\/construcao_piscinas_00.jpg' alt='Constru\u00e7\u00e3o de piscinas SOLEO' title='SOLEO - Constru\u00e7\u00e3o de piscinas'   itemprop=\"thumbnailUrl\"  \/><\/div><\/div><\/p><\/div>\n<div class=\"flex_column av_one_half  flex_column_div av-zero-column-padding   \" style='border-radius:0px; '><section class=\"av_textblock_section \"  itemscope=\"itemscope\" itemtype=\"https:\/\/schema.org\/CreativeWork\" ><div class='avia_textblock  '   itemprop=\"text\" ><h4>SOLUCI\u00d3N 2<\/h4>\n<p>Fijaci\u00f3n de los refuerzos y de los paneles en la base a trav\u00e9s de tornillos y tacos qu\u00edmicos y acabado junto de los paneles con una cinta de hormig\u00f3n de 1o cm.<\/p>\n<\/div><\/section><br \/>\n<div class='avia-image-container  av-styling-    avia-align-center '  itemscope=\"itemscope\" itemtype=\"https:\/\/schema.org\/ImageObject\"  ><div class='avia-image-container-inner'><img class='avia_image ' src='http:\/\/rppiscinas.com\/es\/wp-content\/uploads\/2014\/02\/construcao-piscinas-01.jpg' alt='Constru\u00e7\u00e3o de piscinas SOLEO' title='SOLEO - Constru\u00e7\u00e3o de piscinas'   itemprop=\"thumbnailUrl\"  \/><\/div><\/div><\/p><\/div>\n<div class=\"flex_column av_one_full  flex_column_div first  \" ><\/div>\n","protected":false},"excerpt":{"rendered":"","protected":false},"author":1,"featured_media":0,"parent":0,"menu_order":0,"comment_status":"open","ping_status":"open","template":"","meta":[],"_links":{"self":[{"href":"https:\/\/www.rppiscinas.com\/es\/wp-json\/wp\/v2\/pages\/2908"}],"collection":[{"href":"https:\/\/www.rppiscinas.com\/es\/wp-json\/wp\/v2\/pages"}],"about":[{"href":"https:\/\/www.rppiscinas.com\/es\/wp-json\/wp\/v2\/types\/page"}],"author":[{"embeddable":true,"href":"https:\/\/www.rppiscinas.com\/es\/wp-json\/wp\/v2\/users\/1"}],"replies":[{"embeddable":true,"href":"https:\/\/www.rppiscinas.com\/es\/wp-json\/wp\/v2\/comments?post=2908"}],"version-history":[{"count":74,"href":"https:\/\/www.rppiscinas.com\/es\/wp-json\/wp\/v2\/pages\/2908\/revisions"}],"predecessor-version":[{"id":5276,"href":"https:\/\/www.rppiscinas.com\/es\/wp-json\/wp\/v2\/pages\/2908\/revisions\/5276"}],"wp:attachment":[{"href":"https:\/\/www.rppiscinas.com\/es\/wp-json\/wp\/v2\/media?parent=2908"}],"curies":[{"name":"wp","href":"https:\/\/api.w.org\/{rel}","templated":true}]}}