{"id":2876,"date":"2014-02-17T13:56:26","date_gmt":"2014-02-17T13:56:26","guid":{"rendered":"http:\/\/rppiscinas.com\/es\/?page_id=2876"},"modified":"2016-10-03T09:33:32","modified_gmt":"2016-10-03T09:33:32","slug":"piscina-en-acero-overflow","status":"publish","type":"page","link":"https:\/\/www.rppiscinas.com\/es\/piscina-en-acero-overflow\/","title":{"rendered":"Piscina en acero Overflow"},"content":{"rendered":"<div class='avia-button-wrap avia-button-left '><a href='https:\/\/www.rppiscinas.com\/es\/canaleta-finlandesa\/' class='avia-button   avia-icon_select-no avia-color-theme-color avia-size-small avia-position-left '   ><span class='avia_iconbox_title' >T\u00e9cnica<\/span><\/a><\/div>\n<div class='avia-button-wrap avia-button-left '><a href='https:\/\/www.rppiscinas.com\/es\/estructura-piscina-oveflow\/' class='avia-button   avia-icon_select-no avia-color-theme-color avia-size-small avia-position-left '   ><span class='avia_iconbox_title' >Estrutura<\/span><\/a><\/div>\n<div class='avia-button-wrap avia-button-left '><a href='https:\/\/www.rppiscinas.com\/es\/modelos-de-piscinas-fondos\/' class='avia-button   avia-icon_select-no avia-color-theme-color avia-size-small avia-position-left '   ><span class='avia_iconbox_title' >Fondos<\/span><\/a><\/div>\n<div class='avia-button-wrap avia-button-left '><a href='https:\/\/www.rppiscinas.com\/es\/liner-piscinas\/' class='avia-button   avia-icon_select-no avia-color-theme-color avia-size-small avia-position-left '   ><span class='avia_iconbox_title' >Liner<\/span><\/a><\/div>\n<div  class='hr hr-default  '><span class='hr-inner ' ><span class='hr-inner-style'><\/span><\/span><\/div>\n<div class=\"flex_column av_one_full  flex_column_div first  \" ><section class=\"av_textblock_section \"  itemscope=\"itemscope\" itemtype=\"https:\/\/schema.org\/CreativeWork\" ><div class='avia_textblock  '   itemprop=\"text\" ><h1>PISCINA EN ACERO SOLEO OVERFLOW &#8211; CANALETA FINLANDESA<\/h1>\n<p><strong>Piscina en acero<\/strong> Soleo Overflow es resultado de un m\u00e9todo de construcci\u00f3n de piscinas desarrollado y patenteado por RP INDUSTRIES. Este sistema \u00a0innovador permite la realizaci\u00f3n de una piscina de acero con el sistema de <strong>canaleta finlandesa<\/strong>, com revestimiento en liner 75\/100, l\u00e1mina armada 150\/100 o gresite.<\/p>\n<\/div><\/section><\/div>\n<div class=\"flex_column av_one_full  flex_column_div av-zero-column-padding first  \" style='border-radius:0px; '><div class=' grid-sort-container isotope   no_margin-container with-excerpt-container grid-total-even grid-col-4 grid-links-' data-portfolio-id='1'><div data-ajax-id='2878' class=' grid-entry flex_column isotope-item all_sort no_margin post-entry post-entry-2878 grid-entry-overview grid-loop-1 grid-parity-odd  piscinas-overflow_sort  av_one_fourth first default_av_fullwidth '><article class='main_color inner-entry'  itemscope=\"itemscope\" itemtype=\"https:\/\/schema.org\/CreativeWork\" ><a href='https:\/\/www.rppiscinas.com\/es\/portfolio-item\/dubai\/' title='Dubai'  data-rel='grid-1' class='grid-image avia-hover-fx'><img width=\"257\" height=\"183\" src=\"https:\/\/www.rppiscinas.com\/es\/wp-content\/uploads\/2014\/02\/piscinas-soleo-overlow-dubai-destaque.jpg\" class=\"attachment-portfolio_small size-portfolio_small wp-post-image\" alt=\"Piscinas SOLEO Overflow Dubai\" decoding=\"async\" loading=\"lazy\" \/><\/a><div class='grid-content'><div class='avia-arrow'><\/div><header class=\"entry-content-header\"><h3 class='grid-entry-title entry-title'  itemprop=\"headline\" ><a href='https:\/\/www.rppiscinas.com\/es\/portfolio-item\/dubai\/' title='Dubai'>Dubai<\/a><\/h3><\/header><\/div><footer class=\"entry-footer\"><\/footer><\/article><\/div><div data-ajax-id='2885' class=' grid-entry flex_column isotope-item all_sort no_margin post-entry post-entry-2885 grid-entry-overview grid-loop-2 grid-parity-even  piscinas-overflow_sort  av_one_fourth  default_av_fullwidth '><article class='main_color inner-entry'  itemscope=\"itemscope\" itemtype=\"https:\/\/schema.org\/CreativeWork\" ><a href='https:\/\/www.rppiscinas.com\/es\/portfolio-item\/veneza\/' title='Veneza'  data-rel='grid-1' class='grid-image avia-hover-fx'><img width=\"257\" height=\"183\" src=\"https:\/\/www.rppiscinas.com\/es\/wp-content\/uploads\/2014\/02\/piscinas-soleo-overflow-veneza-destaque.jpg\" class=\"attachment-portfolio_small size-portfolio_small wp-post-image\" alt=\"Piscinas SOLEO Overflow Veneza\" decoding=\"async\" loading=\"lazy\" \/><\/a><div class='grid-content'><div class='avia-arrow'><\/div><header class=\"entry-content-header\"><h3 class='grid-entry-title entry-title'  itemprop=\"headline\" ><a href='https:\/\/www.rppiscinas.com\/es\/portfolio-item\/veneza\/' title='Veneza'>Veneza<\/a><\/h3><\/header><\/div><footer class=\"entry-footer\"><\/footer><\/article><\/div><div data-ajax-id='2890' class=' grid-entry flex_column isotope-item all_sort no_margin post-entry post-entry-2890 grid-entry-overview grid-loop-3 grid-parity-odd  piscinas-overflow_sort  av_one_fourth  default_av_fullwidth '><article class='main_color inner-entry'  itemscope=\"itemscope\" itemtype=\"https:\/\/schema.org\/CreativeWork\" ><a href='https:\/\/www.rppiscinas.com\/es\/portfolio-item\/roma\/' title='Roma'  data-rel='grid-1' class='grid-image avia-hover-fx'><img width=\"257\" height=\"183\" src=\"https:\/\/www.rppiscinas.com\/es\/wp-content\/uploads\/2014\/02\/piscinas-overflow-roma-destaque.jpg\" class=\"attachment-portfolio_small size-portfolio_small wp-post-image\" alt=\"\" decoding=\"async\" loading=\"lazy\" \/><\/a><div class='grid-content'><div class='avia-arrow'><\/div><header class=\"entry-content-header\"><h3 class='grid-entry-title entry-title'  itemprop=\"headline\" ><a href='https:\/\/www.rppiscinas.com\/es\/portfolio-item\/roma\/' title='Roma'>Roma<\/a><\/h3><\/header><\/div><footer class=\"entry-footer\"><\/footer><\/article><\/div><div data-ajax-id='2893' class=' grid-entry flex_column isotope-item all_sort no_margin post-entry post-entry-2893 grid-entry-overview grid-loop-4 grid-parity-even  post-entry-last  piscinas-overflow_sort  av_one_fourth  default_av_fullwidth '><article class='main_color inner-entry'  itemscope=\"itemscope\" itemtype=\"https:\/\/schema.org\/CreativeWork\" ><a href='https:\/\/www.rppiscinas.com\/es\/portfolio-item\/goa\/' title='Goa'  data-rel='grid-1' class='grid-image avia-hover-fx'><img width=\"257\" height=\"183\" src=\"https:\/\/www.rppiscinas.com\/es\/wp-content\/uploads\/2014\/02\/piscinas-overflow-goa-destaque.jpg\" class=\"attachment-portfolio_small size-portfolio_small wp-post-image\" alt=\"Piscinas SOLEO Overflow Goa\" decoding=\"async\" loading=\"lazy\" \/><\/a><div class='grid-content'><div class='avia-arrow'><\/div><header class=\"entry-content-header\"><h3 class='grid-entry-title entry-title'  itemprop=\"headline\" ><a href='https:\/\/www.rppiscinas.com\/es\/portfolio-item\/goa\/' title='Goa'>Goa<\/a><\/h3><\/header><\/div><footer class=\"entry-footer\"><\/footer><\/article><\/div><\/div><\/div>\n<div  class='hr hr-short hr-center  '><span class='hr-inner ' ><span class='hr-inner-style'><\/span><\/span><\/div>\n<div  class='hr hr-default  '><span class='hr-inner ' ><span class='hr-inner-style'><\/span><\/span><\/div>\n<div class=\"flex_column av_one_full  flex_column_div first  \" ><section class=\"av_textblock_section \"  itemscope=\"itemscope\" itemtype=\"https:\/\/schema.org\/CreativeWork\" ><div class='avia_textblock  '   itemprop=\"text\" ><p><strong>PISCINA EN ACERO SOLEO OVERFLOW &#8211; SISTEMA PATENTEADO<\/strong><\/p>\n<p><span id=\"result_box\" class=\"\" lang=\"es\"><span title=\"Mais do que uma novidade, esta inova\u00e7\u00e3o tecnol\u00f3gica desenvolvida pela RP INDUSTRIES em exclusivo para as piscinas SOLEO ir\u00e1 mudar por completo a sua forma de ver uma piscina.\">M\u00e1s que una novedad, esta innovaci\u00f3n tecnol\u00f3gica desarrollada por RP Industrias exclusivamente para las <strong>piscinas Soleo<\/strong> va a cambiar completamente la forma en que se ve una piscina. <\/span><span title=\"Na realidade, o novo perfil HUNG em alum\u00ednio aplicado \u00e0 fixa\u00e7\u00e3o especial do liner permite obter uma piscina de a\u00e7o em espelho de \u00e1gua de grande beleza est\u00e9tica.\">En realidad, el nuevo perfil HUNG de aluminio aplicado a la fijaci\u00f3n especial del liner permite obtener una <strong>piscina en acero<\/strong> con espejo de agua de gran belleza est\u00e9tica. <\/span><span title=\"\u00c9 gra\u00e7as a esta inova\u00e7\u00e3o tecnol\u00f3gica da fixa\u00e7\u00e3o do liner e das caleiras em a\u00e7o revestidas em PVC que \u00e9 poss\u00edvel a constru\u00e7\u00e3o de uma piscina de a\u00e7o OVERFLOW em apenas 3 a 4 dias. \">Gracias a esta innovaci\u00f3n tecnol\u00f3gica de fijaci\u00f3n del liner y de las canaletas en acero recubierto de PVC, es posible la construcci\u00f3n de una <strong>piscina en acero Overflow<\/strong> en tan s\u00f3lo 3 a 4 d\u00edas.<\/span><\/span><\/p>\n<p><span title=\"A tecnologia utilizada na piscina de a\u00e7o OVERFLOW baseia-se no conceito SOLEO (a\u00e7o + bet\u00e3o + liner), o que permite evitar os problemas normalmente associados \u00e0s t\u00e9cnicas tradicionais de bet\u00e3o, que obrigam a manuten\u00e7\u00f5es e repara\u00e7\u00f5es regulares, implicando custos elevados e de durabilidade\">La tecnolog\u00eda utilizada en la piscina en acero Overflow se basa en el concepto Soleo (acero + hormig\u00f3n + liner), que evita los problemas t\u00edpicamente asociados con las t\u00e9cnicas tradicionales de hormig\u00f3n, que requieren mantenimiento y reparaciones regulares, lo que resulta en altos costos y durabilidad <\/span><span title=\"reduzida. \">reducida.<\/span><\/p>\n<p><span title=\"Al\u00e9m disso, as atividades s\u00edsmicas, a compacta\u00e7\u00e3o natural das terras e a amplitude t\u00e9rmica s\u00e3o fen\u00f3menos que a estrutura SOLEO suporta sem sofrer danos, tudo gra\u00e7as \u00e0 sua tecnologia antiss\u00edsmica e flex\u00edvel.\">Adem\u00e1s, la actividad s\u00edsmica, la compactaci\u00f3n natural de la tierra y el rango de temperatura son fen\u00f3menos que la estructura Soleo\u00a0soporta sin sufrir da\u00f1os, todo ello gracias a su tecnolog\u00eda antis\u00edsmica y flexible.<\/span><\/p>\n<\/div><\/section><\/div>\n","protected":false},"excerpt":{"rendered":"","protected":false},"author":1,"featured_media":0,"parent":0,"menu_order":0,"comment_status":"open","ping_status":"open","template":"","meta":[],"_links":{"self":[{"href":"https:\/\/www.rppiscinas.com\/es\/wp-json\/wp\/v2\/pages\/2876"}],"collection":[{"href":"https:\/\/www.rppiscinas.com\/es\/wp-json\/wp\/v2\/pages"}],"about":[{"href":"https:\/\/www.rppiscinas.com\/es\/wp-json\/wp\/v2\/types\/page"}],"author":[{"embeddable":true,"href":"https:\/\/www.rppiscinas.com\/es\/wp-json\/wp\/v2\/users\/1"}],"replies":[{"embeddable":true,"href":"https:\/\/www.rppiscinas.com\/es\/wp-json\/wp\/v2\/comments?post=2876"}],"version-history":[{"count":17,"href":"https:\/\/www.rppiscinas.com\/es\/wp-json\/wp\/v2\/pages\/2876\/revisions"}],"predecessor-version":[{"id":5090,"href":"https:\/\/www.rppiscinas.com\/es\/wp-json\/wp\/v2\/pages\/2876\/revisions\/5090"}],"wp:attachment":[{"href":"https:\/\/www.rppiscinas.com\/es\/wp-json\/wp\/v2\/media?parent=2876"}],"curies":[{"name":"wp","href":"https:\/\/api.w.org\/{rel}","templated":true}]}}