{"id":2621,"date":"2014-02-07T15:51:08","date_gmt":"2014-02-07T15:51:08","guid":{"rendered":"http:\/\/rppiscinas.com\/es\/?page_id=2621"},"modified":"2016-10-03T09:10:20","modified_gmt":"2016-10-03T09:10:20","slug":"piscinas-en-kit","status":"publish","type":"page","link":"https:\/\/www.rppiscinas.com\/es\/piscinas-en-kit\/","title":{"rendered":"Piscinas en kit"},"content":{"rendered":"<div id='layer_slider_1' class='avia-layerslider main_color avia-shadow  container_wrap fullsize'    style='height: 151px;' ><\/div>\n<div class=\"flex_column av_one_full  flex_column_div first  \" ><section class=\"av_textblock_section \"  itemscope=\"itemscope\" itemtype=\"https:\/\/schema.org\/CreativeWork\" ><div class='avia_textblock  '   itemprop=\"text\" ><h1 style=\"text-align: center;\">PISCINAS EN KIT DE ACERO SOLEO,<br \/>\nLA TECNOLOGIA QUE HACE TODO POSSIBLE.<\/h1>\n<p style=\"text-align: center;\"><strong>Piscinas en kit de acero<\/strong> <span id=\"result_box\" class=\"\" lang=\"es\">con el uso de la \u00faltima tecnolog\u00eda. Cualquiera que sea la configuraci\u00f3n y la naturaleza del terreno: plano, c\u00f3ncavo, <span class=\"\">con<\/span> <span class=\"\">empinadas<\/span>, en terrazas o incluso con una fuente de agua, <span class=\"\">es siempre<\/span> <span class=\"\">posible la instalaci\u00f3n<\/span><\/span> de <strong>piscinas en kit Soleo<\/strong>.<br \/>\n<span id=\"result_box\" class=\"\" lang=\"es\"><\/span><\/p>\n<p style=\"text-align: center;\"><span id=\"result_box\" class=\"\" lang=\"es\">La amplia gama de modelos Soleo permite encontrar la piscina perfecta para usted<span class=\"\">.<\/span><\/span><\/p>\n<p style=\"text-align: center;\"><span id=\"result_box\" class=\"\" lang=\"es\"><span class=\"\">\u00a0<\/span><\/span><\/p>\n<\/div><\/section><\/div>\n<div class=\"flex_column av_one_third  flex_column_div first  \" ><section class=\"av_textblock_section \"  itemscope=\"itemscope\" itemtype=\"https:\/\/schema.org\/CreativeWork\" ><div class='avia_textblock  '   itemprop=\"text\" ><h4>PISCINAS EN KIT SOLEO<\/h4>\n<\/div><\/section><br \/>\n<div class='avia-image-container  av-styling-    avia-align-center '  itemscope=\"itemscope\" itemtype=\"https:\/\/schema.org\/ImageObject\"  ><div class='avia-image-container-inner'><a href='https:\/\/www.rppiscinas.com\/es\/piscinas-en-acero\/' class='avia_image'  ><img class='avia_image ' src='http:\/\/rppiscinas.com\/es\/wp-content\/uploads\/2014\/02\/piscinas-em-kit-soleo-skimmer1.jpg' alt='Piscinas em kit SOLEO Skimmer' title='Piscinas em kit SOLEO '  itemprop=\"thumbnailUrl\"  \/><\/a><\/div><\/div><br \/>\n<section class=\"av_textblock_section \"  itemscope=\"itemscope\" itemtype=\"https:\/\/schema.org\/CreativeWork\" ><div class='avia_textblock  '   itemprop=\"text\" ><h4>Piscinas en kit con el acero m\u00e1s resistente del mercado.<\/h4>\n<p>Innovadoras y exclusivas, las piscinas em kit Soleo cuentan con una fuerza y una durabilidad superiores a las t\u00e9cnicas convencionales de construcci\u00f3n de piscinas.<\/p>\n<\/div><\/section><br \/>\n<div class='avia-button-wrap avia-button-left '><a href='https:\/\/www.rppiscinas.com\/es\/piscinas-en-acero\/' class='avia-button   avia-icon_select-no avia-color-theme-color avia-size-small avia-position-left '   ><span class='avia_iconbox_title' >Saber m\u00e1s<\/span><\/a><\/div><\/p><\/div>\n<div class=\"flex_column av_one_third  flex_column_div av-zero-column-padding   \" style='border-radius:0px; '><section class=\"av_textblock_section \"  itemscope=\"itemscope\" itemtype=\"https:\/\/schema.org\/CreativeWork\" ><div class='avia_textblock  '   itemprop=\"text\" ><h4>PISCINAS EN KIT OVERFLOW<\/h4>\n<h4><\/h4>\n<\/div><\/section><br \/>\n<div class='avia-image-container  av-styling-    avia-align-center '  itemscope=\"itemscope\" itemtype=\"https:\/\/schema.org\/ImageObject\"  ><div class='avia-image-container-inner'><a href='https:\/\/www.rppiscinas.com\/es\/piscina-en-acero-overflow\/' class='avia_image'  ><img class='avia_image ' src='http:\/\/rppiscinas.com\/es\/wp-content\/uploads\/2014\/02\/piscinas-em-kit-soleo-overflow1.jpg' alt='piscinas em kit SOLEO Overflow' title='Piscinas em kit SOLEO'  itemprop=\"thumbnailUrl\"  \/><\/a><\/div><\/div><br \/>\n<section class=\"av_textblock_section \"  itemscope=\"itemscope\" itemtype=\"https:\/\/schema.org\/CreativeWork\" ><div class='avia_textblock  '   itemprop=\"text\" ><h4>La belleza incomparable de una piscina con espejo de agua.<\/h4>\n<p>Sistema exclusivo, desarrollado y patentado por RP Industries <span id=\"result_box\" class=\"\" lang=\"es\"><span class=\"\">que permite hacer<\/span> accesible a todos la construcci\u00f3n de una piscina con canaleta <span class=\"\">finlandesa.<\/span><\/span><\/p>\n<\/div><\/section><br \/>\n<div class='avia-button-wrap avia-button-left '><a href='https:\/\/www.rppiscinas.com\/es\/piscina-en-acero-overflow\/' class='avia-button   avia-icon_select-no avia-color-theme-color avia-size-small avia-position-left '   ><span class='avia_iconbox_title' >Saber m\u00e1s<\/span><\/a><\/div><\/p><\/div>\n<div class=\"flex_column av_one_third  flex_column_div av-zero-column-padding   \" style='border-radius:0px; '><section class=\"av_textblock_section \"  itemscope=\"itemscope\" itemtype=\"https:\/\/schema.org\/CreativeWork\" ><div class='avia_textblock  '   itemprop=\"text\" ><h4>PISCINAS EN KIT INFINITY<\/h4>\n<h4><\/h4>\n<\/div><\/section><br \/>\n<div class='avia-image-container  av-styling-    avia-align-center '  itemscope=\"itemscope\" itemtype=\"https:\/\/schema.org\/ImageObject\"  ><div class='avia-image-container-inner'><img class='avia_image ' src='http:\/\/rppiscinas.com\/es\/wp-content\/uploads\/2014\/02\/piscinas-em-kit-soleo-infinity1.jpg' alt='Piscinas em kit SOLEO Infinity' title='Piscinas em kit SOLEO'   itemprop=\"thumbnailUrl\"  \/><\/div><\/div><br \/>\n<section class=\"av_textblock_section \"  itemscope=\"itemscope\" itemtype=\"https:\/\/schema.org\/CreativeWork\" ><div class='avia_textblock  '   itemprop=\"text\" ><h4><span id=\"result_box\" class=\"\" lang=\"es\">Una piscina en kit de transbordo con vista al <span class=\"\">infinito.<\/span><\/span><\/h4>\n<p><span id=\"result_box\" class=\"\" lang=\"es\">Con la adopci\u00f3n de la tecnolog\u00eda Soleo<span class=\"\">, la gama de<\/span> piscinas en kit Soleo Infinity permite resultados est\u00e9ticos impresionantes, lo que resulta en verdaderas <span class=\"\">obras de arte.<\/span><\/span><\/p>\n<\/div><\/section><br \/>\n<div class='avia-button-wrap avia-button-left '><a href='https:\/\/www.rppiscinas.com\/es\/piscina-infinity\/' class='avia-button   avia-icon_select-no avia-color-theme-color avia-size-small avia-position-left '   ><span class='avia_iconbox_title' >Saber m\u00e1s<\/span><\/a><\/div><\/p><\/div>\n<div  class='hr hr-default  '><span class='hr-inner ' ><span class='hr-inner-style'><\/span><\/span><\/div>\n<div class=\"flex_column av_one_full  flex_column_div first  \" ><\/div>\n<section class=\"av_textblock_section \"  itemscope=\"itemscope\" itemtype=\"https:\/\/schema.org\/CreativeWork\" ><div class='avia_textblock  '   itemprop=\"text\" ><h2 style=\"text-align: center;\">EL MUNDO CAMBIA, LAS PISCINAS TAMBI\u00c9N<\/h2>\n<div id=\"gt-res-c\" class=\"g-unit\">\n<div id=\"gt-res-p\">\n<div id=\"gt-res-data\">\n<div id=\"gt-res-wrap\">\n<div id=\"gt-res-content\">\n<div dir=\"ltr\" style=\"text-align: center;\"><span id=\"result_box\" class=\"\" lang=\"es\">Como todo en la vida, tambi\u00e9n las t\u00e9cnicas de construcci\u00f3n de piscinas han evolucionado. Hoy en d\u00eda, el sue\u00f1o est\u00e1 a nuestro alcance mucho m\u00e1s r\u00e1pido, m\u00e1s barato y menos complicado. Las <strong>piscinas en kit Soleo<\/strong> combinan la fuerza de los <strong>paneles de acero<\/strong> y la <span class=\"\">resistencia del <strong>hormig\u00f3n<\/strong><\/span> a la elasticidad y la estanquidad del <strong>liner<\/strong>. Resistente a la actividad <span class=\"\">s\u00edsmica<\/span> y a las movimentaciones del suelo, las piscinas en kit <strong>Soleo<\/strong> utilizan tecnolog\u00eda avanzada que permite una construcci\u00f3n simple y robusta<span class=\"\">.<\/span><\/span><\/div>\n<\/div>\n<\/div>\n<\/div>\n<\/div>\n<\/div>\n<\/div><\/section>\n<\/div><\/div><\/div><!-- close content main div --><\/div><\/div><div id='av_section_1' class='avia-section main_color avia-section-default avia-no-shadow avia-full-stretch avia-bg-style-fixed   container_wrap fullsize' style = 'background-color: #528cbf; background-repeat: no-repeat; background-image: url(http:\/\/rppiscinas.com\/es\/wp-content\/uploads\/2014\/02\/piscinas-em-kit-soleo-Background.jpg); background-attachment: fixed; background-position: top left; ' data-section-bg-repeat='stretch' ><div class='container' ><div class='template-page content  av-content-full alpha units'><div class='post-entry post-entry-type-page post-entry-2621'><div class='entry-content-wrapper clearfix'>\n<section class=\"av_textblock_section \"  itemscope=\"itemscope\" itemtype=\"https:\/\/schema.org\/CreativeWork\" ><div class='avia_textblock  '   itemprop=\"text\" ><h1 style=\"text-align: center;\"><span style=\"color: #ffffff;\">Resistencia, durabilidad y est\u00e9tica<\/span><\/h1>\n<\/div><\/section>\n<div class=\"flex_column av_one_third  flex_column_div first  \" ><article class=\"iconbox iconbox_top main_color    \"  itemscope=\"itemscope\" itemtype=\"https:\/\/schema.org\/CreativeWork\" ><div class=\"iconbox_content\"><header class=\"entry-content-header\"><div class=\"iconbox_icon heading-color \" aria-hidden='true' data-av_icon='\ue817' data-av_iconfont='entypo-fontello'  ><\/div><h3 class='iconbox_content_title '  itemprop=\"headline\"  >RESISTENCIA SUPERIOR<\/h3><\/header><div class='iconbox_content_container  '  itemprop=\"text\"  ><p>La gama de <span id=\"result_box\" class=\"\" lang=\"es\"><span class=\"\">piscinas en<\/span> <span class=\"\">kit Soleo<\/span> <span class=\"\">utiliza como<\/span><span class=\"\"> estructura el acero<\/span> m\u00e1s resistente utilizado en la construcci\u00f3n de <span class=\"\">piscinas.<\/span><\/span><\/p>\n<\/div><\/div><footer class=\"entry-footer\"><\/footer><\/article><\/div><div class=\"flex_column av_one_third  flex_column_div av-zero-column-padding   \" style='border-radius:0px; '><article class=\"iconbox iconbox_top main_color    \"  itemscope=\"itemscope\" itemtype=\"https:\/\/schema.org\/CreativeWork\" ><div class=\"iconbox_content\"><header class=\"entry-content-header\"><div class=\"iconbox_icon heading-color \" aria-hidden='true' data-av_icon='\ue81e' data-av_iconfont='entypo-fontello'  ><\/div><h3 class='iconbox_content_title '  itemprop=\"headline\"  >R\u00c1PIDA INDSTALACI\u00d3N<\/h3><\/header><div class='iconbox_content_container  '  itemprop=\"text\"  ><p><span id=\"result_box\" class=\"\" lang=\"es\">Las piscinas en kit Soleo permiten una instalaci\u00f3n r\u00e1pida y sencilla evitando los inconvenientes de las grandes obras<span class=\"\">.<\/span><\/span><\/p>\n<\/div><\/div><footer class=\"entry-footer\"><\/footer><\/article><\/div><div class=\"flex_column av_one_third  flex_column_div av-zero-column-padding   \" style='border-radius:0px; '><article class=\"iconbox iconbox_top main_color    \"  itemscope=\"itemscope\" itemtype=\"https:\/\/schema.org\/CreativeWork\" ><div class=\"iconbox_content\"><header class=\"entry-content-header\"><div class=\"iconbox_icon heading-color \" aria-hidden='true' data-av_icon='\ue82b' data-av_iconfont='entypo-fontello'  ><\/div><h3 class='iconbox_content_title '  itemprop=\"headline\"  >CALIDAD EST\u00c9TICA<\/h3><\/header><div class='iconbox_content_container  '  itemprop=\"text\"  ><p><span id=\"result_box\" class=\"\" lang=\"es\">Los patrones disponibles para eL revestimiento en liner o l\u00e1mina armada garantizar\u00e1n la calidad est\u00e9tica de <span class=\"\">su piscina.<\/span><\/span><\/p>\n<\/div><\/div><footer class=\"entry-footer\"><\/footer><\/article><\/div><section class=\"av_textblock_section \"  itemscope=\"itemscope\" itemtype=\"https:\/\/schema.org\/CreativeWork\" ><div class='avia_textblock  '   itemprop=\"text\" ><h2 style=\"text-align: center;\">CONSEJOS<span id=\"result_box\" class=\"\" lang=\"es\"><\/span><br \/>\n<span id=\"result_box\" class=\"\" lang=\"es\"><\/span><\/h2>\n<p style=\"text-align: center;\"><span id=\"result_box\" class=\"\" lang=\"es\">Antes de realizar la inversi\u00f3n de su vida es de suma importancia la consulta de varios presupuestos y recordar que hay que tener en cuenta como va a utilizar la piscina. Al elegir su piscina tambi\u00e9n hay que tener en cuenta la vegetaci\u00f3n y el terreno.<\/span><\/p>\n<p style=\"text-align: center;\">Es esencial que la piscina est\u00e9 perfectamente enmarcada en el ambiente que lo rodea, por lo que a la hora de elegir el modelo tambi\u00e9n debe pensar en los materiales que lo rodean, as\u00ed como el color <span class=\"\">del<\/span> recubrimiento en liner o l\u00e1mina armada.<\/p>\n<p style=\"text-align: center;\">Piense en los futuros usuarios.<\/p>\n<\/div><\/section><\/p>\n","protected":false},"excerpt":{"rendered":"","protected":false},"author":1,"featured_media":0,"parent":0,"menu_order":0,"comment_status":"open","ping_status":"open","template":"","meta":[],"_links":{"self":[{"href":"https:\/\/www.rppiscinas.com\/es\/wp-json\/wp\/v2\/pages\/2621"}],"collection":[{"href":"https:\/\/www.rppiscinas.com\/es\/wp-json\/wp\/v2\/pages"}],"about":[{"href":"https:\/\/www.rppiscinas.com\/es\/wp-json\/wp\/v2\/types\/page"}],"author":[{"embeddable":true,"href":"https:\/\/www.rppiscinas.com\/es\/wp-json\/wp\/v2\/users\/1"}],"replies":[{"embeddable":true,"href":"https:\/\/www.rppiscinas.com\/es\/wp-json\/wp\/v2\/comments?post=2621"}],"version-history":[{"count":88,"href":"https:\/\/www.rppiscinas.com\/es\/wp-json\/wp\/v2\/pages\/2621\/revisions"}],"predecessor-version":[{"id":4863,"href":"https:\/\/www.rppiscinas.com\/es\/wp-json\/wp\/v2\/pages\/2621\/revisions\/4863"}],"wp:attachment":[{"href":"https:\/\/www.rppiscinas.com\/es\/wp-json\/wp\/v2\/media?parent=2621"}],"curies":[{"name":"wp","href":"https:\/\/api.w.org\/{rel}","templated":true}]}}